 
{"id":86216,"date":"2024-01-04T11:53:44","date_gmt":"2024-01-04T11:53:44","guid":{"rendered":"https:\/\/www.icscoolenergy.com\/ch\/loesungen\/"},"modified":"2024-11-29T07:51:58","modified_gmt":"2024-11-29T07:51:58","slug":"loesungen","status":"publish","type":"page","link":"https:\/\/www.icscoolenergy.com\/ch\/loesungen\/","title":{"rendered":"L\u00f6sungen"},"content":{"rendered":"\n<div style=\"height:40px\" aria-hidden=\"true\" class=\" wp-block-spacer eplus-wrapper\"><\/div>\n\n<div class=\"wp-block-group eplus-wrapper is-content-justification-left is-layout-constrained wp-container-core-group-is-layout-8c890d92 wp-block-group-is-layout-constrained\"><h1 class=\" wp-block-heading eplus-wrapper eplus-styles-uid-641ddf\" id=\"h-solutions\">L\u00d6SUNGEN<\/h1>\n\n\n<p class=\" eplus-wrapper\">Wir sind stolz darauf, in so vielen Branchen und auf so viele verschiedene Arten t\u00e4tig zu sein.\nUnsere Kunden reichen von weltweit f\u00fchrenden Unternehmen bis hin zu KMUs und Boutique-Produzenten.\nF\u00fcr uns gibt es keinen &#8218;typischen Kunden&#8216; &#8211; jeder ist ganz anders.  <\/p>\n\n\n\n<p class=\" eplus-wrapper\">Wir sind stolz darauf, dass unsere Kunden immer wieder zu uns zur\u00fcckkehren, und wir haben viele Beziehungen, die seit 20 Jahren und mehr bestehen.\nAber wir wissen, dass wir nur so gut sind wie unser letzter Auftrag &#8211; und genau deshalb verf\u00fcgen wir \u00fcber branchenf\u00fchrende Qualit\u00e4tskontrollsysteme und investieren fortlaufend in unsere Mitarbeiter, um sicherzustellen, dass wir jedes Mal in Bestform sind. <\/p>\n<\/div>\n\n<div style=\"height:40px\" aria-hidden=\"true\" class=\" wp-block-spacer eplus-wrapper\"><\/div>\n\n<div class=\"wp-block-group eplus-wrapper is-layout-flow wp-block-group-is-layout-flow\"><div class=\"wp-block-columns eplus-wrapper is-layout-flex wp-container-core-columns-is-layout-9d6595d7 wp-block-columns-is-layout-flex eplus-styles-uid-21df7c\">\n<div class=\"card-hover-grey shadow rounded-md cat-card  wp-block-column has-white-background-color has-background ek-linked-block eplus-wrapper is-layout-flow wp-block-column-is-layout-flow\">\n<div class=\"wp-block-group eplus-wrapper is-layout-constrained wp-block-group-is-layout-constrained\">\n<figure class=\"rounded-t-lg is-style-default h-fit wp-block-image size-full eplus-wrapper\"><img loading=\"lazy\" decoding=\"async\" width=\"550\" height=\"303\" src=\"https:\/\/www.icscoolenergy.com\/ch\/wp-content\/uploads\/sites\/11\/2024\/04\/Automotive-Industry-Thumb.jpg\" alt=\"Autoindustrie Daumen\" class=\"wp-image-83838\" style=\"object-fit:cover\" srcset=\"https:\/\/www.icscoolenergy.com\/wp-content\/uploads\/sites\/11\/2024\/04\/Automotive-Industry-Thumb.jpg 550w, https:\/\/www.icscoolenergy.com\/wp-content\/uploads\/sites\/11\/2024\/04\/Automotive-Industry-Thumb-300x165.jpg 300w, https:\/\/www.icscoolenergy.com\/wp-content\/uploads\/sites\/11\/2024\/04\/Automotive-Industry-Thumb-50x28.jpg 50w\" sizes=\"auto, (max-width: 550px) 100vw, 550px\" \/><\/figure>\n\n\n\n<div class=\"px-8 pt-4 pb-8 wp-block-group eplus-wrapper is-layout-constrained wp-block-group-is-layout-constrained\">\n<h5 class=\"wp-block-heading has-text-align-left has-text-color has-link-color eplus-wrapper wp-elements-a866f71bbb484ccd16aa5cb597fec200\" id=\"h-industries\" style=\"color:#323130\">Branchen<\/h5>\n\n\n\n<p class=\" eplus-wrapper\">Entdecken Sie, wie wir einer Vielzahl von Industrien mit ihren Temperaturkontrollger\u00e4ten helfen.<\/p>\n\n\n\n<div class=\"w-full wp-block-buttons eplus-wrapper is-content-justification-center is-layout-flex wp-container-core-buttons-is-layout-16018d1d wp-block-buttons-is-layout-flex\"><div class=\"hover-btn-light-blue w-full is-style-outline card-btn  wp-block-button has-custom-width wp-block-button__width-100 eplus-wrapper is-style-outline--1 eplus-styles-uid-f425b4\"><a class=\"wp-block-button__link has-primary-color has-text-color has-background has-link-color wp-element-button\" style=\"border-radius:100px;background-color:#ffffff00\">Mehr erfahren<\/a><\/div><\/div>\n<\/div>\n<\/div>\n<a href=\"\/solutions\/industry\/\" class=\"editorskit-block-link\" rel=\"\"><\/a><\/div>\n\n\n\n<div class=\"card-hover-grey shadow rounded-md cat-card  wp-block-column has-white-background-color has-background ek-linked-block eplus-wrapper is-layout-flow wp-block-column-is-layout-flow\">\n<div class=\"wp-block-group eplus-wrapper is-layout-constrained wp-block-group-is-layout-constrained\">\n<figure class=\"rounded-t-lg is-style-default h-fit wp-block-image size-full eplus-wrapper\"><img loading=\"lazy\" decoding=\"async\" width=\"550\" height=\"303\" src=\"https:\/\/www.icscoolenergy.com\/ch\/wp-content\/uploads\/sites\/11\/2024\/05\/Trade-thumbnail.jpg\" alt=\"\" class=\"wp-image-84255\" style=\"object-fit:cover\" srcset=\"https:\/\/www.icscoolenergy.com\/wp-content\/uploads\/sites\/11\/2024\/05\/Trade-thumbnail.jpg 550w, https:\/\/www.icscoolenergy.com\/wp-content\/uploads\/sites\/11\/2024\/05\/Trade-thumbnail-300x165.jpg 300w, https:\/\/www.icscoolenergy.com\/wp-content\/uploads\/sites\/11\/2024\/05\/Trade-thumbnail-50x28.jpg 50w\" sizes=\"auto, (max-width: 550px) 100vw, 550px\" \/><\/figure>\n\n\n\n<div class=\"px-8 pt-4 pb-8 wp-block-group eplus-wrapper is-layout-constrained wp-block-group-is-layout-constrained\">\n<h5 class=\"wp-block-heading has-text-align-left has-text-color has-link-color eplus-wrapper wp-elements-2fe1dc52edc67e9fcfd10bffe22cc452\" id=\"h-trade\" style=\"color:#323130\">Handel<\/h5>\n\n\n\n<p class=\" eplus-wrapper\">Unser umfassendes Angebot an Produkten f\u00fcr die Prozesstemperaturkontrolle wurde entwickelt, um Ihr Portfolio zu erweitern.<\/p>\n\n\n\n<div class=\"w-full wp-block-buttons eplus-wrapper is-content-justification-center is-layout-flex wp-container-core-buttons-is-layout-16018d1d wp-block-buttons-is-layout-flex\"><div class=\"hover-btn-light-blue w-full is-style-outline card-btn  wp-block-button has-custom-width wp-block-button__width-100 eplus-wrapper is-style-outline--2 eplus-styles-uid-aab74a\"><a class=\"wp-block-button__link has-primary-color has-text-color has-background has-link-color wp-element-button\" style=\"border-radius:100px;background-color:#ffffff00\">Mehr erfahren<\/a><\/div><\/div>\n<\/div>\n<\/div>\n<a href=\"\/solutions\/trade\/\" class=\"editorskit-block-link\" rel=\"\"><\/a><\/div>\n\n\n\n<div class=\"card-hover-grey shadow rounded-md cat-card  wp-block-column has-white-background-color has-background ek-linked-block eplus-wrapper is-layout-flow wp-block-column-is-layout-flow\">\n<div class=\"wp-block-group eplus-wrapper is-layout-constrained wp-block-group-is-layout-constrained\">\n<figure class=\"rounded-t-lg is-style-default h-fit wp-block-image size-full eplus-wrapper\"><img loading=\"lazy\" decoding=\"async\" width=\"550\" height=\"303\" src=\"https:\/\/www.icscoolenergy.com\/ch\/wp-content\/uploads\/sites\/11\/2024\/05\/OEMs.jpg\" alt=\"\" class=\"wp-image-84250\" style=\"object-fit:cover\" srcset=\"https:\/\/www.icscoolenergy.com\/wp-content\/uploads\/sites\/11\/2024\/05\/OEMs.jpg 550w, https:\/\/www.icscoolenergy.com\/wp-content\/uploads\/sites\/11\/2024\/05\/OEMs-300x165.jpg 300w, https:\/\/www.icscoolenergy.com\/wp-content\/uploads\/sites\/11\/2024\/05\/OEMs-50x28.jpg 50w\" sizes=\"auto, (max-width: 550px) 100vw, 550px\" \/><\/figure>\n\n\n\n<div class=\"px-8 pt-4 pb-8 wp-block-group eplus-wrapper is-layout-constrained wp-block-group-is-layout-constrained\">\n<h5 class=\"wp-block-heading has-text-align-left has-text-color has-link-color eplus-wrapper wp-elements-fea5c22bcba8de6b1ce98ddab46db9b0\" id=\"h-oem-s\" style=\"color:#323130\">OEM&#8217;s<\/h5>\n\n\n\n<p class=\" eplus-wrapper\">Hersteller k\u00f6nnen sich darauf verlassen, dass ihre Produkte bei optimalen Leistungstemperaturen betrieben werden.<\/p>\n\n\n\n<div class=\"w-full wp-block-buttons eplus-wrapper is-content-justification-center is-layout-flex wp-container-core-buttons-is-layout-16018d1d wp-block-buttons-is-layout-flex\"><div class=\"hover-btn-light-blue w-full is-style-outline card-btn  wp-block-button has-custom-width wp-block-button__width-100 eplus-wrapper is-style-outline--3 eplus-styles-uid-85d857\"><a class=\"wp-block-button__link has-primary-color has-text-color has-background has-link-color wp-element-button\" style=\"border-radius:100px;background-color:#ffffff00\">Mehr erfahren<\/a><\/div><\/div>\n<\/div>\n<\/div>\n<a href=\"\/solutions\/oem\/\" class=\"editorskit-block-link\" rel=\"\"><\/a><\/div>\n\n\n\n<div class=\"card-hover-grey shadow rounded-md cat-card  wp-block-column has-white-background-color has-background ek-linked-block eplus-wrapper is-layout-flow wp-block-column-is-layout-flow\">\n<div class=\"wp-block-group eplus-wrapper is-layout-constrained wp-block-group-is-layout-constrained\">\n<figure class=\"rounded-t-lg is-style-default h-fit wp-block-image size-full eplus-wrapper\"><img loading=\"lazy\" decoding=\"async\" width=\"550\" height=\"303\" src=\"https:\/\/www.icscoolenergy.com\/ch\/wp-content\/uploads\/sites\/11\/2024\/05\/Energy-enhancements-thumbnail.jpg\" alt=\"\" class=\"wp-image-84240\" style=\"object-fit:cover\" srcset=\"https:\/\/www.icscoolenergy.com\/wp-content\/uploads\/sites\/11\/2024\/05\/Energy-enhancements-thumbnail.jpg 550w, https:\/\/www.icscoolenergy.com\/wp-content\/uploads\/sites\/11\/2024\/05\/Energy-enhancements-thumbnail-300x165.jpg 300w, https:\/\/www.icscoolenergy.com\/wp-content\/uploads\/sites\/11\/2024\/05\/Energy-enhancements-thumbnail-50x28.jpg 50w\" sizes=\"auto, (max-width: 550px) 100vw, 550px\" \/><\/figure>\n\n\n\n<div class=\"px-8 pt-4 pb-8 wp-block-group eplus-wrapper is-layout-constrained wp-block-group-is-layout-constrained\">\n<h5 class=\"wp-block-heading has-text-align-left has-text-color has-link-color eplus-wrapper wp-elements-362ab185508674226b661810b4163290\" id=\"h-energy-enhancements\" style=\"color:#323130\">Energie-Verbesserungen<\/h5>\n\n\n\n<p class=\" eplus-wrapper\">Verbessern Sie Ihre Anlagen, um Energiekosten zu senken, Emissionen zu reduzieren, die Lebensdauer der Anlagen zu verl\u00e4ngern und das Ausfallrisiko zu verringern.<\/p>\n\n\n\n<div class=\"w-full wp-block-buttons eplus-wrapper is-content-justification-center is-layout-flex wp-container-core-buttons-is-layout-16018d1d wp-block-buttons-is-layout-flex\"><div class=\"hover-btn-light-blue w-full is-style-outline card-btn  wp-block-button has-custom-width wp-block-button__width-100 eplus-wrapper is-style-outline--4 eplus-styles-uid-17ee02\"><a class=\"wp-block-button__link has-primary-color has-text-color has-background has-link-color wp-element-button\" style=\"border-radius:100px;background-color:#ffffff00\">Mehr erfahren<\/a><\/div><\/div>\n<\/div>\n<\/div>\n<a href=\"\/solutions\/energy-enhancements\/\" class=\"editorskit-block-link\" rel=\"\"><\/a><\/div>\n\n\n\n<div class=\"card-hover-grey shadow rounded-md cat-card  wp-block-column has-white-background-color has-background ek-linked-block eplus-wrapper is-layout-flow wp-block-column-is-layout-flow\">\n<div class=\"wp-block-group eplus-wrapper is-layout-constrained wp-block-group-is-layout-constrained\">\n<figure class=\"rounded-t-lg is-style-default h-fit wp-block-image size-full eplus-wrapper\"><img loading=\"lazy\" decoding=\"async\" width=\"550\" height=\"303\" src=\"https:\/\/www.icscoolenergy.com\/ch\/wp-content\/uploads\/sites\/11\/2024\/05\/Flex-CTA-thumbnail.jpg\" alt=\"\" class=\"wp-image-84245\" style=\"object-fit:cover\" srcset=\"https:\/\/www.icscoolenergy.com\/wp-content\/uploads\/sites\/11\/2024\/05\/Flex-CTA-thumbnail.jpg 550w, https:\/\/www.icscoolenergy.com\/wp-content\/uploads\/sites\/11\/2024\/05\/Flex-CTA-thumbnail-300x165.jpg 300w, https:\/\/www.icscoolenergy.com\/wp-content\/uploads\/sites\/11\/2024\/05\/Flex-CTA-thumbnail-50x28.jpg 50w\" sizes=\"auto, (max-width: 550px) 100vw, 550px\" \/><\/figure>\n\n\n\n<div class=\"px-8 pt-4 pb-8 wp-block-group eplus-wrapper is-layout-constrained wp-block-group-is-layout-constrained\">\n<h5 class=\"wp-block-heading has-text-align-left has-text-color has-link-color eplus-wrapper wp-elements-77ea20233570c81da38dd3809b2de767\" id=\"h-flex-subscriptions\" style=\"color:#323130\">Flex-Abonnements<\/h5>\n\n\n\n<p class=\" eplus-wrapper\">Unsere Flex-Mitgliedschaft erm\u00f6glicht es Ihnen, die neueste K\u00fchltechnologie ohne Kapitalinvestitionen zu nutzen.<\/p>\n\n\n\n<div class=\"w-full wp-block-buttons eplus-wrapper is-content-justification-center is-layout-flex wp-container-core-buttons-is-layout-16018d1d wp-block-buttons-is-layout-flex\"><div class=\"hover-btn-light-blue w-full is-style-outline card-btn  wp-block-button has-custom-width wp-block-button__width-100 eplus-wrapper is-style-outline--5 eplus-styles-uid-626417\"><a class=\"wp-block-button__link has-primary-color has-text-color has-background has-link-color wp-element-button\" style=\"border-radius:100px;background-color:#ffffff00\">Mehr erfahren<\/a><\/div><\/div>\n<\/div>\n<\/div>\n<a href=\"\/solutions\/flex\/\" class=\"editorskit-block-link\" rel=\"\"><\/a><\/div>\n<\/div><\/div>\n\n<div style=\"height:40px\" aria-hidden=\"true\" class=\" wp-block-spacer eplus-wrapper\"><\/div>\n","protected":false},"excerpt":{"rendered":"<p>L\u00d6SUNGEN Wir sind stolz darauf, in so vielen Branchen und auf so viele verschiedene Arten t\u00e4tig zu sein. Unsere Kunden reichen von weltweit f\u00fchrenden Unternehmen bis hin zu KMUs und Boutique-Produzenten. F\u00fcr uns gibt es keinen &#8218;typischen Kunden&#8216; &#8211; jeder ist ganz anders. Wir sind stolz darauf, dass unsere Kunden immer wieder zu uns zur\u00fcckkehren, &#8230; <a title=\"L\u00f6sungen\" class=\"read-more\" href=\"https:\/\/www.icscoolenergy.com\/ch\/loesungen\/\" aria-label=\"More on L\u00f6sungen\">Weiterlesen<\/a><\/p>\n","protected":false},"author":1,"featured_media":0,"parent":0,"menu_order":0,"comment_status":"closed","ping_status":"closed","template":"template-1.php","meta":{"_acf_changed":false,"inline_featured_image":false,"_editorskit_title_hidden":false,"_editorskit_reading_time":0,"_editorskit_is_block_options_detached":false,"_editorskit_block_options_position":"{}","editor_plus_copied_stylings":"{}","footnotes":""},"class_list":["post-86216","page","type-page","status-publish"],"acf":[],"yoast_head":"<!-- This site is optimized with the Yoast SEO Premium plugin v24.5 (Yoast SEO v26.9) - https:\/\/yoast.com\/product\/yoast-seo-premium-wordpress\/ -->\n<title>L\u00f6sungen | Switzerland<\/title>\n<meta name=\"robots\" content=\"index, follow, max-snippet:-1, max-image-preview:large, max-video-preview:-1\" \/>\n<link rel=\"canonical\" href=\"https:\/\/www.icscoolenergy.com\/ch\/loesungen\/\" \/>\n<meta property=\"og:locale\" content=\"de_DE\" \/>\n<meta property=\"og:type\" content=\"article\" \/>\n<meta property=\"og:title\" content=\"L\u00f6sungen\" \/>\n<meta property=\"og:description\" content=\"L\u00d6SUNGEN Wir sind stolz darauf, in so vielen Branchen und auf so viele verschiedene Arten t\u00e4tig zu sein. Unsere Kunden reichen von weltweit f\u00fchrenden Unternehmen bis hin zu KMUs und Boutique-Produzenten. F\u00fcr uns gibt es keinen &#8218;typischen Kunden&#8216; &#8211; jeder ist ganz anders. Wir sind stolz darauf, dass unsere Kunden immer wieder zu uns zur\u00fcckkehren, ... Weiterlesen\" \/>\n<meta property=\"og:url\" content=\"https:\/\/www.icscoolenergy.com\/ch\/loesungen\/\" \/>\n<meta property=\"og:site_name\" content=\"Switzerland\" \/>\n<meta property=\"article:modified_time\" content=\"2024-11-29T07:51:58+00:00\" \/>\n<meta property=\"og:image\" content=\"https:\/\/www.icscoolenergy.com\/ch\/wp-content\/uploads\/sites\/11\/2024\/04\/Automotive-Industry-Thumb.jpg\" \/>\n<meta name=\"twitter:card\" content=\"summary_large_image\" \/>\n<meta name=\"twitter:label1\" content=\"Est. reading time\" \/>\n\t<meta name=\"twitter:data1\" content=\"1 Minute\" \/>\n<script type=\"application\/ld+json\" class=\"yoast-schema-graph\">{\"@context\":\"https:\/\/schema.org\",\"@graph\":[{\"@type\":\"WebPage\",\"@id\":\"https:\/\/www.icscoolenergy.com\/ch\/loesungen\/\",\"url\":\"https:\/\/www.icscoolenergy.com\/ch\/loesungen\/\",\"name\":\"L\u00f6sungen | Switzerland\",\"isPartOf\":{\"@id\":\"https:\/\/www.icscoolenergy.com\/ch\/#website\"},\"primaryImageOfPage\":{\"@id\":\"https:\/\/www.icscoolenergy.com\/ch\/loesungen\/#primaryimage\"},\"image\":{\"@id\":\"https:\/\/www.icscoolenergy.com\/ch\/loesungen\/#primaryimage\"},\"thumbnailUrl\":\"https:\/\/www.icscoolenergy.com\/ch\/wp-content\/uploads\/sites\/11\/2024\/04\/Automotive-Industry-Thumb.jpg\",\"datePublished\":\"2024-01-04T11:53:44+00:00\",\"dateModified\":\"2024-11-29T07:51:58+00:00\",\"breadcrumb\":{\"@id\":\"https:\/\/www.icscoolenergy.com\/ch\/loesungen\/#breadcrumb\"},\"inLanguage\":\"de-DE\",\"potentialAction\":[{\"@type\":\"ReadAction\",\"target\":[\"https:\/\/www.icscoolenergy.com\/ch\/loesungen\/\"]}]},{\"@type\":\"ImageObject\",\"inLanguage\":\"de-DE\",\"@id\":\"https:\/\/www.icscoolenergy.com\/ch\/loesungen\/#primaryimage\",\"url\":\"https:\/\/www.icscoolenergy.com\/ch\/wp-content\/uploads\/sites\/11\/2024\/04\/Automotive-Industry-Thumb.jpg\",\"contentUrl\":\"https:\/\/www.icscoolenergy.com\/ch\/wp-content\/uploads\/sites\/11\/2024\/04\/Automotive-Industry-Thumb.jpg\"},{\"@type\":\"BreadcrumbList\",\"@id\":\"https:\/\/www.icscoolenergy.com\/ch\/loesungen\/#breadcrumb\",\"itemListElement\":[{\"@type\":\"ListItem\",\"position\":1,\"name\":\"Home\",\"item\":\"https:\/\/www.icscoolenergy.com\/ch\/\"},{\"@type\":\"ListItem\",\"position\":2,\"name\":\"L\u00f6sungen\"}]},{\"@type\":\"WebSite\",\"@id\":\"https:\/\/www.icscoolenergy.com\/ch\/#website\",\"url\":\"https:\/\/www.icscoolenergy.com\/ch\/\",\"name\":\"ICS Cool Energy\",\"description\":\"The Process Temperature Control Specialists\",\"publisher\":{\"@id\":\"https:\/\/www.icscoolenergy.com\/ch\/#organization\"},\"alternateName\":\"ICS\",\"potentialAction\":[{\"@type\":\"SearchAction\",\"target\":{\"@type\":\"EntryPoint\",\"urlTemplate\":\"https:\/\/www.icscoolenergy.com\/ch\/?s={search_term_string}\"},\"query-input\":{\"@type\":\"PropertyValueSpecification\",\"valueRequired\":true,\"valueName\":\"search_term_string\"}}],\"inLanguage\":\"de-DE\"},{\"@type\":\"Organization\",\"@id\":\"https:\/\/www.icscoolenergy.com\/ch\/#organization\",\"name\":\"ICS Cool Energy\",\"url\":\"https:\/\/www.icscoolenergy.com\/ch\/\",\"logo\":{\"@type\":\"ImageObject\",\"inLanguage\":\"de-DE\",\"@id\":\"https:\/\/www.icscoolenergy.com\/ch\/#\/schema\/logo\/image\/\",\"url\":\"https:\/\/www.icscoolenergy.com\/wp-content\/uploads\/sites\/11\/2024\/01\/ics-cool-energy-logo.svg\",\"contentUrl\":\"https:\/\/www.icscoolenergy.com\/wp-content\/uploads\/sites\/11\/2024\/01\/ics-cool-energy-logo.svg\",\"caption\":\"ICS Cool Energy\"},\"image\":{\"@id\":\"https:\/\/www.icscoolenergy.com\/ch\/#\/schema\/logo\/image\/\"},\"sameAs\":[\"https:\/\/www.linkedin.com\/company\/ics-temperature-control\/\",\"https:\/\/www.youtube.com\/@ICSCoolEnergyLtd\"],\"description\":\"ICS Cool Energy is a market leader for process and critical temperature control solutions that keep all types and sizes of businesses and industry running. Our headquarters are situated in Southampton, with offices throughout the UK and Europe, employing over 250 people in the UK alone.\",\"email\":\"info@icscoolenergy.com\",\"telephone\":\"0800 840 4210\",\"legalName\":\"ICS Cool Energy Limited\",\"numberOfEmployees\":{\"@type\":\"QuantitativeValue\",\"minValue\":\"201\",\"maxValue\":\"500\"}}]}<\/script>\n<!-- \/ Yoast SEO Premium plugin. -->","yoast_head_json":{"title":"L\u00f6sungen | Switzerland","robots":{"index":"index","follow":"follow","max-snippet":"max-snippet:-1","max-image-preview":"max-image-preview:large","max-video-preview":"max-video-preview:-1"},"canonical":"https:\/\/www.icscoolenergy.com\/ch\/loesungen\/","og_locale":"de_DE","og_type":"article","og_title":"L\u00f6sungen","og_description":"L\u00d6SUNGEN Wir sind stolz darauf, in so vielen Branchen und auf so viele verschiedene Arten t\u00e4tig zu sein. Unsere Kunden reichen von weltweit f\u00fchrenden Unternehmen bis hin zu KMUs und Boutique-Produzenten. F\u00fcr uns gibt es keinen &#8218;typischen Kunden&#8216; &#8211; jeder ist ganz anders. Wir sind stolz darauf, dass unsere Kunden immer wieder zu uns zur\u00fcckkehren, ... Weiterlesen","og_url":"https:\/\/www.icscoolenergy.com\/ch\/loesungen\/","og_site_name":"Switzerland","article_modified_time":"2024-11-29T07:51:58+00:00","og_image":[{"url":"https:\/\/www.icscoolenergy.com\/ch\/wp-content\/uploads\/sites\/11\/2024\/04\/Automotive-Industry-Thumb.jpg","type":"","width":"","height":""}],"twitter_card":"summary_large_image","twitter_misc":{"Est. reading time":"1 Minute"},"schema":{"@context":"https:\/\/schema.org","@graph":[{"@type":"WebPage","@id":"https:\/\/www.icscoolenergy.com\/ch\/loesungen\/","url":"https:\/\/www.icscoolenergy.com\/ch\/loesungen\/","name":"L\u00f6sungen | Switzerland","isPartOf":{"@id":"https:\/\/www.icscoolenergy.com\/ch\/#website"},"primaryImageOfPage":{"@id":"https:\/\/www.icscoolenergy.com\/ch\/loesungen\/#primaryimage"},"image":{"@id":"https:\/\/www.icscoolenergy.com\/ch\/loesungen\/#primaryimage"},"thumbnailUrl":"https:\/\/www.icscoolenergy.com\/ch\/wp-content\/uploads\/sites\/11\/2024\/04\/Automotive-Industry-Thumb.jpg","datePublished":"2024-01-04T11:53:44+00:00","dateModified":"2024-11-29T07:51:58+00:00","breadcrumb":{"@id":"https:\/\/www.icscoolenergy.com\/ch\/loesungen\/#breadcrumb"},"inLanguage":"de-DE","potentialAction":[{"@type":"ReadAction","target":["https:\/\/www.icscoolenergy.com\/ch\/loesungen\/"]}]},{"@type":"ImageObject","inLanguage":"de-DE","@id":"https:\/\/www.icscoolenergy.com\/ch\/loesungen\/#primaryimage","url":"https:\/\/www.icscoolenergy.com\/ch\/wp-content\/uploads\/sites\/11\/2024\/04\/Automotive-Industry-Thumb.jpg","contentUrl":"https:\/\/www.icscoolenergy.com\/ch\/wp-content\/uploads\/sites\/11\/2024\/04\/Automotive-Industry-Thumb.jpg"},{"@type":"BreadcrumbList","@id":"https:\/\/www.icscoolenergy.com\/ch\/loesungen\/#breadcrumb","itemListElement":[{"@type":"ListItem","position":1,"name":"Home","item":"https:\/\/www.icscoolenergy.com\/ch\/"},{"@type":"ListItem","position":2,"name":"L\u00f6sungen"}]},{"@type":"WebSite","@id":"https:\/\/www.icscoolenergy.com\/ch\/#website","url":"https:\/\/www.icscoolenergy.com\/ch\/","name":"ICS Cool Energy","description":"The Process Temperature Control Specialists","publisher":{"@id":"https:\/\/www.icscoolenergy.com\/ch\/#organization"},"alternateName":"ICS","potentialAction":[{"@type":"SearchAction","target":{"@type":"EntryPoint","urlTemplate":"https:\/\/www.icscoolenergy.com\/ch\/?s={search_term_string}"},"query-input":{"@type":"PropertyValueSpecification","valueRequired":true,"valueName":"search_term_string"}}],"inLanguage":"de-DE"},{"@type":"Organization","@id":"https:\/\/www.icscoolenergy.com\/ch\/#organization","name":"ICS Cool Energy","url":"https:\/\/www.icscoolenergy.com\/ch\/","logo":{"@type":"ImageObject","inLanguage":"de-DE","@id":"https:\/\/www.icscoolenergy.com\/ch\/#\/schema\/logo\/image\/","url":"https:\/\/www.icscoolenergy.com\/wp-content\/uploads\/sites\/11\/2024\/01\/ics-cool-energy-logo.svg","contentUrl":"https:\/\/www.icscoolenergy.com\/wp-content\/uploads\/sites\/11\/2024\/01\/ics-cool-energy-logo.svg","caption":"ICS Cool Energy"},"image":{"@id":"https:\/\/www.icscoolenergy.com\/ch\/#\/schema\/logo\/image\/"},"sameAs":["https:\/\/www.linkedin.com\/company\/ics-temperature-control\/","https:\/\/www.youtube.com\/@ICSCoolEnergyLtd"],"description":"ICS Cool Energy is a market leader for process and critical temperature control solutions that keep all types and sizes of businesses and industry running. Our headquarters are situated in Southampton, with offices throughout the UK and Europe, employing over 250 people in the UK alone.","email":"info@icscoolenergy.com","telephone":"0800 840 4210","legalName":"ICS Cool Energy Limited","numberOfEmployees":{"@type":"QuantitativeValue","minValue":"201","maxValue":"500"}}]}},"_links":{"self":[{"href":"https:\/\/www.icscoolenergy.com\/ch\/wp-json\/wp\/v2\/pages\/86216","targetHints":{"allow":["GET"]}}],"collection":[{"href":"https:\/\/www.icscoolenergy.com\/ch\/wp-json\/wp\/v2\/pages"}],"about":[{"href":"https:\/\/www.icscoolenergy.com\/ch\/wp-json\/wp\/v2\/types\/page"}],"author":[{"embeddable":true,"href":"https:\/\/www.icscoolenergy.com\/ch\/wp-json\/wp\/v2\/users\/1"}],"replies":[{"embeddable":true,"href":"https:\/\/www.icscoolenergy.com\/ch\/wp-json\/wp\/v2\/comments?post=86216"}],"version-history":[{"count":0,"href":"https:\/\/www.icscoolenergy.com\/ch\/wp-json\/wp\/v2\/pages\/86216\/revisions"}],"wp:attachment":[{"href":"https:\/\/www.icscoolenergy.com\/ch\/wp-json\/wp\/v2\/media?parent=86216"}],"curies":[{"name":"wp","href":"https:\/\/api.w.org\/{rel}","templated":true}]}}