 
{"id":86257,"date":"2024-04-02T15:14:35","date_gmt":"2024-04-02T15:14:35","guid":{"rendered":"https:\/\/www.icscoolenergy.com\/ch\/schluesselfertiges-projektmanagement\/"},"modified":"2024-11-29T07:53:55","modified_gmt":"2024-11-29T07:53:55","slug":"schluesselfertiges-projektmanagement","status":"publish","type":"page","link":"https:\/\/www.icscoolenergy.com\/ch\/service\/schluesselfertiges-projektmanagement\/","title":{"rendered":"Schl\u00fcsselfertiges Projektmanagement"},"content":{"rendered":"\n<div class=\"mb-8 eplus-wrapper wp-block-group is-layout-flow wp-block-group-is-layout-flow\">\n<div class=\"md:relative eplus-wrapper wp-block-group is-layout-flow wp-block-group-is-layout-flow\">\n<div class=\"eplus-wrapper wp-block-cover\" style=\"min-height:451px;aspect-ratio:unset;\"><span aria-hidden=\"true\" class=\"wp-block-cover__background has-background-dim-0 has-background-dim\"><\/span><img loading=\"lazy\" decoding=\"async\" width=\"1980\" height=\"813\" class=\"wp-block-cover__image-background wp-image-84087\" alt=\"Chiller Project Management\" src=\"https:\/\/www.icscoolenergy.com\/ch\/wp-content\/uploads\/sites\/11\/2024\/04\/Chiller-Project-Management.jpg\" data-object-fit=\"cover\" srcset=\"https:\/\/www.icscoolenergy.com\/wp-content\/uploads\/sites\/11\/2024\/04\/Chiller-Project-Management.jpg 1980w, https:\/\/www.icscoolenergy.com\/wp-content\/uploads\/sites\/11\/2024\/04\/Chiller-Project-Management-300x123.jpg 300w, https:\/\/www.icscoolenergy.com\/wp-content\/uploads\/sites\/11\/2024\/04\/Chiller-Project-Management-1024x420.jpg 1024w, https:\/\/www.icscoolenergy.com\/wp-content\/uploads\/sites\/11\/2024\/04\/Chiller-Project-Management-768x315.jpg 768w, https:\/\/www.icscoolenergy.com\/wp-content\/uploads\/sites\/11\/2024\/04\/Chiller-Project-Management-50x21.jpg 50w, https:\/\/www.icscoolenergy.com\/wp-content\/uploads\/sites\/11\/2024\/04\/Chiller-Project-Management-1600x657.jpg 1600w, https:\/\/www.icscoolenergy.com\/wp-content\/uploads\/sites\/11\/2024\/04\/Chiller-Project-Management-1536x631.jpg 1536w, https:\/\/www.icscoolenergy.com\/wp-content\/uploads\/sites\/11\/2024\/04\/Chiller-Project-Management-600x246.jpg 600w\" sizes=\"auto, (max-width: 1980px) 100vw, 1980px\" \/><div class=\"wp-block-cover__inner-container is-layout-flow wp-block-cover-is-layout-flow\">\n<p class=\" has-text-align-center has-large-font-size eplus-wrapper\"><\/p>\n<\/div><\/div>\n\n\n\n<div class=\"rounded-tr-md sm:w-full md:w-[80%] md:h-fit md:top-[80%] relative md:-mt-[10%] z-[1] md:left-0 eplus-wrapper wp-block-group has-background is-layout-constrained wp-block-group-is-layout-constrained\" style=\"background-color:#eaeaef\">\n<h1 class=\"eplus-wrapper pt-8 wp-block-heading has-text-color has-link-color wp-elements-9d2b7ccab9e8e15cf7ff368c67b1ad78\" id=\"h-turnkey-project-management\" style=\"color:#312f5f\">SCHL\u00dcSSELFERTIGES PROJEKTMANAGEMENT<\/h1>\n\n\n\n<p class=\" eplus-wrapper\">Entdecken Sie unseren umfassenden Projektmanagement-Support, der auf Ihre Arbeitsabl\u00e4ufe zugeschnitten ist.<\/p>\n\n\n\n<p class=\" eplus-wrapper\">Unser hauseigenes Design- und Projektmanagementteam arbeitet eng mit Ihnen zusammen, um sicherzustellen, dass Ihre Anlagen zur Prozessk\u00fchlung, Heizung oder Temperaturregelung auf die Gr\u00f6\u00dfe Ihres Standorts, Ihren Betrieb und Ihre Produktionsanforderungen zugeschnitten sind.<\/p>\n\n\n\n<p class=\" eplus-wrapper\">Wo immer wir k\u00f6nnen, geben wir Ihnen Empfehlungen, wie Sie Energie und Geld sparen k\u00f6nnen, ohne dass die Qualit\u00e4t Ihrer Arbeit darunter leidet.<\/p>\n\n\n\n<p class=\" eplus-wrapper\">Als f\u00fchrendes Unternehmen f\u00fcr die Installation von K\u00e4ltemaschinen in Gro\u00dfbritannien und mit der gr\u00f6\u00dften verf\u00fcgbaren Flotte an Ger\u00e4ten k\u00f6nnen wir vor\u00fcbergehende L\u00f6sungen anbieten, w\u00e4hrend wir Ihre Installation abschlie\u00dfen.<\/p>\n\n\n\n<p class=\" eplus-wrapper\">Wir wissen, wie wichtig Ihre Ger\u00e4te f\u00fcr Ihre Produktion sind, und sorgen bei jeder Installation daf\u00fcr, dass sie f\u00fcr die laufende Wartung leicht zug\u00e4nglich sind. Auch darum k\u00f6nnen wir uns f\u00fcr Sie k\u00fcmmern.<\/p>\n\n\n\n<p class=\" eplus-wrapper\">Jedes Projekt kann abgeschlossen werden, so dass Sie vor Ort ankommen und sich auf Ihre Produktion konzentrieren k\u00f6nnen, ohne dass es zu Problemen kommt.<\/p>\n<\/div>\n<\/div>\n\n\n\n<div style=\"height:60px\" aria-hidden=\"true\" class=\"xs:hidden md:block eplus-wrapper wp-block-spacer\"><\/div>\n<\/div>\n\n<div class=\"wp-block-group eplus-wrapper is-layout-flow wp-block-group-is-layout-flow\"><div class=\"items-center md:flex xs:grid wp-block-columns eplus-wrapper is-layout-flex wp-container-core-columns-is-layout-9d6595d7 wp-block-columns-is-layout-flex eplus-styles-uid-2aee3b\">\n<div class=\"xs:order-2 md:order-2 xs:w-full md:w-6\/12 xs:mb-12 md:mb-0 wp-block-column eplus-wrapper is-layout-flow wp-block-column-is-layout-flow\">\n<figure class=\" wp-block-image size-full is-resized eplus-wrapper\"><img loading=\"lazy\" decoding=\"async\" width=\"720\" height=\"567\" src=\"https:\/\/www.icscoolenergy.com\/ch\/wp-content\/uploads\/sites\/11\/2024\/04\/Chiller-Turnkey-Project-Management.jpg\" alt=\"K\u00e4ltemaschine Turnkey-Projektmanagement\" class=\"wp-image-84093\" style=\"width:720px\" srcset=\"https:\/\/www.icscoolenergy.com\/wp-content\/uploads\/sites\/11\/2024\/04\/Chiller-Turnkey-Project-Management.jpg 720w, https:\/\/www.icscoolenergy.com\/wp-content\/uploads\/sites\/11\/2024\/04\/Chiller-Turnkey-Project-Management-300x236.jpg 300w, https:\/\/www.icscoolenergy.com\/wp-content\/uploads\/sites\/11\/2024\/04\/Chiller-Turnkey-Project-Management-50x39.jpg 50w, https:\/\/www.icscoolenergy.com\/wp-content\/uploads\/sites\/11\/2024\/04\/Chiller-Turnkey-Project-Management-600x473.jpg 600w\" sizes=\"auto, (max-width: 720px) 100vw, 720px\" \/><\/figure>\n<\/div>\n\n\n\n<div class=\"xs:order-1 md:order-1 xs:w-full md:w-6\/12 wp-block-column eplus-wrapper is-layout-flow wp-block-column-is-layout-flow\">\n<h3 class=\" wp-block-heading eplus-wrapper\" id=\"h-our-team-will-project-manage\"><strong>UNSER TEAM WIRD DAS PROJEKT VERWALTEN<\/strong><\/h3>\n\n\n\n<div class=\"wp-block-group eplus-wrapper is-content-justification-left is-nowrap is-layout-flex wp-container-core-group-is-layout-f56a869c wp-block-group-is-layout-flex\">\n<figure class=\" wp-block-image size-large is-resized eplus-wrapper\"><img loading=\"lazy\" decoding=\"async\" width=\"87\" height=\"100\" src=\"https:\/\/www.icscoolenergy.com\/ch\/wp-content\/uploads\/sites\/11\/2024\/04\/Icons-2024_compliance.svg\" alt=\"\" class=\"wp-image-79453\" style=\"width:28px;height:auto\"><\/figure>\n\n\n\n<p class=\"has-text-align-left has-text-color has-link-color eplus-wrapper wp-elements-15709638d53883c10e046726d1b400ac\" style=\"color:#323130\">Lieferung zum Standort<\/p>\n<\/div>\n\n\n\n<div style=\"height:8px\" aria-hidden=\"true\" class=\" wp-block-spacer eplus-wrapper\"><\/div>\n\n\n\n<div class=\"wp-block-group eplus-wrapper is-content-justification-left is-nowrap is-layout-flex wp-container-core-group-is-layout-f56a869c wp-block-group-is-layout-flex\">\n<figure class=\" wp-block-image size-large is-resized eplus-wrapper\"><img loading=\"lazy\" decoding=\"async\" width=\"87\" height=\"100\" src=\"https:\/\/www.icscoolenergy.com\/ch\/wp-content\/uploads\/sites\/11\/2024\/04\/Icons-2024_compliance.svg\" alt=\"\" class=\"wp-image-79453\" style=\"width:28px;height:auto\"><\/figure>\n\n\n\n<p class=\"has-text-align-left has-text-color has-link-color eplus-wrapper wp-elements-af0258c371b83952ba7bf2ae651b376c\" style=\"color:#323130\">Entfernung der \u00fcberfl\u00fcssigen Ger\u00e4te, Stilllegung und ethische Entsorgung.<\/p>\n<\/div>\n\n\n\n<div style=\"height:8px\" aria-hidden=\"true\" class=\" wp-block-spacer eplus-wrapper\"><\/div>\n\n\n\n<div class=\"wp-block-group eplus-wrapper is-content-justification-left is-nowrap is-layout-flex wp-container-core-group-is-layout-f56a869c wp-block-group-is-layout-flex\">\n<figure class=\" wp-block-image size-large is-resized eplus-wrapper\"><img loading=\"lazy\" decoding=\"async\" width=\"87\" height=\"100\" src=\"https:\/\/www.icscoolenergy.com\/ch\/wp-content\/uploads\/sites\/11\/2024\/04\/Icons-2024_compliance.svg\" alt=\"\" class=\"wp-image-79453\" style=\"width:28px;height:auto\"><\/figure>\n\n\n\n<p class=\"has-text-align-left has-text-color has-link-color eplus-wrapper wp-elements-d48d46a81f8cfb9c8b885fa7b1af18d4\" style=\"color:#323130\">Vollst\u00e4ndig verschwei\u00dfte\/eingepre\u00dfte\/ABS-Rohrleitungen und W\u00e4rmed\u00e4mmung sowie eine Zwischengeschosskonstruktion.<\/p>\n<\/div>\n\n\n\n<div style=\"height:8px\" aria-hidden=\"true\" class=\" wp-block-spacer eplus-wrapper\"><\/div>\n\n\n\n<div class=\"wp-block-group eplus-wrapper is-content-justification-left is-nowrap is-layout-flex wp-container-core-group-is-layout-f56a869c wp-block-group-is-layout-flex\">\n<figure class=\" wp-block-image size-large is-resized eplus-wrapper\"><img loading=\"lazy\" decoding=\"async\" width=\"87\" height=\"100\" src=\"https:\/\/www.icscoolenergy.com\/ch\/wp-content\/uploads\/sites\/11\/2024\/04\/Icons-2024_compliance.svg\" alt=\"\" class=\"wp-image-79453\" style=\"width:28px;height:auto\"><\/figure>\n\n\n\n<p class=\"has-text-align-left has-text-color has-link-color eplus-wrapper wp-elements-e6810321ec2bf174c049f8222e162a4a\" style=\"color:#323130\">Tanks, Pumpen, W\u00e4rmetauscher und Rohrleitungen.<\/p>\n<\/div>\n\n\n\n<div style=\"height:8px\" aria-hidden=\"true\" class=\" wp-block-spacer eplus-wrapper\"><\/div>\n\n\n\n<div class=\"wp-block-group eplus-wrapper is-content-justification-left is-nowrap is-layout-flex wp-container-core-group-is-layout-f56a869c wp-block-group-is-layout-flex\">\n<figure class=\" wp-block-image size-large is-resized eplus-wrapper\"><img loading=\"lazy\" decoding=\"async\" width=\"87\" height=\"100\" src=\"https:\/\/www.icscoolenergy.com\/ch\/wp-content\/uploads\/sites\/11\/2024\/04\/Icons-2024_compliance.svg\" alt=\"\" class=\"wp-image-79453\" style=\"width:28px;height:auto\"><\/figure>\n\n\n\n<p class=\"has-text-align-left has-text-color has-link-color eplus-wrapper wp-elements-35d5c3529d6f6c73ce5f77782442f96c\" style=\"color:#323130\">Kompletter Kranlift f\u00fcr K\u00e4ltemaschinen und Peripherieger\u00e4te.<\/p>\n<\/div>\n\n\n\n<div style=\"height:8px\" aria-hidden=\"true\" class=\" wp-block-spacer eplus-wrapper\"><\/div>\n\n\n\n<div class=\"wp-block-group eplus-wrapper is-content-justification-left is-nowrap is-layout-flex wp-container-core-group-is-layout-f56a869c wp-block-group-is-layout-flex\">\n<figure class=\" wp-block-image size-large is-resized eplus-wrapper\"><img loading=\"lazy\" decoding=\"async\" width=\"87\" height=\"100\" src=\"https:\/\/www.icscoolenergy.com\/ch\/wp-content\/uploads\/sites\/11\/2024\/04\/Icons-2024_compliance.svg\" alt=\"\" class=\"wp-image-79453\" style=\"width:28px;height:auto\"><\/figure>\n\n\n\n<p class=\"has-text-align-left has-text-color has-link-color eplus-wrapper wp-elements-3da5eb3ebb9d10e484bc3c94673ed675\" style=\"color:#323130\">Elektroinstallation, BMS-Integration und Herstellung von Schalttafeln nach Ma\u00df.<\/p>\n<\/div>\n<\/div>\n<\/div><\/div>\n\n<div style=\"height:80px\" aria-hidden=\"true\" class=\" wp-block-spacer eplus-wrapper\"><\/div>\n\n<div class=\" wp-block-cover alignfull is-light eplus-wrapper\" style=\"min-height:756px;aspect-ratio:unset;\"><span aria-hidden=\"true\" class=\"wp-block-cover__background has-white-background-color has-background-dim-100 has-background-dim\"><\/span><div class=\"wp-block-cover__inner-container is-layout-constrained wp-block-cover-is-layout-constrained\">\n<div style=\"height:80px\" aria-hidden=\"true\" class=\" wp-block-spacer eplus-wrapper\"><\/div>\n\n\n\n<div class=\"wp-block-group eplus-wrapper is-layout-constrained wp-block-group-is-layout-constrained\">\n<h3 class=\"wp-block-heading has-text-align-center has-text-color has-link-color eplus-wrapper wp-elements-27e4dee3fb463b5c9aa5b6a8c43bf27a\" id=\"h-free-cooling-installation\" style=\"color:#312f5f;text-transform:uppercase\"><strong>FREIE K\u00dcHLINSTALLATION<\/strong><\/h3>\n\n\n\n<p class=\" has-text-align-center eplus-wrapper\">Was auch immer Ihre Herausforderung bei der Temperaturkontrolle ist, wir k\u00f6nnen Ihnen helfen, sie zu meistern.<\/p>\n<\/div>\n\n\n\n<figure class=\"wp-embed-aspect-16-9 wp-has-aspect-ratio wp-block-embed is-type-video is-provider-youtube wp-block-embed-youtube eplus-wrapper\"><div class=\"wp-block-embed__wrapper\">\n<iframe loading=\"lazy\" title=\"Free Cooling &amp; Chiller Installation\" width=\"1200\" height=\"675\" src=\"https:\/\/www.youtube.com\/embed\/uPrOtIRH4hk?feature=oembed\" frameborder=\"0\" allow=\"accelerometer; autoplay; clipboard-write; encrypted-media; gyroscope; picture-in-picture; web-share\" referrerpolicy=\"strict-origin-when-cross-origin\" allowfullscreen><\/iframe>\n<\/div><\/figure>\n\n\n\n<div style=\"height:30px\" aria-hidden=\"true\" class=\" wp-block-spacer eplus-wrapper\"><\/div>\n<\/div><\/div>\n","protected":false},"excerpt":{"rendered":"<p>SCHL\u00dcSSELFERTIGES PROJEKTMANAGEMENT Entdecken Sie unseren umfassenden Projektmanagement-Support, der auf Ihre Arbeitsabl\u00e4ufe zugeschnitten ist. Unser hauseigenes Design- und Projektmanagementteam arbeitet eng mit Ihnen zusammen, um sicherzustellen, dass Ihre Anlagen zur Prozessk\u00fchlung, Heizung oder Temperaturregelung auf die Gr\u00f6\u00dfe Ihres Standorts, Ihren Betrieb und Ihre Produktionsanforderungen zugeschnitten sind. Wo immer wir k\u00f6nnen, geben wir Ihnen Empfehlungen, wie Sie &#8230; <a title=\"Schl\u00fcsselfertiges Projektmanagement\" class=\"read-more\" href=\"https:\/\/www.icscoolenergy.com\/ch\/service\/schluesselfertiges-projektmanagement\/\" aria-label=\"More on Schl\u00fcsselfertiges Projektmanagement\">Weiterlesen<\/a><\/p>\n","protected":false},"author":1,"featured_media":0,"parent":86407,"menu_order":0,"comment_status":"closed","ping_status":"closed","template":"template-1.php","meta":{"_acf_changed":false,"inline_featured_image":false,"_editorskit_title_hidden":false,"_editorskit_reading_time":0,"_editorskit_is_block_options_detached":false,"_editorskit_block_options_position":"{}","editor_plus_copied_stylings":"{}","footnotes":""},"class_list":["post-86257","page","type-page","status-publish"],"acf":[],"yoast_head":"<!-- This site is optimized with the Yoast SEO Premium plugin v24.5 (Yoast SEO v26.9) - https:\/\/yoast.com\/product\/yoast-seo-premium-wordpress\/ -->\n<title>Schl\u00fcsselfertiges Projektmanagement | Switzerland<\/title>\n<meta name=\"robots\" content=\"index, follow, max-snippet:-1, max-image-preview:large, max-video-preview:-1\" \/>\n<link rel=\"canonical\" href=\"https:\/\/www.icscoolenergy.com\/ch\/service\/schluesselfertiges-projektmanagement\/\" \/>\n<meta property=\"og:locale\" content=\"de_DE\" \/>\n<meta property=\"og:type\" content=\"article\" \/>\n<meta property=\"og:title\" content=\"Schl\u00fcsselfertiges Projektmanagement\" \/>\n<meta property=\"og:description\" content=\"SCHL\u00dcSSELFERTIGES PROJEKTMANAGEMENT Entdecken Sie unseren umfassenden Projektmanagement-Support, der auf Ihre Arbeitsabl\u00e4ufe zugeschnitten ist. Unser hauseigenes Design- und Projektmanagementteam arbeitet eng mit Ihnen zusammen, um sicherzustellen, dass Ihre Anlagen zur Prozessk\u00fchlung, Heizung oder Temperaturregelung auf die Gr\u00f6\u00dfe Ihres Standorts, Ihren Betrieb und Ihre Produktionsanforderungen zugeschnitten sind. Wo immer wir k\u00f6nnen, geben wir Ihnen Empfehlungen, wie Sie ... Weiterlesen\" \/>\n<meta property=\"og:url\" content=\"https:\/\/www.icscoolenergy.com\/ch\/service\/schluesselfertiges-projektmanagement\/\" \/>\n<meta property=\"og:site_name\" content=\"Switzerland\" \/>\n<meta property=\"article:modified_time\" content=\"2024-11-29T07:53:55+00:00\" \/>\n<meta property=\"og:image\" content=\"https:\/\/www.icscoolenergy.com\/ch\/wp-content\/uploads\/sites\/11\/2024\/04\/Chiller-Project-Management.jpg\" \/>\n<meta name=\"twitter:card\" content=\"summary_large_image\" \/>\n<meta name=\"twitter:label1\" content=\"Est. reading time\" \/>\n\t<meta name=\"twitter:data1\" content=\"1 Minute\" \/>\n<script type=\"application\/ld+json\" class=\"yoast-schema-graph\">{\"@context\":\"https:\/\/schema.org\",\"@graph\":[{\"@type\":\"WebPage\",\"@id\":\"https:\/\/www.icscoolenergy.com\/ch\/service\/schluesselfertiges-projektmanagement\/\",\"url\":\"https:\/\/www.icscoolenergy.com\/ch\/service\/schluesselfertiges-projektmanagement\/\",\"name\":\"Schl\u00fcsselfertiges Projektmanagement | Switzerland\",\"isPartOf\":{\"@id\":\"https:\/\/www.icscoolenergy.com\/ch\/#website\"},\"primaryImageOfPage\":{\"@id\":\"https:\/\/www.icscoolenergy.com\/ch\/service\/schluesselfertiges-projektmanagement\/#primaryimage\"},\"image\":{\"@id\":\"https:\/\/www.icscoolenergy.com\/ch\/service\/schluesselfertiges-projektmanagement\/#primaryimage\"},\"thumbnailUrl\":\"https:\/\/www.icscoolenergy.com\/ch\/wp-content\/uploads\/sites\/11\/2024\/04\/Chiller-Project-Management.jpg\",\"datePublished\":\"2024-04-02T15:14:35+00:00\",\"dateModified\":\"2024-11-29T07:53:55+00:00\",\"breadcrumb\":{\"@id\":\"https:\/\/www.icscoolenergy.com\/ch\/service\/schluesselfertiges-projektmanagement\/#breadcrumb\"},\"inLanguage\":\"de-DE\",\"potentialAction\":[{\"@type\":\"ReadAction\",\"target\":[\"https:\/\/www.icscoolenergy.com\/ch\/service\/schluesselfertiges-projektmanagement\/\"]}]},{\"@type\":\"ImageObject\",\"inLanguage\":\"de-DE\",\"@id\":\"https:\/\/www.icscoolenergy.com\/ch\/service\/schluesselfertiges-projektmanagement\/#primaryimage\",\"url\":\"https:\/\/www.icscoolenergy.com\/ch\/wp-content\/uploads\/sites\/11\/2024\/04\/Chiller-Project-Management.jpg\",\"contentUrl\":\"https:\/\/www.icscoolenergy.com\/ch\/wp-content\/uploads\/sites\/11\/2024\/04\/Chiller-Project-Management.jpg\"},{\"@type\":\"BreadcrumbList\",\"@id\":\"https:\/\/www.icscoolenergy.com\/ch\/service\/schluesselfertiges-projektmanagement\/#breadcrumb\",\"itemListElement\":[{\"@type\":\"ListItem\",\"position\":1,\"name\":\"Home\",\"item\":\"https:\/\/www.icscoolenergy.com\/ch\/\"},{\"@type\":\"ListItem\",\"position\":2,\"name\":\"Service\",\"item\":\"https:\/\/www.icscoolenergy.com\/ch\/service\/\"},{\"@type\":\"ListItem\",\"position\":3,\"name\":\"Schl\u00fcsselfertiges Projektmanagement\"}]},{\"@type\":\"WebSite\",\"@id\":\"https:\/\/www.icscoolenergy.com\/ch\/#website\",\"url\":\"https:\/\/www.icscoolenergy.com\/ch\/\",\"name\":\"ICS Cool Energy\",\"description\":\"The Process Temperature Control Specialists\",\"publisher\":{\"@id\":\"https:\/\/www.icscoolenergy.com\/ch\/#organization\"},\"alternateName\":\"ICS\",\"potentialAction\":[{\"@type\":\"SearchAction\",\"target\":{\"@type\":\"EntryPoint\",\"urlTemplate\":\"https:\/\/www.icscoolenergy.com\/ch\/?s={search_term_string}\"},\"query-input\":{\"@type\":\"PropertyValueSpecification\",\"valueRequired\":true,\"valueName\":\"search_term_string\"}}],\"inLanguage\":\"de-DE\"},{\"@type\":\"Organization\",\"@id\":\"https:\/\/www.icscoolenergy.com\/ch\/#organization\",\"name\":\"ICS Cool Energy\",\"url\":\"https:\/\/www.icscoolenergy.com\/ch\/\",\"logo\":{\"@type\":\"ImageObject\",\"inLanguage\":\"de-DE\",\"@id\":\"https:\/\/www.icscoolenergy.com\/ch\/#\/schema\/logo\/image\/\",\"url\":\"https:\/\/www.icscoolenergy.com\/wp-content\/uploads\/sites\/11\/2024\/01\/ics-cool-energy-logo.svg\",\"contentUrl\":\"https:\/\/www.icscoolenergy.com\/wp-content\/uploads\/sites\/11\/2024\/01\/ics-cool-energy-logo.svg\",\"caption\":\"ICS Cool Energy\"},\"image\":{\"@id\":\"https:\/\/www.icscoolenergy.com\/ch\/#\/schema\/logo\/image\/\"},\"sameAs\":[\"https:\/\/www.linkedin.com\/company\/ics-temperature-control\/\",\"https:\/\/www.youtube.com\/@ICSCoolEnergyLtd\"],\"description\":\"ICS Cool Energy is a market leader for process and critical temperature control solutions that keep all types and sizes of businesses and industry running. Our headquarters are situated in Southampton, with offices throughout the UK and Europe, employing over 250 people in the UK alone.\",\"email\":\"info@icscoolenergy.com\",\"telephone\":\"0800 840 4210\",\"legalName\":\"ICS Cool Energy Limited\",\"numberOfEmployees\":{\"@type\":\"QuantitativeValue\",\"minValue\":\"201\",\"maxValue\":\"500\"}}]}<\/script>\n<!-- \/ Yoast SEO Premium plugin. -->","yoast_head_json":{"title":"Schl\u00fcsselfertiges Projektmanagement | Switzerland","robots":{"index":"index","follow":"follow","max-snippet":"max-snippet:-1","max-image-preview":"max-image-preview:large","max-video-preview":"max-video-preview:-1"},"canonical":"https:\/\/www.icscoolenergy.com\/ch\/service\/schluesselfertiges-projektmanagement\/","og_locale":"de_DE","og_type":"article","og_title":"Schl\u00fcsselfertiges Projektmanagement","og_description":"SCHL\u00dcSSELFERTIGES PROJEKTMANAGEMENT Entdecken Sie unseren umfassenden Projektmanagement-Support, der auf Ihre Arbeitsabl\u00e4ufe zugeschnitten ist. Unser hauseigenes Design- und Projektmanagementteam arbeitet eng mit Ihnen zusammen, um sicherzustellen, dass Ihre Anlagen zur Prozessk\u00fchlung, Heizung oder Temperaturregelung auf die Gr\u00f6\u00dfe Ihres Standorts, Ihren Betrieb und Ihre Produktionsanforderungen zugeschnitten sind. Wo immer wir k\u00f6nnen, geben wir Ihnen Empfehlungen, wie Sie ... Weiterlesen","og_url":"https:\/\/www.icscoolenergy.com\/ch\/service\/schluesselfertiges-projektmanagement\/","og_site_name":"Switzerland","article_modified_time":"2024-11-29T07:53:55+00:00","og_image":[{"url":"https:\/\/www.icscoolenergy.com\/ch\/wp-content\/uploads\/sites\/11\/2024\/04\/Chiller-Project-Management.jpg","type":"","width":"","height":""}],"twitter_card":"summary_large_image","twitter_misc":{"Est. reading time":"1 Minute"},"schema":{"@context":"https:\/\/schema.org","@graph":[{"@type":"WebPage","@id":"https:\/\/www.icscoolenergy.com\/ch\/service\/schluesselfertiges-projektmanagement\/","url":"https:\/\/www.icscoolenergy.com\/ch\/service\/schluesselfertiges-projektmanagement\/","name":"Schl\u00fcsselfertiges Projektmanagement | Switzerland","isPartOf":{"@id":"https:\/\/www.icscoolenergy.com\/ch\/#website"},"primaryImageOfPage":{"@id":"https:\/\/www.icscoolenergy.com\/ch\/service\/schluesselfertiges-projektmanagement\/#primaryimage"},"image":{"@id":"https:\/\/www.icscoolenergy.com\/ch\/service\/schluesselfertiges-projektmanagement\/#primaryimage"},"thumbnailUrl":"https:\/\/www.icscoolenergy.com\/ch\/wp-content\/uploads\/sites\/11\/2024\/04\/Chiller-Project-Management.jpg","datePublished":"2024-04-02T15:14:35+00:00","dateModified":"2024-11-29T07:53:55+00:00","breadcrumb":{"@id":"https:\/\/www.icscoolenergy.com\/ch\/service\/schluesselfertiges-projektmanagement\/#breadcrumb"},"inLanguage":"de-DE","potentialAction":[{"@type":"ReadAction","target":["https:\/\/www.icscoolenergy.com\/ch\/service\/schluesselfertiges-projektmanagement\/"]}]},{"@type":"ImageObject","inLanguage":"de-DE","@id":"https:\/\/www.icscoolenergy.com\/ch\/service\/schluesselfertiges-projektmanagement\/#primaryimage","url":"https:\/\/www.icscoolenergy.com\/ch\/wp-content\/uploads\/sites\/11\/2024\/04\/Chiller-Project-Management.jpg","contentUrl":"https:\/\/www.icscoolenergy.com\/ch\/wp-content\/uploads\/sites\/11\/2024\/04\/Chiller-Project-Management.jpg"},{"@type":"BreadcrumbList","@id":"https:\/\/www.icscoolenergy.com\/ch\/service\/schluesselfertiges-projektmanagement\/#breadcrumb","itemListElement":[{"@type":"ListItem","position":1,"name":"Home","item":"https:\/\/www.icscoolenergy.com\/ch\/"},{"@type":"ListItem","position":2,"name":"Service","item":"https:\/\/www.icscoolenergy.com\/ch\/service\/"},{"@type":"ListItem","position":3,"name":"Schl\u00fcsselfertiges Projektmanagement"}]},{"@type":"WebSite","@id":"https:\/\/www.icscoolenergy.com\/ch\/#website","url":"https:\/\/www.icscoolenergy.com\/ch\/","name":"ICS Cool Energy","description":"The Process Temperature Control Specialists","publisher":{"@id":"https:\/\/www.icscoolenergy.com\/ch\/#organization"},"alternateName":"ICS","potentialAction":[{"@type":"SearchAction","target":{"@type":"EntryPoint","urlTemplate":"https:\/\/www.icscoolenergy.com\/ch\/?s={search_term_string}"},"query-input":{"@type":"PropertyValueSpecification","valueRequired":true,"valueName":"search_term_string"}}],"inLanguage":"de-DE"},{"@type":"Organization","@id":"https:\/\/www.icscoolenergy.com\/ch\/#organization","name":"ICS Cool Energy","url":"https:\/\/www.icscoolenergy.com\/ch\/","logo":{"@type":"ImageObject","inLanguage":"de-DE","@id":"https:\/\/www.icscoolenergy.com\/ch\/#\/schema\/logo\/image\/","url":"https:\/\/www.icscoolenergy.com\/wp-content\/uploads\/sites\/11\/2024\/01\/ics-cool-energy-logo.svg","contentUrl":"https:\/\/www.icscoolenergy.com\/wp-content\/uploads\/sites\/11\/2024\/01\/ics-cool-energy-logo.svg","caption":"ICS Cool Energy"},"image":{"@id":"https:\/\/www.icscoolenergy.com\/ch\/#\/schema\/logo\/image\/"},"sameAs":["https:\/\/www.linkedin.com\/company\/ics-temperature-control\/","https:\/\/www.youtube.com\/@ICSCoolEnergyLtd"],"description":"ICS Cool Energy is a market leader for process and critical temperature control solutions that keep all types and sizes of businesses and industry running. Our headquarters are situated in Southampton, with offices throughout the UK and Europe, employing over 250 people in the UK alone.","email":"info@icscoolenergy.com","telephone":"0800 840 4210","legalName":"ICS Cool Energy Limited","numberOfEmployees":{"@type":"QuantitativeValue","minValue":"201","maxValue":"500"}}]}},"_links":{"self":[{"href":"https:\/\/www.icscoolenergy.com\/ch\/wp-json\/wp\/v2\/pages\/86257","targetHints":{"allow":["GET"]}}],"collection":[{"href":"https:\/\/www.icscoolenergy.com\/ch\/wp-json\/wp\/v2\/pages"}],"about":[{"href":"https:\/\/www.icscoolenergy.com\/ch\/wp-json\/wp\/v2\/types\/page"}],"author":[{"embeddable":true,"href":"https:\/\/www.icscoolenergy.com\/ch\/wp-json\/wp\/v2\/users\/1"}],"replies":[{"embeddable":true,"href":"https:\/\/www.icscoolenergy.com\/ch\/wp-json\/wp\/v2\/comments?post=86257"}],"version-history":[{"count":0,"href":"https:\/\/www.icscoolenergy.com\/ch\/wp-json\/wp\/v2\/pages\/86257\/revisions"}],"up":[{"embeddable":true,"href":"https:\/\/www.icscoolenergy.com\/ch\/wp-json\/wp\/v2\/pages\/86407"}],"wp:attachment":[{"href":"https:\/\/www.icscoolenergy.com\/ch\/wp-json\/wp\/v2\/media?parent=86257"}],"curies":[{"name":"wp","href":"https:\/\/api.w.org\/{rel}","templated":true}]}}