 
{"id":86285,"date":"2024-04-05T09:38:03","date_gmt":"2024-04-05T09:38:03","guid":{"rendered":"https:\/\/www.icscoolenergy.com\/ch\/kuehler-reparatur\/"},"modified":"2024-11-29T07:53:56","modified_gmt":"2024-11-29T07:53:56","slug":"kuehler-reparatur","status":"publish","type":"page","link":"https:\/\/www.icscoolenergy.com\/ch\/service\/kuehler-reparatur\/","title":{"rendered":"K\u00fchler-Reparatur"},"content":{"rendered":"<div class=\" wp-block-cover alignfull eplus-wrapper eplus-styles-uid-98e0ba\" style=\"margin-top:0;min-height:650px;aspect-ratio:unset;\"><span aria-hidden=\"true\" class=\"wp-block-cover__background has-background-dim wp-block-cover__gradient-background has-background-gradient\" style=\"background:linear-gradient(145deg,rgb(49,47,95) 0%,rgba(49,46,94,0) 100%)\"><\/span><img decoding=\"async\" width=\"1980\" height=\"1559\" class=\"wp-block-cover__image-background wp-image-84077\" alt=\"Chiller Repairs Support\" src=\"https:\/\/www.icscoolenergy.com\/ch\/wp-content\/uploads\/sites\/11\/2024\/04\/Chiller-Repairs-Support.jpg\" data-object-fit=\"cover\" srcset=\"https:\/\/www.icscoolenergy.com\/wp-content\/uploads\/sites\/11\/2024\/04\/Chiller-Repairs-Support.jpg 1980w, https:\/\/www.icscoolenergy.com\/wp-content\/uploads\/sites\/11\/2024\/04\/Chiller-Repairs-Support-300x236.jpg 300w, https:\/\/www.icscoolenergy.com\/wp-content\/uploads\/sites\/11\/2024\/04\/Chiller-Repairs-Support-1024x806.jpg 1024w, https:\/\/www.icscoolenergy.com\/wp-content\/uploads\/sites\/11\/2024\/04\/Chiller-Repairs-Support-768x605.jpg 768w, https:\/\/www.icscoolenergy.com\/wp-content\/uploads\/sites\/11\/2024\/04\/Chiller-Repairs-Support-50x39.jpg 50w, https:\/\/www.icscoolenergy.com\/wp-content\/uploads\/sites\/11\/2024\/04\/Chiller-Repairs-Support-1600x1260.jpg 1600w, https:\/\/www.icscoolenergy.com\/wp-content\/uploads\/sites\/11\/2024\/04\/Chiller-Repairs-Support-1536x1209.jpg 1536w, https:\/\/www.icscoolenergy.com\/wp-content\/uploads\/sites\/11\/2024\/04\/Chiller-Repairs-Support-600x472.jpg 600w\" sizes=\"(max-width: 1980px) 100vw, 1980px\" \/><div class=\"wp-block-cover__inner-container is-layout-flow wp-block-cover-is-layout-flow\">\n<div class=\"px-[28px] 2xl:max-w-[1632px] lg:px-[144px] md:px-[77px] sm:px-[77px] mb:px-[56px] xs:px-[28px] mx-auto wp-block-group eplus-wrapper is-layout-flow wp-block-group-is-layout-flow\"><div class=\"md:py-28 xs:py-12 xs:block lg:flex wp-block-columns are-vertically-aligned-top eplus-wrapper is-layout-flex wp-container-core-columns-is-layout-9d6595d7 wp-block-columns-is-layout-flex eplus-styles-uid-92aa8d\">\n<div class=\"wp-block-column is-vertically-aligned-top eplus-wrapper is-layout-flow wp-block-column-is-layout-flow\"><h1 class=\" wp-block-heading eplus-wrapper eplus-styles-uid-f3860c\" id=\"h-book-your-chiller-breakdown-repair\">BUCHEN SIE IHRE K\u00dcHLERPANNENREPARATUR  <\/h1>\n\n\n<p class=\" eplus-wrapper\">Ganz gleich, ob Sie mit einem Totalausfall Ihres Temperaturkontrollger\u00e4ts konfrontiert sind oder dringend technische Unterst\u00fctzung ben\u00f6tigen, weil Ihr Ger\u00e4t nicht richtig funktioniert, wir sind nur einen Anruf entfernt.<\/p>\n\n\n\n<div class=\"wp-block-buttons eplus-wrapper is-layout-flex wp-block-buttons-is-layout-flex\"><div class=\" ep-custom-buttons-icon wp-block-button eplus-wrapper eplus-styles-uid-f3840e\"><a class=\"wp-block-button__link has-background wp-element-button\" href=\"tel:08008404210\" style=\"background-color:#ef4138\">  0800 840 4210<\/a><\/div><\/div>\n<\/div>\n\n\n\n<div class=\"wp-block-column is-vertically-aligned-top eplus-wrapper is-layout-flow wp-block-column-is-layout-flow\">\n<div class=\"bg-product_background  w-[100%] lg:mx-8 mx-0 lg:mt-0 mt-20 m-0 rounded-md shadow-md pt-12 xl:px-12 lg:px-8 md:px-8 px-6 wp-block-group eplus-wrapper is-layout-flow wp-block-group-is-layout-flow\"><div data-form-id=\"b2e020c9-6514-ef11-9f89-000d3abc67d8\" data-form-api-url=\"https:\/\/public-eur.mkt.dynamics.com\/api\/v1.0\/orgs\/5bfd347f-4992-488b-8666-9c00ffc24675\/landingpageforms\" data-cached-form-url=\"https:\/\/assets-eur.mkt.dynamics.com\/5bfd347f-4992-488b-8666-9c00ffc24675\/digitalassets\/forms\/b2e020c9-6514-ef11-9f89-000d3abc67d8\"><\/div>\n<p>        <script src=\"https:\/\/cxppusa1formui01cdnsa01-endpoint.azureedge.net\/eur\/FormLoader\/FormLoader.bundle.js\"><\/script><\/p>\n<\/div>\n<\/div>\n<\/div><\/div>\n<\/div><\/div>\n<div style=\"height:60px\" aria-hidden=\"true\" class=\" wp-block-spacer eplus-wrapper\"><\/div>\n\n<div class=\"flex flex-row flex-wrap md:flex-nowrap sm:justify-center sm:items-center wp-block-group eplus-wrapper is-layout-constrained wp-block-group-is-layout-constrained\">\n<div class=\"w-full p-2 m-2 wp-block-group eplus-wrapper is-vertical is-layout-flex wp-container-core-group-is-layout-8cf370e7 wp-block-group-is-layout-flex\">\n<h2 class=\" wp-block-heading eplus-wrapper\" id=\"h-chiller-repairs\">K\u00dcHLERREPARATUREN<\/h2>\n\n\n\n<div style=\"height:8px\" aria-hidden=\"true\" class=\"wp-block-spacer eplus-wrapper wp-container-content-7d115344\"><\/div>\n\n\n\n<p class=\"has-text-color has-link-color eplus-wrapper wp-elements-e20f12ac7ea5c4c47b63e01c5bface71\" style=\"color:#323130\">Ganz gleich, ob Sie mit einem Totalausfall Ihres Temperierger\u00e4ts konfrontiert sind oder dringend technische Unterst\u00fctzung ben\u00f6tigen, weil es nicht richtig funktioniert, wir sind nur einen Anruf entfernt. Unser fachkundiges K\u00fchlerreparaturteam ist bereit, Sie und Ihren Betrieb 24 Stunden am Tag, 7 Tage die Woche und 365 Tage im Jahr zu unterst\u00fctzen.<\/p>\n\n\n\n<p class=\"has-text-color has-link-color eplus-wrapper wp-elements-8b78f7a949b61477e2c55054366bc575\" style=\"color:#323130\">Unser Ziel ist es, Ihre K\u00fchlsysteme entweder aus der Ferne oder durch einen Notfalleinsatz vor Ort durch einen unserer \u00fcber 70 lokalen Servicetechniker in k\u00fcrzester Zeit wieder in Betrieb zu nehmen. <\/p>\n\n\n\n<p class=\"has-text-color has-link-color eplus-wrapper wp-elements-5edf094fef7579f9300fecf2a891a861\" style=\"color:#323130\">Wir haben Erfahrung mit allen gro\u00dfen K\u00fchlermarken sowie mit unseren eigenen und wir haben einen hohen Prozentsatz an Erstreparaturen, da wir Ersatzteile auf allen unseren Fahrzeugen mitf\u00fchren und automatisch nachbestellen.<\/p>\n\n\n\n<p class=\"has-text-color has-link-color eplus-wrapper wp-elements-7e81e413d8c45d949aae02e230ffff4d\" style=\"color:#323130\">Unsere Techniker werden von hausinternen Teams f\u00fcr die Erstellung von Reparaturangeboten, f\u00fcr den technischen Support und f\u00fcr die Kundenbetreuung unterst\u00fctzt.\nDiese Teams sind sowohl in unseren Regionalb\u00fcros als auch in unserer Hauptgesch\u00e4ftsstelle t\u00e4tig.\nDas bedeutet, dass wir schnell einen Techniker entsenden, auf technische Anfragen reagieren oder ben\u00f6tigte Teile liefern k\u00f6nnen, w\u00e4hrend wir Sie umfassend informieren.\nWir verf\u00fcgen nicht nur \u00fcber ein umfangreiches Lager an Transportern, sondern auch \u00fcber gro\u00dfe Mengen an Lagerbest\u00e4nden in unseren Depots, um bei Bedarf Teile direkt vor Ort zu versenden.   <\/p>\n<\/div>\n<\/div>\n\n<div style=\"height:60px\" aria-hidden=\"true\" class=\" wp-block-spacer eplus-wrapper\"><\/div>\n\n<div class=\"mb-20 wp-block-group eplus-wrapper is-layout-flow wp-block-group-is-layout-flow\"><div class=\"is-not-stacked-on-mobile xs:p-8 sm:p-12 rounded-2xl items-center md:flex xs:grid wp-block-columns has-background eplus-wrapper is-layout-flex wp-container-core-columns-is-layout-9d6595d7 wp-block-columns-is-layout-flex eplus-styles-uid-88ea83\" style=\"background-color:#222143\">\n<div class=\"xs:order-2 md:order-1 xs:w-full md:w-6\/12 wp-block-column eplus-wrapper is-layout-flow wp-block-column-is-layout-flow\">\n<h3 class=\"wp-block-heading has-white-color has-text-color has-link-color eplus-wrapper wp-elements-96bf774ed0ad907973ecc8ffde5a9089\" id=\"h-need-a-service-plan\">SIE BEN\u00d6TIGEN EINEN SERVICEPLAN?<\/h3>\n\n\n\n<p class=\"has-white-color has-text-color has-link-color eplus-wrapper wp-elements-0c3187cd2ce3f6f9299d011316a22f88\">Eine regelm\u00e4\u00dfige, planm\u00e4\u00dfige Wartung ist der effektivste Weg, um sicherzustellen, dass Ihre Temperatursteuerungsanlage \u00fcber ihre gesamte Lebensdauer hinweg betriebsbereit und effizient bleibt.<\/p>\n\n\n\n<div class=\"wp-block-buttons eplus-wrapper is-layout-flex wp-block-buttons-is-layout-flex\"><div class=\"is-style-fill wp-block-button eplus-wrapper eplus-styles-uid-6ae445\"><a class=\"wp-block-button__link has-primary-background-color has-background wp-element-button\" href=\"https:\/\/www.icscoolenergy.com\/ch\/de\/service-pakete\/\">Mehr erfahren<\/a><\/div><\/div>\n<\/div>\n\n\n\n<div class=\"xs:order-1 md:order-2 xs:w-full md:w-6\/12 wp-block-column eplus-wrapper is-layout-flow wp-block-column-is-layout-flow\">\n<figure class=\"ek-rounded-lg wp-block-image size-full eplus-wrapper\"><img decoding=\"async\" width=\"2048\" height=\"864\" src=\"https:\/\/www.icscoolenergy.com\/ch\/wp-content\/uploads\/sites\/11\/2024\/04\/Contingency-Assets-Hero-scaled-1.jpg\" alt=\"\" class=\"wp-image-79512\" srcset=\"https:\/\/www.icscoolenergy.com\/wp-content\/uploads\/sites\/11\/2024\/04\/Contingency-Assets-Hero-scaled-1.jpg 2048w, https:\/\/www.icscoolenergy.com\/wp-content\/uploads\/sites\/11\/2024\/04\/Contingency-Assets-Hero-scaled-1-300x127.jpg 300w, https:\/\/www.icscoolenergy.com\/wp-content\/uploads\/sites\/11\/2024\/04\/Contingency-Assets-Hero-scaled-1-1024x432.jpg 1024w, https:\/\/www.icscoolenergy.com\/wp-content\/uploads\/sites\/11\/2024\/04\/Contingency-Assets-Hero-scaled-1-768x324.jpg 768w, https:\/\/www.icscoolenergy.com\/wp-content\/uploads\/sites\/11\/2024\/04\/Contingency-Assets-Hero-scaled-1-50x21.jpg 50w, https:\/\/www.icscoolenergy.com\/wp-content\/uploads\/sites\/11\/2024\/04\/Contingency-Assets-Hero-scaled-1-1600x675.jpg 1600w, https:\/\/www.icscoolenergy.com\/wp-content\/uploads\/sites\/11\/2024\/04\/Contingency-Assets-Hero-scaled-1-1536x648.jpg 1536w, https:\/\/www.icscoolenergy.com\/wp-content\/uploads\/sites\/11\/2024\/04\/Contingency-Assets-Hero-scaled-1-600x253.jpg 600w\" sizes=\"(max-width: 2048px) 100vw, 2048px\" \/><\/figure>\n<\/div>\n<\/div><\/div>\n\n<div style=\"height:60px\" aria-hidden=\"true\" class=\" wp-block-spacer eplus-wrapper\"><\/div>\n","protected":false},"excerpt":{"rendered":"<p>K\u00dcHLERREPARATUREN Ganz gleich, ob Sie mit einem Totalausfall Ihres Temperierger\u00e4ts konfrontiert sind oder dringend technische Unterst\u00fctzung ben\u00f6tigen, weil es nicht richtig funktioniert, wir sind nur einen Anruf entfernt. Unser fachkundiges K\u00fchlerreparaturteam ist bereit, Sie und Ihren Betrieb 24 Stunden am Tag, 7 Tage die Woche und 365 Tage im Jahr zu unterst\u00fctzen. Unser Ziel ist &#8230; <a title=\"K\u00fchler-Reparatur\" class=\"read-more\" href=\"https:\/\/www.icscoolenergy.com\/ch\/service\/kuehler-reparatur\/\" aria-label=\"More on K\u00fchler-Reparatur\">Weiterlesen<\/a><\/p>\n","protected":false},"author":1,"featured_media":0,"parent":86407,"menu_order":0,"comment_status":"closed","ping_status":"closed","template":"template-with-hero.php","meta":{"_acf_changed":false,"inline_featured_image":false,"_editorskit_title_hidden":false,"_editorskit_reading_time":0,"_editorskit_is_block_options_detached":false,"_editorskit_block_options_position":"{}","editor_plus_copied_stylings":"{}","footnotes":""},"class_list":["post-86285","page","type-page","status-publish"],"acf":[],"yoast_head":"<!-- This site is optimized with the Yoast SEO Premium plugin v24.5 (Yoast SEO v26.9) - https:\/\/yoast.com\/product\/yoast-seo-premium-wordpress\/ -->\n<title>K\u00fchler-Reparatur | Switzerland<\/title>\n<meta name=\"robots\" content=\"index, follow, max-snippet:-1, max-image-preview:large, max-video-preview:-1\" \/>\n<link rel=\"canonical\" href=\"https:\/\/www.icscoolenergy.com\/ch\/service\/kuehler-reparatur\/\" \/>\n<meta property=\"og:locale\" content=\"de_DE\" \/>\n<meta property=\"og:type\" content=\"article\" \/>\n<meta property=\"og:title\" content=\"K\u00fchler-Reparatur\" \/>\n<meta property=\"og:description\" content=\"K\u00dcHLERREPARATUREN Ganz gleich, ob Sie mit einem Totalausfall Ihres Temperierger\u00e4ts konfrontiert sind oder dringend technische Unterst\u00fctzung ben\u00f6tigen, weil es nicht richtig funktioniert, wir sind nur einen Anruf entfernt. Unser fachkundiges K\u00fchlerreparaturteam ist bereit, Sie und Ihren Betrieb 24 Stunden am Tag, 7 Tage die Woche und 365 Tage im Jahr zu unterst\u00fctzen. Unser Ziel ist ... Weiterlesen\" \/>\n<meta property=\"og:url\" content=\"https:\/\/www.icscoolenergy.com\/ch\/service\/kuehler-reparatur\/\" \/>\n<meta property=\"og:site_name\" content=\"Switzerland\" \/>\n<meta property=\"article:modified_time\" content=\"2024-11-29T07:53:56+00:00\" \/>\n<meta property=\"og:image\" content=\"https:\/\/www.icscoolenergy.com\/ch\/wp-content\/uploads\/sites\/11\/2024\/04\/Chiller-Repairs-Support.jpg\" \/>\n<meta name=\"twitter:card\" content=\"summary_large_image\" \/>\n<meta name=\"twitter:label1\" content=\"Est. reading time\" \/>\n\t<meta name=\"twitter:data1\" content=\"1 Minute\" \/>\n<script type=\"application\/ld+json\" class=\"yoast-schema-graph\">{\"@context\":\"https:\/\/schema.org\",\"@graph\":[{\"@type\":\"WebPage\",\"@id\":\"https:\/\/www.icscoolenergy.com\/ch\/service\/kuehler-reparatur\/\",\"url\":\"https:\/\/www.icscoolenergy.com\/ch\/service\/kuehler-reparatur\/\",\"name\":\"K\u00fchler-Reparatur | Switzerland\",\"isPartOf\":{\"@id\":\"https:\/\/www.icscoolenergy.com\/ch\/#website\"},\"primaryImageOfPage\":{\"@id\":\"https:\/\/www.icscoolenergy.com\/ch\/service\/kuehler-reparatur\/#primaryimage\"},\"image\":{\"@id\":\"https:\/\/www.icscoolenergy.com\/ch\/service\/kuehler-reparatur\/#primaryimage\"},\"thumbnailUrl\":\"https:\/\/www.icscoolenergy.com\/ch\/wp-content\/uploads\/sites\/11\/2024\/04\/Chiller-Repairs-Support.jpg\",\"datePublished\":\"2024-04-05T09:38:03+00:00\",\"dateModified\":\"2024-11-29T07:53:56+00:00\",\"breadcrumb\":{\"@id\":\"https:\/\/www.icscoolenergy.com\/ch\/service\/kuehler-reparatur\/#breadcrumb\"},\"inLanguage\":\"de-DE\",\"potentialAction\":[{\"@type\":\"ReadAction\",\"target\":[\"https:\/\/www.icscoolenergy.com\/ch\/service\/kuehler-reparatur\/\"]}]},{\"@type\":\"ImageObject\",\"inLanguage\":\"de-DE\",\"@id\":\"https:\/\/www.icscoolenergy.com\/ch\/service\/kuehler-reparatur\/#primaryimage\",\"url\":\"https:\/\/www.icscoolenergy.com\/ch\/wp-content\/uploads\/sites\/11\/2024\/04\/Chiller-Repairs-Support.jpg\",\"contentUrl\":\"https:\/\/www.icscoolenergy.com\/ch\/wp-content\/uploads\/sites\/11\/2024\/04\/Chiller-Repairs-Support.jpg\"},{\"@type\":\"BreadcrumbList\",\"@id\":\"https:\/\/www.icscoolenergy.com\/ch\/service\/kuehler-reparatur\/#breadcrumb\",\"itemListElement\":[{\"@type\":\"ListItem\",\"position\":1,\"name\":\"Home\",\"item\":\"https:\/\/www.icscoolenergy.com\/ch\/\"},{\"@type\":\"ListItem\",\"position\":2,\"name\":\"Service\",\"item\":\"https:\/\/www.icscoolenergy.com\/ch\/service\/\"},{\"@type\":\"ListItem\",\"position\":3,\"name\":\"K\u00fchler-Reparatur\"}]},{\"@type\":\"WebSite\",\"@id\":\"https:\/\/www.icscoolenergy.com\/ch\/#website\",\"url\":\"https:\/\/www.icscoolenergy.com\/ch\/\",\"name\":\"ICS Cool Energy\",\"description\":\"The Process Temperature Control Specialists\",\"publisher\":{\"@id\":\"https:\/\/www.icscoolenergy.com\/ch\/#organization\"},\"alternateName\":\"ICS\",\"potentialAction\":[{\"@type\":\"SearchAction\",\"target\":{\"@type\":\"EntryPoint\",\"urlTemplate\":\"https:\/\/www.icscoolenergy.com\/ch\/?s={search_term_string}\"},\"query-input\":{\"@type\":\"PropertyValueSpecification\",\"valueRequired\":true,\"valueName\":\"search_term_string\"}}],\"inLanguage\":\"de-DE\"},{\"@type\":\"Organization\",\"@id\":\"https:\/\/www.icscoolenergy.com\/ch\/#organization\",\"name\":\"ICS Cool Energy\",\"url\":\"https:\/\/www.icscoolenergy.com\/ch\/\",\"logo\":{\"@type\":\"ImageObject\",\"inLanguage\":\"de-DE\",\"@id\":\"https:\/\/www.icscoolenergy.com\/ch\/#\/schema\/logo\/image\/\",\"url\":\"https:\/\/www.icscoolenergy.com\/wp-content\/uploads\/sites\/11\/2024\/01\/ics-cool-energy-logo.svg\",\"contentUrl\":\"https:\/\/www.icscoolenergy.com\/wp-content\/uploads\/sites\/11\/2024\/01\/ics-cool-energy-logo.svg\",\"caption\":\"ICS Cool Energy\"},\"image\":{\"@id\":\"https:\/\/www.icscoolenergy.com\/ch\/#\/schema\/logo\/image\/\"},\"sameAs\":[\"https:\/\/www.linkedin.com\/company\/ics-temperature-control\/\",\"https:\/\/www.youtube.com\/@ICSCoolEnergyLtd\"],\"description\":\"ICS Cool Energy is a market leader for process and critical temperature control solutions that keep all types and sizes of businesses and industry running. Our headquarters are situated in Southampton, with offices throughout the UK and Europe, employing over 250 people in the UK alone.\",\"email\":\"info@icscoolenergy.com\",\"telephone\":\"0800 840 4210\",\"legalName\":\"ICS Cool Energy Limited\",\"numberOfEmployees\":{\"@type\":\"QuantitativeValue\",\"minValue\":\"201\",\"maxValue\":\"500\"}}]}<\/script>\n<!-- \/ Yoast SEO Premium plugin. -->","yoast_head_json":{"title":"K\u00fchler-Reparatur | Switzerland","robots":{"index":"index","follow":"follow","max-snippet":"max-snippet:-1","max-image-preview":"max-image-preview:large","max-video-preview":"max-video-preview:-1"},"canonical":"https:\/\/www.icscoolenergy.com\/ch\/service\/kuehler-reparatur\/","og_locale":"de_DE","og_type":"article","og_title":"K\u00fchler-Reparatur","og_description":"K\u00dcHLERREPARATUREN Ganz gleich, ob Sie mit einem Totalausfall Ihres Temperierger\u00e4ts konfrontiert sind oder dringend technische Unterst\u00fctzung ben\u00f6tigen, weil es nicht richtig funktioniert, wir sind nur einen Anruf entfernt. Unser fachkundiges K\u00fchlerreparaturteam ist bereit, Sie und Ihren Betrieb 24 Stunden am Tag, 7 Tage die Woche und 365 Tage im Jahr zu unterst\u00fctzen. Unser Ziel ist ... Weiterlesen","og_url":"https:\/\/www.icscoolenergy.com\/ch\/service\/kuehler-reparatur\/","og_site_name":"Switzerland","article_modified_time":"2024-11-29T07:53:56+00:00","og_image":[{"url":"https:\/\/www.icscoolenergy.com\/ch\/wp-content\/uploads\/sites\/11\/2024\/04\/Chiller-Repairs-Support.jpg","type":"","width":"","height":""}],"twitter_card":"summary_large_image","twitter_misc":{"Est. reading time":"1 Minute"},"schema":{"@context":"https:\/\/schema.org","@graph":[{"@type":"WebPage","@id":"https:\/\/www.icscoolenergy.com\/ch\/service\/kuehler-reparatur\/","url":"https:\/\/www.icscoolenergy.com\/ch\/service\/kuehler-reparatur\/","name":"K\u00fchler-Reparatur | Switzerland","isPartOf":{"@id":"https:\/\/www.icscoolenergy.com\/ch\/#website"},"primaryImageOfPage":{"@id":"https:\/\/www.icscoolenergy.com\/ch\/service\/kuehler-reparatur\/#primaryimage"},"image":{"@id":"https:\/\/www.icscoolenergy.com\/ch\/service\/kuehler-reparatur\/#primaryimage"},"thumbnailUrl":"https:\/\/www.icscoolenergy.com\/ch\/wp-content\/uploads\/sites\/11\/2024\/04\/Chiller-Repairs-Support.jpg","datePublished":"2024-04-05T09:38:03+00:00","dateModified":"2024-11-29T07:53:56+00:00","breadcrumb":{"@id":"https:\/\/www.icscoolenergy.com\/ch\/service\/kuehler-reparatur\/#breadcrumb"},"inLanguage":"de-DE","potentialAction":[{"@type":"ReadAction","target":["https:\/\/www.icscoolenergy.com\/ch\/service\/kuehler-reparatur\/"]}]},{"@type":"ImageObject","inLanguage":"de-DE","@id":"https:\/\/www.icscoolenergy.com\/ch\/service\/kuehler-reparatur\/#primaryimage","url":"https:\/\/www.icscoolenergy.com\/ch\/wp-content\/uploads\/sites\/11\/2024\/04\/Chiller-Repairs-Support.jpg","contentUrl":"https:\/\/www.icscoolenergy.com\/ch\/wp-content\/uploads\/sites\/11\/2024\/04\/Chiller-Repairs-Support.jpg"},{"@type":"BreadcrumbList","@id":"https:\/\/www.icscoolenergy.com\/ch\/service\/kuehler-reparatur\/#breadcrumb","itemListElement":[{"@type":"ListItem","position":1,"name":"Home","item":"https:\/\/www.icscoolenergy.com\/ch\/"},{"@type":"ListItem","position":2,"name":"Service","item":"https:\/\/www.icscoolenergy.com\/ch\/service\/"},{"@type":"ListItem","position":3,"name":"K\u00fchler-Reparatur"}]},{"@type":"WebSite","@id":"https:\/\/www.icscoolenergy.com\/ch\/#website","url":"https:\/\/www.icscoolenergy.com\/ch\/","name":"ICS Cool Energy","description":"The Process Temperature Control Specialists","publisher":{"@id":"https:\/\/www.icscoolenergy.com\/ch\/#organization"},"alternateName":"ICS","potentialAction":[{"@type":"SearchAction","target":{"@type":"EntryPoint","urlTemplate":"https:\/\/www.icscoolenergy.com\/ch\/?s={search_term_string}"},"query-input":{"@type":"PropertyValueSpecification","valueRequired":true,"valueName":"search_term_string"}}],"inLanguage":"de-DE"},{"@type":"Organization","@id":"https:\/\/www.icscoolenergy.com\/ch\/#organization","name":"ICS Cool Energy","url":"https:\/\/www.icscoolenergy.com\/ch\/","logo":{"@type":"ImageObject","inLanguage":"de-DE","@id":"https:\/\/www.icscoolenergy.com\/ch\/#\/schema\/logo\/image\/","url":"https:\/\/www.icscoolenergy.com\/wp-content\/uploads\/sites\/11\/2024\/01\/ics-cool-energy-logo.svg","contentUrl":"https:\/\/www.icscoolenergy.com\/wp-content\/uploads\/sites\/11\/2024\/01\/ics-cool-energy-logo.svg","caption":"ICS Cool Energy"},"image":{"@id":"https:\/\/www.icscoolenergy.com\/ch\/#\/schema\/logo\/image\/"},"sameAs":["https:\/\/www.linkedin.com\/company\/ics-temperature-control\/","https:\/\/www.youtube.com\/@ICSCoolEnergyLtd"],"description":"ICS Cool Energy is a market leader for process and critical temperature control solutions that keep all types and sizes of businesses and industry running. Our headquarters are situated in Southampton, with offices throughout the UK and Europe, employing over 250 people in the UK alone.","email":"info@icscoolenergy.com","telephone":"0800 840 4210","legalName":"ICS Cool Energy Limited","numberOfEmployees":{"@type":"QuantitativeValue","minValue":"201","maxValue":"500"}}]}},"_links":{"self":[{"href":"https:\/\/www.icscoolenergy.com\/ch\/wp-json\/wp\/v2\/pages\/86285","targetHints":{"allow":["GET"]}}],"collection":[{"href":"https:\/\/www.icscoolenergy.com\/ch\/wp-json\/wp\/v2\/pages"}],"about":[{"href":"https:\/\/www.icscoolenergy.com\/ch\/wp-json\/wp\/v2\/types\/page"}],"author":[{"embeddable":true,"href":"https:\/\/www.icscoolenergy.com\/ch\/wp-json\/wp\/v2\/users\/1"}],"replies":[{"embeddable":true,"href":"https:\/\/www.icscoolenergy.com\/ch\/wp-json\/wp\/v2\/comments?post=86285"}],"version-history":[{"count":0,"href":"https:\/\/www.icscoolenergy.com\/ch\/wp-json\/wp\/v2\/pages\/86285\/revisions"}],"up":[{"embeddable":true,"href":"https:\/\/www.icscoolenergy.com\/ch\/wp-json\/wp\/v2\/pages\/86407"}],"wp:attachment":[{"href":"https:\/\/www.icscoolenergy.com\/ch\/wp-json\/wp\/v2\/media?parent=86285"}],"curies":[{"name":"wp","href":"https:\/\/api.w.org\/{rel}","templated":true}]}}