 
{"id":86301,"date":"2024-04-10T14:52:07","date_gmt":"2024-04-10T14:52:07","guid":{"rendered":"https:\/\/www.icscoolenergy.com\/ch\/umweltpolitik\/"},"modified":"2024-11-29T07:53:47","modified_gmt":"2024-11-29T07:53:47","slug":"umweltpolitik","status":"publish","type":"page","link":"https:\/\/www.icscoolenergy.com\/ch\/ueber-uns\/umweltpolitik\/","title":{"rendered":"Umweltpolitik"},"content":{"rendered":"\n<div class=\"mb-8 eplus-wrapper wp-block-group is-layout-flow wp-block-group-is-layout-flow\">\n<div class=\"md:relative eplus-wrapper wp-block-group is-layout-flow wp-block-group-is-layout-flow\">\n<div class=\"eplus-wrapper wp-block-cover is-light\" style=\"min-height:451px;aspect-ratio:unset;\"><span aria-hidden=\"true\" class=\"wp-block-cover__background has-background-dim-0 has-background-dim\"><\/span><img decoding=\"async\" width=\"1980\" height=\"990\" class=\"wp-block-cover__image-background wp-image-84298\" alt=\"Environmental policies\" src=\"https:\/\/www.icscoolenergy.com\/ch\/wp-content\/uploads\/sites\/11\/2024\/05\/Environmental-policies-hero.jpg\" data-object-fit=\"cover\" srcset=\"https:\/\/www.icscoolenergy.com\/wp-content\/uploads\/sites\/11\/2024\/05\/Environmental-policies-hero.jpg 1980w, https:\/\/www.icscoolenergy.com\/wp-content\/uploads\/sites\/11\/2024\/05\/Environmental-policies-hero-300x150.jpg 300w, https:\/\/www.icscoolenergy.com\/wp-content\/uploads\/sites\/11\/2024\/05\/Environmental-policies-hero-1024x512.jpg 1024w, https:\/\/www.icscoolenergy.com\/wp-content\/uploads\/sites\/11\/2024\/05\/Environmental-policies-hero-768x384.jpg 768w, https:\/\/www.icscoolenergy.com\/wp-content\/uploads\/sites\/11\/2024\/05\/Environmental-policies-hero-50x25.jpg 50w, https:\/\/www.icscoolenergy.com\/wp-content\/uploads\/sites\/11\/2024\/05\/Environmental-policies-hero-1600x800.jpg 1600w, https:\/\/www.icscoolenergy.com\/wp-content\/uploads\/sites\/11\/2024\/05\/Environmental-policies-hero-1536x768.jpg 1536w, https:\/\/www.icscoolenergy.com\/wp-content\/uploads\/sites\/11\/2024\/05\/Environmental-policies-hero-600x300.jpg 600w\" sizes=\"(max-width: 1980px) 100vw, 1980px\" \/><div class=\"wp-block-cover__inner-container is-layout-flow wp-block-cover-is-layout-flow\">\n<p class=\" has-text-align-center has-large-font-size eplus-wrapper\"><\/p>\n<\/div><\/div>\n\n\n\n<div class=\"rounded-tr-md sm:w-full md:w-[80%] md:h-fit md:top-[80%] relative md:-mt-[10%] z-[1] md:left-0 eplus-wrapper wp-block-group has-background is-layout-constrained wp-block-group-is-layout-constrained\" style=\"background-color:#eaeaef\">\n<h1 class=\"eplus-wrapper pt-8 wp-block-heading has-text-color has-link-color wp-elements-ce5fea28e7721db4b16006a18ea8c190\" id=\"h-environmental-policies\" style=\"color:#312f5f\">UMWELTPOLITIK<\/h1>\n\n\n\n<p class=\" eplus-wrapper\">Nachhaltigkeit und Umweltverantwortung sind Kernbestandteile unseres Gesch\u00e4fts und das nicht nur, weil unsere Kunden dies verlangen.<\/p>\n\n\n\n<p class=\" eplus-wrapper\">Der Betrieb in den ISO9001, 14001 und OHSAS18001, ist ein Beweis f\u00fcr das Engagement von ICS Cool Energy.<\/p>\n\n\n\n<div style=\"height:16px\" aria-hidden=\"true\" class=\" wp-block-spacer eplus-wrapper\"><\/div>\n\n\n\n<p class=\" eplus-wrapper\">In der Praxis bedeutet dies:<\/p>\n\n\n<ul class=\"eplus-wrapper wp-block-list eplus-styles-uid-a89fd1\">\n<li class=\" eplus-wrapper\">Reduktion und Wiederverwendung von Materialien<\/li>\n\n\n\n<li class=\" eplus-wrapper\">Verwertung und Recycling<\/li>\n\n\n\n<li class=\" eplus-wrapper\">Einhaltung der Umweltgesetzgebung und Einsatz der besten verf\u00fcgbaren Techniken zur Beseitigung von Problembereichen mit dem Ziel, Umweltverschmutzung zu verhindern<\/li>\n<\/ul>\n\n\n<div style=\"height:16px\" aria-hidden=\"true\" class=\" wp-block-spacer eplus-wrapper\"><\/div>\n\n\n\n<p class=\" eplus-wrapper\">Wie k\u00f6nnen wir das tun?<\/p>\n\n\n\n<p class=\" eplus-wrapper\">Wir \u00fcberpr\u00fcfen und verbessern kontinuierlich unsere Nutzung von Ressourcen, Prozessen und Emissionen.<\/p>\n<\/div>\n<\/div>\n\n\n\n<div style=\"height:60px\" aria-hidden=\"true\" class=\"xs:hidden md:block eplus-wrapper wp-block-spacer\"><\/div>\n<\/div>\n\n<div style=\"height:51px\" aria-hidden=\"true\" class=\" wp-block-spacer eplus-wrapper\"><\/div>\n","protected":false},"excerpt":{"rendered":"<p>UMWELTPOLITIK Nachhaltigkeit und Umweltverantwortung sind Kernbestandteile unseres Gesch\u00e4fts und das nicht nur, weil unsere Kunden dies verlangen. Der Betrieb in den ISO9001, 14001 und OHSAS18001, ist ein Beweis f\u00fcr das Engagement von ICS Cool Energy. In der Praxis bedeutet dies: Wie k\u00f6nnen wir das tun? Wir \u00fcberpr\u00fcfen und verbessern kontinuierlich unsere Nutzung von Ressourcen, Prozessen &#8230; <a title=\"Umweltpolitik\" class=\"read-more\" href=\"https:\/\/www.icscoolenergy.com\/ch\/ueber-uns\/umweltpolitik\/\" aria-label=\"More on Umweltpolitik\">Weiterlesen<\/a><\/p>\n","protected":false},"author":1,"featured_media":0,"parent":86383,"menu_order":0,"comment_status":"closed","ping_status":"closed","template":"template-1.php","meta":{"_acf_changed":false,"inline_featured_image":false,"_editorskit_title_hidden":false,"_editorskit_reading_time":0,"_editorskit_is_block_options_detached":false,"_editorskit_block_options_position":"{}","editor_plus_copied_stylings":"{}","footnotes":""},"class_list":["post-86301","page","type-page","status-publish"],"acf":[],"yoast_head":"<!-- This site is optimized with the Yoast SEO Premium plugin v24.5 (Yoast SEO v26.9) - https:\/\/yoast.com\/product\/yoast-seo-premium-wordpress\/ -->\n<title>Umweltpolitik | Switzerland<\/title>\n<meta name=\"robots\" content=\"index, follow, max-snippet:-1, max-image-preview:large, max-video-preview:-1\" \/>\n<link rel=\"canonical\" href=\"https:\/\/www.icscoolenergy.com\/ch\/ueber-uns\/umweltpolitik\/\" \/>\n<meta property=\"og:locale\" content=\"de_DE\" \/>\n<meta property=\"og:type\" content=\"article\" \/>\n<meta property=\"og:title\" content=\"Umweltpolitik\" \/>\n<meta property=\"og:description\" content=\"UMWELTPOLITIK Nachhaltigkeit und Umweltverantwortung sind Kernbestandteile unseres Gesch\u00e4fts und das nicht nur, weil unsere Kunden dies verlangen. Der Betrieb in den ISO9001, 14001 und OHSAS18001, ist ein Beweis f\u00fcr das Engagement von ICS Cool Energy. In der Praxis bedeutet dies: Wie k\u00f6nnen wir das tun? Wir \u00fcberpr\u00fcfen und verbessern kontinuierlich unsere Nutzung von Ressourcen, Prozessen ... Weiterlesen\" \/>\n<meta property=\"og:url\" content=\"https:\/\/www.icscoolenergy.com\/ch\/ueber-uns\/umweltpolitik\/\" \/>\n<meta property=\"og:site_name\" content=\"Switzerland\" \/>\n<meta property=\"article:modified_time\" content=\"2024-11-29T07:53:47+00:00\" \/>\n<meta property=\"og:image\" content=\"https:\/\/www.icscoolenergy.com\/ch\/wp-content\/uploads\/sites\/11\/2024\/05\/Environmental-policies-hero.jpg\" \/>\n<meta name=\"twitter:card\" content=\"summary_large_image\" \/>\n<script type=\"application\/ld+json\" class=\"yoast-schema-graph\">{\"@context\":\"https:\/\/schema.org\",\"@graph\":[{\"@type\":\"WebPage\",\"@id\":\"https:\/\/www.icscoolenergy.com\/ch\/ueber-uns\/umweltpolitik\/\",\"url\":\"https:\/\/www.icscoolenergy.com\/ch\/ueber-uns\/umweltpolitik\/\",\"name\":\"Umweltpolitik | Switzerland\",\"isPartOf\":{\"@id\":\"https:\/\/www.icscoolenergy.com\/ch\/#website\"},\"primaryImageOfPage\":{\"@id\":\"https:\/\/www.icscoolenergy.com\/ch\/ueber-uns\/umweltpolitik\/#primaryimage\"},\"image\":{\"@id\":\"https:\/\/www.icscoolenergy.com\/ch\/ueber-uns\/umweltpolitik\/#primaryimage\"},\"thumbnailUrl\":\"https:\/\/www.icscoolenergy.com\/ch\/wp-content\/uploads\/sites\/11\/2024\/05\/Environmental-policies-hero.jpg\",\"datePublished\":\"2024-04-10T14:52:07+00:00\",\"dateModified\":\"2024-11-29T07:53:47+00:00\",\"breadcrumb\":{\"@id\":\"https:\/\/www.icscoolenergy.com\/ch\/ueber-uns\/umweltpolitik\/#breadcrumb\"},\"inLanguage\":\"de-DE\",\"potentialAction\":[{\"@type\":\"ReadAction\",\"target\":[\"https:\/\/www.icscoolenergy.com\/ch\/ueber-uns\/umweltpolitik\/\"]}]},{\"@type\":\"ImageObject\",\"inLanguage\":\"de-DE\",\"@id\":\"https:\/\/www.icscoolenergy.com\/ch\/ueber-uns\/umweltpolitik\/#primaryimage\",\"url\":\"https:\/\/www.icscoolenergy.com\/ch\/wp-content\/uploads\/sites\/11\/2024\/05\/Environmental-policies-hero.jpg\",\"contentUrl\":\"https:\/\/www.icscoolenergy.com\/ch\/wp-content\/uploads\/sites\/11\/2024\/05\/Environmental-policies-hero.jpg\"},{\"@type\":\"BreadcrumbList\",\"@id\":\"https:\/\/www.icscoolenergy.com\/ch\/ueber-uns\/umweltpolitik\/#breadcrumb\",\"itemListElement\":[{\"@type\":\"ListItem\",\"position\":1,\"name\":\"Home\",\"item\":\"https:\/\/www.icscoolenergy.com\/ch\/\"},{\"@type\":\"ListItem\",\"position\":2,\"name\":\"\u00dcber uns\",\"item\":\"https:\/\/www.icscoolenergy.com\/ch\/ueber-uns\/\"},{\"@type\":\"ListItem\",\"position\":3,\"name\":\"Umweltpolitik\"}]},{\"@type\":\"WebSite\",\"@id\":\"https:\/\/www.icscoolenergy.com\/ch\/#website\",\"url\":\"https:\/\/www.icscoolenergy.com\/ch\/\",\"name\":\"ICS Cool Energy\",\"description\":\"The Process Temperature Control Specialists\",\"publisher\":{\"@id\":\"https:\/\/www.icscoolenergy.com\/ch\/#organization\"},\"alternateName\":\"ICS\",\"potentialAction\":[{\"@type\":\"SearchAction\",\"target\":{\"@type\":\"EntryPoint\",\"urlTemplate\":\"https:\/\/www.icscoolenergy.com\/ch\/?s={search_term_string}\"},\"query-input\":{\"@type\":\"PropertyValueSpecification\",\"valueRequired\":true,\"valueName\":\"search_term_string\"}}],\"inLanguage\":\"de-DE\"},{\"@type\":\"Organization\",\"@id\":\"https:\/\/www.icscoolenergy.com\/ch\/#organization\",\"name\":\"ICS Cool Energy\",\"url\":\"https:\/\/www.icscoolenergy.com\/ch\/\",\"logo\":{\"@type\":\"ImageObject\",\"inLanguage\":\"de-DE\",\"@id\":\"https:\/\/www.icscoolenergy.com\/ch\/#\/schema\/logo\/image\/\",\"url\":\"https:\/\/www.icscoolenergy.com\/wp-content\/uploads\/sites\/11\/2024\/01\/ics-cool-energy-logo.svg\",\"contentUrl\":\"https:\/\/www.icscoolenergy.com\/wp-content\/uploads\/sites\/11\/2024\/01\/ics-cool-energy-logo.svg\",\"caption\":\"ICS Cool Energy\"},\"image\":{\"@id\":\"https:\/\/www.icscoolenergy.com\/ch\/#\/schema\/logo\/image\/\"},\"sameAs\":[\"https:\/\/www.linkedin.com\/company\/ics-temperature-control\/\",\"https:\/\/www.youtube.com\/@ICSCoolEnergyLtd\"],\"description\":\"ICS Cool Energy is a market leader for process and critical temperature control solutions that keep all types and sizes of businesses and industry running. Our headquarters are situated in Southampton, with offices throughout the UK and Europe, employing over 250 people in the UK alone.\",\"email\":\"info@icscoolenergy.com\",\"telephone\":\"0800 840 4210\",\"legalName\":\"ICS Cool Energy Limited\",\"numberOfEmployees\":{\"@type\":\"QuantitativeValue\",\"minValue\":\"201\",\"maxValue\":\"500\"}}]}<\/script>\n<!-- \/ Yoast SEO Premium plugin. -->","yoast_head_json":{"title":"Umweltpolitik | Switzerland","robots":{"index":"index","follow":"follow","max-snippet":"max-snippet:-1","max-image-preview":"max-image-preview:large","max-video-preview":"max-video-preview:-1"},"canonical":"https:\/\/www.icscoolenergy.com\/ch\/ueber-uns\/umweltpolitik\/","og_locale":"de_DE","og_type":"article","og_title":"Umweltpolitik","og_description":"UMWELTPOLITIK Nachhaltigkeit und Umweltverantwortung sind Kernbestandteile unseres Gesch\u00e4fts und das nicht nur, weil unsere Kunden dies verlangen. Der Betrieb in den ISO9001, 14001 und OHSAS18001, ist ein Beweis f\u00fcr das Engagement von ICS Cool Energy. In der Praxis bedeutet dies: Wie k\u00f6nnen wir das tun? Wir \u00fcberpr\u00fcfen und verbessern kontinuierlich unsere Nutzung von Ressourcen, Prozessen ... Weiterlesen","og_url":"https:\/\/www.icscoolenergy.com\/ch\/ueber-uns\/umweltpolitik\/","og_site_name":"Switzerland","article_modified_time":"2024-11-29T07:53:47+00:00","og_image":[{"url":"https:\/\/www.icscoolenergy.com\/ch\/wp-content\/uploads\/sites\/11\/2024\/05\/Environmental-policies-hero.jpg","type":"","width":"","height":""}],"twitter_card":"summary_large_image","schema":{"@context":"https:\/\/schema.org","@graph":[{"@type":"WebPage","@id":"https:\/\/www.icscoolenergy.com\/ch\/ueber-uns\/umweltpolitik\/","url":"https:\/\/www.icscoolenergy.com\/ch\/ueber-uns\/umweltpolitik\/","name":"Umweltpolitik | Switzerland","isPartOf":{"@id":"https:\/\/www.icscoolenergy.com\/ch\/#website"},"primaryImageOfPage":{"@id":"https:\/\/www.icscoolenergy.com\/ch\/ueber-uns\/umweltpolitik\/#primaryimage"},"image":{"@id":"https:\/\/www.icscoolenergy.com\/ch\/ueber-uns\/umweltpolitik\/#primaryimage"},"thumbnailUrl":"https:\/\/www.icscoolenergy.com\/ch\/wp-content\/uploads\/sites\/11\/2024\/05\/Environmental-policies-hero.jpg","datePublished":"2024-04-10T14:52:07+00:00","dateModified":"2024-11-29T07:53:47+00:00","breadcrumb":{"@id":"https:\/\/www.icscoolenergy.com\/ch\/ueber-uns\/umweltpolitik\/#breadcrumb"},"inLanguage":"de-DE","potentialAction":[{"@type":"ReadAction","target":["https:\/\/www.icscoolenergy.com\/ch\/ueber-uns\/umweltpolitik\/"]}]},{"@type":"ImageObject","inLanguage":"de-DE","@id":"https:\/\/www.icscoolenergy.com\/ch\/ueber-uns\/umweltpolitik\/#primaryimage","url":"https:\/\/www.icscoolenergy.com\/ch\/wp-content\/uploads\/sites\/11\/2024\/05\/Environmental-policies-hero.jpg","contentUrl":"https:\/\/www.icscoolenergy.com\/ch\/wp-content\/uploads\/sites\/11\/2024\/05\/Environmental-policies-hero.jpg"},{"@type":"BreadcrumbList","@id":"https:\/\/www.icscoolenergy.com\/ch\/ueber-uns\/umweltpolitik\/#breadcrumb","itemListElement":[{"@type":"ListItem","position":1,"name":"Home","item":"https:\/\/www.icscoolenergy.com\/ch\/"},{"@type":"ListItem","position":2,"name":"\u00dcber uns","item":"https:\/\/www.icscoolenergy.com\/ch\/ueber-uns\/"},{"@type":"ListItem","position":3,"name":"Umweltpolitik"}]},{"@type":"WebSite","@id":"https:\/\/www.icscoolenergy.com\/ch\/#website","url":"https:\/\/www.icscoolenergy.com\/ch\/","name":"ICS Cool Energy","description":"The Process Temperature Control Specialists","publisher":{"@id":"https:\/\/www.icscoolenergy.com\/ch\/#organization"},"alternateName":"ICS","potentialAction":[{"@type":"SearchAction","target":{"@type":"EntryPoint","urlTemplate":"https:\/\/www.icscoolenergy.com\/ch\/?s={search_term_string}"},"query-input":{"@type":"PropertyValueSpecification","valueRequired":true,"valueName":"search_term_string"}}],"inLanguage":"de-DE"},{"@type":"Organization","@id":"https:\/\/www.icscoolenergy.com\/ch\/#organization","name":"ICS Cool Energy","url":"https:\/\/www.icscoolenergy.com\/ch\/","logo":{"@type":"ImageObject","inLanguage":"de-DE","@id":"https:\/\/www.icscoolenergy.com\/ch\/#\/schema\/logo\/image\/","url":"https:\/\/www.icscoolenergy.com\/wp-content\/uploads\/sites\/11\/2024\/01\/ics-cool-energy-logo.svg","contentUrl":"https:\/\/www.icscoolenergy.com\/wp-content\/uploads\/sites\/11\/2024\/01\/ics-cool-energy-logo.svg","caption":"ICS Cool Energy"},"image":{"@id":"https:\/\/www.icscoolenergy.com\/ch\/#\/schema\/logo\/image\/"},"sameAs":["https:\/\/www.linkedin.com\/company\/ics-temperature-control\/","https:\/\/www.youtube.com\/@ICSCoolEnergyLtd"],"description":"ICS Cool Energy is a market leader for process and critical temperature control solutions that keep all types and sizes of businesses and industry running. Our headquarters are situated in Southampton, with offices throughout the UK and Europe, employing over 250 people in the UK alone.","email":"info@icscoolenergy.com","telephone":"0800 840 4210","legalName":"ICS Cool Energy Limited","numberOfEmployees":{"@type":"QuantitativeValue","minValue":"201","maxValue":"500"}}]}},"_links":{"self":[{"href":"https:\/\/www.icscoolenergy.com\/ch\/wp-json\/wp\/v2\/pages\/86301","targetHints":{"allow":["GET"]}}],"collection":[{"href":"https:\/\/www.icscoolenergy.com\/ch\/wp-json\/wp\/v2\/pages"}],"about":[{"href":"https:\/\/www.icscoolenergy.com\/ch\/wp-json\/wp\/v2\/types\/page"}],"author":[{"embeddable":true,"href":"https:\/\/www.icscoolenergy.com\/ch\/wp-json\/wp\/v2\/users\/1"}],"replies":[{"embeddable":true,"href":"https:\/\/www.icscoolenergy.com\/ch\/wp-json\/wp\/v2\/comments?post=86301"}],"version-history":[{"count":0,"href":"https:\/\/www.icscoolenergy.com\/ch\/wp-json\/wp\/v2\/pages\/86301\/revisions"}],"up":[{"embeddable":true,"href":"https:\/\/www.icscoolenergy.com\/ch\/wp-json\/wp\/v2\/pages\/86383"}],"wp:attachment":[{"href":"https:\/\/www.icscoolenergy.com\/ch\/wp-json\/wp\/v2\/media?parent=86301"}],"curies":[{"name":"wp","href":"https:\/\/api.w.org\/{rel}","templated":true}]}}