 
{"id":86311,"date":"2024-04-08T14:33:13","date_gmt":"2024-04-08T14:33:13","guid":{"rendered":"https:\/\/www.icscoolenergy.com\/ch\/loesungen\/vorteile-einer-anstellung\/"},"modified":"2024-11-29T07:52:42","modified_gmt":"2024-11-29T07:52:42","slug":"vorteile-einer-anstellung","status":"publish","type":"page","link":"https:\/\/www.icscoolenergy.com\/ch\/loesungen\/vorteile-einer-anstellung\/","title":{"rendered":"Vorteile einer Anstellung"},"content":{"rendered":"\n<div class=\"mb-8 eplus-wrapper wp-block-group is-layout-flow wp-block-group-is-layout-flow\">\n<div class=\"md:relative eplus-wrapper wp-block-group is-layout-flow wp-block-group-is-layout-flow\">\n<div class=\"eplus-wrapper wp-block-cover\" style=\"min-height:451px;aspect-ratio:unset;\"><span aria-hidden=\"true\" class=\"wp-block-cover__background has-background-dim-0 has-background-dim\"><\/span><img loading=\"lazy\" decoding=\"async\" width=\"1980\" height=\"990\" class=\"wp-block-cover__image-background wp-image-84330\" alt=\"Our hire process\" src=\"https:\/\/www.icscoolenergy.com\/ch\/wp-content\/uploads\/sites\/11\/2024\/05\/Our-hire-process.jpg\" data-object-fit=\"cover\" srcset=\"https:\/\/www.icscoolenergy.com\/wp-content\/uploads\/sites\/11\/2024\/05\/Our-hire-process.jpg 1980w, https:\/\/www.icscoolenergy.com\/wp-content\/uploads\/sites\/11\/2024\/05\/Our-hire-process-300x150.jpg 300w, https:\/\/www.icscoolenergy.com\/wp-content\/uploads\/sites\/11\/2024\/05\/Our-hire-process-1024x512.jpg 1024w, https:\/\/www.icscoolenergy.com\/wp-content\/uploads\/sites\/11\/2024\/05\/Our-hire-process-768x384.jpg 768w, https:\/\/www.icscoolenergy.com\/wp-content\/uploads\/sites\/11\/2024\/05\/Our-hire-process-50x25.jpg 50w, https:\/\/www.icscoolenergy.com\/wp-content\/uploads\/sites\/11\/2024\/05\/Our-hire-process-1600x800.jpg 1600w, https:\/\/www.icscoolenergy.com\/wp-content\/uploads\/sites\/11\/2024\/05\/Our-hire-process-1536x768.jpg 1536w, https:\/\/www.icscoolenergy.com\/wp-content\/uploads\/sites\/11\/2024\/05\/Our-hire-process-600x300.jpg 600w\" sizes=\"auto, (max-width: 1980px) 100vw, 1980px\" \/><div class=\"wp-block-cover__inner-container is-layout-flow wp-block-cover-is-layout-flow\">\n<p class=\" has-text-align-center has-large-font-size eplus-wrapper\"><\/p>\n<\/div><\/div>\n\n\n\n<div class=\"rounded-tr-md sm:w-full md:w-[80%] md:h-fit md:top-[80%] relative md:-mt-[10%] z-[1] md:left-0 eplus-wrapper wp-block-group has-background is-layout-constrained wp-block-group-is-layout-constrained\" style=\"background-color:#eaeaef\">\n<h1 class=\"eplus-wrapper pt-8 wp-block-heading has-text-color has-link-color wp-elements-d77b1b369f00ae401f203785b61cc6e7\" id=\"h-the-benefits-of-hire\" style=\"color:#312f5f\">DIE VORTEILE DER MIETE<\/h1>\n\n\n\n<p class=\" eplus-wrapper\">Das Mieten von Temperaturkontrolll\u00f6sungen bringt das Beste aus allen Welten.\nUnsere Flotte ist im Durchschnitt nur 1,4 Jahre alt und wird sorgf\u00e4ltig gewartet und gr\u00fcndlich getestet, bevor sie f\u00fcr die Vermietung freigegeben wird.   <\/p>\n\n\n\n<p class=\" eplus-wrapper\">Unser erfahrenes und engagiertes Vermietungsteam liefert L\u00f6sungen, die speziell auf die Bed\u00fcrfnisse Ihres Unternehmens zugeschnitten sind.  <\/p>\n\n\n\n<p class=\" eplus-wrapper\">Ob in Notf\u00e4llen, bei Wartungsarbeiten oder bei langfristigen Mietprojekten &#8211; wir sind Tag und Nacht, 24\/7 f\u00fcr Sie da.<\/p>\n\n\n\n<div style=\"height:40px\" aria-hidden=\"true\" class=\" wp-block-spacer eplus-wrapper\"><\/div>\n\n\n<figure class=\"wp-embed-aspect-16-9 wp-has-aspect-ratio wp-block-embed is-type-video is-provider-vimeo wp-block-embed-vimeo eplus-wrapper eplus-styles-uid-db9f67\"><div class=\"wp-block-embed__wrapper\">\n<iframe loading=\"lazy\" title=\"ICS Short - Why Hire From ICS Cool Energy\" src=\"https:\/\/player.vimeo.com\/video\/949534301?dnt=1&amp;app_id=122963\" width=\"1200\" height=\"675\" frameborder=\"0\" allow=\"autoplay; fullscreen; picture-in-picture; clipboard-write\"><\/iframe>\n<\/div><\/figure>\n\n\n<div style=\"height:40px\" aria-hidden=\"true\" class=\" wp-block-spacer eplus-wrapper\"><\/div>\n<\/div>\n<\/div>\n<\/div>\n\n<div class=\"px-0 pt-12 pb-8 wp-block-group eplus-wrapper is-layout-flow wp-block-group-is-layout-flow\"><div class=\"lg:flex xs:block xl:mb-12 wp-block-columns eplus-wrapper is-layout-flex wp-container-core-columns-is-layout-9d6595d7 wp-block-columns-is-layout-flex eplus-styles-uid-700098\"><div class=\"pt-12 px-8  shadow-lg rounded-t-2xl xs:h-auto xs:mb-10 xl:mb-0 xl:h-56 lg:h-64 wp-block-column is-vertically-aligned-top has-white-background-color has-background eplus-wrapper is-layout-flow wp-block-column-is-layout-flow eplus-styles-uid-43cb0d\"><div class=\"xs:mb-0 wp-block-columns eplus-wrapper is-layout-flex wp-container-core-columns-is-layout-9d6595d7 wp-block-columns-is-layout-flex eplus-styles-uid-37a099\">\n<div class=\"wp-block-column eplus-wrapper is-layout-flow wp-block-column-is-layout-flow\" style=\"flex-basis:40px\">\n<figure class=\" wp-block-image size-full is-resized eplus-wrapper\"><img loading=\"lazy\" decoding=\"async\" width=\"100\" height=\"100\" src=\"https:\/\/www.icscoolenergy.com\/ch\/wp-content\/uploads\/sites\/11\/2024\/04\/247.svg\" alt=\"\" class=\"wp-image-79722\" style=\"width:40px\"><\/figure>\n<\/div>\n\n\n\n<div class=\"wp-block-column eplus-wrapper is-layout-flow wp-block-column-is-layout-flow\"><h4 class=\" wp-block-heading eplus-wrapper eplus-styles-uid-be1b12\" id=\"h-in-emergencies\">In Notf\u00e4llen<\/h4>\n\n\n<p class=\" eplus-wrapper\">Wenn Notf\u00e4lle eintreten und Ihre Temperierger\u00e4te ausfallen, k\u00f6nnen Sie durch das Mieten von Ger\u00e4ten in der Zwischenzeit den Betrieb schnell wieder aufnehmen.\nMit unserem Expertenteam und Depots in ganz Gro\u00dfbritannien k\u00f6nnen wir innerhalb weniger Stunden bei Ihnen vor Ort sein, um die perfekte L\u00f6sung f\u00fcr Sie zu planen und zu installieren &#8211; 24\/7. <\/p>\n<\/div>\n<\/div><\/div>\n\n<div class=\"pt-12 px-8  shadow-lg rounded-t-2xl xs:h-auto xs:mb-10 xl:mb-0 xl:h-56 lg:h-64 wp-block-column is-vertically-aligned-top has-white-background-color has-background eplus-wrapper is-layout-flow wp-block-column-is-layout-flow eplus-styles-uid-43cb0d\"><div class=\"xs:mb-0 wp-block-columns eplus-wrapper is-layout-flex wp-container-core-columns-is-layout-9d6595d7 wp-block-columns-is-layout-flex eplus-styles-uid-89fc10\">\n<div class=\"wp-block-column eplus-wrapper is-layout-flow wp-block-column-is-layout-flow\" style=\"flex-basis:40px\">\n<figure class=\" wp-block-image size-full is-resized eplus-wrapper\"><img loading=\"lazy\" decoding=\"async\" width=\"100\" height=\"100\" src=\"https:\/\/www.icscoolenergy.com\/ch\/wp-content\/uploads\/sites\/11\/2024\/04\/Priority-response.svg\" alt=\"\" class=\"wp-image-79792\" style=\"width:40px\"><\/figure>\n<\/div>\n\n\n\n<div class=\"wp-block-column eplus-wrapper is-layout-flow wp-block-column-is-layout-flow\"><h4 class=\" wp-block-heading eplus-wrapper eplus-styles-uid-be1b12\" id=\"h-for-seasonal-requirements\">F\u00fcr den saisonalen Bedarf<\/h4>\n\n\n<p class=\" eplus-wrapper\">Ob im Winter oder im Sommer, Spitzenwerte bei den Temperaturen k\u00f6nnen dazu f\u00fchren, dass Ihre vorhandenen Ger\u00e4te Probleme bekommen &#8211; mit negativen Auswirkungen auf die Produktion, die Menschen und die R\u00e4umlichkeiten.\nDurch die Anmietung zus\u00e4tzlicher Ausr\u00fcstung w\u00e4hrend der Winter- oder Sommermonate k\u00f6nnen Sie sicherstellen, dass Sie keine saisonalen Pannen oder Notf\u00e4lle erleben. <\/p>\n<\/div>\n<\/div><\/div><\/div>\n\n<div class=\"lg:flex xs:block xl:mb-12 wp-block-columns eplus-wrapper is-layout-flex wp-container-core-columns-is-layout-9d6595d7 wp-block-columns-is-layout-flex eplus-styles-uid-907b11\"><div class=\"pt-12 px-8  shadow-lg rounded-t-2xl xs:h-auto xs:mb-10 xl:mb-0 xl:h-56 lg:h-64 wp-block-column is-vertically-aligned-top has-white-background-color has-background eplus-wrapper is-layout-flow wp-block-column-is-layout-flow eplus-styles-uid-43cb0d\"><div class=\"xs:mb-0 wp-block-columns eplus-wrapper is-layout-flex wp-container-core-columns-is-layout-9d6595d7 wp-block-columns-is-layout-flex eplus-styles-uid-3531b3\">\n<div class=\"wp-block-column eplus-wrapper is-layout-flow wp-block-column-is-layout-flow\" style=\"flex-basis:40px\">\n<figure class=\" wp-block-image size-full is-resized eplus-wrapper\"><img loading=\"lazy\" decoding=\"async\" width=\"100\" height=\"100\" src=\"https:\/\/www.icscoolenergy.com\/ch\/wp-content\/uploads\/sites\/11\/2024\/04\/All-models.svg\" alt=\"\" class=\"wp-image-79727\" style=\"width:40px\"><\/figure>\n<\/div>\n\n\n\n<div class=\"wp-block-column eplus-wrapper is-layout-flow wp-block-column-is-layout-flow\"><h4 class=\" wp-block-heading eplus-wrapper eplus-styles-uid-be1b12\" id=\"h-latest-equipment\">Neueste Ausr\u00fcstung<\/h4>\n\n\n<p class=\" eplus-wrapper\">Mit einem Durchschnittsalter von 1,4 Jahren ist unsere Mietflotte die allerneueste.\nWir testen unsere Maschinen gr\u00fcndlich, bevor wir sie vermieten &#8211; so k\u00f6nnen Sie sicher sein, dass Sie ein Ger\u00e4t erhalten, das Sie nicht im Stich lassen wird.\nF\u00fcr Langzeitmietkunden stellen wir brandneue Ger\u00e4te zur Verf\u00fcgung.\nAuf diese Weise genie\u00dfen Sie das Beste aus beiden Welten.   <\/p>\n<\/div>\n<\/div><\/div>\n\n<div class=\"pt-12 px-8  shadow-lg rounded-t-2xl xs:h-auto xs:mb-10 xl:mb-0 xl:h-56 lg:h-64 wp-block-column is-vertically-aligned-top has-white-background-color has-background eplus-wrapper is-layout-flow wp-block-column-is-layout-flow eplus-styles-uid-43cb0d\"><div class=\"xs:mb-0 wp-block-columns eplus-wrapper is-layout-flex wp-container-core-columns-is-layout-9d6595d7 wp-block-columns-is-layout-flex eplus-styles-uid-075d99\">\n<div class=\"wp-block-column eplus-wrapper is-layout-flow wp-block-column-is-layout-flow\" style=\"flex-basis:40px\">\n<figure class=\" wp-block-image size-full is-resized eplus-wrapper\"><img loading=\"lazy\" decoding=\"async\" width=\"100\" height=\"100\" src=\"https:\/\/www.icscoolenergy.com\/ch\/wp-content\/uploads\/sites\/11\/2024\/04\/Compliance.svg\" alt=\"\" class=\"wp-image-79747\" style=\"width:40px\"><\/figure>\n<\/div>\n\n\n\n<div class=\"wp-block-column eplus-wrapper is-layout-flow wp-block-column-is-layout-flow\"><h4 class=\" wp-block-heading eplus-wrapper eplus-styles-uid-be1b12\" id=\"h-cashflow-protection\">Cashflow-Schutz<\/h4>\n\n\n<p class=\" eplus-wrapper\">Das Mieten Ihrer Ausr\u00fcstung bedeutet, dass Sie keine Investitionen t\u00e4tigen m\u00fcssen.\nSie zahlen f\u00fcr die Nutzung der Ausr\u00fcstung, nicht f\u00fcr das darin gebundene Kapital.\nEin Mietvertrag bringt nur eine feste monatliche Zahlung mit sich, die in Ihrer Bilanz erscheint und Ihre Kreditlinien offen h\u00e4lt.\nKeine zus\u00e4tzlichen Kosten, keine \u00dcberraschungen &#8211; Sie k\u00f6nnen Ihr Budget ohne Unsicherheiten planen.   <\/p>\n<\/div>\n<\/div><\/div><\/div>\n\n<div class=\"lg:flex xs:block xl:mb-12 wp-block-columns eplus-wrapper is-layout-flex wp-container-core-columns-is-layout-9d6595d7 wp-block-columns-is-layout-flex eplus-styles-uid-75d5d8\"><div class=\"pt-12 px-8  shadow-lg rounded-t-2xl xs:h-auto xs:mb-10 xl:mb-0 xl:h-56 lg:h-64 wp-block-column is-vertically-aligned-stretch has-white-background-color has-background eplus-wrapper is-layout-flow wp-block-column-is-layout-flow eplus-styles-uid-43cb0d\"><div class=\"xs:mb-0 wp-block-columns eplus-wrapper is-layout-flex wp-container-core-columns-is-layout-9d6595d7 wp-block-columns-is-layout-flex eplus-styles-uid-d4d5fa\">\n<div class=\"wp-block-column eplus-wrapper is-layout-flow wp-block-column-is-layout-flow\" style=\"flex-basis:40px\">\n<figure class=\" wp-block-image size-full is-resized eplus-wrapper\"><img loading=\"lazy\" decoding=\"async\" width=\"100\" height=\"100\" src=\"https:\/\/www.icscoolenergy.com\/ch\/wp-content\/uploads\/sites\/11\/2024\/04\/Unlimited-repairs.svg\" alt=\"\" class=\"wp-image-79807\" style=\"width:40px\"><\/figure>\n<\/div>\n\n\n\n<div class=\"wp-block-column is-vertically-aligned-stretch eplus-wrapper is-layout-flow wp-block-column-is-layout-flow\"><h4 class=\" wp-block-heading eplus-wrapper eplus-styles-uid-be1b12\" id=\"h-maintenance-and-service\">Wartung und Service<\/h4>\n\n\n<p class=\" eplus-wrapper\">Wenn ein Stillstand Ihres Prozesses keine Option ist, sichern Sie Ihre K\u00fchl- oder W\u00e4rmeversorgung, indem Sie sich von uns einen vollst\u00e4ndigen Notfallplan ausstellen lassen.\nDazu geh\u00f6rt auch eine vollst\u00e4ndige Bestandsaufnahme vor Ort, um alles Notwendige im Voraus zu planen und die Ausfallzeiten zu minimieren. <\/p>\n<\/div>\n<\/div><\/div>\n\n<div class=\"pt-12 px-8  shadow-lg rounded-t-2xl xs:h-auto xs:mb-10 xl:mb-0 xl:h-56 lg:h-64 wp-block-column is-vertically-aligned-top has-white-background-color has-background eplus-wrapper is-layout-flow wp-block-column-is-layout-flow eplus-styles-uid-43cb0d\"><div class=\"xs:mb-0 wp-block-columns eplus-wrapper is-layout-flex wp-container-core-columns-is-layout-9d6595d7 wp-block-columns-is-layout-flex eplus-styles-uid-6661dd\">\n<div class=\"wp-block-column eplus-wrapper is-layout-flow wp-block-column-is-layout-flow\" style=\"flex-basis:40px\">\n<figure class=\" wp-block-image size-full is-resized eplus-wrapper\"><img loading=\"lazy\" decoding=\"async\" width=\"100\" height=\"100\" src=\"https:\/\/www.icscoolenergy.com\/ch\/wp-content\/uploads\/sites\/11\/2024\/04\/Warranty-1.svg\" alt=\"\" class=\"wp-image-79812\" style=\"width:40px\"><\/figure>\n<\/div>\n\n\n\n<div class=\"wp-block-column eplus-wrapper is-layout-flow wp-block-column-is-layout-flow\"><h4 class=\" wp-block-heading eplus-wrapper eplus-styles-uid-be1b12\" id=\"h-remote-monitoring\">Fern\u00fcberwachung<\/h4>\n\n\n<p class=\" eplus-wrapper\">Um es f\u00fcr unsere Mietkunden noch einfacher zu machen, bieten wir f\u00fcr alle unsere Mietk\u00fchler und Mietkessel eine Fern\u00fcberwachung an.\nWir \u00fcberwachen die Leistung Ihrer Ger\u00e4te und die Umgebungsbedingungen rund um Ihren Kessel oder K\u00fchler.\nAlle Daten sind f\u00fcr Sie und unsere Techniker zug\u00e4nglich, um Probleme fr\u00fchzeitig zu erkennen und Ausf\u00e4lle zu vermeiden.  <\/p>\n<\/div>\n<\/div><\/div><\/div><\/div>\n\n<div style=\"height:40px\" aria-hidden=\"true\" class=\" wp-block-spacer eplus-wrapper\"><\/div>\n","protected":false},"excerpt":{"rendered":"<p>DIE VORTEILE DER MIETE Das Mieten von Temperaturkontrolll\u00f6sungen bringt das Beste aus allen Welten. Unsere Flotte ist im Durchschnitt nur 1,4 Jahre alt und wird sorgf\u00e4ltig gewartet und gr\u00fcndlich getestet, bevor sie f\u00fcr die Vermietung freigegeben wird. Unser erfahrenes und engagiertes Vermietungsteam liefert L\u00f6sungen, die speziell auf die Bed\u00fcrfnisse Ihres Unternehmens zugeschnitten sind. Ob in &#8230; <a title=\"Vorteile einer Anstellung\" class=\"read-more\" href=\"https:\/\/www.icscoolenergy.com\/ch\/loesungen\/vorteile-einer-anstellung\/\" aria-label=\"More on Vorteile einer Anstellung\">Weiterlesen<\/a><\/p>\n","protected":false},"author":1,"featured_media":0,"parent":86216,"menu_order":0,"comment_status":"closed","ping_status":"closed","template":"template-1.php","meta":{"_acf_changed":false,"inline_featured_image":false,"_editorskit_title_hidden":false,"_editorskit_reading_time":0,"_editorskit_is_block_options_detached":false,"_editorskit_block_options_position":"{}","editor_plus_copied_stylings":"{}","footnotes":""},"class_list":["post-86311","page","type-page","status-publish"],"acf":[],"yoast_head":"<!-- This site is optimized with the Yoast SEO Premium plugin v24.5 (Yoast SEO v26.9) - https:\/\/yoast.com\/product\/yoast-seo-premium-wordpress\/ -->\n<title>Vorteile einer Anstellung | Switzerland<\/title>\n<meta name=\"robots\" content=\"index, follow, max-snippet:-1, max-image-preview:large, max-video-preview:-1\" \/>\n<link rel=\"canonical\" href=\"https:\/\/www.icscoolenergy.com\/ch\/loesungen\/vorteile-einer-anstellung\/\" \/>\n<meta property=\"og:locale\" content=\"de_DE\" \/>\n<meta property=\"og:type\" content=\"article\" \/>\n<meta property=\"og:title\" content=\"Vorteile einer Anstellung\" \/>\n<meta property=\"og:description\" content=\"DIE VORTEILE DER MIETE Das Mieten von Temperaturkontrolll\u00f6sungen bringt das Beste aus allen Welten. Unsere Flotte ist im Durchschnitt nur 1,4 Jahre alt und wird sorgf\u00e4ltig gewartet und gr\u00fcndlich getestet, bevor sie f\u00fcr die Vermietung freigegeben wird. Unser erfahrenes und engagiertes Vermietungsteam liefert L\u00f6sungen, die speziell auf die Bed\u00fcrfnisse Ihres Unternehmens zugeschnitten sind. Ob in ... Weiterlesen\" \/>\n<meta property=\"og:url\" content=\"https:\/\/www.icscoolenergy.com\/ch\/loesungen\/vorteile-einer-anstellung\/\" \/>\n<meta property=\"og:site_name\" content=\"Switzerland\" \/>\n<meta property=\"article:modified_time\" content=\"2024-11-29T07:52:42+00:00\" \/>\n<meta property=\"og:image\" content=\"https:\/\/www.icscoolenergy.com\/ch\/wp-content\/uploads\/sites\/11\/2024\/05\/Our-hire-process.jpg\" \/>\n<meta name=\"twitter:card\" content=\"summary_large_image\" \/>\n<meta name=\"twitter:label1\" content=\"Est. reading time\" \/>\n\t<meta name=\"twitter:data1\" content=\"2 Minuten\" \/>\n<script type=\"application\/ld+json\" class=\"yoast-schema-graph\">{\"@context\":\"https:\/\/schema.org\",\"@graph\":[{\"@type\":\"WebPage\",\"@id\":\"https:\/\/www.icscoolenergy.com\/ch\/loesungen\/vorteile-einer-anstellung\/\",\"url\":\"https:\/\/www.icscoolenergy.com\/ch\/loesungen\/vorteile-einer-anstellung\/\",\"name\":\"Vorteile einer Anstellung | Switzerland\",\"isPartOf\":{\"@id\":\"https:\/\/www.icscoolenergy.com\/ch\/#website\"},\"primaryImageOfPage\":{\"@id\":\"https:\/\/www.icscoolenergy.com\/ch\/loesungen\/vorteile-einer-anstellung\/#primaryimage\"},\"image\":{\"@id\":\"https:\/\/www.icscoolenergy.com\/ch\/loesungen\/vorteile-einer-anstellung\/#primaryimage\"},\"thumbnailUrl\":\"https:\/\/www.icscoolenergy.com\/ch\/wp-content\/uploads\/sites\/11\/2024\/05\/Our-hire-process.jpg\",\"datePublished\":\"2024-04-08T14:33:13+00:00\",\"dateModified\":\"2024-11-29T07:52:42+00:00\",\"breadcrumb\":{\"@id\":\"https:\/\/www.icscoolenergy.com\/ch\/loesungen\/vorteile-einer-anstellung\/#breadcrumb\"},\"inLanguage\":\"de-DE\",\"potentialAction\":[{\"@type\":\"ReadAction\",\"target\":[\"https:\/\/www.icscoolenergy.com\/ch\/loesungen\/vorteile-einer-anstellung\/\"]}]},{\"@type\":\"ImageObject\",\"inLanguage\":\"de-DE\",\"@id\":\"https:\/\/www.icscoolenergy.com\/ch\/loesungen\/vorteile-einer-anstellung\/#primaryimage\",\"url\":\"https:\/\/www.icscoolenergy.com\/ch\/wp-content\/uploads\/sites\/11\/2024\/05\/Our-hire-process.jpg\",\"contentUrl\":\"https:\/\/www.icscoolenergy.com\/ch\/wp-content\/uploads\/sites\/11\/2024\/05\/Our-hire-process.jpg\"},{\"@type\":\"BreadcrumbList\",\"@id\":\"https:\/\/www.icscoolenergy.com\/ch\/loesungen\/vorteile-einer-anstellung\/#breadcrumb\",\"itemListElement\":[{\"@type\":\"ListItem\",\"position\":1,\"name\":\"Home\",\"item\":\"https:\/\/www.icscoolenergy.com\/ch\/\"},{\"@type\":\"ListItem\",\"position\":2,\"name\":\"L\u00f6sungen\",\"item\":\"https:\/\/www.icscoolenergy.com\/ch\/loesungen\/\"},{\"@type\":\"ListItem\",\"position\":3,\"name\":\"Vorteile einer Anstellung\"}]},{\"@type\":\"WebSite\",\"@id\":\"https:\/\/www.icscoolenergy.com\/ch\/#website\",\"url\":\"https:\/\/www.icscoolenergy.com\/ch\/\",\"name\":\"ICS Cool Energy\",\"description\":\"The Process Temperature Control Specialists\",\"publisher\":{\"@id\":\"https:\/\/www.icscoolenergy.com\/ch\/#organization\"},\"alternateName\":\"ICS\",\"potentialAction\":[{\"@type\":\"SearchAction\",\"target\":{\"@type\":\"EntryPoint\",\"urlTemplate\":\"https:\/\/www.icscoolenergy.com\/ch\/?s={search_term_string}\"},\"query-input\":{\"@type\":\"PropertyValueSpecification\",\"valueRequired\":true,\"valueName\":\"search_term_string\"}}],\"inLanguage\":\"de-DE\"},{\"@type\":\"Organization\",\"@id\":\"https:\/\/www.icscoolenergy.com\/ch\/#organization\",\"name\":\"ICS Cool Energy\",\"url\":\"https:\/\/www.icscoolenergy.com\/ch\/\",\"logo\":{\"@type\":\"ImageObject\",\"inLanguage\":\"de-DE\",\"@id\":\"https:\/\/www.icscoolenergy.com\/ch\/#\/schema\/logo\/image\/\",\"url\":\"https:\/\/www.icscoolenergy.com\/wp-content\/uploads\/sites\/11\/2024\/01\/ics-cool-energy-logo.svg\",\"contentUrl\":\"https:\/\/www.icscoolenergy.com\/wp-content\/uploads\/sites\/11\/2024\/01\/ics-cool-energy-logo.svg\",\"caption\":\"ICS Cool Energy\"},\"image\":{\"@id\":\"https:\/\/www.icscoolenergy.com\/ch\/#\/schema\/logo\/image\/\"},\"sameAs\":[\"https:\/\/www.linkedin.com\/company\/ics-temperature-control\/\",\"https:\/\/www.youtube.com\/@ICSCoolEnergyLtd\"],\"description\":\"ICS Cool Energy is a market leader for process and critical temperature control solutions that keep all types and sizes of businesses and industry running. Our headquarters are situated in Southampton, with offices throughout the UK and Europe, employing over 250 people in the UK alone.\",\"email\":\"info@icscoolenergy.com\",\"telephone\":\"0800 840 4210\",\"legalName\":\"ICS Cool Energy Limited\",\"numberOfEmployees\":{\"@type\":\"QuantitativeValue\",\"minValue\":\"201\",\"maxValue\":\"500\"}}]}<\/script>\n<!-- \/ Yoast SEO Premium plugin. -->","yoast_head_json":{"title":"Vorteile einer Anstellung | Switzerland","robots":{"index":"index","follow":"follow","max-snippet":"max-snippet:-1","max-image-preview":"max-image-preview:large","max-video-preview":"max-video-preview:-1"},"canonical":"https:\/\/www.icscoolenergy.com\/ch\/loesungen\/vorteile-einer-anstellung\/","og_locale":"de_DE","og_type":"article","og_title":"Vorteile einer Anstellung","og_description":"DIE VORTEILE DER MIETE Das Mieten von Temperaturkontrolll\u00f6sungen bringt das Beste aus allen Welten. Unsere Flotte ist im Durchschnitt nur 1,4 Jahre alt und wird sorgf\u00e4ltig gewartet und gr\u00fcndlich getestet, bevor sie f\u00fcr die Vermietung freigegeben wird. Unser erfahrenes und engagiertes Vermietungsteam liefert L\u00f6sungen, die speziell auf die Bed\u00fcrfnisse Ihres Unternehmens zugeschnitten sind. Ob in ... Weiterlesen","og_url":"https:\/\/www.icscoolenergy.com\/ch\/loesungen\/vorteile-einer-anstellung\/","og_site_name":"Switzerland","article_modified_time":"2024-11-29T07:52:42+00:00","og_image":[{"url":"https:\/\/www.icscoolenergy.com\/ch\/wp-content\/uploads\/sites\/11\/2024\/05\/Our-hire-process.jpg","type":"","width":"","height":""}],"twitter_card":"summary_large_image","twitter_misc":{"Est. reading time":"2 Minuten"},"schema":{"@context":"https:\/\/schema.org","@graph":[{"@type":"WebPage","@id":"https:\/\/www.icscoolenergy.com\/ch\/loesungen\/vorteile-einer-anstellung\/","url":"https:\/\/www.icscoolenergy.com\/ch\/loesungen\/vorteile-einer-anstellung\/","name":"Vorteile einer Anstellung | Switzerland","isPartOf":{"@id":"https:\/\/www.icscoolenergy.com\/ch\/#website"},"primaryImageOfPage":{"@id":"https:\/\/www.icscoolenergy.com\/ch\/loesungen\/vorteile-einer-anstellung\/#primaryimage"},"image":{"@id":"https:\/\/www.icscoolenergy.com\/ch\/loesungen\/vorteile-einer-anstellung\/#primaryimage"},"thumbnailUrl":"https:\/\/www.icscoolenergy.com\/ch\/wp-content\/uploads\/sites\/11\/2024\/05\/Our-hire-process.jpg","datePublished":"2024-04-08T14:33:13+00:00","dateModified":"2024-11-29T07:52:42+00:00","breadcrumb":{"@id":"https:\/\/www.icscoolenergy.com\/ch\/loesungen\/vorteile-einer-anstellung\/#breadcrumb"},"inLanguage":"de-DE","potentialAction":[{"@type":"ReadAction","target":["https:\/\/www.icscoolenergy.com\/ch\/loesungen\/vorteile-einer-anstellung\/"]}]},{"@type":"ImageObject","inLanguage":"de-DE","@id":"https:\/\/www.icscoolenergy.com\/ch\/loesungen\/vorteile-einer-anstellung\/#primaryimage","url":"https:\/\/www.icscoolenergy.com\/ch\/wp-content\/uploads\/sites\/11\/2024\/05\/Our-hire-process.jpg","contentUrl":"https:\/\/www.icscoolenergy.com\/ch\/wp-content\/uploads\/sites\/11\/2024\/05\/Our-hire-process.jpg"},{"@type":"BreadcrumbList","@id":"https:\/\/www.icscoolenergy.com\/ch\/loesungen\/vorteile-einer-anstellung\/#breadcrumb","itemListElement":[{"@type":"ListItem","position":1,"name":"Home","item":"https:\/\/www.icscoolenergy.com\/ch\/"},{"@type":"ListItem","position":2,"name":"L\u00f6sungen","item":"https:\/\/www.icscoolenergy.com\/ch\/loesungen\/"},{"@type":"ListItem","position":3,"name":"Vorteile einer Anstellung"}]},{"@type":"WebSite","@id":"https:\/\/www.icscoolenergy.com\/ch\/#website","url":"https:\/\/www.icscoolenergy.com\/ch\/","name":"ICS Cool Energy","description":"The Process Temperature Control Specialists","publisher":{"@id":"https:\/\/www.icscoolenergy.com\/ch\/#organization"},"alternateName":"ICS","potentialAction":[{"@type":"SearchAction","target":{"@type":"EntryPoint","urlTemplate":"https:\/\/www.icscoolenergy.com\/ch\/?s={search_term_string}"},"query-input":{"@type":"PropertyValueSpecification","valueRequired":true,"valueName":"search_term_string"}}],"inLanguage":"de-DE"},{"@type":"Organization","@id":"https:\/\/www.icscoolenergy.com\/ch\/#organization","name":"ICS Cool Energy","url":"https:\/\/www.icscoolenergy.com\/ch\/","logo":{"@type":"ImageObject","inLanguage":"de-DE","@id":"https:\/\/www.icscoolenergy.com\/ch\/#\/schema\/logo\/image\/","url":"https:\/\/www.icscoolenergy.com\/wp-content\/uploads\/sites\/11\/2024\/01\/ics-cool-energy-logo.svg","contentUrl":"https:\/\/www.icscoolenergy.com\/wp-content\/uploads\/sites\/11\/2024\/01\/ics-cool-energy-logo.svg","caption":"ICS Cool Energy"},"image":{"@id":"https:\/\/www.icscoolenergy.com\/ch\/#\/schema\/logo\/image\/"},"sameAs":["https:\/\/www.linkedin.com\/company\/ics-temperature-control\/","https:\/\/www.youtube.com\/@ICSCoolEnergyLtd"],"description":"ICS Cool Energy is a market leader for process and critical temperature control solutions that keep all types and sizes of businesses and industry running. Our headquarters are situated in Southampton, with offices throughout the UK and Europe, employing over 250 people in the UK alone.","email":"info@icscoolenergy.com","telephone":"0800 840 4210","legalName":"ICS Cool Energy Limited","numberOfEmployees":{"@type":"QuantitativeValue","minValue":"201","maxValue":"500"}}]}},"_links":{"self":[{"href":"https:\/\/www.icscoolenergy.com\/ch\/wp-json\/wp\/v2\/pages\/86311","targetHints":{"allow":["GET"]}}],"collection":[{"href":"https:\/\/www.icscoolenergy.com\/ch\/wp-json\/wp\/v2\/pages"}],"about":[{"href":"https:\/\/www.icscoolenergy.com\/ch\/wp-json\/wp\/v2\/types\/page"}],"author":[{"embeddable":true,"href":"https:\/\/www.icscoolenergy.com\/ch\/wp-json\/wp\/v2\/users\/1"}],"replies":[{"embeddable":true,"href":"https:\/\/www.icscoolenergy.com\/ch\/wp-json\/wp\/v2\/comments?post=86311"}],"version-history":[{"count":0,"href":"https:\/\/www.icscoolenergy.com\/ch\/wp-json\/wp\/v2\/pages\/86311\/revisions"}],"up":[{"embeddable":true,"href":"https:\/\/www.icscoolenergy.com\/ch\/wp-json\/wp\/v2\/pages\/86216"}],"wp:attachment":[{"href":"https:\/\/www.icscoolenergy.com\/ch\/wp-json\/wp\/v2\/media?parent=86311"}],"curies":[{"name":"wp","href":"https:\/\/api.w.org\/{rel}","templated":true}]}}