 
{"id":86368,"date":"2024-04-24T11:47:22","date_gmt":"2024-04-24T11:47:22","guid":{"rendered":"https:\/\/www.icscoolenergy.com\/ch\/modifikationen\/"},"modified":"2024-11-29T07:53:56","modified_gmt":"2024-11-29T07:53:56","slug":"modifikationen","status":"publish","type":"page","link":"https:\/\/www.icscoolenergy.com\/ch\/service\/modifikationen\/","title":{"rendered":"Modifikationen"},"content":{"rendered":"\n<div class=\"mb-8 eplus-wrapper wp-block-group is-layout-flow wp-block-group-is-layout-flow\">\n<div class=\"md:relative eplus-wrapper wp-block-group is-layout-flow wp-block-group-is-layout-flow\">\n<div class=\"eplus-wrapper wp-block-cover\" style=\"min-height:451px;aspect-ratio:unset;\"><span aria-hidden=\"true\" class=\"wp-block-cover__background has-background-dim-0 has-background-dim\"><\/span><img decoding=\"async\" width=\"1980\" height=\"871\" class=\"wp-block-cover__image-background wp-image-84120\" alt=\"Chiller Modifications\" src=\"https:\/\/www.icscoolenergy.com\/ch\/wp-content\/uploads\/sites\/11\/2024\/04\/Chiller-Modifications-1.jpg\" data-object-fit=\"cover\" srcset=\"https:\/\/www.icscoolenergy.com\/wp-content\/uploads\/sites\/11\/2024\/04\/Chiller-Modifications-1.jpg 1980w, https:\/\/www.icscoolenergy.com\/wp-content\/uploads\/sites\/11\/2024\/04\/Chiller-Modifications-1-300x132.jpg 300w, https:\/\/www.icscoolenergy.com\/wp-content\/uploads\/sites\/11\/2024\/04\/Chiller-Modifications-1-1024x450.jpg 1024w, https:\/\/www.icscoolenergy.com\/wp-content\/uploads\/sites\/11\/2024\/04\/Chiller-Modifications-1-768x338.jpg 768w, https:\/\/www.icscoolenergy.com\/wp-content\/uploads\/sites\/11\/2024\/04\/Chiller-Modifications-1-50x22.jpg 50w, https:\/\/www.icscoolenergy.com\/wp-content\/uploads\/sites\/11\/2024\/04\/Chiller-Modifications-1-1600x704.jpg 1600w, https:\/\/www.icscoolenergy.com\/wp-content\/uploads\/sites\/11\/2024\/04\/Chiller-Modifications-1-1536x676.jpg 1536w, https:\/\/www.icscoolenergy.com\/wp-content\/uploads\/sites\/11\/2024\/04\/Chiller-Modifications-1-600x264.jpg 600w\" sizes=\"(max-width: 1980px) 100vw, 1980px\" \/><div class=\"wp-block-cover__inner-container is-layout-flow wp-block-cover-is-layout-flow\">\n<p class=\" has-text-align-center has-large-font-size eplus-wrapper\"><\/p>\n<\/div><\/div>\n\n\n\n<div class=\"rounded-tr-md sm:w-full md:w-[80%] md:h-fit md:top-[80%] relative md:-mt-[10%] z-[1] md:left-0 eplus-wrapper wp-block-group has-background is-layout-constrained wp-block-group-is-layout-constrained\" style=\"background-color:#eaeaef\">\n<h1 class=\"eplus-wrapper pt-8 wp-block-heading has-text-color has-link-color wp-elements-50a341cfedc766a74b6c17a2007d1c04\" id=\"h-chiller-modifications\" style=\"color:#312f5f\">\u00c4NDERUNGEN AN DER K\u00c4LTEMASCHINE<\/h1>\n\n\n\n<p class=\" eplus-wrapper\">Was auch immer die Anwendung ist, wir k\u00f6nnen mit unserem hauseigenen Modifikationsteam eine optimale L\u00f6sung f\u00fcr Ihre Bed\u00fcrfnisse entwerfen und bauen.  <\/p>\n\n\n\n<p class=\" eplus-wrapper\">Als Gro\u00dfbritanniens f\u00fchrender Spezialist f\u00fcr die Kontrolle von kritischen und Prozesstemperaturen verf\u00fcgen wir \u00fcber umfangreiche Erfahrungen bei der Entwicklung ma\u00dfgeschneiderter L\u00f6sungen f\u00fcr alle kritischen und prozessbezogenen M\u00e4rkte und Anwendungen.<\/p>\n\n\n\n<p class=\" eplus-wrapper\">Wir wissen, dass einige Prozesse besondere Anforderungen stellen, die nicht immer mit einem Standardk\u00fchler erf\u00fcllt werden k\u00f6nnen.\nWir k\u00f6nnen vollst\u00e4ndig nach Ihren genauen Spezifikationen entwerfen und anfertigen, nicht nur durch Modifikationen in einem Lager.\nGanz gleich, ob Ihre Anwendung bestimmte Materialien, eine bestimmte Leistung, einen bestimmten Platzbedarf oder einen bestimmten CO2-Fu\u00dfabdruck erfordert, Sie k\u00f6nnen sich darauf verlassen, dass wir sie herstellen.  <\/p>\n\n\n\n<p class=\" eplus-wrapper\">Unser Team testet jede einzelne K\u00e4ltemaschine im Werk und kann FAT (Factory Acceptance Tests pers\u00f6nlich oder per Video), schl\u00fcsselfertige Installationsservices, SAT (Site Acceptance Tests) und Inbetriebnahme nach Wunsch anbieten.<\/p>\n<\/div>\n<\/div>\n\n\n\n<div style=\"height:60px\" aria-hidden=\"true\" class=\"xs:hidden md:block eplus-wrapper wp-block-spacer\"><\/div>\n<\/div>\n\n<div class=\"wp-block-group eplus-wrapper is-layout-flow wp-block-group-is-layout-flow\"><div class=\"items-center md:flex xs:grid wp-block-columns eplus-wrapper is-layout-flex wp-container-core-columns-is-layout-9d6595d7 wp-block-columns-is-layout-flex eplus-styles-uid-afbeaa\">\n<div class=\"xs:order-2 md:order-2 xs:w-full md:w-6\/12 xs:mb-12 md:mb-0 wp-block-column eplus-wrapper is-layout-flow wp-block-column-is-layout-flow\">\n<figure class=\" wp-block-image size-full is-resized eplus-wrapper\"><img decoding=\"async\" width=\"600\" height=\"458\" src=\"https:\/\/www.icscoolenergy.com\/ch\/wp-content\/uploads\/sites\/11\/2024\/04\/Chiller-Modification-CTAjpg-1.jpg\" alt=\"\" class=\"wp-image-84125\" style=\"width:720px\" srcset=\"https:\/\/www.icscoolenergy.com\/wp-content\/uploads\/sites\/11\/2024\/04\/Chiller-Modification-CTAjpg-1.jpg 600w, https:\/\/www.icscoolenergy.com\/wp-content\/uploads\/sites\/11\/2024\/04\/Chiller-Modification-CTAjpg-1-300x229.jpg 300w, https:\/\/www.icscoolenergy.com\/wp-content\/uploads\/sites\/11\/2024\/04\/Chiller-Modification-CTAjpg-1-50x38.jpg 50w\" sizes=\"(max-width: 600px) 100vw, 600px\" \/><\/figure>\n<\/div>\n\n\n\n<div class=\"xs:order-1 md:order-1 xs:w-full md:w-6\/12 wp-block-column eplus-wrapper is-layout-flow wp-block-column-is-layout-flow\">\n<h3 class=\" wp-block-heading eplus-wrapper\" id=\"h-modifications-include\"><strong>\u00c4NDERUNGEN UMFASSEN:<\/strong><\/h3>\n\n\n\n<div class=\"wp-block-group eplus-wrapper is-content-justification-left is-nowrap is-layout-flex wp-container-core-group-is-layout-f56a869c wp-block-group-is-layout-flex\">\n<figure class=\" wp-block-image size-large is-resized eplus-wrapper\"><img decoding=\"async\" width=\"87\" height=\"100\" src=\"https:\/\/www.icscoolenergy.com\/ch\/wp-content\/uploads\/sites\/11\/2024\/04\/Icons-2024_compliance.svg\" alt=\"\" class=\"wp-image-79453\" style=\"width:28px;height:auto\"><\/figure>\n\n\n\n<p class=\" eplus-wrapper\">Pumpe (keine Pumpe, 3 bar, 5 bar, 3 bar Betrieb\/Bereitschaft, 5 bar Betrieb\/Bereitschaft)<\/p>\n<\/div>\n\n\n\n<div style=\"height:8px\" aria-hidden=\"true\" class=\" wp-block-spacer eplus-wrapper\"><\/div>\n\n\n\n<div class=\"wp-block-group eplus-wrapper is-content-justification-left is-nowrap is-layout-flex wp-container-core-group-is-layout-f56a869c wp-block-group-is-layout-flex\">\n<figure class=\" wp-block-image size-large is-resized eplus-wrapper\"><img decoding=\"async\" width=\"87\" height=\"100\" src=\"https:\/\/www.icscoolenergy.com\/ch\/wp-content\/uploads\/sites\/11\/2024\/04\/Icons-2024_compliance.svg\" alt=\"\" class=\"wp-image-79453\" style=\"width:28px;height:auto\"><\/figure>\n\n\n\n<p class=\"has-text-align-left has-text-color has-link-color eplus-wrapper wp-elements-e542cd6a61ca14bfb85f313c0a7981a5\" style=\"color:#323130\">Tank manuell bef\u00fcllen und entl\u00fcften<\/p>\n<\/div>\n\n\n\n<div style=\"height:8px\" aria-hidden=\"true\" class=\" wp-block-spacer eplus-wrapper\"><\/div>\n\n\n\n<div class=\"wp-block-group eplus-wrapper is-content-justification-left is-nowrap is-layout-flex wp-container-core-group-is-layout-f56a869c wp-block-group-is-layout-flex\">\n<figure class=\" wp-block-image size-large is-resized eplus-wrapper\"><img decoding=\"async\" width=\"87\" height=\"100\" src=\"https:\/\/www.icscoolenergy.com\/ch\/wp-content\/uploads\/sites\/11\/2024\/04\/Icons-2024_compliance.svg\" alt=\"\" class=\"wp-image-79453\" style=\"width:28px;height:auto\"><\/figure>\n\n\n\n<p class=\"has-text-align-left has-text-color has-link-color eplus-wrapper wp-elements-a55af5c163a8c41153bd6beaf0d7491f\" style=\"color:#323130\">Manuell \/ Druckentlastung Bypass<\/p>\n<\/div>\n\n\n\n<div style=\"height:8px\" aria-hidden=\"true\" class=\" wp-block-spacer eplus-wrapper\"><\/div>\n\n\n\n<div class=\"wp-block-group eplus-wrapper is-content-justification-left is-nowrap is-layout-flex wp-container-core-group-is-layout-f56a869c wp-block-group-is-layout-flex\">\n<figure class=\" wp-block-image size-large is-resized eplus-wrapper\"><img decoding=\"async\" width=\"87\" height=\"100\" src=\"https:\/\/www.icscoolenergy.com\/ch\/wp-content\/uploads\/sites\/11\/2024\/04\/Icons-2024_compliance.svg\" alt=\"\" class=\"wp-image-79453\" style=\"width:28px;height:auto\"><\/figure>\n\n\n\n<p class=\" eplus-wrapper\">Anti-R\u00fcckfluss-Kit (Magnetventil und R\u00fcckschlagventil)<\/p>\n<\/div>\n\n\n\n<div style=\"height:8px\" aria-hidden=\"true\" class=\" wp-block-spacer eplus-wrapper\"><\/div>\n\n\n\n<div class=\"wp-block-group eplus-wrapper is-content-justification-left is-nowrap is-layout-flex wp-container-core-group-is-layout-f56a869c wp-block-group-is-layout-flex\">\n<figure class=\" wp-block-image size-large is-resized eplus-wrapper\"><img decoding=\"async\" width=\"87\" height=\"100\" src=\"https:\/\/www.icscoolenergy.com\/ch\/wp-content\/uploads\/sites\/11\/2024\/04\/Icons-2024_compliance.svg\" alt=\"\" class=\"wp-image-79453\" style=\"width:28px;height:auto\"><\/figure>\n\n\n\n<p class=\"has-text-align-left has-text-color has-link-color eplus-wrapper wp-elements-076a303ade041639d5fd727d1c649416\" style=\"color:#323130\">Rahmenfarbe passend zu Ihrer Einrichtung<\/p>\n<\/div>\n\n\n\n<div style=\"height:8px\" aria-hidden=\"true\" class=\" wp-block-spacer eplus-wrapper\"><\/div>\n<\/div>\n<\/div><\/div>\n\n<div style=\"height:80px\" aria-hidden=\"true\" class=\" wp-block-spacer eplus-wrapper\"><\/div>\n","protected":false},"excerpt":{"rendered":"<p>\u00c4NDERUNGEN AN DER K\u00c4LTEMASCHINE Was auch immer die Anwendung ist, wir k\u00f6nnen mit unserem hauseigenen Modifikationsteam eine optimale L\u00f6sung f\u00fcr Ihre Bed\u00fcrfnisse entwerfen und bauen. Als Gro\u00dfbritanniens f\u00fchrender Spezialist f\u00fcr die Kontrolle von kritischen und Prozesstemperaturen verf\u00fcgen wir \u00fcber umfangreiche Erfahrungen bei der Entwicklung ma\u00dfgeschneiderter L\u00f6sungen f\u00fcr alle kritischen und prozessbezogenen M\u00e4rkte und Anwendungen. Wir &#8230; <a title=\"Modifikationen\" class=\"read-more\" href=\"https:\/\/www.icscoolenergy.com\/ch\/service\/modifikationen\/\" aria-label=\"More on Modifikationen\">Weiterlesen<\/a><\/p>\n","protected":false},"author":8,"featured_media":0,"parent":86407,"menu_order":0,"comment_status":"closed","ping_status":"closed","template":"template-1.php","meta":{"_acf_changed":false,"inline_featured_image":false,"_editorskit_title_hidden":false,"_editorskit_reading_time":0,"_editorskit_is_block_options_detached":false,"_editorskit_block_options_position":"{}","editor_plus_copied_stylings":"{}","footnotes":""},"class_list":["post-86368","page","type-page","status-publish"],"acf":[],"yoast_head":"<!-- This site is optimized with the Yoast SEO Premium plugin v24.5 (Yoast SEO v26.9) - https:\/\/yoast.com\/product\/yoast-seo-premium-wordpress\/ -->\n<title>Modifikationen | Switzerland<\/title>\n<meta name=\"robots\" content=\"index, follow, max-snippet:-1, max-image-preview:large, max-video-preview:-1\" \/>\n<link rel=\"canonical\" href=\"https:\/\/www.icscoolenergy.com\/ch\/service\/modifikationen\/\" \/>\n<meta property=\"og:locale\" content=\"de_DE\" \/>\n<meta property=\"og:type\" content=\"article\" \/>\n<meta property=\"og:title\" content=\"Modifikationen\" \/>\n<meta property=\"og:description\" content=\"\u00c4NDERUNGEN AN DER K\u00c4LTEMASCHINE Was auch immer die Anwendung ist, wir k\u00f6nnen mit unserem hauseigenen Modifikationsteam eine optimale L\u00f6sung f\u00fcr Ihre Bed\u00fcrfnisse entwerfen und bauen. Als Gro\u00dfbritanniens f\u00fchrender Spezialist f\u00fcr die Kontrolle von kritischen und Prozesstemperaturen verf\u00fcgen wir \u00fcber umfangreiche Erfahrungen bei der Entwicklung ma\u00dfgeschneiderter L\u00f6sungen f\u00fcr alle kritischen und prozessbezogenen M\u00e4rkte und Anwendungen. Wir ... Weiterlesen\" \/>\n<meta property=\"og:url\" content=\"https:\/\/www.icscoolenergy.com\/ch\/service\/modifikationen\/\" \/>\n<meta property=\"og:site_name\" content=\"Switzerland\" \/>\n<meta property=\"article:modified_time\" content=\"2024-11-29T07:53:56+00:00\" \/>\n<meta property=\"og:image\" content=\"https:\/\/www.icscoolenergy.com\/ch\/wp-content\/uploads\/sites\/11\/2024\/04\/Chiller-Modifications-1.jpg\" \/>\n<meta name=\"twitter:card\" content=\"summary_large_image\" \/>\n<meta name=\"twitter:label1\" content=\"Est. reading time\" \/>\n\t<meta name=\"twitter:data1\" content=\"1 Minute\" \/>\n<script type=\"application\/ld+json\" class=\"yoast-schema-graph\">{\"@context\":\"https:\/\/schema.org\",\"@graph\":[{\"@type\":\"WebPage\",\"@id\":\"https:\/\/www.icscoolenergy.com\/ch\/service\/modifikationen\/\",\"url\":\"https:\/\/www.icscoolenergy.com\/ch\/service\/modifikationen\/\",\"name\":\"Modifikationen | Switzerland\",\"isPartOf\":{\"@id\":\"https:\/\/www.icscoolenergy.com\/ch\/#website\"},\"primaryImageOfPage\":{\"@id\":\"https:\/\/www.icscoolenergy.com\/ch\/service\/modifikationen\/#primaryimage\"},\"image\":{\"@id\":\"https:\/\/www.icscoolenergy.com\/ch\/service\/modifikationen\/#primaryimage\"},\"thumbnailUrl\":\"https:\/\/www.icscoolenergy.com\/ch\/wp-content\/uploads\/sites\/11\/2024\/04\/Chiller-Modifications-1.jpg\",\"datePublished\":\"2024-04-24T11:47:22+00:00\",\"dateModified\":\"2024-11-29T07:53:56+00:00\",\"breadcrumb\":{\"@id\":\"https:\/\/www.icscoolenergy.com\/ch\/service\/modifikationen\/#breadcrumb\"},\"inLanguage\":\"de-DE\",\"potentialAction\":[{\"@type\":\"ReadAction\",\"target\":[\"https:\/\/www.icscoolenergy.com\/ch\/service\/modifikationen\/\"]}]},{\"@type\":\"ImageObject\",\"inLanguage\":\"de-DE\",\"@id\":\"https:\/\/www.icscoolenergy.com\/ch\/service\/modifikationen\/#primaryimage\",\"url\":\"https:\/\/www.icscoolenergy.com\/ch\/wp-content\/uploads\/sites\/11\/2024\/04\/Chiller-Modifications-1.jpg\",\"contentUrl\":\"https:\/\/www.icscoolenergy.com\/ch\/wp-content\/uploads\/sites\/11\/2024\/04\/Chiller-Modifications-1.jpg\"},{\"@type\":\"BreadcrumbList\",\"@id\":\"https:\/\/www.icscoolenergy.com\/ch\/service\/modifikationen\/#breadcrumb\",\"itemListElement\":[{\"@type\":\"ListItem\",\"position\":1,\"name\":\"Home\",\"item\":\"https:\/\/www.icscoolenergy.com\/ch\/\"},{\"@type\":\"ListItem\",\"position\":2,\"name\":\"Service\",\"item\":\"https:\/\/www.icscoolenergy.com\/ch\/service\/\"},{\"@type\":\"ListItem\",\"position\":3,\"name\":\"Modifikationen\"}]},{\"@type\":\"WebSite\",\"@id\":\"https:\/\/www.icscoolenergy.com\/ch\/#website\",\"url\":\"https:\/\/www.icscoolenergy.com\/ch\/\",\"name\":\"ICS Cool Energy\",\"description\":\"The Process Temperature Control Specialists\",\"publisher\":{\"@id\":\"https:\/\/www.icscoolenergy.com\/ch\/#organization\"},\"alternateName\":\"ICS\",\"potentialAction\":[{\"@type\":\"SearchAction\",\"target\":{\"@type\":\"EntryPoint\",\"urlTemplate\":\"https:\/\/www.icscoolenergy.com\/ch\/?s={search_term_string}\"},\"query-input\":{\"@type\":\"PropertyValueSpecification\",\"valueRequired\":true,\"valueName\":\"search_term_string\"}}],\"inLanguage\":\"de-DE\"},{\"@type\":\"Organization\",\"@id\":\"https:\/\/www.icscoolenergy.com\/ch\/#organization\",\"name\":\"ICS Cool Energy\",\"url\":\"https:\/\/www.icscoolenergy.com\/ch\/\",\"logo\":{\"@type\":\"ImageObject\",\"inLanguage\":\"de-DE\",\"@id\":\"https:\/\/www.icscoolenergy.com\/ch\/#\/schema\/logo\/image\/\",\"url\":\"https:\/\/www.icscoolenergy.com\/wp-content\/uploads\/sites\/11\/2024\/01\/ics-cool-energy-logo.svg\",\"contentUrl\":\"https:\/\/www.icscoolenergy.com\/wp-content\/uploads\/sites\/11\/2024\/01\/ics-cool-energy-logo.svg\",\"caption\":\"ICS Cool Energy\"},\"image\":{\"@id\":\"https:\/\/www.icscoolenergy.com\/ch\/#\/schema\/logo\/image\/\"},\"sameAs\":[\"https:\/\/www.linkedin.com\/company\/ics-temperature-control\/\",\"https:\/\/www.youtube.com\/@ICSCoolEnergyLtd\"],\"description\":\"ICS Cool Energy is a market leader for process and critical temperature control solutions that keep all types and sizes of businesses and industry running. Our headquarters are situated in Southampton, with offices throughout the UK and Europe, employing over 250 people in the UK alone.\",\"email\":\"info@icscoolenergy.com\",\"telephone\":\"0800 840 4210\",\"legalName\":\"ICS Cool Energy Limited\",\"numberOfEmployees\":{\"@type\":\"QuantitativeValue\",\"minValue\":\"201\",\"maxValue\":\"500\"}}]}<\/script>\n<!-- \/ Yoast SEO Premium plugin. -->","yoast_head_json":{"title":"Modifikationen | Switzerland","robots":{"index":"index","follow":"follow","max-snippet":"max-snippet:-1","max-image-preview":"max-image-preview:large","max-video-preview":"max-video-preview:-1"},"canonical":"https:\/\/www.icscoolenergy.com\/ch\/service\/modifikationen\/","og_locale":"de_DE","og_type":"article","og_title":"Modifikationen","og_description":"\u00c4NDERUNGEN AN DER K\u00c4LTEMASCHINE Was auch immer die Anwendung ist, wir k\u00f6nnen mit unserem hauseigenen Modifikationsteam eine optimale L\u00f6sung f\u00fcr Ihre Bed\u00fcrfnisse entwerfen und bauen. Als Gro\u00dfbritanniens f\u00fchrender Spezialist f\u00fcr die Kontrolle von kritischen und Prozesstemperaturen verf\u00fcgen wir \u00fcber umfangreiche Erfahrungen bei der Entwicklung ma\u00dfgeschneiderter L\u00f6sungen f\u00fcr alle kritischen und prozessbezogenen M\u00e4rkte und Anwendungen. Wir ... Weiterlesen","og_url":"https:\/\/www.icscoolenergy.com\/ch\/service\/modifikationen\/","og_site_name":"Switzerland","article_modified_time":"2024-11-29T07:53:56+00:00","og_image":[{"url":"https:\/\/www.icscoolenergy.com\/ch\/wp-content\/uploads\/sites\/11\/2024\/04\/Chiller-Modifications-1.jpg","type":"","width":"","height":""}],"twitter_card":"summary_large_image","twitter_misc":{"Est. reading time":"1 Minute"},"schema":{"@context":"https:\/\/schema.org","@graph":[{"@type":"WebPage","@id":"https:\/\/www.icscoolenergy.com\/ch\/service\/modifikationen\/","url":"https:\/\/www.icscoolenergy.com\/ch\/service\/modifikationen\/","name":"Modifikationen | Switzerland","isPartOf":{"@id":"https:\/\/www.icscoolenergy.com\/ch\/#website"},"primaryImageOfPage":{"@id":"https:\/\/www.icscoolenergy.com\/ch\/service\/modifikationen\/#primaryimage"},"image":{"@id":"https:\/\/www.icscoolenergy.com\/ch\/service\/modifikationen\/#primaryimage"},"thumbnailUrl":"https:\/\/www.icscoolenergy.com\/ch\/wp-content\/uploads\/sites\/11\/2024\/04\/Chiller-Modifications-1.jpg","datePublished":"2024-04-24T11:47:22+00:00","dateModified":"2024-11-29T07:53:56+00:00","breadcrumb":{"@id":"https:\/\/www.icscoolenergy.com\/ch\/service\/modifikationen\/#breadcrumb"},"inLanguage":"de-DE","potentialAction":[{"@type":"ReadAction","target":["https:\/\/www.icscoolenergy.com\/ch\/service\/modifikationen\/"]}]},{"@type":"ImageObject","inLanguage":"de-DE","@id":"https:\/\/www.icscoolenergy.com\/ch\/service\/modifikationen\/#primaryimage","url":"https:\/\/www.icscoolenergy.com\/ch\/wp-content\/uploads\/sites\/11\/2024\/04\/Chiller-Modifications-1.jpg","contentUrl":"https:\/\/www.icscoolenergy.com\/ch\/wp-content\/uploads\/sites\/11\/2024\/04\/Chiller-Modifications-1.jpg"},{"@type":"BreadcrumbList","@id":"https:\/\/www.icscoolenergy.com\/ch\/service\/modifikationen\/#breadcrumb","itemListElement":[{"@type":"ListItem","position":1,"name":"Home","item":"https:\/\/www.icscoolenergy.com\/ch\/"},{"@type":"ListItem","position":2,"name":"Service","item":"https:\/\/www.icscoolenergy.com\/ch\/service\/"},{"@type":"ListItem","position":3,"name":"Modifikationen"}]},{"@type":"WebSite","@id":"https:\/\/www.icscoolenergy.com\/ch\/#website","url":"https:\/\/www.icscoolenergy.com\/ch\/","name":"ICS Cool Energy","description":"The Process Temperature Control Specialists","publisher":{"@id":"https:\/\/www.icscoolenergy.com\/ch\/#organization"},"alternateName":"ICS","potentialAction":[{"@type":"SearchAction","target":{"@type":"EntryPoint","urlTemplate":"https:\/\/www.icscoolenergy.com\/ch\/?s={search_term_string}"},"query-input":{"@type":"PropertyValueSpecification","valueRequired":true,"valueName":"search_term_string"}}],"inLanguage":"de-DE"},{"@type":"Organization","@id":"https:\/\/www.icscoolenergy.com\/ch\/#organization","name":"ICS Cool Energy","url":"https:\/\/www.icscoolenergy.com\/ch\/","logo":{"@type":"ImageObject","inLanguage":"de-DE","@id":"https:\/\/www.icscoolenergy.com\/ch\/#\/schema\/logo\/image\/","url":"https:\/\/www.icscoolenergy.com\/wp-content\/uploads\/sites\/11\/2024\/01\/ics-cool-energy-logo.svg","contentUrl":"https:\/\/www.icscoolenergy.com\/wp-content\/uploads\/sites\/11\/2024\/01\/ics-cool-energy-logo.svg","caption":"ICS Cool Energy"},"image":{"@id":"https:\/\/www.icscoolenergy.com\/ch\/#\/schema\/logo\/image\/"},"sameAs":["https:\/\/www.linkedin.com\/company\/ics-temperature-control\/","https:\/\/www.youtube.com\/@ICSCoolEnergyLtd"],"description":"ICS Cool Energy is a market leader for process and critical temperature control solutions that keep all types and sizes of businesses and industry running. Our headquarters are situated in Southampton, with offices throughout the UK and Europe, employing over 250 people in the UK alone.","email":"info@icscoolenergy.com","telephone":"0800 840 4210","legalName":"ICS Cool Energy Limited","numberOfEmployees":{"@type":"QuantitativeValue","minValue":"201","maxValue":"500"}}]}},"_links":{"self":[{"href":"https:\/\/www.icscoolenergy.com\/ch\/wp-json\/wp\/v2\/pages\/86368","targetHints":{"allow":["GET"]}}],"collection":[{"href":"https:\/\/www.icscoolenergy.com\/ch\/wp-json\/wp\/v2\/pages"}],"about":[{"href":"https:\/\/www.icscoolenergy.com\/ch\/wp-json\/wp\/v2\/types\/page"}],"author":[{"embeddable":true,"href":"https:\/\/www.icscoolenergy.com\/ch\/wp-json\/wp\/v2\/users\/8"}],"replies":[{"embeddable":true,"href":"https:\/\/www.icscoolenergy.com\/ch\/wp-json\/wp\/v2\/comments?post=86368"}],"version-history":[{"count":0,"href":"https:\/\/www.icscoolenergy.com\/ch\/wp-json\/wp\/v2\/pages\/86368\/revisions"}],"up":[{"embeddable":true,"href":"https:\/\/www.icscoolenergy.com\/ch\/wp-json\/wp\/v2\/pages\/86407"}],"wp:attachment":[{"href":"https:\/\/www.icscoolenergy.com\/ch\/wp-json\/wp\/v2\/media?parent=86368"}],"curies":[{"name":"wp","href":"https:\/\/api.w.org\/{rel}","templated":true}]}}