 
{"id":86455,"date":"2024-01-08T17:28:58","date_gmt":"2024-01-08T17:28:58","guid":{"rendered":"https:\/\/www.icscoolenergy.com\/ch\/alle-produkte\/"},"modified":"2024-11-29T07:54:12","modified_gmt":"2024-11-29T07:54:12","slug":"alle-produkte","status":"publish","type":"page","link":"https:\/\/www.icscoolenergy.com\/ch\/alle-produkte\/","title":{"rendered":"Alle Produkte"},"content":{"rendered":"\n<div style=\"height:60px\" aria-hidden=\"true\" class=\" wp-block-spacer eplus-wrapper\"><\/div>\n\n<h1 class=\" wp-block-heading eplus-wrapper\" id=\"h-all-products\">ALLE PRODUKTE<\/h1>\n\n<p class=\" eplus-wrapper\">Entdecken Sie unser komplettes Sortiment an K\u00fchl- und Heizprodukten, die die neueste leistungsstarke und energieeffiziente Technologie bieten. Unabh\u00e4ngig davon, ob Sie mieten oder kaufen, unser hauseigenes Design- und Projektmanagementteam arbeitet eng mit Ihnen zusammen, um sicherzustellen, dass Ihre Prozessk\u00fchlungs-, Heizungs- oder Temperaturregelungsger\u00e4te auf die Stellfl\u00e4che, den Betrieb und die Produktionsanforderungen Ihres Standorts zugeschnitten sind. <\/p>\n\n<div style=\"height:30px\" aria-hidden=\"true\" class=\" wp-block-spacer eplus-wrapper\"><\/div>\n\n<div class=\"tabs\">\n    <ul class=\"tab-titles\">\n                <li class=\"tab-title\" data-tab-index=\"0\">\n            Cooling products        <\/li>\n                <li class=\"tab-title\" data-tab-index=\"1\">\n            Heating products        <\/li>\n            <\/ul>\n\n    <div class=\"tab-contents\">\n                <div class=\"tab-content\" data-tab-index=\"0\">\n            <div class=\"card-container\">\n                                                <div class=\"card\">\n                                                                                <h3 class=\"no-icon\">Chillers<\/h3>\n                                                            <p>Market leading high performance process chiller for hire, sales and service.<\/p>\n                                                                                <a\n                        href=\"https:\/\/www.icscoolenergy.com\/ch\/chiller\/\">View products<\/a>\n                                    <\/div>\n                                <div class=\"card\">\n                                                                                <h3 class=\"no-icon\">Free cooling<\/h3>\n                                                            <p>Improve energy efficiency with free cooling units to hire or buy.<\/p>\n                                                                                <a\n                        href=\"https:\/\/www.icscoolenergy.com\/ch\/free-cooling\/\">View products<\/a>\n                                    <\/div>\n                                <div class=\"card\">\n                                                                                <h3 class=\"no-icon\">Cold storage hire<\/h3>\n                                                            <p>Allowing you to keep your products or components at the optimum temperature.<\/p>\n                                                                                <a\n                        href=\"https:\/\/www.icscoolenergy.com\/ch\/cold-storage\/cold-storage-hire\/\">View products<\/a>\n                                    <\/div>\n                                <div class=\"card\">\n                                                                                <h3 class=\"no-icon\">Temperature control units<\/h3>\n                                                            <p>TCU&#039;s for sale offer a huge performance range and unrivalled temperature control.<\/p>\n                                                                                <a\n                        href=\"https:\/\/www.icscoolenergy.com\/ch\/temperature-control-unit\/temperature-control-unit-sales\/\">View products<\/a>\n                                    <\/div>\n                                <div class=\"card\">\n                                                                                <h3 class=\"no-icon\">Air conditioning hire<\/h3>\n                                                            <p>Discover our range of quiet and powerful portable air conditioning units.<\/p>\n                                                                                <a\n                        href=\"https:\/\/www.icscoolenergy.com\/ch\/air-conditioning\/air-conditioning-hire\/\">View products<\/a>\n                                    <\/div>\n                                <div class=\"card\">\n                                                                                <h3 class=\"no-icon\">Heat pump chiller hire<\/h3>\n                                                            <p>Our reversible heat pump chillers are built to a robust critical process specification.<\/p>\n                                                                                <a\n                        href=\"https:\/\/www.icscoolenergy.com\/ch\/heat-pump\/heat-pump-chiller-hire\/\">View products<\/a>\n                                    <\/div>\n                                <div class=\"card\">\n                                                                                <h3 class=\"no-icon\">Fan coil hire<\/h3>\n                                                            <p>All fan coils can provide heating and cooling, and are equipped with multiple fan speeds.<\/p>\n                                                                                <a\n                        href=\"https:\/\/www.icscoolenergy.com\/ch\/fan-coil\/fan-coil-hire\/\">View products<\/a>\n                                    <\/div>\n                                <div class=\"card\">\n                                                                                <h3 class=\"no-icon\">Low temperature fan coil hire<\/h3>\n                                                            <p>For temperatures ranging from 10\u00b0C to -20\u00b0C, ideal for process and storage applications.<\/p>\n                                                                                <a\n                        href=\"https:\/\/www.icscoolenergy.com\/ch\/fan-coil\/fan-coil-hire\/low-temperature-fan-coil\/\">View products<\/a>\n                                    <\/div>\n                                <div class=\"card\">\n                                                                                <h3 class=\"no-icon\">Air handling unit hire<\/h3>\n                                                            <p>Our units are compact and high capacity to provide airflow from 2,000m3\/hr to 40,000m3\/hr.<\/p>\n                                                                                <a\n                        href=\"https:\/\/www.icscoolenergy.com\/ch\/air-handling-unit\/air-handling-unit-hire\/\">View products<\/a>\n                                    <\/div>\n                                <div class=\"card\">\n                                                                                <h3 class=\"no-icon\">Dry air cooler hire<\/h3>\n                                                            <p>Our hire fleet offers advanced level of energy saving and the highest efficiency ratings available.<\/p>\n                                                                                <a\n                        href=\"https:\/\/www.icscoolenergy.com\/ch\/adiabatic-cooler\/dry-air-cooler-hire\/\">View products<\/a>\n                                    <\/div>\n                                            <\/div>\n        <\/div>\n                <div class=\"tab-content\" data-tab-index=\"1\">\n            <div class=\"card-container\">\n                                                <div class=\"card\">\n                                                                                <h3 class=\"no-icon\">Temperature control units<\/h3>\n                                                            <p>TCU&#039;s for sale offer a huge performance range and unrivalled temperature control.<\/p>\n                                                                                <a\n                        href=\"https:\/\/www.icscoolenergy.com\/ch\/temperature-control-unit\/temperature-control-unit-sales\/\">View products<\/a>\n                                    <\/div>\n                                <div class=\"card\">\n                                                                                <h3 class=\"no-icon\">Boiler hire<\/h3>\n                                                            <p>With options for boilers up to 2MW on a temporary basis, we are the perfect boiler partner.<\/p>\n                                                                                <a\n                        href=\"https:\/\/www.icscoolenergy.com\/ch\/boiler\/boiler-hire\/\">View products<\/a>\n                                    <\/div>\n                                <div class=\"card\">\n                                                                                <h3 class=\"no-icon\">Portable electric boiler hire<\/h3>\n                                                            <p>Our electric boilers have been designed with ease of use and installation as a top priority.<\/p>\n                                                                                <a\n                        href=\"https:\/\/www.icscoolenergy.com\/ch\/boiler\/boiler-hire\/electric\/\">View products<\/a>\n                                    <\/div>\n                                <div class=\"card\">\n                                                                                <h3 class=\"no-icon\">Heater hire<\/h3>\n                                                            <p>The portable heaters are designed to be installed easily, with plug and play functionality on every unit.<\/p>\n                                                                                <a\n                        href=\"https:\/\/www.icscoolenergy.com\/ch\/heater\/heater-hire\/\">View products<\/a>\n                                    <\/div>\n                                <div class=\"card\">\n                                                                                <h3 class=\"no-icon\">Indirect diesel fired heater hire<\/h3>\n                                                            <p>Perfect for businesses looking to heat spaces that are too large for regular fan heaters.<\/p>\n                                                                                <a\n                        href=\"https:\/\/www.icscoolenergy.com\/ch\/heater\/heater-hire\/indirect-fired-heater\/\">View products<\/a>\n                                    <\/div>\n                                <div class=\"card\">\n                                                                                <h3 class=\"no-icon\">Fan coil hire<\/h3>\n                                                            <p>Heating and cooling fan coils for process and storage applications.<\/p>\n                                                                                <a\n                        href=\"https:\/\/www.icscoolenergy.com\/ch\/fan-coil\/fan-coil-hire\/\">View products<\/a>\n                                    <\/div>\n                                <div class=\"card\">\n                                                                                <h3 class=\"no-icon\">Heat pump chiller hire<\/h3>\n                                                            <p>Our reversible heat pump chillers are built to a robust critical process specification.<\/p>\n                                                                                <a\n                        href=\"https:\/\/www.icscoolenergy.com\/ch\/heat-pump\/heat-pump-chiller-hire\/\">View products<\/a>\n                                    <\/div>\n                                            <\/div>\n        <\/div>\n            <\/div>\n<\/div>\n\n\n<script defer>\ndocument.addEventListener('DOMContentLoaded', function() {\n    var tabTitles = document.querySelectorAll('.tab-title');\n    var tabContents = document.querySelectorAll('.tab-content');\n\n    function clearActiveStates() {\n        tabTitles.forEach(function(title) {\n            title.classList.remove('active');\n        });\n        tabContents.forEach(function(content) {\n            content.classList.remove('active');\n        });\n    }\n\n    tabTitles.forEach(function(title) {\n        title.addEventListener('click', function() {\n            var tabIndex = this.getAttribute('data-tab-index');\n            clearActiveStates();\n            this.classList.add('active');\n            document.querySelector('.tab-content[data-tab-index=\"' + tabIndex + '\"]').classList\n                .add('active');\n        });\n    });\n\n    \/\/ Set the first tab and content as active by default\n    if (tabTitles.length > 0 && tabContents.length > 0) {\n        tabTitles[0].classList.add('active');\n        tabContents[0].classList.add('active');\n    }\n});\n<\/script>\n\n<div style=\"height:90px\" aria-hidden=\"true\" class=\" wp-block-spacer eplus-wrapper\"><\/div>\n","protected":false},"excerpt":{"rendered":"<p>ALLE PRODUKTE Entdecken Sie unser komplettes Sortiment an K\u00fchl- und Heizprodukten, die die neueste leistungsstarke und energieeffiziente Technologie bieten. Unabh\u00e4ngig davon, ob Sie mieten oder kaufen, unser hauseigenes Design- und Projektmanagementteam arbeitet eng mit Ihnen zusammen, um sicherzustellen, dass Ihre Prozessk\u00fchlungs-, Heizungs- oder Temperaturregelungsger\u00e4te auf die Stellfl\u00e4che, den Betrieb und die Produktionsanforderungen Ihres Standorts zugeschnitten &#8230; <a title=\"Alle Produkte\" class=\"read-more\" href=\"https:\/\/www.icscoolenergy.com\/ch\/alle-produkte\/\" aria-label=\"More on Alle Produkte\">Weiterlesen<\/a><\/p>\n","protected":false},"author":1,"featured_media":0,"parent":0,"menu_order":0,"comment_status":"closed","ping_status":"closed","template":"template-1.php","meta":{"_acf_changed":false,"inline_featured_image":false,"_editorskit_title_hidden":false,"_editorskit_reading_time":0,"_editorskit_is_block_options_detached":false,"_editorskit_block_options_position":"{}","editor_plus_copied_stylings":"{}","footnotes":""},"class_list":["post-86455","page","type-page","status-publish"],"acf":[],"yoast_head":"<!-- This site is optimized with the Yoast SEO Premium plugin v24.5 (Yoast SEO v26.9) - https:\/\/yoast.com\/product\/yoast-seo-premium-wordpress\/ -->\n<title>Alle Produkte | Switzerland<\/title>\n<meta name=\"robots\" content=\"index, follow, max-snippet:-1, max-image-preview:large, max-video-preview:-1\" \/>\n<link rel=\"canonical\" href=\"https:\/\/www.icscoolenergy.com\/ch\/alle-produkte\/\" \/>\n<meta property=\"og:locale\" content=\"de_DE\" \/>\n<meta property=\"og:type\" content=\"article\" \/>\n<meta property=\"og:title\" content=\"Alle Produkte\" \/>\n<meta property=\"og:description\" content=\"ALLE PRODUKTE Entdecken Sie unser komplettes Sortiment an K\u00fchl- und Heizprodukten, die die neueste leistungsstarke und energieeffiziente Technologie bieten. Unabh\u00e4ngig davon, ob Sie mieten oder kaufen, unser hauseigenes Design- und Projektmanagementteam arbeitet eng mit Ihnen zusammen, um sicherzustellen, dass Ihre Prozessk\u00fchlungs-, Heizungs- oder Temperaturregelungsger\u00e4te auf die Stellfl\u00e4che, den Betrieb und die Produktionsanforderungen Ihres Standorts zugeschnitten ... Weiterlesen\" \/>\n<meta property=\"og:url\" content=\"https:\/\/www.icscoolenergy.com\/ch\/alle-produkte\/\" \/>\n<meta property=\"og:site_name\" content=\"Switzerland\" \/>\n<meta property=\"article:modified_time\" content=\"2024-11-29T07:54:12+00:00\" \/>\n<meta property=\"og:image\" content=\"https:\/\/www.icscoolenergy.com\/wp-content\/uploads\/sites\/11\/2024\/05\/Yoast-Hero-Image.jpg\" \/>\n\t<meta property=\"og:image:width\" content=\"1200\" \/>\n\t<meta property=\"og:image:height\" content=\"675\" \/>\n\t<meta property=\"og:image:type\" content=\"image\/jpeg\" \/>\n<meta name=\"twitter:card\" content=\"summary_large_image\" \/>\n<script type=\"application\/ld+json\" class=\"yoast-schema-graph\">{\"@context\":\"https:\/\/schema.org\",\"@graph\":[{\"@type\":\"WebPage\",\"@id\":\"https:\/\/www.icscoolenergy.com\/ch\/alle-produkte\/\",\"url\":\"https:\/\/www.icscoolenergy.com\/ch\/alle-produkte\/\",\"name\":\"Alle Produkte | Switzerland\",\"isPartOf\":{\"@id\":\"https:\/\/www.icscoolenergy.com\/ch\/#website\"},\"datePublished\":\"2024-01-08T17:28:58+00:00\",\"dateModified\":\"2024-11-29T07:54:12+00:00\",\"breadcrumb\":{\"@id\":\"https:\/\/www.icscoolenergy.com\/ch\/alle-produkte\/#breadcrumb\"},\"inLanguage\":\"de-DE\",\"potentialAction\":[{\"@type\":\"ReadAction\",\"target\":[\"https:\/\/www.icscoolenergy.com\/ch\/alle-produkte\/\"]}]},{\"@type\":\"BreadcrumbList\",\"@id\":\"https:\/\/www.icscoolenergy.com\/ch\/alle-produkte\/#breadcrumb\",\"itemListElement\":[{\"@type\":\"ListItem\",\"position\":1,\"name\":\"Home\",\"item\":\"https:\/\/www.icscoolenergy.com\/ch\/\"},{\"@type\":\"ListItem\",\"position\":2,\"name\":\"Alle Produkte\"}]},{\"@type\":\"WebSite\",\"@id\":\"https:\/\/www.icscoolenergy.com\/ch\/#website\",\"url\":\"https:\/\/www.icscoolenergy.com\/ch\/\",\"name\":\"ICS Cool Energy\",\"description\":\"The Process Temperature Control Specialists\",\"publisher\":{\"@id\":\"https:\/\/www.icscoolenergy.com\/ch\/#organization\"},\"alternateName\":\"ICS\",\"potentialAction\":[{\"@type\":\"SearchAction\",\"target\":{\"@type\":\"EntryPoint\",\"urlTemplate\":\"https:\/\/www.icscoolenergy.com\/ch\/?s={search_term_string}\"},\"query-input\":{\"@type\":\"PropertyValueSpecification\",\"valueRequired\":true,\"valueName\":\"search_term_string\"}}],\"inLanguage\":\"de-DE\"},{\"@type\":\"Organization\",\"@id\":\"https:\/\/www.icscoolenergy.com\/ch\/#organization\",\"name\":\"ICS Cool Energy\",\"url\":\"https:\/\/www.icscoolenergy.com\/ch\/\",\"logo\":{\"@type\":\"ImageObject\",\"inLanguage\":\"de-DE\",\"@id\":\"https:\/\/www.icscoolenergy.com\/ch\/#\/schema\/logo\/image\/\",\"url\":\"https:\/\/www.icscoolenergy.com\/wp-content\/uploads\/sites\/11\/2024\/01\/ics-cool-energy-logo.svg\",\"contentUrl\":\"https:\/\/www.icscoolenergy.com\/wp-content\/uploads\/sites\/11\/2024\/01\/ics-cool-energy-logo.svg\",\"caption\":\"ICS Cool Energy\"},\"image\":{\"@id\":\"https:\/\/www.icscoolenergy.com\/ch\/#\/schema\/logo\/image\/\"},\"sameAs\":[\"https:\/\/www.linkedin.com\/company\/ics-temperature-control\/\",\"https:\/\/www.youtube.com\/@ICSCoolEnergyLtd\"],\"description\":\"ICS Cool Energy is a market leader for process and critical temperature control solutions that keep all types and sizes of businesses and industry running. Our headquarters are situated in Southampton, with offices throughout the UK and Europe, employing over 250 people in the UK alone.\",\"email\":\"info@icscoolenergy.com\",\"telephone\":\"0800 840 4210\",\"legalName\":\"ICS Cool Energy Limited\",\"numberOfEmployees\":{\"@type\":\"QuantitativeValue\",\"minValue\":\"201\",\"maxValue\":\"500\"}}]}<\/script>\n<!-- \/ Yoast SEO Premium plugin. -->","yoast_head_json":{"title":"Alle Produkte | Switzerland","robots":{"index":"index","follow":"follow","max-snippet":"max-snippet:-1","max-image-preview":"max-image-preview:large","max-video-preview":"max-video-preview:-1"},"canonical":"https:\/\/www.icscoolenergy.com\/ch\/alle-produkte\/","og_locale":"de_DE","og_type":"article","og_title":"Alle Produkte","og_description":"ALLE PRODUKTE Entdecken Sie unser komplettes Sortiment an K\u00fchl- und Heizprodukten, die die neueste leistungsstarke und energieeffiziente Technologie bieten. Unabh\u00e4ngig davon, ob Sie mieten oder kaufen, unser hauseigenes Design- und Projektmanagementteam arbeitet eng mit Ihnen zusammen, um sicherzustellen, dass Ihre Prozessk\u00fchlungs-, Heizungs- oder Temperaturregelungsger\u00e4te auf die Stellfl\u00e4che, den Betrieb und die Produktionsanforderungen Ihres Standorts zugeschnitten ... Weiterlesen","og_url":"https:\/\/www.icscoolenergy.com\/ch\/alle-produkte\/","og_site_name":"Switzerland","article_modified_time":"2024-11-29T07:54:12+00:00","og_image":[{"width":1200,"height":675,"url":"https:\/\/www.icscoolenergy.com\/wp-content\/uploads\/sites\/11\/2024\/05\/Yoast-Hero-Image.jpg","type":"image\/jpeg"}],"twitter_card":"summary_large_image","schema":{"@context":"https:\/\/schema.org","@graph":[{"@type":"WebPage","@id":"https:\/\/www.icscoolenergy.com\/ch\/alle-produkte\/","url":"https:\/\/www.icscoolenergy.com\/ch\/alle-produkte\/","name":"Alle Produkte | Switzerland","isPartOf":{"@id":"https:\/\/www.icscoolenergy.com\/ch\/#website"},"datePublished":"2024-01-08T17:28:58+00:00","dateModified":"2024-11-29T07:54:12+00:00","breadcrumb":{"@id":"https:\/\/www.icscoolenergy.com\/ch\/alle-produkte\/#breadcrumb"},"inLanguage":"de-DE","potentialAction":[{"@type":"ReadAction","target":["https:\/\/www.icscoolenergy.com\/ch\/alle-produkte\/"]}]},{"@type":"BreadcrumbList","@id":"https:\/\/www.icscoolenergy.com\/ch\/alle-produkte\/#breadcrumb","itemListElement":[{"@type":"ListItem","position":1,"name":"Home","item":"https:\/\/www.icscoolenergy.com\/ch\/"},{"@type":"ListItem","position":2,"name":"Alle Produkte"}]},{"@type":"WebSite","@id":"https:\/\/www.icscoolenergy.com\/ch\/#website","url":"https:\/\/www.icscoolenergy.com\/ch\/","name":"ICS Cool Energy","description":"The Process Temperature Control Specialists","publisher":{"@id":"https:\/\/www.icscoolenergy.com\/ch\/#organization"},"alternateName":"ICS","potentialAction":[{"@type":"SearchAction","target":{"@type":"EntryPoint","urlTemplate":"https:\/\/www.icscoolenergy.com\/ch\/?s={search_term_string}"},"query-input":{"@type":"PropertyValueSpecification","valueRequired":true,"valueName":"search_term_string"}}],"inLanguage":"de-DE"},{"@type":"Organization","@id":"https:\/\/www.icscoolenergy.com\/ch\/#organization","name":"ICS Cool Energy","url":"https:\/\/www.icscoolenergy.com\/ch\/","logo":{"@type":"ImageObject","inLanguage":"de-DE","@id":"https:\/\/www.icscoolenergy.com\/ch\/#\/schema\/logo\/image\/","url":"https:\/\/www.icscoolenergy.com\/wp-content\/uploads\/sites\/11\/2024\/01\/ics-cool-energy-logo.svg","contentUrl":"https:\/\/www.icscoolenergy.com\/wp-content\/uploads\/sites\/11\/2024\/01\/ics-cool-energy-logo.svg","caption":"ICS Cool Energy"},"image":{"@id":"https:\/\/www.icscoolenergy.com\/ch\/#\/schema\/logo\/image\/"},"sameAs":["https:\/\/www.linkedin.com\/company\/ics-temperature-control\/","https:\/\/www.youtube.com\/@ICSCoolEnergyLtd"],"description":"ICS Cool Energy is a market leader for process and critical temperature control solutions that keep all types and sizes of businesses and industry running. Our headquarters are situated in Southampton, with offices throughout the UK and Europe, employing over 250 people in the UK alone.","email":"info@icscoolenergy.com","telephone":"0800 840 4210","legalName":"ICS Cool Energy Limited","numberOfEmployees":{"@type":"QuantitativeValue","minValue":"201","maxValue":"500"}}]}},"_links":{"self":[{"href":"https:\/\/www.icscoolenergy.com\/ch\/wp-json\/wp\/v2\/pages\/86455","targetHints":{"allow":["GET"]}}],"collection":[{"href":"https:\/\/www.icscoolenergy.com\/ch\/wp-json\/wp\/v2\/pages"}],"about":[{"href":"https:\/\/www.icscoolenergy.com\/ch\/wp-json\/wp\/v2\/types\/page"}],"author":[{"embeddable":true,"href":"https:\/\/www.icscoolenergy.com\/ch\/wp-json\/wp\/v2\/users\/1"}],"replies":[{"embeddable":true,"href":"https:\/\/www.icscoolenergy.com\/ch\/wp-json\/wp\/v2\/comments?post=86455"}],"version-history":[{"count":0,"href":"https:\/\/www.icscoolenergy.com\/ch\/wp-json\/wp\/v2\/pages\/86455\/revisions"}],"wp:attachment":[{"href":"https:\/\/www.icscoolenergy.com\/ch\/wp-json\/wp\/v2\/media?parent=86455"}],"curies":[{"name":"wp","href":"https:\/\/api.w.org\/{rel}","templated":true}]}}