 
{"id":86469,"date":"2024-04-09T15:22:32","date_gmt":"2024-04-09T15:22:32","guid":{"rendered":"https:\/\/www.icscoolenergy.com\/ch\/ueber-uns\/bedingungen-und-konditionen\/cookie-richtlinie\/"},"modified":"2024-11-29T07:54:32","modified_gmt":"2024-11-29T07:54:32","slug":"cookie-richtlinie","status":"publish","type":"page","link":"https:\/\/www.icscoolenergy.com\/ch\/ueber-uns\/bedingungen-und-konditionen\/cookie-richtlinie\/","title":{"rendered":"Cookie-Richtlinie"},"content":{"rendered":"\n<div class=\"flex flex-row flex-wrap md:flex-nowrap sm:justify-center sm:items-center wp-block-group eplus-wrapper is-layout-constrained wp-block-group-is-layout-constrained\">\n<div class=\"w-full p-2 m-2 wp-block-group eplus-wrapper is-vertical is-layout-flex wp-container-core-group-is-layout-8cf370e7 wp-block-group-is-layout-flex\">\n<div style=\"height:8px\" aria-hidden=\"true\" class=\"wp-block-spacer eplus-wrapper wp-container-content-7d115344\"><\/div>\n\n\n\n<h1 class=\"eplus-wrapper pt-8 wp-block-heading has-text-color has-link-color wp-elements-5fa0cb9e6204cf6ba2ee541a2a47833e\" id=\"h-cookie-policy\" style=\"color:#312f5f\">COOKIE-POLITIK<\/h1>\n\n\n\n<div style=\"height:8px\" aria-hidden=\"true\" class=\"wp-block-spacer eplus-wrapper wp-container-content-7d115344\"><\/div>\n\n\n\n<p class=\"has-text-color has-link-color eplus-wrapper wp-elements-1dd657d8dce25b96921f6109fda03490\" style=\"color:#323130\">Dies ist die Cookie-Richtlinie f\u00fcr ICS Cool Energy Ltd, die \u00fcber <a href=\"https:\/\/www.icscoolenergy.com\/ch\/\" class=\"ek-link\">www.icscoolenergy.co.uk<\/a> zug\u00e4nglich ist.<\/p>\n\n\n\n<p class=\"has-text-color has-link-color eplus-wrapper wp-elements-aac69e87fcc04659a5c77e6c6db7d5de\" style=\"color:#323130\">Diese Website geh\u00f6rt der ICS Cool Energy, einer in England unter der Firmennummer 05509182 registrierten Gesellschaft mit beschr\u00e4nkter Haftung.<\/p>\n\n\n\n<div style=\"height:16px\" aria-hidden=\"true\" class=\"wp-block-spacer eplus-wrapper wp-container-content-f9bd05ee\"><\/div>\n\n\n\n<h4 class=\"wp-block-heading has-text-color has-link-color eplus-wrapper wp-elements-71b0afb758e8ae4b6dacd3948575cb29\" id=\"h-what-are-cookies\" style=\"color:#323130\"><strong>Was sind Cookies<\/strong><\/h4>\n\n\n\n<p class=\"has-text-color has-link-color eplus-wrapper wp-elements-530b6609a7a3f2cfd3ba127ff8ed62fc\" style=\"color:#323130\">Wie bei fast allen professionellen Websites \u00fcblich, verwendet auch diese Website Cookies, d.h. winzige Dateien, die auf Ihren Computer heruntergeladen werden, um Ihr Erlebnis zu verbessern.\nDiese Seite beschreibt, welche Informationen sie sammeln, wie wir sie verwenden und warum wir diese Cookies manchmal speichern m\u00fcssen.\nWir teilen Ihnen auch mit, wie Sie die Speicherung dieser Cookies verhindern k\u00f6nnen. Dies kann jedoch dazu f\u00fchren, dass bestimmte Elemente der Website nicht mehr funktionieren.  <\/p>\n\n\n\n<p class=\"has-text-color has-link-color eplus-wrapper wp-elements-e7dc90f91819e5de6c7c115b6eea760f\" style=\"color:#323130\">F\u00fcr weitere allgemeine Informationen \u00fcber Cookies lesen Sie bitte <a href=\"https:\/\/www.cookieconsent.com\/what-are-cookies\/\" target=\"_blank\" rel=\"noreferrer noopener\" class=\"ek-link\">&#8222;Was sind Cookies&#8220;.<\/a><\/p>\n\n\n\n<div style=\"height:16px\" aria-hidden=\"true\" class=\"wp-block-spacer eplus-wrapper wp-container-content-f9bd05ee\"><\/div>\n\n\n\n<h4 class=\"wp-block-heading has-text-color has-link-color eplus-wrapper wp-elements-75fb06d1c4a35d69450d0cca00865df4\" id=\"h-how-we-use-cookies\" style=\"color:#323130\"><strong>Wie wir Cookies verwenden<\/strong><\/h4>\n\n\n\n<p class=\"has-text-color has-link-color eplus-wrapper wp-elements-594e247718f003b439b8781deb2aba89\" style=\"color:#323130\">Wir verwenden Cookies aus einer Reihe von Gr\u00fcnden, die im Folgenden n\u00e4her erl\u00e4utert werden.\nLeider gibt es in den meisten F\u00e4llen keine branchen\u00fcblichen Optionen zur Deaktivierung von Cookies, ohne dass die Funktionen und Merkmale, die sie dieser Website hinzuf\u00fcgen, vollst\u00e4ndig deaktiviert werden.\nWir empfehlen Ihnen, alle Cookies zuzulassen, wenn Sie sich nicht sicher sind, ob Sie sie ben\u00f6tigen oder nicht, falls sie zur Bereitstellung eines von Ihnen genutzten Dienstes verwendet werden.  <\/p>\n\n\n\n<div style=\"height:16px\" aria-hidden=\"true\" class=\"wp-block-spacer eplus-wrapper wp-container-content-f9bd05ee\"><\/div>\n\n\n\n<h4 class=\"wp-block-heading has-text-color has-link-color eplus-wrapper wp-elements-92df64d8f0c235d311a967b46704d50e\" id=\"h-the-cookies-we-set\" style=\"color:#323130\"><strong>Die von uns gesetzten Cookies<\/strong><\/h4>\n\n\n\n<p class=\"has-text-color has-link-color eplus-wrapper wp-elements-ecc163defb86101bb38407382503967c\" style=\"color:#323130\">Formularebezogene Cookies. Wenn Sie Daten \u00fcber ein Formular \u00fcbermitteln, wie z.B. auf Kontaktseiten oder Kommentarformularen, k\u00f6nnen Cookies gesetzt werden, um Ihre Benutzerdaten f\u00fcr zuk\u00fcnftige Korrespondenz zu speichern. Wir verwenden ein WordPress-Plugin namens CookieYes, das alle auf unserer Website verwendeten Cookies identifiziert und auflistet:  <\/p>\n\n\n\n<div class=\"cky-audit-table-element\"><\/div>\n\n\n\n<div style=\"height:16px\" aria-hidden=\"true\" class=\"wp-block-spacer eplus-wrapper wp-container-content-f9bd05ee\"><\/div>\n\n\n\n<h4 class=\"wp-block-heading has-text-color has-link-color eplus-wrapper wp-elements-f20f01eb32d86ce632c5b96a034b4732\" id=\"h-manage-cookie-preferences\" style=\"color:#323130\"><strong>Cookie-Einstellungen verwalten<\/strong><\/h4>\n\n\n\n<p class=\" eplus-wrapper\"><\/p>\n\n\n\n<a class=\"cky-banner-element\">Cookie-Einstellungen<\/a>\n\n\n\n<p class=\" eplus-wrapper\">Sie k\u00f6nnen Ihre Cookie-Einstellungen jederzeit \u00e4ndern, indem Sie auf die obige Schaltfl\u00e4che klicken. Auf diese Weise k\u00f6nnen Sie das Cookie-Einwilligungsbanner erneut aufrufen und Ihre Einstellungen \u00e4ndern oder Ihre Einwilligung sofort widerrufen. <\/p>\n\n\n\n<p class=\" eplus-wrapper\">Dar\u00fcber hinaus bieten verschiedene Browser unterschiedliche Methoden zum Blockieren und L\u00f6schen von Cookies, die von Websites verwendet werden. Sie k\u00f6nnen die Einstellungen Ihres Browsers \u00e4ndern, um die Cookies zu blockieren\/l\u00f6schen. Nachfolgend finden Sie die Links zu den Support-Dokumenten zum Verwalten und L\u00f6schen von Cookies in den wichtigsten Webbrowsern.  <\/p>\n\n\n\n<p class=\" eplus-wrapper\">Chrom: <a href=\"https:\/\/support.google.com\/accounts\/answer\/32050\" target=\"_blank\" rel=\"noreferrer noopener\" class=\"ek-link\">https:\/\/support.google.com\/accounts\/answer\/32050<\/a><\/p>\n\n\n\n<p class=\" eplus-wrapper\">Safari: <a target=\"_blank\" rel=\"noreferrer noopener\" href=\"https:\/\/support.apple.com\/en-in\/guide\/safari\/sfri11471\/mac\">https:\/\/support.apple.com\/en-in\/guide\/safari\/sfri11471\/mac<\/a><\/p>\n\n\n\n<p class=\" eplus-wrapper\">Firefox: <a href=\"https:\/\/support.mozilla.org\/en-US\/kb\/clear-cookies-and-site-data-firefox?redirectslug=delete-cookies-remove-info-websites-stored&amp;redirectlocale=en-US\" target=\"_blank\" rel=\"noreferrer noopener\" class=\"ek-link\">https:\/\/support.mozilla.org\/en-US\/kb\/clear-cookies-and-site-data-firefox?redirectslug=delete-cookies-remove-info-websites-stored&amp;redirectlocale=en-US<\/a><\/p>\n\n\n\n<p class=\" eplus-wrapper\">Internet Explorer: <a target=\"_blank\" rel=\"noreferrer noopener\" href=\"https:\/\/support.microsoft.com\/en-us\/topic\/how-to-delete-cookie-files-in-internet-explorer-bca9446f-d873-78de-77ba-d42645fa52fc\">https:\/\/support.microsoft.com\/en-us\/topic\/how-to-delete-cookie-files-in-internet-explorer-bca9446f-d873-78de-77ba-d42645fa52fc<\/a><\/p>\n\n\n\n<p class=\" eplus-wrapper\">Wenn Sie einen anderen Webbrowser verwenden, besuchen Sie bitte die offiziellen Support-Dokumente Ihres Browsers.<\/p>\n\n\n\n<div style=\"height:16px\" aria-hidden=\"true\" class=\"wp-block-spacer eplus-wrapper wp-container-content-f9bd05ee\"><\/div>\n\n\n\n<h4 class=\"wp-block-heading has-text-color has-link-color eplus-wrapper wp-elements-949dc9f0f085fac3de3778ba9f5d8fb1\" id=\"h-more-information\" style=\"color:#323130\"><strong>Mehr Informationen<\/strong><\/h4>\n\n\n\n<p class=\"has-text-color has-link-color eplus-wrapper wp-elements-df2816e198805df10616d45cfe7cdfc7\" style=\"color:#323130\">Wie bereits erw\u00e4hnt, ist es in der Regel sicherer, die Cookies aktiviert zu lassen, wenn Sie sich nicht sicher sind, ob Sie sie ben\u00f6tigen oder nicht, f\u00fcr den Fall, dass sie mit einer der Funktionen, die Sie auf unserer Website nutzen, interagieren.<\/p>\n\n\n\n<p class=\"has-text-color has-link-color eplus-wrapper wp-elements-336f31cc2eca601501549165486ff3ee\" style=\"color:#323130\">Wenn Sie jedoch noch weitere Informationen suchen, k\u00f6nnen Sie uns unter <a href=\"mailto:info@icscoolenergy.com\">info@icscoolenergy.com<\/a> kontaktieren.<\/p>\n<\/div>\n<\/div>\n\n<div style=\"height:60px\" aria-hidden=\"true\" class=\" wp-block-spacer eplus-wrapper\"><\/div>\n\n<div style=\"height:120px\" aria-hidden=\"true\" class=\" wp-block-spacer eplus-wrapper\"><\/div>\n","protected":false},"excerpt":{"rendered":"<p>COOKIE-POLITIK Dies ist die Cookie-Richtlinie f\u00fcr ICS Cool Energy Ltd, die \u00fcber www.icscoolenergy.co.uk zug\u00e4nglich ist. Diese Website geh\u00f6rt der ICS Cool Energy, einer in England unter der Firmennummer 05509182 registrierten Gesellschaft mit beschr\u00e4nkter Haftung. Was sind Cookies Wie bei fast allen professionellen Websites \u00fcblich, verwendet auch diese Website Cookies, d.h. winzige Dateien, die auf Ihren &#8230; <a title=\"Cookie-Richtlinie\" class=\"read-more\" href=\"https:\/\/www.icscoolenergy.com\/ch\/ueber-uns\/bedingungen-und-konditionen\/cookie-richtlinie\/\" aria-label=\"More on Cookie-Richtlinie\">Weiterlesen<\/a><\/p>\n","protected":false},"author":1,"featured_media":0,"parent":86463,"menu_order":0,"comment_status":"closed","ping_status":"closed","template":"template-1.php","meta":{"_acf_changed":false,"inline_featured_image":false,"_editorskit_title_hidden":false,"_editorskit_reading_time":0,"_editorskit_is_block_options_detached":false,"_editorskit_block_options_position":"{}","editor_plus_copied_stylings":"{}","footnotes":""},"class_list":["post-86469","page","type-page","status-publish"],"acf":[],"yoast_head":"<!-- This site is optimized with the Yoast SEO Premium plugin v24.5 (Yoast SEO v26.9) - https:\/\/yoast.com\/product\/yoast-seo-premium-wordpress\/ -->\n<title>Cookie-Richtlinie | Switzerland<\/title>\n<meta name=\"robots\" content=\"index, follow, max-snippet:-1, max-image-preview:large, max-video-preview:-1\" \/>\n<link rel=\"canonical\" href=\"https:\/\/www.icscoolenergy.com\/ch\/ueber-uns\/bedingungen-und-konditionen\/cookie-richtlinie\/\" \/>\n<meta property=\"og:locale\" content=\"de_DE\" \/>\n<meta property=\"og:type\" content=\"article\" \/>\n<meta property=\"og:title\" content=\"Cookie-Richtlinie\" \/>\n<meta property=\"og:description\" content=\"COOKIE-POLITIK Dies ist die Cookie-Richtlinie f\u00fcr ICS Cool Energy Ltd, die \u00fcber www.icscoolenergy.co.uk zug\u00e4nglich ist. Diese Website geh\u00f6rt der ICS Cool Energy, einer in England unter der Firmennummer 05509182 registrierten Gesellschaft mit beschr\u00e4nkter Haftung. Was sind Cookies Wie bei fast allen professionellen Websites \u00fcblich, verwendet auch diese Website Cookies, d.h. winzige Dateien, die auf Ihren ... Weiterlesen\" \/>\n<meta property=\"og:url\" content=\"https:\/\/www.icscoolenergy.com\/ch\/ueber-uns\/bedingungen-und-konditionen\/cookie-richtlinie\/\" \/>\n<meta property=\"og:site_name\" content=\"Switzerland\" \/>\n<meta property=\"article:modified_time\" content=\"2024-11-29T07:54:32+00:00\" \/>\n<meta property=\"og:image\" content=\"https:\/\/www.icscoolenergy.com\/wp-content\/uploads\/sites\/11\/2024\/05\/Yoast-Hero-Image.jpg\" \/>\n\t<meta property=\"og:image:width\" content=\"1200\" \/>\n\t<meta property=\"og:image:height\" content=\"675\" \/>\n\t<meta property=\"og:image:type\" content=\"image\/jpeg\" \/>\n<meta name=\"twitter:card\" content=\"summary_large_image\" \/>\n<meta name=\"twitter:label1\" content=\"Est. reading time\" \/>\n\t<meta name=\"twitter:data1\" content=\"2 Minuten\" \/>\n<script type=\"application\/ld+json\" class=\"yoast-schema-graph\">{\"@context\":\"https:\/\/schema.org\",\"@graph\":[{\"@type\":\"WebPage\",\"@id\":\"https:\/\/www.icscoolenergy.com\/ch\/ueber-uns\/bedingungen-und-konditionen\/cookie-richtlinie\/\",\"url\":\"https:\/\/www.icscoolenergy.com\/ch\/ueber-uns\/bedingungen-und-konditionen\/cookie-richtlinie\/\",\"name\":\"Cookie-Richtlinie | Switzerland\",\"isPartOf\":{\"@id\":\"https:\/\/www.icscoolenergy.com\/ch\/#website\"},\"datePublished\":\"2024-04-09T15:22:32+00:00\",\"dateModified\":\"2024-11-29T07:54:32+00:00\",\"breadcrumb\":{\"@id\":\"https:\/\/www.icscoolenergy.com\/ch\/ueber-uns\/bedingungen-und-konditionen\/cookie-richtlinie\/#breadcrumb\"},\"inLanguage\":\"de-DE\",\"potentialAction\":[{\"@type\":\"ReadAction\",\"target\":[\"https:\/\/www.icscoolenergy.com\/ch\/ueber-uns\/bedingungen-und-konditionen\/cookie-richtlinie\/\"]}]},{\"@type\":\"BreadcrumbList\",\"@id\":\"https:\/\/www.icscoolenergy.com\/ch\/ueber-uns\/bedingungen-und-konditionen\/cookie-richtlinie\/#breadcrumb\",\"itemListElement\":[{\"@type\":\"ListItem\",\"position\":1,\"name\":\"Home\",\"item\":\"https:\/\/www.icscoolenergy.com\/ch\/\"},{\"@type\":\"ListItem\",\"position\":2,\"name\":\"\u00dcber uns\",\"item\":\"https:\/\/www.icscoolenergy.com\/ch\/ueber-uns\/\"},{\"@type\":\"ListItem\",\"position\":3,\"name\":\"Bedingungen und Konditionen\",\"item\":\"https:\/\/www.icscoolenergy.com\/ch\/ueber-uns\/bedingungen-und-konditionen\/\"},{\"@type\":\"ListItem\",\"position\":4,\"name\":\"Cookie-Richtlinie\"}]},{\"@type\":\"WebSite\",\"@id\":\"https:\/\/www.icscoolenergy.com\/ch\/#website\",\"url\":\"https:\/\/www.icscoolenergy.com\/ch\/\",\"name\":\"ICS Cool Energy\",\"description\":\"The Process Temperature Control Specialists\",\"publisher\":{\"@id\":\"https:\/\/www.icscoolenergy.com\/ch\/#organization\"},\"alternateName\":\"ICS\",\"potentialAction\":[{\"@type\":\"SearchAction\",\"target\":{\"@type\":\"EntryPoint\",\"urlTemplate\":\"https:\/\/www.icscoolenergy.com\/ch\/?s={search_term_string}\"},\"query-input\":{\"@type\":\"PropertyValueSpecification\",\"valueRequired\":true,\"valueName\":\"search_term_string\"}}],\"inLanguage\":\"de-DE\"},{\"@type\":\"Organization\",\"@id\":\"https:\/\/www.icscoolenergy.com\/ch\/#organization\",\"name\":\"ICS Cool Energy\",\"url\":\"https:\/\/www.icscoolenergy.com\/ch\/\",\"logo\":{\"@type\":\"ImageObject\",\"inLanguage\":\"de-DE\",\"@id\":\"https:\/\/www.icscoolenergy.com\/ch\/#\/schema\/logo\/image\/\",\"url\":\"https:\/\/www.icscoolenergy.com\/wp-content\/uploads\/sites\/11\/2024\/01\/ics-cool-energy-logo.svg\",\"contentUrl\":\"https:\/\/www.icscoolenergy.com\/wp-content\/uploads\/sites\/11\/2024\/01\/ics-cool-energy-logo.svg\",\"caption\":\"ICS Cool Energy\"},\"image\":{\"@id\":\"https:\/\/www.icscoolenergy.com\/ch\/#\/schema\/logo\/image\/\"},\"sameAs\":[\"https:\/\/www.linkedin.com\/company\/ics-temperature-control\/\",\"https:\/\/www.youtube.com\/@ICSCoolEnergyLtd\"],\"description\":\"ICS Cool Energy is a market leader for process and critical temperature control solutions that keep all types and sizes of businesses and industry running. Our headquarters are situated in Southampton, with offices throughout the UK and Europe, employing over 250 people in the UK alone.\",\"email\":\"info@icscoolenergy.com\",\"telephone\":\"0800 840 4210\",\"legalName\":\"ICS Cool Energy Limited\",\"numberOfEmployees\":{\"@type\":\"QuantitativeValue\",\"minValue\":\"201\",\"maxValue\":\"500\"}}]}<\/script>\n<!-- \/ Yoast SEO Premium plugin. -->","yoast_head_json":{"title":"Cookie-Richtlinie | Switzerland","robots":{"index":"index","follow":"follow","max-snippet":"max-snippet:-1","max-image-preview":"max-image-preview:large","max-video-preview":"max-video-preview:-1"},"canonical":"https:\/\/www.icscoolenergy.com\/ch\/ueber-uns\/bedingungen-und-konditionen\/cookie-richtlinie\/","og_locale":"de_DE","og_type":"article","og_title":"Cookie-Richtlinie","og_description":"COOKIE-POLITIK Dies ist die Cookie-Richtlinie f\u00fcr ICS Cool Energy Ltd, die \u00fcber www.icscoolenergy.co.uk zug\u00e4nglich ist. Diese Website geh\u00f6rt der ICS Cool Energy, einer in England unter der Firmennummer 05509182 registrierten Gesellschaft mit beschr\u00e4nkter Haftung. Was sind Cookies Wie bei fast allen professionellen Websites \u00fcblich, verwendet auch diese Website Cookies, d.h. winzige Dateien, die auf Ihren ... Weiterlesen","og_url":"https:\/\/www.icscoolenergy.com\/ch\/ueber-uns\/bedingungen-und-konditionen\/cookie-richtlinie\/","og_site_name":"Switzerland","article_modified_time":"2024-11-29T07:54:32+00:00","og_image":[{"width":1200,"height":675,"url":"https:\/\/www.icscoolenergy.com\/wp-content\/uploads\/sites\/11\/2024\/05\/Yoast-Hero-Image.jpg","type":"image\/jpeg"}],"twitter_card":"summary_large_image","twitter_misc":{"Est. reading time":"2 Minuten"},"schema":{"@context":"https:\/\/schema.org","@graph":[{"@type":"WebPage","@id":"https:\/\/www.icscoolenergy.com\/ch\/ueber-uns\/bedingungen-und-konditionen\/cookie-richtlinie\/","url":"https:\/\/www.icscoolenergy.com\/ch\/ueber-uns\/bedingungen-und-konditionen\/cookie-richtlinie\/","name":"Cookie-Richtlinie | Switzerland","isPartOf":{"@id":"https:\/\/www.icscoolenergy.com\/ch\/#website"},"datePublished":"2024-04-09T15:22:32+00:00","dateModified":"2024-11-29T07:54:32+00:00","breadcrumb":{"@id":"https:\/\/www.icscoolenergy.com\/ch\/ueber-uns\/bedingungen-und-konditionen\/cookie-richtlinie\/#breadcrumb"},"inLanguage":"de-DE","potentialAction":[{"@type":"ReadAction","target":["https:\/\/www.icscoolenergy.com\/ch\/ueber-uns\/bedingungen-und-konditionen\/cookie-richtlinie\/"]}]},{"@type":"BreadcrumbList","@id":"https:\/\/www.icscoolenergy.com\/ch\/ueber-uns\/bedingungen-und-konditionen\/cookie-richtlinie\/#breadcrumb","itemListElement":[{"@type":"ListItem","position":1,"name":"Home","item":"https:\/\/www.icscoolenergy.com\/ch\/"},{"@type":"ListItem","position":2,"name":"\u00dcber uns","item":"https:\/\/www.icscoolenergy.com\/ch\/ueber-uns\/"},{"@type":"ListItem","position":3,"name":"Bedingungen und Konditionen","item":"https:\/\/www.icscoolenergy.com\/ch\/ueber-uns\/bedingungen-und-konditionen\/"},{"@type":"ListItem","position":4,"name":"Cookie-Richtlinie"}]},{"@type":"WebSite","@id":"https:\/\/www.icscoolenergy.com\/ch\/#website","url":"https:\/\/www.icscoolenergy.com\/ch\/","name":"ICS Cool Energy","description":"The Process Temperature Control Specialists","publisher":{"@id":"https:\/\/www.icscoolenergy.com\/ch\/#organization"},"alternateName":"ICS","potentialAction":[{"@type":"SearchAction","target":{"@type":"EntryPoint","urlTemplate":"https:\/\/www.icscoolenergy.com\/ch\/?s={search_term_string}"},"query-input":{"@type":"PropertyValueSpecification","valueRequired":true,"valueName":"search_term_string"}}],"inLanguage":"de-DE"},{"@type":"Organization","@id":"https:\/\/www.icscoolenergy.com\/ch\/#organization","name":"ICS Cool Energy","url":"https:\/\/www.icscoolenergy.com\/ch\/","logo":{"@type":"ImageObject","inLanguage":"de-DE","@id":"https:\/\/www.icscoolenergy.com\/ch\/#\/schema\/logo\/image\/","url":"https:\/\/www.icscoolenergy.com\/wp-content\/uploads\/sites\/11\/2024\/01\/ics-cool-energy-logo.svg","contentUrl":"https:\/\/www.icscoolenergy.com\/wp-content\/uploads\/sites\/11\/2024\/01\/ics-cool-energy-logo.svg","caption":"ICS Cool Energy"},"image":{"@id":"https:\/\/www.icscoolenergy.com\/ch\/#\/schema\/logo\/image\/"},"sameAs":["https:\/\/www.linkedin.com\/company\/ics-temperature-control\/","https:\/\/www.youtube.com\/@ICSCoolEnergyLtd"],"description":"ICS Cool Energy is a market leader for process and critical temperature control solutions that keep all types and sizes of businesses and industry running. Our headquarters are situated in Southampton, with offices throughout the UK and Europe, employing over 250 people in the UK alone.","email":"info@icscoolenergy.com","telephone":"0800 840 4210","legalName":"ICS Cool Energy Limited","numberOfEmployees":{"@type":"QuantitativeValue","minValue":"201","maxValue":"500"}}]}},"_links":{"self":[{"href":"https:\/\/www.icscoolenergy.com\/ch\/wp-json\/wp\/v2\/pages\/86469","targetHints":{"allow":["GET"]}}],"collection":[{"href":"https:\/\/www.icscoolenergy.com\/ch\/wp-json\/wp\/v2\/pages"}],"about":[{"href":"https:\/\/www.icscoolenergy.com\/ch\/wp-json\/wp\/v2\/types\/page"}],"author":[{"embeddable":true,"href":"https:\/\/www.icscoolenergy.com\/ch\/wp-json\/wp\/v2\/users\/1"}],"replies":[{"embeddable":true,"href":"https:\/\/www.icscoolenergy.com\/ch\/wp-json\/wp\/v2\/comments?post=86469"}],"version-history":[{"count":0,"href":"https:\/\/www.icscoolenergy.com\/ch\/wp-json\/wp\/v2\/pages\/86469\/revisions"}],"up":[{"embeddable":true,"href":"https:\/\/www.icscoolenergy.com\/ch\/wp-json\/wp\/v2\/pages\/86463"}],"wp:attachment":[{"href":"https:\/\/www.icscoolenergy.com\/ch\/wp-json\/wp\/v2\/media?parent=86469"}],"curies":[{"name":"wp","href":"https:\/\/api.w.org\/{rel}","templated":true}]}}