 
{"id":86489,"date":"2024-01-08T17:28:58","date_gmt":"2024-01-08T17:28:58","guid":{"rendered":"https:\/\/www.icscoolenergy.com\/cz\/vsechny-produkty\/"},"modified":"2025-03-06T06:46:34","modified_gmt":"2025-03-06T06:46:34","slug":"vsechny-produkty","status":"publish","type":"page","link":"https:\/\/www.icscoolenergy.com\/cz\/vsechny-produkty\/","title":{"rendered":"V\u0161echny produkty"},"content":{"rendered":"\n<div style=\"height:60px\" aria-hidden=\"true\" class=\" wp-block-spacer eplus-wrapper\"><\/div>\n\n<h1 class=\" wp-block-heading eplus-wrapper\" id=\"h-all-products\">V\u0160ECHNY PRODUKTY<\/h1>\n\n<p class=\" eplus-wrapper\">Objevte na\u0161i kompletn\u00ed \u0159adu produkt\u016f pro chlazen\u00ed a vyt\u00e1p\u011bn\u00ed, kter\u00e9 nab\u00edzej\u00ed nejnov\u011bj\u0161\u00ed vysoce v\u00fdkonnou a energeticky \u00faspornou technologii. A\u0165 u\u017e si najmete nebo koup\u00edte, n\u00e1\u0161 intern\u00ed t\u00fdm pro design a projektov\u00fd management s v\u00e1mi bude \u00fazce spolupracovat, aby zajistil, \u017ee va\u0161e za\u0159\u00edzen\u00ed pro procesn\u00ed chlazen\u00ed, vyt\u00e1p\u011bn\u00ed nebo regulaci teploty bude p\u0159izp\u016fsobeno po\u017eadavk\u016fm va\u0161eho pracovi\u0161t\u011b, provozu a v\u00fdroby. <\/p>\n\n<div style=\"height:30px\" aria-hidden=\"true\" class=\" wp-block-spacer eplus-wrapper\"><\/div>\n\n<script defer>\ndocument.addEventListener('DOMContentLoaded', function() {\n    var tabTitles = document.querySelectorAll('.tab-title');\n    var tabContents = document.querySelectorAll('.tab-content');\n\n    function clearActiveStates() {\n        tabTitles.forEach(function(title) {\n            title.classList.remove('active');\n        });\n        tabContents.forEach(function(content) {\n            content.classList.remove('active');\n        });\n    }\n\n    tabTitles.forEach(function(title) {\n        title.addEventListener('click', function() {\n            var tabIndex = this.getAttribute('data-tab-index');\n            clearActiveStates();\n            this.classList.add('active');\n            document.querySelector('.tab-content[data-tab-index=\"' + tabIndex + '\"]').classList\n                .add('active');\n        });\n    });\n\n    \/\/ Set the first tab and content as active by default\n    if (tabTitles.length > 0 && tabContents.length > 0) {\n        tabTitles[0].classList.add('active');\n        tabContents[0].classList.add('active');\n    }\n});\n<\/script>\n\n<div style=\"height:90px\" aria-hidden=\"true\" class=\" wp-block-spacer eplus-wrapper\"><\/div>\n","protected":false},"excerpt":{"rendered":"<p>V\u0160ECHNY PRODUKTY Objevte na\u0161i kompletn\u00ed \u0159adu produkt\u016f pro chlazen\u00ed a vyt\u00e1p\u011bn\u00ed, kter\u00e9 nab\u00edzej\u00ed nejnov\u011bj\u0161\u00ed vysoce v\u00fdkonnou a energeticky \u00faspornou technologii. A\u0165 u\u017e si najmete nebo koup\u00edte, n\u00e1\u0161 intern\u00ed t\u00fdm pro design a projektov\u00fd management s v\u00e1mi bude \u00fazce spolupracovat, aby zajistil, \u017ee va\u0161e za\u0159\u00edzen\u00ed pro procesn\u00ed chlazen\u00ed, vyt\u00e1p\u011bn\u00ed nebo regulaci teploty bude p\u0159izp\u016fsobeno po\u017eadavk\u016fm va\u0161eho &#8230; <a title=\"V\u0161echny produkty\" class=\"read-more\" href=\"https:\/\/www.icscoolenergy.com\/cz\/vsechny-produkty\/\" aria-label=\"More on V\u0161echny produkty\">Read more<\/a><\/p>\n","protected":false},"author":1,"featured_media":0,"parent":0,"menu_order":0,"comment_status":"closed","ping_status":"closed","template":"template-1.php","meta":{"_acf_changed":false,"inline_featured_image":false,"_editorskit_title_hidden":false,"_editorskit_reading_time":0,"_editorskit_is_block_options_detached":false,"_editorskit_block_options_position":"{}","editor_plus_copied_stylings":"{}","footnotes":""},"class_list":["post-86489","page","type-page","status-publish"],"acf":[],"yoast_head":"<!-- This site is optimized with the Yoast SEO Premium plugin v24.5 (Yoast SEO v26.9) - https:\/\/yoast.com\/product\/yoast-seo-premium-wordpress\/ -->\n<title>V\u0161echny produkty | Czechia\u200a<\/title>\n<meta name=\"robots\" content=\"index, follow, max-snippet:-1, max-image-preview:large, max-video-preview:-1\" \/>\n<link rel=\"canonical\" href=\"https:\/\/www.icscoolenergy.com\/cz\/vsechny-produkty\/\" \/>\n<meta property=\"og:locale\" content=\"cs_CZ\" \/>\n<meta property=\"og:type\" content=\"article\" \/>\n<meta property=\"og:title\" content=\"V\u0161echny produkty\" \/>\n<meta property=\"og:description\" content=\"V\u0160ECHNY PRODUKTY Objevte na\u0161i kompletn\u00ed \u0159adu produkt\u016f pro chlazen\u00ed a vyt\u00e1p\u011bn\u00ed, kter\u00e9 nab\u00edzej\u00ed nejnov\u011bj\u0161\u00ed vysoce v\u00fdkonnou a energeticky \u00faspornou technologii. A\u0165 u\u017e si najmete nebo koup\u00edte, n\u00e1\u0161 intern\u00ed t\u00fdm pro design a projektov\u00fd management s v\u00e1mi bude \u00fazce spolupracovat, aby zajistil, \u017ee va\u0161e za\u0159\u00edzen\u00ed pro procesn\u00ed chlazen\u00ed, vyt\u00e1p\u011bn\u00ed nebo regulaci teploty bude p\u0159izp\u016fsobeno po\u017eadavk\u016fm va\u0161eho ... Read more\" \/>\n<meta property=\"og:url\" content=\"https:\/\/www.icscoolenergy.com\/cz\/vsechny-produkty\/\" \/>\n<meta property=\"og:site_name\" content=\"Czechia\u200a\" \/>\n<meta property=\"article:modified_time\" content=\"2025-03-06T06:46:34+00:00\" \/>\n<meta name=\"twitter:card\" content=\"summary_large_image\" \/>\n<script type=\"application\/ld+json\" class=\"yoast-schema-graph\">{\"@context\":\"https:\/\/schema.org\",\"@graph\":[{\"@type\":\"WebPage\",\"@id\":\"https:\/\/www.icscoolenergy.com\/cz\/vsechny-produkty\/\",\"url\":\"https:\/\/www.icscoolenergy.com\/cz\/vsechny-produkty\/\",\"name\":\"V\u0161echny produkty | Czechia\u200a\",\"isPartOf\":{\"@id\":\"https:\/\/www.icscoolenergy.com\/cz\/#website\"},\"datePublished\":\"2024-01-08T17:28:58+00:00\",\"dateModified\":\"2025-03-06T06:46:34+00:00\",\"breadcrumb\":{\"@id\":\"https:\/\/www.icscoolenergy.com\/cz\/vsechny-produkty\/#breadcrumb\"},\"inLanguage\":\"cs\",\"potentialAction\":[{\"@type\":\"ReadAction\",\"target\":[\"https:\/\/www.icscoolenergy.com\/cz\/vsechny-produkty\/\"]}]},{\"@type\":\"BreadcrumbList\",\"@id\":\"https:\/\/www.icscoolenergy.com\/cz\/vsechny-produkty\/#breadcrumb\",\"itemListElement\":[{\"@type\":\"ListItem\",\"position\":1,\"name\":\"Home\",\"item\":\"https:\/\/www.icscoolenergy.com\/cz\/\"},{\"@type\":\"ListItem\",\"position\":2,\"name\":\"V\u0161echny produkty\"}]},{\"@type\":\"WebSite\",\"@id\":\"https:\/\/www.icscoolenergy.com\/cz\/#website\",\"url\":\"https:\/\/www.icscoolenergy.com\/cz\/\",\"name\":\"ICS Cool Energy\",\"description\":\"The Process Temperature Control Specialists\",\"publisher\":{\"@id\":\"https:\/\/www.icscoolenergy.com\/cz\/#organization\"},\"alternateName\":\"ICS\",\"potentialAction\":[{\"@type\":\"SearchAction\",\"target\":{\"@type\":\"EntryPoint\",\"urlTemplate\":\"https:\/\/www.icscoolenergy.com\/cz\/?s={search_term_string}\"},\"query-input\":{\"@type\":\"PropertyValueSpecification\",\"valueRequired\":true,\"valueName\":\"search_term_string\"}}],\"inLanguage\":\"cs\"},{\"@type\":\"Organization\",\"@id\":\"https:\/\/www.icscoolenergy.com\/cz\/#organization\",\"name\":\"ICS Cool Energy\",\"url\":\"https:\/\/www.icscoolenergy.com\/cz\/\",\"logo\":{\"@type\":\"ImageObject\",\"inLanguage\":\"cs\",\"@id\":\"https:\/\/www.icscoolenergy.com\/cz\/#\/schema\/logo\/image\/\",\"url\":\"https:\/\/www.icscoolenergy.com\/wp-content\/uploads\/sites\/13\/2024\/01\/ics-cool-energy-logo.svg\",\"contentUrl\":\"https:\/\/www.icscoolenergy.com\/wp-content\/uploads\/sites\/13\/2024\/01\/ics-cool-energy-logo.svg\",\"caption\":\"ICS Cool Energy\"},\"image\":{\"@id\":\"https:\/\/www.icscoolenergy.com\/cz\/#\/schema\/logo\/image\/\"},\"sameAs\":[\"https:\/\/www.linkedin.com\/company\/ics-temperature-control\/\",\"https:\/\/www.youtube.com\/@ICSCoolEnergyLtd\"],\"description\":\"ICS Cool Energy is a market leader for process and critical temperature control solutions that keep all types and sizes of businesses and industry running. Our headquarters are situated in Southampton, with offices throughout the UK and Europe, employing over 250 people in the UK alone.\",\"email\":\"info@icscoolenergy.com\",\"telephone\":\"0800 840 4210\",\"legalName\":\"ICS Cool Energy Limited\",\"numberOfEmployees\":{\"@type\":\"QuantitativeValue\",\"minValue\":\"201\",\"maxValue\":\"500\"}}]}<\/script>\n<!-- \/ Yoast SEO Premium plugin. -->","yoast_head_json":{"title":"V\u0161echny produkty | Czechia\u200a","robots":{"index":"index","follow":"follow","max-snippet":"max-snippet:-1","max-image-preview":"max-image-preview:large","max-video-preview":"max-video-preview:-1"},"canonical":"https:\/\/www.icscoolenergy.com\/cz\/vsechny-produkty\/","og_locale":"cs_CZ","og_type":"article","og_title":"V\u0161echny produkty","og_description":"V\u0160ECHNY PRODUKTY Objevte na\u0161i kompletn\u00ed \u0159adu produkt\u016f pro chlazen\u00ed a vyt\u00e1p\u011bn\u00ed, kter\u00e9 nab\u00edzej\u00ed nejnov\u011bj\u0161\u00ed vysoce v\u00fdkonnou a energeticky \u00faspornou technologii. A\u0165 u\u017e si najmete nebo koup\u00edte, n\u00e1\u0161 intern\u00ed t\u00fdm pro design a projektov\u00fd management s v\u00e1mi bude \u00fazce spolupracovat, aby zajistil, \u017ee va\u0161e za\u0159\u00edzen\u00ed pro procesn\u00ed chlazen\u00ed, vyt\u00e1p\u011bn\u00ed nebo regulaci teploty bude p\u0159izp\u016fsobeno po\u017eadavk\u016fm va\u0161eho ... Read more","og_url":"https:\/\/www.icscoolenergy.com\/cz\/vsechny-produkty\/","og_site_name":"Czechia\u200a","article_modified_time":"2025-03-06T06:46:34+00:00","twitter_card":"summary_large_image","schema":{"@context":"https:\/\/schema.org","@graph":[{"@type":"WebPage","@id":"https:\/\/www.icscoolenergy.com\/cz\/vsechny-produkty\/","url":"https:\/\/www.icscoolenergy.com\/cz\/vsechny-produkty\/","name":"V\u0161echny produkty | Czechia\u200a","isPartOf":{"@id":"https:\/\/www.icscoolenergy.com\/cz\/#website"},"datePublished":"2024-01-08T17:28:58+00:00","dateModified":"2025-03-06T06:46:34+00:00","breadcrumb":{"@id":"https:\/\/www.icscoolenergy.com\/cz\/vsechny-produkty\/#breadcrumb"},"inLanguage":"cs","potentialAction":[{"@type":"ReadAction","target":["https:\/\/www.icscoolenergy.com\/cz\/vsechny-produkty\/"]}]},{"@type":"BreadcrumbList","@id":"https:\/\/www.icscoolenergy.com\/cz\/vsechny-produkty\/#breadcrumb","itemListElement":[{"@type":"ListItem","position":1,"name":"Home","item":"https:\/\/www.icscoolenergy.com\/cz\/"},{"@type":"ListItem","position":2,"name":"V\u0161echny produkty"}]},{"@type":"WebSite","@id":"https:\/\/www.icscoolenergy.com\/cz\/#website","url":"https:\/\/www.icscoolenergy.com\/cz\/","name":"ICS Cool Energy","description":"The Process Temperature Control Specialists","publisher":{"@id":"https:\/\/www.icscoolenergy.com\/cz\/#organization"},"alternateName":"ICS","potentialAction":[{"@type":"SearchAction","target":{"@type":"EntryPoint","urlTemplate":"https:\/\/www.icscoolenergy.com\/cz\/?s={search_term_string}"},"query-input":{"@type":"PropertyValueSpecification","valueRequired":true,"valueName":"search_term_string"}}],"inLanguage":"cs"},{"@type":"Organization","@id":"https:\/\/www.icscoolenergy.com\/cz\/#organization","name":"ICS Cool Energy","url":"https:\/\/www.icscoolenergy.com\/cz\/","logo":{"@type":"ImageObject","inLanguage":"cs","@id":"https:\/\/www.icscoolenergy.com\/cz\/#\/schema\/logo\/image\/","url":"https:\/\/www.icscoolenergy.com\/wp-content\/uploads\/sites\/13\/2024\/01\/ics-cool-energy-logo.svg","contentUrl":"https:\/\/www.icscoolenergy.com\/wp-content\/uploads\/sites\/13\/2024\/01\/ics-cool-energy-logo.svg","caption":"ICS Cool Energy"},"image":{"@id":"https:\/\/www.icscoolenergy.com\/cz\/#\/schema\/logo\/image\/"},"sameAs":["https:\/\/www.linkedin.com\/company\/ics-temperature-control\/","https:\/\/www.youtube.com\/@ICSCoolEnergyLtd"],"description":"ICS Cool Energy is a market leader for process and critical temperature control solutions that keep all types and sizes of businesses and industry running. Our headquarters are situated in Southampton, with offices throughout the UK and Europe, employing over 250 people in the UK alone.","email":"info@icscoolenergy.com","telephone":"0800 840 4210","legalName":"ICS Cool Energy Limited","numberOfEmployees":{"@type":"QuantitativeValue","minValue":"201","maxValue":"500"}}]}},"_links":{"self":[{"href":"https:\/\/www.icscoolenergy.com\/cz\/wp-json\/wp\/v2\/pages\/86489","targetHints":{"allow":["GET"]}}],"collection":[{"href":"https:\/\/www.icscoolenergy.com\/cz\/wp-json\/wp\/v2\/pages"}],"about":[{"href":"https:\/\/www.icscoolenergy.com\/cz\/wp-json\/wp\/v2\/types\/page"}],"author":[{"embeddable":true,"href":"https:\/\/www.icscoolenergy.com\/cz\/wp-json\/wp\/v2\/users\/1"}],"replies":[{"embeddable":true,"href":"https:\/\/www.icscoolenergy.com\/cz\/wp-json\/wp\/v2\/comments?post=86489"}],"version-history":[{"count":0,"href":"https:\/\/www.icscoolenergy.com\/cz\/wp-json\/wp\/v2\/pages\/86489\/revisions"}],"wp:attachment":[{"href":"https:\/\/www.icscoolenergy.com\/cz\/wp-json\/wp\/v2\/media?parent=86489"}],"curies":[{"name":"wp","href":"https:\/\/api.w.org\/{rel}","templated":true}]}}