 
{"id":86597,"date":"2024-04-08T09:34:48","date_gmt":"2024-04-08T09:34:48","guid":{"rendered":"https:\/\/www.icscoolenergy.com\/cz\/sluzba\/uprava-vody-pro-chladici-systemy\/"},"modified":"2025-03-06T06:47:09","modified_gmt":"2025-03-06T06:47:09","slug":"uprava-vody-pro-chladici-systemy","status":"publish","type":"page","link":"https:\/\/www.icscoolenergy.com\/cz\/sluzba\/uprava-vody-pro-chladici-systemy\/","title":{"rendered":"\u00daprava vody pro chladic\u00ed syst\u00e9my"},"content":{"rendered":"\n<div class=\"mb-8 eplus-wrapper wp-block-group is-layout-flow wp-block-group-is-layout-flow\">\n<div class=\"md:relative eplus-wrapper wp-block-group is-layout-flow wp-block-group-is-layout-flow\">\n<div class=\"eplus-wrapper wp-block-cover is-light\" style=\"min-height:451px;aspect-ratio:unset;\"><span aria-hidden=\"true\" class=\"wp-block-cover__background has-background-dim-0 has-background-dim\"><\/span><img decoding=\"async\" width=\"1980\" height=\"900\" class=\"wp-block-cover__image-background wp-image-84169\" alt=\"Chiller Water Treatment\" src=\"https:\/\/www.icscoolenergy.com\/cz\/wp-content\/uploads\/sites\/13\/2024\/05\/Water-Treatment.jpg\" data-object-fit=\"cover\" srcset=\"https:\/\/www.icscoolenergy.com\/wp-content\/uploads\/sites\/13\/2024\/05\/Water-Treatment.jpg 1980w, https:\/\/www.icscoolenergy.com\/wp-content\/uploads\/sites\/13\/2024\/05\/Water-Treatment-300x136.jpg 300w, https:\/\/www.icscoolenergy.com\/wp-content\/uploads\/sites\/13\/2024\/05\/Water-Treatment-1024x465.jpg 1024w, https:\/\/www.icscoolenergy.com\/wp-content\/uploads\/sites\/13\/2024\/05\/Water-Treatment-768x349.jpg 768w, https:\/\/www.icscoolenergy.com\/wp-content\/uploads\/sites\/13\/2024\/05\/Water-Treatment-50x23.jpg 50w, https:\/\/www.icscoolenergy.com\/wp-content\/uploads\/sites\/13\/2024\/05\/Water-Treatment-1600x727.jpg 1600w, https:\/\/www.icscoolenergy.com\/wp-content\/uploads\/sites\/13\/2024\/05\/Water-Treatment-1536x698.jpg 1536w, https:\/\/www.icscoolenergy.com\/wp-content\/uploads\/sites\/13\/2024\/05\/Water-Treatment-600x273.jpg 600w\" sizes=\"(max-width: 1980px) 100vw, 1980px\" \/><div class=\"wp-block-cover__inner-container is-layout-flow wp-block-cover-is-layout-flow\">\n<p class=\" has-text-align-center has-large-font-size eplus-wrapper\"><\/p>\n<\/div><\/div>\n\n\n\n<div class=\"rounded-tr-md sm:w-full md:w-[80%] md:h-fit md:top-[80%] relative md:-mt-[10%] z-[1] md:left-0 eplus-wrapper wp-block-group has-background is-layout-constrained wp-block-group-is-layout-constrained\" style=\"background-color:#eaeaef\">\n<h1 class=\"eplus-wrapper pt-8 wp-block-heading has-text-color has-link-color wp-elements-070a5e40caddf67b184a2c7359befb9e\" id=\"h-water-treatment-for-chiller-systems\" style=\"color:#312f5f\">\u00daPRAVA VODY PRO CHLADIC\u00cd SYST\u00c9MY<\/h1>\n\n\n\n<p class=\" eplus-wrapper\">Chra\u0148te svou v\u00fdrobu p\u0159ed prostoji.<\/p>\n\n\n\n<p class=\" eplus-wrapper\">Voda nebo kapalina prot\u00e9kaj\u00edc\u00ed chladic\u00edm za\u0159\u00edzen\u00edm a p\u0159idru\u017een\u00fdm syst\u00e9mem m\u016f\u017ee b\u00fdt \u010dasto p\u0159ehl\u00ed\u017eena, p\u0159esto m\u016f\u017ee b\u00fdt ovlivn\u011bna mnoha faktory, jako je rozpu\u0161t\u011bn\u00fd kysl\u00edk, nerovnov\u00e1ha pH a bakterie nebo biologick\u00e9 zne\u010di\u0161t\u011bn\u00ed.<\/p>\n\n\n\n<p class=\" eplus-wrapper\">Kvalita vody ve va\u0161em syst\u00e9mu ovliv\u0148uje \u017eivotnost va\u0161eho procesn\u00edho za\u0159\u00edzen\u00ed, d\u00edl\u016f a komponent. Jakmile voda za\u010dne prot\u00e9kat va\u0161\u00edm syst\u00e9mem, m\u011bn\u00ed se jeho vlastnosti, tak\u017ee je nezbytn\u00e9, aby byla pravideln\u011b kontrolov\u00e1na a spr\u00e1vn\u011b o\u0161et\u0159ov\u00e1na. <\/p>\n<\/div>\n<\/div>\n<\/div>\n\n<div class=\"flex flex-row flex-wrap md:flex-nowrap sm:justify-center sm:items-center wp-block-group eplus-wrapper is-layout-constrained wp-block-group-is-layout-constrained\">\n<div class=\"w-full p-2 m-2 wp-block-group eplus-wrapper is-vertical is-layout-flex wp-container-core-group-is-layout-8cf370e7 wp-block-group-is-layout-flex\">\n<p class=\"has-text-color has-link-color eplus-wrapper wp-elements-5377e93ce5cc3bc0580531137ac7635d\" style=\"color:#323130\">M\u016f\u017eete vid\u011bt sv\u00e9 vybaven\u00ed; Stoj\u00ed to p\u0159ed v\u00e1mi p\u0159\u00edmo tam. Co v\u0161ak nevid\u00edte, je kapalina, kter\u00e1 cirkuluje uvnit\u0159 za\u0159\u00edzen\u00ed. <\/p>\n\n\n\n<p class=\"has-text-color has-link-color eplus-wrapper wp-elements-03673fe1bf88dcfe46cf2ee91bf28169\" style=\"color:#323130\">Na\u0161e intern\u00ed \u00faprava vody je navr\u017eena tak, aby udr\u017eela v\u00e1\u0161 proces v provozu a udr\u017eela v\u00e1\u0161 pr\u016fmysl v chodu efektivn\u011b a spolehliv\u011b. V\u00edme velmi dob\u0159e, \u017ee pochopen\u00ed chemick\u00e9ho slo\u017een\u00ed toho, co by mohlo vypadat jako voda, je komplikovan\u00e9. <\/p>\n\n\n\n<p class=\"has-text-color has-link-color eplus-wrapper wp-elements-e11f075850787ef2edab220e08eec232\" style=\"color:#323130\">Zjednodu\u0161\u00edme v\u00e1m to, odebereme vzorek a na\u0161eho specialistu na \u00fapravu vody a vyd\u00e1me zpr\u00e1vu s jasn\u00fdm pl\u00e1nem implementace, abychom mohli udr\u017eovat va\u0161e za\u0159\u00edzen\u00ed nebo prov\u00e9st opravu. To v\u0161e d\u011bl\u00e1me intern\u011b, a\u0165 u\u017e jde o glykol, inhibitor, biocid nebo \u00fapln\u00e9 proplachov\u00e1n\u00ed <\/p>\n\n\n\n<p class=\"has-text-color has-link-color eplus-wrapper wp-elements-c61bf9a0c89431588a709edeb8587bb2\" style=\"color:#323130\">Kvalita vody ovliv\u0148uje \u017eivotnost, \u00fa\u010dinnost a spolehlivost va\u0161eho procesn\u00edho za\u0159\u00edzen\u00ed.<\/p>\n\n\n\n<p class=\"has-text-color has-link-color eplus-wrapper wp-elements-66ef3998826de36c99a7e3277d381373\" style=\"color:#323130\">Je nezbytn\u00e9, aby byla va\u0161e syst\u00e9mov\u00e1 kapalina pravideln\u011b kontrolov\u00e1na, udr\u017eov\u00e1na a o\u0161et\u0159ov\u00e1na, aby se p\u0159ede\u0161lo probl\u00e9m\u016fm, jako je koroze, bakterie a zne\u010di\u0161t\u011bn\u00ed syst\u00e9mu, kter\u00e9 v kone\u010dn\u00e9m d\u016fsledku povedou k selh\u00e1n\u00ed za\u0159\u00edzen\u00ed a procesn\u00edho syst\u00e9mu, nep\u0159\u00edjemnostem a n\u00e1klad\u016fm.<\/p>\n\n\n\n<p class=\"has-text-color has-link-color eplus-wrapper wp-elements-0f779b5af4eee8725d379072619b29af\" style=\"color:#323130\">Prvn\u00edm krokem ke kvalitn\u00ed vod\u011b je zaveden\u00ed pl\u00e1nu \u00fapravy vody. V r\u00e1mci na\u0161ich smluv o pl\u00e1novan\u00e9 preventivn\u00ed \u00fadr\u017eb\u011b nyn\u00ed standardn\u011b prov\u00e1d\u00edme odb\u011br vzork\u016f a nez\u00e1visl\u00e9 laboratorn\u00ed anal\u00fdzy. <\/p>\n\n\n\n<p class=\"has-text-color has-link-color eplus-wrapper wp-elements-987ff3b9b64fb4c9573985bf3821f955\" style=\"color:#323130\">Je vyd\u00e1na p\u0159ehledn\u00e1 zpr\u00e1va, kter\u00e1 ozna\u010duje v\u0161echny vady, kter\u00e9 nespadaj\u00ed do doporu\u010den\u00fdch parametr\u016f.<\/p>\n\n\n\n<p class=\"has-text-color has-link-color eplus-wrapper wp-elements-f5c0ee0241b3086bc82c42a904f961fa\" style=\"color:#323130\">Pot\u00e9 je vytvo\u0159en podrobn\u00fd ak\u010dn\u00ed pl\u00e1n, kter\u00fd pro v\u00e1s m\u016f\u017ee b\u00fdt implementov\u00e1n \u2013 n\u00e1vrat a udr\u017een\u00ed kvality va\u0161\u00ed vody na \u00farovni osv\u011bd\u010den\u00fdch postup\u016f.<\/p>\n<\/div>\n<\/div>\n\n<div style=\"height:60px\" aria-hidden=\"true\" class=\" wp-block-spacer eplus-wrapper\"><\/div>\n\n<div class=\"wp-block-group eplus-wrapper is-layout-flow wp-block-group-is-layout-flow\"><div class=\"items-center md:flex xs:grid wp-block-columns eplus-wrapper is-layout-flex wp-container-core-columns-is-layout-9d6595d7 wp-block-columns-is-layout-flex eplus-styles-uid-e0cdff\">\n<div class=\"xs:order-2 md:order-1 xs:w-full md:w-6\/12 xs:mb-12 md:mb-0 wp-block-column eplus-wrapper is-layout-flow wp-block-column-is-layout-flow\">\n<figure class=\" wp-block-image size-full is-resized eplus-wrapper\"><img decoding=\"async\" width=\"900\" height=\"544\" src=\"https:\/\/www.icscoolenergy.com\/cz\/wp-content\/uploads\/sites\/13\/2024\/04\/Water-Treatment-For-Chillers.jpg\" alt=\"\" class=\"wp-image-80217\" style=\"width:720px\" srcset=\"https:\/\/www.icscoolenergy.com\/wp-content\/uploads\/sites\/13\/2024\/04\/Water-Treatment-For-Chillers.jpg 900w, https:\/\/www.icscoolenergy.com\/wp-content\/uploads\/sites\/13\/2024\/04\/Water-Treatment-For-Chillers-300x181.jpg 300w, https:\/\/www.icscoolenergy.com\/wp-content\/uploads\/sites\/13\/2024\/04\/Water-Treatment-For-Chillers-768x464.jpg 768w, https:\/\/www.icscoolenergy.com\/wp-content\/uploads\/sites\/13\/2024\/04\/Water-Treatment-For-Chillers-50x30.jpg 50w, https:\/\/www.icscoolenergy.com\/wp-content\/uploads\/sites\/13\/2024\/04\/Water-Treatment-For-Chillers-600x363.jpg 600w\" sizes=\"(max-width: 900px) 100vw, 900px\" \/><\/figure>\n<\/div>\n\n\n\n<div class=\"xs:order-1 md:order-2 xs:w-full md:w-6\/12 wp-block-column eplus-wrapper is-layout-flow wp-block-column-is-layout-flow\">\n<h2 class=\" wp-block-heading eplus-wrapper\" id=\"h-benefits\"><strong>V\u00ddHODY<\/strong><\/h2>\n\n\n<ul class=\"eplus-wrapper wp-block-list eplus-styles-uid-5e964c\">\n<li class=\" eplus-wrapper\">Zabra\u0148te degradaci syst\u00e9mu pravideln\u00fdm monitorov\u00e1n\u00edm a l\u00e9\u010dbou<\/li>\n\n\n\n<li class=\" eplus-wrapper\">Zv\u00fd\u0161en\u00ed efektivity syst\u00e9mu<\/li>\n\n\n<li class=\" eplus-wrapper eplus-styles-uid-d57e6b\">Prodlu\u017ete \u017eivotnost sv\u00e9ho syst\u00e9mu a za\u0159\u00edzen\u00ed<\/li>\n\n\n<li class=\" eplus-wrapper\">Sni\u017ete n\u00e1klady na \u00fadr\u017ebu a opravy<\/li>\n\n\n\n<li class=\" eplus-wrapper\">Chra\u0148te kvalitu sv\u00e9ho procesn\u00edho syst\u00e9mu<\/li>\n<\/ul><\/div>\n<\/div><\/div>\n\n<div style=\"height:60px\" aria-hidden=\"true\" class=\" wp-block-spacer eplus-wrapper\"><\/div>\n\n<div class=\"flex flex-row flex-wrap md:flex-nowrap sm:justify-center sm:items-center wp-block-group eplus-wrapper is-layout-constrained wp-block-group-is-layout-constrained\">\n<div class=\"w-full p-2 m-2 wp-block-group eplus-wrapper is-vertical is-layout-flex wp-container-core-group-is-layout-8cf370e7 wp-block-group-is-layout-flex\">\n<h3 class=\" wp-block-heading eplus-wrapper\" id=\"h-side-stream-filtration\">FILTRACE BO\u010cN\u00cdHO PROUDU<\/h3>\n\n\n\n<div style=\"height:8px\" aria-hidden=\"true\" class=\"wp-block-spacer eplus-wrapper wp-container-content-7d115344\"><\/div>\n\n\n\n<p class=\"has-text-color has-link-color eplus-wrapper wp-elements-fd40f58988ae8c436e255a462042063f\" style=\"color:#323130\">Pokud by va\u0161e syst\u00e9my vykazovaly zn\u00e1mky zv\u00fd\u0161en\u00e9ho mno\u017estv\u00ed nerozpu\u0161t\u011bn\u00fdch l\u00e1tek, koroze nebo jin\u00fdch ne\u010distot, existuje \u0159ada za\u0159\u00edzen\u00ed, kter\u00e1 lze pou\u017e\u00edt k odstran\u011bn\u00ed takov\u00e9 kontaminace.<\/p>\n\n\n\n<p class=\"has-text-color has-link-color eplus-wrapper wp-elements-1df0743b333e7b54d38e46a7290725d5\" style=\"color:#323130\">Pat\u0159\u00ed sem s\u00edtka, filtry, magnetick\u00e9 filtry, odlu\u010dova\u010de ne\u010distot, kombinovan\u00e9 odlu\u010dova\u010de vzduchu a ne\u010distot a tak\u00e9 b\u011b\u017en\u011b se vyskytuj\u00edc\u00ed bo\u010dn\u00ed filtrace. To v\u0161e hraje svou roli a p\u0159i spr\u00e1vn\u00e9m pou\u017eit\u00ed m\u016f\u017ee m\u00edt pozitivn\u00ed vliv na \u010di\u0161t\u011bn\u00ed a trvalou ochranu uzav\u0159en\u00fdch okruh\u016f. <\/p>\n\n\n\n<p class=\"has-text-color has-link-color eplus-wrapper wp-elements-dd509a12c6a579ffd24d7b395a0e75f0\" style=\"color:#323130\">\u0158ada syst\u00e9m\u016f m\u00e1 ve f\u00e1zi n\u00e1vrhu zahrnutou bo\u010dn\u00ed filtraci, aby se ochr\u00e1nily n\u011bkter\u00e9 probl\u00e9my, na kter\u00e9 jsme upozornili v\u00fd\u0161e. Takov\u00e9 za\u0159\u00edzen\u00ed je jednoduch\u00e9, snadno se instaluje a m\u00e1 jednoduch\u00fd proces odstra\u0148ov\u00e1n\u00ed pevn\u00fdch l\u00e1tek. Filtry s bo\u010dn\u00edm proudem jsou navr\u017eeny tak, aby neust\u00e1le proch\u00e1zely 5-15 % cirkuluj\u00edc\u00ed vody filtra\u010dn\u00edm t\u011blesem, co\u017e m\u00e1 za n\u00e1sledek, \u017ee celkov\u00fd objem syst\u00e9mu je filtrov\u00e1n 2 a\u017e 3kr\u00e1t za 24 hodin.  <\/p>\n\n\n\n<p class=\"has-text-color has-link-color eplus-wrapper wp-elements-288785234f715cb7d4c524ad0681c7a5\" style=\"color:#323130\">Dal\u0161\u00ed informace o <a href=\"\/cz?product_cat=how-to-manage-suspended-solids\">filtraci bo\u010dn\u00edho proudu najdete na na\u0161em blogu<\/a>.<\/p>\n<\/div>\n<\/div>\n\n<div style=\"height:60px\" aria-hidden=\"true\" class=\" wp-block-spacer eplus-wrapper\"><\/div>\n","protected":false},"excerpt":{"rendered":"<p>\u00daPRAVA VODY PRO CHLADIC\u00cd SYST\u00c9MY Chra\u0148te svou v\u00fdrobu p\u0159ed prostoji. Voda nebo kapalina prot\u00e9kaj\u00edc\u00ed chladic\u00edm za\u0159\u00edzen\u00edm a p\u0159idru\u017een\u00fdm syst\u00e9mem m\u016f\u017ee b\u00fdt \u010dasto p\u0159ehl\u00ed\u017eena, p\u0159esto m\u016f\u017ee b\u00fdt ovlivn\u011bna mnoha faktory, jako je rozpu\u0161t\u011bn\u00fd kysl\u00edk, nerovnov\u00e1ha pH a bakterie nebo biologick\u00e9 zne\u010di\u0161t\u011bn\u00ed. Kvalita vody ve va\u0161em syst\u00e9mu ovliv\u0148uje \u017eivotnost va\u0161eho procesn\u00edho za\u0159\u00edzen\u00ed, d\u00edl\u016f a komponent. Jakmile voda &#8230; <a title=\"\u00daprava vody pro chladic\u00ed syst\u00e9my\" class=\"read-more\" href=\"https:\/\/www.icscoolenergy.com\/cz\/sluzba\/uprava-vody-pro-chladici-systemy\/\" aria-label=\"More on \u00daprava vody pro chladic\u00ed syst\u00e9my\">Read more<\/a><\/p>\n","protected":false},"author":1,"featured_media":0,"parent":86508,"menu_order":0,"comment_status":"closed","ping_status":"closed","template":"template-1.php","meta":{"_acf_changed":false,"inline_featured_image":false,"_editorskit_title_hidden":false,"_editorskit_reading_time":0,"_editorskit_is_block_options_detached":false,"_editorskit_block_options_position":"{}","editor_plus_copied_stylings":"{}","footnotes":""},"class_list":["post-86597","page","type-page","status-publish"],"acf":[],"yoast_head":"<!-- This site is optimized with the Yoast SEO Premium plugin v24.5 (Yoast SEO v26.9) - https:\/\/yoast.com\/product\/yoast-seo-premium-wordpress\/ -->\n<title>\u00daprava vody pro chladic\u00ed syst\u00e9my | Czechia\u200a<\/title>\n<meta name=\"robots\" content=\"index, follow, max-snippet:-1, max-image-preview:large, max-video-preview:-1\" \/>\n<link rel=\"canonical\" href=\"https:\/\/www.icscoolenergy.com\/cz\/sluzba\/uprava-vody-pro-chladici-systemy\/\" \/>\n<meta property=\"og:locale\" content=\"cs_CZ\" \/>\n<meta property=\"og:type\" content=\"article\" \/>\n<meta property=\"og:title\" content=\"\u00daprava vody pro chladic\u00ed syst\u00e9my\" \/>\n<meta property=\"og:description\" content=\"\u00daPRAVA VODY PRO CHLADIC\u00cd SYST\u00c9MY Chra\u0148te svou v\u00fdrobu p\u0159ed prostoji. Voda nebo kapalina prot\u00e9kaj\u00edc\u00ed chladic\u00edm za\u0159\u00edzen\u00edm a p\u0159idru\u017een\u00fdm syst\u00e9mem m\u016f\u017ee b\u00fdt \u010dasto p\u0159ehl\u00ed\u017eena, p\u0159esto m\u016f\u017ee b\u00fdt ovlivn\u011bna mnoha faktory, jako je rozpu\u0161t\u011bn\u00fd kysl\u00edk, nerovnov\u00e1ha pH a bakterie nebo biologick\u00e9 zne\u010di\u0161t\u011bn\u00ed. Kvalita vody ve va\u0161em syst\u00e9mu ovliv\u0148uje \u017eivotnost va\u0161eho procesn\u00edho za\u0159\u00edzen\u00ed, d\u00edl\u016f a komponent. Jakmile voda ... Read more\" \/>\n<meta property=\"og:url\" content=\"https:\/\/www.icscoolenergy.com\/cz\/sluzba\/uprava-vody-pro-chladici-systemy\/\" \/>\n<meta property=\"og:site_name\" content=\"Czechia\u200a\" \/>\n<meta property=\"article:modified_time\" content=\"2025-03-06T06:47:09+00:00\" \/>\n<meta property=\"og:image\" content=\"https:\/\/www.icscoolenergy.com\/wp-content\/uploads\/sites\/13\/2024\/05\/Water-Treatment.jpg\" \/>\n\t<meta property=\"og:image:width\" content=\"1980\" \/>\n\t<meta property=\"og:image:height\" content=\"900\" \/>\n\t<meta property=\"og:image:type\" content=\"image\/jpeg\" \/>\n<meta name=\"twitter:card\" content=\"summary_large_image\" \/>\n<meta name=\"twitter:label1\" content=\"Est. reading time\" \/>\n\t<meta name=\"twitter:data1\" content=\"3 minuty\" \/>\n<script type=\"application\/ld+json\" class=\"yoast-schema-graph\">{\"@context\":\"https:\/\/schema.org\",\"@graph\":[{\"@type\":\"WebPage\",\"@id\":\"https:\/\/www.icscoolenergy.com\/cz\/sluzba\/uprava-vody-pro-chladici-systemy\/\",\"url\":\"https:\/\/www.icscoolenergy.com\/cz\/sluzba\/uprava-vody-pro-chladici-systemy\/\",\"name\":\"\u00daprava vody pro chladic\u00ed syst\u00e9my | Czechia\u200a\",\"isPartOf\":{\"@id\":\"https:\/\/www.icscoolenergy.com\/cz\/#website\"},\"primaryImageOfPage\":{\"@id\":\"https:\/\/www.icscoolenergy.com\/cz\/sluzba\/uprava-vody-pro-chladici-systemy\/#primaryimage\"},\"image\":{\"@id\":\"https:\/\/www.icscoolenergy.com\/cz\/sluzba\/uprava-vody-pro-chladici-systemy\/#primaryimage\"},\"thumbnailUrl\":\"https:\/\/www.icscoolenergy.com\/cz\/wp-content\/uploads\/sites\/13\/2024\/05\/Water-Treatment.jpg\",\"datePublished\":\"2024-04-08T09:34:48+00:00\",\"dateModified\":\"2025-03-06T06:47:09+00:00\",\"breadcrumb\":{\"@id\":\"https:\/\/www.icscoolenergy.com\/cz\/sluzba\/uprava-vody-pro-chladici-systemy\/#breadcrumb\"},\"inLanguage\":\"cs\",\"potentialAction\":[{\"@type\":\"ReadAction\",\"target\":[\"https:\/\/www.icscoolenergy.com\/cz\/sluzba\/uprava-vody-pro-chladici-systemy\/\"]}]},{\"@type\":\"ImageObject\",\"inLanguage\":\"cs\",\"@id\":\"https:\/\/www.icscoolenergy.com\/cz\/sluzba\/uprava-vody-pro-chladici-systemy\/#primaryimage\",\"url\":\"https:\/\/www.icscoolenergy.com\/wp-content\/uploads\/sites\/13\/2024\/05\/Water-Treatment.jpg\",\"contentUrl\":\"https:\/\/www.icscoolenergy.com\/wp-content\/uploads\/sites\/13\/2024\/05\/Water-Treatment.jpg\",\"width\":1980,\"height\":900,\"caption\":\"Chiller Water Treatment\"},{\"@type\":\"BreadcrumbList\",\"@id\":\"https:\/\/www.icscoolenergy.com\/cz\/sluzba\/uprava-vody-pro-chladici-systemy\/#breadcrumb\",\"itemListElement\":[{\"@type\":\"ListItem\",\"position\":1,\"name\":\"Home\",\"item\":\"https:\/\/www.icscoolenergy.com\/cz\/\"},{\"@type\":\"ListItem\",\"position\":2,\"name\":\"Slu\u017eba\",\"item\":\"https:\/\/www.icscoolenergy.com\/cz\/sluzba\/\"},{\"@type\":\"ListItem\",\"position\":3,\"name\":\"\u00daprava vody pro chladic\u00ed syst\u00e9my\"}]},{\"@type\":\"WebSite\",\"@id\":\"https:\/\/www.icscoolenergy.com\/cz\/#website\",\"url\":\"https:\/\/www.icscoolenergy.com\/cz\/\",\"name\":\"ICS Cool Energy\",\"description\":\"The Process Temperature Control Specialists\",\"publisher\":{\"@id\":\"https:\/\/www.icscoolenergy.com\/cz\/#organization\"},\"alternateName\":\"ICS\",\"potentialAction\":[{\"@type\":\"SearchAction\",\"target\":{\"@type\":\"EntryPoint\",\"urlTemplate\":\"https:\/\/www.icscoolenergy.com\/cz\/?s={search_term_string}\"},\"query-input\":{\"@type\":\"PropertyValueSpecification\",\"valueRequired\":true,\"valueName\":\"search_term_string\"}}],\"inLanguage\":\"cs\"},{\"@type\":\"Organization\",\"@id\":\"https:\/\/www.icscoolenergy.com\/cz\/#organization\",\"name\":\"ICS Cool Energy\",\"url\":\"https:\/\/www.icscoolenergy.com\/cz\/\",\"logo\":{\"@type\":\"ImageObject\",\"inLanguage\":\"cs\",\"@id\":\"https:\/\/www.icscoolenergy.com\/cz\/#\/schema\/logo\/image\/\",\"url\":\"https:\/\/www.icscoolenergy.com\/wp-content\/uploads\/sites\/13\/2024\/01\/ics-cool-energy-logo.svg\",\"contentUrl\":\"https:\/\/www.icscoolenergy.com\/wp-content\/uploads\/sites\/13\/2024\/01\/ics-cool-energy-logo.svg\",\"caption\":\"ICS Cool Energy\"},\"image\":{\"@id\":\"https:\/\/www.icscoolenergy.com\/cz\/#\/schema\/logo\/image\/\"},\"sameAs\":[\"https:\/\/www.linkedin.com\/company\/ics-temperature-control\/\",\"https:\/\/www.youtube.com\/@ICSCoolEnergyLtd\"],\"description\":\"ICS Cool Energy is a market leader for process and critical temperature control solutions that keep all types and sizes of businesses and industry running. Our headquarters are situated in Southampton, with offices throughout the UK and Europe, employing over 250 people in the UK alone.\",\"email\":\"info@icscoolenergy.com\",\"telephone\":\"0800 840 4210\",\"legalName\":\"ICS Cool Energy Limited\",\"numberOfEmployees\":{\"@type\":\"QuantitativeValue\",\"minValue\":\"201\",\"maxValue\":\"500\"}}]}<\/script>\n<!-- \/ Yoast SEO Premium plugin. -->","yoast_head_json":{"title":"\u00daprava vody pro chladic\u00ed syst\u00e9my | Czechia\u200a","robots":{"index":"index","follow":"follow","max-snippet":"max-snippet:-1","max-image-preview":"max-image-preview:large","max-video-preview":"max-video-preview:-1"},"canonical":"https:\/\/www.icscoolenergy.com\/cz\/sluzba\/uprava-vody-pro-chladici-systemy\/","og_locale":"cs_CZ","og_type":"article","og_title":"\u00daprava vody pro chladic\u00ed syst\u00e9my","og_description":"\u00daPRAVA VODY PRO CHLADIC\u00cd SYST\u00c9MY Chra\u0148te svou v\u00fdrobu p\u0159ed prostoji. Voda nebo kapalina prot\u00e9kaj\u00edc\u00ed chladic\u00edm za\u0159\u00edzen\u00edm a p\u0159idru\u017een\u00fdm syst\u00e9mem m\u016f\u017ee b\u00fdt \u010dasto p\u0159ehl\u00ed\u017eena, p\u0159esto m\u016f\u017ee b\u00fdt ovlivn\u011bna mnoha faktory, jako je rozpu\u0161t\u011bn\u00fd kysl\u00edk, nerovnov\u00e1ha pH a bakterie nebo biologick\u00e9 zne\u010di\u0161t\u011bn\u00ed. Kvalita vody ve va\u0161em syst\u00e9mu ovliv\u0148uje \u017eivotnost va\u0161eho procesn\u00edho za\u0159\u00edzen\u00ed, d\u00edl\u016f a komponent. Jakmile voda ... Read more","og_url":"https:\/\/www.icscoolenergy.com\/cz\/sluzba\/uprava-vody-pro-chladici-systemy\/","og_site_name":"Czechia\u200a","article_modified_time":"2025-03-06T06:47:09+00:00","og_image":[{"width":1980,"height":900,"url":"https:\/\/www.icscoolenergy.com\/wp-content\/uploads\/sites\/13\/2024\/05\/Water-Treatment.jpg","type":"image\/jpeg"}],"twitter_card":"summary_large_image","twitter_misc":{"Est. reading time":"3 minuty"},"schema":{"@context":"https:\/\/schema.org","@graph":[{"@type":"WebPage","@id":"https:\/\/www.icscoolenergy.com\/cz\/sluzba\/uprava-vody-pro-chladici-systemy\/","url":"https:\/\/www.icscoolenergy.com\/cz\/sluzba\/uprava-vody-pro-chladici-systemy\/","name":"\u00daprava vody pro chladic\u00ed syst\u00e9my | Czechia\u200a","isPartOf":{"@id":"https:\/\/www.icscoolenergy.com\/cz\/#website"},"primaryImageOfPage":{"@id":"https:\/\/www.icscoolenergy.com\/cz\/sluzba\/uprava-vody-pro-chladici-systemy\/#primaryimage"},"image":{"@id":"https:\/\/www.icscoolenergy.com\/cz\/sluzba\/uprava-vody-pro-chladici-systemy\/#primaryimage"},"thumbnailUrl":"https:\/\/www.icscoolenergy.com\/cz\/wp-content\/uploads\/sites\/13\/2024\/05\/Water-Treatment.jpg","datePublished":"2024-04-08T09:34:48+00:00","dateModified":"2025-03-06T06:47:09+00:00","breadcrumb":{"@id":"https:\/\/www.icscoolenergy.com\/cz\/sluzba\/uprava-vody-pro-chladici-systemy\/#breadcrumb"},"inLanguage":"cs","potentialAction":[{"@type":"ReadAction","target":["https:\/\/www.icscoolenergy.com\/cz\/sluzba\/uprava-vody-pro-chladici-systemy\/"]}]},{"@type":"ImageObject","inLanguage":"cs","@id":"https:\/\/www.icscoolenergy.com\/cz\/sluzba\/uprava-vody-pro-chladici-systemy\/#primaryimage","url":"https:\/\/www.icscoolenergy.com\/wp-content\/uploads\/sites\/13\/2024\/05\/Water-Treatment.jpg","contentUrl":"https:\/\/www.icscoolenergy.com\/wp-content\/uploads\/sites\/13\/2024\/05\/Water-Treatment.jpg","width":1980,"height":900,"caption":"Chiller Water Treatment"},{"@type":"BreadcrumbList","@id":"https:\/\/www.icscoolenergy.com\/cz\/sluzba\/uprava-vody-pro-chladici-systemy\/#breadcrumb","itemListElement":[{"@type":"ListItem","position":1,"name":"Home","item":"https:\/\/www.icscoolenergy.com\/cz\/"},{"@type":"ListItem","position":2,"name":"Slu\u017eba","item":"https:\/\/www.icscoolenergy.com\/cz\/sluzba\/"},{"@type":"ListItem","position":3,"name":"\u00daprava vody pro chladic\u00ed syst\u00e9my"}]},{"@type":"WebSite","@id":"https:\/\/www.icscoolenergy.com\/cz\/#website","url":"https:\/\/www.icscoolenergy.com\/cz\/","name":"ICS Cool Energy","description":"The Process Temperature Control Specialists","publisher":{"@id":"https:\/\/www.icscoolenergy.com\/cz\/#organization"},"alternateName":"ICS","potentialAction":[{"@type":"SearchAction","target":{"@type":"EntryPoint","urlTemplate":"https:\/\/www.icscoolenergy.com\/cz\/?s={search_term_string}"},"query-input":{"@type":"PropertyValueSpecification","valueRequired":true,"valueName":"search_term_string"}}],"inLanguage":"cs"},{"@type":"Organization","@id":"https:\/\/www.icscoolenergy.com\/cz\/#organization","name":"ICS Cool Energy","url":"https:\/\/www.icscoolenergy.com\/cz\/","logo":{"@type":"ImageObject","inLanguage":"cs","@id":"https:\/\/www.icscoolenergy.com\/cz\/#\/schema\/logo\/image\/","url":"https:\/\/www.icscoolenergy.com\/wp-content\/uploads\/sites\/13\/2024\/01\/ics-cool-energy-logo.svg","contentUrl":"https:\/\/www.icscoolenergy.com\/wp-content\/uploads\/sites\/13\/2024\/01\/ics-cool-energy-logo.svg","caption":"ICS Cool Energy"},"image":{"@id":"https:\/\/www.icscoolenergy.com\/cz\/#\/schema\/logo\/image\/"},"sameAs":["https:\/\/www.linkedin.com\/company\/ics-temperature-control\/","https:\/\/www.youtube.com\/@ICSCoolEnergyLtd"],"description":"ICS Cool Energy is a market leader for process and critical temperature control solutions that keep all types and sizes of businesses and industry running. Our headquarters are situated in Southampton, with offices throughout the UK and Europe, employing over 250 people in the UK alone.","email":"info@icscoolenergy.com","telephone":"0800 840 4210","legalName":"ICS Cool Energy Limited","numberOfEmployees":{"@type":"QuantitativeValue","minValue":"201","maxValue":"500"}}]}},"_links":{"self":[{"href":"https:\/\/www.icscoolenergy.com\/cz\/wp-json\/wp\/v2\/pages\/86597","targetHints":{"allow":["GET"]}}],"collection":[{"href":"https:\/\/www.icscoolenergy.com\/cz\/wp-json\/wp\/v2\/pages"}],"about":[{"href":"https:\/\/www.icscoolenergy.com\/cz\/wp-json\/wp\/v2\/types\/page"}],"author":[{"embeddable":true,"href":"https:\/\/www.icscoolenergy.com\/cz\/wp-json\/wp\/v2\/users\/1"}],"replies":[{"embeddable":true,"href":"https:\/\/www.icscoolenergy.com\/cz\/wp-json\/wp\/v2\/comments?post=86597"}],"version-history":[{"count":0,"href":"https:\/\/www.icscoolenergy.com\/cz\/wp-json\/wp\/v2\/pages\/86597\/revisions"}],"up":[{"embeddable":true,"href":"https:\/\/www.icscoolenergy.com\/cz\/wp-json\/wp\/v2\/pages\/86508"}],"wp:attachment":[{"href":"https:\/\/www.icscoolenergy.com\/cz\/wp-json\/wp\/v2\/media?parent=86597"}],"curies":[{"name":"wp","href":"https:\/\/api.w.org\/{rel}","templated":true}]}}