 
{"id":86604,"date":"2024-04-08T12:03:23","date_gmt":"2024-04-08T12:03:23","guid":{"rendered":"https:\/\/www.icscoolenergy.com\/cz\/sluzba\/flowcool-glykol\/"},"modified":"2025-03-06T06:47:22","modified_gmt":"2025-03-06T06:47:22","slug":"flowcool-glykol","status":"publish","type":"page","link":"https:\/\/www.icscoolenergy.com\/cz\/sluzba\/flowcool-glykol\/","title":{"rendered":"FlowCool glykol"},"content":{"rendered":"\n<div class=\"mb-8 eplus-wrapper wp-block-group is-layout-flow wp-block-group-is-layout-flow\">\n<div class=\"md:relative eplus-wrapper wp-block-group is-layout-flow wp-block-group-is-layout-flow\">\n<div class=\"eplus-wrapper wp-block-cover is-light\" style=\"min-height:451px;aspect-ratio:unset;\"><span aria-hidden=\"true\" class=\"wp-block-cover__background has-background-dim-0 has-background-dim\"><\/span><img decoding=\"async\" width=\"1980\" height=\"845\" class=\"wp-block-cover__image-background wp-image-84150\" alt=\"Glycol Flowcool\" src=\"https:\/\/www.icscoolenergy.com\/cz\/wp-content\/uploads\/sites\/13\/2024\/05\/Glycol-Flowcool.jpg\" style=\"object-position:50% 33%\" data-object-fit=\"cover\" data-object-position=\"50% 33%\" srcset=\"https:\/\/www.icscoolenergy.com\/wp-content\/uploads\/sites\/13\/2024\/05\/Glycol-Flowcool.jpg 1980w, https:\/\/www.icscoolenergy.com\/wp-content\/uploads\/sites\/13\/2024\/05\/Glycol-Flowcool-300x128.jpg 300w, https:\/\/www.icscoolenergy.com\/wp-content\/uploads\/sites\/13\/2024\/05\/Glycol-Flowcool-1024x437.jpg 1024w, https:\/\/www.icscoolenergy.com\/wp-content\/uploads\/sites\/13\/2024\/05\/Glycol-Flowcool-768x328.jpg 768w, https:\/\/www.icscoolenergy.com\/wp-content\/uploads\/sites\/13\/2024\/05\/Glycol-Flowcool-50x21.jpg 50w, https:\/\/www.icscoolenergy.com\/wp-content\/uploads\/sites\/13\/2024\/05\/Glycol-Flowcool-1600x683.jpg 1600w, https:\/\/www.icscoolenergy.com\/wp-content\/uploads\/sites\/13\/2024\/05\/Glycol-Flowcool-1536x656.jpg 1536w, https:\/\/www.icscoolenergy.com\/wp-content\/uploads\/sites\/13\/2024\/05\/Glycol-Flowcool-600x256.jpg 600w\" sizes=\"(max-width: 1980px) 100vw, 1980px\" \/><div class=\"wp-block-cover__inner-container is-layout-flow wp-block-cover-is-layout-flow\">\n<p class=\" has-text-align-center has-large-font-size eplus-wrapper\"><\/p>\n<\/div><\/div>\n\n\n\n<div class=\"rounded-tr-md sm:w-full md:w-[80%] md:h-fit md:top-[80%] relative md:-mt-[10%] z-[1] md:left-0 eplus-wrapper wp-block-group has-background is-layout-constrained wp-block-group-is-layout-constrained\" style=\"background-color:#eaeaef\">\n<h1 class=\"eplus-wrapper pt-8 wp-block-heading has-text-color has-link-color wp-elements-e865f4f84ee346914af0fbf8761cd6ed\" id=\"h-flowcool-glycol\" style=\"color:#312f5f\">FLOWCOOL GLYKOL<\/h1>\n\n\n\n<p class=\" eplus-wrapper\">Glykol je ur\u010den k prevenci zamrznut\u00ed a po\u0161kozen\u00ed syst\u00e9m\u016f a za\u0159\u00edzen\u00ed, kter\u00e9 m\u016f\u017ee v\u00e9st k prostoj\u016fm ve v\u00fdrob\u011b. Je to preferovan\u00e1 alternativa k pou\u017e\u00edv\u00e1n\u00ed vody z vodovodu v topn\u00fdch nebo chladic\u00edch syst\u00e9mech. <\/p>\n\n\n\n<p class=\" eplus-wrapper\">Nab\u00edz\u00edme speci\u00e1ln\u011b vyvinutou \u0159adu produkt\u016f na b\u00e1zi glykolu FlowCool, kter\u00e9 v\u00fdznamn\u011b obsahuj\u00ed organick\u00e9 inhibitory (ne v\u0161echny glykolov\u00e9 produkty obsahuj\u00ed inhibitory, ale jsou nezbytn\u00e9, aby se zabr\u00e1nilo korozi syst\u00e9mu). Jsou doporu\u010deny pr\u016fmyslem a spl\u0148uj\u00ed normu BS5117 pro pou\u017eit\u00ed v procesech obousm\u011brn\u00e9ho chlazen\u00ed a oh\u0159evu. Kompletn\u00ed sortiment zahrnuje pr\u016fmyslov\u00fd glykol, vhodn\u00fd pro potravin\u00e1\u0159sk\u00e9 aplikace, a biologicky odbourateln\u00fd glykol.  <\/p>\n\n\n\n<p class=\" eplus-wrapper\">V\u0161e k dod\u00e1n\u00ed n\u00e1sleduj\u00edc\u00ed den v 5l, 25l a 1 000l lBC.<\/p>\n<\/div>\n<\/div>\n\n\n\n<div style=\"height:60px\" aria-hidden=\"true\" class=\"xs:hidden md:block eplus-wrapper wp-block-spacer\"><\/div>\n<\/div>\n<figure class=\"wp-embed-aspect-16-9 wp-has-aspect-ratio wp-block-embed aligncenter is-type-video is-provider-youtube wp-block-embed-youtube eplus-wrapper eplus-styles-uid-c899e1\"><div class=\"wp-block-embed__wrapper\">\n<iframe title=\"Uninhibited Glycol - Time lapse video\" width=\"1200\" height=\"675\" src=\"https:\/\/www.youtube.com\/embed\/Z61uUV_7OpU?feature=oembed\" frameborder=\"0\" allow=\"accelerometer; autoplay; clipboard-write; encrypted-media; gyroscope; picture-in-picture; web-share\" referrerpolicy=\"strict-origin-when-cross-origin\" allowfullscreen><\/iframe>\n<\/div><\/figure>\n<div class=\"px-0 pt-12 pb-8 wp-block-group eplus-wrapper is-layout-flow wp-block-group-is-layout-flow\"><div class=\"p-0 is-not-stacked-on-mbile has-background rounded-2xl items-center lg:flex xs:grid wp-block-columns eplus-wrapper is-layout-flex wp-container-core-columns-is-layout-9d6595d7 wp-block-columns-is-layout-flex eplus-styles-uid-cd22ef\" style=\"background-color:#eaeaef\">\n<div class=\"wp-block-column eplus-wrapper is-layout-flow wp-block-column-is-layout-flow\">\n<h3 class=\"mb-12 wp-block-heading has-text-align-left eplus-wrapper\" id=\"h-downloads\">STAHOV\u00c1N\u00cd SOUBOR\u016e<\/h3>\n\n\n\n<div class=\"gap-x-8 md:grid md:grid-rows-auto md:auto md:grid-cols-2 xs:block justify-between wp-block-group eplus-wrapper is-layout-flow wp-block-group-is-layout-flow\"><div class=\"download_div flex justify-between w-full py-6 sm:px-10 xs:px-6  rounded wp-block-file has-white-background-color has-background eplus-wrapper eplus-styles-uid-87c690\"><a id=\"wp-block-file--media-114be661-f6b3-4620-ab0b-d3a626bd490a\" href=\"https:\/\/www.icscoolenergy.com\/cz\/wp-content\/uploads\/sites\/13\/2024\/04\/FLOWCOOL-IG-2015-1.pdf\" target=\"_blank\" rel=\"noreferrer noopener\"><strong>FlowCool-IG (glykol pr\u016fmyslov\u00e9 kvality)<\/strong><br>PDF<\/a><a href=\"https:\/\/www.icscoolenergy.com\/cz\/wp-content\/uploads\/sites\/13\/2024\/04\/FLOWCOOL-IG-2015-1.pdf\" class=\"wp-block-file__button wp-element-button\" download=\"\" aria-describedby=\"wp-block-file--media-114be661-f6b3-4620-ab0b-d3a626bd490a\"><img decoding=\"async\" class=\"wp-image-79903\" style=\"width: 26px;\" src=\"https:\/\/icsdevelopment.wpenginepowered.com\/wp-content\/uploads\/sites\/13\/2024\/03\/Group.svg\" alt=\"\"><span class=\"eplus-icon\"><span data-style=\"{\" enabled=\"\" style=\"border-radius:0px;\" class=\"eplus-icon\"><\/span><\/span> <\/a><\/div>\n\n<div class=\"download_div flex justify-between w-full py-6 sm:px-10 xs:px-6  rounded wp-block-file has-white-background-color has-background eplus-wrapper eplus-styles-uid-87c690\"><a id=\"wp-block-file--media-114be661-f6b3-4620-ab0b-d3a626bd490a\" href=\"https:\/\/www.icscoolenergy.com\/cz\/wp-content\/uploads\/sites\/13\/2024\/04\/FLOWCOOL-PLUS-2015.pdf\" target=\"_blank\" rel=\"noreferrer noopener\"><strong>FlowCool-Plus (monopropylenglykol)<\/strong><br>PDF<\/a><a href=\"https:\/\/www.icscoolenergy.com\/cz\/wp-content\/uploads\/sites\/13\/2024\/04\/FLOWCOOL-PLUS-2015.pdf\" class=\"wp-block-file__button wp-element-button\" download=\"\" aria-describedby=\"wp-block-file--media-114be661-f6b3-4620-ab0b-d3a626bd490a\"><img decoding=\"async\" class=\"wp-image-79903\" style=\"width: 26px;\" src=\"https:\/\/icsdevelopment.wpenginepowered.com\/wp-content\/uploads\/sites\/13\/2024\/03\/Group.svg\" alt=\"\"><span class=\"eplus-icon\"><span data-style=\"{\" enabled=\"\" style=\"border-radius:0px;\" class=\"eplus-icon\"><\/span><\/span> <\/a><\/div>\n\n<div class=\"download_div flex justify-between w-full py-6 sm:px-10 xs:px-6  rounded wp-block-file has-white-background-color has-background eplus-wrapper eplus-styles-uid-87c690\"><a id=\"wp-block-file--media-114be661-f6b3-4620-ab0b-d3a626bd490a\" href=\"https:\/\/www.icscoolenergy.com\/cz\/wp-content\/uploads\/sites\/13\/2024\/04\/FLOWCOOL-FS-2015-copy.pdf\" target=\"_blank\" rel=\"noreferrer noopener\"><strong>FlowCool-FS (monopropylenglykol)<\/strong><br>PDF<\/a><a href=\"https:\/\/www.icscoolenergy.com\/cz\/wp-content\/uploads\/sites\/13\/2024\/04\/FLOWCOOL-FS-2015-copy.pdf\" class=\"wp-block-file__button wp-element-button\" download=\"\" aria-describedby=\"wp-block-file--media-114be661-f6b3-4620-ab0b-d3a626bd490a\"><img decoding=\"async\" class=\"wp-image-79903\" style=\"width: 26px;\" src=\"https:\/\/icsdevelopment.wpenginepowered.com\/wp-content\/uploads\/sites\/13\/2024\/03\/Group.svg\" alt=\"\"><span class=\"eplus-icon\"><span data-style=\"{\" enabled=\"\" style=\"border-radius:0px;\" class=\"eplus-icon\"><\/span><\/span> <\/a><\/div><\/div>\n<\/div>\n<\/div><\/div>\n\n<div style=\"height:100px\" aria-hidden=\"true\" class=\" wp-block-spacer eplus-wrapper\"><\/div>\n","protected":false},"excerpt":{"rendered":"<p>FLOWCOOL GLYKOL Glykol je ur\u010den k prevenci zamrznut\u00ed a po\u0161kozen\u00ed syst\u00e9m\u016f a za\u0159\u00edzen\u00ed, kter\u00e9 m\u016f\u017ee v\u00e9st k prostoj\u016fm ve v\u00fdrob\u011b. Je to preferovan\u00e1 alternativa k pou\u017e\u00edv\u00e1n\u00ed vody z vodovodu v topn\u00fdch nebo chladic\u00edch syst\u00e9mech. Nab\u00edz\u00edme speci\u00e1ln\u011b vyvinutou \u0159adu produkt\u016f na b\u00e1zi glykolu FlowCool, kter\u00e9 v\u00fdznamn\u011b obsahuj\u00ed organick\u00e9 inhibitory (ne v\u0161echny glykolov\u00e9 produkty obsahuj\u00ed inhibitory, ale &#8230; <a title=\"FlowCool glykol\" class=\"read-more\" href=\"https:\/\/www.icscoolenergy.com\/cz\/sluzba\/flowcool-glykol\/\" aria-label=\"More on FlowCool glykol\">Read more<\/a><\/p>\n","protected":false},"author":1,"featured_media":0,"parent":86508,"menu_order":0,"comment_status":"closed","ping_status":"closed","template":"template-1.php","meta":{"_acf_changed":false,"inline_featured_image":false,"_editorskit_title_hidden":false,"_editorskit_reading_time":0,"_editorskit_is_block_options_detached":false,"_editorskit_block_options_position":"{}","editor_plus_copied_stylings":"{}","footnotes":""},"class_list":["post-86604","page","type-page","status-publish"],"acf":[],"yoast_head":"<!-- This site is optimized with the Yoast SEO Premium plugin v24.5 (Yoast SEO v26.9) - https:\/\/yoast.com\/product\/yoast-seo-premium-wordpress\/ -->\n<title>FlowCool glykol | Czechia\u200a<\/title>\n<meta name=\"robots\" content=\"index, follow, max-snippet:-1, max-image-preview:large, max-video-preview:-1\" \/>\n<link rel=\"canonical\" href=\"https:\/\/www.icscoolenergy.com\/cz\/sluzba\/flowcool-glykol\/\" \/>\n<meta property=\"og:locale\" content=\"cs_CZ\" \/>\n<meta property=\"og:type\" content=\"article\" \/>\n<meta property=\"og:title\" content=\"FlowCool glykol\" \/>\n<meta property=\"og:description\" content=\"FLOWCOOL GLYKOL Glykol je ur\u010den k prevenci zamrznut\u00ed a po\u0161kozen\u00ed syst\u00e9m\u016f a za\u0159\u00edzen\u00ed, kter\u00e9 m\u016f\u017ee v\u00e9st k prostoj\u016fm ve v\u00fdrob\u011b. Je to preferovan\u00e1 alternativa k pou\u017e\u00edv\u00e1n\u00ed vody z vodovodu v topn\u00fdch nebo chladic\u00edch syst\u00e9mech. Nab\u00edz\u00edme speci\u00e1ln\u011b vyvinutou \u0159adu produkt\u016f na b\u00e1zi glykolu FlowCool, kter\u00e9 v\u00fdznamn\u011b obsahuj\u00ed organick\u00e9 inhibitory (ne v\u0161echny glykolov\u00e9 produkty obsahuj\u00ed inhibitory, ale ... Read more\" \/>\n<meta property=\"og:url\" content=\"https:\/\/www.icscoolenergy.com\/cz\/sluzba\/flowcool-glykol\/\" \/>\n<meta property=\"og:site_name\" content=\"Czechia\u200a\" \/>\n<meta property=\"article:modified_time\" content=\"2025-03-06T06:47:22+00:00\" \/>\n<meta property=\"og:image\" content=\"https:\/\/www.icscoolenergy.com\/wp-content\/uploads\/sites\/13\/2024\/05\/Glycol-Flowcool.jpg\" \/>\n\t<meta property=\"og:image:width\" content=\"1980\" \/>\n\t<meta property=\"og:image:height\" content=\"845\" \/>\n\t<meta property=\"og:image:type\" content=\"image\/jpeg\" \/>\n<meta name=\"twitter:card\" content=\"summary_large_image\" \/>\n<meta name=\"twitter:label1\" content=\"Est. reading time\" \/>\n\t<meta name=\"twitter:data1\" content=\"1 minuta\" \/>\n<script type=\"application\/ld+json\" class=\"yoast-schema-graph\">{\"@context\":\"https:\/\/schema.org\",\"@graph\":[{\"@type\":\"WebPage\",\"@id\":\"https:\/\/www.icscoolenergy.com\/cz\/sluzba\/flowcool-glykol\/\",\"url\":\"https:\/\/www.icscoolenergy.com\/cz\/sluzba\/flowcool-glykol\/\",\"name\":\"FlowCool glykol | Czechia\u200a\",\"isPartOf\":{\"@id\":\"https:\/\/www.icscoolenergy.com\/cz\/#website\"},\"primaryImageOfPage\":{\"@id\":\"https:\/\/www.icscoolenergy.com\/cz\/sluzba\/flowcool-glykol\/#primaryimage\"},\"image\":{\"@id\":\"https:\/\/www.icscoolenergy.com\/cz\/sluzba\/flowcool-glykol\/#primaryimage\"},\"thumbnailUrl\":\"https:\/\/www.icscoolenergy.com\/cz\/wp-content\/uploads\/sites\/13\/2024\/05\/Glycol-Flowcool.jpg\",\"datePublished\":\"2024-04-08T12:03:23+00:00\",\"dateModified\":\"2025-03-06T06:47:22+00:00\",\"breadcrumb\":{\"@id\":\"https:\/\/www.icscoolenergy.com\/cz\/sluzba\/flowcool-glykol\/#breadcrumb\"},\"inLanguage\":\"cs\",\"potentialAction\":[{\"@type\":\"ReadAction\",\"target\":[\"https:\/\/www.icscoolenergy.com\/cz\/sluzba\/flowcool-glykol\/\"]}]},{\"@type\":\"ImageObject\",\"inLanguage\":\"cs\",\"@id\":\"https:\/\/www.icscoolenergy.com\/cz\/sluzba\/flowcool-glykol\/#primaryimage\",\"url\":\"https:\/\/www.icscoolenergy.com\/wp-content\/uploads\/sites\/13\/2024\/05\/Glycol-Flowcool.jpg\",\"contentUrl\":\"https:\/\/www.icscoolenergy.com\/wp-content\/uploads\/sites\/13\/2024\/05\/Glycol-Flowcool.jpg\",\"width\":1980,\"height\":845,\"caption\":\"Glycol Flowcool\"},{\"@type\":\"BreadcrumbList\",\"@id\":\"https:\/\/www.icscoolenergy.com\/cz\/sluzba\/flowcool-glykol\/#breadcrumb\",\"itemListElement\":[{\"@type\":\"ListItem\",\"position\":1,\"name\":\"Home\",\"item\":\"https:\/\/www.icscoolenergy.com\/cz\/\"},{\"@type\":\"ListItem\",\"position\":2,\"name\":\"Slu\u017eba\",\"item\":\"https:\/\/www.icscoolenergy.com\/cz\/sluzba\/\"},{\"@type\":\"ListItem\",\"position\":3,\"name\":\"FlowCool glykol\"}]},{\"@type\":\"WebSite\",\"@id\":\"https:\/\/www.icscoolenergy.com\/cz\/#website\",\"url\":\"https:\/\/www.icscoolenergy.com\/cz\/\",\"name\":\"ICS Cool Energy\",\"description\":\"The Process Temperature Control Specialists\",\"publisher\":{\"@id\":\"https:\/\/www.icscoolenergy.com\/cz\/#organization\"},\"alternateName\":\"ICS\",\"potentialAction\":[{\"@type\":\"SearchAction\",\"target\":{\"@type\":\"EntryPoint\",\"urlTemplate\":\"https:\/\/www.icscoolenergy.com\/cz\/?s={search_term_string}\"},\"query-input\":{\"@type\":\"PropertyValueSpecification\",\"valueRequired\":true,\"valueName\":\"search_term_string\"}}],\"inLanguage\":\"cs\"},{\"@type\":\"Organization\",\"@id\":\"https:\/\/www.icscoolenergy.com\/cz\/#organization\",\"name\":\"ICS Cool Energy\",\"url\":\"https:\/\/www.icscoolenergy.com\/cz\/\",\"logo\":{\"@type\":\"ImageObject\",\"inLanguage\":\"cs\",\"@id\":\"https:\/\/www.icscoolenergy.com\/cz\/#\/schema\/logo\/image\/\",\"url\":\"https:\/\/www.icscoolenergy.com\/wp-content\/uploads\/sites\/13\/2024\/01\/ics-cool-energy-logo.svg\",\"contentUrl\":\"https:\/\/www.icscoolenergy.com\/wp-content\/uploads\/sites\/13\/2024\/01\/ics-cool-energy-logo.svg\",\"caption\":\"ICS Cool Energy\"},\"image\":{\"@id\":\"https:\/\/www.icscoolenergy.com\/cz\/#\/schema\/logo\/image\/\"},\"sameAs\":[\"https:\/\/www.linkedin.com\/company\/ics-temperature-control\/\",\"https:\/\/www.youtube.com\/@ICSCoolEnergyLtd\"],\"description\":\"ICS Cool Energy is a market leader for process and critical temperature control solutions that keep all types and sizes of businesses and industry running. Our headquarters are situated in Southampton, with offices throughout the UK and Europe, employing over 250 people in the UK alone.\",\"email\":\"info@icscoolenergy.com\",\"telephone\":\"0800 840 4210\",\"legalName\":\"ICS Cool Energy Limited\",\"numberOfEmployees\":{\"@type\":\"QuantitativeValue\",\"minValue\":\"201\",\"maxValue\":\"500\"}}]}<\/script>\n<!-- \/ Yoast SEO Premium plugin. -->","yoast_head_json":{"title":"FlowCool glykol | Czechia\u200a","robots":{"index":"index","follow":"follow","max-snippet":"max-snippet:-1","max-image-preview":"max-image-preview:large","max-video-preview":"max-video-preview:-1"},"canonical":"https:\/\/www.icscoolenergy.com\/cz\/sluzba\/flowcool-glykol\/","og_locale":"cs_CZ","og_type":"article","og_title":"FlowCool glykol","og_description":"FLOWCOOL GLYKOL Glykol je ur\u010den k prevenci zamrznut\u00ed a po\u0161kozen\u00ed syst\u00e9m\u016f a za\u0159\u00edzen\u00ed, kter\u00e9 m\u016f\u017ee v\u00e9st k prostoj\u016fm ve v\u00fdrob\u011b. Je to preferovan\u00e1 alternativa k pou\u017e\u00edv\u00e1n\u00ed vody z vodovodu v topn\u00fdch nebo chladic\u00edch syst\u00e9mech. Nab\u00edz\u00edme speci\u00e1ln\u011b vyvinutou \u0159adu produkt\u016f na b\u00e1zi glykolu FlowCool, kter\u00e9 v\u00fdznamn\u011b obsahuj\u00ed organick\u00e9 inhibitory (ne v\u0161echny glykolov\u00e9 produkty obsahuj\u00ed inhibitory, ale ... Read more","og_url":"https:\/\/www.icscoolenergy.com\/cz\/sluzba\/flowcool-glykol\/","og_site_name":"Czechia\u200a","article_modified_time":"2025-03-06T06:47:22+00:00","og_image":[{"width":1980,"height":845,"url":"https:\/\/www.icscoolenergy.com\/wp-content\/uploads\/sites\/13\/2024\/05\/Glycol-Flowcool.jpg","type":"image\/jpeg"}],"twitter_card":"summary_large_image","twitter_misc":{"Est. reading time":"1 minuta"},"schema":{"@context":"https:\/\/schema.org","@graph":[{"@type":"WebPage","@id":"https:\/\/www.icscoolenergy.com\/cz\/sluzba\/flowcool-glykol\/","url":"https:\/\/www.icscoolenergy.com\/cz\/sluzba\/flowcool-glykol\/","name":"FlowCool glykol | Czechia\u200a","isPartOf":{"@id":"https:\/\/www.icscoolenergy.com\/cz\/#website"},"primaryImageOfPage":{"@id":"https:\/\/www.icscoolenergy.com\/cz\/sluzba\/flowcool-glykol\/#primaryimage"},"image":{"@id":"https:\/\/www.icscoolenergy.com\/cz\/sluzba\/flowcool-glykol\/#primaryimage"},"thumbnailUrl":"https:\/\/www.icscoolenergy.com\/cz\/wp-content\/uploads\/sites\/13\/2024\/05\/Glycol-Flowcool.jpg","datePublished":"2024-04-08T12:03:23+00:00","dateModified":"2025-03-06T06:47:22+00:00","breadcrumb":{"@id":"https:\/\/www.icscoolenergy.com\/cz\/sluzba\/flowcool-glykol\/#breadcrumb"},"inLanguage":"cs","potentialAction":[{"@type":"ReadAction","target":["https:\/\/www.icscoolenergy.com\/cz\/sluzba\/flowcool-glykol\/"]}]},{"@type":"ImageObject","inLanguage":"cs","@id":"https:\/\/www.icscoolenergy.com\/cz\/sluzba\/flowcool-glykol\/#primaryimage","url":"https:\/\/www.icscoolenergy.com\/wp-content\/uploads\/sites\/13\/2024\/05\/Glycol-Flowcool.jpg","contentUrl":"https:\/\/www.icscoolenergy.com\/wp-content\/uploads\/sites\/13\/2024\/05\/Glycol-Flowcool.jpg","width":1980,"height":845,"caption":"Glycol Flowcool"},{"@type":"BreadcrumbList","@id":"https:\/\/www.icscoolenergy.com\/cz\/sluzba\/flowcool-glykol\/#breadcrumb","itemListElement":[{"@type":"ListItem","position":1,"name":"Home","item":"https:\/\/www.icscoolenergy.com\/cz\/"},{"@type":"ListItem","position":2,"name":"Slu\u017eba","item":"https:\/\/www.icscoolenergy.com\/cz\/sluzba\/"},{"@type":"ListItem","position":3,"name":"FlowCool glykol"}]},{"@type":"WebSite","@id":"https:\/\/www.icscoolenergy.com\/cz\/#website","url":"https:\/\/www.icscoolenergy.com\/cz\/","name":"ICS Cool Energy","description":"The Process Temperature Control Specialists","publisher":{"@id":"https:\/\/www.icscoolenergy.com\/cz\/#organization"},"alternateName":"ICS","potentialAction":[{"@type":"SearchAction","target":{"@type":"EntryPoint","urlTemplate":"https:\/\/www.icscoolenergy.com\/cz\/?s={search_term_string}"},"query-input":{"@type":"PropertyValueSpecification","valueRequired":true,"valueName":"search_term_string"}}],"inLanguage":"cs"},{"@type":"Organization","@id":"https:\/\/www.icscoolenergy.com\/cz\/#organization","name":"ICS Cool Energy","url":"https:\/\/www.icscoolenergy.com\/cz\/","logo":{"@type":"ImageObject","inLanguage":"cs","@id":"https:\/\/www.icscoolenergy.com\/cz\/#\/schema\/logo\/image\/","url":"https:\/\/www.icscoolenergy.com\/wp-content\/uploads\/sites\/13\/2024\/01\/ics-cool-energy-logo.svg","contentUrl":"https:\/\/www.icscoolenergy.com\/wp-content\/uploads\/sites\/13\/2024\/01\/ics-cool-energy-logo.svg","caption":"ICS Cool Energy"},"image":{"@id":"https:\/\/www.icscoolenergy.com\/cz\/#\/schema\/logo\/image\/"},"sameAs":["https:\/\/www.linkedin.com\/company\/ics-temperature-control\/","https:\/\/www.youtube.com\/@ICSCoolEnergyLtd"],"description":"ICS Cool Energy is a market leader for process and critical temperature control solutions that keep all types and sizes of businesses and industry running. Our headquarters are situated in Southampton, with offices throughout the UK and Europe, employing over 250 people in the UK alone.","email":"info@icscoolenergy.com","telephone":"0800 840 4210","legalName":"ICS Cool Energy Limited","numberOfEmployees":{"@type":"QuantitativeValue","minValue":"201","maxValue":"500"}}]}},"_links":{"self":[{"href":"https:\/\/www.icscoolenergy.com\/cz\/wp-json\/wp\/v2\/pages\/86604","targetHints":{"allow":["GET"]}}],"collection":[{"href":"https:\/\/www.icscoolenergy.com\/cz\/wp-json\/wp\/v2\/pages"}],"about":[{"href":"https:\/\/www.icscoolenergy.com\/cz\/wp-json\/wp\/v2\/types\/page"}],"author":[{"embeddable":true,"href":"https:\/\/www.icscoolenergy.com\/cz\/wp-json\/wp\/v2\/users\/1"}],"replies":[{"embeddable":true,"href":"https:\/\/www.icscoolenergy.com\/cz\/wp-json\/wp\/v2\/comments?post=86604"}],"version-history":[{"count":0,"href":"https:\/\/www.icscoolenergy.com\/cz\/wp-json\/wp\/v2\/pages\/86604\/revisions"}],"up":[{"embeddable":true,"href":"https:\/\/www.icscoolenergy.com\/cz\/wp-json\/wp\/v2\/pages\/86508"}],"wp:attachment":[{"href":"https:\/\/www.icscoolenergy.com\/cz\/wp-json\/wp\/v2\/media?parent=86604"}],"curies":[{"name":"wp","href":"https:\/\/api.w.org\/{rel}","templated":true}]}}