 
{"id":94371,"date":"2024-03-30T10:32:17","date_gmt":"2024-03-30T10:32:17","guid":{"rendered":"https:\/\/www.icscoolenergy.com\/de\/test-kuechenspuele\/"},"modified":"2024-05-12T17:12:29","modified_gmt":"2024-05-12T17:12:29","slug":"test-kuechenspuele","status":"publish","type":"page","link":"https:\/\/www.icscoolenergy.com\/de\/test-kuechenspuele\/","title":{"rendered":"Test K\u00fcchensp\u00fcle"},"content":{"rendered":"\n<p class=\" eplus-wrapper\"><\/p>\n\n<h2 class=\" wp-block-heading eplus-wrapper\">Komponente Fallstudien<\/h2>\n\n<div class=\"wp-block-group eplus-wrapper is-layout-flow wp-block-group-is-layout-flow\"><div class=\"wp-block-columns eplus-wrapper is-layout-flex wp-container-core-columns-is-layout-9d6595d7 wp-block-columns-is-layout-flex eplus-styles-uid-cc1cb5\">\n<div class=\"card-hover-grey shadow rounded-md wp-block-column eplus-wrapper is-layout-flow wp-block-column-is-layout-flow\">\n<div class=\"wp-block-group eplus-wrapper is-layout-constrained wp-block-group-is-layout-constrained\">\n<figure class=\"rounded-t-lg is-style-default wp-block-image size-large eplus-wrapper\"><img decoding=\"async\" src=\"https:\/\/ics-cool-energy.local\/wp-content\/uploads\/sites\/4\/2024\/03\/024317105117b8cd3faf206a0a42b9f8-1024x683.jpg\" alt=\"\" class=\"wp-image-78737\" style=\"object-fit:cover\"><\/figure>\n\n\n\n<div class=\"px-4 py-2 wp-block-group eplus-wrapper is-layout-constrained wp-block-group-is-layout-constrained\">\n<h5 class=\" wp-block-heading has-text-align-left eplus-wrapper\"><strong>Schl\u00fcsselfertige L\u00f6sungen<\/strong><\/h5>\n\n\n\n<p class=\" has-text-align-left eplus-wrapper\">Lorem ipsum dolor sit amet, consectetur adipiscing elit.  <\/p>\n\n\n\n<div class=\"w-full wp-block-buttons eplus-wrapper is-content-justification-center is-layout-flex wp-container-core-buttons-is-layout-16018d1d wp-block-buttons-is-layout-flex\"><div class=\"hover-btn-light-blue w-full is-style-outline wp-block-button has-custom-width wp-block-button__width-100 eplus-wrapper is-style-outline--1 eplus-styles-uid-db26e1\"><a class=\"wp-block-button__link has-primary-color has-text-color has-background has-link-color wp-element-button\" style=\"border-radius:100px;background-color:#ffffff00\">Mehr erfahren<\/a><\/div><\/div>\n<\/div>\n<\/div>\n<\/div>\n\n\n\n<div class=\"card-hover-grey shadow rounded-md wp-block-column eplus-wrapper is-layout-flow wp-block-column-is-layout-flow\">\n<div class=\"wp-block-group eplus-wrapper is-layout-constrained wp-block-group-is-layout-constrained\">\n<figure class=\"rounded-t-lg wp-block-image size-large eplus-wrapper\"><img decoding=\"async\" src=\"https:\/\/ics-cool-energy.local\/wp-content\/uploads\/sites\/4\/2024\/03\/024317105117b8cd3faf206a0a42b9f8-1024x683.jpg\" alt=\"\" class=\"wp-image-78737\"><\/figure>\n\n\n\n<div class=\"px-4 py-2 wp-block-group eplus-wrapper is-layout-constrained wp-block-group-is-layout-constrained\">\n<h5 class=\" wp-block-heading has-text-align-left eplus-wrapper\"><strong>Schl\u00fcsselfertige L\u00f6sungen<\/strong><\/h5>\n\n\n\n<p class=\" has-text-align-left eplus-wrapper\">Lorem ipsum dolor sit amet, consectetur adipiscing elit.  <\/p>\n\n\n\n<div class=\"w-full wp-block-buttons eplus-wrapper is-content-justification-center is-layout-flex wp-container-core-buttons-is-layout-16018d1d wp-block-buttons-is-layout-flex\"><div class=\"hover-btn-light-blue w-full is-style-outline wp-block-button has-custom-width wp-block-button__width-100 eplus-wrapper is-style-outline--2 eplus-styles-uid-de1a02\"><a class=\"wp-block-button__link has-primary-color has-text-color has-background has-link-color wp-element-button\" style=\"border-radius:100px;background-color:#ffffff00\">Mehr erfahren<\/a><\/div><\/div>\n<\/div>\n<\/div>\n<\/div>\n\n\n\n<div class=\"card-hover-grey shadow rounded-md wp-block-column eplus-wrapper is-layout-flow wp-block-column-is-layout-flow\">\n<div class=\"wp-block-group eplus-wrapper is-layout-constrained wp-block-group-is-layout-constrained\">\n<figure class=\"rounded-t-lg wp-block-image size-large eplus-wrapper\"><img decoding=\"async\" src=\"https:\/\/ics-cool-energy.local\/wp-content\/uploads\/sites\/4\/2024\/03\/024317105117b8cd3faf206a0a42b9f8-1024x683.jpg\" alt=\"\" class=\"wp-image-78737\"><\/figure>\n\n\n\n<div class=\"px-4 py-2 wp-block-group eplus-wrapper is-layout-constrained wp-block-group-is-layout-constrained\">\n<h5 class=\" wp-block-heading has-text-align-left eplus-wrapper\"><strong>Schl\u00fcsselfertige L\u00f6sungen<\/strong><\/h5>\n\n\n\n<p class=\" has-text-align-left eplus-wrapper\">Lorem ipsum dolor sit amet, consectetur adipiscing elit.  <\/p>\n\n\n\n<div class=\"w-full wp-block-buttons eplus-wrapper is-content-justification-center is-layout-flex wp-container-core-buttons-is-layout-16018d1d wp-block-buttons-is-layout-flex\"><div class=\"hover-btn-light-blue w-full is-style-outline wp-block-button has-custom-width wp-block-button__width-100 eplus-wrapper is-style-outline--3 eplus-styles-uid-d73f13\"><a class=\"wp-block-button__link has-primary-color has-text-color has-background has-link-color wp-element-button\" style=\"border-radius:100px;background-color:#ffffff00\">Mehr erfahren<\/a><\/div><\/div>\n<\/div>\n<\/div>\n<\/div>\n\n\n\n<div class=\"card-hover-grey shadow rounded-md wp-block-column eplus-wrapper is-layout-flow wp-block-column-is-layout-flow\">\n<div class=\"wp-block-group eplus-wrapper is-layout-constrained wp-block-group-is-layout-constrained\">\n<figure class=\"rounded-t-lg wp-block-image size-large eplus-wrapper\"><img decoding=\"async\" src=\"https:\/\/ics-cool-energy.local\/wp-content\/uploads\/sites\/4\/2024\/03\/024317105117b8cd3faf206a0a42b9f8-1024x683.jpg\" alt=\"\" class=\"wp-image-78737\"><\/figure>\n\n\n\n<div class=\"px-4 py-2 wp-block-group eplus-wrapper is-layout-constrained wp-block-group-is-layout-constrained\">\n<h5 class=\" wp-block-heading has-text-align-left eplus-wrapper\"><strong>Schl\u00fcsselfertige L\u00f6sungen<\/strong><\/h5>\n\n\n\n<p class=\" has-text-align-left eplus-wrapper\">Lorem ipsum dolor sit amet, consectetur adipiscing elit.  <\/p>\n\n\n\n<div class=\"w-full wp-block-buttons eplus-wrapper is-content-justification-center is-layout-flex wp-container-core-buttons-is-layout-16018d1d wp-block-buttons-is-layout-flex\"><div class=\"hover-btn-light-blue w-full is-style-outline wp-block-button has-custom-width wp-block-button__width-100 eplus-wrapper is-style-outline--4 eplus-styles-uid-bb252f\"><a class=\"wp-block-button__link has-primary-color has-text-color has-background has-link-color wp-element-button\" style=\"border-radius:100px;background-color:#ffffff00\">Mehr erfahren<\/a><\/div><\/div>\n<\/div>\n<\/div>\n<\/div>\n<\/div><\/div>\n\n<h2 class=\" wp-block-heading eplus-wrapper\">Komponente Fallstudien<\/h2>\n\n<div class=\"wp-block-group eplus-wrapper is-layout-flow wp-block-group-is-layout-flow\"><\/div>\n","protected":false},"excerpt":{"rendered":"<p>Komponente Fallstudien Schl\u00fcsselfertige L\u00f6sungen Lorem ipsum dolor sit amet, consectetur adipiscing elit. Schl\u00fcsselfertige L\u00f6sungen Lorem ipsum dolor sit amet, consectetur adipiscing elit. Schl\u00fcsselfertige L\u00f6sungen Lorem ipsum dolor sit amet, consectetur adipiscing elit. Schl\u00fcsselfertige L\u00f6sungen Lorem ipsum dolor sit amet, consectetur adipiscing elit. Komponente Fallstudien<\/p>\n","protected":false},"author":1,"featured_media":0,"parent":0,"menu_order":0,"comment_status":"closed","ping_status":"closed","template":"main-template.php","meta":{"_acf_changed":false,"inline_featured_image":false,"_editorskit_title_hidden":false,"_editorskit_reading_time":0,"_editorskit_is_block_options_detached":false,"_editorskit_block_options_position":"{}","editor_plus_copied_stylings":"{}","footnotes":""},"class_list":["post-94371","page","type-page","status-publish"],"acf":[],"yoast_head":"<!-- This site is optimized with the Yoast SEO Premium plugin v24.5 (Yoast SEO v26.9) - https:\/\/yoast.com\/product\/yoast-seo-premium-wordpress\/ -->\n<title>Test K\u00fcchensp\u00fcle | ICS Cool Energy<\/title>\n<meta name=\"robots\" content=\"noindex, follow\" \/>\n<meta property=\"og:locale\" content=\"de_DE\" \/>\n<meta property=\"og:type\" content=\"article\" \/>\n<meta property=\"og:title\" content=\"Test K\u00fcchensp\u00fcle\" \/>\n<meta property=\"og:description\" content=\"Komponente Fallstudien Schl\u00fcsselfertige L\u00f6sungen Lorem ipsum dolor sit amet, consectetur adipiscing elit. Schl\u00fcsselfertige L\u00f6sungen Lorem ipsum dolor sit amet, consectetur adipiscing elit. Schl\u00fcsselfertige L\u00f6sungen Lorem ipsum dolor sit amet, consectetur adipiscing elit. Schl\u00fcsselfertige L\u00f6sungen Lorem ipsum dolor sit amet, consectetur adipiscing elit. Komponente Fallstudien\" \/>\n<meta property=\"og:url\" content=\"https:\/\/www.icscoolenergy.com\/de\/test-kuechenspuele\/\" \/>\n<meta property=\"og:site_name\" content=\"German\" \/>\n<meta property=\"article:modified_time\" content=\"2024-05-12T17:12:29+00:00\" \/>\n<meta property=\"og:image\" content=\"https:\/\/ics-cool-energy.local\/wp-content\/uploads\/sites\/4\/2024\/03\/024317105117b8cd3faf206a0a42b9f8-1024x683.jpg\" \/>\n<meta name=\"twitter:card\" content=\"summary_large_image\" \/>\n<script type=\"application\/ld+json\" class=\"yoast-schema-graph\">{\"@context\":\"https:\/\/schema.org\",\"@graph\":[{\"@type\":\"WebPage\",\"@id\":\"https:\/\/www.icscoolenergy.com\/de\/test-kuechenspuele\/\",\"url\":\"https:\/\/www.icscoolenergy.com\/de\/test-kuechenspuele\/\",\"name\":\"Test K\u00fcchensp\u00fcle | ICS Cool Energy\",\"isPartOf\":{\"@id\":\"https:\/\/www.icscoolenergy.com\/de\/#website\"},\"primaryImageOfPage\":{\"@id\":\"https:\/\/www.icscoolenergy.com\/de\/test-kuechenspuele\/#primaryimage\"},\"image\":{\"@id\":\"https:\/\/www.icscoolenergy.com\/de\/test-kuechenspuele\/#primaryimage\"},\"thumbnailUrl\":\"https:\/\/ics-cool-energy.local\/wp-content\/uploads\/sites\/4\/2024\/03\/024317105117b8cd3faf206a0a42b9f8-1024x683.jpg\",\"datePublished\":\"2024-03-30T10:32:17+00:00\",\"dateModified\":\"2024-05-12T17:12:29+00:00\",\"breadcrumb\":{\"@id\":\"https:\/\/www.icscoolenergy.com\/de\/test-kuechenspuele\/#breadcrumb\"},\"inLanguage\":\"de-DE\",\"potentialAction\":[{\"@type\":\"ReadAction\",\"target\":[\"https:\/\/www.icscoolenergy.com\/de\/test-kuechenspuele\/\"]}]},{\"@type\":\"ImageObject\",\"inLanguage\":\"de-DE\",\"@id\":\"https:\/\/www.icscoolenergy.com\/de\/test-kuechenspuele\/#primaryimage\",\"url\":\"https:\/\/ics-cool-energy.local\/wp-content\/uploads\/sites\/4\/2024\/03\/024317105117b8cd3faf206a0a42b9f8-1024x683.jpg\",\"contentUrl\":\"https:\/\/ics-cool-energy.local\/wp-content\/uploads\/sites\/4\/2024\/03\/024317105117b8cd3faf206a0a42b9f8-1024x683.jpg\"},{\"@type\":\"BreadcrumbList\",\"@id\":\"https:\/\/www.icscoolenergy.com\/de\/test-kuechenspuele\/#breadcrumb\",\"itemListElement\":[{\"@type\":\"ListItem\",\"position\":1,\"name\":\"Home\",\"item\":\"https:\/\/www.icscoolenergy.com\/de\/\"},{\"@type\":\"ListItem\",\"position\":2,\"name\":\"Test K\u00fcchensp\u00fcle\"}]},{\"@type\":\"WebSite\",\"@id\":\"https:\/\/www.icscoolenergy.com\/de\/#website\",\"url\":\"https:\/\/www.icscoolenergy.com\/de\/\",\"name\":\"ICS Cool Energy\",\"description\":\"The Process Temperature Control Specialists\",\"publisher\":{\"@id\":\"https:\/\/www.icscoolenergy.com\/de\/#organization\"},\"potentialAction\":[{\"@type\":\"SearchAction\",\"target\":{\"@type\":\"EntryPoint\",\"urlTemplate\":\"https:\/\/www.icscoolenergy.com\/de\/?s={search_term_string}\"},\"query-input\":{\"@type\":\"PropertyValueSpecification\",\"valueRequired\":true,\"valueName\":\"search_term_string\"}}],\"inLanguage\":\"de-DE\"},{\"@type\":\"Organization\",\"@id\":\"https:\/\/www.icscoolenergy.com\/de\/#organization\",\"name\":\"ICS Cool Energy\",\"url\":\"https:\/\/www.icscoolenergy.com\/de\/\",\"logo\":{\"@type\":\"ImageObject\",\"inLanguage\":\"de-DE\",\"@id\":\"https:\/\/www.icscoolenergy.com\/de\/#\/schema\/logo\/image\/\",\"url\":\"https:\/\/www.icscoolenergy.com\/wp-content\/uploads\/sites\/4\/2024\/01\/ics-cool-energy-logo.svg\",\"contentUrl\":\"https:\/\/www.icscoolenergy.com\/wp-content\/uploads\/sites\/4\/2024\/01\/ics-cool-energy-logo.svg\",\"caption\":\"ICS Cool Energy\"},\"image\":{\"@id\":\"https:\/\/www.icscoolenergy.com\/de\/#\/schema\/logo\/image\/\"},\"sameAs\":[\"https:\/\/www.linkedin.com\/company\/ics-temperature-control\/\",\"https:\/\/www.youtube.com\/@ICSCoolEnergyLtd\"]}]}<\/script>\n<!-- \/ Yoast SEO Premium plugin. -->","yoast_head_json":{"title":"Test K\u00fcchensp\u00fcle | ICS Cool Energy","robots":{"index":"noindex","follow":"follow"},"og_locale":"de_DE","og_type":"article","og_title":"Test K\u00fcchensp\u00fcle","og_description":"Komponente Fallstudien Schl\u00fcsselfertige L\u00f6sungen Lorem ipsum dolor sit amet, consectetur adipiscing elit. Schl\u00fcsselfertige L\u00f6sungen Lorem ipsum dolor sit amet, consectetur adipiscing elit. Schl\u00fcsselfertige L\u00f6sungen Lorem ipsum dolor sit amet, consectetur adipiscing elit. Schl\u00fcsselfertige L\u00f6sungen Lorem ipsum dolor sit amet, consectetur adipiscing elit. Komponente Fallstudien","og_url":"https:\/\/www.icscoolenergy.com\/de\/test-kuechenspuele\/","og_site_name":"German","article_modified_time":"2024-05-12T17:12:29+00:00","og_image":[{"url":"https:\/\/ics-cool-energy.local\/wp-content\/uploads\/sites\/4\/2024\/03\/024317105117b8cd3faf206a0a42b9f8-1024x683.jpg","type":"","width":"","height":""}],"twitter_card":"summary_large_image","schema":{"@context":"https:\/\/schema.org","@graph":[{"@type":"WebPage","@id":"https:\/\/www.icscoolenergy.com\/de\/test-kuechenspuele\/","url":"https:\/\/www.icscoolenergy.com\/de\/test-kuechenspuele\/","name":"Test K\u00fcchensp\u00fcle | ICS Cool Energy","isPartOf":{"@id":"https:\/\/www.icscoolenergy.com\/de\/#website"},"primaryImageOfPage":{"@id":"https:\/\/www.icscoolenergy.com\/de\/test-kuechenspuele\/#primaryimage"},"image":{"@id":"https:\/\/www.icscoolenergy.com\/de\/test-kuechenspuele\/#primaryimage"},"thumbnailUrl":"https:\/\/ics-cool-energy.local\/wp-content\/uploads\/sites\/4\/2024\/03\/024317105117b8cd3faf206a0a42b9f8-1024x683.jpg","datePublished":"2024-03-30T10:32:17+00:00","dateModified":"2024-05-12T17:12:29+00:00","breadcrumb":{"@id":"https:\/\/www.icscoolenergy.com\/de\/test-kuechenspuele\/#breadcrumb"},"inLanguage":"de-DE","potentialAction":[{"@type":"ReadAction","target":["https:\/\/www.icscoolenergy.com\/de\/test-kuechenspuele\/"]}]},{"@type":"ImageObject","inLanguage":"de-DE","@id":"https:\/\/www.icscoolenergy.com\/de\/test-kuechenspuele\/#primaryimage","url":"https:\/\/ics-cool-energy.local\/wp-content\/uploads\/sites\/4\/2024\/03\/024317105117b8cd3faf206a0a42b9f8-1024x683.jpg","contentUrl":"https:\/\/ics-cool-energy.local\/wp-content\/uploads\/sites\/4\/2024\/03\/024317105117b8cd3faf206a0a42b9f8-1024x683.jpg"},{"@type":"BreadcrumbList","@id":"https:\/\/www.icscoolenergy.com\/de\/test-kuechenspuele\/#breadcrumb","itemListElement":[{"@type":"ListItem","position":1,"name":"Home","item":"https:\/\/www.icscoolenergy.com\/de\/"},{"@type":"ListItem","position":2,"name":"Test K\u00fcchensp\u00fcle"}]},{"@type":"WebSite","@id":"https:\/\/www.icscoolenergy.com\/de\/#website","url":"https:\/\/www.icscoolenergy.com\/de\/","name":"ICS Cool Energy","description":"The Process Temperature Control Specialists","publisher":{"@id":"https:\/\/www.icscoolenergy.com\/de\/#organization"},"potentialAction":[{"@type":"SearchAction","target":{"@type":"EntryPoint","urlTemplate":"https:\/\/www.icscoolenergy.com\/de\/?s={search_term_string}"},"query-input":{"@type":"PropertyValueSpecification","valueRequired":true,"valueName":"search_term_string"}}],"inLanguage":"de-DE"},{"@type":"Organization","@id":"https:\/\/www.icscoolenergy.com\/de\/#organization","name":"ICS Cool Energy","url":"https:\/\/www.icscoolenergy.com\/de\/","logo":{"@type":"ImageObject","inLanguage":"de-DE","@id":"https:\/\/www.icscoolenergy.com\/de\/#\/schema\/logo\/image\/","url":"https:\/\/www.icscoolenergy.com\/wp-content\/uploads\/sites\/4\/2024\/01\/ics-cool-energy-logo.svg","contentUrl":"https:\/\/www.icscoolenergy.com\/wp-content\/uploads\/sites\/4\/2024\/01\/ics-cool-energy-logo.svg","caption":"ICS Cool Energy"},"image":{"@id":"https:\/\/www.icscoolenergy.com\/de\/#\/schema\/logo\/image\/"},"sameAs":["https:\/\/www.linkedin.com\/company\/ics-temperature-control\/","https:\/\/www.youtube.com\/@ICSCoolEnergyLtd"]}]}},"_links":{"self":[{"href":"https:\/\/www.icscoolenergy.com\/de\/wp-json\/wp\/v2\/pages\/94371","targetHints":{"allow":["GET"]}}],"collection":[{"href":"https:\/\/www.icscoolenergy.com\/de\/wp-json\/wp\/v2\/pages"}],"about":[{"href":"https:\/\/www.icscoolenergy.com\/de\/wp-json\/wp\/v2\/types\/page"}],"author":[{"embeddable":true,"href":"https:\/\/www.icscoolenergy.com\/de\/wp-json\/wp\/v2\/users\/1"}],"replies":[{"embeddable":true,"href":"https:\/\/www.icscoolenergy.com\/de\/wp-json\/wp\/v2\/comments?post=94371"}],"version-history":[{"count":0,"href":"https:\/\/www.icscoolenergy.com\/de\/wp-json\/wp\/v2\/pages\/94371\/revisions"}],"wp:attachment":[{"href":"https:\/\/www.icscoolenergy.com\/de\/wp-json\/wp\/v2\/media?parent=94371"}],"curies":[{"name":"wp","href":"https:\/\/api.w.org\/{rel}","templated":true}]}}