 
{"id":94373,"date":"2024-04-10T14:52:07","date_gmt":"2024-04-10T14:52:07","guid":{"rendered":"https:\/\/www.icscoolenergy.com\/de\/ueber-uns\/umweltpolitik\/"},"modified":"2024-05-12T17:12:34","modified_gmt":"2024-05-12T17:12:34","slug":"umweltpolitik","status":"publish","type":"page","link":"https:\/\/www.icscoolenergy.com\/de\/ueber-uns\/umweltpolitik\/","title":{"rendered":"Umweltpolitik"},"content":{"rendered":"\n<div class=\"mb-8 eplus-wrapper wp-block-group is-layout-flow wp-block-group-is-layout-flow\">\n<div class=\"md:relative eplus-wrapper wp-block-group is-layout-flow wp-block-group-is-layout-flow\">\n<div class=\"eplus-wrapper wp-block-cover is-light\" style=\"min-height:451px;aspect-ratio:unset;\"><span aria-hidden=\"true\" class=\"wp-block-cover__background has-background-dim-0 has-background-dim\"><\/span><img loading=\"lazy\" decoding=\"async\" width=\"1980\" height=\"990\" class=\"wp-block-cover__image-background wp-image-84298\" alt=\"Environmental policies\" src=\"https:\/\/www.icscoolenergy.com\/de\/wp-content\/uploads\/sites\/4\/2024\/05\/Environmental-policies-hero.jpg\" data-object-fit=\"cover\" srcset=\"https:\/\/www.icscoolenergy.com\/wp-content\/uploads\/sites\/4\/2024\/05\/Environmental-policies-hero.jpg 1980w, https:\/\/www.icscoolenergy.com\/wp-content\/uploads\/sites\/4\/2024\/05\/Environmental-policies-hero-300x150.jpg 300w, https:\/\/www.icscoolenergy.com\/wp-content\/uploads\/sites\/4\/2024\/05\/Environmental-policies-hero-1024x512.jpg 1024w, https:\/\/www.icscoolenergy.com\/wp-content\/uploads\/sites\/4\/2024\/05\/Environmental-policies-hero-768x384.jpg 768w, https:\/\/www.icscoolenergy.com\/wp-content\/uploads\/sites\/4\/2024\/05\/Environmental-policies-hero-50x25.jpg 50w, https:\/\/www.icscoolenergy.com\/wp-content\/uploads\/sites\/4\/2024\/05\/Environmental-policies-hero-1600x800.jpg 1600w, https:\/\/www.icscoolenergy.com\/wp-content\/uploads\/sites\/4\/2024\/05\/Environmental-policies-hero-1536x768.jpg 1536w, https:\/\/www.icscoolenergy.com\/wp-content\/uploads\/sites\/4\/2024\/05\/Environmental-policies-hero-600x300.jpg 600w\" sizes=\"auto, (max-width: 1980px) 100vw, 1980px\" \/><div class=\"wp-block-cover__inner-container is-layout-flow wp-block-cover-is-layout-flow\">\n<p class=\" has-text-align-center has-large-font-size eplus-wrapper\"><\/p>\n<\/div><\/div>\n\n\n\n<div class=\"rounded-tr-md sm:w-full md:w-[80%] md:h-fit md:top-[80%] relative md:-mt-[10%] z-[1] md:left-0 eplus-wrapper wp-block-group has-background is-layout-constrained wp-block-group-is-layout-constrained\" style=\"background-color:#eaeaef\">\n<h1 class=\"eplus-wrapper pt-8 wp-block-heading has-text-color has-link-color wp-elements-46d1fd591ed5cecc501d33cfdf79d832\" style=\"color:#312f5f\">UMWELTPOLITIK<\/h1>\n\n\n\n<p class=\" eplus-wrapper\">Nachhaltigkeit und Umweltverantwortung sind Kernbestandteile unseres Gesch\u00e4fts und das nicht nur, weil unsere Kunden dies verlangen.<\/p>\n\n\n\n<p class=\" eplus-wrapper\">Die Einhaltung der Normen ISO9001, 14001 und OHSAS18001 ist der Beweis f\u00fcr das Engagement von ICS Cool Energy.<\/p>\n\n\n\n<div style=\"height:16px\" aria-hidden=\"true\" class=\" wp-block-spacer eplus-wrapper\"><\/div>\n\n\n\n<p class=\" eplus-wrapper\">In der Praxis bedeutet dies:<\/p>\n\n\n<ul class=\"eplus-wrapper wp-block-list eplus-styles-uid-7f595d\">\n<li class=\" eplus-wrapper\">Reduktion und Wiederverwendung von Materialien<\/li>\n\n\n\n<li class=\" eplus-wrapper\">Verwertung und Recycling<\/li>\n\n\n\n<li class=\" eplus-wrapper\">Einhaltung der Umweltgesetzgebung und Einsatz der besten verf\u00fcgbaren Techniken zur Beseitigung von Problembereichen mit dem Ziel, Umweltverschmutzung zu verhindern<\/li>\n<\/ul>\n\n\n<div style=\"height:16px\" aria-hidden=\"true\" class=\" wp-block-spacer eplus-wrapper\"><\/div>\n\n\n\n<p class=\" eplus-wrapper\">Wie k\u00f6nnen wir das tun?<\/p>\n\n\n\n<p class=\" eplus-wrapper\">Wir \u00fcberpr\u00fcfen und verbessern kontinuierlich unsere Nutzung von Ressourcen, Prozessen und Emissionen.<\/p>\n<\/div>\n<\/div>\n\n\n\n<div style=\"height:60px\" aria-hidden=\"true\" class=\"xs:hidden md:block eplus-wrapper wp-block-spacer\"><\/div>\n\n\n\n<div style=\"height:51px\" aria-hidden=\"true\" class=\" wp-block-spacer eplus-wrapper\"><\/div>\n<\/div>\n","protected":false},"excerpt":{"rendered":"<p>UMWELTPOLITIK Nachhaltigkeit und Umweltverantwortung sind Kernbestandteile unseres Gesch\u00e4fts und das nicht nur, weil unsere Kunden dies verlangen. Die Einhaltung der Normen ISO9001, 14001 und OHSAS18001 ist der Beweis f\u00fcr das Engagement von ICS Cool Energy. In der Praxis bedeutet dies: Wie k\u00f6nnen wir das tun? Wir \u00fcberpr\u00fcfen und verbessern kontinuierlich unsere Nutzung von Ressourcen, Prozessen &#8230; <a title=\"Umweltpolitik\" class=\"read-more\" href=\"https:\/\/www.icscoolenergy.com\/de\/ueber-uns\/umweltpolitik\/\" aria-label=\"More on Umweltpolitik\">Weiterlesen<\/a><\/p>\n","protected":false},"author":1,"featured_media":0,"parent":94319,"menu_order":0,"comment_status":"closed","ping_status":"closed","template":"template-1.php","meta":{"_acf_changed":false,"inline_featured_image":false,"_editorskit_title_hidden":false,"_editorskit_reading_time":0,"_editorskit_is_block_options_detached":false,"_editorskit_block_options_position":"{}","editor_plus_copied_stylings":"{}","footnotes":""},"class_list":["post-94373","page","type-page","status-publish"],"acf":[],"yoast_head":"<!-- This site is optimized with the Yoast SEO Premium plugin v24.5 (Yoast SEO v26.9) - https:\/\/yoast.com\/product\/yoast-seo-premium-wordpress\/ -->\n<title>Umweltpolitik | ICS Cool Energy<\/title>\n<meta name=\"robots\" content=\"noindex, follow\" \/>\n<meta property=\"og:locale\" content=\"de_DE\" \/>\n<meta property=\"og:type\" content=\"article\" \/>\n<meta property=\"og:title\" content=\"Umweltpolitik\" \/>\n<meta property=\"og:description\" content=\"UMWELTPOLITIK Nachhaltigkeit und Umweltverantwortung sind Kernbestandteile unseres Gesch\u00e4fts und das nicht nur, weil unsere Kunden dies verlangen. Die Einhaltung der Normen ISO9001, 14001 und OHSAS18001 ist der Beweis f\u00fcr das Engagement von ICS Cool Energy. In der Praxis bedeutet dies: Wie k\u00f6nnen wir das tun? Wir \u00fcberpr\u00fcfen und verbessern kontinuierlich unsere Nutzung von Ressourcen, Prozessen ... Weiterlesen\" \/>\n<meta property=\"og:url\" content=\"https:\/\/www.icscoolenergy.com\/de\/ueber-uns\/umweltpolitik\/\" \/>\n<meta property=\"og:site_name\" content=\"German\" \/>\n<meta property=\"article:modified_time\" content=\"2024-05-12T17:12:34+00:00\" \/>\n<meta property=\"og:image\" content=\"https:\/\/www.icscoolenergy.com\/de\/wp-content\/uploads\/sites\/4\/2024\/05\/Environmental-policies-hero.jpg\" \/>\n<meta name=\"twitter:card\" content=\"summary_large_image\" \/>\n<script type=\"application\/ld+json\" class=\"yoast-schema-graph\">{\"@context\":\"https:\/\/schema.org\",\"@graph\":[{\"@type\":\"WebPage\",\"@id\":\"https:\/\/www.icscoolenergy.com\/de\/ueber-uns\/umweltpolitik\/\",\"url\":\"https:\/\/www.icscoolenergy.com\/de\/ueber-uns\/umweltpolitik\/\",\"name\":\"Umweltpolitik | ICS Cool Energy\",\"isPartOf\":{\"@id\":\"https:\/\/www.icscoolenergy.com\/de\/#website\"},\"primaryImageOfPage\":{\"@id\":\"https:\/\/www.icscoolenergy.com\/de\/ueber-uns\/umweltpolitik\/#primaryimage\"},\"image\":{\"@id\":\"https:\/\/www.icscoolenergy.com\/de\/ueber-uns\/umweltpolitik\/#primaryimage\"},\"thumbnailUrl\":\"https:\/\/www.icscoolenergy.com\/de\/wp-content\/uploads\/sites\/4\/2024\/05\/Environmental-policies-hero.jpg\",\"datePublished\":\"2024-04-10T14:52:07+00:00\",\"dateModified\":\"2024-05-12T17:12:34+00:00\",\"breadcrumb\":{\"@id\":\"https:\/\/www.icscoolenergy.com\/de\/ueber-uns\/umweltpolitik\/#breadcrumb\"},\"inLanguage\":\"de-DE\",\"potentialAction\":[{\"@type\":\"ReadAction\",\"target\":[\"https:\/\/www.icscoolenergy.com\/de\/ueber-uns\/umweltpolitik\/\"]}]},{\"@type\":\"ImageObject\",\"inLanguage\":\"de-DE\",\"@id\":\"https:\/\/www.icscoolenergy.com\/de\/ueber-uns\/umweltpolitik\/#primaryimage\",\"url\":\"https:\/\/www.icscoolenergy.com\/wp-content\/uploads\/sites\/4\/2024\/05\/Environmental-policies-hero.jpg\",\"contentUrl\":\"https:\/\/www.icscoolenergy.com\/wp-content\/uploads\/sites\/4\/2024\/05\/Environmental-policies-hero.jpg\",\"width\":1980,\"height\":990,\"caption\":\"Environmental policies\"},{\"@type\":\"BreadcrumbList\",\"@id\":\"https:\/\/www.icscoolenergy.com\/de\/ueber-uns\/umweltpolitik\/#breadcrumb\",\"itemListElement\":[{\"@type\":\"ListItem\",\"position\":1,\"name\":\"Home\",\"item\":\"https:\/\/www.icscoolenergy.com\/de\/\"},{\"@type\":\"ListItem\",\"position\":2,\"name\":\"\u00dcber uns\",\"item\":\"https:\/\/www.icscoolenergy.com\/de\/ueber-uns\/\"},{\"@type\":\"ListItem\",\"position\":3,\"name\":\"Umweltpolitik\"}]},{\"@type\":\"WebSite\",\"@id\":\"https:\/\/www.icscoolenergy.com\/de\/#website\",\"url\":\"https:\/\/www.icscoolenergy.com\/de\/\",\"name\":\"ICS Cool Energy\",\"description\":\"The Process Temperature Control Specialists\",\"publisher\":{\"@id\":\"https:\/\/www.icscoolenergy.com\/de\/#organization\"},\"potentialAction\":[{\"@type\":\"SearchAction\",\"target\":{\"@type\":\"EntryPoint\",\"urlTemplate\":\"https:\/\/www.icscoolenergy.com\/de\/?s={search_term_string}\"},\"query-input\":{\"@type\":\"PropertyValueSpecification\",\"valueRequired\":true,\"valueName\":\"search_term_string\"}}],\"inLanguage\":\"de-DE\"},{\"@type\":\"Organization\",\"@id\":\"https:\/\/www.icscoolenergy.com\/de\/#organization\",\"name\":\"ICS Cool Energy\",\"url\":\"https:\/\/www.icscoolenergy.com\/de\/\",\"logo\":{\"@type\":\"ImageObject\",\"inLanguage\":\"de-DE\",\"@id\":\"https:\/\/www.icscoolenergy.com\/de\/#\/schema\/logo\/image\/\",\"url\":\"https:\/\/www.icscoolenergy.com\/wp-content\/uploads\/sites\/4\/2024\/01\/ics-cool-energy-logo.svg\",\"contentUrl\":\"https:\/\/www.icscoolenergy.com\/wp-content\/uploads\/sites\/4\/2024\/01\/ics-cool-energy-logo.svg\",\"caption\":\"ICS Cool Energy\"},\"image\":{\"@id\":\"https:\/\/www.icscoolenergy.com\/de\/#\/schema\/logo\/image\/\"},\"sameAs\":[\"https:\/\/www.linkedin.com\/company\/ics-temperature-control\/\",\"https:\/\/www.youtube.com\/@ICSCoolEnergyLtd\"]}]}<\/script>\n<!-- \/ Yoast SEO Premium plugin. -->","yoast_head_json":{"title":"Umweltpolitik | ICS Cool Energy","robots":{"index":"noindex","follow":"follow"},"og_locale":"de_DE","og_type":"article","og_title":"Umweltpolitik","og_description":"UMWELTPOLITIK Nachhaltigkeit und Umweltverantwortung sind Kernbestandteile unseres Gesch\u00e4fts und das nicht nur, weil unsere Kunden dies verlangen. Die Einhaltung der Normen ISO9001, 14001 und OHSAS18001 ist der Beweis f\u00fcr das Engagement von ICS Cool Energy. In der Praxis bedeutet dies: Wie k\u00f6nnen wir das tun? Wir \u00fcberpr\u00fcfen und verbessern kontinuierlich unsere Nutzung von Ressourcen, Prozessen ... Weiterlesen","og_url":"https:\/\/www.icscoolenergy.com\/de\/ueber-uns\/umweltpolitik\/","og_site_name":"German","article_modified_time":"2024-05-12T17:12:34+00:00","og_image":[{"url":"https:\/\/www.icscoolenergy.com\/de\/wp-content\/uploads\/sites\/4\/2024\/05\/Environmental-policies-hero.jpg","type":"","width":"","height":""}],"twitter_card":"summary_large_image","schema":{"@context":"https:\/\/schema.org","@graph":[{"@type":"WebPage","@id":"https:\/\/www.icscoolenergy.com\/de\/ueber-uns\/umweltpolitik\/","url":"https:\/\/www.icscoolenergy.com\/de\/ueber-uns\/umweltpolitik\/","name":"Umweltpolitik | ICS Cool Energy","isPartOf":{"@id":"https:\/\/www.icscoolenergy.com\/de\/#website"},"primaryImageOfPage":{"@id":"https:\/\/www.icscoolenergy.com\/de\/ueber-uns\/umweltpolitik\/#primaryimage"},"image":{"@id":"https:\/\/www.icscoolenergy.com\/de\/ueber-uns\/umweltpolitik\/#primaryimage"},"thumbnailUrl":"https:\/\/www.icscoolenergy.com\/de\/wp-content\/uploads\/sites\/4\/2024\/05\/Environmental-policies-hero.jpg","datePublished":"2024-04-10T14:52:07+00:00","dateModified":"2024-05-12T17:12:34+00:00","breadcrumb":{"@id":"https:\/\/www.icscoolenergy.com\/de\/ueber-uns\/umweltpolitik\/#breadcrumb"},"inLanguage":"de-DE","potentialAction":[{"@type":"ReadAction","target":["https:\/\/www.icscoolenergy.com\/de\/ueber-uns\/umweltpolitik\/"]}]},{"@type":"ImageObject","inLanguage":"de-DE","@id":"https:\/\/www.icscoolenergy.com\/de\/ueber-uns\/umweltpolitik\/#primaryimage","url":"https:\/\/www.icscoolenergy.com\/wp-content\/uploads\/sites\/4\/2024\/05\/Environmental-policies-hero.jpg","contentUrl":"https:\/\/www.icscoolenergy.com\/wp-content\/uploads\/sites\/4\/2024\/05\/Environmental-policies-hero.jpg","width":1980,"height":990,"caption":"Environmental policies"},{"@type":"BreadcrumbList","@id":"https:\/\/www.icscoolenergy.com\/de\/ueber-uns\/umweltpolitik\/#breadcrumb","itemListElement":[{"@type":"ListItem","position":1,"name":"Home","item":"https:\/\/www.icscoolenergy.com\/de\/"},{"@type":"ListItem","position":2,"name":"\u00dcber uns","item":"https:\/\/www.icscoolenergy.com\/de\/ueber-uns\/"},{"@type":"ListItem","position":3,"name":"Umweltpolitik"}]},{"@type":"WebSite","@id":"https:\/\/www.icscoolenergy.com\/de\/#website","url":"https:\/\/www.icscoolenergy.com\/de\/","name":"ICS Cool Energy","description":"The Process Temperature Control Specialists","publisher":{"@id":"https:\/\/www.icscoolenergy.com\/de\/#organization"},"potentialAction":[{"@type":"SearchAction","target":{"@type":"EntryPoint","urlTemplate":"https:\/\/www.icscoolenergy.com\/de\/?s={search_term_string}"},"query-input":{"@type":"PropertyValueSpecification","valueRequired":true,"valueName":"search_term_string"}}],"inLanguage":"de-DE"},{"@type":"Organization","@id":"https:\/\/www.icscoolenergy.com\/de\/#organization","name":"ICS Cool Energy","url":"https:\/\/www.icscoolenergy.com\/de\/","logo":{"@type":"ImageObject","inLanguage":"de-DE","@id":"https:\/\/www.icscoolenergy.com\/de\/#\/schema\/logo\/image\/","url":"https:\/\/www.icscoolenergy.com\/wp-content\/uploads\/sites\/4\/2024\/01\/ics-cool-energy-logo.svg","contentUrl":"https:\/\/www.icscoolenergy.com\/wp-content\/uploads\/sites\/4\/2024\/01\/ics-cool-energy-logo.svg","caption":"ICS Cool Energy"},"image":{"@id":"https:\/\/www.icscoolenergy.com\/de\/#\/schema\/logo\/image\/"},"sameAs":["https:\/\/www.linkedin.com\/company\/ics-temperature-control\/","https:\/\/www.youtube.com\/@ICSCoolEnergyLtd"]}]}},"_links":{"self":[{"href":"https:\/\/www.icscoolenergy.com\/de\/wp-json\/wp\/v2\/pages\/94373","targetHints":{"allow":["GET"]}}],"collection":[{"href":"https:\/\/www.icscoolenergy.com\/de\/wp-json\/wp\/v2\/pages"}],"about":[{"href":"https:\/\/www.icscoolenergy.com\/de\/wp-json\/wp\/v2\/types\/page"}],"author":[{"embeddable":true,"href":"https:\/\/www.icscoolenergy.com\/de\/wp-json\/wp\/v2\/users\/1"}],"replies":[{"embeddable":true,"href":"https:\/\/www.icscoolenergy.com\/de\/wp-json\/wp\/v2\/comments?post=94373"}],"version-history":[{"count":0,"href":"https:\/\/www.icscoolenergy.com\/de\/wp-json\/wp\/v2\/pages\/94373\/revisions"}],"up":[{"embeddable":true,"href":"https:\/\/www.icscoolenergy.com\/de\/wp-json\/wp\/v2\/pages\/94319"}],"wp:attachment":[{"href":"https:\/\/www.icscoolenergy.com\/de\/wp-json\/wp\/v2\/media?parent=94373"}],"curies":[{"name":"wp","href":"https:\/\/api.w.org\/{rel}","templated":true}]}}