 
{"id":94375,"date":"2024-04-09T13:31:15","date_gmt":"2024-04-09T13:31:15","guid":{"rendered":"https:\/\/www.icscoolenergy.com\/de\/ueber-uns\/geschichte\/"},"modified":"2024-05-12T17:12:27","modified_gmt":"2024-05-12T17:12:27","slug":"geschichte","status":"publish","type":"page","link":"https:\/\/www.icscoolenergy.com\/de\/ueber-uns\/geschichte\/","title":{"rendered":"Geschichte"},"content":{"rendered":"\n<div class=\"mb-8 eplus-wrapper wp-block-group is-layout-flow wp-block-group-is-layout-flow\">\n<div class=\"md:relative eplus-wrapper wp-block-group is-layout-flow wp-block-group-is-layout-flow\">\n<div class=\"eplus-wrapper wp-block-cover is-light\" style=\"min-height:451px;aspect-ratio:unset;\"><span aria-hidden=\"true\" class=\"wp-block-cover__background has-background-dim-0 has-background-dim\"><\/span><img loading=\"lazy\" decoding=\"async\" width=\"1980\" height=\"990\" class=\"wp-block-cover__image-background wp-image-84318\" alt=\"A brief history\" src=\"https:\/\/www.icscoolenergy.com\/de\/wp-content\/uploads\/sites\/4\/2024\/05\/A-breif-history.jpg\" style=\"object-position:21% 85%\" data-object-fit=\"cover\" data-object-position=\"21% 85%\" srcset=\"https:\/\/www.icscoolenergy.com\/wp-content\/uploads\/sites\/4\/2024\/05\/A-breif-history.jpg 1980w, https:\/\/www.icscoolenergy.com\/wp-content\/uploads\/sites\/4\/2024\/05\/A-breif-history-300x150.jpg 300w, https:\/\/www.icscoolenergy.com\/wp-content\/uploads\/sites\/4\/2024\/05\/A-breif-history-1024x512.jpg 1024w, https:\/\/www.icscoolenergy.com\/wp-content\/uploads\/sites\/4\/2024\/05\/A-breif-history-768x384.jpg 768w, https:\/\/www.icscoolenergy.com\/wp-content\/uploads\/sites\/4\/2024\/05\/A-breif-history-50x25.jpg 50w, https:\/\/www.icscoolenergy.com\/wp-content\/uploads\/sites\/4\/2024\/05\/A-breif-history-1600x800.jpg 1600w, https:\/\/www.icscoolenergy.com\/wp-content\/uploads\/sites\/4\/2024\/05\/A-breif-history-1536x768.jpg 1536w, https:\/\/www.icscoolenergy.com\/wp-content\/uploads\/sites\/4\/2024\/05\/A-breif-history-600x300.jpg 600w\" sizes=\"auto, (max-width: 1980px) 100vw, 1980px\" \/><div class=\"wp-block-cover__inner-container is-layout-flow wp-block-cover-is-layout-flow\">\n<p class=\" has-text-align-center has-large-font-size eplus-wrapper\"><\/p>\n<\/div><\/div>\n\n\n\n<div class=\"rounded-tr-md sm:w-full md:w-[80%] md:h-fit md:top-[80%] relative md:-mt-[10%] z-[1] md:left-0 eplus-wrapper wp-block-group has-background is-layout-constrained wp-block-group-is-layout-constrained\" style=\"background-color:#eaeaef\">\n<h1 class=\"eplus-wrapper pt-8 wp-block-heading has-text-color has-link-color wp-elements-47d731205161c0065c93983f6dcd6bd4\" style=\"color:#312f5f\">ENTDECKEN SIE, WIE DER MARKTF\u00dcHRER F\u00dcR TEMPERATURKONTROLLE BEGANN<\/h1>\n\n\n\n<p class=\" eplus-wrapper\">Von kleinen Anf\u00e4ngen zum internationalen Marktf\u00fchrer f\u00fcr Temperaturkontrolle.<\/p>\n<\/div>\n<\/div>\n\n\n\n<div style=\"height:60px\" aria-hidden=\"true\" class=\"xs:hidden md:block eplus-wrapper wp-block-spacer\"><\/div>\n<\/div>\n\n<div class=\"flex flex-row flex-wrap md:flex-nowrap sm:justify-center sm:items-center wp-block-group eplus-wrapper is-layout-constrained wp-block-group-is-layout-constrained\">\n<div class=\"w-full p-2 m-2 wp-block-group eplus-wrapper is-vertical is-layout-flex wp-container-core-group-is-layout-8cf370e7 wp-block-group-is-layout-flex\">\n<p class=\"has-text-color has-link-color eplus-wrapper wp-elements-fe47ac5fe9f60c5686bc1396c7f4cd85\" style=\"color:#323130\">ICS Cool Energy wurde urspr\u00fcnglich 1989 als Industrial Cooling Systems mit Niederlassungen in Bradford und Southampton gegr\u00fcndet. Mitte der neunziger Jahre setzte das Unternehmen seine Expansion fort und er\u00f6ffnete neue Niederlassungen im gesamten Vereinigten K\u00f6nigreich.<\/p>\n\n\n\n<p class=\"has-text-color has-link-color eplus-wrapper wp-elements-4baedca43e7457060cf4bea2ff3c118c\" style=\"color:#323130\">Im Jahr 2003 wurde Cool Energy, ein auf die Vermietung von Temperaturanlagen spezialisiertes Unternehmen, gegr\u00fcndet, das dann 2005 mit Industrial Cooling Systems fusionierte, um ICS Cool Energy Ltd. zu bilden. ICS Cool Energy expandierte nach Deutschland, in die Schweiz, in die Benelux-L\u00e4nder und nach Frankreich und verzeichnete von 2013 bis 2018 ein Umsatzwachstum von mehr als 20% CAGR.  <\/p>\n\n\n\n<p class=\"has-text-color has-link-color eplus-wrapper wp-elements-422439c20e04fc284f26137981565181\" style=\"color:#323130\">Im Januar 2018 wurde ICS Cool Energy Ltd. von Ingersoll-Rand PLC \u00fcbernommen, einem weltweit f\u00fchrenden Anbieter von komfortablen, nachhaltigen und effizienten Umgebungen.<\/p>\n\n\n\n<p class=\"has-text-color has-link-color eplus-wrapper wp-elements-6929f29f1fb674d91ce02cbf7ef3762d\" style=\"color:#323130\">Im Jahr 2020 wurde <a href=\"https:\/\/www.tranetechnologies.com\/en\/index.html\">Trane Technologies<\/a> aus der \u00dcbernahme von Thermo King durch Ingersoll-Rand im Jahr 1997 und von Trane im Jahr 2008 gegr\u00fcndet. Zusammen mit einem breit gef\u00e4cherten Portfolio von Spitzenunternehmen der Branche hat sich Trane Technologies zum Ziel gesetzt, eine nachhaltige Zukunft f\u00fcr unseren Planeten zu schaffen.<\/p>\n\n\n\n<p class=\"has-text-color has-link-color eplus-wrapper wp-elements-efbfb882debc2084f3c4c2b08fef1f7b\" style=\"color:#323130\">Heute bietet ICS Cool Energy ein un\u00fcbertroffenes Angebot an Temperaturkontrolll\u00f6sungen f\u00fcr kritische und Produktionsprozesse, einschlie\u00dflich Vermietung, Verkauf von Investitionsg\u00fctern, geplanter vorbeugender Wartung und Notfallunterst\u00fctzung f\u00fcr alle Branchen in Europa.<\/p>\n<\/div>\n<\/div>\n\n<div style=\"height:43px\" aria-hidden=\"true\" class=\" wp-block-spacer eplus-wrapper\"><\/div>\n\n<div class=\"flex flex-row flex-wrap md:flex-nowrap sm:justify-center sm:items-center wp-block-group eplus-wrapper is-layout-constrained wp-block-group-is-layout-constrained\">\n<div class=\"w-full p-2 m-2 wp-block-group eplus-wrapper is-vertical is-layout-flex wp-container-core-group-is-layout-8cf370e7 wp-block-group-is-layout-flex\">\n<h2 class=\" wp-block-heading eplus-wrapper\">ZEITLEISTE DER GESCHICHTE<\/h2>\n\n\n\n<div style=\"height:16px\" aria-hidden=\"true\" class=\"wp-block-spacer eplus-wrapper wp-container-content-f9bd05ee\"><\/div>\n\n\n\n<figure class=\" wp-block-image size-large eplus-wrapper\"><img loading=\"lazy\" decoding=\"async\" width=\"1024\" height=\"621\" src=\"https:\/\/www.icscoolenergy.com\/de\/wp-content\/uploads\/sites\/4\/2024\/04\/ICSCE-Timeline2020-1024x621.jpg\" alt=\"\" class=\"wp-image-80464\" srcset=\"https:\/\/www.icscoolenergy.com\/wp-content\/uploads\/sites\/4\/2024\/04\/ICSCE-Timeline2020-1024x621.jpg 1024w, https:\/\/www.icscoolenergy.com\/wp-content\/uploads\/sites\/4\/2024\/04\/ICSCE-Timeline2020-300x182.jpg 300w, https:\/\/www.icscoolenergy.com\/wp-content\/uploads\/sites\/4\/2024\/04\/ICSCE-Timeline2020-768x465.jpg 768w, https:\/\/www.icscoolenergy.com\/wp-content\/uploads\/sites\/4\/2024\/04\/ICSCE-Timeline2020-50x30.jpg 50w, https:\/\/www.icscoolenergy.com\/wp-content\/uploads\/sites\/4\/2024\/04\/ICSCE-Timeline2020-1600x970.jpg 1600w, https:\/\/www.icscoolenergy.com\/wp-content\/uploads\/sites\/4\/2024\/04\/ICSCE-Timeline2020-1536x931.jpg 1536w, https:\/\/www.icscoolenergy.com\/wp-content\/uploads\/sites\/4\/2024\/04\/ICSCE-Timeline2020-600x364.jpg 600w, https:\/\/www.icscoolenergy.com\/wp-content\/uploads\/sites\/4\/2024\/04\/ICSCE-Timeline2020.jpg 1754w\" sizes=\"auto, (max-width: 1024px) 100vw, 1024px\" \/><\/figure>\n<\/div>\n<\/div>\n\n<div style=\"height:160px\" aria-hidden=\"true\" class=\" wp-block-spacer eplus-wrapper\"><\/div>\n","protected":false},"excerpt":{"rendered":"<p>ENTDECKEN SIE, WIE DER MARKTF\u00dcHRER F\u00dcR TEMPERATURKONTROLLE BEGANN Von kleinen Anf\u00e4ngen zum internationalen Marktf\u00fchrer f\u00fcr Temperaturkontrolle. ICS Cool Energy wurde urspr\u00fcnglich 1989 als Industrial Cooling Systems mit Niederlassungen in Bradford und Southampton gegr\u00fcndet. Mitte der neunziger Jahre setzte das Unternehmen seine Expansion fort und er\u00f6ffnete neue Niederlassungen im gesamten Vereinigten K\u00f6nigreich. Im Jahr 2003 wurde &#8230; <a title=\"Geschichte\" class=\"read-more\" href=\"https:\/\/www.icscoolenergy.com\/de\/ueber-uns\/geschichte\/\" aria-label=\"More on Geschichte\">Weiterlesen<\/a><\/p>\n","protected":false},"author":1,"featured_media":0,"parent":94319,"menu_order":0,"comment_status":"closed","ping_status":"closed","template":"template-1.php","meta":{"_acf_changed":false,"inline_featured_image":false,"_editorskit_title_hidden":false,"_editorskit_reading_time":0,"_editorskit_is_block_options_detached":false,"_editorskit_block_options_position":"{}","editor_plus_copied_stylings":"{}","footnotes":""},"class_list":["post-94375","page","type-page","status-publish"],"acf":[],"yoast_head":"<!-- This site is optimized with the Yoast SEO Premium plugin v24.5 (Yoast SEO v26.9) - https:\/\/yoast.com\/product\/yoast-seo-premium-wordpress\/ -->\n<title>Geschichte | ICS Cool Energy<\/title>\n<meta name=\"robots\" content=\"noindex, follow\" \/>\n<meta property=\"og:locale\" content=\"de_DE\" \/>\n<meta property=\"og:type\" content=\"article\" \/>\n<meta property=\"og:title\" content=\"Geschichte\" \/>\n<meta property=\"og:description\" content=\"ENTDECKEN SIE, WIE DER MARKTF\u00dcHRER F\u00dcR TEMPERATURKONTROLLE BEGANN Von kleinen Anf\u00e4ngen zum internationalen Marktf\u00fchrer f\u00fcr Temperaturkontrolle. ICS Cool Energy wurde urspr\u00fcnglich 1989 als Industrial Cooling Systems mit Niederlassungen in Bradford und Southampton gegr\u00fcndet. Mitte der neunziger Jahre setzte das Unternehmen seine Expansion fort und er\u00f6ffnete neue Niederlassungen im gesamten Vereinigten K\u00f6nigreich. Im Jahr 2003 wurde ... Weiterlesen\" \/>\n<meta property=\"og:url\" content=\"https:\/\/www.icscoolenergy.com\/de\/ueber-uns\/geschichte\/\" \/>\n<meta property=\"og:site_name\" content=\"German\" \/>\n<meta property=\"article:modified_time\" content=\"2024-05-12T17:12:27+00:00\" \/>\n<meta property=\"og:image\" content=\"https:\/\/www.icscoolenergy.com\/de\/wp-content\/uploads\/sites\/4\/2024\/05\/A-breif-history.jpg\" \/>\n<meta name=\"twitter:card\" content=\"summary_large_image\" \/>\n<meta name=\"twitter:label1\" content=\"Est. reading time\" \/>\n\t<meta name=\"twitter:data1\" content=\"1 Minute\" \/>\n<script type=\"application\/ld+json\" class=\"yoast-schema-graph\">{\"@context\":\"https:\/\/schema.org\",\"@graph\":[{\"@type\":\"WebPage\",\"@id\":\"https:\/\/www.icscoolenergy.com\/de\/ueber-uns\/geschichte\/\",\"url\":\"https:\/\/www.icscoolenergy.com\/de\/ueber-uns\/geschichte\/\",\"name\":\"Geschichte | ICS Cool Energy\",\"isPartOf\":{\"@id\":\"https:\/\/www.icscoolenergy.com\/de\/#website\"},\"primaryImageOfPage\":{\"@id\":\"https:\/\/www.icscoolenergy.com\/de\/ueber-uns\/geschichte\/#primaryimage\"},\"image\":{\"@id\":\"https:\/\/www.icscoolenergy.com\/de\/ueber-uns\/geschichte\/#primaryimage\"},\"thumbnailUrl\":\"https:\/\/www.icscoolenergy.com\/de\/wp-content\/uploads\/sites\/4\/2024\/05\/A-breif-history.jpg\",\"datePublished\":\"2024-04-09T13:31:15+00:00\",\"dateModified\":\"2024-05-12T17:12:27+00:00\",\"breadcrumb\":{\"@id\":\"https:\/\/www.icscoolenergy.com\/de\/ueber-uns\/geschichte\/#breadcrumb\"},\"inLanguage\":\"de-DE\",\"potentialAction\":[{\"@type\":\"ReadAction\",\"target\":[\"https:\/\/www.icscoolenergy.com\/de\/ueber-uns\/geschichte\/\"]}]},{\"@type\":\"ImageObject\",\"inLanguage\":\"de-DE\",\"@id\":\"https:\/\/www.icscoolenergy.com\/de\/ueber-uns\/geschichte\/#primaryimage\",\"url\":\"https:\/\/www.icscoolenergy.com\/wp-content\/uploads\/sites\/4\/2024\/05\/A-breif-history.jpg\",\"contentUrl\":\"https:\/\/www.icscoolenergy.com\/wp-content\/uploads\/sites\/4\/2024\/05\/A-breif-history.jpg\",\"width\":1980,\"height\":990,\"caption\":\"A brief history\"},{\"@type\":\"BreadcrumbList\",\"@id\":\"https:\/\/www.icscoolenergy.com\/de\/ueber-uns\/geschichte\/#breadcrumb\",\"itemListElement\":[{\"@type\":\"ListItem\",\"position\":1,\"name\":\"Home\",\"item\":\"https:\/\/www.icscoolenergy.com\/de\/\"},{\"@type\":\"ListItem\",\"position\":2,\"name\":\"\u00dcber uns\",\"item\":\"https:\/\/www.icscoolenergy.com\/de\/ueber-uns\/\"},{\"@type\":\"ListItem\",\"position\":3,\"name\":\"Geschichte\"}]},{\"@type\":\"WebSite\",\"@id\":\"https:\/\/www.icscoolenergy.com\/de\/#website\",\"url\":\"https:\/\/www.icscoolenergy.com\/de\/\",\"name\":\"ICS Cool Energy\",\"description\":\"The Process Temperature Control Specialists\",\"publisher\":{\"@id\":\"https:\/\/www.icscoolenergy.com\/de\/#organization\"},\"potentialAction\":[{\"@type\":\"SearchAction\",\"target\":{\"@type\":\"EntryPoint\",\"urlTemplate\":\"https:\/\/www.icscoolenergy.com\/de\/?s={search_term_string}\"},\"query-input\":{\"@type\":\"PropertyValueSpecification\",\"valueRequired\":true,\"valueName\":\"search_term_string\"}}],\"inLanguage\":\"de-DE\"},{\"@type\":\"Organization\",\"@id\":\"https:\/\/www.icscoolenergy.com\/de\/#organization\",\"name\":\"ICS Cool Energy\",\"url\":\"https:\/\/www.icscoolenergy.com\/de\/\",\"logo\":{\"@type\":\"ImageObject\",\"inLanguage\":\"de-DE\",\"@id\":\"https:\/\/www.icscoolenergy.com\/de\/#\/schema\/logo\/image\/\",\"url\":\"https:\/\/www.icscoolenergy.com\/wp-content\/uploads\/sites\/4\/2024\/01\/ics-cool-energy-logo.svg\",\"contentUrl\":\"https:\/\/www.icscoolenergy.com\/wp-content\/uploads\/sites\/4\/2024\/01\/ics-cool-energy-logo.svg\",\"caption\":\"ICS Cool Energy\"},\"image\":{\"@id\":\"https:\/\/www.icscoolenergy.com\/de\/#\/schema\/logo\/image\/\"},\"sameAs\":[\"https:\/\/www.linkedin.com\/company\/ics-temperature-control\/\",\"https:\/\/www.youtube.com\/@ICSCoolEnergyLtd\"]}]}<\/script>\n<!-- \/ Yoast SEO Premium plugin. -->","yoast_head_json":{"title":"Geschichte | ICS Cool Energy","robots":{"index":"noindex","follow":"follow"},"og_locale":"de_DE","og_type":"article","og_title":"Geschichte","og_description":"ENTDECKEN SIE, WIE DER MARKTF\u00dcHRER F\u00dcR TEMPERATURKONTROLLE BEGANN Von kleinen Anf\u00e4ngen zum internationalen Marktf\u00fchrer f\u00fcr Temperaturkontrolle. ICS Cool Energy wurde urspr\u00fcnglich 1989 als Industrial Cooling Systems mit Niederlassungen in Bradford und Southampton gegr\u00fcndet. Mitte der neunziger Jahre setzte das Unternehmen seine Expansion fort und er\u00f6ffnete neue Niederlassungen im gesamten Vereinigten K\u00f6nigreich. Im Jahr 2003 wurde ... Weiterlesen","og_url":"https:\/\/www.icscoolenergy.com\/de\/ueber-uns\/geschichte\/","og_site_name":"German","article_modified_time":"2024-05-12T17:12:27+00:00","og_image":[{"url":"https:\/\/www.icscoolenergy.com\/de\/wp-content\/uploads\/sites\/4\/2024\/05\/A-breif-history.jpg","type":"","width":"","height":""}],"twitter_card":"summary_large_image","twitter_misc":{"Est. reading time":"1 Minute"},"schema":{"@context":"https:\/\/schema.org","@graph":[{"@type":"WebPage","@id":"https:\/\/www.icscoolenergy.com\/de\/ueber-uns\/geschichte\/","url":"https:\/\/www.icscoolenergy.com\/de\/ueber-uns\/geschichte\/","name":"Geschichte | ICS Cool Energy","isPartOf":{"@id":"https:\/\/www.icscoolenergy.com\/de\/#website"},"primaryImageOfPage":{"@id":"https:\/\/www.icscoolenergy.com\/de\/ueber-uns\/geschichte\/#primaryimage"},"image":{"@id":"https:\/\/www.icscoolenergy.com\/de\/ueber-uns\/geschichte\/#primaryimage"},"thumbnailUrl":"https:\/\/www.icscoolenergy.com\/de\/wp-content\/uploads\/sites\/4\/2024\/05\/A-breif-history.jpg","datePublished":"2024-04-09T13:31:15+00:00","dateModified":"2024-05-12T17:12:27+00:00","breadcrumb":{"@id":"https:\/\/www.icscoolenergy.com\/de\/ueber-uns\/geschichte\/#breadcrumb"},"inLanguage":"de-DE","potentialAction":[{"@type":"ReadAction","target":["https:\/\/www.icscoolenergy.com\/de\/ueber-uns\/geschichte\/"]}]},{"@type":"ImageObject","inLanguage":"de-DE","@id":"https:\/\/www.icscoolenergy.com\/de\/ueber-uns\/geschichte\/#primaryimage","url":"https:\/\/www.icscoolenergy.com\/wp-content\/uploads\/sites\/4\/2024\/05\/A-breif-history.jpg","contentUrl":"https:\/\/www.icscoolenergy.com\/wp-content\/uploads\/sites\/4\/2024\/05\/A-breif-history.jpg","width":1980,"height":990,"caption":"A brief history"},{"@type":"BreadcrumbList","@id":"https:\/\/www.icscoolenergy.com\/de\/ueber-uns\/geschichte\/#breadcrumb","itemListElement":[{"@type":"ListItem","position":1,"name":"Home","item":"https:\/\/www.icscoolenergy.com\/de\/"},{"@type":"ListItem","position":2,"name":"\u00dcber uns","item":"https:\/\/www.icscoolenergy.com\/de\/ueber-uns\/"},{"@type":"ListItem","position":3,"name":"Geschichte"}]},{"@type":"WebSite","@id":"https:\/\/www.icscoolenergy.com\/de\/#website","url":"https:\/\/www.icscoolenergy.com\/de\/","name":"ICS Cool Energy","description":"The Process Temperature Control Specialists","publisher":{"@id":"https:\/\/www.icscoolenergy.com\/de\/#organization"},"potentialAction":[{"@type":"SearchAction","target":{"@type":"EntryPoint","urlTemplate":"https:\/\/www.icscoolenergy.com\/de\/?s={search_term_string}"},"query-input":{"@type":"PropertyValueSpecification","valueRequired":true,"valueName":"search_term_string"}}],"inLanguage":"de-DE"},{"@type":"Organization","@id":"https:\/\/www.icscoolenergy.com\/de\/#organization","name":"ICS Cool Energy","url":"https:\/\/www.icscoolenergy.com\/de\/","logo":{"@type":"ImageObject","inLanguage":"de-DE","@id":"https:\/\/www.icscoolenergy.com\/de\/#\/schema\/logo\/image\/","url":"https:\/\/www.icscoolenergy.com\/wp-content\/uploads\/sites\/4\/2024\/01\/ics-cool-energy-logo.svg","contentUrl":"https:\/\/www.icscoolenergy.com\/wp-content\/uploads\/sites\/4\/2024\/01\/ics-cool-energy-logo.svg","caption":"ICS Cool Energy"},"image":{"@id":"https:\/\/www.icscoolenergy.com\/de\/#\/schema\/logo\/image\/"},"sameAs":["https:\/\/www.linkedin.com\/company\/ics-temperature-control\/","https:\/\/www.youtube.com\/@ICSCoolEnergyLtd"]}]}},"_links":{"self":[{"href":"https:\/\/www.icscoolenergy.com\/de\/wp-json\/wp\/v2\/pages\/94375","targetHints":{"allow":["GET"]}}],"collection":[{"href":"https:\/\/www.icscoolenergy.com\/de\/wp-json\/wp\/v2\/pages"}],"about":[{"href":"https:\/\/www.icscoolenergy.com\/de\/wp-json\/wp\/v2\/types\/page"}],"author":[{"embeddable":true,"href":"https:\/\/www.icscoolenergy.com\/de\/wp-json\/wp\/v2\/users\/1"}],"replies":[{"embeddable":true,"href":"https:\/\/www.icscoolenergy.com\/de\/wp-json\/wp\/v2\/comments?post=94375"}],"version-history":[{"count":0,"href":"https:\/\/www.icscoolenergy.com\/de\/wp-json\/wp\/v2\/pages\/94375\/revisions"}],"up":[{"embeddable":true,"href":"https:\/\/www.icscoolenergy.com\/de\/wp-json\/wp\/v2\/pages\/94319"}],"wp:attachment":[{"href":"https:\/\/www.icscoolenergy.com\/de\/wp-json\/wp\/v2\/media?parent=94375"}],"curies":[{"name":"wp","href":"https:\/\/api.w.org\/{rel}","templated":true}]}}