 
{"id":94382,"date":"2024-04-03T15:46:44","date_gmt":"2024-04-03T15:46:44","guid":{"rendered":"https:\/\/www.icscoolenergy.com\/de\/service\/plaene\/"},"modified":"2024-06-19T09:11:48","modified_gmt":"2024-06-19T09:11:48","slug":"plaene","status":"publish","type":"page","link":"https:\/\/www.icscoolenergy.com\/de\/service\/plaene\/","title":{"rendered":"Pl\u00e4ne"},"content":{"rendered":"\n<div class=\"mb-8 eplus-wrapper wp-block-group is-layout-flow wp-block-group-is-layout-flow\">\n<div class=\"md:relative eplus-wrapper wp-block-group is-layout-flow wp-block-group-is-layout-flow\">\n<div class=\"eplus-wrapper min-h-[150px] mb:min-h-[200px] sm:min-h-[250px] md:min-h-[430px] wp-block-cover\" style=\"min-height:430px;aspect-ratio:unset;\"><span aria-hidden=\"true\" class=\"wp-block-cover__background has-background-dim-0 has-background-dim\" style=\"background-color:#908e8b\"><\/span><img loading=\"lazy\" decoding=\"async\" width=\"2048\" height=\"864\" class=\"wp-block-cover__image-background wp-image-91174\" alt=\"\" src=\"https:\/\/www.icscoolenergy.com\/wp-content\/\/uploads\/sites\/4\/2024\/04\/Contingency-Assets-Hero-scaled-1.jpg\" data-object-fit=\"cover\" srcset=\"https:\/\/www.icscoolenergy.com\/wp-content\/uploads\/sites\/4\/2024\/04\/Contingency-Assets-Hero-scaled-1.jpg 2048w, https:\/\/www.icscoolenergy.com\/wp-content\/uploads\/sites\/4\/2024\/04\/Contingency-Assets-Hero-scaled-1-300x127.jpg 300w, https:\/\/www.icscoolenergy.com\/wp-content\/uploads\/sites\/4\/2024\/04\/Contingency-Assets-Hero-scaled-1-1024x432.jpg 1024w, https:\/\/www.icscoolenergy.com\/wp-content\/uploads\/sites\/4\/2024\/04\/Contingency-Assets-Hero-scaled-1-768x324.jpg 768w, https:\/\/www.icscoolenergy.com\/wp-content\/uploads\/sites\/4\/2024\/04\/Contingency-Assets-Hero-scaled-1-50x21.jpg 50w, https:\/\/www.icscoolenergy.com\/wp-content\/uploads\/sites\/4\/2024\/04\/Contingency-Assets-Hero-scaled-1-1600x675.jpg 1600w, https:\/\/www.icscoolenergy.com\/wp-content\/uploads\/sites\/4\/2024\/04\/Contingency-Assets-Hero-scaled-1-1536x648.jpg 1536w, https:\/\/www.icscoolenergy.com\/wp-content\/uploads\/sites\/4\/2024\/04\/Contingency-Assets-Hero-scaled-1-600x253.jpg 600w\" sizes=\"auto, (max-width: 2048px) 100vw, 2048px\" \/><div class=\"wp-block-cover__inner-container is-layout-flow wp-block-cover-is-layout-flow\">\n<p class=\" has-text-align-center has-large-font-size eplus-wrapper\"><\/p>\n<\/div><\/div>\n\n\n\n<div class=\"rounded-tr-md sm:w-full md:w-[80%] md:h-fit md:top-[80%] relative md:-mt-[10%] z-[1] md:left-0 eplus-wrapper wp-block-group has-background is-layout-constrained wp-block-group-is-layout-constrained\" style=\"background-color:#eaeaef\">\n<h1 class=\"eplus-wrapper pt-8 wp-block-heading has-text-color has-link-color wp-elements-e10da58387bb74874a28104111cb630d\" id=\"h-kalteservice-und-geplante-vorbeugende-wartung\" style=\"color:#312f5f\">K\u00c4LTESERVICE UND GEPLANTE VORBEUGENDE WARTUNG<\/h1>\n\n\n\n<p class=\" eplus-wrapper\">Eine regelm\u00e4\u00dfige, planm\u00e4\u00dfige Wartung ist der effektivste Weg, um sicherzustellen, dass Ihre Temperatursteuerungsanlage \u00fcber ihre gesamte Lebensdauer hinweg betriebsbereit und effizient bleibt.<\/p>\n\n\n\n<p class=\" eplus-wrapper\">Da die Instandhaltung eine wichtige Rolle beim Betrieb von Prozessen und Anlagen spielt, ist es von entscheidender Bedeutung, dass sie effektiv abl\u00e4uft &#8211; nicht nur f\u00fcr die Gesundheit und Sicherheit der Mitarbeiter, sondern auch f\u00fcr die Maximierung der Gewinnmargen des Unternehmens.<\/p>\n<\/div>\n<\/div>\n\n\n\n<div style=\"height:100px\" aria-hidden=\"true\" class=\"xs:hidden md:block eplus-wrapper wp-block-spacer\"><\/div>\n<\/div>\n\n\n\n<h2 class=\" wp-block-heading eplus-wrapper\" id=\"h-dienstplane\">DIENSTPL\u00c4NE<\/h2>\n\n\n\n<p class=\"has-text-color has-link-color eplus-wrapper wp-elements-e832ffba7c9577436e350e153e7577d7\" style=\"color:#323130\">Wir bieten vier verschiedene Servicepl\u00e4ne an, um Ihren Prozess am Laufen zu halten:<\/p>\n\n\n\n<figure class=\"is-style-stripes wp-block-table eplus-wrapper\"><table class=\"has-white-background-color has-background\"><tbody><tr><td><\/td><td><img decoding=\"async\" style=\"width: 140px\" src=\"https:\/\/www.icscoolenergy.com\/wp-content\/uploads\/2024\/04\/Service-Logo_service.svg\" alt=\"\"><\/td><td><img decoding=\"async\" style=\"width: 150px\" src=\"https:\/\/www.icscoolenergy.com\/wp-content\/uploads\/2024\/04\/Layer_1-2-1.svg\" alt=\"\"><\/td><td><img decoding=\"async\" style=\"width: 140px\" src=\"https:\/\/www.icscoolenergy.com\/wp-content\/uploads\/2024\/04\/Service-Logo_protect.svg\" alt=\"\"><\/td><td><img decoding=\"async\" style=\"width: 150px\" src=\"https:\/\/www.icscoolenergy.com\/wp-content\/uploads\/2024\/04\/icsprotectplusicon.svg\" alt=\"\"><\/td><\/tr><tr><td><strong><strong>Wartungsbesuche \/ Jahr<\/strong><\/strong><\/td><td>1 Besuch Minimum<\/td><td>Mindestens 2 Besuche<\/td><td>Mindestens 2 Besuche<\/td><td>Mindestens 2 Besuche<\/td><\/tr><tr><td><strong><strong>Pannenhilfe<\/strong><\/strong><\/td><td>12 Stunden Reaktionszeit \/ am selben Tag<\/td><td>6-8 Stunden<\/td><td>12 Stunden Reaktionszeit \/ am selben Tag<\/td><td>6-8 Stunden<\/td><\/tr><tr><td><strong><strong>Abgedeckte Teile<\/strong><\/strong><\/td><td>Nein<\/td><td>Nein<\/td><td>Ja<\/td><td>Ja<\/td><\/tr><tr><td><strong><strong>Teile und Arbeit abgedeckt<\/strong><\/strong><\/td><td>Nein<\/td><td>Nein<\/td><td>Nein<\/td><td>Ja<\/td><\/tr><tr><td><strong><strong>Chemische Kondensatorreinigung<\/strong><\/strong><\/td><td>Nein<\/td><td>Wahlfrei<\/td><td>Ja<\/td><td>Ja<\/td><\/tr><tr><td><strong><strong>Wasseranalyse<\/strong><\/strong><\/td><td>Nein<\/td><td>Wahlfrei<\/td><td>Ja<\/td><td>Ja<\/td><\/tr><tr><td><strong><strong>Teile-Rabatt<\/strong><\/strong><\/td><td>10%<\/td><td>15%<\/td><td>K.A.<\/td><td>K.A.<\/td><\/tr><tr><td><strong><strong>H\u00f6fliche Vermietung<\/strong><\/strong><\/td><td>Nein<\/td><td>Wahlfrei<\/td><td>Wahlfrei<\/td><td>Wahlfrei<\/td><\/tr><\/tbody><\/table><\/figure>\n\n\n\n<div class=\"wp-block-group eplus-wrapper is-layout-constrained wp-block-group-is-layout-constrained\">\n<p class=\"has-text-color has-link-color eplus-wrapper wp-elements-0f09eefc92dbab118649ddd8b60c06a4\" style=\"color:#323130\">ICS Protect und ICS Protect+ sind unsere inklusiven Servicepl\u00e4ne, bei denen wir Ihnen anbieten, Ihr Anbieter f\u00fcr umfassende Servicel\u00f6sungen zu werden und Ihre Investition in die Installation von Prozesstemperatursteuerungen als eine einfache Strategie zur Stressreduzierung f\u00fcr Ihr Unternehmen zu sch\u00fctzen.<\/p>\n\n\n\n<p class=\"has-text-color has-link-color eplus-wrapper wp-elements-c6218a9a7a3551f3ac97fdcab47f6f28\" style=\"color:#323130\">Es wurde entwickelt, um einen effizienten Betrieb zu gew\u00e4hrleisten, die Lebensdauer Ihrer Systeme zu verl\u00e4ngern und Ihnen zu helfen, Kosten zu senken.<\/p>\n\n\n\n<p class=\"has-text-color has-link-color eplus-wrapper wp-elements-4422f13d14311331e4756989acc709e6\" style=\"color:#323130\">Mit einem ICS Protect-Vertrag erhalten Ihre Ger\u00e4te eine regelm\u00e4\u00dfige Inspektion, vorbeugende Wartung und ordnungsgem\u00e4\u00dfe Kalibrierung. Jedes potenzielle Problem wird behoben, bevor jemand an Ihrem Standort davon erf\u00e4hrt.<\/p>\n\n\n\n<p class=\"has-text-color has-link-color eplus-wrapper wp-elements-e88d0b0b0dcc17029603285a9590209e\" style=\"color:#323130\">So vermeiden Sie das Risiko teurer <a href=\"https:\/\/www.icscoolenergy.com\/service\/chiller-repair\/\" class=\"ek-link\">Reparaturen<\/a> und k\u00f6nnen Ihre Wartungskosten vorhersagen.<\/p>\n<\/div>\n\n\n\n<div style=\"height:60px\" aria-hidden=\"true\" class=\" wp-block-spacer eplus-wrapper\"><\/div>\n\n\n\n<div class=\"wp-block-group eplus-wrapper is-layout-flow wp-block-group-is-layout-flow\"><div class=\"items-center md:flex xs:grid wp-block-columns eplus-wrapper is-layout-flex wp-container-core-columns-is-layout-9d6595d7 wp-block-columns-is-layout-flex eplus-styles-uid-77d994\">\n<div class=\"xs:order-2 md:order-2 xs:w-full md:w-6\/12 xs:mb-12 md:mb-0 wp-block-column eplus-wrapper is-layout-flow wp-block-column-is-layout-flow\">\n<figure class=\" wp-block-image size-full is-resized eplus-wrapper\"><img loading=\"lazy\" decoding=\"async\" width=\"720\" height=\"567\" src=\"https:\/\/www.icscoolenergy.com\/de\/wp-content\/uploads\/sites\/4\/2024\/04\/Service-support.jpg\" alt=\"Service-Unterst\u00fctzung\" class=\"wp-image-84069\" style=\"width:720px\" srcset=\"https:\/\/www.icscoolenergy.com\/wp-content\/uploads\/sites\/4\/2024\/04\/Service-support.jpg 720w, https:\/\/www.icscoolenergy.com\/wp-content\/uploads\/sites\/4\/2024\/04\/Service-support-300x236.jpg 300w, https:\/\/www.icscoolenergy.com\/wp-content\/uploads\/sites\/4\/2024\/04\/Service-support-50x39.jpg 50w, https:\/\/www.icscoolenergy.com\/wp-content\/uploads\/sites\/4\/2024\/04\/Service-support-600x473.jpg 600w\" sizes=\"auto, (max-width: 720px) 100vw, 720px\" \/><\/figure>\n<\/div>\n\n\n\n<div class=\"xs:order-1 md:order-1 xs:w-full md:w-6\/12 wp-block-column eplus-wrapper is-layout-flow wp-block-column-is-layout-flow\">\n<h3 class=\" wp-block-heading eplus-wrapper\" id=\"h-serviceunterstutzung-der-sie-vertrauen-konnen\"><strong>SERVICEUNTERST\u00dcTZUNG, DER SIE VERTRAUEN K\u00d6NNEN<\/strong><\/h3>\n\n\n\n<p class=\"has-text-color has-link-color eplus-wrapper wp-elements-08c96d1aab0cac96e6ffcd4a0fad818b\" style=\"color:#323130\">Wir sind stolz darauf, eines der umfangreichsten Angebote f\u00fcr geplante vorbeugende Wartung (PPM) in der Branche zu haben, mit \u00fcber 100 Kontrollpunkten f\u00fcr alle Marken und Modelle von Temperierger\u00e4ten.<\/p>\n\n\n\n<p class=\"has-text-color has-link-color eplus-wrapper wp-elements-a895d09708e89e35caeaadf2261890fe\" style=\"color:#323130\">Wir f\u00fchren die \u00fcblichen beh\u00f6rdlichen F-Gas-Pr\u00fcfungen durch, gehen aber noch einen Schritt weiter, um sicherzustellen, dass Ihre Ausr\u00fcstung gr\u00fcndlich \u00fcberpr\u00fcft und f\u00fcr einwandfrei befunden wird.<\/p>\n\n\n\n<p class=\"has-text-color has-link-color eplus-wrapper wp-elements-8f681c219f510572b08a32654e01d155\" style=\"color:#323130\">Wir \u00fcberpr\u00fcfen sogar die Wasserqualit\u00e4t, um sicherzustellen, dass diese innerhalb der Spezifikationen bleibt. Wenn wir etwas finden, das nicht in Ordnung ist, geben wir Ihnen klare Ratschl\u00e4ge, was Sie tun m\u00fcssen, um die Ausr\u00fcstung wieder in einen voll funktionsf\u00e4higen Zustand zu versetzen, damit Ihre Anlage effizient bleibt und Ihren Prozess so oft wie m\u00f6glich beliefert.<\/p>\n<\/div>\n<\/div><\/div>\n\n\n\n<div style=\"height:62px\" aria-hidden=\"true\" class=\" wp-block-spacer eplus-wrapper\"><\/div>\n\n\n\n<div class=\"mb-20 wp-block-group eplus-wrapper is-layout-flow wp-block-group-is-layout-flow\"><div class=\"is-not-stacked-on-mobile xs:p-8 sm:p-12 rounded-2xl items-center md:flex xs:grid wp-block-columns has-background eplus-wrapper is-layout-flex wp-container-core-columns-is-layout-9d6595d7 wp-block-columns-is-layout-flex eplus-styles-uid-bf8300\" style=\"background-color:#222143\">\n<div class=\"xs:order-2 md:order-1 xs:w-full md:w-6\/12 wp-block-column eplus-wrapper is-layout-flow wp-block-column-is-layout-flow\">\n<h3 class=\"wp-block-heading has-white-color has-text-color has-link-color eplus-wrapper wp-elements-039d3edc0785a4c3c83640dd0abcbef9\" id=\"h-sie-haben-bereits-einen-serviceplan\">SIE HABEN BEREITS EINEN SERVICEPLAN?<\/h3>\n\n\n\n<p class=\"has-white-color has-text-color has-link-color eplus-wrapper wp-elements-4d5766715a63a30ea8dde4c321860175\">Unser Expertenteam f\u00fcr die Reparatur von K\u00fchlern steht Ihnen und Ihrem Betrieb 24 Stunden am Tag, 7 Tage die Woche und 365 Tage im Jahr zur Verf\u00fcgung.<\/p>\n\n\n\n<div class=\"wp-block-buttons eplus-wrapper is-layout-flex wp-block-buttons-is-layout-flex\"><div class=\"is-style-fill wp-block-button eplus-wrapper eplus-styles-uid-aa90fb\"><a class=\"wp-block-button__link has-primary-background-color has-background wp-element-button\" href=\"\/?page_id=80094\">Buchen Sie Ihre Reparatur<\/a><\/div><\/div>\n<\/div>\n\n\n\n<div class=\"xs:order-1 md:order-2 xs:w-full md:w-6\/12 wp-block-column eplus-wrapper is-layout-flow wp-block-column-is-layout-flow\">\n<figure class=\"ek-rounded-lg wp-block-image aligncenter size-full eplus-wrapper\"><img loading=\"lazy\" decoding=\"async\" width=\"458\" height=\"227\" src=\"https:\/\/www.icscoolenergy.com\/de\/wp-content\/uploads\/sites\/4\/2024\/03\/Mask-group.png\" alt=\"ICS Cool Energy Van\" class=\"wp-image-78516\" srcset=\"https:\/\/www.icscoolenergy.com\/wp-content\/uploads\/sites\/4\/2024\/03\/Mask-group.png 458w, https:\/\/www.icscoolenergy.com\/wp-content\/uploads\/sites\/4\/2024\/03\/Mask-group-300x149.png 300w\" sizes=\"auto, (max-width: 458px) 100vw, 458px\" \/><\/figure>\n<\/div>\n<\/div><\/div>\n\n\n\n<div style=\"height:62px\" aria-hidden=\"true\" class=\" wp-block-spacer eplus-wrapper\"><\/div>\n","protected":false},"excerpt":{"rendered":"<p>K\u00c4LTESERVICE UND GEPLANTE VORBEUGENDE WARTUNG Eine regelm\u00e4\u00dfige, planm\u00e4\u00dfige Wartung ist der effektivste Weg, um sicherzustellen, dass Ihre Temperatursteuerungsanlage \u00fcber ihre gesamte Lebensdauer hinweg betriebsbereit und effizient bleibt. Da die Instandhaltung eine wichtige Rolle beim Betrieb von Prozessen und Anlagen spielt, ist es von entscheidender Bedeutung, dass sie effektiv abl\u00e4uft &#8211; nicht nur f\u00fcr die Gesundheit &#8230; <a title=\"Pl\u00e4ne\" class=\"read-more\" href=\"https:\/\/www.icscoolenergy.com\/de\/service\/plaene\/\" aria-label=\"More on Pl\u00e4ne\">Weiterlesen<\/a><\/p>\n","protected":false},"author":1,"featured_media":0,"parent":94332,"menu_order":0,"comment_status":"closed","ping_status":"closed","template":"template-1.php","meta":{"_acf_changed":false,"inline_featured_image":false,"_editorskit_title_hidden":false,"_editorskit_reading_time":0,"_editorskit_is_block_options_detached":false,"_editorskit_block_options_position":"{}","editor_plus_copied_stylings":"{}","footnotes":""},"class_list":["post-94382","page","type-page","status-publish"],"acf":[],"yoast_head":"<!-- This site is optimized with the Yoast SEO Premium plugin v24.5 (Yoast SEO v26.9) - https:\/\/yoast.com\/product\/yoast-seo-premium-wordpress\/ -->\n<title>Pl\u00e4ne | ICS Cool Energy<\/title>\n<meta name=\"robots\" content=\"noindex, follow\" \/>\n<meta property=\"og:locale\" content=\"de_DE\" \/>\n<meta property=\"og:type\" content=\"article\" \/>\n<meta property=\"og:title\" content=\"Pl\u00e4ne\" \/>\n<meta property=\"og:description\" content=\"K\u00c4LTESERVICE UND GEPLANTE VORBEUGENDE WARTUNG Eine regelm\u00e4\u00dfige, planm\u00e4\u00dfige Wartung ist der effektivste Weg, um sicherzustellen, dass Ihre Temperatursteuerungsanlage \u00fcber ihre gesamte Lebensdauer hinweg betriebsbereit und effizient bleibt. Da die Instandhaltung eine wichtige Rolle beim Betrieb von Prozessen und Anlagen spielt, ist es von entscheidender Bedeutung, dass sie effektiv abl\u00e4uft &#8211; nicht nur f\u00fcr die Gesundheit ... Weiterlesen\" \/>\n<meta property=\"og:url\" content=\"https:\/\/www.icscoolenergy.com\/de\/service\/plaene\/\" \/>\n<meta property=\"og:site_name\" content=\"German\" \/>\n<meta property=\"article:modified_time\" content=\"2024-06-19T09:11:48+00:00\" \/>\n<meta property=\"og:image\" content=\"https:\/\/www.icscoolenergy.com\/wp-content\/\/uploads\/sites\/4\/2024\/04\/Contingency-Assets-Hero-scaled-1.jpg\" \/>\n<meta name=\"twitter:card\" content=\"summary_large_image\" \/>\n<meta name=\"twitter:label1\" content=\"Est. reading time\" \/>\n\t<meta name=\"twitter:data1\" content=\"4 Minuten\" \/>\n<script type=\"application\/ld+json\" class=\"yoast-schema-graph\">{\"@context\":\"https:\/\/schema.org\",\"@graph\":[{\"@type\":\"WebPage\",\"@id\":\"https:\/\/www.icscoolenergy.com\/de\/service\/plaene\/\",\"url\":\"https:\/\/www.icscoolenergy.com\/de\/service\/plaene\/\",\"name\":\"Pl\u00e4ne | ICS Cool Energy\",\"isPartOf\":{\"@id\":\"https:\/\/www.icscoolenergy.com\/de\/#website\"},\"primaryImageOfPage\":{\"@id\":\"https:\/\/www.icscoolenergy.com\/de\/service\/plaene\/#primaryimage\"},\"image\":{\"@id\":\"https:\/\/www.icscoolenergy.com\/de\/service\/plaene\/#primaryimage\"},\"thumbnailUrl\":\"https:\/\/www.icscoolenergy.com\/wp-content\/\/uploads\/sites\/4\/2024\/04\/Contingency-Assets-Hero-scaled-1.jpg\",\"datePublished\":\"2024-04-03T15:46:44+00:00\",\"dateModified\":\"2024-06-19T09:11:48+00:00\",\"breadcrumb\":{\"@id\":\"https:\/\/www.icscoolenergy.com\/de\/service\/plaene\/#breadcrumb\"},\"inLanguage\":\"de-DE\",\"potentialAction\":[{\"@type\":\"ReadAction\",\"target\":[\"https:\/\/www.icscoolenergy.com\/de\/service\/plaene\/\"]}]},{\"@type\":\"ImageObject\",\"inLanguage\":\"de-DE\",\"@id\":\"https:\/\/www.icscoolenergy.com\/de\/service\/plaene\/#primaryimage\",\"url\":\"https:\/\/www.icscoolenergy.com\/wp-content\/\/uploads\/sites\/4\/2024\/04\/Contingency-Assets-Hero-scaled-1.jpg\",\"contentUrl\":\"https:\/\/www.icscoolenergy.com\/wp-content\/\/uploads\/sites\/4\/2024\/04\/Contingency-Assets-Hero-scaled-1.jpg\"},{\"@type\":\"BreadcrumbList\",\"@id\":\"https:\/\/www.icscoolenergy.com\/de\/service\/plaene\/#breadcrumb\",\"itemListElement\":[{\"@type\":\"ListItem\",\"position\":1,\"name\":\"Home\",\"item\":\"https:\/\/www.icscoolenergy.com\/de\/\"},{\"@type\":\"ListItem\",\"position\":2,\"name\":\"Service &amp; Wartung\",\"item\":\"https:\/\/www.icscoolenergy.com\/de\/service\/\"},{\"@type\":\"ListItem\",\"position\":3,\"name\":\"Pl\u00e4ne\"}]},{\"@type\":\"WebSite\",\"@id\":\"https:\/\/www.icscoolenergy.com\/de\/#website\",\"url\":\"https:\/\/www.icscoolenergy.com\/de\/\",\"name\":\"ICS Cool Energy\",\"description\":\"The Process Temperature Control Specialists\",\"publisher\":{\"@id\":\"https:\/\/www.icscoolenergy.com\/de\/#organization\"},\"potentialAction\":[{\"@type\":\"SearchAction\",\"target\":{\"@type\":\"EntryPoint\",\"urlTemplate\":\"https:\/\/www.icscoolenergy.com\/de\/?s={search_term_string}\"},\"query-input\":{\"@type\":\"PropertyValueSpecification\",\"valueRequired\":true,\"valueName\":\"search_term_string\"}}],\"inLanguage\":\"de-DE\"},{\"@type\":\"Organization\",\"@id\":\"https:\/\/www.icscoolenergy.com\/de\/#organization\",\"name\":\"ICS Cool Energy\",\"url\":\"https:\/\/www.icscoolenergy.com\/de\/\",\"logo\":{\"@type\":\"ImageObject\",\"inLanguage\":\"de-DE\",\"@id\":\"https:\/\/www.icscoolenergy.com\/de\/#\/schema\/logo\/image\/\",\"url\":\"https:\/\/www.icscoolenergy.com\/wp-content\/uploads\/sites\/4\/2024\/01\/ics-cool-energy-logo.svg\",\"contentUrl\":\"https:\/\/www.icscoolenergy.com\/wp-content\/uploads\/sites\/4\/2024\/01\/ics-cool-energy-logo.svg\",\"caption\":\"ICS Cool Energy\"},\"image\":{\"@id\":\"https:\/\/www.icscoolenergy.com\/de\/#\/schema\/logo\/image\/\"},\"sameAs\":[\"https:\/\/www.linkedin.com\/company\/ics-temperature-control\/\",\"https:\/\/www.youtube.com\/@ICSCoolEnergyLtd\"]}]}<\/script>\n<!-- \/ Yoast SEO Premium plugin. -->","yoast_head_json":{"title":"Pl\u00e4ne | ICS Cool Energy","robots":{"index":"noindex","follow":"follow"},"og_locale":"de_DE","og_type":"article","og_title":"Pl\u00e4ne","og_description":"K\u00c4LTESERVICE UND GEPLANTE VORBEUGENDE WARTUNG Eine regelm\u00e4\u00dfige, planm\u00e4\u00dfige Wartung ist der effektivste Weg, um sicherzustellen, dass Ihre Temperatursteuerungsanlage \u00fcber ihre gesamte Lebensdauer hinweg betriebsbereit und effizient bleibt. Da die Instandhaltung eine wichtige Rolle beim Betrieb von Prozessen und Anlagen spielt, ist es von entscheidender Bedeutung, dass sie effektiv abl\u00e4uft &#8211; nicht nur f\u00fcr die Gesundheit ... Weiterlesen","og_url":"https:\/\/www.icscoolenergy.com\/de\/service\/plaene\/","og_site_name":"German","article_modified_time":"2024-06-19T09:11:48+00:00","og_image":[{"url":"https:\/\/www.icscoolenergy.com\/wp-content\/\/uploads\/sites\/4\/2024\/04\/Contingency-Assets-Hero-scaled-1.jpg","type":"","width":"","height":""}],"twitter_card":"summary_large_image","twitter_misc":{"Est. reading time":"4 Minuten"},"schema":{"@context":"https:\/\/schema.org","@graph":[{"@type":"WebPage","@id":"https:\/\/www.icscoolenergy.com\/de\/service\/plaene\/","url":"https:\/\/www.icscoolenergy.com\/de\/service\/plaene\/","name":"Pl\u00e4ne | ICS Cool Energy","isPartOf":{"@id":"https:\/\/www.icscoolenergy.com\/de\/#website"},"primaryImageOfPage":{"@id":"https:\/\/www.icscoolenergy.com\/de\/service\/plaene\/#primaryimage"},"image":{"@id":"https:\/\/www.icscoolenergy.com\/de\/service\/plaene\/#primaryimage"},"thumbnailUrl":"https:\/\/www.icscoolenergy.com\/wp-content\/\/uploads\/sites\/4\/2024\/04\/Contingency-Assets-Hero-scaled-1.jpg","datePublished":"2024-04-03T15:46:44+00:00","dateModified":"2024-06-19T09:11:48+00:00","breadcrumb":{"@id":"https:\/\/www.icscoolenergy.com\/de\/service\/plaene\/#breadcrumb"},"inLanguage":"de-DE","potentialAction":[{"@type":"ReadAction","target":["https:\/\/www.icscoolenergy.com\/de\/service\/plaene\/"]}]},{"@type":"ImageObject","inLanguage":"de-DE","@id":"https:\/\/www.icscoolenergy.com\/de\/service\/plaene\/#primaryimage","url":"https:\/\/www.icscoolenergy.com\/wp-content\/\/uploads\/sites\/4\/2024\/04\/Contingency-Assets-Hero-scaled-1.jpg","contentUrl":"https:\/\/www.icscoolenergy.com\/wp-content\/\/uploads\/sites\/4\/2024\/04\/Contingency-Assets-Hero-scaled-1.jpg"},{"@type":"BreadcrumbList","@id":"https:\/\/www.icscoolenergy.com\/de\/service\/plaene\/#breadcrumb","itemListElement":[{"@type":"ListItem","position":1,"name":"Home","item":"https:\/\/www.icscoolenergy.com\/de\/"},{"@type":"ListItem","position":2,"name":"Service &amp; Wartung","item":"https:\/\/www.icscoolenergy.com\/de\/service\/"},{"@type":"ListItem","position":3,"name":"Pl\u00e4ne"}]},{"@type":"WebSite","@id":"https:\/\/www.icscoolenergy.com\/de\/#website","url":"https:\/\/www.icscoolenergy.com\/de\/","name":"ICS Cool Energy","description":"The Process Temperature Control Specialists","publisher":{"@id":"https:\/\/www.icscoolenergy.com\/de\/#organization"},"potentialAction":[{"@type":"SearchAction","target":{"@type":"EntryPoint","urlTemplate":"https:\/\/www.icscoolenergy.com\/de\/?s={search_term_string}"},"query-input":{"@type":"PropertyValueSpecification","valueRequired":true,"valueName":"search_term_string"}}],"inLanguage":"de-DE"},{"@type":"Organization","@id":"https:\/\/www.icscoolenergy.com\/de\/#organization","name":"ICS Cool Energy","url":"https:\/\/www.icscoolenergy.com\/de\/","logo":{"@type":"ImageObject","inLanguage":"de-DE","@id":"https:\/\/www.icscoolenergy.com\/de\/#\/schema\/logo\/image\/","url":"https:\/\/www.icscoolenergy.com\/wp-content\/uploads\/sites\/4\/2024\/01\/ics-cool-energy-logo.svg","contentUrl":"https:\/\/www.icscoolenergy.com\/wp-content\/uploads\/sites\/4\/2024\/01\/ics-cool-energy-logo.svg","caption":"ICS Cool Energy"},"image":{"@id":"https:\/\/www.icscoolenergy.com\/de\/#\/schema\/logo\/image\/"},"sameAs":["https:\/\/www.linkedin.com\/company\/ics-temperature-control\/","https:\/\/www.youtube.com\/@ICSCoolEnergyLtd"]}]}},"_links":{"self":[{"href":"https:\/\/www.icscoolenergy.com\/de\/wp-json\/wp\/v2\/pages\/94382","targetHints":{"allow":["GET"]}}],"collection":[{"href":"https:\/\/www.icscoolenergy.com\/de\/wp-json\/wp\/v2\/pages"}],"about":[{"href":"https:\/\/www.icscoolenergy.com\/de\/wp-json\/wp\/v2\/types\/page"}],"author":[{"embeddable":true,"href":"https:\/\/www.icscoolenergy.com\/de\/wp-json\/wp\/v2\/users\/1"}],"replies":[{"embeddable":true,"href":"https:\/\/www.icscoolenergy.com\/de\/wp-json\/wp\/v2\/comments?post=94382"}],"version-history":[{"count":0,"href":"https:\/\/www.icscoolenergy.com\/de\/wp-json\/wp\/v2\/pages\/94382\/revisions"}],"up":[{"embeddable":true,"href":"https:\/\/www.icscoolenergy.com\/de\/wp-json\/wp\/v2\/pages\/94332"}],"wp:attachment":[{"href":"https:\/\/www.icscoolenergy.com\/de\/wp-json\/wp\/v2\/media?parent=94382"}],"curies":[{"name":"wp","href":"https:\/\/api.w.org\/{rel}","templated":true}]}}