 
{"id":94408,"date":"2024-03-25T12:01:51","date_gmt":"2024-03-25T12:01:51","guid":{"rendered":"https:\/\/www.icscoolenergy.com\/de\/testseite\/"},"modified":"2024-05-12T17:18:04","modified_gmt":"2024-05-12T17:18:04","slug":"testseite","status":"publish","type":"page","link":"https:\/\/www.icscoolenergy.com\/de\/testseite\/","title":{"rendered":"Testseite"},"content":{"rendered":"\n<p class=\" eplus-wrapper\"><\/p>\n\n<div class=\"wp-block-group eplus-wrapper is-layout-flow wp-block-group-is-layout-flow\"><div class=\"md:px-28 xs:px-12 lg:flex xs:block xl:mb-12 wp-block-columns alignfull are-vertically-aligned-top eplus-wrapper is-layout-flex wp-container-core-columns-is-layout-9d6595d7 wp-block-columns-is-layout-flex eplus-styles-uid-fb88dd\"><div class=\"pt-12 xs:px-8 sm:px-12 shadow-lg  rounded-t-2xl xs:h-auto xs:mb-10 xl:mb-0 xl:h-64 lg:h-80 wp-block-column is-vertically-aligned-top eplus-wrapper is-layout-flow wp-block-column-is-layout-flow eplus-styles-uid-43cb0d\"><div class=\"xs:mb-0 wp-block-columns eplus-wrapper is-layout-flex wp-container-core-columns-is-layout-9d6595d7 wp-block-columns-is-layout-flex eplus-styles-uid-38eded\">\n<div class=\"wp-block-column eplus-wrapper is-layout-flow wp-block-column-is-layout-flow\" style=\"flex-basis:75px\">\n<figure class=\" wp-block-image size-full is-resized eplus-wrapper\"><img decoding=\"async\" src=\"https:\/\/ics-ce.local\/wp-content\/uploads\/sites\/4\/2024\/03\/Vector.svg\" alt=\"\" class=\"wp-image-79939\" style=\"width:75px\"><\/figure>\n<\/div>\n\n\n\n<div class=\"wp-block-column eplus-wrapper is-layout-flow wp-block-column-is-layout-flow\"><h4 class=\" wp-block-heading eplus-wrapper eplus-styles-uid-be1b12\">Die Industrie am Laufen halten<\/h4>\n\n\n<p class=\" eplus-wrapper\">Wir tun alles, was n\u00f6tig ist, um Ihre Branche mit technischen L\u00f6sungen am Laufen zu halten.\n  Fachwissen und Notfallunterst\u00fctzung 24\/7, 365.<\/p>\n<\/div>\n<\/div><\/div>\n\n<div class=\"pt-12 xs:px-8 sm:px-12 shadow-lg  rounded-t-2xl xs:h-auto xs:mb-10 xl:mb-0 xl:h-64 lg:h-80 wp-block-column is-vertically-aligned-top eplus-wrapper is-layout-flow wp-block-column-is-layout-flow eplus-styles-uid-693786\"><div class=\"xs:mb-0 wp-block-columns eplus-wrapper is-layout-flex wp-container-core-columns-is-layout-9d6595d7 wp-block-columns-is-layout-flex eplus-styles-uid-733d2d\">\n<div class=\"wp-block-column eplus-wrapper is-layout-flow wp-block-column-is-layout-flow\" style=\"flex-basis:75px\">\n<figure class=\" wp-block-image size-full is-resized eplus-wrapper\"><img decoding=\"async\" src=\"https:\/\/ics-ce.local\/wp-content\/uploads\/sites\/4\/2024\/03\/Vector1.svg\" alt=\"\" class=\"wp-image-79944\" style=\"width:75px\"><\/figure>\n<\/div>\n\n\n\n<div class=\"wp-block-column eplus-wrapper is-layout-flow wp-block-column-is-layout-flow\"><h4 class=\" wp-block-heading eplus-wrapper eplus-styles-uid-be1b12\">Energie-Verbesserungen<\/h4>\n\n\n<p class=\" eplus-wrapper\">Wir helfen Ihnen, Energie zu sparen, Kosten zu senken und Ihren \u00f6kologischen Fu\u00dfabdruck zu verringern.\n  mit unseren eMission Critical L\u00f6sungen.<\/p>\n<\/div>\n<\/div><\/div>\n\n<div class=\"pt-12 xs:px-8 sm:px-12 shadow-lg  rounded-t-2xl xs:h-auto xs:mb-10 xl:mb-0 xl:h-64 lg:h-80 wp-block-column is-vertically-aligned-top eplus-wrapper is-layout-flow wp-block-column-is-layout-flow eplus-styles-uid-ca2f15\"><div class=\"xs:mb-0 wp-block-columns eplus-wrapper is-layout-flex wp-container-core-columns-is-layout-9d6595d7 wp-block-columns-is-layout-flex eplus-styles-uid-ebe945\">\n<div class=\"wp-block-column eplus-wrapper is-layout-flow wp-block-column-is-layout-flow\" style=\"flex-basis:75px\">\n<figure class=\" wp-block-image size-full is-resized eplus-wrapper\"><img decoding=\"async\" src=\"https:\/\/ics-ce.local\/wp-content\/uploads\/sites\/4\/2024\/03\/Group-1000002029.svg\" alt=\"\" class=\"wp-image-79949\" style=\"width:75px\"><\/figure>\n<\/div>\n\n\n\n<div class=\"wp-block-column eplus-wrapper is-layout-flow wp-block-column-is-layout-flow\"><h4 class=\" wp-block-heading eplus-wrapper eplus-styles-uid-a37d52\">Flexible Abonnementpl\u00e4ne<\/h4>\n\n\n<p class=\" eplus-wrapper\">Unsere Flex-Mitgliedschaft erm\u00f6glicht es Ihnen, schnell zu skalieren und \u00fcber die neuesten\n  K\u00fchltechnologie ohne Kapitalinvestitionen f\u00fcr eine feste monatliche Geb\u00fchr.<\/p>\n<\/div>\n<\/div><\/div><\/div><\/div>\n\n<div class=\"wp-block-group eplus-wrapper is-layout-constrained wp-block-group-is-layout-constrained\">\t\t<div\r\n\t\t\tclass='wp-block-ap-block-posts premium  alignwide'\r\n\t\t\tid='apbAdvancedPosts-1'\r\n\t\t\tdata-nonce='&quot;b585c6b550&quot;'\r\n\t\t\tdata-attributes='{&quot;cId&quot;:&quot;9e88b10a-4&quot;,&quot;columnGap&quot;:20,&quot;rowGap&quot;:0,&quot;postType&quot;:&quot;case_study&quot;,&quot;postsPerPage&quot;:3,&quot;contentBG&quot;:{&quot;color&quot;:&quot;rgba(255, 255, 255, 1)&quot;},&quot;contentPadding&quot;:{&quot;vertical&quot;:&quot;10px&quot;,&quot;horizontal&quot;:&quot;0px&quot;},&quot;titleTypo&quot;:{&quot;fontFamily&quot;:&quot;Default&quot;,&quot;fontSize&quot;:{&quot;desktop&quot;:25,&quot;tablet&quot;:22,&quot;mobile&quot;:20},&quot;googleFontLink&quot;:&quot;https:\\\/\\\/fonts.googleapis.com\\\/css2?family=Roboto&amp;display=swap&quot;,&quot;fontCategory&quot;:&quot;sans-serif&quot;,&quot;fontWeight&quot;:400,&quot;fontVariant&quot;:400},&quot;titleColor&quot;:&quot;rgba(0, 0, 0, 1)&quot;,&quot;titleMargin&quot;:{&quot;side&quot;:2,&quot;bottom&quot;:&quot;7.5px&quot;,&quot;right&quot;:&quot;0px&quot;,&quot;vertical&quot;:&quot;7px&quot;,&quot;horizontal&quot;:&quot;0px&quot;,&quot;top&quot;:&quot;7.5px&quot;,&quot;left&quot;:&quot;0px&quot;},&quot;isMeta&quot;:false,&quot;isExcerpt&quot;:false,&quot;readMoreColors&quot;:{&quot;color&quot;:&quot;#fff&quot;,&quot;bg&quot;:&quot;rgba(0, 150, 209, 1)&quot;},&quot;readMoreHovColors&quot;:{&quot;color&quot;:&quot;#fff&quot;,&quot;bg&quot;:&quot;rgba(0, 122, 170, 1)&quot;},&quot;readMorePadding&quot;:{&quot;vertical&quot;:&quot;10px&quot;,&quot;horizontal&quot;:&quot;24px&quot;},&quot;readMoreBorder&quot;:{&quot;radius&quot;:&quot;100px&quot;},&quot;align&quot;:&quot;wide&quot;,&quot;layout&quot;:&quot;grid&quot;,&quot;subLayout&quot;:&quot;default&quot;,&quot;columns&quot;:{&quot;desktop&quot;:3,&quot;tablet&quot;:2,&quot;mobile&quot;:1},&quot;isContentEqualHight&quot;:true,&quot;sliderHeight&quot;:&quot;350px&quot;,&quot;content&quot;:{&quot;height&quot;:&quot;auto&quot;},&quot;selectedTaxonomies&quot;:[],&quot;selectedCategories&quot;:[],&quot;selectedTags&quot;:[],&quot;isPostsPerPageAll&quot;:false,&quot;postsOrderBy&quot;:&quot;date&quot;,&quot;postsOrder&quot;:&quot;desc&quot;,&quot;postsOffset&quot;:0,&quot;postsInclude&quot;:[],&quot;postsExclude&quot;:[],&quot;isExcludeCurrent&quot;:false,&quot;isPagination&quot;:false,&quot;paginationCurrentPage&quot;:1,&quot;paginationPrevLabel&quot;:&quot;Prev&quot;,&quot;paginationNextLabel&quot;:&quot;Next&quot;,&quot;paginationColors&quot;:{&quot;color&quot;:&quot;#fff&quot;,&quot;bg&quot;:&quot;#4527a4&quot;},&quot;paginationHovColors&quot;:{&quot;color&quot;:&quot;#fff&quot;,&quot;bg&quot;:&quot;#8344c5&quot;},&quot;paginationPadding&quot;:{&quot;vertical&quot;:&quot;8px&quot;,&quot;horizontal&quot;:&quot;15px&quot;},&quot;paginationSpacing&quot;:&quot;15px&quot;,&quot;contentAlign&quot;:&quot;left&quot;,&quot;border&quot;:{&quot;radius&quot;:&quot;5px&quot;},&quot;sliderIsLoop&quot;:true,&quot;sliderIsTouchMove&quot;:false,&quot;sliderIsAutoplay&quot;:true,&quot;sliderAutoplayOptions&quot;:{&quot;delay&quot;:1.5},&quot;sliderSpeed&quot;:1.5,&quot;sliderEffect&quot;:&quot;slide&quot;,&quot;sliderIsPage&quot;:true,&quot;sliderIsPageClickable&quot;:true,&quot;sliderIsPageDynamic&quot;:true,&quot;sliderPageColor&quot;:&quot;#4527a4&quot;,&quot;sliderPageWidth&quot;:&quot;15px&quot;,&quot;sliderPageHeight&quot;:&quot;15px&quot;,&quot;sliderPageBorder&quot;:{&quot;radius&quot;:&quot;50%&quot;},&quot;sliderIsPrevNext&quot;:true,&quot;sliderPrevNextColor&quot;:&quot;#4527a4&quot;,&quot;tickerDirection&quot;:&quot;up&quot;,&quot;tickerSpeed&quot;:&quot;slow&quot;,&quot;tickerInterval&quot;:2000,&quot;tickerHeight&quot;:&quot;0px&quot;,&quot;tickerVisible&quot;:3,&quot;tickerIsMousePause&quot;:true,&quot;elementsSort&quot;:[&quot;title&quot;,&quot;meta&quot;],&quot;isFImg&quot;:true,&quot;fImgSize&quot;:&quot;full&quot;,&quot;fImgFitting&quot;:&quot;cover&quot;,&quot;isFImgLink&quot;:false,&quot;isTitle&quot;:true,&quot;isTitleLink&quot;:true,&quot;isMetaAuthor&quot;:true,&quot;isMetaAuthorLink&quot;:true,&quot;metaAuthorIcon&quot;:&quot;&quot;,&quot;isMetaDate&quot;:true,&quot;metaDateFormat&quot;:&quot;M j, Y&quot;,&quot;metaDateIcon&quot;:&quot;&quot;,&quot;isMetaCategory&quot;:true,&quot;metaCategoryIn&quot;:&quot;content&quot;,&quot;metaCategoryIcon&quot;:&quot;&quot;,&quot;metaTaxonomies&quot;:{&quot;selected&quot;:[]},&quot;isMetaReadTime&quot;:false,&quot;metaReadTimeIcon&quot;:&quot;&quot;,&quot;isMetaReadTimeSec&quot;:false,&quot;metaReadTimeLabel&quot;:&quot;Min read&quot;,&quot;isMetaComment&quot;:false,&quot;metaCommentIcon&quot;:&quot;&quot;,&quot;metaTypo&quot;:{&quot;fontSize&quot;:{&quot;desktop&quot;:13,&quot;tablet&quot;:13,&quot;mobile&quot;:13},&quot;textTransform&quot;:&quot;uppercase&quot;},&quot;metaTextColor&quot;:&quot;#333&quot;,&quot;metaLinkColor&quot;:&quot;#8344c5&quot;,&quot;metaIconColor&quot;:&quot;#4527a4&quot;,&quot;metaColorsOnImage&quot;:{&quot;color&quot;:&quot;#fff&quot;,&quot;bg&quot;:&quot;#8344c5&quot;},&quot;metaMargin&quot;:{&quot;side&quot;:4,&quot;bottom&quot;:&quot;15px&quot;},&quot;isExcerptFromContent&quot;:false,&quot;isEllipsisOnExcerpt&quot;:false,&quot;excerptLength&quot;:25,&quot;excerptAlign&quot;:&quot;justify&quot;,&quot;excerptTypo&quot;:{&quot;fontSize&quot;:{&quot;desktop&quot;:15,&quot;tablet&quot;:15,&quot;mobile&quot;:15}},&quot;excerptColor&quot;:&quot;#333&quot;,&quot;excerptMargin&quot;:{&quot;side&quot;:4,&quot;bottom&quot;:&quot;10px&quot;},&quot;isReadMore&quot;:true,&quot;readMorePosition&quot;:&quot;auto&quot;,&quot;readMoreLabel&quot;:&quot;Read More&quot;,&quot;isLinkNewTab&quot;:false,&quot;readMoreAlign&quot;:&quot;left&quot;,&quot;readMoreTypo&quot;:{&quot;fontSize&quot;:{&quot;desktop&quot;:14,&quot;tablet&quot;:14,&quot;mobile&quot;:14},&quot;textTransform&quot;:&quot;uppercase&quot;,&quot;fontWeight&quot;:600}}'\r\n\t\t\tdata-extra='{&quot;totalPosts&quot;:0}'\r\n\t\t>\r\n\t\t\t<pre id='firstPosts' style='display: none;'>\r\n\t\t\t\t[]\t\t\t<\/pre>\r\n\r\n\t\t\t\t\t\t<div class='apbLoadingPlaceholder' id='apbLoadingPlaceholder-2'>\r\n\t\t\t\t\t\t\t\t\t\t<div class='apbGridPosts columns-3 columns-tablet-2 columns-mobile-1'>\r\n\t\t\t\t\t\t\t\t\t\t<article class='apbPost'>\r\n\t\t\t\t<span class='apbLoadingItem apbThumb'><\/span>\r\n\t\t\t\t\r\n\t\t\t\t<div class='apbText'>\r\n\t\t\t\t\t<div class='apbTitle'>\r\n\t\t\t\t\t\t<span class='apbLoadingItem'><\/span>\r\n\t\t\t\t\t\t<span class='apbLoadingItem'><\/span>\r\n\t\t\t\t\t<\/div>\r\n\t\t\t\t\t<div class='apbMeta'>\r\n\t\t\t\t\t\t<span class='apbLoadingItem'><\/span>\r\n\t\t\t\t\t<\/div>\r\n\t\t\t\t\t<div class='apbExcerpt'>\r\n\t\t\t\t\t\t<span class='apbLoadingItem'><\/span>\r\n\t\t\t\t\t\t<span class='apbLoadingItem'><\/span>\r\n\t\t\t\t\t\t<span class='apbLoadingItem'><\/span>\r\n\t\t\t\t\t\t<span class='apbLoadingItem'><\/span>\r\n\t\t\t\t\t<\/div>\r\n\t\t\t\t\t<div class='apbReadMore'>\r\n\t\t\t\t\t\t<span class='apbLoadingItem'><\/span>\r\n\t\t\t\t\t<\/div>\r\n\t\t\t\t<\/div>\r\n\t\t\t<\/article>\r\n\t\t\t\t\t<article class='apbPost'>\r\n\t\t\t\t<span class='apbLoadingItem apbThumb'><\/span>\r\n\t\t\t\t\r\n\t\t\t\t<div class='apbText'>\r\n\t\t\t\t\t<div class='apbTitle'>\r\n\t\t\t\t\t\t<span class='apbLoadingItem'><\/span>\r\n\t\t\t\t\t\t<span class='apbLoadingItem'><\/span>\r\n\t\t\t\t\t<\/div>\r\n\t\t\t\t\t<div class='apbMeta'>\r\n\t\t\t\t\t\t<span class='apbLoadingItem'><\/span>\r\n\t\t\t\t\t<\/div>\r\n\t\t\t\t\t<div class='apbExcerpt'>\r\n\t\t\t\t\t\t<span class='apbLoadingItem'><\/span>\r\n\t\t\t\t\t\t<span class='apbLoadingItem'><\/span>\r\n\t\t\t\t\t\t<span class='apbLoadingItem'><\/span>\r\n\t\t\t\t\t\t<span class='apbLoadingItem'><\/span>\r\n\t\t\t\t\t<\/div>\r\n\t\t\t\t\t<div class='apbReadMore'>\r\n\t\t\t\t\t\t<span class='apbLoadingItem'><\/span>\r\n\t\t\t\t\t<\/div>\r\n\t\t\t\t<\/div>\r\n\t\t\t<\/article>\r\n\t\t\t\t\t\t\t\t<\/div>\r\n\t\t\t\t\t\t\t\t<\/div>\r\n\t\t\t\t<\/div>\r\n\t\t<\/div>\n","protected":false},"excerpt":{"rendered":"<p>Die Industrie am Laufen halten Wir tun alles, was n\u00f6tig ist, um Ihre Branche mit technischen L\u00f6sungen am Laufen zu halten. Fachwissen und Notfallunterst\u00fctzung 24\/7, 365. Energie-Verbesserungen Wir helfen Ihnen, Energie zu sparen, Kosten zu senken und Ihren \u00f6kologischen Fu\u00dfabdruck zu verringern. mit unseren eMission Critical L\u00f6sungen. Flexible Abonnementpl\u00e4ne Unsere Flex-Mitgliedschaft erm\u00f6glicht es Ihnen, schnell &#8230; <a title=\"Testseite\" class=\"read-more\" href=\"https:\/\/www.icscoolenergy.com\/de\/testseite\/\" aria-label=\"More on Testseite\">Weiterlesen<\/a><\/p>\n","protected":false},"author":1,"featured_media":0,"parent":0,"menu_order":0,"comment_status":"closed","ping_status":"closed","template":"","meta":{"_acf_changed":false,"inline_featured_image":false,"_editorskit_title_hidden":false,"_editorskit_reading_time":0,"_editorskit_is_block_options_detached":false,"_editorskit_block_options_position":"{}","editor_plus_copied_stylings":"{}","footnotes":""},"class_list":["post-94408","page","type-page","status-publish"],"acf":[],"yoast_head":"<!-- This site is optimized with the Yoast SEO Premium plugin v24.5 (Yoast SEO v26.9) - https:\/\/yoast.com\/product\/yoast-seo-premium-wordpress\/ -->\n<title>Testseite | ICS Cool Energy<\/title>\n<meta name=\"robots\" content=\"noindex, follow\" \/>\n<meta property=\"og:locale\" content=\"de_DE\" \/>\n<meta property=\"og:type\" content=\"article\" \/>\n<meta property=\"og:title\" content=\"Testseite\" \/>\n<meta property=\"og:description\" content=\"Die Industrie am Laufen halten Wir tun alles, was n\u00f6tig ist, um Ihre Branche mit technischen L\u00f6sungen am Laufen zu halten. Fachwissen und Notfallunterst\u00fctzung 24\/7, 365. Energie-Verbesserungen Wir helfen Ihnen, Energie zu sparen, Kosten zu senken und Ihren \u00f6kologischen Fu\u00dfabdruck zu verringern. mit unseren eMission Critical L\u00f6sungen. Flexible Abonnementpl\u00e4ne Unsere Flex-Mitgliedschaft erm\u00f6glicht es Ihnen, schnell ... Weiterlesen\" \/>\n<meta property=\"og:url\" content=\"https:\/\/www.icscoolenergy.com\/de\/testseite\/\" \/>\n<meta property=\"og:site_name\" content=\"German\" \/>\n<meta property=\"article:modified_time\" content=\"2024-05-12T17:18:04+00:00\" \/>\n<meta property=\"og:image\" content=\"https:\/\/ics-ce.local\/wp-content\/uploads\/sites\/4\/2024\/03\/Vector.svg\" \/>\n<meta name=\"twitter:card\" content=\"summary_large_image\" \/>\n<script type=\"application\/ld+json\" class=\"yoast-schema-graph\">{\"@context\":\"https:\/\/schema.org\",\"@graph\":[{\"@type\":\"WebPage\",\"@id\":\"https:\/\/www.icscoolenergy.com\/de\/testseite\/\",\"url\":\"https:\/\/www.icscoolenergy.com\/de\/testseite\/\",\"name\":\"Testseite | ICS Cool Energy\",\"isPartOf\":{\"@id\":\"https:\/\/www.icscoolenergy.com\/de\/#website\"},\"primaryImageOfPage\":{\"@id\":\"https:\/\/www.icscoolenergy.com\/de\/testseite\/#primaryimage\"},\"image\":{\"@id\":\"https:\/\/www.icscoolenergy.com\/de\/testseite\/#primaryimage\"},\"thumbnailUrl\":\"https:\/\/ics-ce.local\/wp-content\/uploads\/sites\/4\/2024\/03\/Vector.svg\",\"datePublished\":\"2024-03-25T12:01:51+00:00\",\"dateModified\":\"2024-05-12T17:18:04+00:00\",\"breadcrumb\":{\"@id\":\"https:\/\/www.icscoolenergy.com\/de\/testseite\/#breadcrumb\"},\"inLanguage\":\"de-DE\",\"potentialAction\":[{\"@type\":\"ReadAction\",\"target\":[\"https:\/\/www.icscoolenergy.com\/de\/testseite\/\"]}]},{\"@type\":\"ImageObject\",\"inLanguage\":\"de-DE\",\"@id\":\"https:\/\/www.icscoolenergy.com\/de\/testseite\/#primaryimage\",\"url\":\"https:\/\/ics-ce.local\/wp-content\/uploads\/sites\/4\/2024\/03\/Vector.svg\",\"contentUrl\":\"https:\/\/ics-ce.local\/wp-content\/uploads\/sites\/4\/2024\/03\/Vector.svg\"},{\"@type\":\"BreadcrumbList\",\"@id\":\"https:\/\/www.icscoolenergy.com\/de\/testseite\/#breadcrumb\",\"itemListElement\":[{\"@type\":\"ListItem\",\"position\":1,\"name\":\"Home\",\"item\":\"https:\/\/www.icscoolenergy.com\/de\/\"},{\"@type\":\"ListItem\",\"position\":2,\"name\":\"Testseite\"}]},{\"@type\":\"WebSite\",\"@id\":\"https:\/\/www.icscoolenergy.com\/de\/#website\",\"url\":\"https:\/\/www.icscoolenergy.com\/de\/\",\"name\":\"ICS Cool Energy\",\"description\":\"The Process Temperature Control Specialists\",\"publisher\":{\"@id\":\"https:\/\/www.icscoolenergy.com\/de\/#organization\"},\"potentialAction\":[{\"@type\":\"SearchAction\",\"target\":{\"@type\":\"EntryPoint\",\"urlTemplate\":\"https:\/\/www.icscoolenergy.com\/de\/?s={search_term_string}\"},\"query-input\":{\"@type\":\"PropertyValueSpecification\",\"valueRequired\":true,\"valueName\":\"search_term_string\"}}],\"inLanguage\":\"de-DE\"},{\"@type\":\"Organization\",\"@id\":\"https:\/\/www.icscoolenergy.com\/de\/#organization\",\"name\":\"ICS Cool Energy\",\"url\":\"https:\/\/www.icscoolenergy.com\/de\/\",\"logo\":{\"@type\":\"ImageObject\",\"inLanguage\":\"de-DE\",\"@id\":\"https:\/\/www.icscoolenergy.com\/de\/#\/schema\/logo\/image\/\",\"url\":\"https:\/\/www.icscoolenergy.com\/wp-content\/uploads\/sites\/4\/2024\/01\/ics-cool-energy-logo.svg\",\"contentUrl\":\"https:\/\/www.icscoolenergy.com\/wp-content\/uploads\/sites\/4\/2024\/01\/ics-cool-energy-logo.svg\",\"caption\":\"ICS Cool Energy\"},\"image\":{\"@id\":\"https:\/\/www.icscoolenergy.com\/de\/#\/schema\/logo\/image\/\"},\"sameAs\":[\"https:\/\/www.linkedin.com\/company\/ics-temperature-control\/\",\"https:\/\/www.youtube.com\/@ICSCoolEnergyLtd\"]}]}<\/script>\n<!-- \/ Yoast SEO Premium plugin. -->","yoast_head_json":{"title":"Testseite | ICS Cool Energy","robots":{"index":"noindex","follow":"follow"},"og_locale":"de_DE","og_type":"article","og_title":"Testseite","og_description":"Die Industrie am Laufen halten Wir tun alles, was n\u00f6tig ist, um Ihre Branche mit technischen L\u00f6sungen am Laufen zu halten. Fachwissen und Notfallunterst\u00fctzung 24\/7, 365. Energie-Verbesserungen Wir helfen Ihnen, Energie zu sparen, Kosten zu senken und Ihren \u00f6kologischen Fu\u00dfabdruck zu verringern. mit unseren eMission Critical L\u00f6sungen. Flexible Abonnementpl\u00e4ne Unsere Flex-Mitgliedschaft erm\u00f6glicht es Ihnen, schnell ... Weiterlesen","og_url":"https:\/\/www.icscoolenergy.com\/de\/testseite\/","og_site_name":"German","article_modified_time":"2024-05-12T17:18:04+00:00","og_image":[{"url":"https:\/\/ics-ce.local\/wp-content\/uploads\/sites\/4\/2024\/03\/Vector.svg","type":"","width":"","height":""}],"twitter_card":"summary_large_image","schema":{"@context":"https:\/\/schema.org","@graph":[{"@type":"WebPage","@id":"https:\/\/www.icscoolenergy.com\/de\/testseite\/","url":"https:\/\/www.icscoolenergy.com\/de\/testseite\/","name":"Testseite | ICS Cool Energy","isPartOf":{"@id":"https:\/\/www.icscoolenergy.com\/de\/#website"},"primaryImageOfPage":{"@id":"https:\/\/www.icscoolenergy.com\/de\/testseite\/#primaryimage"},"image":{"@id":"https:\/\/www.icscoolenergy.com\/de\/testseite\/#primaryimage"},"thumbnailUrl":"https:\/\/ics-ce.local\/wp-content\/uploads\/sites\/4\/2024\/03\/Vector.svg","datePublished":"2024-03-25T12:01:51+00:00","dateModified":"2024-05-12T17:18:04+00:00","breadcrumb":{"@id":"https:\/\/www.icscoolenergy.com\/de\/testseite\/#breadcrumb"},"inLanguage":"de-DE","potentialAction":[{"@type":"ReadAction","target":["https:\/\/www.icscoolenergy.com\/de\/testseite\/"]}]},{"@type":"ImageObject","inLanguage":"de-DE","@id":"https:\/\/www.icscoolenergy.com\/de\/testseite\/#primaryimage","url":"https:\/\/ics-ce.local\/wp-content\/uploads\/sites\/4\/2024\/03\/Vector.svg","contentUrl":"https:\/\/ics-ce.local\/wp-content\/uploads\/sites\/4\/2024\/03\/Vector.svg"},{"@type":"BreadcrumbList","@id":"https:\/\/www.icscoolenergy.com\/de\/testseite\/#breadcrumb","itemListElement":[{"@type":"ListItem","position":1,"name":"Home","item":"https:\/\/www.icscoolenergy.com\/de\/"},{"@type":"ListItem","position":2,"name":"Testseite"}]},{"@type":"WebSite","@id":"https:\/\/www.icscoolenergy.com\/de\/#website","url":"https:\/\/www.icscoolenergy.com\/de\/","name":"ICS Cool Energy","description":"The Process Temperature Control Specialists","publisher":{"@id":"https:\/\/www.icscoolenergy.com\/de\/#organization"},"potentialAction":[{"@type":"SearchAction","target":{"@type":"EntryPoint","urlTemplate":"https:\/\/www.icscoolenergy.com\/de\/?s={search_term_string}"},"query-input":{"@type":"PropertyValueSpecification","valueRequired":true,"valueName":"search_term_string"}}],"inLanguage":"de-DE"},{"@type":"Organization","@id":"https:\/\/www.icscoolenergy.com\/de\/#organization","name":"ICS Cool Energy","url":"https:\/\/www.icscoolenergy.com\/de\/","logo":{"@type":"ImageObject","inLanguage":"de-DE","@id":"https:\/\/www.icscoolenergy.com\/de\/#\/schema\/logo\/image\/","url":"https:\/\/www.icscoolenergy.com\/wp-content\/uploads\/sites\/4\/2024\/01\/ics-cool-energy-logo.svg","contentUrl":"https:\/\/www.icscoolenergy.com\/wp-content\/uploads\/sites\/4\/2024\/01\/ics-cool-energy-logo.svg","caption":"ICS Cool Energy"},"image":{"@id":"https:\/\/www.icscoolenergy.com\/de\/#\/schema\/logo\/image\/"},"sameAs":["https:\/\/www.linkedin.com\/company\/ics-temperature-control\/","https:\/\/www.youtube.com\/@ICSCoolEnergyLtd"]}]}},"_links":{"self":[{"href":"https:\/\/www.icscoolenergy.com\/de\/wp-json\/wp\/v2\/pages\/94408","targetHints":{"allow":["GET"]}}],"collection":[{"href":"https:\/\/www.icscoolenergy.com\/de\/wp-json\/wp\/v2\/pages"}],"about":[{"href":"https:\/\/www.icscoolenergy.com\/de\/wp-json\/wp\/v2\/types\/page"}],"author":[{"embeddable":true,"href":"https:\/\/www.icscoolenergy.com\/de\/wp-json\/wp\/v2\/users\/1"}],"replies":[{"embeddable":true,"href":"https:\/\/www.icscoolenergy.com\/de\/wp-json\/wp\/v2\/comments?post=94408"}],"version-history":[{"count":0,"href":"https:\/\/www.icscoolenergy.com\/de\/wp-json\/wp\/v2\/pages\/94408\/revisions"}],"wp:attachment":[{"href":"https:\/\/www.icscoolenergy.com\/de\/wp-json\/wp\/v2\/media?parent=94408"}],"curies":[{"name":"wp","href":"https:\/\/api.w.org\/{rel}","templated":true}]}}