 
{"id":96133,"date":"2024-06-20T09:36:08","date_gmt":"2024-06-20T09:36:08","guid":{"rendered":"https:\/\/www.icscoolenergy.com\/de\/?page_id=96133"},"modified":"2025-03-06T12:55:10","modified_gmt":"2025-03-06T12:55:10","slug":"danke-seite","status":"publish","type":"page","link":"https:\/\/www.icscoolenergy.com\/de\/kontaktieren-sie-uns\/danke-seite\/","title":{"rendered":"Danke-Seite"},"content":{"rendered":"\n<div style=\"height:100px\" aria-hidden=\"true\" class=\" wp-block-spacer eplus-wrapper\"><\/div>\n\n\n\n<div class=\"wp-block-group eplus-wrapper is-content-justification-center is-layout-constrained wp-block-group-is-layout-constrained\">\n<h1 class=\" wp-block-heading eplus-wrapper\" id=\"h-danke-fur-ihre-nachricht\">DANKE F\u00dcR IHRE NACHRICHT<\/h1>\n\n\n\n<p class=\" eplus-wrapper\">Wir melden uns innerhalb von 24 Stunden bei Ihnen. F\u00fcr dringende Anfragen rufen Sie bitte <a href=\"tel:0800 0116 0117\">0800 0116 0117<\/a> an.<\/p>\n\n\n\n<p class=\" eplus-wrapper\">Folgen Sie uns auf <a href=\"https:\/\/www.linkedin.com\/company\/ics-cool-energy-gmbh\/\">LinkedIn<\/a>, um die neuesten technischen Updates und Bulletins zu erhalten.<\/p>\n\n\n\n<div style=\"height:60px\" aria-hidden=\"true\" class=\" wp-block-spacer eplus-wrapper\"><\/div>\n\n\n\n<h2 class=\" wp-block-heading eplus-wrapper\" id=\"h-spezialisten-fur-prozesstemperaturregelung\">Spezialisten f\u00fcr Prozesstemperaturregelung<\/h2>\n\n\n\n<p class=\" eplus-wrapper\">Wir sind Spezialisten f\u00fcr Temperaturregelungsl\u00f6sungen von -40 \u00b0C bis 350 \u00b0C f\u00fcr kritische und Fertigungsprozesse, einschlie\u00dflich Vermietung, Investitionsg\u00fcter, geplante vorbeugende Wartung und Notfallunterst\u00fctzung in allen Branchen in ganz Europa. Seit 1989 bieten wir f\u00fchrenden Unternehmen weltweit technische Beratung und L\u00f6sungen an und helfen ihnen, die Vorschriften einzuhalten und ihren Energieverbrauch sowie ihre Wartungs- und Betriebskosten zu senken.<\/p>\n<\/div>\n\n\n\n<div style=\"height:60px\" aria-hidden=\"true\" class=\" wp-block-spacer eplus-wrapper\"><\/div>\n\n\n\n<div class=\"xs:block lg:flex wp-block-group eplus-wrapper is-layout-flow wp-block-group-is-layout-flow\"><div class=\"lg:flex xs:block xl:mb-12 wp-block-columns eplus-wrapper is-layout-flex wp-container-core-columns-is-layout-9d6595d7 wp-block-columns-is-layout-flex eplus-styles-uid-1c2ee9\"><div class=\"pt-12 xs:px-8 sm:px-8 shadow-lg rounded-t-2xl xs:h-auto xs:mb-10 lg:mb-0 lg:h-full wp-block-column is-vertically-aligned-top has-white-background-color has-background eplus-wrapper is-layout-flow wp-block-column-is-layout-flow eplus-styles-uid-43cb0d\"><div class=\"xs:mb-0 wp-block-columns eplus-wrapper is-layout-flex wp-container-core-columns-is-layout-9d6595d7 wp-block-columns-is-layout-flex eplus-styles-uid-edc182\">\n<div class=\"wp-block-column eplus-wrapper is-layout-flow wp-block-column-is-layout-flow\" style=\"flex-basis:75px\">\n<figure class=\" wp-block-image size-full is-resized eplus-wrapper\"><img loading=\"lazy\" decoding=\"async\" width=\"40\" height=\"40\" src=\"https:\/\/www.icscoolenergy.com\/wp-content\/uploads\/2024\/03\/Vector.svg\" alt=\"\" class=\"wp-image-79033\" style=\"width:75px\"><\/figure>\n<\/div>\n\n\n\n<div class=\"wp-block-column eplus-wrapper is-layout-flow wp-block-column-is-layout-flow\"><h3 class=\" wp-block-heading eplus-wrapper eplus-styles-uid-be1b12\" id=\"h-die-industrie-am-laufen-halten\">Die Industrie am Laufen halten<\/h3>\n\n\n<p class=\" eplus-wrapper\">Mit unserem technischen Know-how und unserer Notfallunterst\u00fctzung rund um die Uhr an 365 Tagen im Jahr tun wir alles, was n\u00f6tig ist, um Ihren Betrieb am Laufen zu halten.<\/p>\n<\/div>\n<\/div><\/div>\n\n<div class=\"pt-12 xs:px-8 sm:px-8 shadow-lg rounded-t-2xl xs:h-auto xs:mb-10 lg:mb-0 lg:h-full wp-block-column is-vertically-aligned-top has-white-background-color has-background eplus-wrapper is-layout-flow wp-block-column-is-layout-flow eplus-styles-uid-693786\"><div class=\"xs:mb-0 wp-block-columns eplus-wrapper is-layout-flex wp-container-core-columns-is-layout-9d6595d7 wp-block-columns-is-layout-flex eplus-styles-uid-fe8c4f\">\n<div class=\"wp-block-column eplus-wrapper is-layout-flow wp-block-column-is-layout-flow\" style=\"flex-basis:75px\">\n<figure class=\" wp-block-image size-full is-resized eplus-wrapper\"><img loading=\"lazy\" decoding=\"async\" width=\"40\" height=\"40\" src=\"https:\/\/www.icscoolenergy.com\/wp-content\/uploads\/2024\/03\/Vector1.svg\" alt=\"\" class=\"wp-image-79043\" style=\"width:75px\"><\/figure>\n<\/div>\n\n\n\n<div class=\"wp-block-column eplus-wrapper is-layout-flow wp-block-column-is-layout-flow\"><h3 class=\" wp-block-heading eplus-wrapper eplus-styles-uid-be1b12\" id=\"h-energieverbesserungen\">Energieverbesserungen<\/h3>\n\n\n<p class=\" eplus-wrapper\">Mit unseren eMission Critical-L\u00f6sungen helfen wir Ihnen, Energie zu sparen, Kosten zu senken und Ihren CO2-Fu\u00dfabdruck zu verringern.<\/p>\n<\/div>\n<\/div><\/div><\/div><\/div>\n\n\n\n<div style=\"height:60px\" aria-hidden=\"true\" class=\" wp-block-spacer eplus-wrapper\"><\/div>\n","protected":false},"excerpt":{"rendered":"<p>DANKE F\u00dcR IHRE NACHRICHT Wir melden uns innerhalb von 24 Stunden bei Ihnen. F\u00fcr dringende Anfragen rufen Sie bitte 0800 0116 0117 an. Folgen Sie uns auf LinkedIn, um die neuesten technischen Updates und Bulletins zu erhalten. Spezialisten f\u00fcr Prozesstemperaturregelung Wir sind Spezialisten f\u00fcr Temperaturregelungsl\u00f6sungen von -40 \u00b0C bis 350 \u00b0C f\u00fcr kritische und Fertigungsprozesse, &#8230; <a title=\"Danke-Seite\" class=\"read-more\" href=\"https:\/\/www.icscoolenergy.com\/de\/kontaktieren-sie-uns\/danke-seite\/\" aria-label=\"More on Danke-Seite\">Weiterlesen<\/a><\/p>\n","protected":false},"author":1,"featured_media":0,"parent":94316,"menu_order":0,"comment_status":"closed","ping_status":"closed","template":"template-without-hero.php","meta":{"_acf_changed":false,"inline_featured_image":false,"_editorskit_title_hidden":true,"_editorskit_reading_time":0,"_editorskit_is_block_options_detached":false,"_editorskit_block_options_position":"{}","editor_plus_copied_stylings":"{}","footnotes":""},"class_list":["post-96133","page","type-page","status-publish"],"acf":[],"yoast_head":"<!-- This site is optimized with the Yoast SEO Premium plugin v24.5 (Yoast SEO v26.9) - https:\/\/yoast.com\/product\/yoast-seo-premium-wordpress\/ -->\n<title>Danke-Seite | ICS Cool Energy<\/title>\n<meta name=\"robots\" content=\"noindex, follow\" \/>\n<meta property=\"og:locale\" content=\"de_DE\" \/>\n<meta property=\"og:type\" content=\"article\" \/>\n<meta property=\"og:title\" content=\"Danke-Seite\" \/>\n<meta property=\"og:description\" content=\"DANKE F\u00dcR IHRE NACHRICHT Wir melden uns innerhalb von 24 Stunden bei Ihnen. F\u00fcr dringende Anfragen rufen Sie bitte 0800 0116 0117 an. Folgen Sie uns auf LinkedIn, um die neuesten technischen Updates und Bulletins zu erhalten. Spezialisten f\u00fcr Prozesstemperaturregelung Wir sind Spezialisten f\u00fcr Temperaturregelungsl\u00f6sungen von -40 \u00b0C bis 350 \u00b0C f\u00fcr kritische und Fertigungsprozesse, ... Weiterlesen\" \/>\n<meta property=\"og:url\" content=\"https:\/\/www.icscoolenergy.com\/de\/kontaktieren-sie-uns\/danke-seite\/\" \/>\n<meta property=\"og:site_name\" content=\"German\" \/>\n<meta property=\"article:modified_time\" content=\"2025-03-06T12:55:10+00:00\" \/>\n<meta name=\"twitter:card\" content=\"summary_large_image\" \/>\n<meta name=\"twitter:label1\" content=\"Est. reading time\" \/>\n\t<meta name=\"twitter:data1\" content=\"2 Minuten\" \/>\n<script type=\"application\/ld+json\" class=\"yoast-schema-graph\">{\"@context\":\"https:\/\/schema.org\",\"@graph\":[{\"@type\":\"WebPage\",\"@id\":\"https:\/\/www.icscoolenergy.com\/de\/kontaktieren-sie-uns\/danke-seite\/\",\"url\":\"https:\/\/www.icscoolenergy.com\/de\/kontaktieren-sie-uns\/danke-seite\/\",\"name\":\"Danke-Seite | ICS Cool Energy\",\"isPartOf\":{\"@id\":\"https:\/\/www.icscoolenergy.com\/de\/#website\"},\"primaryImageOfPage\":{\"@id\":\"https:\/\/www.icscoolenergy.com\/de\/kontaktieren-sie-uns\/danke-seite\/#primaryimage\"},\"image\":{\"@id\":\"https:\/\/www.icscoolenergy.com\/de\/kontaktieren-sie-uns\/danke-seite\/#primaryimage\"},\"thumbnailUrl\":\"https:\/\/www.icscoolenergy.com\/wp-content\/uploads\/2024\/03\/Vector.svg\",\"datePublished\":\"2024-06-20T09:36:08+00:00\",\"dateModified\":\"2025-03-06T12:55:10+00:00\",\"breadcrumb\":{\"@id\":\"https:\/\/www.icscoolenergy.com\/de\/kontaktieren-sie-uns\/danke-seite\/#breadcrumb\"},\"inLanguage\":\"de-DE\",\"potentialAction\":[{\"@type\":\"ReadAction\",\"target\":[\"https:\/\/www.icscoolenergy.com\/de\/kontaktieren-sie-uns\/danke-seite\/\"]}]},{\"@type\":\"ImageObject\",\"inLanguage\":\"de-DE\",\"@id\":\"https:\/\/www.icscoolenergy.com\/de\/kontaktieren-sie-uns\/danke-seite\/#primaryimage\",\"url\":\"https:\/\/www.icscoolenergy.com\/wp-content\/uploads\/2024\/03\/Vector.svg\",\"contentUrl\":\"https:\/\/www.icscoolenergy.com\/wp-content\/uploads\/2024\/03\/Vector.svg\"},{\"@type\":\"BreadcrumbList\",\"@id\":\"https:\/\/www.icscoolenergy.com\/de\/kontaktieren-sie-uns\/danke-seite\/#breadcrumb\",\"itemListElement\":[{\"@type\":\"ListItem\",\"position\":1,\"name\":\"Home\",\"item\":\"https:\/\/www.icscoolenergy.com\/de\/\"},{\"@type\":\"ListItem\",\"position\":2,\"name\":\"Kontaktieren Sie uns\",\"item\":\"https:\/\/www.icscoolenergy.com\/de\/kontaktieren-sie-uns\/\"},{\"@type\":\"ListItem\",\"position\":3,\"name\":\"Danke-Seite\"}]},{\"@type\":\"WebSite\",\"@id\":\"https:\/\/www.icscoolenergy.com\/de\/#website\",\"url\":\"https:\/\/www.icscoolenergy.com\/de\/\",\"name\":\"ICS Cool Energy\",\"description\":\"The Process Temperature Control Specialists\",\"publisher\":{\"@id\":\"https:\/\/www.icscoolenergy.com\/de\/#organization\"},\"potentialAction\":[{\"@type\":\"SearchAction\",\"target\":{\"@type\":\"EntryPoint\",\"urlTemplate\":\"https:\/\/www.icscoolenergy.com\/de\/?s={search_term_string}\"},\"query-input\":{\"@type\":\"PropertyValueSpecification\",\"valueRequired\":true,\"valueName\":\"search_term_string\"}}],\"inLanguage\":\"de-DE\"},{\"@type\":\"Organization\",\"@id\":\"https:\/\/www.icscoolenergy.com\/de\/#organization\",\"name\":\"ICS Cool Energy\",\"url\":\"https:\/\/www.icscoolenergy.com\/de\/\",\"logo\":{\"@type\":\"ImageObject\",\"inLanguage\":\"de-DE\",\"@id\":\"https:\/\/www.icscoolenergy.com\/de\/#\/schema\/logo\/image\/\",\"url\":\"https:\/\/www.icscoolenergy.com\/wp-content\/uploads\/sites\/4\/2024\/01\/ics-cool-energy-logo.svg\",\"contentUrl\":\"https:\/\/www.icscoolenergy.com\/wp-content\/uploads\/sites\/4\/2024\/01\/ics-cool-energy-logo.svg\",\"caption\":\"ICS Cool Energy\"},\"image\":{\"@id\":\"https:\/\/www.icscoolenergy.com\/de\/#\/schema\/logo\/image\/\"},\"sameAs\":[\"https:\/\/www.linkedin.com\/company\/ics-temperature-control\/\",\"https:\/\/www.youtube.com\/@ICSCoolEnergyLtd\"]}]}<\/script>\n<!-- \/ Yoast SEO Premium plugin. -->","yoast_head_json":{"title":"Danke-Seite | ICS Cool Energy","robots":{"index":"noindex","follow":"follow"},"og_locale":"de_DE","og_type":"article","og_title":"Danke-Seite","og_description":"DANKE F\u00dcR IHRE NACHRICHT Wir melden uns innerhalb von 24 Stunden bei Ihnen. F\u00fcr dringende Anfragen rufen Sie bitte 0800 0116 0117 an. Folgen Sie uns auf LinkedIn, um die neuesten technischen Updates und Bulletins zu erhalten. Spezialisten f\u00fcr Prozesstemperaturregelung Wir sind Spezialisten f\u00fcr Temperaturregelungsl\u00f6sungen von -40 \u00b0C bis 350 \u00b0C f\u00fcr kritische und Fertigungsprozesse, ... Weiterlesen","og_url":"https:\/\/www.icscoolenergy.com\/de\/kontaktieren-sie-uns\/danke-seite\/","og_site_name":"German","article_modified_time":"2025-03-06T12:55:10+00:00","twitter_card":"summary_large_image","twitter_misc":{"Est. reading time":"2 Minuten"},"schema":{"@context":"https:\/\/schema.org","@graph":[{"@type":"WebPage","@id":"https:\/\/www.icscoolenergy.com\/de\/kontaktieren-sie-uns\/danke-seite\/","url":"https:\/\/www.icscoolenergy.com\/de\/kontaktieren-sie-uns\/danke-seite\/","name":"Danke-Seite | ICS Cool Energy","isPartOf":{"@id":"https:\/\/www.icscoolenergy.com\/de\/#website"},"primaryImageOfPage":{"@id":"https:\/\/www.icscoolenergy.com\/de\/kontaktieren-sie-uns\/danke-seite\/#primaryimage"},"image":{"@id":"https:\/\/www.icscoolenergy.com\/de\/kontaktieren-sie-uns\/danke-seite\/#primaryimage"},"thumbnailUrl":"https:\/\/www.icscoolenergy.com\/wp-content\/uploads\/2024\/03\/Vector.svg","datePublished":"2024-06-20T09:36:08+00:00","dateModified":"2025-03-06T12:55:10+00:00","breadcrumb":{"@id":"https:\/\/www.icscoolenergy.com\/de\/kontaktieren-sie-uns\/danke-seite\/#breadcrumb"},"inLanguage":"de-DE","potentialAction":[{"@type":"ReadAction","target":["https:\/\/www.icscoolenergy.com\/de\/kontaktieren-sie-uns\/danke-seite\/"]}]},{"@type":"ImageObject","inLanguage":"de-DE","@id":"https:\/\/www.icscoolenergy.com\/de\/kontaktieren-sie-uns\/danke-seite\/#primaryimage","url":"https:\/\/www.icscoolenergy.com\/wp-content\/uploads\/2024\/03\/Vector.svg","contentUrl":"https:\/\/www.icscoolenergy.com\/wp-content\/uploads\/2024\/03\/Vector.svg"},{"@type":"BreadcrumbList","@id":"https:\/\/www.icscoolenergy.com\/de\/kontaktieren-sie-uns\/danke-seite\/#breadcrumb","itemListElement":[{"@type":"ListItem","position":1,"name":"Home","item":"https:\/\/www.icscoolenergy.com\/de\/"},{"@type":"ListItem","position":2,"name":"Kontaktieren Sie uns","item":"https:\/\/www.icscoolenergy.com\/de\/kontaktieren-sie-uns\/"},{"@type":"ListItem","position":3,"name":"Danke-Seite"}]},{"@type":"WebSite","@id":"https:\/\/www.icscoolenergy.com\/de\/#website","url":"https:\/\/www.icscoolenergy.com\/de\/","name":"ICS Cool Energy","description":"The Process Temperature Control Specialists","publisher":{"@id":"https:\/\/www.icscoolenergy.com\/de\/#organization"},"potentialAction":[{"@type":"SearchAction","target":{"@type":"EntryPoint","urlTemplate":"https:\/\/www.icscoolenergy.com\/de\/?s={search_term_string}"},"query-input":{"@type":"PropertyValueSpecification","valueRequired":true,"valueName":"search_term_string"}}],"inLanguage":"de-DE"},{"@type":"Organization","@id":"https:\/\/www.icscoolenergy.com\/de\/#organization","name":"ICS Cool Energy","url":"https:\/\/www.icscoolenergy.com\/de\/","logo":{"@type":"ImageObject","inLanguage":"de-DE","@id":"https:\/\/www.icscoolenergy.com\/de\/#\/schema\/logo\/image\/","url":"https:\/\/www.icscoolenergy.com\/wp-content\/uploads\/sites\/4\/2024\/01\/ics-cool-energy-logo.svg","contentUrl":"https:\/\/www.icscoolenergy.com\/wp-content\/uploads\/sites\/4\/2024\/01\/ics-cool-energy-logo.svg","caption":"ICS Cool Energy"},"image":{"@id":"https:\/\/www.icscoolenergy.com\/de\/#\/schema\/logo\/image\/"},"sameAs":["https:\/\/www.linkedin.com\/company\/ics-temperature-control\/","https:\/\/www.youtube.com\/@ICSCoolEnergyLtd"]}]}},"_links":{"self":[{"href":"https:\/\/www.icscoolenergy.com\/de\/wp-json\/wp\/v2\/pages\/96133","targetHints":{"allow":["GET"]}}],"collection":[{"href":"https:\/\/www.icscoolenergy.com\/de\/wp-json\/wp\/v2\/pages"}],"about":[{"href":"https:\/\/www.icscoolenergy.com\/de\/wp-json\/wp\/v2\/types\/page"}],"author":[{"embeddable":true,"href":"https:\/\/www.icscoolenergy.com\/de\/wp-json\/wp\/v2\/users\/1"}],"replies":[{"embeddable":true,"href":"https:\/\/www.icscoolenergy.com\/de\/wp-json\/wp\/v2\/comments?post=96133"}],"version-history":[{"count":0,"href":"https:\/\/www.icscoolenergy.com\/de\/wp-json\/wp\/v2\/pages\/96133\/revisions"}],"up":[{"embeddable":true,"href":"https:\/\/www.icscoolenergy.com\/de\/wp-json\/wp\/v2\/pages\/94316"}],"wp:attachment":[{"href":"https:\/\/www.icscoolenergy.com\/de\/wp-json\/wp\/v2\/media?parent=96133"}],"curies":[{"name":"wp","href":"https:\/\/api.w.org\/{rel}","templated":true}]}}