 
{"id":94413,"date":"2024-04-15T08:06:25","date_gmt":"2024-04-15T08:06:25","guid":{"rendered":"https:\/\/www.icscoolenergy.com\/de\/unkategorisiert\/i-chiller-kompakt\/"},"modified":"2024-06-14T08:37:56","modified_gmt":"2024-06-14T08:37:56","slug":"i-chiller-kompakt","status":"publish","type":"product","link":"https:\/\/www.icscoolenergy.com\/de\/product\/i-chiller-kompakt\/","title":{"rendered":"i-Chiller Compact"},"content":{"rendered":"<p>Unsere i-Chiller Compact Prozessk\u00fchlerserie deckt Kapazit\u00e4ten von 1-4 kW ab und wurde speziell f\u00fcr Prozessanwendungen entwickelt.<\/p>\n<p>Bei der Entwicklung der i-Chiller Compact-Reihe haben wir eng mit Prozessingenieuren zusammengearbeitet, um ein Ger\u00e4t zu entwickeln, das perfekt f\u00fcr die Industrie geeignet ist. Seine geringe Stellfl\u00e4che sorgt daf\u00fcr, dass er in Produktionslinien passt, in denen nur wenig Platz zur Verf\u00fcgung steht, und seine Hochdruckpumpen gew\u00e4hrleisten, dass er die komplexen Rohrleitungen von Prozessanwendungen bew\u00e4ltigen kann.<\/p>\n<p>Der einzigartige Verdampfer des i-Chillers ist in einen gro\u00dfz\u00fcgig bemessenen Lagertank eingetaucht. Diese Konstruktion gew\u00e4hrleistet einen sicheren und zuverl\u00e4ssigen Betrieb auch bei starken Schwankungen des K\u00fchlbedarfs &#8211; etwas, das bei verschiedenen industriellen Anwendungen h\u00e4ufig vorkommt.<\/p>\n","protected":false},"excerpt":{"rendered":"<p>Unsere i-Chiller Compact Prozessk\u00fchlerserie deckt Kapazit\u00e4ten von 1-4 kW ab und wurde speziell f\u00fcr Prozessanwendungen entwickelt. Bei der Entwicklung der i-Chiller Compact-Reihe haben wir eng mit Prozessingenieuren zusammengearbeitet, um ein Ger\u00e4t zu entwickeln, das perfekt f\u00fcr die Industrie geeignet ist. Seine geringe Stellfl\u00e4che sorgt daf\u00fcr, dass er in Produktionslinien passt, in denen nur wenig Platz &#8230; <a title=\"i-Chiller Compact\" class=\"read-more\" href=\"https:\/\/www.icscoolenergy.com\/de\/product\/i-chiller-kompakt\/\" aria-label=\"More on i-Chiller Compact\">Weiterlesen<\/a><\/p>\n","protected":false},"featured_media":92744,"comment_status":"closed","ping_status":"closed","template":"","meta":{"_acf_changed":false,"inline_featured_image":false,"_editorskit_title_hidden":false,"_editorskit_reading_time":0,"_editorskit_is_block_options_detached":false,"_editorskit_block_options_position":"{}","editor_plus_copied_stylings":"{}"},"product_brand":[],"product_cat":[972],"product_tag":[],"class_list":{"0":"post-94413","1":"product","2":"type-product","3":"status-publish","4":"has-post-thumbnail","6":"product_cat-prozess-kuhlgerate","8":"first","9":"instock","10":"shipping-taxable","11":"product-type-simple"},"acf":[],"yoast_head":"<!-- This site is optimized with the Yoast SEO Premium plugin v24.5 (Yoast SEO v26.9) - https:\/\/yoast.com\/product\/yoast-seo-premium-wordpress\/ -->\n<title>i-Chiller Compact | ICS Cool Energy<\/title>\n<meta name=\"robots\" content=\"noindex, follow\" \/>\n<meta property=\"og:locale\" content=\"de_DE\" \/>\n<meta property=\"og:type\" content=\"article\" \/>\n<meta property=\"og:title\" content=\"i-Chiller Compact\" \/>\n<meta property=\"og:description\" content=\"Unsere i-Chiller Compact Prozessk\u00fchlerserie deckt Kapazit\u00e4ten von 1-4 kW ab und wurde speziell f\u00fcr Prozessanwendungen entwickelt. Bei der Entwicklung der i-Chiller Compact-Reihe haben wir eng mit Prozessingenieuren zusammengearbeitet, um ein Ger\u00e4t zu entwickeln, das perfekt f\u00fcr die Industrie geeignet ist. Seine geringe Stellfl\u00e4che sorgt daf\u00fcr, dass er in Produktionslinien passt, in denen nur wenig Platz ... Weiterlesen\" \/>\n<meta property=\"og:url\" content=\"https:\/\/www.icscoolenergy.com\/de\/product\/i-chiller-kompakt\/\" \/>\n<meta property=\"og:site_name\" content=\"German\" \/>\n<meta property=\"article:modified_time\" content=\"2024-06-14T08:37:56+00:00\" \/>\n<meta property=\"og:image\" content=\"https:\/\/www.icscoolenergy.com\/wp-content\/uploads\/sites\/4\/2024\/04\/i-Chiller-Compact-Hero.png\" \/>\n\t<meta property=\"og:image:width\" content=\"560\" \/>\n\t<meta property=\"og:image:height\" content=\"420\" \/>\n\t<meta property=\"og:image:type\" content=\"image\/png\" \/>\n<meta name=\"twitter:card\" content=\"summary_large_image\" \/>\n<meta name=\"twitter:label1\" content=\"Est. reading time\" \/>\n\t<meta name=\"twitter:data1\" content=\"1 Minute\" \/>\n<script type=\"application\/ld+json\" class=\"yoast-schema-graph\">{\"@context\":\"https:\/\/schema.org\",\"@graph\":[{\"@type\":\"WebPage\",\"@id\":\"https:\/\/www.icscoolenergy.com\/de\/product\/i-chiller-kompakt\/\",\"url\":\"https:\/\/www.icscoolenergy.com\/de\/product\/i-chiller-kompakt\/\",\"name\":\"i-Chiller Compact | ICS Cool Energy\",\"isPartOf\":{\"@id\":\"https:\/\/www.icscoolenergy.com\/de\/#website\"},\"primaryImageOfPage\":{\"@id\":\"https:\/\/www.icscoolenergy.com\/de\/product\/i-chiller-kompakt\/#primaryimage\"},\"image\":{\"@id\":\"https:\/\/www.icscoolenergy.com\/de\/product\/i-chiller-kompakt\/#primaryimage\"},\"thumbnailUrl\":\"https:\/\/www.icscoolenergy.com\/wp-content\/uploads\/sites\/4\/2024\/04\/i-Chiller-Compact-Hero.png\",\"datePublished\":\"2024-04-15T08:06:25+00:00\",\"dateModified\":\"2024-06-14T08:37:56+00:00\",\"breadcrumb\":{\"@id\":\"https:\/\/www.icscoolenergy.com\/de\/product\/i-chiller-kompakt\/#breadcrumb\"},\"inLanguage\":\"de-DE\",\"potentialAction\":[{\"@type\":\"ReadAction\",\"target\":[\"https:\/\/www.icscoolenergy.com\/de\/product\/i-chiller-kompakt\/\"]}]},{\"@type\":\"ImageObject\",\"inLanguage\":\"de-DE\",\"@id\":\"https:\/\/www.icscoolenergy.com\/de\/product\/i-chiller-kompakt\/#primaryimage\",\"url\":\"https:\/\/www.icscoolenergy.com\/wp-content\/uploads\/sites\/4\/2024\/04\/i-Chiller-Compact-Hero.png\",\"contentUrl\":\"https:\/\/www.icscoolenergy.com\/wp-content\/uploads\/sites\/4\/2024\/04\/i-Chiller-Compact-Hero.png\",\"width\":560,\"height\":420,\"caption\":\"i-Chiller Kompakt Held\"},{\"@type\":\"BreadcrumbList\",\"@id\":\"https:\/\/www.icscoolenergy.com\/de\/product\/i-chiller-kompakt\/#breadcrumb\",\"itemListElement\":[{\"@type\":\"ListItem\",\"position\":1,\"name\":\"Home\",\"item\":\"https:\/\/www.icscoolenergy.com\/de\/\"},{\"@type\":\"ListItem\",\"position\":2,\"name\":\"Shop\",\"item\":\"https:\/\/www.icscoolenergy.com\/de\/shop\/\"},{\"@type\":\"ListItem\",\"position\":3,\"name\":\"i-Chiller Compact\"}]},{\"@type\":\"WebSite\",\"@id\":\"https:\/\/www.icscoolenergy.com\/de\/#website\",\"url\":\"https:\/\/www.icscoolenergy.com\/de\/\",\"name\":\"ICS Cool Energy\",\"description\":\"The Process Temperature Control Specialists\",\"publisher\":{\"@id\":\"https:\/\/www.icscoolenergy.com\/de\/#organization\"},\"potentialAction\":[{\"@type\":\"SearchAction\",\"target\":{\"@type\":\"EntryPoint\",\"urlTemplate\":\"https:\/\/www.icscoolenergy.com\/de\/?s={search_term_string}\"},\"query-input\":{\"@type\":\"PropertyValueSpecification\",\"valueRequired\":true,\"valueName\":\"search_term_string\"}}],\"inLanguage\":\"de-DE\"},{\"@type\":\"Organization\",\"@id\":\"https:\/\/www.icscoolenergy.com\/de\/#organization\",\"name\":\"ICS Cool Energy\",\"url\":\"https:\/\/www.icscoolenergy.com\/de\/\",\"logo\":{\"@type\":\"ImageObject\",\"inLanguage\":\"de-DE\",\"@id\":\"https:\/\/www.icscoolenergy.com\/de\/#\/schema\/logo\/image\/\",\"url\":\"https:\/\/www.icscoolenergy.com\/wp-content\/uploads\/sites\/4\/2024\/01\/ics-cool-energy-logo.svg\",\"contentUrl\":\"https:\/\/www.icscoolenergy.com\/wp-content\/uploads\/sites\/4\/2024\/01\/ics-cool-energy-logo.svg\",\"caption\":\"ICS Cool Energy\"},\"image\":{\"@id\":\"https:\/\/www.icscoolenergy.com\/de\/#\/schema\/logo\/image\/\"},\"sameAs\":[\"https:\/\/www.linkedin.com\/company\/ics-temperature-control\/\",\"https:\/\/www.youtube.com\/@ICSCoolEnergyLtd\"]}]}<\/script>\n<!-- \/ Yoast SEO Premium plugin. -->","yoast_head_json":{"title":"i-Chiller Compact | ICS Cool Energy","robots":{"index":"noindex","follow":"follow"},"og_locale":"de_DE","og_type":"article","og_title":"i-Chiller Compact","og_description":"Unsere i-Chiller Compact Prozessk\u00fchlerserie deckt Kapazit\u00e4ten von 1-4 kW ab und wurde speziell f\u00fcr Prozessanwendungen entwickelt. Bei der Entwicklung der i-Chiller Compact-Reihe haben wir eng mit Prozessingenieuren zusammengearbeitet, um ein Ger\u00e4t zu entwickeln, das perfekt f\u00fcr die Industrie geeignet ist. Seine geringe Stellfl\u00e4che sorgt daf\u00fcr, dass er in Produktionslinien passt, in denen nur wenig Platz ... Weiterlesen","og_url":"https:\/\/www.icscoolenergy.com\/de\/product\/i-chiller-kompakt\/","og_site_name":"German","article_modified_time":"2024-06-14T08:37:56+00:00","og_image":[{"width":560,"height":420,"url":"https:\/\/www.icscoolenergy.com\/wp-content\/uploads\/sites\/4\/2024\/04\/i-Chiller-Compact-Hero.png","type":"image\/png"}],"twitter_card":"summary_large_image","twitter_misc":{"Est. reading time":"1 Minute"},"schema":{"@context":"https:\/\/schema.org","@graph":[{"@type":"WebPage","@id":"https:\/\/www.icscoolenergy.com\/de\/product\/i-chiller-kompakt\/","url":"https:\/\/www.icscoolenergy.com\/de\/product\/i-chiller-kompakt\/","name":"i-Chiller Compact | ICS Cool Energy","isPartOf":{"@id":"https:\/\/www.icscoolenergy.com\/de\/#website"},"primaryImageOfPage":{"@id":"https:\/\/www.icscoolenergy.com\/de\/product\/i-chiller-kompakt\/#primaryimage"},"image":{"@id":"https:\/\/www.icscoolenergy.com\/de\/product\/i-chiller-kompakt\/#primaryimage"},"thumbnailUrl":"https:\/\/www.icscoolenergy.com\/wp-content\/uploads\/sites\/4\/2024\/04\/i-Chiller-Compact-Hero.png","datePublished":"2024-04-15T08:06:25+00:00","dateModified":"2024-06-14T08:37:56+00:00","breadcrumb":{"@id":"https:\/\/www.icscoolenergy.com\/de\/product\/i-chiller-kompakt\/#breadcrumb"},"inLanguage":"de-DE","potentialAction":[{"@type":"ReadAction","target":["https:\/\/www.icscoolenergy.com\/de\/product\/i-chiller-kompakt\/"]}]},{"@type":"ImageObject","inLanguage":"de-DE","@id":"https:\/\/www.icscoolenergy.com\/de\/product\/i-chiller-kompakt\/#primaryimage","url":"https:\/\/www.icscoolenergy.com\/wp-content\/uploads\/sites\/4\/2024\/04\/i-Chiller-Compact-Hero.png","contentUrl":"https:\/\/www.icscoolenergy.com\/wp-content\/uploads\/sites\/4\/2024\/04\/i-Chiller-Compact-Hero.png","width":560,"height":420,"caption":"i-Chiller Kompakt Held"},{"@type":"BreadcrumbList","@id":"https:\/\/www.icscoolenergy.com\/de\/product\/i-chiller-kompakt\/#breadcrumb","itemListElement":[{"@type":"ListItem","position":1,"name":"Home","item":"https:\/\/www.icscoolenergy.com\/de\/"},{"@type":"ListItem","position":2,"name":"Shop","item":"https:\/\/www.icscoolenergy.com\/de\/shop\/"},{"@type":"ListItem","position":3,"name":"i-Chiller Compact"}]},{"@type":"WebSite","@id":"https:\/\/www.icscoolenergy.com\/de\/#website","url":"https:\/\/www.icscoolenergy.com\/de\/","name":"ICS Cool Energy","description":"The Process Temperature Control Specialists","publisher":{"@id":"https:\/\/www.icscoolenergy.com\/de\/#organization"},"potentialAction":[{"@type":"SearchAction","target":{"@type":"EntryPoint","urlTemplate":"https:\/\/www.icscoolenergy.com\/de\/?s={search_term_string}"},"query-input":{"@type":"PropertyValueSpecification","valueRequired":true,"valueName":"search_term_string"}}],"inLanguage":"de-DE"},{"@type":"Organization","@id":"https:\/\/www.icscoolenergy.com\/de\/#organization","name":"ICS Cool Energy","url":"https:\/\/www.icscoolenergy.com\/de\/","logo":{"@type":"ImageObject","inLanguage":"de-DE","@id":"https:\/\/www.icscoolenergy.com\/de\/#\/schema\/logo\/image\/","url":"https:\/\/www.icscoolenergy.com\/wp-content\/uploads\/sites\/4\/2024\/01\/ics-cool-energy-logo.svg","contentUrl":"https:\/\/www.icscoolenergy.com\/wp-content\/uploads\/sites\/4\/2024\/01\/ics-cool-energy-logo.svg","caption":"ICS Cool Energy"},"image":{"@id":"https:\/\/www.icscoolenergy.com\/de\/#\/schema\/logo\/image\/"},"sameAs":["https:\/\/www.linkedin.com\/company\/ics-temperature-control\/","https:\/\/www.youtube.com\/@ICSCoolEnergyLtd"]}]}},"_links":{"self":[{"href":"https:\/\/www.icscoolenergy.com\/de\/wp-json\/wp\/v2\/product\/94413","targetHints":{"allow":["GET"]}}],"collection":[{"href":"https:\/\/www.icscoolenergy.com\/de\/wp-json\/wp\/v2\/product"}],"about":[{"href":"https:\/\/www.icscoolenergy.com\/de\/wp-json\/wp\/v2\/types\/product"}],"replies":[{"embeddable":true,"href":"https:\/\/www.icscoolenergy.com\/de\/wp-json\/wp\/v2\/comments?post=94413"}],"wp:featuredmedia":[{"embeddable":true,"href":"https:\/\/www.icscoolenergy.com\/de\/wp-json\/wp\/v2\/media\/92744"}],"wp:attachment":[{"href":"https:\/\/www.icscoolenergy.com\/de\/wp-json\/wp\/v2\/media?parent=94413"}],"wp:term":[{"taxonomy":"product_brand","embeddable":true,"href":"https:\/\/www.icscoolenergy.com\/de\/wp-json\/wp\/v2\/product_brand?post=94413"},{"taxonomy":"product_cat","embeddable":true,"href":"https:\/\/www.icscoolenergy.com\/de\/wp-json\/wp\/v2\/product_cat?post=94413"},{"taxonomy":"product_tag","embeddable":true,"href":"https:\/\/www.icscoolenergy.com\/de\/wp-json\/wp\/v2\/product_tag?post=94413"}],"curies":[{"name":"wp","href":"https:\/\/api.w.org\/{rel}","templated":true}]}}