 
{"id":94415,"date":"2024-04-18T12:08:14","date_gmt":"2024-04-18T12:08:14","guid":{"rendered":"https:\/\/www.icscoolenergy.com\/de\/unkategorisiert\/geblaesekonvektor-75lt\/"},"modified":"2025-05-14T12:33:07","modified_gmt":"2025-05-14T12:33:07","slug":"geblaesekonvektor-75lt","status":"publish","type":"product","link":"https:\/\/www.icscoolenergy.com\/de\/product\/geblaesekonvektor-75lt\/","title":{"rendered":"Gebl\u00e4sekonvektor 75LT"},"content":{"rendered":"<p>Der Fan Coil 75 Low Temperature ist ein flexibles Ger\u00e4t mit zwei Ventilatoren, das einen Luftstrom von 28940 m\u00b3\/Std. bietet.<\/p>\n<p>Das Ger\u00e4t ben\u00f6tigt eine Wasserquelle f\u00fcr die integrierte Spule und verf\u00fcgt \u00fcber schnell l\u00f6sbare Wasseranschl\u00fcsse sowie einen 32 Ampere 3-Phasen-Stromanschluss f\u00fcr den Betrieb bei niedrigen Temperaturen und 16 Ampere f\u00fcr den Standardbetrieb.<\/p>\n<p>Das Klimager\u00e4t ist innenliegend und kann mit oder ohne eine unabh\u00e4ngige Niedertemperatur-Abtautafel geliefert werden, um eine nominale Ablufttemperatur von 0\u00b0C zu bieten, die in der Lage ist, einen Raum mit einer Temperatur von 4\u00b0C oder darunter zu stabilisieren.<\/p>\n<p>Das Ger\u00e4t wird au\u00dferdem mit einem Kondensatschlauch, einem Bedienfeld f\u00fcr die Abtauung mit echtem Timer (zur Steuerung der Abtauung des Registers und des Heizelements der Kondensatwanne) sowie mit optionalen Lagerst\u00e4ndern geliefert, die auf Bestellung gefertigt werden.<\/p>\n","protected":false},"excerpt":{"rendered":"<p>Der Fan Coil 75 Low Temperature ist ein flexibles Ger\u00e4t mit zwei Ventilatoren, das einen Luftstrom von 28940 m\u00b3\/Std. bietet. Das Ger\u00e4t ben\u00f6tigt eine Wasserquelle f\u00fcr die integrierte Spule und verf\u00fcgt \u00fcber schnell l\u00f6sbare Wasseranschl\u00fcsse sowie einen 32 Ampere 3-Phasen-Stromanschluss f\u00fcr den Betrieb bei niedrigen Temperaturen und 16 Ampere f\u00fcr den Standardbetrieb. Das Klimager\u00e4t ist &#8230; <a title=\"Gebl\u00e4sekonvektor 75LT\" class=\"read-more\" href=\"https:\/\/www.icscoolenergy.com\/de\/product\/geblaesekonvektor-75lt\/\" aria-label=\"More on Gebl\u00e4sekonvektor 75LT\">Weiterlesen<\/a><\/p>\n","protected":false},"featured_media":92194,"comment_status":"closed","ping_status":"closed","template":"","meta":{"_acf_changed":false,"inline_featured_image":false,"_editorskit_title_hidden":false,"_editorskit_reading_time":0,"_editorskit_is_block_options_detached":false,"_editorskit_block_options_position":"{}","editor_plus_copied_stylings":"{}"},"product_brand":[],"product_cat":[981,979,983,2181,3109],"product_tag":[],"class_list":{"0":"post-94415","1":"product","2":"type-product","3":"status-publish","4":"has-post-thumbnail","6":"product_cat-fan-coil-vermietung","7":"product_cat-fan-coil-optionen","8":"product_cat-niedertemperatur-ventilatorkonvektor-miete","9":"product_cat-bautrockner-mieten","10":"product_cat-kuehlung-fuer-rechenzentren","12":"first","13":"instock","14":"shipping-taxable","15":"product-type-simple"},"acf":[],"yoast_head":"<!-- This site is optimized with the Yoast SEO Premium plugin v24.5 (Yoast SEO v26.9) - https:\/\/yoast.com\/product\/yoast-seo-premium-wordpress\/ -->\n<title>Gebl\u00e4sekonvektor 75LT | ICS Cool Energy<\/title>\n<meta name=\"robots\" content=\"noindex, follow\" \/>\n<meta property=\"og:locale\" content=\"de_DE\" \/>\n<meta property=\"og:type\" content=\"article\" \/>\n<meta property=\"og:title\" content=\"Gebl\u00e4sekonvektor 75LT\" \/>\n<meta property=\"og:description\" content=\"Der Fan Coil 75 Low Temperature ist ein flexibles Ger\u00e4t mit zwei Ventilatoren, das einen Luftstrom von 28940 m\u00b3\/Std. bietet. Das Ger\u00e4t ben\u00f6tigt eine Wasserquelle f\u00fcr die integrierte Spule und verf\u00fcgt \u00fcber schnell l\u00f6sbare Wasseranschl\u00fcsse sowie einen 32 Ampere 3-Phasen-Stromanschluss f\u00fcr den Betrieb bei niedrigen Temperaturen und 16 Ampere f\u00fcr den Standardbetrieb. Das Klimager\u00e4t ist ... Weiterlesen\" \/>\n<meta property=\"og:url\" content=\"https:\/\/www.icscoolenergy.com\/de\/product\/geblaesekonvektor-75lt\/\" \/>\n<meta property=\"og:site_name\" content=\"German\" \/>\n<meta property=\"article:modified_time\" content=\"2025-05-14T12:33:07+00:00\" \/>\n<meta property=\"og:image\" content=\"https:\/\/www.icscoolenergy.com\/wp-content\/uploads\/sites\/4\/2024\/04\/Fan-Coil-75-LT.png\" \/>\n\t<meta property=\"og:image:width\" content=\"560\" \/>\n\t<meta property=\"og:image:height\" content=\"420\" \/>\n\t<meta property=\"og:image:type\" content=\"image\/png\" \/>\n<meta name=\"twitter:card\" content=\"summary_large_image\" \/>\n<meta name=\"twitter:label1\" content=\"Est. reading time\" \/>\n\t<meta name=\"twitter:data1\" content=\"1 Minute\" \/>\n<script type=\"application\/ld+json\" class=\"yoast-schema-graph\">{\"@context\":\"https:\/\/schema.org\",\"@graph\":[{\"@type\":\"WebPage\",\"@id\":\"https:\/\/www.icscoolenergy.com\/de\/product\/geblaesekonvektor-75lt\/\",\"url\":\"https:\/\/www.icscoolenergy.com\/de\/product\/geblaesekonvektor-75lt\/\",\"name\":\"Gebl\u00e4sekonvektor 75LT | ICS Cool Energy\",\"isPartOf\":{\"@id\":\"https:\/\/www.icscoolenergy.com\/de\/#website\"},\"primaryImageOfPage\":{\"@id\":\"https:\/\/www.icscoolenergy.com\/de\/product\/geblaesekonvektor-75lt\/#primaryimage\"},\"image\":{\"@id\":\"https:\/\/www.icscoolenergy.com\/de\/product\/geblaesekonvektor-75lt\/#primaryimage\"},\"thumbnailUrl\":\"https:\/\/www.icscoolenergy.com\/wp-content\/uploads\/sites\/4\/2024\/04\/Fan-Coil-75-LT.png\",\"datePublished\":\"2024-04-18T12:08:14+00:00\",\"dateModified\":\"2025-05-14T12:33:07+00:00\",\"breadcrumb\":{\"@id\":\"https:\/\/www.icscoolenergy.com\/de\/product\/geblaesekonvektor-75lt\/#breadcrumb\"},\"inLanguage\":\"de-DE\",\"potentialAction\":[{\"@type\":\"ReadAction\",\"target\":[\"https:\/\/www.icscoolenergy.com\/de\/product\/geblaesekonvektor-75lt\/\"]}]},{\"@type\":\"ImageObject\",\"inLanguage\":\"de-DE\",\"@id\":\"https:\/\/www.icscoolenergy.com\/de\/product\/geblaesekonvektor-75lt\/#primaryimage\",\"url\":\"https:\/\/www.icscoolenergy.com\/wp-content\/uploads\/sites\/4\/2024\/04\/Fan-Coil-75-LT.png\",\"contentUrl\":\"https:\/\/www.icscoolenergy.com\/wp-content\/uploads\/sites\/4\/2024\/04\/Fan-Coil-75-LT.png\",\"width\":560,\"height\":420,\"caption\":\"Gebl\u00e4sekonvektor 75LT\"},{\"@type\":\"BreadcrumbList\",\"@id\":\"https:\/\/www.icscoolenergy.com\/de\/product\/geblaesekonvektor-75lt\/#breadcrumb\",\"itemListElement\":[{\"@type\":\"ListItem\",\"position\":1,\"name\":\"Home\",\"item\":\"https:\/\/www.icscoolenergy.com\/de\/\"},{\"@type\":\"ListItem\",\"position\":2,\"name\":\"Shop\",\"item\":\"https:\/\/www.icscoolenergy.com\/de\/shop\/\"},{\"@type\":\"ListItem\",\"position\":3,\"name\":\"Gebl\u00e4sekonvektor 75LT\"}]},{\"@type\":\"WebSite\",\"@id\":\"https:\/\/www.icscoolenergy.com\/de\/#website\",\"url\":\"https:\/\/www.icscoolenergy.com\/de\/\",\"name\":\"ICS Cool Energy\",\"description\":\"The Process Temperature Control Specialists\",\"publisher\":{\"@id\":\"https:\/\/www.icscoolenergy.com\/de\/#organization\"},\"potentialAction\":[{\"@type\":\"SearchAction\",\"target\":{\"@type\":\"EntryPoint\",\"urlTemplate\":\"https:\/\/www.icscoolenergy.com\/de\/?s={search_term_string}\"},\"query-input\":{\"@type\":\"PropertyValueSpecification\",\"valueRequired\":true,\"valueName\":\"search_term_string\"}}],\"inLanguage\":\"de-DE\"},{\"@type\":\"Organization\",\"@id\":\"https:\/\/www.icscoolenergy.com\/de\/#organization\",\"name\":\"ICS Cool Energy\",\"url\":\"https:\/\/www.icscoolenergy.com\/de\/\",\"logo\":{\"@type\":\"ImageObject\",\"inLanguage\":\"de-DE\",\"@id\":\"https:\/\/www.icscoolenergy.com\/de\/#\/schema\/logo\/image\/\",\"url\":\"https:\/\/www.icscoolenergy.com\/wp-content\/uploads\/sites\/4\/2024\/01\/ics-cool-energy-logo.svg\",\"contentUrl\":\"https:\/\/www.icscoolenergy.com\/wp-content\/uploads\/sites\/4\/2024\/01\/ics-cool-energy-logo.svg\",\"caption\":\"ICS Cool Energy\"},\"image\":{\"@id\":\"https:\/\/www.icscoolenergy.com\/de\/#\/schema\/logo\/image\/\"},\"sameAs\":[\"https:\/\/www.linkedin.com\/company\/ics-temperature-control\/\",\"https:\/\/www.youtube.com\/@ICSCoolEnergyLtd\"]}]}<\/script>\n<!-- \/ Yoast SEO Premium plugin. -->","yoast_head_json":{"title":"Gebl\u00e4sekonvektor 75LT | ICS Cool Energy","robots":{"index":"noindex","follow":"follow"},"og_locale":"de_DE","og_type":"article","og_title":"Gebl\u00e4sekonvektor 75LT","og_description":"Der Fan Coil 75 Low Temperature ist ein flexibles Ger\u00e4t mit zwei Ventilatoren, das einen Luftstrom von 28940 m\u00b3\/Std. bietet. Das Ger\u00e4t ben\u00f6tigt eine Wasserquelle f\u00fcr die integrierte Spule und verf\u00fcgt \u00fcber schnell l\u00f6sbare Wasseranschl\u00fcsse sowie einen 32 Ampere 3-Phasen-Stromanschluss f\u00fcr den Betrieb bei niedrigen Temperaturen und 16 Ampere f\u00fcr den Standardbetrieb. Das Klimager\u00e4t ist ... Weiterlesen","og_url":"https:\/\/www.icscoolenergy.com\/de\/product\/geblaesekonvektor-75lt\/","og_site_name":"German","article_modified_time":"2025-05-14T12:33:07+00:00","og_image":[{"width":560,"height":420,"url":"https:\/\/www.icscoolenergy.com\/wp-content\/uploads\/sites\/4\/2024\/04\/Fan-Coil-75-LT.png","type":"image\/png"}],"twitter_card":"summary_large_image","twitter_misc":{"Est. reading time":"1 Minute"},"schema":{"@context":"https:\/\/schema.org","@graph":[{"@type":"WebPage","@id":"https:\/\/www.icscoolenergy.com\/de\/product\/geblaesekonvektor-75lt\/","url":"https:\/\/www.icscoolenergy.com\/de\/product\/geblaesekonvektor-75lt\/","name":"Gebl\u00e4sekonvektor 75LT | ICS Cool Energy","isPartOf":{"@id":"https:\/\/www.icscoolenergy.com\/de\/#website"},"primaryImageOfPage":{"@id":"https:\/\/www.icscoolenergy.com\/de\/product\/geblaesekonvektor-75lt\/#primaryimage"},"image":{"@id":"https:\/\/www.icscoolenergy.com\/de\/product\/geblaesekonvektor-75lt\/#primaryimage"},"thumbnailUrl":"https:\/\/www.icscoolenergy.com\/wp-content\/uploads\/sites\/4\/2024\/04\/Fan-Coil-75-LT.png","datePublished":"2024-04-18T12:08:14+00:00","dateModified":"2025-05-14T12:33:07+00:00","breadcrumb":{"@id":"https:\/\/www.icscoolenergy.com\/de\/product\/geblaesekonvektor-75lt\/#breadcrumb"},"inLanguage":"de-DE","potentialAction":[{"@type":"ReadAction","target":["https:\/\/www.icscoolenergy.com\/de\/product\/geblaesekonvektor-75lt\/"]}]},{"@type":"ImageObject","inLanguage":"de-DE","@id":"https:\/\/www.icscoolenergy.com\/de\/product\/geblaesekonvektor-75lt\/#primaryimage","url":"https:\/\/www.icscoolenergy.com\/wp-content\/uploads\/sites\/4\/2024\/04\/Fan-Coil-75-LT.png","contentUrl":"https:\/\/www.icscoolenergy.com\/wp-content\/uploads\/sites\/4\/2024\/04\/Fan-Coil-75-LT.png","width":560,"height":420,"caption":"Gebl\u00e4sekonvektor 75LT"},{"@type":"BreadcrumbList","@id":"https:\/\/www.icscoolenergy.com\/de\/product\/geblaesekonvektor-75lt\/#breadcrumb","itemListElement":[{"@type":"ListItem","position":1,"name":"Home","item":"https:\/\/www.icscoolenergy.com\/de\/"},{"@type":"ListItem","position":2,"name":"Shop","item":"https:\/\/www.icscoolenergy.com\/de\/shop\/"},{"@type":"ListItem","position":3,"name":"Gebl\u00e4sekonvektor 75LT"}]},{"@type":"WebSite","@id":"https:\/\/www.icscoolenergy.com\/de\/#website","url":"https:\/\/www.icscoolenergy.com\/de\/","name":"ICS Cool Energy","description":"The Process Temperature Control Specialists","publisher":{"@id":"https:\/\/www.icscoolenergy.com\/de\/#organization"},"potentialAction":[{"@type":"SearchAction","target":{"@type":"EntryPoint","urlTemplate":"https:\/\/www.icscoolenergy.com\/de\/?s={search_term_string}"},"query-input":{"@type":"PropertyValueSpecification","valueRequired":true,"valueName":"search_term_string"}}],"inLanguage":"de-DE"},{"@type":"Organization","@id":"https:\/\/www.icscoolenergy.com\/de\/#organization","name":"ICS Cool Energy","url":"https:\/\/www.icscoolenergy.com\/de\/","logo":{"@type":"ImageObject","inLanguage":"de-DE","@id":"https:\/\/www.icscoolenergy.com\/de\/#\/schema\/logo\/image\/","url":"https:\/\/www.icscoolenergy.com\/wp-content\/uploads\/sites\/4\/2024\/01\/ics-cool-energy-logo.svg","contentUrl":"https:\/\/www.icscoolenergy.com\/wp-content\/uploads\/sites\/4\/2024\/01\/ics-cool-energy-logo.svg","caption":"ICS Cool Energy"},"image":{"@id":"https:\/\/www.icscoolenergy.com\/de\/#\/schema\/logo\/image\/"},"sameAs":["https:\/\/www.linkedin.com\/company\/ics-temperature-control\/","https:\/\/www.youtube.com\/@ICSCoolEnergyLtd"]}]}},"_links":{"self":[{"href":"https:\/\/www.icscoolenergy.com\/de\/wp-json\/wp\/v2\/product\/94415","targetHints":{"allow":["GET"]}}],"collection":[{"href":"https:\/\/www.icscoolenergy.com\/de\/wp-json\/wp\/v2\/product"}],"about":[{"href":"https:\/\/www.icscoolenergy.com\/de\/wp-json\/wp\/v2\/types\/product"}],"replies":[{"embeddable":true,"href":"https:\/\/www.icscoolenergy.com\/de\/wp-json\/wp\/v2\/comments?post=94415"}],"wp:featuredmedia":[{"embeddable":true,"href":"https:\/\/www.icscoolenergy.com\/de\/wp-json\/wp\/v2\/media\/92194"}],"wp:attachment":[{"href":"https:\/\/www.icscoolenergy.com\/de\/wp-json\/wp\/v2\/media?parent=94415"}],"wp:term":[{"taxonomy":"product_brand","embeddable":true,"href":"https:\/\/www.icscoolenergy.com\/de\/wp-json\/wp\/v2\/product_brand?post=94415"},{"taxonomy":"product_cat","embeddable":true,"href":"https:\/\/www.icscoolenergy.com\/de\/wp-json\/wp\/v2\/product_cat?post=94415"},{"taxonomy":"product_tag","embeddable":true,"href":"https:\/\/www.icscoolenergy.com\/de\/wp-json\/wp\/v2\/product_tag?post=94415"}],"curies":[{"name":"wp","href":"https:\/\/api.w.org\/{rel}","templated":true}]}}