 
{"id":94441,"date":"2024-04-17T13:33:25","date_gmt":"2024-04-17T13:33:25","guid":{"rendered":"https:\/\/www.icscoolenergy.com\/de\/unkategorisiert\/kuehler-600-he\/"},"modified":"2024-10-23T15:32:15","modified_gmt":"2024-10-23T15:32:15","slug":"kuehler-600-he","status":"publish","type":"product","link":"https:\/\/www.icscoolenergy.com\/de\/product\/kuehler-600-he\/","title":{"rendered":"KWS 600 HE"},"content":{"rendered":"<p>Unser Chiller 600 ist mit den neuesten energiesparenden Schraubenkompressoren (2) ausgestattet und bietet einen breiten Temperaturbereich von -12\u00b0C bis 20\u00b0C Wasseraustrittstemperatur und eine Leistungsregelung von %-100%.<\/p>\n<p>Die K\u00e4ltemaschine ist vollst\u00e4ndig F-Gas-zertifiziert und bietet das K\u00e4ltemittel R513a mit niedrigem GWP-Wert. Sie wird nach den neuesten Umweltkontrollen gem\u00e4\u00df ISO14001 hergestellt.<\/p>\n","protected":false},"excerpt":{"rendered":"<p>Unser Chiller 600 ist mit den neuesten energiesparenden Schraubenkompressoren (2) ausgestattet und bietet einen breiten Temperaturbereich von -12\u00b0C bis 20\u00b0C Wasseraustrittstemperatur und eine Leistungsregelung von %-100%. Die K\u00e4ltemaschine ist vollst\u00e4ndig F-Gas-zertifiziert und bietet das K\u00e4ltemittel R513a mit niedrigem GWP-Wert. Sie wird nach den neuesten Umweltkontrollen gem\u00e4\u00df ISO14001 hergestellt.<\/p>\n","protected":false},"featured_media":92035,"comment_status":"closed","ping_status":"closed","template":"","meta":{"_acf_changed":false,"inline_featured_image":false,"_editorskit_title_hidden":false,"_editorskit_reading_time":0,"_editorskit_is_block_options_detached":false,"_editorskit_block_options_position":"{}","editor_plus_copied_stylings":"{}"},"product_brand":[],"product_cat":[976,2549,2475],"product_tag":[],"class_list":{"0":"post-94441","1":"product","2":"type-product","3":"status-publish","4":"has-post-thumbnail","6":"product_cat-notfall-kuhler-mieten","7":"product_cat-kaltwassersatz-mieten","8":"product_cat-prozesskuehler-mieten","10":"first","11":"instock","12":"shipping-taxable","13":"product-type-simple"},"acf":[],"yoast_head":"<!-- This site is optimized with the Yoast SEO Premium plugin v24.5 (Yoast SEO v26.9) - https:\/\/yoast.com\/product\/yoast-seo-premium-wordpress\/ -->\n<title>KWS 600 HE | ICS Cool Energy<\/title>\n<meta name=\"robots\" content=\"noindex, follow\" \/>\n<meta property=\"og:locale\" content=\"de_DE\" \/>\n<meta property=\"og:type\" content=\"article\" \/>\n<meta property=\"og:title\" content=\"KWS 600 HE\" \/>\n<meta property=\"og:description\" content=\"Unser Chiller 600 ist mit den neuesten energiesparenden Schraubenkompressoren (2) ausgestattet und bietet einen breiten Temperaturbereich von -12\u00b0C bis 20\u00b0C Wasseraustrittstemperatur und eine Leistungsregelung von %-100%. Die K\u00e4ltemaschine ist vollst\u00e4ndig F-Gas-zertifiziert und bietet das K\u00e4ltemittel R513a mit niedrigem GWP-Wert. Sie wird nach den neuesten Umweltkontrollen gem\u00e4\u00df ISO14001 hergestellt.\" \/>\n<meta property=\"og:url\" content=\"https:\/\/www.icscoolenergy.com\/de\/product\/kuehler-600-he\/\" \/>\n<meta property=\"og:site_name\" content=\"German\" \/>\n<meta property=\"article:modified_time\" content=\"2024-10-23T15:32:15+00:00\" \/>\n<meta property=\"og:image\" content=\"https:\/\/www.icscoolenergy.com\/wp-content\/uploads\/sites\/4\/2024\/04\/Chiller-600-HE.png\" \/>\n\t<meta property=\"og:image:width\" content=\"560\" \/>\n\t<meta property=\"og:image:height\" content=\"420\" \/>\n\t<meta property=\"og:image:type\" content=\"image\/png\" \/>\n<meta name=\"twitter:card\" content=\"summary_large_image\" \/>\n<meta name=\"twitter:label1\" content=\"Est. reading time\" \/>\n\t<meta name=\"twitter:data1\" content=\"1 Minute\" \/>\n<script type=\"application\/ld+json\" class=\"yoast-schema-graph\">{\"@context\":\"https:\/\/schema.org\",\"@graph\":[{\"@type\":\"WebPage\",\"@id\":\"https:\/\/www.icscoolenergy.com\/de\/product\/kuehler-600-he\/\",\"url\":\"https:\/\/www.icscoolenergy.com\/de\/product\/kuehler-600-he\/\",\"name\":\"KWS 600 HE | ICS Cool Energy\",\"isPartOf\":{\"@id\":\"https:\/\/www.icscoolenergy.com\/de\/#website\"},\"primaryImageOfPage\":{\"@id\":\"https:\/\/www.icscoolenergy.com\/de\/product\/kuehler-600-he\/#primaryimage\"},\"image\":{\"@id\":\"https:\/\/www.icscoolenergy.com\/de\/product\/kuehler-600-he\/#primaryimage\"},\"thumbnailUrl\":\"https:\/\/www.icscoolenergy.com\/wp-content\/uploads\/sites\/4\/2024\/04\/Chiller-600-HE.png\",\"datePublished\":\"2024-04-17T13:33:25+00:00\",\"dateModified\":\"2024-10-23T15:32:15+00:00\",\"breadcrumb\":{\"@id\":\"https:\/\/www.icscoolenergy.com\/de\/product\/kuehler-600-he\/#breadcrumb\"},\"inLanguage\":\"de-DE\",\"potentialAction\":[{\"@type\":\"ReadAction\",\"target\":[\"https:\/\/www.icscoolenergy.com\/de\/product\/kuehler-600-he\/\"]}]},{\"@type\":\"ImageObject\",\"inLanguage\":\"de-DE\",\"@id\":\"https:\/\/www.icscoolenergy.com\/de\/product\/kuehler-600-he\/#primaryimage\",\"url\":\"https:\/\/www.icscoolenergy.com\/wp-content\/uploads\/sites\/4\/2024\/04\/Chiller-600-HE.png\",\"contentUrl\":\"https:\/\/www.icscoolenergy.com\/wp-content\/uploads\/sites\/4\/2024\/04\/Chiller-600-HE.png\",\"width\":560,\"height\":420,\"caption\":\"K\u00fchler 600 HE\"},{\"@type\":\"BreadcrumbList\",\"@id\":\"https:\/\/www.icscoolenergy.com\/de\/product\/kuehler-600-he\/#breadcrumb\",\"itemListElement\":[{\"@type\":\"ListItem\",\"position\":1,\"name\":\"Home\",\"item\":\"https:\/\/www.icscoolenergy.com\/de\/\"},{\"@type\":\"ListItem\",\"position\":2,\"name\":\"Shop\",\"item\":\"https:\/\/www.icscoolenergy.com\/de\/shop\/\"},{\"@type\":\"ListItem\",\"position\":3,\"name\":\"KWS 600 HE\"}]},{\"@type\":\"WebSite\",\"@id\":\"https:\/\/www.icscoolenergy.com\/de\/#website\",\"url\":\"https:\/\/www.icscoolenergy.com\/de\/\",\"name\":\"ICS Cool Energy\",\"description\":\"The Process Temperature Control Specialists\",\"publisher\":{\"@id\":\"https:\/\/www.icscoolenergy.com\/de\/#organization\"},\"potentialAction\":[{\"@type\":\"SearchAction\",\"target\":{\"@type\":\"EntryPoint\",\"urlTemplate\":\"https:\/\/www.icscoolenergy.com\/de\/?s={search_term_string}\"},\"query-input\":{\"@type\":\"PropertyValueSpecification\",\"valueRequired\":true,\"valueName\":\"search_term_string\"}}],\"inLanguage\":\"de-DE\"},{\"@type\":\"Organization\",\"@id\":\"https:\/\/www.icscoolenergy.com\/de\/#organization\",\"name\":\"ICS Cool Energy\",\"url\":\"https:\/\/www.icscoolenergy.com\/de\/\",\"logo\":{\"@type\":\"ImageObject\",\"inLanguage\":\"de-DE\",\"@id\":\"https:\/\/www.icscoolenergy.com\/de\/#\/schema\/logo\/image\/\",\"url\":\"https:\/\/www.icscoolenergy.com\/wp-content\/uploads\/sites\/4\/2024\/01\/ics-cool-energy-logo.svg\",\"contentUrl\":\"https:\/\/www.icscoolenergy.com\/wp-content\/uploads\/sites\/4\/2024\/01\/ics-cool-energy-logo.svg\",\"caption\":\"ICS Cool Energy\"},\"image\":{\"@id\":\"https:\/\/www.icscoolenergy.com\/de\/#\/schema\/logo\/image\/\"},\"sameAs\":[\"https:\/\/www.linkedin.com\/company\/ics-temperature-control\/\",\"https:\/\/www.youtube.com\/@ICSCoolEnergyLtd\"]}]}<\/script>\n<!-- \/ Yoast SEO Premium plugin. -->","yoast_head_json":{"title":"KWS 600 HE | ICS Cool Energy","robots":{"index":"noindex","follow":"follow"},"og_locale":"de_DE","og_type":"article","og_title":"KWS 600 HE","og_description":"Unser Chiller 600 ist mit den neuesten energiesparenden Schraubenkompressoren (2) ausgestattet und bietet einen breiten Temperaturbereich von -12\u00b0C bis 20\u00b0C Wasseraustrittstemperatur und eine Leistungsregelung von %-100%. Die K\u00e4ltemaschine ist vollst\u00e4ndig F-Gas-zertifiziert und bietet das K\u00e4ltemittel R513a mit niedrigem GWP-Wert. Sie wird nach den neuesten Umweltkontrollen gem\u00e4\u00df ISO14001 hergestellt.","og_url":"https:\/\/www.icscoolenergy.com\/de\/product\/kuehler-600-he\/","og_site_name":"German","article_modified_time":"2024-10-23T15:32:15+00:00","og_image":[{"width":560,"height":420,"url":"https:\/\/www.icscoolenergy.com\/wp-content\/uploads\/sites\/4\/2024\/04\/Chiller-600-HE.png","type":"image\/png"}],"twitter_card":"summary_large_image","twitter_misc":{"Est. reading time":"1 Minute"},"schema":{"@context":"https:\/\/schema.org","@graph":[{"@type":"WebPage","@id":"https:\/\/www.icscoolenergy.com\/de\/product\/kuehler-600-he\/","url":"https:\/\/www.icscoolenergy.com\/de\/product\/kuehler-600-he\/","name":"KWS 600 HE | ICS Cool Energy","isPartOf":{"@id":"https:\/\/www.icscoolenergy.com\/de\/#website"},"primaryImageOfPage":{"@id":"https:\/\/www.icscoolenergy.com\/de\/product\/kuehler-600-he\/#primaryimage"},"image":{"@id":"https:\/\/www.icscoolenergy.com\/de\/product\/kuehler-600-he\/#primaryimage"},"thumbnailUrl":"https:\/\/www.icscoolenergy.com\/wp-content\/uploads\/sites\/4\/2024\/04\/Chiller-600-HE.png","datePublished":"2024-04-17T13:33:25+00:00","dateModified":"2024-10-23T15:32:15+00:00","breadcrumb":{"@id":"https:\/\/www.icscoolenergy.com\/de\/product\/kuehler-600-he\/#breadcrumb"},"inLanguage":"de-DE","potentialAction":[{"@type":"ReadAction","target":["https:\/\/www.icscoolenergy.com\/de\/product\/kuehler-600-he\/"]}]},{"@type":"ImageObject","inLanguage":"de-DE","@id":"https:\/\/www.icscoolenergy.com\/de\/product\/kuehler-600-he\/#primaryimage","url":"https:\/\/www.icscoolenergy.com\/wp-content\/uploads\/sites\/4\/2024\/04\/Chiller-600-HE.png","contentUrl":"https:\/\/www.icscoolenergy.com\/wp-content\/uploads\/sites\/4\/2024\/04\/Chiller-600-HE.png","width":560,"height":420,"caption":"K\u00fchler 600 HE"},{"@type":"BreadcrumbList","@id":"https:\/\/www.icscoolenergy.com\/de\/product\/kuehler-600-he\/#breadcrumb","itemListElement":[{"@type":"ListItem","position":1,"name":"Home","item":"https:\/\/www.icscoolenergy.com\/de\/"},{"@type":"ListItem","position":2,"name":"Shop","item":"https:\/\/www.icscoolenergy.com\/de\/shop\/"},{"@type":"ListItem","position":3,"name":"KWS 600 HE"}]},{"@type":"WebSite","@id":"https:\/\/www.icscoolenergy.com\/de\/#website","url":"https:\/\/www.icscoolenergy.com\/de\/","name":"ICS Cool Energy","description":"The Process Temperature Control Specialists","publisher":{"@id":"https:\/\/www.icscoolenergy.com\/de\/#organization"},"potentialAction":[{"@type":"SearchAction","target":{"@type":"EntryPoint","urlTemplate":"https:\/\/www.icscoolenergy.com\/de\/?s={search_term_string}"},"query-input":{"@type":"PropertyValueSpecification","valueRequired":true,"valueName":"search_term_string"}}],"inLanguage":"de-DE"},{"@type":"Organization","@id":"https:\/\/www.icscoolenergy.com\/de\/#organization","name":"ICS Cool Energy","url":"https:\/\/www.icscoolenergy.com\/de\/","logo":{"@type":"ImageObject","inLanguage":"de-DE","@id":"https:\/\/www.icscoolenergy.com\/de\/#\/schema\/logo\/image\/","url":"https:\/\/www.icscoolenergy.com\/wp-content\/uploads\/sites\/4\/2024\/01\/ics-cool-energy-logo.svg","contentUrl":"https:\/\/www.icscoolenergy.com\/wp-content\/uploads\/sites\/4\/2024\/01\/ics-cool-energy-logo.svg","caption":"ICS Cool Energy"},"image":{"@id":"https:\/\/www.icscoolenergy.com\/de\/#\/schema\/logo\/image\/"},"sameAs":["https:\/\/www.linkedin.com\/company\/ics-temperature-control\/","https:\/\/www.youtube.com\/@ICSCoolEnergyLtd"]}]}},"_links":{"self":[{"href":"https:\/\/www.icscoolenergy.com\/de\/wp-json\/wp\/v2\/product\/94441","targetHints":{"allow":["GET"]}}],"collection":[{"href":"https:\/\/www.icscoolenergy.com\/de\/wp-json\/wp\/v2\/product"}],"about":[{"href":"https:\/\/www.icscoolenergy.com\/de\/wp-json\/wp\/v2\/types\/product"}],"replies":[{"embeddable":true,"href":"https:\/\/www.icscoolenergy.com\/de\/wp-json\/wp\/v2\/comments?post=94441"}],"wp:featuredmedia":[{"embeddable":true,"href":"https:\/\/www.icscoolenergy.com\/de\/wp-json\/wp\/v2\/media\/92035"}],"wp:attachment":[{"href":"https:\/\/www.icscoolenergy.com\/de\/wp-json\/wp\/v2\/media?parent=94441"}],"wp:term":[{"taxonomy":"product_brand","embeddable":true,"href":"https:\/\/www.icscoolenergy.com\/de\/wp-json\/wp\/v2\/product_brand?post=94441"},{"taxonomy":"product_cat","embeddable":true,"href":"https:\/\/www.icscoolenergy.com\/de\/wp-json\/wp\/v2\/product_cat?post=94441"},{"taxonomy":"product_tag","embeddable":true,"href":"https:\/\/www.icscoolenergy.com\/de\/wp-json\/wp\/v2\/product_tag?post=94441"}],"curies":[{"name":"wp","href":"https:\/\/api.w.org\/{rel}","templated":true}]}}