 
{"id":94447,"date":"2024-04-17T10:24:43","date_gmt":"2024-04-17T10:24:43","guid":{"rendered":"https:\/\/www.icscoolenergy.com\/de\/unkategorisiert\/kuehler-300\/"},"modified":"2025-05-14T12:37:08","modified_gmt":"2025-05-14T12:37:08","slug":"kuehler-300","status":"publish","type":"product","link":"https:\/\/www.icscoolenergy.com\/de\/product\/kuehler-300\/","title":{"rendered":"KWS 300"},"content":{"rendered":"<p>Unser Kaltwassersatz mit 300 KW Leistung ist mit den neuesten energiesparenden Bitzer-Schraubenverdichtern (2) ausgestattet und bietet einen weiten Temperaturbereich von -10\u00b0C bis 15\u00b0C Wasseraustrittstemperatur und eine Leistungsregelung von 25% bis 100%.<\/p>\n<p>Diese 300-kW-K\u00e4ltemaschine bietet das ozonabbauende FKW-K\u00e4ltemittel R134a und wird nach den neuesten Umweltvorschriften der ISO14001 hergestellt. Mit seinem ger\u00e4uscharmen Betrieb (55 dB(A)) und seiner kompakten Stellfl\u00e4che ist der Chiller 300 derzeit der kleinste in Gro\u00dfbritannien erh\u00e4ltliche Kaltwassersatz\/kW.<\/p>\n","protected":false},"excerpt":{"rendered":"<p>Unser Kaltwassersatz mit 300 KW Leistung ist mit den neuesten energiesparenden Bitzer-Schraubenverdichtern (2) ausgestattet und bietet einen weiten Temperaturbereich von -10\u00b0C bis 15\u00b0C Wasseraustrittstemperatur und eine Leistungsregelung von 25% bis 100%. Diese 300-kW-K\u00e4ltemaschine bietet das ozonabbauende FKW-K\u00e4ltemittel R134a und wird nach den neuesten Umweltvorschriften der ISO14001 hergestellt. Mit seinem ger\u00e4uscharmen Betrieb (55 dB(A)) und seiner &#8230; <a title=\"KWS 300\" class=\"read-more\" href=\"https:\/\/www.icscoolenergy.com\/de\/product\/kuehler-300\/\" aria-label=\"More on KWS 300\">Weiterlesen<\/a><\/p>\n","protected":false},"featured_media":91955,"comment_status":"closed","ping_status":"closed","template":"","meta":{"_acf_changed":false,"inline_featured_image":false,"_editorskit_title_hidden":false,"_editorskit_reading_time":0,"_editorskit_is_block_options_detached":false,"_editorskit_block_options_position":"{}","editor_plus_copied_stylings":"{}"},"product_brand":[],"product_cat":[2549,3109,2475],"product_tag":[],"class_list":{"0":"post-94447","1":"product","2":"type-product","3":"status-publish","4":"has-post-thumbnail","6":"product_cat-kaltwassersatz-mieten","7":"product_cat-kuehlung-fuer-rechenzentren","8":"product_cat-prozesskuehler-mieten","10":"first","11":"instock","12":"shipping-taxable","13":"product-type-simple"},"acf":[],"yoast_head":"<!-- This site is optimized with the Yoast SEO Premium plugin v24.5 (Yoast SEO v26.9) - https:\/\/yoast.com\/product\/yoast-seo-premium-wordpress\/ -->\n<title>KWS 300 | ICS Cool Energy<\/title>\n<meta name=\"robots\" content=\"noindex, follow\" \/>\n<meta property=\"og:locale\" content=\"de_DE\" \/>\n<meta property=\"og:type\" content=\"article\" \/>\n<meta property=\"og:title\" content=\"KWS 300\" \/>\n<meta property=\"og:description\" content=\"Unser Kaltwassersatz mit 300 KW Leistung ist mit den neuesten energiesparenden Bitzer-Schraubenverdichtern (2) ausgestattet und bietet einen weiten Temperaturbereich von -10\u00b0C bis 15\u00b0C Wasseraustrittstemperatur und eine Leistungsregelung von 25% bis 100%. Diese 300-kW-K\u00e4ltemaschine bietet das ozonabbauende FKW-K\u00e4ltemittel R134a und wird nach den neuesten Umweltvorschriften der ISO14001 hergestellt. Mit seinem ger\u00e4uscharmen Betrieb (55 dB(A)) und seiner ... Weiterlesen\" \/>\n<meta property=\"og:url\" content=\"https:\/\/www.icscoolenergy.com\/de\/product\/kuehler-300\/\" \/>\n<meta property=\"og:site_name\" content=\"German\" \/>\n<meta property=\"article:modified_time\" content=\"2025-05-14T12:37:08+00:00\" \/>\n<meta property=\"og:image\" content=\"https:\/\/www.icscoolenergy.com\/wp-content\/uploads\/sites\/4\/2024\/04\/Chiller-300.png\" \/>\n\t<meta property=\"og:image:width\" content=\"560\" \/>\n\t<meta property=\"og:image:height\" content=\"420\" \/>\n\t<meta property=\"og:image:type\" content=\"image\/png\" \/>\n<meta name=\"twitter:card\" content=\"summary_large_image\" \/>\n<meta name=\"twitter:label1\" content=\"Est. reading time\" \/>\n\t<meta name=\"twitter:data1\" content=\"1 Minute\" \/>\n<script type=\"application\/ld+json\" class=\"yoast-schema-graph\">{\"@context\":\"https:\/\/schema.org\",\"@graph\":[{\"@type\":\"WebPage\",\"@id\":\"https:\/\/www.icscoolenergy.com\/de\/product\/kuehler-300\/\",\"url\":\"https:\/\/www.icscoolenergy.com\/de\/product\/kuehler-300\/\",\"name\":\"KWS 300 | ICS Cool Energy\",\"isPartOf\":{\"@id\":\"https:\/\/www.icscoolenergy.com\/de\/#website\"},\"primaryImageOfPage\":{\"@id\":\"https:\/\/www.icscoolenergy.com\/de\/product\/kuehler-300\/#primaryimage\"},\"image\":{\"@id\":\"https:\/\/www.icscoolenergy.com\/de\/product\/kuehler-300\/#primaryimage\"},\"thumbnailUrl\":\"https:\/\/www.icscoolenergy.com\/wp-content\/uploads\/sites\/4\/2024\/04\/Chiller-300.png\",\"datePublished\":\"2024-04-17T10:24:43+00:00\",\"dateModified\":\"2025-05-14T12:37:08+00:00\",\"breadcrumb\":{\"@id\":\"https:\/\/www.icscoolenergy.com\/de\/product\/kuehler-300\/#breadcrumb\"},\"inLanguage\":\"de-DE\",\"potentialAction\":[{\"@type\":\"ReadAction\",\"target\":[\"https:\/\/www.icscoolenergy.com\/de\/product\/kuehler-300\/\"]}]},{\"@type\":\"ImageObject\",\"inLanguage\":\"de-DE\",\"@id\":\"https:\/\/www.icscoolenergy.com\/de\/product\/kuehler-300\/#primaryimage\",\"url\":\"https:\/\/www.icscoolenergy.com\/wp-content\/uploads\/sites\/4\/2024\/04\/Chiller-300.png\",\"contentUrl\":\"https:\/\/www.icscoolenergy.com\/wp-content\/uploads\/sites\/4\/2024\/04\/Chiller-300.png\",\"width\":560,\"height\":420,\"caption\":\"K\u00fchler 300\"},{\"@type\":\"BreadcrumbList\",\"@id\":\"https:\/\/www.icscoolenergy.com\/de\/product\/kuehler-300\/#breadcrumb\",\"itemListElement\":[{\"@type\":\"ListItem\",\"position\":1,\"name\":\"Home\",\"item\":\"https:\/\/www.icscoolenergy.com\/de\/\"},{\"@type\":\"ListItem\",\"position\":2,\"name\":\"Shop\",\"item\":\"https:\/\/www.icscoolenergy.com\/de\/shop\/\"},{\"@type\":\"ListItem\",\"position\":3,\"name\":\"KWS 300\"}]},{\"@type\":\"WebSite\",\"@id\":\"https:\/\/www.icscoolenergy.com\/de\/#website\",\"url\":\"https:\/\/www.icscoolenergy.com\/de\/\",\"name\":\"ICS Cool Energy\",\"description\":\"The Process Temperature Control Specialists\",\"publisher\":{\"@id\":\"https:\/\/www.icscoolenergy.com\/de\/#organization\"},\"potentialAction\":[{\"@type\":\"SearchAction\",\"target\":{\"@type\":\"EntryPoint\",\"urlTemplate\":\"https:\/\/www.icscoolenergy.com\/de\/?s={search_term_string}\"},\"query-input\":{\"@type\":\"PropertyValueSpecification\",\"valueRequired\":true,\"valueName\":\"search_term_string\"}}],\"inLanguage\":\"de-DE\"},{\"@type\":\"Organization\",\"@id\":\"https:\/\/www.icscoolenergy.com\/de\/#organization\",\"name\":\"ICS Cool Energy\",\"url\":\"https:\/\/www.icscoolenergy.com\/de\/\",\"logo\":{\"@type\":\"ImageObject\",\"inLanguage\":\"de-DE\",\"@id\":\"https:\/\/www.icscoolenergy.com\/de\/#\/schema\/logo\/image\/\",\"url\":\"https:\/\/www.icscoolenergy.com\/wp-content\/uploads\/sites\/4\/2024\/01\/ics-cool-energy-logo.svg\",\"contentUrl\":\"https:\/\/www.icscoolenergy.com\/wp-content\/uploads\/sites\/4\/2024\/01\/ics-cool-energy-logo.svg\",\"caption\":\"ICS Cool Energy\"},\"image\":{\"@id\":\"https:\/\/www.icscoolenergy.com\/de\/#\/schema\/logo\/image\/\"},\"sameAs\":[\"https:\/\/www.linkedin.com\/company\/ics-temperature-control\/\",\"https:\/\/www.youtube.com\/@ICSCoolEnergyLtd\"]}]}<\/script>\n<!-- \/ Yoast SEO Premium plugin. -->","yoast_head_json":{"title":"KWS 300 | ICS Cool Energy","robots":{"index":"noindex","follow":"follow"},"og_locale":"de_DE","og_type":"article","og_title":"KWS 300","og_description":"Unser Kaltwassersatz mit 300 KW Leistung ist mit den neuesten energiesparenden Bitzer-Schraubenverdichtern (2) ausgestattet und bietet einen weiten Temperaturbereich von -10\u00b0C bis 15\u00b0C Wasseraustrittstemperatur und eine Leistungsregelung von 25% bis 100%. Diese 300-kW-K\u00e4ltemaschine bietet das ozonabbauende FKW-K\u00e4ltemittel R134a und wird nach den neuesten Umweltvorschriften der ISO14001 hergestellt. Mit seinem ger\u00e4uscharmen Betrieb (55 dB(A)) und seiner ... Weiterlesen","og_url":"https:\/\/www.icscoolenergy.com\/de\/product\/kuehler-300\/","og_site_name":"German","article_modified_time":"2025-05-14T12:37:08+00:00","og_image":[{"width":560,"height":420,"url":"https:\/\/www.icscoolenergy.com\/wp-content\/uploads\/sites\/4\/2024\/04\/Chiller-300.png","type":"image\/png"}],"twitter_card":"summary_large_image","twitter_misc":{"Est. reading time":"1 Minute"},"schema":{"@context":"https:\/\/schema.org","@graph":[{"@type":"WebPage","@id":"https:\/\/www.icscoolenergy.com\/de\/product\/kuehler-300\/","url":"https:\/\/www.icscoolenergy.com\/de\/product\/kuehler-300\/","name":"KWS 300 | ICS Cool Energy","isPartOf":{"@id":"https:\/\/www.icscoolenergy.com\/de\/#website"},"primaryImageOfPage":{"@id":"https:\/\/www.icscoolenergy.com\/de\/product\/kuehler-300\/#primaryimage"},"image":{"@id":"https:\/\/www.icscoolenergy.com\/de\/product\/kuehler-300\/#primaryimage"},"thumbnailUrl":"https:\/\/www.icscoolenergy.com\/wp-content\/uploads\/sites\/4\/2024\/04\/Chiller-300.png","datePublished":"2024-04-17T10:24:43+00:00","dateModified":"2025-05-14T12:37:08+00:00","breadcrumb":{"@id":"https:\/\/www.icscoolenergy.com\/de\/product\/kuehler-300\/#breadcrumb"},"inLanguage":"de-DE","potentialAction":[{"@type":"ReadAction","target":["https:\/\/www.icscoolenergy.com\/de\/product\/kuehler-300\/"]}]},{"@type":"ImageObject","inLanguage":"de-DE","@id":"https:\/\/www.icscoolenergy.com\/de\/product\/kuehler-300\/#primaryimage","url":"https:\/\/www.icscoolenergy.com\/wp-content\/uploads\/sites\/4\/2024\/04\/Chiller-300.png","contentUrl":"https:\/\/www.icscoolenergy.com\/wp-content\/uploads\/sites\/4\/2024\/04\/Chiller-300.png","width":560,"height":420,"caption":"K\u00fchler 300"},{"@type":"BreadcrumbList","@id":"https:\/\/www.icscoolenergy.com\/de\/product\/kuehler-300\/#breadcrumb","itemListElement":[{"@type":"ListItem","position":1,"name":"Home","item":"https:\/\/www.icscoolenergy.com\/de\/"},{"@type":"ListItem","position":2,"name":"Shop","item":"https:\/\/www.icscoolenergy.com\/de\/shop\/"},{"@type":"ListItem","position":3,"name":"KWS 300"}]},{"@type":"WebSite","@id":"https:\/\/www.icscoolenergy.com\/de\/#website","url":"https:\/\/www.icscoolenergy.com\/de\/","name":"ICS Cool Energy","description":"The Process Temperature Control Specialists","publisher":{"@id":"https:\/\/www.icscoolenergy.com\/de\/#organization"},"potentialAction":[{"@type":"SearchAction","target":{"@type":"EntryPoint","urlTemplate":"https:\/\/www.icscoolenergy.com\/de\/?s={search_term_string}"},"query-input":{"@type":"PropertyValueSpecification","valueRequired":true,"valueName":"search_term_string"}}],"inLanguage":"de-DE"},{"@type":"Organization","@id":"https:\/\/www.icscoolenergy.com\/de\/#organization","name":"ICS Cool Energy","url":"https:\/\/www.icscoolenergy.com\/de\/","logo":{"@type":"ImageObject","inLanguage":"de-DE","@id":"https:\/\/www.icscoolenergy.com\/de\/#\/schema\/logo\/image\/","url":"https:\/\/www.icscoolenergy.com\/wp-content\/uploads\/sites\/4\/2024\/01\/ics-cool-energy-logo.svg","contentUrl":"https:\/\/www.icscoolenergy.com\/wp-content\/uploads\/sites\/4\/2024\/01\/ics-cool-energy-logo.svg","caption":"ICS Cool Energy"},"image":{"@id":"https:\/\/www.icscoolenergy.com\/de\/#\/schema\/logo\/image\/"},"sameAs":["https:\/\/www.linkedin.com\/company\/ics-temperature-control\/","https:\/\/www.youtube.com\/@ICSCoolEnergyLtd"]}]}},"_links":{"self":[{"href":"https:\/\/www.icscoolenergy.com\/de\/wp-json\/wp\/v2\/product\/94447","targetHints":{"allow":["GET"]}}],"collection":[{"href":"https:\/\/www.icscoolenergy.com\/de\/wp-json\/wp\/v2\/product"}],"about":[{"href":"https:\/\/www.icscoolenergy.com\/de\/wp-json\/wp\/v2\/types\/product"}],"replies":[{"embeddable":true,"href":"https:\/\/www.icscoolenergy.com\/de\/wp-json\/wp\/v2\/comments?post=94447"}],"wp:featuredmedia":[{"embeddable":true,"href":"https:\/\/www.icscoolenergy.com\/de\/wp-json\/wp\/v2\/media\/91955"}],"wp:attachment":[{"href":"https:\/\/www.icscoolenergy.com\/de\/wp-json\/wp\/v2\/media?parent=94447"}],"wp:term":[{"taxonomy":"product_brand","embeddable":true,"href":"https:\/\/www.icscoolenergy.com\/de\/wp-json\/wp\/v2\/product_brand?post=94447"},{"taxonomy":"product_cat","embeddable":true,"href":"https:\/\/www.icscoolenergy.com\/de\/wp-json\/wp\/v2\/product_cat?post=94447"},{"taxonomy":"product_tag","embeddable":true,"href":"https:\/\/www.icscoolenergy.com\/de\/wp-json\/wp\/v2\/product_tag?post=94447"}],"curies":[{"name":"wp","href":"https:\/\/api.w.org\/{rel}","templated":true}]}}