 
{"id":94451,"date":"2024-04-19T08:27:51","date_gmt":"2024-04-19T08:27:51","guid":{"rendered":"https:\/\/www.icscoolenergy.com\/de\/unkategorisiert\/air-handler-350\/"},"modified":"2025-05-14T12:30:18","modified_gmt":"2025-05-14T12:30:18","slug":"air-handler-350","status":"publish","type":"product","link":"https:\/\/www.icscoolenergy.com\/de\/product\/air-handler-350\/","title":{"rendered":"AHU 350"},"content":{"rendered":"<p>Unser 350er Ger\u00e4t ist ein flexibles Einzelgebl\u00e4se, das einen Luftstrom von 40.000 m3\/Std. bietet.<\/p>\n<p>Das Ger\u00e4t ben\u00f6tigt eine Wasserquelle f\u00fcr die integrierte Spule und verf\u00fcgt \u00fcber schnell l\u00f6sbare Wasseranschl\u00fcsse sowie einen 63 Ampere 3-Phasen-Stromanschluss.<\/p>\n<p>Dieses 350 kW starke Klimager\u00e4t kann im Innen- oder Au\u00dfenbereich aufgestellt werden und verf\u00fcgt \u00fcber 5 x 500 mm (20&#8243;) Anschlussstutzen zum freien Ausblasen von K\u00fchlluft oder zum Anschluss flexibler Luftkan\u00e4le.<\/p>\n<p>Das Ger\u00e4t kann mit einer Kondensatpumpe, kastenf\u00f6rmigen G4-Faltenfiltern (BS EN 779) und einer variablen (frequenzgesteuerten) L\u00fcfterdrehzahlregelung geliefert werden.<\/p>\n","protected":false},"excerpt":{"rendered":"<p>Unser 350er Ger\u00e4t ist ein flexibles Einzelgebl\u00e4se, das einen Luftstrom von 40.000 m3\/Std. bietet. Das Ger\u00e4t ben\u00f6tigt eine Wasserquelle f\u00fcr die integrierte Spule und verf\u00fcgt \u00fcber schnell l\u00f6sbare Wasseranschl\u00fcsse sowie einen 63 Ampere 3-Phasen-Stromanschluss. Dieses 350 kW starke Klimager\u00e4t kann im Innen- oder Au\u00dfenbereich aufgestellt werden und verf\u00fcgt \u00fcber 5 x 500 mm (20&#8243;) Anschlussstutzen &#8230; <a title=\"AHU 350\" class=\"read-more\" href=\"https:\/\/www.icscoolenergy.com\/de\/product\/air-handler-350\/\" aria-label=\"More on AHU 350\">Weiterlesen<\/a><\/p>\n","protected":false},"featured_media":92075,"comment_status":"closed","ping_status":"closed","template":"","meta":{"_acf_changed":false,"inline_featured_image":false,"_editorskit_title_hidden":false,"_editorskit_reading_time":0,"_editorskit_is_block_options_detached":false,"_editorskit_block_options_position":"{}","editor_plus_copied_stylings":"{}"},"product_brand":[],"product_cat":[980,986,2181,2735,3109,2282],"product_tag":[],"class_list":{"0":"post-94451","1":"product","2":"type-product","3":"status-publish","4":"has-post-thumbnail","6":"product_cat-freie-kuehlung","7":"product_cat-vermietung-von-klimageraten","8":"product_cat-bautrockner-mieten","9":"product_cat-freikuehler-mieten","10":"product_cat-kuehlung-fuer-rechenzentren","11":"product_cat-trocknungsgeraete-mieten","13":"first","14":"instock","15":"shipping-taxable","16":"product-type-simple"},"acf":[],"yoast_head":"<!-- This site is optimized with the Yoast SEO Premium plugin v24.5 (Yoast SEO v26.9) - https:\/\/yoast.com\/product\/yoast-seo-premium-wordpress\/ -->\n<title>AHU 350 | ICS Cool Energy<\/title>\n<meta name=\"robots\" content=\"noindex, follow\" \/>\n<meta property=\"og:locale\" content=\"de_DE\" \/>\n<meta property=\"og:type\" content=\"article\" \/>\n<meta property=\"og:title\" content=\"AHU 350\" \/>\n<meta property=\"og:description\" content=\"Unser 350er Ger\u00e4t ist ein flexibles Einzelgebl\u00e4se, das einen Luftstrom von 40.000 m3\/Std. bietet. Das Ger\u00e4t ben\u00f6tigt eine Wasserquelle f\u00fcr die integrierte Spule und verf\u00fcgt \u00fcber schnell l\u00f6sbare Wasseranschl\u00fcsse sowie einen 63 Ampere 3-Phasen-Stromanschluss. Dieses 350 kW starke Klimager\u00e4t kann im Innen- oder Au\u00dfenbereich aufgestellt werden und verf\u00fcgt \u00fcber 5 x 500 mm (20&#8243;) Anschlussstutzen ... Weiterlesen\" \/>\n<meta property=\"og:url\" content=\"https:\/\/www.icscoolenergy.com\/de\/product\/air-handler-350\/\" \/>\n<meta property=\"og:site_name\" content=\"German\" \/>\n<meta property=\"article:modified_time\" content=\"2025-05-14T12:30:18+00:00\" \/>\n<meta property=\"og:image\" content=\"https:\/\/www.icscoolenergy.com\/wp-content\/uploads\/sites\/4\/2024\/04\/AHU-350.png\" \/>\n\t<meta property=\"og:image:width\" content=\"560\" \/>\n\t<meta property=\"og:image:height\" content=\"420\" \/>\n\t<meta property=\"og:image:type\" content=\"image\/png\" \/>\n<meta name=\"twitter:card\" content=\"summary_large_image\" \/>\n<meta name=\"twitter:label1\" content=\"Est. reading time\" \/>\n\t<meta name=\"twitter:data1\" content=\"1 Minute\" \/>\n<script type=\"application\/ld+json\" class=\"yoast-schema-graph\">{\"@context\":\"https:\/\/schema.org\",\"@graph\":[{\"@type\":\"WebPage\",\"@id\":\"https:\/\/www.icscoolenergy.com\/de\/product\/air-handler-350\/\",\"url\":\"https:\/\/www.icscoolenergy.com\/de\/product\/air-handler-350\/\",\"name\":\"AHU 350 | ICS Cool Energy\",\"isPartOf\":{\"@id\":\"https:\/\/www.icscoolenergy.com\/de\/#website\"},\"primaryImageOfPage\":{\"@id\":\"https:\/\/www.icscoolenergy.com\/de\/product\/air-handler-350\/#primaryimage\"},\"image\":{\"@id\":\"https:\/\/www.icscoolenergy.com\/de\/product\/air-handler-350\/#primaryimage\"},\"thumbnailUrl\":\"https:\/\/www.icscoolenergy.com\/wp-content\/uploads\/sites\/4\/2024\/04\/AHU-350.png\",\"datePublished\":\"2024-04-19T08:27:51+00:00\",\"dateModified\":\"2025-05-14T12:30:18+00:00\",\"breadcrumb\":{\"@id\":\"https:\/\/www.icscoolenergy.com\/de\/product\/air-handler-350\/#breadcrumb\"},\"inLanguage\":\"de-DE\",\"potentialAction\":[{\"@type\":\"ReadAction\",\"target\":[\"https:\/\/www.icscoolenergy.com\/de\/product\/air-handler-350\/\"]}]},{\"@type\":\"ImageObject\",\"inLanguage\":\"de-DE\",\"@id\":\"https:\/\/www.icscoolenergy.com\/de\/product\/air-handler-350\/#primaryimage\",\"url\":\"https:\/\/www.icscoolenergy.com\/wp-content\/uploads\/sites\/4\/2024\/04\/AHU-350.png\",\"contentUrl\":\"https:\/\/www.icscoolenergy.com\/wp-content\/uploads\/sites\/4\/2024\/04\/AHU-350.png\",\"width\":560,\"height\":420,\"caption\":\"350 Luftreiniger\"},{\"@type\":\"BreadcrumbList\",\"@id\":\"https:\/\/www.icscoolenergy.com\/de\/product\/air-handler-350\/#breadcrumb\",\"itemListElement\":[{\"@type\":\"ListItem\",\"position\":1,\"name\":\"Home\",\"item\":\"https:\/\/www.icscoolenergy.com\/de\/\"},{\"@type\":\"ListItem\",\"position\":2,\"name\":\"Shop\",\"item\":\"https:\/\/www.icscoolenergy.com\/de\/shop\/\"},{\"@type\":\"ListItem\",\"position\":3,\"name\":\"AHU 350\"}]},{\"@type\":\"WebSite\",\"@id\":\"https:\/\/www.icscoolenergy.com\/de\/#website\",\"url\":\"https:\/\/www.icscoolenergy.com\/de\/\",\"name\":\"ICS Cool Energy\",\"description\":\"The Process Temperature Control Specialists\",\"publisher\":{\"@id\":\"https:\/\/www.icscoolenergy.com\/de\/#organization\"},\"potentialAction\":[{\"@type\":\"SearchAction\",\"target\":{\"@type\":\"EntryPoint\",\"urlTemplate\":\"https:\/\/www.icscoolenergy.com\/de\/?s={search_term_string}\"},\"query-input\":{\"@type\":\"PropertyValueSpecification\",\"valueRequired\":true,\"valueName\":\"search_term_string\"}}],\"inLanguage\":\"de-DE\"},{\"@type\":\"Organization\",\"@id\":\"https:\/\/www.icscoolenergy.com\/de\/#organization\",\"name\":\"ICS Cool Energy\",\"url\":\"https:\/\/www.icscoolenergy.com\/de\/\",\"logo\":{\"@type\":\"ImageObject\",\"inLanguage\":\"de-DE\",\"@id\":\"https:\/\/www.icscoolenergy.com\/de\/#\/schema\/logo\/image\/\",\"url\":\"https:\/\/www.icscoolenergy.com\/wp-content\/uploads\/sites\/4\/2024\/01\/ics-cool-energy-logo.svg\",\"contentUrl\":\"https:\/\/www.icscoolenergy.com\/wp-content\/uploads\/sites\/4\/2024\/01\/ics-cool-energy-logo.svg\",\"caption\":\"ICS Cool Energy\"},\"image\":{\"@id\":\"https:\/\/www.icscoolenergy.com\/de\/#\/schema\/logo\/image\/\"},\"sameAs\":[\"https:\/\/www.linkedin.com\/company\/ics-temperature-control\/\",\"https:\/\/www.youtube.com\/@ICSCoolEnergyLtd\"]}]}<\/script>\n<!-- \/ Yoast SEO Premium plugin. -->","yoast_head_json":{"title":"AHU 350 | ICS Cool Energy","robots":{"index":"noindex","follow":"follow"},"og_locale":"de_DE","og_type":"article","og_title":"AHU 350","og_description":"Unser 350er Ger\u00e4t ist ein flexibles Einzelgebl\u00e4se, das einen Luftstrom von 40.000 m3\/Std. bietet. Das Ger\u00e4t ben\u00f6tigt eine Wasserquelle f\u00fcr die integrierte Spule und verf\u00fcgt \u00fcber schnell l\u00f6sbare Wasseranschl\u00fcsse sowie einen 63 Ampere 3-Phasen-Stromanschluss. Dieses 350 kW starke Klimager\u00e4t kann im Innen- oder Au\u00dfenbereich aufgestellt werden und verf\u00fcgt \u00fcber 5 x 500 mm (20&#8243;) Anschlussstutzen ... Weiterlesen","og_url":"https:\/\/www.icscoolenergy.com\/de\/product\/air-handler-350\/","og_site_name":"German","article_modified_time":"2025-05-14T12:30:18+00:00","og_image":[{"width":560,"height":420,"url":"https:\/\/www.icscoolenergy.com\/wp-content\/uploads\/sites\/4\/2024\/04\/AHU-350.png","type":"image\/png"}],"twitter_card":"summary_large_image","twitter_misc":{"Est. reading time":"1 Minute"},"schema":{"@context":"https:\/\/schema.org","@graph":[{"@type":"WebPage","@id":"https:\/\/www.icscoolenergy.com\/de\/product\/air-handler-350\/","url":"https:\/\/www.icscoolenergy.com\/de\/product\/air-handler-350\/","name":"AHU 350 | ICS Cool Energy","isPartOf":{"@id":"https:\/\/www.icscoolenergy.com\/de\/#website"},"primaryImageOfPage":{"@id":"https:\/\/www.icscoolenergy.com\/de\/product\/air-handler-350\/#primaryimage"},"image":{"@id":"https:\/\/www.icscoolenergy.com\/de\/product\/air-handler-350\/#primaryimage"},"thumbnailUrl":"https:\/\/www.icscoolenergy.com\/wp-content\/uploads\/sites\/4\/2024\/04\/AHU-350.png","datePublished":"2024-04-19T08:27:51+00:00","dateModified":"2025-05-14T12:30:18+00:00","breadcrumb":{"@id":"https:\/\/www.icscoolenergy.com\/de\/product\/air-handler-350\/#breadcrumb"},"inLanguage":"de-DE","potentialAction":[{"@type":"ReadAction","target":["https:\/\/www.icscoolenergy.com\/de\/product\/air-handler-350\/"]}]},{"@type":"ImageObject","inLanguage":"de-DE","@id":"https:\/\/www.icscoolenergy.com\/de\/product\/air-handler-350\/#primaryimage","url":"https:\/\/www.icscoolenergy.com\/wp-content\/uploads\/sites\/4\/2024\/04\/AHU-350.png","contentUrl":"https:\/\/www.icscoolenergy.com\/wp-content\/uploads\/sites\/4\/2024\/04\/AHU-350.png","width":560,"height":420,"caption":"350 Luftreiniger"},{"@type":"BreadcrumbList","@id":"https:\/\/www.icscoolenergy.com\/de\/product\/air-handler-350\/#breadcrumb","itemListElement":[{"@type":"ListItem","position":1,"name":"Home","item":"https:\/\/www.icscoolenergy.com\/de\/"},{"@type":"ListItem","position":2,"name":"Shop","item":"https:\/\/www.icscoolenergy.com\/de\/shop\/"},{"@type":"ListItem","position":3,"name":"AHU 350"}]},{"@type":"WebSite","@id":"https:\/\/www.icscoolenergy.com\/de\/#website","url":"https:\/\/www.icscoolenergy.com\/de\/","name":"ICS Cool Energy","description":"The Process Temperature Control Specialists","publisher":{"@id":"https:\/\/www.icscoolenergy.com\/de\/#organization"},"potentialAction":[{"@type":"SearchAction","target":{"@type":"EntryPoint","urlTemplate":"https:\/\/www.icscoolenergy.com\/de\/?s={search_term_string}"},"query-input":{"@type":"PropertyValueSpecification","valueRequired":true,"valueName":"search_term_string"}}],"inLanguage":"de-DE"},{"@type":"Organization","@id":"https:\/\/www.icscoolenergy.com\/de\/#organization","name":"ICS Cool Energy","url":"https:\/\/www.icscoolenergy.com\/de\/","logo":{"@type":"ImageObject","inLanguage":"de-DE","@id":"https:\/\/www.icscoolenergy.com\/de\/#\/schema\/logo\/image\/","url":"https:\/\/www.icscoolenergy.com\/wp-content\/uploads\/sites\/4\/2024\/01\/ics-cool-energy-logo.svg","contentUrl":"https:\/\/www.icscoolenergy.com\/wp-content\/uploads\/sites\/4\/2024\/01\/ics-cool-energy-logo.svg","caption":"ICS Cool Energy"},"image":{"@id":"https:\/\/www.icscoolenergy.com\/de\/#\/schema\/logo\/image\/"},"sameAs":["https:\/\/www.linkedin.com\/company\/ics-temperature-control\/","https:\/\/www.youtube.com\/@ICSCoolEnergyLtd"]}]}},"_links":{"self":[{"href":"https:\/\/www.icscoolenergy.com\/de\/wp-json\/wp\/v2\/product\/94451","targetHints":{"allow":["GET"]}}],"collection":[{"href":"https:\/\/www.icscoolenergy.com\/de\/wp-json\/wp\/v2\/product"}],"about":[{"href":"https:\/\/www.icscoolenergy.com\/de\/wp-json\/wp\/v2\/types\/product"}],"replies":[{"embeddable":true,"href":"https:\/\/www.icscoolenergy.com\/de\/wp-json\/wp\/v2\/comments?post=94451"}],"wp:featuredmedia":[{"embeddable":true,"href":"https:\/\/www.icscoolenergy.com\/de\/wp-json\/wp\/v2\/media\/92075"}],"wp:attachment":[{"href":"https:\/\/www.icscoolenergy.com\/de\/wp-json\/wp\/v2\/media?parent=94451"}],"wp:term":[{"taxonomy":"product_brand","embeddable":true,"href":"https:\/\/www.icscoolenergy.com\/de\/wp-json\/wp\/v2\/product_brand?post=94451"},{"taxonomy":"product_cat","embeddable":true,"href":"https:\/\/www.icscoolenergy.com\/de\/wp-json\/wp\/v2\/product_cat?post=94451"},{"taxonomy":"product_tag","embeddable":true,"href":"https:\/\/www.icscoolenergy.com\/de\/wp-json\/wp\/v2\/product_tag?post=94451"}],"curies":[{"name":"wp","href":"https:\/\/api.w.org\/{rel}","templated":true}]}}