 
{"id":94459,"date":"2024-04-19T09:47:43","date_gmt":"2024-04-19T09:47:43","guid":{"rendered":"https:\/\/www.icscoolenergy.com\/de\/unkategorisiert\/i-chiller-prozess-max-e\/"},"modified":"2024-06-14T08:38:50","modified_gmt":"2024-06-14T08:38:50","slug":"i-chiller-prozess-max-e","status":"publish","type":"product","link":"https:\/\/www.icscoolenergy.com\/de\/product\/i-chiller-prozess-max-e\/","title":{"rendered":"i-Chiller Process Max e"},"content":{"rendered":"<p>i-Chiller Process Max-e ist ein Beispiel f\u00fcr ein zielgerichtetes Design, das f\u00fcr die Senkung der Betriebskosten unerl\u00e4sslich ist, ohne die Zuverl\u00e4ssigkeit und den Umweltschutz zu vernachl\u00e4ssigen.<\/p>\n<p>Mit einer vollst\u00e4ndig verpackten Konfiguration verf\u00fcgt diese K\u00e4ltemaschine standardm\u00e4\u00dfig \u00fcber einen internen Speichertank und eine Pumpe und bietet eine weltweit anerkannte Plug &amp; Play-L\u00f6sung. Alle internen Komponenten sind \u00fcber moderne elektronische Steuerungen zug\u00e4nglich. i-Chiller Process Max-e wurde entwickelt, um die von der ERP-\u00d6kodesign-Verordnung geforderten saisonalen Wirkungsgrade zu erf\u00fcllen und die Umweltbelastung durch das K\u00e4ltemittel R454B mit niedrigem Treibhauspotenzial zu minimieren.<\/p>\n","protected":false},"excerpt":{"rendered":"<p>i-Chiller Process Max-e ist ein Beispiel f\u00fcr ein zielgerichtetes Design, das f\u00fcr die Senkung der Betriebskosten unerl\u00e4sslich ist, ohne die Zuverl\u00e4ssigkeit und den Umweltschutz zu vernachl\u00e4ssigen. Mit einer vollst\u00e4ndig verpackten Konfiguration verf\u00fcgt diese K\u00e4ltemaschine standardm\u00e4\u00dfig \u00fcber einen internen Speichertank und eine Pumpe und bietet eine weltweit anerkannte Plug &amp; Play-L\u00f6sung. Alle internen Komponenten sind \u00fcber &#8230; <a title=\"i-Chiller Process Max e\" class=\"read-more\" href=\"https:\/\/www.icscoolenergy.com\/de\/product\/i-chiller-prozess-max-e\/\" aria-label=\"More on i-Chiller Process Max e\">Weiterlesen<\/a><\/p>\n","protected":false},"featured_media":93519,"comment_status":"closed","ping_status":"closed","template":"","meta":{"_acf_changed":false,"inline_featured_image":false,"_editorskit_title_hidden":false,"_editorskit_reading_time":0,"_editorskit_is_block_options_detached":false,"_editorskit_block_options_position":"{}","editor_plus_copied_stylings":"{}"},"product_brand":[],"product_cat":[972],"product_tag":[],"class_list":{"0":"post-94459","1":"product","2":"type-product","3":"status-publish","4":"has-post-thumbnail","6":"product_cat-prozess-kuhlgerate","8":"first","9":"instock","10":"shipping-taxable","11":"product-type-simple"},"acf":[],"yoast_head":"<!-- This site is optimized with the Yoast SEO Premium plugin v24.5 (Yoast SEO v26.9) - https:\/\/yoast.com\/product\/yoast-seo-premium-wordpress\/ -->\n<title>i-Chiller Process Max e | ICS Cool Energy<\/title>\n<meta name=\"robots\" content=\"noindex, follow\" \/>\n<meta property=\"og:locale\" content=\"de_DE\" \/>\n<meta property=\"og:type\" content=\"article\" \/>\n<meta property=\"og:title\" content=\"i-Chiller Process Max e\" \/>\n<meta property=\"og:description\" content=\"i-Chiller Process Max-e ist ein Beispiel f\u00fcr ein zielgerichtetes Design, das f\u00fcr die Senkung der Betriebskosten unerl\u00e4sslich ist, ohne die Zuverl\u00e4ssigkeit und den Umweltschutz zu vernachl\u00e4ssigen. Mit einer vollst\u00e4ndig verpackten Konfiguration verf\u00fcgt diese K\u00e4ltemaschine standardm\u00e4\u00dfig \u00fcber einen internen Speichertank und eine Pumpe und bietet eine weltweit anerkannte Plug &amp; Play-L\u00f6sung. Alle internen Komponenten sind \u00fcber ... Weiterlesen\" \/>\n<meta property=\"og:url\" content=\"https:\/\/www.icscoolenergy.com\/de\/product\/i-chiller-prozess-max-e\/\" \/>\n<meta property=\"og:site_name\" content=\"German\" \/>\n<meta property=\"article:modified_time\" content=\"2024-06-14T08:38:50+00:00\" \/>\n<meta property=\"og:image\" content=\"https:\/\/www.icscoolenergy.com\/wp-content\/uploads\/sites\/4\/2024\/04\/i-chiller-process-max-e.png\" \/>\n\t<meta property=\"og:image:width\" content=\"560\" \/>\n\t<meta property=\"og:image:height\" content=\"420\" \/>\n\t<meta property=\"og:image:type\" content=\"image\/png\" \/>\n<meta name=\"twitter:card\" content=\"summary_large_image\" \/>\n<meta name=\"twitter:label1\" content=\"Est. reading time\" \/>\n\t<meta name=\"twitter:data1\" content=\"1 Minute\" \/>\n<script type=\"application\/ld+json\" class=\"yoast-schema-graph\">{\"@context\":\"https:\/\/schema.org\",\"@graph\":[{\"@type\":\"WebPage\",\"@id\":\"https:\/\/www.icscoolenergy.com\/de\/product\/i-chiller-prozess-max-e\/\",\"url\":\"https:\/\/www.icscoolenergy.com\/de\/product\/i-chiller-prozess-max-e\/\",\"name\":\"i-Chiller Process Max e | ICS Cool Energy\",\"isPartOf\":{\"@id\":\"https:\/\/www.icscoolenergy.com\/de\/#website\"},\"primaryImageOfPage\":{\"@id\":\"https:\/\/www.icscoolenergy.com\/de\/product\/i-chiller-prozess-max-e\/#primaryimage\"},\"image\":{\"@id\":\"https:\/\/www.icscoolenergy.com\/de\/product\/i-chiller-prozess-max-e\/#primaryimage\"},\"thumbnailUrl\":\"https:\/\/www.icscoolenergy.com\/wp-content\/uploads\/sites\/4\/2024\/04\/i-chiller-process-max-e.png\",\"datePublished\":\"2024-04-19T09:47:43+00:00\",\"dateModified\":\"2024-06-14T08:38:50+00:00\",\"breadcrumb\":{\"@id\":\"https:\/\/www.icscoolenergy.com\/de\/product\/i-chiller-prozess-max-e\/#breadcrumb\"},\"inLanguage\":\"de-DE\",\"potentialAction\":[{\"@type\":\"ReadAction\",\"target\":[\"https:\/\/www.icscoolenergy.com\/de\/product\/i-chiller-prozess-max-e\/\"]}]},{\"@type\":\"ImageObject\",\"inLanguage\":\"de-DE\",\"@id\":\"https:\/\/www.icscoolenergy.com\/de\/product\/i-chiller-prozess-max-e\/#primaryimage\",\"url\":\"https:\/\/www.icscoolenergy.com\/wp-content\/uploads\/sites\/4\/2024\/04\/i-chiller-process-max-e.png\",\"contentUrl\":\"https:\/\/www.icscoolenergy.com\/wp-content\/uploads\/sites\/4\/2024\/04\/i-chiller-process-max-e.png\",\"width\":560,\"height\":420,\"caption\":\"i-chiller Prozess max e\"},{\"@type\":\"BreadcrumbList\",\"@id\":\"https:\/\/www.icscoolenergy.com\/de\/product\/i-chiller-prozess-max-e\/#breadcrumb\",\"itemListElement\":[{\"@type\":\"ListItem\",\"position\":1,\"name\":\"Home\",\"item\":\"https:\/\/www.icscoolenergy.com\/de\/\"},{\"@type\":\"ListItem\",\"position\":2,\"name\":\"Shop\",\"item\":\"https:\/\/www.icscoolenergy.com\/de\/shop\/\"},{\"@type\":\"ListItem\",\"position\":3,\"name\":\"i-Chiller Process Max e\"}]},{\"@type\":\"WebSite\",\"@id\":\"https:\/\/www.icscoolenergy.com\/de\/#website\",\"url\":\"https:\/\/www.icscoolenergy.com\/de\/\",\"name\":\"ICS Cool Energy\",\"description\":\"The Process Temperature Control Specialists\",\"publisher\":{\"@id\":\"https:\/\/www.icscoolenergy.com\/de\/#organization\"},\"potentialAction\":[{\"@type\":\"SearchAction\",\"target\":{\"@type\":\"EntryPoint\",\"urlTemplate\":\"https:\/\/www.icscoolenergy.com\/de\/?s={search_term_string}\"},\"query-input\":{\"@type\":\"PropertyValueSpecification\",\"valueRequired\":true,\"valueName\":\"search_term_string\"}}],\"inLanguage\":\"de-DE\"},{\"@type\":\"Organization\",\"@id\":\"https:\/\/www.icscoolenergy.com\/de\/#organization\",\"name\":\"ICS Cool Energy\",\"url\":\"https:\/\/www.icscoolenergy.com\/de\/\",\"logo\":{\"@type\":\"ImageObject\",\"inLanguage\":\"de-DE\",\"@id\":\"https:\/\/www.icscoolenergy.com\/de\/#\/schema\/logo\/image\/\",\"url\":\"https:\/\/www.icscoolenergy.com\/wp-content\/uploads\/sites\/4\/2024\/01\/ics-cool-energy-logo.svg\",\"contentUrl\":\"https:\/\/www.icscoolenergy.com\/wp-content\/uploads\/sites\/4\/2024\/01\/ics-cool-energy-logo.svg\",\"caption\":\"ICS Cool Energy\"},\"image\":{\"@id\":\"https:\/\/www.icscoolenergy.com\/de\/#\/schema\/logo\/image\/\"},\"sameAs\":[\"https:\/\/www.linkedin.com\/company\/ics-temperature-control\/\",\"https:\/\/www.youtube.com\/@ICSCoolEnergyLtd\"]}]}<\/script>\n<!-- \/ Yoast SEO Premium plugin. -->","yoast_head_json":{"title":"i-Chiller Process Max e | ICS Cool Energy","robots":{"index":"noindex","follow":"follow"},"og_locale":"de_DE","og_type":"article","og_title":"i-Chiller Process Max e","og_description":"i-Chiller Process Max-e ist ein Beispiel f\u00fcr ein zielgerichtetes Design, das f\u00fcr die Senkung der Betriebskosten unerl\u00e4sslich ist, ohne die Zuverl\u00e4ssigkeit und den Umweltschutz zu vernachl\u00e4ssigen. Mit einer vollst\u00e4ndig verpackten Konfiguration verf\u00fcgt diese K\u00e4ltemaschine standardm\u00e4\u00dfig \u00fcber einen internen Speichertank und eine Pumpe und bietet eine weltweit anerkannte Plug &amp; Play-L\u00f6sung. Alle internen Komponenten sind \u00fcber ... Weiterlesen","og_url":"https:\/\/www.icscoolenergy.com\/de\/product\/i-chiller-prozess-max-e\/","og_site_name":"German","article_modified_time":"2024-06-14T08:38:50+00:00","og_image":[{"width":560,"height":420,"url":"https:\/\/www.icscoolenergy.com\/wp-content\/uploads\/sites\/4\/2024\/04\/i-chiller-process-max-e.png","type":"image\/png"}],"twitter_card":"summary_large_image","twitter_misc":{"Est. reading time":"1 Minute"},"schema":{"@context":"https:\/\/schema.org","@graph":[{"@type":"WebPage","@id":"https:\/\/www.icscoolenergy.com\/de\/product\/i-chiller-prozess-max-e\/","url":"https:\/\/www.icscoolenergy.com\/de\/product\/i-chiller-prozess-max-e\/","name":"i-Chiller Process Max e | ICS Cool Energy","isPartOf":{"@id":"https:\/\/www.icscoolenergy.com\/de\/#website"},"primaryImageOfPage":{"@id":"https:\/\/www.icscoolenergy.com\/de\/product\/i-chiller-prozess-max-e\/#primaryimage"},"image":{"@id":"https:\/\/www.icscoolenergy.com\/de\/product\/i-chiller-prozess-max-e\/#primaryimage"},"thumbnailUrl":"https:\/\/www.icscoolenergy.com\/wp-content\/uploads\/sites\/4\/2024\/04\/i-chiller-process-max-e.png","datePublished":"2024-04-19T09:47:43+00:00","dateModified":"2024-06-14T08:38:50+00:00","breadcrumb":{"@id":"https:\/\/www.icscoolenergy.com\/de\/product\/i-chiller-prozess-max-e\/#breadcrumb"},"inLanguage":"de-DE","potentialAction":[{"@type":"ReadAction","target":["https:\/\/www.icscoolenergy.com\/de\/product\/i-chiller-prozess-max-e\/"]}]},{"@type":"ImageObject","inLanguage":"de-DE","@id":"https:\/\/www.icscoolenergy.com\/de\/product\/i-chiller-prozess-max-e\/#primaryimage","url":"https:\/\/www.icscoolenergy.com\/wp-content\/uploads\/sites\/4\/2024\/04\/i-chiller-process-max-e.png","contentUrl":"https:\/\/www.icscoolenergy.com\/wp-content\/uploads\/sites\/4\/2024\/04\/i-chiller-process-max-e.png","width":560,"height":420,"caption":"i-chiller Prozess max e"},{"@type":"BreadcrumbList","@id":"https:\/\/www.icscoolenergy.com\/de\/product\/i-chiller-prozess-max-e\/#breadcrumb","itemListElement":[{"@type":"ListItem","position":1,"name":"Home","item":"https:\/\/www.icscoolenergy.com\/de\/"},{"@type":"ListItem","position":2,"name":"Shop","item":"https:\/\/www.icscoolenergy.com\/de\/shop\/"},{"@type":"ListItem","position":3,"name":"i-Chiller Process Max e"}]},{"@type":"WebSite","@id":"https:\/\/www.icscoolenergy.com\/de\/#website","url":"https:\/\/www.icscoolenergy.com\/de\/","name":"ICS Cool Energy","description":"The Process Temperature Control Specialists","publisher":{"@id":"https:\/\/www.icscoolenergy.com\/de\/#organization"},"potentialAction":[{"@type":"SearchAction","target":{"@type":"EntryPoint","urlTemplate":"https:\/\/www.icscoolenergy.com\/de\/?s={search_term_string}"},"query-input":{"@type":"PropertyValueSpecification","valueRequired":true,"valueName":"search_term_string"}}],"inLanguage":"de-DE"},{"@type":"Organization","@id":"https:\/\/www.icscoolenergy.com\/de\/#organization","name":"ICS Cool Energy","url":"https:\/\/www.icscoolenergy.com\/de\/","logo":{"@type":"ImageObject","inLanguage":"de-DE","@id":"https:\/\/www.icscoolenergy.com\/de\/#\/schema\/logo\/image\/","url":"https:\/\/www.icscoolenergy.com\/wp-content\/uploads\/sites\/4\/2024\/01\/ics-cool-energy-logo.svg","contentUrl":"https:\/\/www.icscoolenergy.com\/wp-content\/uploads\/sites\/4\/2024\/01\/ics-cool-energy-logo.svg","caption":"ICS Cool Energy"},"image":{"@id":"https:\/\/www.icscoolenergy.com\/de\/#\/schema\/logo\/image\/"},"sameAs":["https:\/\/www.linkedin.com\/company\/ics-temperature-control\/","https:\/\/www.youtube.com\/@ICSCoolEnergyLtd"]}]}},"_links":{"self":[{"href":"https:\/\/www.icscoolenergy.com\/de\/wp-json\/wp\/v2\/product\/94459","targetHints":{"allow":["GET"]}}],"collection":[{"href":"https:\/\/www.icscoolenergy.com\/de\/wp-json\/wp\/v2\/product"}],"about":[{"href":"https:\/\/www.icscoolenergy.com\/de\/wp-json\/wp\/v2\/types\/product"}],"replies":[{"embeddable":true,"href":"https:\/\/www.icscoolenergy.com\/de\/wp-json\/wp\/v2\/comments?post=94459"}],"wp:featuredmedia":[{"embeddable":true,"href":"https:\/\/www.icscoolenergy.com\/de\/wp-json\/wp\/v2\/media\/93519"}],"wp:attachment":[{"href":"https:\/\/www.icscoolenergy.com\/de\/wp-json\/wp\/v2\/media?parent=94459"}],"wp:term":[{"taxonomy":"product_brand","embeddable":true,"href":"https:\/\/www.icscoolenergy.com\/de\/wp-json\/wp\/v2\/product_brand?post=94459"},{"taxonomy":"product_cat","embeddable":true,"href":"https:\/\/www.icscoolenergy.com\/de\/wp-json\/wp\/v2\/product_cat?post=94459"},{"taxonomy":"product_tag","embeddable":true,"href":"https:\/\/www.icscoolenergy.com\/de\/wp-json\/wp\/v2\/product_tag?post=94459"}],"curies":[{"name":"wp","href":"https:\/\/api.w.org\/{rel}","templated":true}]}}