 
{"id":94464,"date":"2024-04-22T07:18:30","date_gmt":"2024-04-22T07:18:30","guid":{"rendered":"https:\/\/www.icscoolenergy.com\/de\/unkategorisiert\/waermepumpe-550\/"},"modified":"2024-12-13T16:32:01","modified_gmt":"2024-12-13T16:32:01","slug":"waermepumpe-550","status":"publish","type":"product","link":"https:\/\/www.icscoolenergy.com\/de\/product\/waermepumpe-550\/","title":{"rendered":"W\u00e4rmepumpe 550"},"content":{"rendered":"<p>Unsere W\u00e4rmepumpe 550 verf\u00fcgt \u00fcber 6 der neuesten energiesparenden Scroll-Kompressoren und zwei integrierte Umw\u00e4lzpumpen f\u00fcr Betrieb und Standby. Diese bieten K\u00fchlung bis zu -12\u00b0C und Heizung bis zu +65\u00b0C f\u00fcr die Wasseraustrittstemperatur.<\/p>\n<p>Wir k\u00f6nnen eine Reihe von reversiblen W\u00e4rmepumpenk\u00fchlern anbieten, die K\u00fchlung oder Heizung aus einer einzigen Quelle bieten.<\/p>\n","protected":false},"excerpt":{"rendered":"<p>Unsere W\u00e4rmepumpe 550 verf\u00fcgt \u00fcber 6 der neuesten energiesparenden Scroll-Kompressoren und zwei integrierte Umw\u00e4lzpumpen f\u00fcr Betrieb und Standby. Diese bieten K\u00fchlung bis zu -12\u00b0C und Heizung bis zu +65\u00b0C f\u00fcr die Wasseraustrittstemperatur. Wir k\u00f6nnen eine Reihe von reversiblen W\u00e4rmepumpenk\u00fchlern anbieten, die K\u00fchlung oder Heizung aus einer einzigen Quelle bieten.<\/p>\n","protected":false},"featured_media":92244,"comment_status":"closed","ping_status":"closed","template":"","meta":{"_acf_changed":false,"inline_featured_image":false,"_editorskit_title_hidden":false,"_editorskit_reading_time":0,"_editorskit_is_block_options_detached":false,"_editorskit_block_options_position":"{}","editor_plus_copied_stylings":"{}"},"product_brand":[],"product_cat":[995,996,2846],"product_tag":[],"class_list":{"0":"post-94464","1":"product","2":"type-product","3":"status-publish","4":"has-post-thumbnail","6":"product_cat-warmepumpen","7":"product_cat-waermepumpe-zum-mieten","8":"product_cat-waermepumpe-mieten","10":"first","11":"instock","12":"shipping-taxable","13":"product-type-simple"},"acf":[],"yoast_head":"<!-- This site is optimized with the Yoast SEO Premium plugin v24.5 (Yoast SEO v26.9) - https:\/\/yoast.com\/product\/yoast-seo-premium-wordpress\/ -->\n<title>W\u00e4rmepumpe 550 | ICS Cool Energy<\/title>\n<meta name=\"robots\" content=\"noindex, follow\" \/>\n<meta property=\"og:locale\" content=\"de_DE\" \/>\n<meta property=\"og:type\" content=\"article\" \/>\n<meta property=\"og:title\" content=\"W\u00e4rmepumpe 550\" \/>\n<meta property=\"og:description\" content=\"Unsere W\u00e4rmepumpe 550 verf\u00fcgt \u00fcber 6 der neuesten energiesparenden Scroll-Kompressoren und zwei integrierte Umw\u00e4lzpumpen f\u00fcr Betrieb und Standby. Diese bieten K\u00fchlung bis zu -12\u00b0C und Heizung bis zu +65\u00b0C f\u00fcr die Wasseraustrittstemperatur. Wir k\u00f6nnen eine Reihe von reversiblen W\u00e4rmepumpenk\u00fchlern anbieten, die K\u00fchlung oder Heizung aus einer einzigen Quelle bieten.\" \/>\n<meta property=\"og:url\" content=\"https:\/\/www.icscoolenergy.com\/de\/product\/waermepumpe-550\/\" \/>\n<meta property=\"og:site_name\" content=\"German\" \/>\n<meta property=\"article:modified_time\" content=\"2024-12-13T16:32:01+00:00\" \/>\n<meta property=\"og:image\" content=\"https:\/\/www.icscoolenergy.com\/wp-content\/uploads\/sites\/4\/2024\/04\/Heat-Pump-550.png\" \/>\n\t<meta property=\"og:image:width\" content=\"560\" \/>\n\t<meta property=\"og:image:height\" content=\"420\" \/>\n\t<meta property=\"og:image:type\" content=\"image\/png\" \/>\n<meta name=\"twitter:card\" content=\"summary_large_image\" \/>\n<meta name=\"twitter:label1\" content=\"Est. reading time\" \/>\n\t<meta name=\"twitter:data1\" content=\"1 Minute\" \/>\n<script type=\"application\/ld+json\" class=\"yoast-schema-graph\">{\"@context\":\"https:\/\/schema.org\",\"@graph\":[{\"@type\":\"WebPage\",\"@id\":\"https:\/\/www.icscoolenergy.com\/de\/product\/waermepumpe-550\/\",\"url\":\"https:\/\/www.icscoolenergy.com\/de\/product\/waermepumpe-550\/\",\"name\":\"W\u00e4rmepumpe 550 | ICS Cool Energy\",\"isPartOf\":{\"@id\":\"https:\/\/www.icscoolenergy.com\/de\/#website\"},\"primaryImageOfPage\":{\"@id\":\"https:\/\/www.icscoolenergy.com\/de\/product\/waermepumpe-550\/#primaryimage\"},\"image\":{\"@id\":\"https:\/\/www.icscoolenergy.com\/de\/product\/waermepumpe-550\/#primaryimage\"},\"thumbnailUrl\":\"https:\/\/www.icscoolenergy.com\/wp-content\/uploads\/sites\/4\/2024\/04\/Heat-Pump-550.png\",\"datePublished\":\"2024-04-22T07:18:30+00:00\",\"dateModified\":\"2024-12-13T16:32:01+00:00\",\"breadcrumb\":{\"@id\":\"https:\/\/www.icscoolenergy.com\/de\/product\/waermepumpe-550\/#breadcrumb\"},\"inLanguage\":\"de-DE\",\"potentialAction\":[{\"@type\":\"ReadAction\",\"target\":[\"https:\/\/www.icscoolenergy.com\/de\/product\/waermepumpe-550\/\"]}]},{\"@type\":\"ImageObject\",\"inLanguage\":\"de-DE\",\"@id\":\"https:\/\/www.icscoolenergy.com\/de\/product\/waermepumpe-550\/#primaryimage\",\"url\":\"https:\/\/www.icscoolenergy.com\/wp-content\/uploads\/sites\/4\/2024\/04\/Heat-Pump-550.png\",\"contentUrl\":\"https:\/\/www.icscoolenergy.com\/wp-content\/uploads\/sites\/4\/2024\/04\/Heat-Pump-550.png\",\"width\":560,\"height\":420,\"caption\":\"W\u00e4rmepumpe 550\"},{\"@type\":\"BreadcrumbList\",\"@id\":\"https:\/\/www.icscoolenergy.com\/de\/product\/waermepumpe-550\/#breadcrumb\",\"itemListElement\":[{\"@type\":\"ListItem\",\"position\":1,\"name\":\"Home\",\"item\":\"https:\/\/www.icscoolenergy.com\/de\/\"},{\"@type\":\"ListItem\",\"position\":2,\"name\":\"Shop\",\"item\":\"https:\/\/www.icscoolenergy.com\/de\/shop\/\"},{\"@type\":\"ListItem\",\"position\":3,\"name\":\"W\u00e4rmepumpe 550\"}]},{\"@type\":\"WebSite\",\"@id\":\"https:\/\/www.icscoolenergy.com\/de\/#website\",\"url\":\"https:\/\/www.icscoolenergy.com\/de\/\",\"name\":\"ICS Cool Energy\",\"description\":\"The Process Temperature Control Specialists\",\"publisher\":{\"@id\":\"https:\/\/www.icscoolenergy.com\/de\/#organization\"},\"potentialAction\":[{\"@type\":\"SearchAction\",\"target\":{\"@type\":\"EntryPoint\",\"urlTemplate\":\"https:\/\/www.icscoolenergy.com\/de\/?s={search_term_string}\"},\"query-input\":{\"@type\":\"PropertyValueSpecification\",\"valueRequired\":true,\"valueName\":\"search_term_string\"}}],\"inLanguage\":\"de-DE\"},{\"@type\":\"Organization\",\"@id\":\"https:\/\/www.icscoolenergy.com\/de\/#organization\",\"name\":\"ICS Cool Energy\",\"url\":\"https:\/\/www.icscoolenergy.com\/de\/\",\"logo\":{\"@type\":\"ImageObject\",\"inLanguage\":\"de-DE\",\"@id\":\"https:\/\/www.icscoolenergy.com\/de\/#\/schema\/logo\/image\/\",\"url\":\"https:\/\/www.icscoolenergy.com\/wp-content\/uploads\/sites\/4\/2024\/01\/ics-cool-energy-logo.svg\",\"contentUrl\":\"https:\/\/www.icscoolenergy.com\/wp-content\/uploads\/sites\/4\/2024\/01\/ics-cool-energy-logo.svg\",\"caption\":\"ICS Cool Energy\"},\"image\":{\"@id\":\"https:\/\/www.icscoolenergy.com\/de\/#\/schema\/logo\/image\/\"},\"sameAs\":[\"https:\/\/www.linkedin.com\/company\/ics-temperature-control\/\",\"https:\/\/www.youtube.com\/@ICSCoolEnergyLtd\"]}]}<\/script>\n<!-- \/ Yoast SEO Premium plugin. -->","yoast_head_json":{"title":"W\u00e4rmepumpe 550 | ICS Cool Energy","robots":{"index":"noindex","follow":"follow"},"og_locale":"de_DE","og_type":"article","og_title":"W\u00e4rmepumpe 550","og_description":"Unsere W\u00e4rmepumpe 550 verf\u00fcgt \u00fcber 6 der neuesten energiesparenden Scroll-Kompressoren und zwei integrierte Umw\u00e4lzpumpen f\u00fcr Betrieb und Standby. Diese bieten K\u00fchlung bis zu -12\u00b0C und Heizung bis zu +65\u00b0C f\u00fcr die Wasseraustrittstemperatur. Wir k\u00f6nnen eine Reihe von reversiblen W\u00e4rmepumpenk\u00fchlern anbieten, die K\u00fchlung oder Heizung aus einer einzigen Quelle bieten.","og_url":"https:\/\/www.icscoolenergy.com\/de\/product\/waermepumpe-550\/","og_site_name":"German","article_modified_time":"2024-12-13T16:32:01+00:00","og_image":[{"width":560,"height":420,"url":"https:\/\/www.icscoolenergy.com\/wp-content\/uploads\/sites\/4\/2024\/04\/Heat-Pump-550.png","type":"image\/png"}],"twitter_card":"summary_large_image","twitter_misc":{"Est. reading time":"1 Minute"},"schema":{"@context":"https:\/\/schema.org","@graph":[{"@type":"WebPage","@id":"https:\/\/www.icscoolenergy.com\/de\/product\/waermepumpe-550\/","url":"https:\/\/www.icscoolenergy.com\/de\/product\/waermepumpe-550\/","name":"W\u00e4rmepumpe 550 | ICS Cool Energy","isPartOf":{"@id":"https:\/\/www.icscoolenergy.com\/de\/#website"},"primaryImageOfPage":{"@id":"https:\/\/www.icscoolenergy.com\/de\/product\/waermepumpe-550\/#primaryimage"},"image":{"@id":"https:\/\/www.icscoolenergy.com\/de\/product\/waermepumpe-550\/#primaryimage"},"thumbnailUrl":"https:\/\/www.icscoolenergy.com\/wp-content\/uploads\/sites\/4\/2024\/04\/Heat-Pump-550.png","datePublished":"2024-04-22T07:18:30+00:00","dateModified":"2024-12-13T16:32:01+00:00","breadcrumb":{"@id":"https:\/\/www.icscoolenergy.com\/de\/product\/waermepumpe-550\/#breadcrumb"},"inLanguage":"de-DE","potentialAction":[{"@type":"ReadAction","target":["https:\/\/www.icscoolenergy.com\/de\/product\/waermepumpe-550\/"]}]},{"@type":"ImageObject","inLanguage":"de-DE","@id":"https:\/\/www.icscoolenergy.com\/de\/product\/waermepumpe-550\/#primaryimage","url":"https:\/\/www.icscoolenergy.com\/wp-content\/uploads\/sites\/4\/2024\/04\/Heat-Pump-550.png","contentUrl":"https:\/\/www.icscoolenergy.com\/wp-content\/uploads\/sites\/4\/2024\/04\/Heat-Pump-550.png","width":560,"height":420,"caption":"W\u00e4rmepumpe 550"},{"@type":"BreadcrumbList","@id":"https:\/\/www.icscoolenergy.com\/de\/product\/waermepumpe-550\/#breadcrumb","itemListElement":[{"@type":"ListItem","position":1,"name":"Home","item":"https:\/\/www.icscoolenergy.com\/de\/"},{"@type":"ListItem","position":2,"name":"Shop","item":"https:\/\/www.icscoolenergy.com\/de\/shop\/"},{"@type":"ListItem","position":3,"name":"W\u00e4rmepumpe 550"}]},{"@type":"WebSite","@id":"https:\/\/www.icscoolenergy.com\/de\/#website","url":"https:\/\/www.icscoolenergy.com\/de\/","name":"ICS Cool Energy","description":"The Process Temperature Control Specialists","publisher":{"@id":"https:\/\/www.icscoolenergy.com\/de\/#organization"},"potentialAction":[{"@type":"SearchAction","target":{"@type":"EntryPoint","urlTemplate":"https:\/\/www.icscoolenergy.com\/de\/?s={search_term_string}"},"query-input":{"@type":"PropertyValueSpecification","valueRequired":true,"valueName":"search_term_string"}}],"inLanguage":"de-DE"},{"@type":"Organization","@id":"https:\/\/www.icscoolenergy.com\/de\/#organization","name":"ICS Cool Energy","url":"https:\/\/www.icscoolenergy.com\/de\/","logo":{"@type":"ImageObject","inLanguage":"de-DE","@id":"https:\/\/www.icscoolenergy.com\/de\/#\/schema\/logo\/image\/","url":"https:\/\/www.icscoolenergy.com\/wp-content\/uploads\/sites\/4\/2024\/01\/ics-cool-energy-logo.svg","contentUrl":"https:\/\/www.icscoolenergy.com\/wp-content\/uploads\/sites\/4\/2024\/01\/ics-cool-energy-logo.svg","caption":"ICS Cool Energy"},"image":{"@id":"https:\/\/www.icscoolenergy.com\/de\/#\/schema\/logo\/image\/"},"sameAs":["https:\/\/www.linkedin.com\/company\/ics-temperature-control\/","https:\/\/www.youtube.com\/@ICSCoolEnergyLtd"]}]}},"_links":{"self":[{"href":"https:\/\/www.icscoolenergy.com\/de\/wp-json\/wp\/v2\/product\/94464","targetHints":{"allow":["GET"]}}],"collection":[{"href":"https:\/\/www.icscoolenergy.com\/de\/wp-json\/wp\/v2\/product"}],"about":[{"href":"https:\/\/www.icscoolenergy.com\/de\/wp-json\/wp\/v2\/types\/product"}],"replies":[{"embeddable":true,"href":"https:\/\/www.icscoolenergy.com\/de\/wp-json\/wp\/v2\/comments?post=94464"}],"wp:featuredmedia":[{"embeddable":true,"href":"https:\/\/www.icscoolenergy.com\/de\/wp-json\/wp\/v2\/media\/92244"}],"wp:attachment":[{"href":"https:\/\/www.icscoolenergy.com\/de\/wp-json\/wp\/v2\/media?parent=94464"}],"wp:term":[{"taxonomy":"product_brand","embeddable":true,"href":"https:\/\/www.icscoolenergy.com\/de\/wp-json\/wp\/v2\/product_brand?post=94464"},{"taxonomy":"product_cat","embeddable":true,"href":"https:\/\/www.icscoolenergy.com\/de\/wp-json\/wp\/v2\/product_cat?post=94464"},{"taxonomy":"product_tag","embeddable":true,"href":"https:\/\/www.icscoolenergy.com\/de\/wp-json\/wp\/v2\/product_tag?post=94464"}],"curies":[{"name":"wp","href":"https:\/\/api.w.org\/{rel}","templated":true}]}}