 
{"id":94470,"date":"2024-04-19T13:02:35","date_gmt":"2024-04-19T13:02:35","guid":{"rendered":"https:\/\/www.icscoolenergy.com\/de\/unkategorisiert\/heizluefter-22\/"},"modified":"2024-12-13T17:08:53","modified_gmt":"2024-12-13T17:08:53","slug":"heizluefter-22","status":"publish","type":"product","link":"https:\/\/www.icscoolenergy.com\/de\/product\/heizluefter-22\/","title":{"rendered":"Heizl\u00fcfter 22 KW"},"content":{"rendered":"<p>Unser Heizsortiment ist komplett tragbar und schnell zu installieren und liefert innerhalb von Sekunden W\u00e4rme.<\/p>\n<p>Der Heizl\u00fcfter 22 ist ideal f\u00fcr die Beheizung von Lagerhallen, Produktionsbereichen und Lagerfl\u00e4chen.<\/p>\n<p>Das Ger\u00e4t ist freistehend und kann die warme Luft durch Luftkan\u00e4le an der Vorderseite des Ger\u00e4ts in bestimmte Bereiche leiten.<\/p>\n","protected":false},"excerpt":{"rendered":"<p>Unser Heizsortiment ist komplett tragbar und schnell zu installieren und liefert innerhalb von Sekunden W\u00e4rme. Der Heizl\u00fcfter 22 ist ideal f\u00fcr die Beheizung von Lagerhallen, Produktionsbereichen und Lagerfl\u00e4chen. Das Ger\u00e4t ist freistehend und kann die warme Luft durch Luftkan\u00e4le an der Vorderseite des Ger\u00e4ts in bestimmte Bereiche leiten.<\/p>\n","protected":false},"featured_media":91546,"comment_status":"closed","ping_status":"closed","template":"","meta":{"_acf_changed":false,"inline_featured_image":false,"_editorskit_title_hidden":false,"_editorskit_reading_time":0,"_editorskit_is_block_options_detached":false,"_editorskit_block_options_position":"{}","editor_plus_copied_stylings":"{}"},"product_brand":[],"product_cat":[1007,997,1000,1676,2772,2994,2883,2957,1575,2920],"product_tag":[],"class_list":{"0":"post-94470","1":"product","2":"type-product","3":"status-publish","4":"has-post-thumbnail","6":"product_cat-heizung-krankenhaus","7":"product_cat-heizungsoptionen","8":"product_cat-temporare-heizgeratevermietung","9":"product_cat-elektroheizung-mieten","10":"product_cat-heizluefter-mieten","11":"product_cat-hallenheizung-mieten","12":"product_cat-heizungsvermietung-fuer-schulen","13":"product_cat-notheizung-mieten","14":"product_cat-winterbauheizung-mieten","15":"product_cat-zeltheizung-mieten","17":"first","18":"instock","19":"shipping-taxable","20":"product-type-simple"},"acf":[],"yoast_head":"<!-- This site is optimized with the Yoast SEO Premium plugin v24.5 (Yoast SEO v26.9) - https:\/\/yoast.com\/product\/yoast-seo-premium-wordpress\/ -->\n<title>Heizl\u00fcfter 22 KW | ICS Cool Energy<\/title>\n<meta name=\"robots\" content=\"noindex, follow\" \/>\n<meta property=\"og:locale\" content=\"de_DE\" \/>\n<meta property=\"og:type\" content=\"article\" \/>\n<meta property=\"og:title\" content=\"Heizl\u00fcfter 22 KW\" \/>\n<meta property=\"og:description\" content=\"Unser Heizsortiment ist komplett tragbar und schnell zu installieren und liefert innerhalb von Sekunden W\u00e4rme. Der Heizl\u00fcfter 22 ist ideal f\u00fcr die Beheizung von Lagerhallen, Produktionsbereichen und Lagerfl\u00e4chen. Das Ger\u00e4t ist freistehend und kann die warme Luft durch Luftkan\u00e4le an der Vorderseite des Ger\u00e4ts in bestimmte Bereiche leiten.\" \/>\n<meta property=\"og:url\" content=\"https:\/\/www.icscoolenergy.com\/de\/product\/heizluefter-22\/\" \/>\n<meta property=\"og:site_name\" content=\"German\" \/>\n<meta property=\"article:modified_time\" content=\"2024-12-13T17:08:53+00:00\" \/>\n<meta property=\"og:image\" content=\"https:\/\/www.icscoolenergy.com\/wp-content\/uploads\/sites\/4\/2024\/04\/Fan-Heater-22.png\" \/>\n\t<meta property=\"og:image:width\" content=\"560\" \/>\n\t<meta property=\"og:image:height\" content=\"420\" \/>\n\t<meta property=\"og:image:type\" content=\"image\/png\" \/>\n<meta name=\"twitter:card\" content=\"summary_large_image\" \/>\n<meta name=\"twitter:label1\" content=\"Est. reading time\" \/>\n\t<meta name=\"twitter:data1\" content=\"1 Minute\" \/>\n<script type=\"application\/ld+json\" class=\"yoast-schema-graph\">{\"@context\":\"https:\/\/schema.org\",\"@graph\":[{\"@type\":\"WebPage\",\"@id\":\"https:\/\/www.icscoolenergy.com\/de\/product\/heizluefter-22\/\",\"url\":\"https:\/\/www.icscoolenergy.com\/de\/product\/heizluefter-22\/\",\"name\":\"Heizl\u00fcfter 22 KW | ICS Cool Energy\",\"isPartOf\":{\"@id\":\"https:\/\/www.icscoolenergy.com\/de\/#website\"},\"primaryImageOfPage\":{\"@id\":\"https:\/\/www.icscoolenergy.com\/de\/product\/heizluefter-22\/#primaryimage\"},\"image\":{\"@id\":\"https:\/\/www.icscoolenergy.com\/de\/product\/heizluefter-22\/#primaryimage\"},\"thumbnailUrl\":\"https:\/\/www.icscoolenergy.com\/wp-content\/uploads\/sites\/4\/2024\/04\/Fan-Heater-22.png\",\"datePublished\":\"2024-04-19T13:02:35+00:00\",\"dateModified\":\"2024-12-13T17:08:53+00:00\",\"breadcrumb\":{\"@id\":\"https:\/\/www.icscoolenergy.com\/de\/product\/heizluefter-22\/#breadcrumb\"},\"inLanguage\":\"de-DE\",\"potentialAction\":[{\"@type\":\"ReadAction\",\"target\":[\"https:\/\/www.icscoolenergy.com\/de\/product\/heizluefter-22\/\"]}]},{\"@type\":\"ImageObject\",\"inLanguage\":\"de-DE\",\"@id\":\"https:\/\/www.icscoolenergy.com\/de\/product\/heizluefter-22\/#primaryimage\",\"url\":\"https:\/\/www.icscoolenergy.com\/wp-content\/uploads\/sites\/4\/2024\/04\/Fan-Heater-22.png\",\"contentUrl\":\"https:\/\/www.icscoolenergy.com\/wp-content\/uploads\/sites\/4\/2024\/04\/Fan-Heater-22.png\",\"width\":560,\"height\":420,\"caption\":\"Heizl\u00fcfter 22 kW\"},{\"@type\":\"BreadcrumbList\",\"@id\":\"https:\/\/www.icscoolenergy.com\/de\/product\/heizluefter-22\/#breadcrumb\",\"itemListElement\":[{\"@type\":\"ListItem\",\"position\":1,\"name\":\"Home\",\"item\":\"https:\/\/www.icscoolenergy.com\/de\/\"},{\"@type\":\"ListItem\",\"position\":2,\"name\":\"Shop\",\"item\":\"https:\/\/www.icscoolenergy.com\/de\/shop\/\"},{\"@type\":\"ListItem\",\"position\":3,\"name\":\"Heizl\u00fcfter 22 KW\"}]},{\"@type\":\"WebSite\",\"@id\":\"https:\/\/www.icscoolenergy.com\/de\/#website\",\"url\":\"https:\/\/www.icscoolenergy.com\/de\/\",\"name\":\"ICS Cool Energy\",\"description\":\"The Process Temperature Control Specialists\",\"publisher\":{\"@id\":\"https:\/\/www.icscoolenergy.com\/de\/#organization\"},\"potentialAction\":[{\"@type\":\"SearchAction\",\"target\":{\"@type\":\"EntryPoint\",\"urlTemplate\":\"https:\/\/www.icscoolenergy.com\/de\/?s={search_term_string}\"},\"query-input\":{\"@type\":\"PropertyValueSpecification\",\"valueRequired\":true,\"valueName\":\"search_term_string\"}}],\"inLanguage\":\"de-DE\"},{\"@type\":\"Organization\",\"@id\":\"https:\/\/www.icscoolenergy.com\/de\/#organization\",\"name\":\"ICS Cool Energy\",\"url\":\"https:\/\/www.icscoolenergy.com\/de\/\",\"logo\":{\"@type\":\"ImageObject\",\"inLanguage\":\"de-DE\",\"@id\":\"https:\/\/www.icscoolenergy.com\/de\/#\/schema\/logo\/image\/\",\"url\":\"https:\/\/www.icscoolenergy.com\/wp-content\/uploads\/sites\/4\/2024\/01\/ics-cool-energy-logo.svg\",\"contentUrl\":\"https:\/\/www.icscoolenergy.com\/wp-content\/uploads\/sites\/4\/2024\/01\/ics-cool-energy-logo.svg\",\"caption\":\"ICS Cool Energy\"},\"image\":{\"@id\":\"https:\/\/www.icscoolenergy.com\/de\/#\/schema\/logo\/image\/\"},\"sameAs\":[\"https:\/\/www.linkedin.com\/company\/ics-temperature-control\/\",\"https:\/\/www.youtube.com\/@ICSCoolEnergyLtd\"]}]}<\/script>\n<!-- \/ Yoast SEO Premium plugin. -->","yoast_head_json":{"title":"Heizl\u00fcfter 22 KW | ICS Cool Energy","robots":{"index":"noindex","follow":"follow"},"og_locale":"de_DE","og_type":"article","og_title":"Heizl\u00fcfter 22 KW","og_description":"Unser Heizsortiment ist komplett tragbar und schnell zu installieren und liefert innerhalb von Sekunden W\u00e4rme. Der Heizl\u00fcfter 22 ist ideal f\u00fcr die Beheizung von Lagerhallen, Produktionsbereichen und Lagerfl\u00e4chen. Das Ger\u00e4t ist freistehend und kann die warme Luft durch Luftkan\u00e4le an der Vorderseite des Ger\u00e4ts in bestimmte Bereiche leiten.","og_url":"https:\/\/www.icscoolenergy.com\/de\/product\/heizluefter-22\/","og_site_name":"German","article_modified_time":"2024-12-13T17:08:53+00:00","og_image":[{"width":560,"height":420,"url":"https:\/\/www.icscoolenergy.com\/wp-content\/uploads\/sites\/4\/2024\/04\/Fan-Heater-22.png","type":"image\/png"}],"twitter_card":"summary_large_image","twitter_misc":{"Est. reading time":"1 Minute"},"schema":{"@context":"https:\/\/schema.org","@graph":[{"@type":"WebPage","@id":"https:\/\/www.icscoolenergy.com\/de\/product\/heizluefter-22\/","url":"https:\/\/www.icscoolenergy.com\/de\/product\/heizluefter-22\/","name":"Heizl\u00fcfter 22 KW | ICS Cool Energy","isPartOf":{"@id":"https:\/\/www.icscoolenergy.com\/de\/#website"},"primaryImageOfPage":{"@id":"https:\/\/www.icscoolenergy.com\/de\/product\/heizluefter-22\/#primaryimage"},"image":{"@id":"https:\/\/www.icscoolenergy.com\/de\/product\/heizluefter-22\/#primaryimage"},"thumbnailUrl":"https:\/\/www.icscoolenergy.com\/wp-content\/uploads\/sites\/4\/2024\/04\/Fan-Heater-22.png","datePublished":"2024-04-19T13:02:35+00:00","dateModified":"2024-12-13T17:08:53+00:00","breadcrumb":{"@id":"https:\/\/www.icscoolenergy.com\/de\/product\/heizluefter-22\/#breadcrumb"},"inLanguage":"de-DE","potentialAction":[{"@type":"ReadAction","target":["https:\/\/www.icscoolenergy.com\/de\/product\/heizluefter-22\/"]}]},{"@type":"ImageObject","inLanguage":"de-DE","@id":"https:\/\/www.icscoolenergy.com\/de\/product\/heizluefter-22\/#primaryimage","url":"https:\/\/www.icscoolenergy.com\/wp-content\/uploads\/sites\/4\/2024\/04\/Fan-Heater-22.png","contentUrl":"https:\/\/www.icscoolenergy.com\/wp-content\/uploads\/sites\/4\/2024\/04\/Fan-Heater-22.png","width":560,"height":420,"caption":"Heizl\u00fcfter 22 kW"},{"@type":"BreadcrumbList","@id":"https:\/\/www.icscoolenergy.com\/de\/product\/heizluefter-22\/#breadcrumb","itemListElement":[{"@type":"ListItem","position":1,"name":"Home","item":"https:\/\/www.icscoolenergy.com\/de\/"},{"@type":"ListItem","position":2,"name":"Shop","item":"https:\/\/www.icscoolenergy.com\/de\/shop\/"},{"@type":"ListItem","position":3,"name":"Heizl\u00fcfter 22 KW"}]},{"@type":"WebSite","@id":"https:\/\/www.icscoolenergy.com\/de\/#website","url":"https:\/\/www.icscoolenergy.com\/de\/","name":"ICS Cool Energy","description":"The Process Temperature Control Specialists","publisher":{"@id":"https:\/\/www.icscoolenergy.com\/de\/#organization"},"potentialAction":[{"@type":"SearchAction","target":{"@type":"EntryPoint","urlTemplate":"https:\/\/www.icscoolenergy.com\/de\/?s={search_term_string}"},"query-input":{"@type":"PropertyValueSpecification","valueRequired":true,"valueName":"search_term_string"}}],"inLanguage":"de-DE"},{"@type":"Organization","@id":"https:\/\/www.icscoolenergy.com\/de\/#organization","name":"ICS Cool Energy","url":"https:\/\/www.icscoolenergy.com\/de\/","logo":{"@type":"ImageObject","inLanguage":"de-DE","@id":"https:\/\/www.icscoolenergy.com\/de\/#\/schema\/logo\/image\/","url":"https:\/\/www.icscoolenergy.com\/wp-content\/uploads\/sites\/4\/2024\/01\/ics-cool-energy-logo.svg","contentUrl":"https:\/\/www.icscoolenergy.com\/wp-content\/uploads\/sites\/4\/2024\/01\/ics-cool-energy-logo.svg","caption":"ICS Cool Energy"},"image":{"@id":"https:\/\/www.icscoolenergy.com\/de\/#\/schema\/logo\/image\/"},"sameAs":["https:\/\/www.linkedin.com\/company\/ics-temperature-control\/","https:\/\/www.youtube.com\/@ICSCoolEnergyLtd"]}]}},"_links":{"self":[{"href":"https:\/\/www.icscoolenergy.com\/de\/wp-json\/wp\/v2\/product\/94470","targetHints":{"allow":["GET"]}}],"collection":[{"href":"https:\/\/www.icscoolenergy.com\/de\/wp-json\/wp\/v2\/product"}],"about":[{"href":"https:\/\/www.icscoolenergy.com\/de\/wp-json\/wp\/v2\/types\/product"}],"replies":[{"embeddable":true,"href":"https:\/\/www.icscoolenergy.com\/de\/wp-json\/wp\/v2\/comments?post=94470"}],"wp:featuredmedia":[{"embeddable":true,"href":"https:\/\/www.icscoolenergy.com\/de\/wp-json\/wp\/v2\/media\/91546"}],"wp:attachment":[{"href":"https:\/\/www.icscoolenergy.com\/de\/wp-json\/wp\/v2\/media?parent=94470"}],"wp:term":[{"taxonomy":"product_brand","embeddable":true,"href":"https:\/\/www.icscoolenergy.com\/de\/wp-json\/wp\/v2\/product_brand?post=94470"},{"taxonomy":"product_cat","embeddable":true,"href":"https:\/\/www.icscoolenergy.com\/de\/wp-json\/wp\/v2\/product_cat?post=94470"},{"taxonomy":"product_tag","embeddable":true,"href":"https:\/\/www.icscoolenergy.com\/de\/wp-json\/wp\/v2\/product_tag?post=94470"}],"curies":[{"name":"wp","href":"https:\/\/api.w.org\/{rel}","templated":true}]}}