 
{"id":94477,"date":"2024-04-22T08:34:49","date_gmt":"2024-04-22T08:34:49","guid":{"rendered":"https:\/\/www.icscoolenergy.com\/de\/unkategorisiert\/elektrokessel-42\/"},"modified":"2024-10-14T10:46:32","modified_gmt":"2024-10-14T10:46:32","slug":"elektrokessel-42","status":"publish","type":"product","link":"https:\/\/www.icscoolenergy.com\/de\/product\/elektrokessel-42\/","title":{"rendered":"Elektroheizmobil 42 KW"},"content":{"rendered":"<p>Dieses 42KW-Elektroheizmobil ist einzigartig konzipiert und passt sich den Anforderungen entsprechend an. Der Elektroboiler 42 wird direkt an das bestehende Heizsystem Ihres Standorts angeschlossen, was die Einrichtungszeit minimiert und die W\u00e4rmeversorgung mit begrenzter Unterbrechung wiederherstellt.<\/p>\n<p>Diese Systeme wurden in einer Reihe von Anwendungen eingesetzt, von Pflegeheimen bis hin zu B\u00fcros. Sie haben den zus\u00e4tzlichen Vorteil einer programmierbaren Estrichtrocknungsfunktion und werden auf festen 200-mm-R\u00e4dern geliefert, um die Mobilit\u00e4t zu erleichtern und eine diskrete Positionierung zu erm\u00f6glichen.<\/p>\n","protected":false},"excerpt":{"rendered":"<p>Dieses 42KW-Elektroheizmobil ist einzigartig konzipiert und passt sich den Anforderungen entsprechend an. Der Elektroboiler 42 wird direkt an das bestehende Heizsystem Ihres Standorts angeschlossen, was die Einrichtungszeit minimiert und die W\u00e4rmeversorgung mit begrenzter Unterbrechung wiederherstellt. Diese Systeme wurden in einer Reihe von Anwendungen eingesetzt, von Pflegeheimen bis hin zu B\u00fcros. Sie haben den zus\u00e4tzlichen Vorteil &#8230; <a title=\"Elektroheizmobil 42 KW\" class=\"read-more\" href=\"https:\/\/www.icscoolenergy.com\/de\/product\/elektrokessel-42\/\" aria-label=\"More on Elektroheizmobil 42 KW\">Weiterlesen<\/a><\/p>\n","protected":false},"featured_media":91740,"comment_status":"closed","ping_status":"closed","template":"","meta":{"_acf_changed":false,"inline_featured_image":false,"_editorskit_title_hidden":false,"_editorskit_reading_time":0,"_editorskit_is_block_options_detached":false,"_editorskit_block_options_position":"{}","editor_plus_copied_stylings":"{}"},"product_brand":[],"product_cat":[1878],"product_tag":[],"class_list":{"0":"post-94477","1":"product","2":"type-product","3":"status-publish","4":"has-post-thumbnail","6":"product_cat-elektroheizmobil-mieten","8":"first","9":"instock","10":"shipping-taxable","11":"product-type-simple"},"acf":[],"yoast_head":"<!-- This site is optimized with the Yoast SEO Premium plugin v24.5 (Yoast SEO v26.9) - https:\/\/yoast.com\/product\/yoast-seo-premium-wordpress\/ -->\n<title>Elektroheizmobil 42 KW | ICS Cool Energy<\/title>\n<meta name=\"robots\" content=\"noindex, follow\" \/>\n<meta property=\"og:locale\" content=\"de_DE\" \/>\n<meta property=\"og:type\" content=\"article\" \/>\n<meta property=\"og:title\" content=\"Elektroheizmobil 42 KW\" \/>\n<meta property=\"og:description\" content=\"Dieses 42KW-Elektroheizmobil ist einzigartig konzipiert und passt sich den Anforderungen entsprechend an. Der Elektroboiler 42 wird direkt an das bestehende Heizsystem Ihres Standorts angeschlossen, was die Einrichtungszeit minimiert und die W\u00e4rmeversorgung mit begrenzter Unterbrechung wiederherstellt. Diese Systeme wurden in einer Reihe von Anwendungen eingesetzt, von Pflegeheimen bis hin zu B\u00fcros. Sie haben den zus\u00e4tzlichen Vorteil ... Weiterlesen\" \/>\n<meta property=\"og:url\" content=\"https:\/\/www.icscoolenergy.com\/de\/product\/elektrokessel-42\/\" \/>\n<meta property=\"og:site_name\" content=\"German\" \/>\n<meta property=\"article:modified_time\" content=\"2024-10-14T10:46:32+00:00\" \/>\n<meta property=\"og:image\" content=\"https:\/\/www.icscoolenergy.com\/wp-content\/uploads\/sites\/4\/2024\/04\/Electric-Boiler-42.png\" \/>\n\t<meta property=\"og:image:width\" content=\"560\" \/>\n\t<meta property=\"og:image:height\" content=\"420\" \/>\n\t<meta property=\"og:image:type\" content=\"image\/png\" \/>\n<meta name=\"twitter:card\" content=\"summary_large_image\" \/>\n<meta name=\"twitter:label1\" content=\"Est. reading time\" \/>\n\t<meta name=\"twitter:data1\" content=\"1 Minute\" \/>\n<script type=\"application\/ld+json\" class=\"yoast-schema-graph\">{\"@context\":\"https:\/\/schema.org\",\"@graph\":[{\"@type\":\"WebPage\",\"@id\":\"https:\/\/www.icscoolenergy.com\/de\/product\/elektrokessel-42\/\",\"url\":\"https:\/\/www.icscoolenergy.com\/de\/product\/elektrokessel-42\/\",\"name\":\"Elektroheizmobil 42 KW | ICS Cool Energy\",\"isPartOf\":{\"@id\":\"https:\/\/www.icscoolenergy.com\/de\/#website\"},\"primaryImageOfPage\":{\"@id\":\"https:\/\/www.icscoolenergy.com\/de\/product\/elektrokessel-42\/#primaryimage\"},\"image\":{\"@id\":\"https:\/\/www.icscoolenergy.com\/de\/product\/elektrokessel-42\/#primaryimage\"},\"thumbnailUrl\":\"https:\/\/www.icscoolenergy.com\/wp-content\/uploads\/sites\/4\/2024\/04\/Electric-Boiler-42.png\",\"datePublished\":\"2024-04-22T08:34:49+00:00\",\"dateModified\":\"2024-10-14T10:46:32+00:00\",\"breadcrumb\":{\"@id\":\"https:\/\/www.icscoolenergy.com\/de\/product\/elektrokessel-42\/#breadcrumb\"},\"inLanguage\":\"de-DE\",\"potentialAction\":[{\"@type\":\"ReadAction\",\"target\":[\"https:\/\/www.icscoolenergy.com\/de\/product\/elektrokessel-42\/\"]}]},{\"@type\":\"ImageObject\",\"inLanguage\":\"de-DE\",\"@id\":\"https:\/\/www.icscoolenergy.com\/de\/product\/elektrokessel-42\/#primaryimage\",\"url\":\"https:\/\/www.icscoolenergy.com\/wp-content\/uploads\/sites\/4\/2024\/04\/Electric-Boiler-42.png\",\"contentUrl\":\"https:\/\/www.icscoolenergy.com\/wp-content\/uploads\/sites\/4\/2024\/04\/Electric-Boiler-42.png\",\"width\":560,\"height\":420,\"caption\":\"Elektrokessel 42\"},{\"@type\":\"BreadcrumbList\",\"@id\":\"https:\/\/www.icscoolenergy.com\/de\/product\/elektrokessel-42\/#breadcrumb\",\"itemListElement\":[{\"@type\":\"ListItem\",\"position\":1,\"name\":\"Home\",\"item\":\"https:\/\/www.icscoolenergy.com\/de\/\"},{\"@type\":\"ListItem\",\"position\":2,\"name\":\"Shop\",\"item\":\"https:\/\/www.icscoolenergy.com\/de\/shop\/\"},{\"@type\":\"ListItem\",\"position\":3,\"name\":\"Elektroheizmobil 42 KW\"}]},{\"@type\":\"WebSite\",\"@id\":\"https:\/\/www.icscoolenergy.com\/de\/#website\",\"url\":\"https:\/\/www.icscoolenergy.com\/de\/\",\"name\":\"ICS Cool Energy\",\"description\":\"The Process Temperature Control Specialists\",\"publisher\":{\"@id\":\"https:\/\/www.icscoolenergy.com\/de\/#organization\"},\"potentialAction\":[{\"@type\":\"SearchAction\",\"target\":{\"@type\":\"EntryPoint\",\"urlTemplate\":\"https:\/\/www.icscoolenergy.com\/de\/?s={search_term_string}\"},\"query-input\":{\"@type\":\"PropertyValueSpecification\",\"valueRequired\":true,\"valueName\":\"search_term_string\"}}],\"inLanguage\":\"de-DE\"},{\"@type\":\"Organization\",\"@id\":\"https:\/\/www.icscoolenergy.com\/de\/#organization\",\"name\":\"ICS Cool Energy\",\"url\":\"https:\/\/www.icscoolenergy.com\/de\/\",\"logo\":{\"@type\":\"ImageObject\",\"inLanguage\":\"de-DE\",\"@id\":\"https:\/\/www.icscoolenergy.com\/de\/#\/schema\/logo\/image\/\",\"url\":\"https:\/\/www.icscoolenergy.com\/wp-content\/uploads\/sites\/4\/2024\/01\/ics-cool-energy-logo.svg\",\"contentUrl\":\"https:\/\/www.icscoolenergy.com\/wp-content\/uploads\/sites\/4\/2024\/01\/ics-cool-energy-logo.svg\",\"caption\":\"ICS Cool Energy\"},\"image\":{\"@id\":\"https:\/\/www.icscoolenergy.com\/de\/#\/schema\/logo\/image\/\"},\"sameAs\":[\"https:\/\/www.linkedin.com\/company\/ics-temperature-control\/\",\"https:\/\/www.youtube.com\/@ICSCoolEnergyLtd\"]}]}<\/script>\n<!-- \/ Yoast SEO Premium plugin. -->","yoast_head_json":{"title":"Elektroheizmobil 42 KW | ICS Cool Energy","robots":{"index":"noindex","follow":"follow"},"og_locale":"de_DE","og_type":"article","og_title":"Elektroheizmobil 42 KW","og_description":"Dieses 42KW-Elektroheizmobil ist einzigartig konzipiert und passt sich den Anforderungen entsprechend an. Der Elektroboiler 42 wird direkt an das bestehende Heizsystem Ihres Standorts angeschlossen, was die Einrichtungszeit minimiert und die W\u00e4rmeversorgung mit begrenzter Unterbrechung wiederherstellt. Diese Systeme wurden in einer Reihe von Anwendungen eingesetzt, von Pflegeheimen bis hin zu B\u00fcros. Sie haben den zus\u00e4tzlichen Vorteil ... Weiterlesen","og_url":"https:\/\/www.icscoolenergy.com\/de\/product\/elektrokessel-42\/","og_site_name":"German","article_modified_time":"2024-10-14T10:46:32+00:00","og_image":[{"width":560,"height":420,"url":"https:\/\/www.icscoolenergy.com\/wp-content\/uploads\/sites\/4\/2024\/04\/Electric-Boiler-42.png","type":"image\/png"}],"twitter_card":"summary_large_image","twitter_misc":{"Est. reading time":"1 Minute"},"schema":{"@context":"https:\/\/schema.org","@graph":[{"@type":"WebPage","@id":"https:\/\/www.icscoolenergy.com\/de\/product\/elektrokessel-42\/","url":"https:\/\/www.icscoolenergy.com\/de\/product\/elektrokessel-42\/","name":"Elektroheizmobil 42 KW | ICS Cool Energy","isPartOf":{"@id":"https:\/\/www.icscoolenergy.com\/de\/#website"},"primaryImageOfPage":{"@id":"https:\/\/www.icscoolenergy.com\/de\/product\/elektrokessel-42\/#primaryimage"},"image":{"@id":"https:\/\/www.icscoolenergy.com\/de\/product\/elektrokessel-42\/#primaryimage"},"thumbnailUrl":"https:\/\/www.icscoolenergy.com\/wp-content\/uploads\/sites\/4\/2024\/04\/Electric-Boiler-42.png","datePublished":"2024-04-22T08:34:49+00:00","dateModified":"2024-10-14T10:46:32+00:00","breadcrumb":{"@id":"https:\/\/www.icscoolenergy.com\/de\/product\/elektrokessel-42\/#breadcrumb"},"inLanguage":"de-DE","potentialAction":[{"@type":"ReadAction","target":["https:\/\/www.icscoolenergy.com\/de\/product\/elektrokessel-42\/"]}]},{"@type":"ImageObject","inLanguage":"de-DE","@id":"https:\/\/www.icscoolenergy.com\/de\/product\/elektrokessel-42\/#primaryimage","url":"https:\/\/www.icscoolenergy.com\/wp-content\/uploads\/sites\/4\/2024\/04\/Electric-Boiler-42.png","contentUrl":"https:\/\/www.icscoolenergy.com\/wp-content\/uploads\/sites\/4\/2024\/04\/Electric-Boiler-42.png","width":560,"height":420,"caption":"Elektrokessel 42"},{"@type":"BreadcrumbList","@id":"https:\/\/www.icscoolenergy.com\/de\/product\/elektrokessel-42\/#breadcrumb","itemListElement":[{"@type":"ListItem","position":1,"name":"Home","item":"https:\/\/www.icscoolenergy.com\/de\/"},{"@type":"ListItem","position":2,"name":"Shop","item":"https:\/\/www.icscoolenergy.com\/de\/shop\/"},{"@type":"ListItem","position":3,"name":"Elektroheizmobil 42 KW"}]},{"@type":"WebSite","@id":"https:\/\/www.icscoolenergy.com\/de\/#website","url":"https:\/\/www.icscoolenergy.com\/de\/","name":"ICS Cool Energy","description":"The Process Temperature Control Specialists","publisher":{"@id":"https:\/\/www.icscoolenergy.com\/de\/#organization"},"potentialAction":[{"@type":"SearchAction","target":{"@type":"EntryPoint","urlTemplate":"https:\/\/www.icscoolenergy.com\/de\/?s={search_term_string}"},"query-input":{"@type":"PropertyValueSpecification","valueRequired":true,"valueName":"search_term_string"}}],"inLanguage":"de-DE"},{"@type":"Organization","@id":"https:\/\/www.icscoolenergy.com\/de\/#organization","name":"ICS Cool Energy","url":"https:\/\/www.icscoolenergy.com\/de\/","logo":{"@type":"ImageObject","inLanguage":"de-DE","@id":"https:\/\/www.icscoolenergy.com\/de\/#\/schema\/logo\/image\/","url":"https:\/\/www.icscoolenergy.com\/wp-content\/uploads\/sites\/4\/2024\/01\/ics-cool-energy-logo.svg","contentUrl":"https:\/\/www.icscoolenergy.com\/wp-content\/uploads\/sites\/4\/2024\/01\/ics-cool-energy-logo.svg","caption":"ICS Cool Energy"},"image":{"@id":"https:\/\/www.icscoolenergy.com\/de\/#\/schema\/logo\/image\/"},"sameAs":["https:\/\/www.linkedin.com\/company\/ics-temperature-control\/","https:\/\/www.youtube.com\/@ICSCoolEnergyLtd"]}]}},"_links":{"self":[{"href":"https:\/\/www.icscoolenergy.com\/de\/wp-json\/wp\/v2\/product\/94477","targetHints":{"allow":["GET"]}}],"collection":[{"href":"https:\/\/www.icscoolenergy.com\/de\/wp-json\/wp\/v2\/product"}],"about":[{"href":"https:\/\/www.icscoolenergy.com\/de\/wp-json\/wp\/v2\/types\/product"}],"replies":[{"embeddable":true,"href":"https:\/\/www.icscoolenergy.com\/de\/wp-json\/wp\/v2\/comments?post=94477"}],"wp:featuredmedia":[{"embeddable":true,"href":"https:\/\/www.icscoolenergy.com\/de\/wp-json\/wp\/v2\/media\/91740"}],"wp:attachment":[{"href":"https:\/\/www.icscoolenergy.com\/de\/wp-json\/wp\/v2\/media?parent=94477"}],"wp:term":[{"taxonomy":"product_brand","embeddable":true,"href":"https:\/\/www.icscoolenergy.com\/de\/wp-json\/wp\/v2\/product_brand?post=94477"},{"taxonomy":"product_cat","embeddable":true,"href":"https:\/\/www.icscoolenergy.com\/de\/wp-json\/wp\/v2\/product_cat?post=94477"},{"taxonomy":"product_tag","embeddable":true,"href":"https:\/\/www.icscoolenergy.com\/de\/wp-json\/wp\/v2\/product_tag?post=94477"}],"curies":[{"name":"wp","href":"https:\/\/api.w.org\/{rel}","templated":true}]}}