 
{"id":94478,"date":"2024-04-22T12:19:28","date_gmt":"2024-04-22T12:19:28","guid":{"rendered":"https:\/\/www.icscoolenergy.com\/de\/unkategorisiert\/werkraum-300\/"},"modified":"2024-12-13T17:06:58","modified_gmt":"2024-12-13T17:06:58","slug":"werkraum-300","status":"publish","type":"product","link":"https:\/\/www.icscoolenergy.com\/de\/product\/werkraum-300\/","title":{"rendered":"Mobile Heizzentrale 300 KW"},"content":{"rendered":"<p>Unsere Heizcontainer mit bis zu 300 KW Leistung sind f\u00fcr einen zuverl\u00e4ssigen und sicheren Betrieb mit flexiblen Schl\u00e4uchen ausgelegt, die einem Druck von bis zu 7 bar und Temperaturen von bis zu 90\u00b0C standhalten.<\/p>\n<p>Der Stahlbeh\u00e4lter erm\u00f6glicht die Aufstellung im Freien und einen besseren Schutz vor Umwelteinfl\u00fcssen. Dank des Containers kann er auch leicht mit einem Gabelstapler positioniert und an Ihr System angeschlossen werden, so dass Sie ihn schnell mieten k\u00f6nnen.<\/p>\n<p>Au\u00dferdem verf\u00fcgen die Ger\u00e4te \u00fcber Sicherheitsvorrichtungen, Systemschutz, Membranausdehnungsgef\u00e4\u00df und Frostschutz.<\/p>\n<p>&nbsp;<\/p>\n","protected":false},"excerpt":{"rendered":"<p>Unsere Heizcontainer mit bis zu 300 KW Leistung sind f\u00fcr einen zuverl\u00e4ssigen und sicheren Betrieb mit flexiblen Schl\u00e4uchen ausgelegt, die einem Druck von bis zu 7 bar und Temperaturen von bis zu 90\u00b0C standhalten. Der Stahlbeh\u00e4lter erm\u00f6glicht die Aufstellung im Freien und einen besseren Schutz vor Umwelteinfl\u00fcssen. Dank des Containers kann er auch leicht mit &#8230; <a title=\"Mobile Heizzentrale 300 KW\" class=\"read-more\" href=\"https:\/\/www.icscoolenergy.com\/de\/product\/werkraum-300\/\" aria-label=\"More on Mobile Heizzentrale 300 KW\">Weiterlesen<\/a><\/p>\n","protected":false},"featured_media":91590,"comment_status":"closed","ping_status":"closed","template":"","meta":{"_acf_changed":false,"inline_featured_image":false,"_editorskit_title_hidden":false,"_editorskit_reading_time":0,"_editorskit_is_block_options_detached":false,"_editorskit_block_options_position":"{}","editor_plus_copied_stylings":"{}"},"product_brand":[],"product_cat":[1010,1007,1003,1008,1005,1006,1777,2994,2883,2698,2957,2809,1575,2920],"product_tag":[],"class_list":{"0":"post-94478","1":"product","2":"type-product","3":"status-publish","4":"has-post-thumbnail","6":"product_cat-fernwarme-mieten","7":"product_cat-heizung-krankenhaus","8":"product_cat-kesseloptionen","9":"product_cat-industrielle-kesselvermietung","10":"product_cat-kommerzielle-kesselvermietung","11":"product_cat-notfall-kesselvermietung","12":"product_cat-heizcontainer-mieten","13":"product_cat-hallenheizung-mieten","14":"product_cat-heizungsvermietung-fuer-schulen","15":"product_cat-mobile-heizzentrale-mieten","16":"product_cat-notheizung-mieten","17":"product_cat-dieselheizung-mieten","18":"product_cat-winterbauheizung-mieten","19":"product_cat-zeltheizung-mieten","21":"first","22":"instock","23":"shipping-taxable","24":"product-type-simple"},"acf":[],"yoast_head":"<!-- This site is optimized with the Yoast SEO Premium plugin v24.5 (Yoast SEO v26.9) - https:\/\/yoast.com\/product\/yoast-seo-premium-wordpress\/ -->\n<title>Mobile Heizzentrale 300 KW | ICS Cool Energy<\/title>\n<meta name=\"robots\" content=\"noindex, follow\" \/>\n<meta property=\"og:locale\" content=\"de_DE\" \/>\n<meta property=\"og:type\" content=\"article\" \/>\n<meta property=\"og:title\" content=\"Mobile Heizzentrale 300 KW\" \/>\n<meta property=\"og:description\" content=\"Unsere Heizcontainer mit bis zu 300 KW Leistung sind f\u00fcr einen zuverl\u00e4ssigen und sicheren Betrieb mit flexiblen Schl\u00e4uchen ausgelegt, die einem Druck von bis zu 7 bar und Temperaturen von bis zu 90\u00b0C standhalten. Der Stahlbeh\u00e4lter erm\u00f6glicht die Aufstellung im Freien und einen besseren Schutz vor Umwelteinfl\u00fcssen. Dank des Containers kann er auch leicht mit ... Weiterlesen\" \/>\n<meta property=\"og:url\" content=\"https:\/\/www.icscoolenergy.com\/de\/product\/werkraum-300\/\" \/>\n<meta property=\"og:site_name\" content=\"German\" \/>\n<meta property=\"article:modified_time\" content=\"2024-12-13T17:06:58+00:00\" \/>\n<meta property=\"og:image\" content=\"https:\/\/www.icscoolenergy.com\/wp-content\/uploads\/sites\/4\/2024\/04\/Boiler-Plant-Room-300.png\" \/>\n\t<meta property=\"og:image:width\" content=\"560\" \/>\n\t<meta property=\"og:image:height\" content=\"420\" \/>\n\t<meta property=\"og:image:type\" content=\"image\/png\" \/>\n<meta name=\"twitter:card\" content=\"summary_large_image\" \/>\n<meta name=\"twitter:label1\" content=\"Est. reading time\" \/>\n\t<meta name=\"twitter:data1\" content=\"1 Minute\" \/>\n<script type=\"application\/ld+json\" class=\"yoast-schema-graph\">{\"@context\":\"https:\/\/schema.org\",\"@graph\":[{\"@type\":\"WebPage\",\"@id\":\"https:\/\/www.icscoolenergy.com\/de\/product\/werkraum-300\/\",\"url\":\"https:\/\/www.icscoolenergy.com\/de\/product\/werkraum-300\/\",\"name\":\"Mobile Heizzentrale 300 KW | ICS Cool Energy\",\"isPartOf\":{\"@id\":\"https:\/\/www.icscoolenergy.com\/de\/#website\"},\"primaryImageOfPage\":{\"@id\":\"https:\/\/www.icscoolenergy.com\/de\/product\/werkraum-300\/#primaryimage\"},\"image\":{\"@id\":\"https:\/\/www.icscoolenergy.com\/de\/product\/werkraum-300\/#primaryimage\"},\"thumbnailUrl\":\"https:\/\/www.icscoolenergy.com\/wp-content\/uploads\/sites\/4\/2024\/04\/Boiler-Plant-Room-300.png\",\"datePublished\":\"2024-04-22T12:19:28+00:00\",\"dateModified\":\"2024-12-13T17:06:58+00:00\",\"breadcrumb\":{\"@id\":\"https:\/\/www.icscoolenergy.com\/de\/product\/werkraum-300\/#breadcrumb\"},\"inLanguage\":\"de-DE\",\"potentialAction\":[{\"@type\":\"ReadAction\",\"target\":[\"https:\/\/www.icscoolenergy.com\/de\/product\/werkraum-300\/\"]}]},{\"@type\":\"ImageObject\",\"inLanguage\":\"de-DE\",\"@id\":\"https:\/\/www.icscoolenergy.com\/de\/product\/werkraum-300\/#primaryimage\",\"url\":\"https:\/\/www.icscoolenergy.com\/wp-content\/uploads\/sites\/4\/2024\/04\/Boiler-Plant-Room-300.png\",\"contentUrl\":\"https:\/\/www.icscoolenergy.com\/wp-content\/uploads\/sites\/4\/2024\/04\/Boiler-Plant-Room-300.png\",\"width\":560,\"height\":420},{\"@type\":\"BreadcrumbList\",\"@id\":\"https:\/\/www.icscoolenergy.com\/de\/product\/werkraum-300\/#breadcrumb\",\"itemListElement\":[{\"@type\":\"ListItem\",\"position\":1,\"name\":\"Home\",\"item\":\"https:\/\/www.icscoolenergy.com\/de\/\"},{\"@type\":\"ListItem\",\"position\":2,\"name\":\"Shop\",\"item\":\"https:\/\/www.icscoolenergy.com\/de\/shop\/\"},{\"@type\":\"ListItem\",\"position\":3,\"name\":\"Mobile Heizzentrale 300 KW\"}]},{\"@type\":\"WebSite\",\"@id\":\"https:\/\/www.icscoolenergy.com\/de\/#website\",\"url\":\"https:\/\/www.icscoolenergy.com\/de\/\",\"name\":\"ICS Cool Energy\",\"description\":\"The Process Temperature Control Specialists\",\"publisher\":{\"@id\":\"https:\/\/www.icscoolenergy.com\/de\/#organization\"},\"potentialAction\":[{\"@type\":\"SearchAction\",\"target\":{\"@type\":\"EntryPoint\",\"urlTemplate\":\"https:\/\/www.icscoolenergy.com\/de\/?s={search_term_string}\"},\"query-input\":{\"@type\":\"PropertyValueSpecification\",\"valueRequired\":true,\"valueName\":\"search_term_string\"}}],\"inLanguage\":\"de-DE\"},{\"@type\":\"Organization\",\"@id\":\"https:\/\/www.icscoolenergy.com\/de\/#organization\",\"name\":\"ICS Cool Energy\",\"url\":\"https:\/\/www.icscoolenergy.com\/de\/\",\"logo\":{\"@type\":\"ImageObject\",\"inLanguage\":\"de-DE\",\"@id\":\"https:\/\/www.icscoolenergy.com\/de\/#\/schema\/logo\/image\/\",\"url\":\"https:\/\/www.icscoolenergy.com\/wp-content\/uploads\/sites\/4\/2024\/01\/ics-cool-energy-logo.svg\",\"contentUrl\":\"https:\/\/www.icscoolenergy.com\/wp-content\/uploads\/sites\/4\/2024\/01\/ics-cool-energy-logo.svg\",\"caption\":\"ICS Cool Energy\"},\"image\":{\"@id\":\"https:\/\/www.icscoolenergy.com\/de\/#\/schema\/logo\/image\/\"},\"sameAs\":[\"https:\/\/www.linkedin.com\/company\/ics-temperature-control\/\",\"https:\/\/www.youtube.com\/@ICSCoolEnergyLtd\"]}]}<\/script>\n<!-- \/ Yoast SEO Premium plugin. -->","yoast_head_json":{"title":"Mobile Heizzentrale 300 KW | ICS Cool Energy","robots":{"index":"noindex","follow":"follow"},"og_locale":"de_DE","og_type":"article","og_title":"Mobile Heizzentrale 300 KW","og_description":"Unsere Heizcontainer mit bis zu 300 KW Leistung sind f\u00fcr einen zuverl\u00e4ssigen und sicheren Betrieb mit flexiblen Schl\u00e4uchen ausgelegt, die einem Druck von bis zu 7 bar und Temperaturen von bis zu 90\u00b0C standhalten. Der Stahlbeh\u00e4lter erm\u00f6glicht die Aufstellung im Freien und einen besseren Schutz vor Umwelteinfl\u00fcssen. Dank des Containers kann er auch leicht mit ... Weiterlesen","og_url":"https:\/\/www.icscoolenergy.com\/de\/product\/werkraum-300\/","og_site_name":"German","article_modified_time":"2024-12-13T17:06:58+00:00","og_image":[{"width":560,"height":420,"url":"https:\/\/www.icscoolenergy.com\/wp-content\/uploads\/sites\/4\/2024\/04\/Boiler-Plant-Room-300.png","type":"image\/png"}],"twitter_card":"summary_large_image","twitter_misc":{"Est. reading time":"1 Minute"},"schema":{"@context":"https:\/\/schema.org","@graph":[{"@type":"WebPage","@id":"https:\/\/www.icscoolenergy.com\/de\/product\/werkraum-300\/","url":"https:\/\/www.icscoolenergy.com\/de\/product\/werkraum-300\/","name":"Mobile Heizzentrale 300 KW | ICS Cool Energy","isPartOf":{"@id":"https:\/\/www.icscoolenergy.com\/de\/#website"},"primaryImageOfPage":{"@id":"https:\/\/www.icscoolenergy.com\/de\/product\/werkraum-300\/#primaryimage"},"image":{"@id":"https:\/\/www.icscoolenergy.com\/de\/product\/werkraum-300\/#primaryimage"},"thumbnailUrl":"https:\/\/www.icscoolenergy.com\/wp-content\/uploads\/sites\/4\/2024\/04\/Boiler-Plant-Room-300.png","datePublished":"2024-04-22T12:19:28+00:00","dateModified":"2024-12-13T17:06:58+00:00","breadcrumb":{"@id":"https:\/\/www.icscoolenergy.com\/de\/product\/werkraum-300\/#breadcrumb"},"inLanguage":"de-DE","potentialAction":[{"@type":"ReadAction","target":["https:\/\/www.icscoolenergy.com\/de\/product\/werkraum-300\/"]}]},{"@type":"ImageObject","inLanguage":"de-DE","@id":"https:\/\/www.icscoolenergy.com\/de\/product\/werkraum-300\/#primaryimage","url":"https:\/\/www.icscoolenergy.com\/wp-content\/uploads\/sites\/4\/2024\/04\/Boiler-Plant-Room-300.png","contentUrl":"https:\/\/www.icscoolenergy.com\/wp-content\/uploads\/sites\/4\/2024\/04\/Boiler-Plant-Room-300.png","width":560,"height":420},{"@type":"BreadcrumbList","@id":"https:\/\/www.icscoolenergy.com\/de\/product\/werkraum-300\/#breadcrumb","itemListElement":[{"@type":"ListItem","position":1,"name":"Home","item":"https:\/\/www.icscoolenergy.com\/de\/"},{"@type":"ListItem","position":2,"name":"Shop","item":"https:\/\/www.icscoolenergy.com\/de\/shop\/"},{"@type":"ListItem","position":3,"name":"Mobile Heizzentrale 300 KW"}]},{"@type":"WebSite","@id":"https:\/\/www.icscoolenergy.com\/de\/#website","url":"https:\/\/www.icscoolenergy.com\/de\/","name":"ICS Cool Energy","description":"The Process Temperature Control Specialists","publisher":{"@id":"https:\/\/www.icscoolenergy.com\/de\/#organization"},"potentialAction":[{"@type":"SearchAction","target":{"@type":"EntryPoint","urlTemplate":"https:\/\/www.icscoolenergy.com\/de\/?s={search_term_string}"},"query-input":{"@type":"PropertyValueSpecification","valueRequired":true,"valueName":"search_term_string"}}],"inLanguage":"de-DE"},{"@type":"Organization","@id":"https:\/\/www.icscoolenergy.com\/de\/#organization","name":"ICS Cool Energy","url":"https:\/\/www.icscoolenergy.com\/de\/","logo":{"@type":"ImageObject","inLanguage":"de-DE","@id":"https:\/\/www.icscoolenergy.com\/de\/#\/schema\/logo\/image\/","url":"https:\/\/www.icscoolenergy.com\/wp-content\/uploads\/sites\/4\/2024\/01\/ics-cool-energy-logo.svg","contentUrl":"https:\/\/www.icscoolenergy.com\/wp-content\/uploads\/sites\/4\/2024\/01\/ics-cool-energy-logo.svg","caption":"ICS Cool Energy"},"image":{"@id":"https:\/\/www.icscoolenergy.com\/de\/#\/schema\/logo\/image\/"},"sameAs":["https:\/\/www.linkedin.com\/company\/ics-temperature-control\/","https:\/\/www.youtube.com\/@ICSCoolEnergyLtd"]}]}},"_links":{"self":[{"href":"https:\/\/www.icscoolenergy.com\/de\/wp-json\/wp\/v2\/product\/94478","targetHints":{"allow":["GET"]}}],"collection":[{"href":"https:\/\/www.icscoolenergy.com\/de\/wp-json\/wp\/v2\/product"}],"about":[{"href":"https:\/\/www.icscoolenergy.com\/de\/wp-json\/wp\/v2\/types\/product"}],"replies":[{"embeddable":true,"href":"https:\/\/www.icscoolenergy.com\/de\/wp-json\/wp\/v2\/comments?post=94478"}],"wp:featuredmedia":[{"embeddable":true,"href":"https:\/\/www.icscoolenergy.com\/de\/wp-json\/wp\/v2\/media\/91590"}],"wp:attachment":[{"href":"https:\/\/www.icscoolenergy.com\/de\/wp-json\/wp\/v2\/media?parent=94478"}],"wp:term":[{"taxonomy":"product_brand","embeddable":true,"href":"https:\/\/www.icscoolenergy.com\/de\/wp-json\/wp\/v2\/product_brand?post=94478"},{"taxonomy":"product_cat","embeddable":true,"href":"https:\/\/www.icscoolenergy.com\/de\/wp-json\/wp\/v2\/product_cat?post=94478"},{"taxonomy":"product_tag","embeddable":true,"href":"https:\/\/www.icscoolenergy.com\/de\/wp-json\/wp\/v2\/product_tag?post=94478"}],"curies":[{"name":"wp","href":"https:\/\/api.w.org\/{rel}","templated":true}]}}