 
{"id":94492,"date":"2024-04-22T08:10:44","date_gmt":"2024-04-22T08:10:44","guid":{"rendered":"https:\/\/www.icscoolenergy.com\/de\/unkategorisiert\/kuehlhaus-40\/"},"modified":"2024-09-25T13:12:54","modified_gmt":"2024-09-25T13:12:54","slug":"kuehlhaus-40","status":"publish","type":"product","link":"https:\/\/www.icscoolenergy.com\/de\/product\/kuehlhaus-40\/","title":{"rendered":"K\u00fchlhaus 40"},"content":{"rendered":"<p>Unser 40-Fu\u00df-K\u00fchlcontainer wurde mit dem Gedanken an den Benutzer entworfen und gebaut. Er bietet kontinuierliche Zuverl\u00e4ssigkeit, optimale Leistung und niedrige Betriebskosten.<\/p>\n<p>Der Cold Store 40 wurde entwickelt, um K\u00fchllagerungsl\u00f6sungen mit einer Breite von 2 Paletten zu bieten, wobei die Maschinen b\u00fcndig eingebaut werden, um jeglichen Verlust an interner Kapazit\u00e4t zu vermeiden. Der K\u00fchlraum bietet eine wirtschaftliche und leistungsstarke K\u00fchlung mit st\u00f6rungsfreiem Betrieb. Er bietet die ideale Temperatur f\u00fcr die Aufbewahrung Ihrer Produkte, einen \u00d6ko-Modus zur Minimierung des Stromverbrauchs und Selbstdiagnosefunktionen, die Ihnen zus\u00e4tzliche Sicherheit geben.<\/p>\n<p>Die Ger\u00e4te sind ab Lager verf\u00fcgbar und k\u00f6nnen landesweit geliefert werden.<\/p>\n","protected":false},"excerpt":{"rendered":"<p>Unser 40-Fu\u00df-K\u00fchlcontainer wurde mit dem Gedanken an den Benutzer entworfen und gebaut. Er bietet kontinuierliche Zuverl\u00e4ssigkeit, optimale Leistung und niedrige Betriebskosten. Der Cold Store 40 wurde entwickelt, um K\u00fchllagerungsl\u00f6sungen mit einer Breite von 2 Paletten zu bieten, wobei die Maschinen b\u00fcndig eingebaut werden, um jeglichen Verlust an interner Kapazit\u00e4t zu vermeiden. Der K\u00fchlraum bietet eine &#8230; <a title=\"K\u00fchlhaus 40\" class=\"read-more\" href=\"https:\/\/www.icscoolenergy.com\/de\/product\/kuehlhaus-40\/\" aria-label=\"More on K\u00fchlhaus 40\">Weiterlesen<\/a><\/p>\n","protected":false},"featured_media":91516,"comment_status":"closed","ping_status":"closed","template":"","meta":{"_acf_changed":false,"inline_featured_image":false,"_editorskit_title_hidden":false,"_editorskit_reading_time":0,"_editorskit_is_block_options_detached":false,"_editorskit_block_options_position":"{}","editor_plus_copied_stylings":"{}"},"product_brand":[],"product_cat":[1012,1013,1016,2401,2364,2327],"product_tag":[],"class_list":{"0":"post-94492","1":"product","2":"type-product","3":"status-publish","4":"has-post-thumbnail","6":"product_cat-kuhllagerung","7":"product_cat-kuhllagerung-mieten","8":"product_cat-vermietung-von-kuhlcontainern","9":"product_cat-kuehlcontainer-mieten","10":"product_cat-kuehlhaus-mieten","11":"product_cat-kuehllager-mieten","13":"first","14":"instock","15":"shipping-taxable","16":"product-type-simple"},"acf":[],"yoast_head":"<!-- This site is optimized with the Yoast SEO Premium plugin v24.5 (Yoast SEO v26.9) - https:\/\/yoast.com\/product\/yoast-seo-premium-wordpress\/ -->\n<title>K\u00fchlhaus 40 | ICS Cool Energy<\/title>\n<meta name=\"robots\" content=\"noindex, follow\" \/>\n<meta property=\"og:locale\" content=\"de_DE\" \/>\n<meta property=\"og:type\" content=\"article\" \/>\n<meta property=\"og:title\" content=\"K\u00fchlhaus 40\" \/>\n<meta property=\"og:description\" content=\"Unser 40-Fu\u00df-K\u00fchlcontainer wurde mit dem Gedanken an den Benutzer entworfen und gebaut. Er bietet kontinuierliche Zuverl\u00e4ssigkeit, optimale Leistung und niedrige Betriebskosten. Der Cold Store 40 wurde entwickelt, um K\u00fchllagerungsl\u00f6sungen mit einer Breite von 2 Paletten zu bieten, wobei die Maschinen b\u00fcndig eingebaut werden, um jeglichen Verlust an interner Kapazit\u00e4t zu vermeiden. Der K\u00fchlraum bietet eine ... Weiterlesen\" \/>\n<meta property=\"og:url\" content=\"https:\/\/www.icscoolenergy.com\/de\/product\/kuehlhaus-40\/\" \/>\n<meta property=\"og:site_name\" content=\"German\" \/>\n<meta property=\"article:modified_time\" content=\"2024-09-25T13:12:54+00:00\" \/>\n<meta property=\"og:image\" content=\"https:\/\/www.icscoolenergy.com\/wp-content\/uploads\/sites\/4\/2024\/04\/Cold-Store-40.png\" \/>\n\t<meta property=\"og:image:width\" content=\"560\" \/>\n\t<meta property=\"og:image:height\" content=\"420\" \/>\n\t<meta property=\"og:image:type\" content=\"image\/png\" \/>\n<meta name=\"twitter:card\" content=\"summary_large_image\" \/>\n<meta name=\"twitter:label1\" content=\"Est. reading time\" \/>\n\t<meta name=\"twitter:data1\" content=\"1 Minute\" \/>\n<script type=\"application\/ld+json\" class=\"yoast-schema-graph\">{\"@context\":\"https:\/\/schema.org\",\"@graph\":[{\"@type\":\"WebPage\",\"@id\":\"https:\/\/www.icscoolenergy.com\/de\/product\/kuehlhaus-40\/\",\"url\":\"https:\/\/www.icscoolenergy.com\/de\/product\/kuehlhaus-40\/\",\"name\":\"K\u00fchlhaus 40 | ICS Cool Energy\",\"isPartOf\":{\"@id\":\"https:\/\/www.icscoolenergy.com\/de\/#website\"},\"primaryImageOfPage\":{\"@id\":\"https:\/\/www.icscoolenergy.com\/de\/product\/kuehlhaus-40\/#primaryimage\"},\"image\":{\"@id\":\"https:\/\/www.icscoolenergy.com\/de\/product\/kuehlhaus-40\/#primaryimage\"},\"thumbnailUrl\":\"https:\/\/www.icscoolenergy.com\/wp-content\/uploads\/sites\/4\/2024\/04\/Cold-Store-40.png\",\"datePublished\":\"2024-04-22T08:10:44+00:00\",\"dateModified\":\"2024-09-25T13:12:54+00:00\",\"breadcrumb\":{\"@id\":\"https:\/\/www.icscoolenergy.com\/de\/product\/kuehlhaus-40\/#breadcrumb\"},\"inLanguage\":\"de-DE\",\"potentialAction\":[{\"@type\":\"ReadAction\",\"target\":[\"https:\/\/www.icscoolenergy.com\/de\/product\/kuehlhaus-40\/\"]}]},{\"@type\":\"ImageObject\",\"inLanguage\":\"de-DE\",\"@id\":\"https:\/\/www.icscoolenergy.com\/de\/product\/kuehlhaus-40\/#primaryimage\",\"url\":\"https:\/\/www.icscoolenergy.com\/wp-content\/uploads\/sites\/4\/2024\/04\/Cold-Store-40.png\",\"contentUrl\":\"https:\/\/www.icscoolenergy.com\/wp-content\/uploads\/sites\/4\/2024\/04\/Cold-Store-40.png\",\"width\":560,\"height\":420,\"caption\":\"40ft K\u00fchllagerung K\u00fchlcontainer\"},{\"@type\":\"BreadcrumbList\",\"@id\":\"https:\/\/www.icscoolenergy.com\/de\/product\/kuehlhaus-40\/#breadcrumb\",\"itemListElement\":[{\"@type\":\"ListItem\",\"position\":1,\"name\":\"Home\",\"item\":\"https:\/\/www.icscoolenergy.com\/de\/\"},{\"@type\":\"ListItem\",\"position\":2,\"name\":\"Shop\",\"item\":\"https:\/\/www.icscoolenergy.com\/de\/shop\/\"},{\"@type\":\"ListItem\",\"position\":3,\"name\":\"K\u00fchlhaus 40\"}]},{\"@type\":\"WebSite\",\"@id\":\"https:\/\/www.icscoolenergy.com\/de\/#website\",\"url\":\"https:\/\/www.icscoolenergy.com\/de\/\",\"name\":\"ICS Cool Energy\",\"description\":\"The Process Temperature Control Specialists\",\"publisher\":{\"@id\":\"https:\/\/www.icscoolenergy.com\/de\/#organization\"},\"potentialAction\":[{\"@type\":\"SearchAction\",\"target\":{\"@type\":\"EntryPoint\",\"urlTemplate\":\"https:\/\/www.icscoolenergy.com\/de\/?s={search_term_string}\"},\"query-input\":{\"@type\":\"PropertyValueSpecification\",\"valueRequired\":true,\"valueName\":\"search_term_string\"}}],\"inLanguage\":\"de-DE\"},{\"@type\":\"Organization\",\"@id\":\"https:\/\/www.icscoolenergy.com\/de\/#organization\",\"name\":\"ICS Cool Energy\",\"url\":\"https:\/\/www.icscoolenergy.com\/de\/\",\"logo\":{\"@type\":\"ImageObject\",\"inLanguage\":\"de-DE\",\"@id\":\"https:\/\/www.icscoolenergy.com\/de\/#\/schema\/logo\/image\/\",\"url\":\"https:\/\/www.icscoolenergy.com\/wp-content\/uploads\/sites\/4\/2024\/01\/ics-cool-energy-logo.svg\",\"contentUrl\":\"https:\/\/www.icscoolenergy.com\/wp-content\/uploads\/sites\/4\/2024\/01\/ics-cool-energy-logo.svg\",\"caption\":\"ICS Cool Energy\"},\"image\":{\"@id\":\"https:\/\/www.icscoolenergy.com\/de\/#\/schema\/logo\/image\/\"},\"sameAs\":[\"https:\/\/www.linkedin.com\/company\/ics-temperature-control\/\",\"https:\/\/www.youtube.com\/@ICSCoolEnergyLtd\"]}]}<\/script>\n<!-- \/ Yoast SEO Premium plugin. -->","yoast_head_json":{"title":"K\u00fchlhaus 40 | ICS Cool Energy","robots":{"index":"noindex","follow":"follow"},"og_locale":"de_DE","og_type":"article","og_title":"K\u00fchlhaus 40","og_description":"Unser 40-Fu\u00df-K\u00fchlcontainer wurde mit dem Gedanken an den Benutzer entworfen und gebaut. Er bietet kontinuierliche Zuverl\u00e4ssigkeit, optimale Leistung und niedrige Betriebskosten. Der Cold Store 40 wurde entwickelt, um K\u00fchllagerungsl\u00f6sungen mit einer Breite von 2 Paletten zu bieten, wobei die Maschinen b\u00fcndig eingebaut werden, um jeglichen Verlust an interner Kapazit\u00e4t zu vermeiden. Der K\u00fchlraum bietet eine ... Weiterlesen","og_url":"https:\/\/www.icscoolenergy.com\/de\/product\/kuehlhaus-40\/","og_site_name":"German","article_modified_time":"2024-09-25T13:12:54+00:00","og_image":[{"width":560,"height":420,"url":"https:\/\/www.icscoolenergy.com\/wp-content\/uploads\/sites\/4\/2024\/04\/Cold-Store-40.png","type":"image\/png"}],"twitter_card":"summary_large_image","twitter_misc":{"Est. reading time":"1 Minute"},"schema":{"@context":"https:\/\/schema.org","@graph":[{"@type":"WebPage","@id":"https:\/\/www.icscoolenergy.com\/de\/product\/kuehlhaus-40\/","url":"https:\/\/www.icscoolenergy.com\/de\/product\/kuehlhaus-40\/","name":"K\u00fchlhaus 40 | ICS Cool Energy","isPartOf":{"@id":"https:\/\/www.icscoolenergy.com\/de\/#website"},"primaryImageOfPage":{"@id":"https:\/\/www.icscoolenergy.com\/de\/product\/kuehlhaus-40\/#primaryimage"},"image":{"@id":"https:\/\/www.icscoolenergy.com\/de\/product\/kuehlhaus-40\/#primaryimage"},"thumbnailUrl":"https:\/\/www.icscoolenergy.com\/wp-content\/uploads\/sites\/4\/2024\/04\/Cold-Store-40.png","datePublished":"2024-04-22T08:10:44+00:00","dateModified":"2024-09-25T13:12:54+00:00","breadcrumb":{"@id":"https:\/\/www.icscoolenergy.com\/de\/product\/kuehlhaus-40\/#breadcrumb"},"inLanguage":"de-DE","potentialAction":[{"@type":"ReadAction","target":["https:\/\/www.icscoolenergy.com\/de\/product\/kuehlhaus-40\/"]}]},{"@type":"ImageObject","inLanguage":"de-DE","@id":"https:\/\/www.icscoolenergy.com\/de\/product\/kuehlhaus-40\/#primaryimage","url":"https:\/\/www.icscoolenergy.com\/wp-content\/uploads\/sites\/4\/2024\/04\/Cold-Store-40.png","contentUrl":"https:\/\/www.icscoolenergy.com\/wp-content\/uploads\/sites\/4\/2024\/04\/Cold-Store-40.png","width":560,"height":420,"caption":"40ft K\u00fchllagerung K\u00fchlcontainer"},{"@type":"BreadcrumbList","@id":"https:\/\/www.icscoolenergy.com\/de\/product\/kuehlhaus-40\/#breadcrumb","itemListElement":[{"@type":"ListItem","position":1,"name":"Home","item":"https:\/\/www.icscoolenergy.com\/de\/"},{"@type":"ListItem","position":2,"name":"Shop","item":"https:\/\/www.icscoolenergy.com\/de\/shop\/"},{"@type":"ListItem","position":3,"name":"K\u00fchlhaus 40"}]},{"@type":"WebSite","@id":"https:\/\/www.icscoolenergy.com\/de\/#website","url":"https:\/\/www.icscoolenergy.com\/de\/","name":"ICS Cool Energy","description":"The Process Temperature Control Specialists","publisher":{"@id":"https:\/\/www.icscoolenergy.com\/de\/#organization"},"potentialAction":[{"@type":"SearchAction","target":{"@type":"EntryPoint","urlTemplate":"https:\/\/www.icscoolenergy.com\/de\/?s={search_term_string}"},"query-input":{"@type":"PropertyValueSpecification","valueRequired":true,"valueName":"search_term_string"}}],"inLanguage":"de-DE"},{"@type":"Organization","@id":"https:\/\/www.icscoolenergy.com\/de\/#organization","name":"ICS Cool Energy","url":"https:\/\/www.icscoolenergy.com\/de\/","logo":{"@type":"ImageObject","inLanguage":"de-DE","@id":"https:\/\/www.icscoolenergy.com\/de\/#\/schema\/logo\/image\/","url":"https:\/\/www.icscoolenergy.com\/wp-content\/uploads\/sites\/4\/2024\/01\/ics-cool-energy-logo.svg","contentUrl":"https:\/\/www.icscoolenergy.com\/wp-content\/uploads\/sites\/4\/2024\/01\/ics-cool-energy-logo.svg","caption":"ICS Cool Energy"},"image":{"@id":"https:\/\/www.icscoolenergy.com\/de\/#\/schema\/logo\/image\/"},"sameAs":["https:\/\/www.linkedin.com\/company\/ics-temperature-control\/","https:\/\/www.youtube.com\/@ICSCoolEnergyLtd"]}]}},"_links":{"self":[{"href":"https:\/\/www.icscoolenergy.com\/de\/wp-json\/wp\/v2\/product\/94492","targetHints":{"allow":["GET"]}}],"collection":[{"href":"https:\/\/www.icscoolenergy.com\/de\/wp-json\/wp\/v2\/product"}],"about":[{"href":"https:\/\/www.icscoolenergy.com\/de\/wp-json\/wp\/v2\/types\/product"}],"replies":[{"embeddable":true,"href":"https:\/\/www.icscoolenergy.com\/de\/wp-json\/wp\/v2\/comments?post=94492"}],"wp:featuredmedia":[{"embeddable":true,"href":"https:\/\/www.icscoolenergy.com\/de\/wp-json\/wp\/v2\/media\/91516"}],"wp:attachment":[{"href":"https:\/\/www.icscoolenergy.com\/de\/wp-json\/wp\/v2\/media?parent=94492"}],"wp:term":[{"taxonomy":"product_brand","embeddable":true,"href":"https:\/\/www.icscoolenergy.com\/de\/wp-json\/wp\/v2\/product_brand?post=94492"},{"taxonomy":"product_cat","embeddable":true,"href":"https:\/\/www.icscoolenergy.com\/de\/wp-json\/wp\/v2\/product_cat?post=94492"},{"taxonomy":"product_tag","embeddable":true,"href":"https:\/\/www.icscoolenergy.com\/de\/wp-json\/wp\/v2\/product_tag?post=94492"}],"curies":[{"name":"wp","href":"https:\/\/api.w.org\/{rel}","templated":true}]}}