 
{"id":94509,"date":"2024-04-26T15:40:45","date_gmt":"2024-04-26T15:40:45","guid":{"rendered":"https:\/\/www.icscoolenergy.com\/de\/unkategorisiert\/i-temp-kompakt-flex-line\/"},"modified":"2024-06-13T14:38:15","modified_gmt":"2024-06-13T14:38:15","slug":"i-temp-kompakt-flex-line","status":"publish","type":"product","link":"https:\/\/www.icscoolenergy.com\/de\/product\/i-temp-kompakt-flex-line\/","title":{"rendered":"i-Temp Compact flex.line"},"content":{"rendered":"<p>In der flex.line Serie kann der Temperaturregler auf Wunsch individuell und flexibel mit umfangreichen Funktionen und zahlreichen Optionen konfiguriert werden. Sie eignen sich f\u00fcr die wirtschaftliche Temperierung von Wasser mit Temperaturen bis zu 350\u00b0C und Durchflussmengen bis zu 350 l\/min, mit einer Heizleistung zwischen 0 und 72 kW.<\/p>\n<p>Auf der Basis eines umfangreichen und standardisierten Baukastensystems k\u00f6nnen wir flexibel auf individuelle Kundenw\u00fcnsche mit einem hervorragenden Preis-\/Leistungsverh\u00e4ltnis reagieren. Das modulare Konzept erm\u00f6glicht au\u00dferdem kurze Lieferzeiten f\u00fcr frei konfigurierte Temperierger\u00e4te.<\/p>\n","protected":false},"excerpt":{"rendered":"<p>In der flex.line Serie kann der Temperaturregler auf Wunsch individuell und flexibel mit umfangreichen Funktionen und zahlreichen Optionen konfiguriert werden. Sie eignen sich f\u00fcr die wirtschaftliche Temperierung von Wasser mit Temperaturen bis zu 350\u00b0C und Durchflussmengen bis zu 350 l\/min, mit einer Heizleistung zwischen 0 und 72 kW. Auf der Basis eines umfangreichen und standardisierten &#8230; <a title=\"i-Temp Compact flex.line\" class=\"read-more\" href=\"https:\/\/www.icscoolenergy.com\/de\/product\/i-temp-kompakt-flex-line\/\" aria-label=\"More on i-Temp Compact flex.line\">Weiterlesen<\/a><\/p>\n","protected":false},"featured_media":93734,"comment_status":"closed","ping_status":"closed","template":"","meta":{"_acf_changed":false,"inline_featured_image":false,"_editorskit_title_hidden":false,"_editorskit_reading_time":0,"_editorskit_is_block_options_detached":false,"_editorskit_block_options_position":"{}","editor_plus_copied_stylings":"{}"},"product_brand":[],"product_cat":[1017],"product_tag":[],"class_list":{"0":"post-94509","1":"product","2":"type-product","3":"status-publish","4":"has-post-thumbnail","6":"product_cat-temperaturkontrollgerate","8":"first","9":"instock","10":"shipping-taxable","11":"product-type-simple"},"acf":[],"yoast_head":"<!-- This site is optimized with the Yoast SEO Premium plugin v24.5 (Yoast SEO v26.9) - https:\/\/yoast.com\/product\/yoast-seo-premium-wordpress\/ -->\n<title>i-Temp Compact flex.line | ICS Cool Energy<\/title>\n<meta name=\"robots\" content=\"noindex, follow\" \/>\n<meta property=\"og:locale\" content=\"de_DE\" \/>\n<meta property=\"og:type\" content=\"article\" \/>\n<meta property=\"og:title\" content=\"i-Temp Compact flex.line\" \/>\n<meta property=\"og:description\" content=\"In der flex.line Serie kann der Temperaturregler auf Wunsch individuell und flexibel mit umfangreichen Funktionen und zahlreichen Optionen konfiguriert werden. Sie eignen sich f\u00fcr die wirtschaftliche Temperierung von Wasser mit Temperaturen bis zu 350\u00b0C und Durchflussmengen bis zu 350 l\/min, mit einer Heizleistung zwischen 0 und 72 kW. Auf der Basis eines umfangreichen und standardisierten ... Weiterlesen\" \/>\n<meta property=\"og:url\" content=\"https:\/\/www.icscoolenergy.com\/de\/product\/i-temp-kompakt-flex-line\/\" \/>\n<meta property=\"og:site_name\" content=\"German\" \/>\n<meta property=\"article:modified_time\" content=\"2024-06-13T14:38:15+00:00\" \/>\n<meta property=\"og:image\" content=\"https:\/\/www.icscoolenergy.com\/wp-content\/uploads\/sites\/4\/2024\/04\/i-Temp-Compact-flex-line-1.png\" \/>\n\t<meta property=\"og:image:width\" content=\"560\" \/>\n\t<meta property=\"og:image:height\" content=\"420\" \/>\n\t<meta property=\"og:image:type\" content=\"image\/png\" \/>\n<meta name=\"twitter:card\" content=\"summary_large_image\" \/>\n<meta name=\"twitter:label1\" content=\"Est. reading time\" \/>\n\t<meta name=\"twitter:data1\" content=\"1 Minute\" \/>\n<script type=\"application\/ld+json\" class=\"yoast-schema-graph\">{\"@context\":\"https:\/\/schema.org\",\"@graph\":[{\"@type\":\"WebPage\",\"@id\":\"https:\/\/www.icscoolenergy.com\/de\/product\/i-temp-kompakt-flex-line\/\",\"url\":\"https:\/\/www.icscoolenergy.com\/de\/product\/i-temp-kompakt-flex-line\/\",\"name\":\"i-Temp Compact flex.line | ICS Cool Energy\",\"isPartOf\":{\"@id\":\"https:\/\/www.icscoolenergy.com\/de\/#website\"},\"primaryImageOfPage\":{\"@id\":\"https:\/\/www.icscoolenergy.com\/de\/product\/i-temp-kompakt-flex-line\/#primaryimage\"},\"image\":{\"@id\":\"https:\/\/www.icscoolenergy.com\/de\/product\/i-temp-kompakt-flex-line\/#primaryimage\"},\"thumbnailUrl\":\"https:\/\/www.icscoolenergy.com\/wp-content\/uploads\/sites\/4\/2024\/04\/i-Temp-Compact-flex-line-1.png\",\"datePublished\":\"2024-04-26T15:40:45+00:00\",\"dateModified\":\"2024-06-13T14:38:15+00:00\",\"breadcrumb\":{\"@id\":\"https:\/\/www.icscoolenergy.com\/de\/product\/i-temp-kompakt-flex-line\/#breadcrumb\"},\"inLanguage\":\"de-DE\",\"potentialAction\":[{\"@type\":\"ReadAction\",\"target\":[\"https:\/\/www.icscoolenergy.com\/de\/product\/i-temp-kompakt-flex-line\/\"]}]},{\"@type\":\"ImageObject\",\"inLanguage\":\"de-DE\",\"@id\":\"https:\/\/www.icscoolenergy.com\/de\/product\/i-temp-kompakt-flex-line\/#primaryimage\",\"url\":\"https:\/\/www.icscoolenergy.com\/wp-content\/uploads\/sites\/4\/2024\/04\/i-Temp-Compact-flex-line-1.png\",\"contentUrl\":\"https:\/\/www.icscoolenergy.com\/wp-content\/uploads\/sites\/4\/2024\/04\/i-Temp-Compact-flex-line-1.png\",\"width\":560,\"height\":420,\"caption\":\"i-Temp Compact flex-line Produktabbildung\"},{\"@type\":\"BreadcrumbList\",\"@id\":\"https:\/\/www.icscoolenergy.com\/de\/product\/i-temp-kompakt-flex-line\/#breadcrumb\",\"itemListElement\":[{\"@type\":\"ListItem\",\"position\":1,\"name\":\"Home\",\"item\":\"https:\/\/www.icscoolenergy.com\/de\/\"},{\"@type\":\"ListItem\",\"position\":2,\"name\":\"Shop\",\"item\":\"https:\/\/www.icscoolenergy.com\/de\/shop\/\"},{\"@type\":\"ListItem\",\"position\":3,\"name\":\"i-Temp Compact flex.line\"}]},{\"@type\":\"WebSite\",\"@id\":\"https:\/\/www.icscoolenergy.com\/de\/#website\",\"url\":\"https:\/\/www.icscoolenergy.com\/de\/\",\"name\":\"ICS Cool Energy\",\"description\":\"The Process Temperature Control Specialists\",\"publisher\":{\"@id\":\"https:\/\/www.icscoolenergy.com\/de\/#organization\"},\"potentialAction\":[{\"@type\":\"SearchAction\",\"target\":{\"@type\":\"EntryPoint\",\"urlTemplate\":\"https:\/\/www.icscoolenergy.com\/de\/?s={search_term_string}\"},\"query-input\":{\"@type\":\"PropertyValueSpecification\",\"valueRequired\":true,\"valueName\":\"search_term_string\"}}],\"inLanguage\":\"de-DE\"},{\"@type\":\"Organization\",\"@id\":\"https:\/\/www.icscoolenergy.com\/de\/#organization\",\"name\":\"ICS Cool Energy\",\"url\":\"https:\/\/www.icscoolenergy.com\/de\/\",\"logo\":{\"@type\":\"ImageObject\",\"inLanguage\":\"de-DE\",\"@id\":\"https:\/\/www.icscoolenergy.com\/de\/#\/schema\/logo\/image\/\",\"url\":\"https:\/\/www.icscoolenergy.com\/wp-content\/uploads\/sites\/4\/2024\/01\/ics-cool-energy-logo.svg\",\"contentUrl\":\"https:\/\/www.icscoolenergy.com\/wp-content\/uploads\/sites\/4\/2024\/01\/ics-cool-energy-logo.svg\",\"caption\":\"ICS Cool Energy\"},\"image\":{\"@id\":\"https:\/\/www.icscoolenergy.com\/de\/#\/schema\/logo\/image\/\"},\"sameAs\":[\"https:\/\/www.linkedin.com\/company\/ics-temperature-control\/\",\"https:\/\/www.youtube.com\/@ICSCoolEnergyLtd\"]}]}<\/script>\n<!-- \/ Yoast SEO Premium plugin. -->","yoast_head_json":{"title":"i-Temp Compact flex.line | ICS Cool Energy","robots":{"index":"noindex","follow":"follow"},"og_locale":"de_DE","og_type":"article","og_title":"i-Temp Compact flex.line","og_description":"In der flex.line Serie kann der Temperaturregler auf Wunsch individuell und flexibel mit umfangreichen Funktionen und zahlreichen Optionen konfiguriert werden. Sie eignen sich f\u00fcr die wirtschaftliche Temperierung von Wasser mit Temperaturen bis zu 350\u00b0C und Durchflussmengen bis zu 350 l\/min, mit einer Heizleistung zwischen 0 und 72 kW. Auf der Basis eines umfangreichen und standardisierten ... Weiterlesen","og_url":"https:\/\/www.icscoolenergy.com\/de\/product\/i-temp-kompakt-flex-line\/","og_site_name":"German","article_modified_time":"2024-06-13T14:38:15+00:00","og_image":[{"width":560,"height":420,"url":"https:\/\/www.icscoolenergy.com\/wp-content\/uploads\/sites\/4\/2024\/04\/i-Temp-Compact-flex-line-1.png","type":"image\/png"}],"twitter_card":"summary_large_image","twitter_misc":{"Est. reading time":"1 Minute"},"schema":{"@context":"https:\/\/schema.org","@graph":[{"@type":"WebPage","@id":"https:\/\/www.icscoolenergy.com\/de\/product\/i-temp-kompakt-flex-line\/","url":"https:\/\/www.icscoolenergy.com\/de\/product\/i-temp-kompakt-flex-line\/","name":"i-Temp Compact flex.line | ICS Cool Energy","isPartOf":{"@id":"https:\/\/www.icscoolenergy.com\/de\/#website"},"primaryImageOfPage":{"@id":"https:\/\/www.icscoolenergy.com\/de\/product\/i-temp-kompakt-flex-line\/#primaryimage"},"image":{"@id":"https:\/\/www.icscoolenergy.com\/de\/product\/i-temp-kompakt-flex-line\/#primaryimage"},"thumbnailUrl":"https:\/\/www.icscoolenergy.com\/wp-content\/uploads\/sites\/4\/2024\/04\/i-Temp-Compact-flex-line-1.png","datePublished":"2024-04-26T15:40:45+00:00","dateModified":"2024-06-13T14:38:15+00:00","breadcrumb":{"@id":"https:\/\/www.icscoolenergy.com\/de\/product\/i-temp-kompakt-flex-line\/#breadcrumb"},"inLanguage":"de-DE","potentialAction":[{"@type":"ReadAction","target":["https:\/\/www.icscoolenergy.com\/de\/product\/i-temp-kompakt-flex-line\/"]}]},{"@type":"ImageObject","inLanguage":"de-DE","@id":"https:\/\/www.icscoolenergy.com\/de\/product\/i-temp-kompakt-flex-line\/#primaryimage","url":"https:\/\/www.icscoolenergy.com\/wp-content\/uploads\/sites\/4\/2024\/04\/i-Temp-Compact-flex-line-1.png","contentUrl":"https:\/\/www.icscoolenergy.com\/wp-content\/uploads\/sites\/4\/2024\/04\/i-Temp-Compact-flex-line-1.png","width":560,"height":420,"caption":"i-Temp Compact flex-line Produktabbildung"},{"@type":"BreadcrumbList","@id":"https:\/\/www.icscoolenergy.com\/de\/product\/i-temp-kompakt-flex-line\/#breadcrumb","itemListElement":[{"@type":"ListItem","position":1,"name":"Home","item":"https:\/\/www.icscoolenergy.com\/de\/"},{"@type":"ListItem","position":2,"name":"Shop","item":"https:\/\/www.icscoolenergy.com\/de\/shop\/"},{"@type":"ListItem","position":3,"name":"i-Temp Compact flex.line"}]},{"@type":"WebSite","@id":"https:\/\/www.icscoolenergy.com\/de\/#website","url":"https:\/\/www.icscoolenergy.com\/de\/","name":"ICS Cool Energy","description":"The Process Temperature Control Specialists","publisher":{"@id":"https:\/\/www.icscoolenergy.com\/de\/#organization"},"potentialAction":[{"@type":"SearchAction","target":{"@type":"EntryPoint","urlTemplate":"https:\/\/www.icscoolenergy.com\/de\/?s={search_term_string}"},"query-input":{"@type":"PropertyValueSpecification","valueRequired":true,"valueName":"search_term_string"}}],"inLanguage":"de-DE"},{"@type":"Organization","@id":"https:\/\/www.icscoolenergy.com\/de\/#organization","name":"ICS Cool Energy","url":"https:\/\/www.icscoolenergy.com\/de\/","logo":{"@type":"ImageObject","inLanguage":"de-DE","@id":"https:\/\/www.icscoolenergy.com\/de\/#\/schema\/logo\/image\/","url":"https:\/\/www.icscoolenergy.com\/wp-content\/uploads\/sites\/4\/2024\/01\/ics-cool-energy-logo.svg","contentUrl":"https:\/\/www.icscoolenergy.com\/wp-content\/uploads\/sites\/4\/2024\/01\/ics-cool-energy-logo.svg","caption":"ICS Cool Energy"},"image":{"@id":"https:\/\/www.icscoolenergy.com\/de\/#\/schema\/logo\/image\/"},"sameAs":["https:\/\/www.linkedin.com\/company\/ics-temperature-control\/","https:\/\/www.youtube.com\/@ICSCoolEnergyLtd"]}]}},"_links":{"self":[{"href":"https:\/\/www.icscoolenergy.com\/de\/wp-json\/wp\/v2\/product\/94509","targetHints":{"allow":["GET"]}}],"collection":[{"href":"https:\/\/www.icscoolenergy.com\/de\/wp-json\/wp\/v2\/product"}],"about":[{"href":"https:\/\/www.icscoolenergy.com\/de\/wp-json\/wp\/v2\/types\/product"}],"replies":[{"embeddable":true,"href":"https:\/\/www.icscoolenergy.com\/de\/wp-json\/wp\/v2\/comments?post=94509"}],"wp:featuredmedia":[{"embeddable":true,"href":"https:\/\/www.icscoolenergy.com\/de\/wp-json\/wp\/v2\/media\/93734"}],"wp:attachment":[{"href":"https:\/\/www.icscoolenergy.com\/de\/wp-json\/wp\/v2\/media?parent=94509"}],"wp:term":[{"taxonomy":"product_brand","embeddable":true,"href":"https:\/\/www.icscoolenergy.com\/de\/wp-json\/wp\/v2\/product_brand?post=94509"},{"taxonomy":"product_cat","embeddable":true,"href":"https:\/\/www.icscoolenergy.com\/de\/wp-json\/wp\/v2\/product_cat?post=94509"},{"taxonomy":"product_tag","embeddable":true,"href":"https:\/\/www.icscoolenergy.com\/de\/wp-json\/wp\/v2\/product_tag?post=94509"}],"curies":[{"name":"wp","href":"https:\/\/api.w.org\/{rel}","templated":true}]}}