 
{"id":94511,"date":"2024-04-25T11:14:58","date_gmt":"2024-04-25T11:14:58","guid":{"rendered":"https:\/\/www.icscoolenergy.com\/de\/unkategorisiert\/i-chiller-prozess-ltn\/"},"modified":"2024-10-31T16:06:32","modified_gmt":"2024-10-31T16:06:32","slug":"i-chiller-prozess-ltn","status":"publish","type":"product","link":"https:\/\/www.icscoolenergy.com\/de\/product\/i-chiller-prozess-ltn\/","title":{"rendered":"i-Chiller Prozess LTn"},"content":{"rendered":"<p>Die i-Chiller Process LTn K\u00e4ltemaschine ist eine luftgek\u00fchlte Industriek\u00e4ltemaschine f\u00fcr die Au\u00dfenaufstellung, die speziell f\u00fcr Tiefk\u00fchlanwendungen mit einer luftgek\u00fchlten K\u00e4ltemaschine entwickelt wurde.<\/p>\n<p>Diese K\u00e4ltemaschine bietet un\u00fcbertroffene Zuverl\u00e4ssigkeit und Sicherheit und nutzt die modernsten Gefriertechnologien. Diese Technologie bietet eine marktf\u00fchrende niedrige F\u00fcllmenge an K\u00e4ltemittel (70 kg), ohne Einbu\u00dfen bei der Gefrierkapazit\u00e4t oder Energieeffizienz. Es ist ideal f\u00fcr Tiefk\u00fchlprozesse, die W\u00e4rme\u00fcbertragungsfl\u00fcssigkeiten zwischen -12\u00b0C und -30\u00b0C erfordern.<\/p>\n","protected":false},"excerpt":{"rendered":"<p>Die i-Chiller Process LTn K\u00e4ltemaschine ist eine luftgek\u00fchlte Industriek\u00e4ltemaschine f\u00fcr die Au\u00dfenaufstellung, die speziell f\u00fcr Tiefk\u00fchlanwendungen mit einer luftgek\u00fchlten K\u00e4ltemaschine entwickelt wurde. Diese K\u00e4ltemaschine bietet un\u00fcbertroffene Zuverl\u00e4ssigkeit und Sicherheit und nutzt die modernsten Gefriertechnologien. Diese Technologie bietet eine marktf\u00fchrende niedrige F\u00fcllmenge an K\u00e4ltemittel (70 kg), ohne Einbu\u00dfen bei der Gefrierkapazit\u00e4t oder Energieeffizienz. Es ist ideal &#8230; <a title=\"i-Chiller Prozess LTn\" class=\"read-more\" href=\"https:\/\/www.icscoolenergy.com\/de\/product\/i-chiller-prozess-ltn\/\" aria-label=\"More on i-Chiller Prozess LTn\">Weiterlesen<\/a><\/p>\n","protected":false},"featured_media":93568,"comment_status":"closed","ping_status":"closed","template":"","meta":{"_acf_changed":false,"inline_featured_image":false,"_editorskit_title_hidden":false,"_editorskit_reading_time":0,"_editorskit_is_block_options_detached":false,"_editorskit_block_options_position":"{}","editor_plus_copied_stylings":"{}"},"product_brand":[],"product_cat":[350],"product_tag":[],"class_list":{"0":"post-94511","1":"product","2":"type-product","3":"status-publish","4":"has-post-thumbnail","6":"product_cat-boiler-hire","8":"first","9":"instock","10":"shipping-taxable","11":"product-type-simple"},"acf":[],"yoast_head":"<!-- This site is optimized with the Yoast SEO Premium plugin v24.5 (Yoast SEO v26.9) - https:\/\/yoast.com\/product\/yoast-seo-premium-wordpress\/ -->\n<title>i-Chiller Prozess LTn | ICS Cool Energy<\/title>\n<meta name=\"robots\" content=\"noindex, follow\" \/>\n<meta property=\"og:locale\" content=\"de_DE\" \/>\n<meta property=\"og:type\" content=\"article\" \/>\n<meta property=\"og:title\" content=\"i-Chiller Prozess LTn\" \/>\n<meta property=\"og:description\" content=\"Die i-Chiller Process LTn K\u00e4ltemaschine ist eine luftgek\u00fchlte Industriek\u00e4ltemaschine f\u00fcr die Au\u00dfenaufstellung, die speziell f\u00fcr Tiefk\u00fchlanwendungen mit einer luftgek\u00fchlten K\u00e4ltemaschine entwickelt wurde. Diese K\u00e4ltemaschine bietet un\u00fcbertroffene Zuverl\u00e4ssigkeit und Sicherheit und nutzt die modernsten Gefriertechnologien. Diese Technologie bietet eine marktf\u00fchrende niedrige F\u00fcllmenge an K\u00e4ltemittel (70 kg), ohne Einbu\u00dfen bei der Gefrierkapazit\u00e4t oder Energieeffizienz. Es ist ideal ... Weiterlesen\" \/>\n<meta property=\"og:url\" content=\"https:\/\/www.icscoolenergy.com\/de\/product\/i-chiller-prozess-ltn\/\" \/>\n<meta property=\"og:site_name\" content=\"German\" \/>\n<meta property=\"article:modified_time\" content=\"2024-10-31T16:06:32+00:00\" \/>\n<meta property=\"og:image\" content=\"https:\/\/www.icscoolenergy.com\/wp-content\/uploads\/sites\/4\/2024\/04\/i-chiller-process-LTn.png\" \/>\n\t<meta property=\"og:image:width\" content=\"560\" \/>\n\t<meta property=\"og:image:height\" content=\"420\" \/>\n\t<meta property=\"og:image:type\" content=\"image\/png\" \/>\n<meta name=\"twitter:card\" content=\"summary_large_image\" \/>\n<meta name=\"twitter:label1\" content=\"Est. reading time\" \/>\n\t<meta name=\"twitter:data1\" content=\"1 Minute\" \/>\n<script type=\"application\/ld+json\" class=\"yoast-schema-graph\">{\"@context\":\"https:\/\/schema.org\",\"@graph\":[{\"@type\":\"WebPage\",\"@id\":\"https:\/\/www.icscoolenergy.com\/de\/product\/i-chiller-prozess-ltn\/\",\"url\":\"https:\/\/www.icscoolenergy.com\/de\/product\/i-chiller-prozess-ltn\/\",\"name\":\"i-Chiller Prozess LTn | ICS Cool Energy\",\"isPartOf\":{\"@id\":\"https:\/\/www.icscoolenergy.com\/de\/#website\"},\"primaryImageOfPage\":{\"@id\":\"https:\/\/www.icscoolenergy.com\/de\/product\/i-chiller-prozess-ltn\/#primaryimage\"},\"image\":{\"@id\":\"https:\/\/www.icscoolenergy.com\/de\/product\/i-chiller-prozess-ltn\/#primaryimage\"},\"thumbnailUrl\":\"https:\/\/www.icscoolenergy.com\/wp-content\/uploads\/sites\/4\/2024\/04\/i-chiller-process-LTn.png\",\"datePublished\":\"2024-04-25T11:14:58+00:00\",\"dateModified\":\"2024-10-31T16:06:32+00:00\",\"breadcrumb\":{\"@id\":\"https:\/\/www.icscoolenergy.com\/de\/product\/i-chiller-prozess-ltn\/#breadcrumb\"},\"inLanguage\":\"de-DE\",\"potentialAction\":[{\"@type\":\"ReadAction\",\"target\":[\"https:\/\/www.icscoolenergy.com\/de\/product\/i-chiller-prozess-ltn\/\"]}]},{\"@type\":\"ImageObject\",\"inLanguage\":\"de-DE\",\"@id\":\"https:\/\/www.icscoolenergy.com\/de\/product\/i-chiller-prozess-ltn\/#primaryimage\",\"url\":\"https:\/\/www.icscoolenergy.com\/wp-content\/uploads\/sites\/4\/2024\/04\/i-chiller-process-LTn.png\",\"contentUrl\":\"https:\/\/www.icscoolenergy.com\/wp-content\/uploads\/sites\/4\/2024\/04\/i-chiller-process-LTn.png\",\"width\":560,\"height\":420,\"caption\":\"i-chiller Prozess LTn\"},{\"@type\":\"BreadcrumbList\",\"@id\":\"https:\/\/www.icscoolenergy.com\/de\/product\/i-chiller-prozess-ltn\/#breadcrumb\",\"itemListElement\":[{\"@type\":\"ListItem\",\"position\":1,\"name\":\"Home\",\"item\":\"https:\/\/www.icscoolenergy.com\/de\/\"},{\"@type\":\"ListItem\",\"position\":2,\"name\":\"Shop\",\"item\":\"https:\/\/www.icscoolenergy.com\/de\/shop\/\"},{\"@type\":\"ListItem\",\"position\":3,\"name\":\"i-Chiller Prozess LTn\"}]},{\"@type\":\"WebSite\",\"@id\":\"https:\/\/www.icscoolenergy.com\/de\/#website\",\"url\":\"https:\/\/www.icscoolenergy.com\/de\/\",\"name\":\"ICS Cool Energy\",\"description\":\"The Process Temperature Control Specialists\",\"publisher\":{\"@id\":\"https:\/\/www.icscoolenergy.com\/de\/#organization\"},\"potentialAction\":[{\"@type\":\"SearchAction\",\"target\":{\"@type\":\"EntryPoint\",\"urlTemplate\":\"https:\/\/www.icscoolenergy.com\/de\/?s={search_term_string}\"},\"query-input\":{\"@type\":\"PropertyValueSpecification\",\"valueRequired\":true,\"valueName\":\"search_term_string\"}}],\"inLanguage\":\"de-DE\"},{\"@type\":\"Organization\",\"@id\":\"https:\/\/www.icscoolenergy.com\/de\/#organization\",\"name\":\"ICS Cool Energy\",\"url\":\"https:\/\/www.icscoolenergy.com\/de\/\",\"logo\":{\"@type\":\"ImageObject\",\"inLanguage\":\"de-DE\",\"@id\":\"https:\/\/www.icscoolenergy.com\/de\/#\/schema\/logo\/image\/\",\"url\":\"https:\/\/www.icscoolenergy.com\/wp-content\/uploads\/sites\/4\/2024\/01\/ics-cool-energy-logo.svg\",\"contentUrl\":\"https:\/\/www.icscoolenergy.com\/wp-content\/uploads\/sites\/4\/2024\/01\/ics-cool-energy-logo.svg\",\"caption\":\"ICS Cool Energy\"},\"image\":{\"@id\":\"https:\/\/www.icscoolenergy.com\/de\/#\/schema\/logo\/image\/\"},\"sameAs\":[\"https:\/\/www.linkedin.com\/company\/ics-temperature-control\/\",\"https:\/\/www.youtube.com\/@ICSCoolEnergyLtd\"]}]}<\/script>\n<!-- \/ Yoast SEO Premium plugin. -->","yoast_head_json":{"title":"i-Chiller Prozess LTn | ICS Cool Energy","robots":{"index":"noindex","follow":"follow"},"og_locale":"de_DE","og_type":"article","og_title":"i-Chiller Prozess LTn","og_description":"Die i-Chiller Process LTn K\u00e4ltemaschine ist eine luftgek\u00fchlte Industriek\u00e4ltemaschine f\u00fcr die Au\u00dfenaufstellung, die speziell f\u00fcr Tiefk\u00fchlanwendungen mit einer luftgek\u00fchlten K\u00e4ltemaschine entwickelt wurde. Diese K\u00e4ltemaschine bietet un\u00fcbertroffene Zuverl\u00e4ssigkeit und Sicherheit und nutzt die modernsten Gefriertechnologien. Diese Technologie bietet eine marktf\u00fchrende niedrige F\u00fcllmenge an K\u00e4ltemittel (70 kg), ohne Einbu\u00dfen bei der Gefrierkapazit\u00e4t oder Energieeffizienz. Es ist ideal ... Weiterlesen","og_url":"https:\/\/www.icscoolenergy.com\/de\/product\/i-chiller-prozess-ltn\/","og_site_name":"German","article_modified_time":"2024-10-31T16:06:32+00:00","og_image":[{"width":560,"height":420,"url":"https:\/\/www.icscoolenergy.com\/wp-content\/uploads\/sites\/4\/2024\/04\/i-chiller-process-LTn.png","type":"image\/png"}],"twitter_card":"summary_large_image","twitter_misc":{"Est. reading time":"1 Minute"},"schema":{"@context":"https:\/\/schema.org","@graph":[{"@type":"WebPage","@id":"https:\/\/www.icscoolenergy.com\/de\/product\/i-chiller-prozess-ltn\/","url":"https:\/\/www.icscoolenergy.com\/de\/product\/i-chiller-prozess-ltn\/","name":"i-Chiller Prozess LTn | ICS Cool Energy","isPartOf":{"@id":"https:\/\/www.icscoolenergy.com\/de\/#website"},"primaryImageOfPage":{"@id":"https:\/\/www.icscoolenergy.com\/de\/product\/i-chiller-prozess-ltn\/#primaryimage"},"image":{"@id":"https:\/\/www.icscoolenergy.com\/de\/product\/i-chiller-prozess-ltn\/#primaryimage"},"thumbnailUrl":"https:\/\/www.icscoolenergy.com\/wp-content\/uploads\/sites\/4\/2024\/04\/i-chiller-process-LTn.png","datePublished":"2024-04-25T11:14:58+00:00","dateModified":"2024-10-31T16:06:32+00:00","breadcrumb":{"@id":"https:\/\/www.icscoolenergy.com\/de\/product\/i-chiller-prozess-ltn\/#breadcrumb"},"inLanguage":"de-DE","potentialAction":[{"@type":"ReadAction","target":["https:\/\/www.icscoolenergy.com\/de\/product\/i-chiller-prozess-ltn\/"]}]},{"@type":"ImageObject","inLanguage":"de-DE","@id":"https:\/\/www.icscoolenergy.com\/de\/product\/i-chiller-prozess-ltn\/#primaryimage","url":"https:\/\/www.icscoolenergy.com\/wp-content\/uploads\/sites\/4\/2024\/04\/i-chiller-process-LTn.png","contentUrl":"https:\/\/www.icscoolenergy.com\/wp-content\/uploads\/sites\/4\/2024\/04\/i-chiller-process-LTn.png","width":560,"height":420,"caption":"i-chiller Prozess LTn"},{"@type":"BreadcrumbList","@id":"https:\/\/www.icscoolenergy.com\/de\/product\/i-chiller-prozess-ltn\/#breadcrumb","itemListElement":[{"@type":"ListItem","position":1,"name":"Home","item":"https:\/\/www.icscoolenergy.com\/de\/"},{"@type":"ListItem","position":2,"name":"Shop","item":"https:\/\/www.icscoolenergy.com\/de\/shop\/"},{"@type":"ListItem","position":3,"name":"i-Chiller Prozess LTn"}]},{"@type":"WebSite","@id":"https:\/\/www.icscoolenergy.com\/de\/#website","url":"https:\/\/www.icscoolenergy.com\/de\/","name":"ICS Cool Energy","description":"The Process Temperature Control Specialists","publisher":{"@id":"https:\/\/www.icscoolenergy.com\/de\/#organization"},"potentialAction":[{"@type":"SearchAction","target":{"@type":"EntryPoint","urlTemplate":"https:\/\/www.icscoolenergy.com\/de\/?s={search_term_string}"},"query-input":{"@type":"PropertyValueSpecification","valueRequired":true,"valueName":"search_term_string"}}],"inLanguage":"de-DE"},{"@type":"Organization","@id":"https:\/\/www.icscoolenergy.com\/de\/#organization","name":"ICS Cool Energy","url":"https:\/\/www.icscoolenergy.com\/de\/","logo":{"@type":"ImageObject","inLanguage":"de-DE","@id":"https:\/\/www.icscoolenergy.com\/de\/#\/schema\/logo\/image\/","url":"https:\/\/www.icscoolenergy.com\/wp-content\/uploads\/sites\/4\/2024\/01\/ics-cool-energy-logo.svg","contentUrl":"https:\/\/www.icscoolenergy.com\/wp-content\/uploads\/sites\/4\/2024\/01\/ics-cool-energy-logo.svg","caption":"ICS Cool Energy"},"image":{"@id":"https:\/\/www.icscoolenergy.com\/de\/#\/schema\/logo\/image\/"},"sameAs":["https:\/\/www.linkedin.com\/company\/ics-temperature-control\/","https:\/\/www.youtube.com\/@ICSCoolEnergyLtd"]}]}},"_links":{"self":[{"href":"https:\/\/www.icscoolenergy.com\/de\/wp-json\/wp\/v2\/product\/94511","targetHints":{"allow":["GET"]}}],"collection":[{"href":"https:\/\/www.icscoolenergy.com\/de\/wp-json\/wp\/v2\/product"}],"about":[{"href":"https:\/\/www.icscoolenergy.com\/de\/wp-json\/wp\/v2\/types\/product"}],"replies":[{"embeddable":true,"href":"https:\/\/www.icscoolenergy.com\/de\/wp-json\/wp\/v2\/comments?post=94511"}],"wp:featuredmedia":[{"embeddable":true,"href":"https:\/\/www.icscoolenergy.com\/de\/wp-json\/wp\/v2\/media\/93568"}],"wp:attachment":[{"href":"https:\/\/www.icscoolenergy.com\/de\/wp-json\/wp\/v2\/media?parent=94511"}],"wp:term":[{"taxonomy":"product_brand","embeddable":true,"href":"https:\/\/www.icscoolenergy.com\/de\/wp-json\/wp\/v2\/product_brand?post=94511"},{"taxonomy":"product_cat","embeddable":true,"href":"https:\/\/www.icscoolenergy.com\/de\/wp-json\/wp\/v2\/product_cat?post=94511"},{"taxonomy":"product_tag","embeddable":true,"href":"https:\/\/www.icscoolenergy.com\/de\/wp-json\/wp\/v2\/product_tag?post=94511"}],"curies":[{"name":"wp","href":"https:\/\/api.w.org\/{rel}","templated":true}]}}