 
{"id":94516,"date":"2024-04-24T09:55:55","date_gmt":"2024-04-24T09:55:55","guid":{"rendered":"https:\/\/www.icscoolenergy.com\/de\/unkategorisiert\/i-chiller-prozess-max\/"},"modified":"2024-06-13T14:37:52","modified_gmt":"2024-06-13T14:37:52","slug":"i-chiller-prozess-max","status":"publish","type":"product","link":"https:\/\/www.icscoolenergy.com\/de\/product\/i-chiller-prozess-max\/","title":{"rendered":"i-Chiller Process Max"},"content":{"rendered":"<p>Unsere i-Chiller Max-Reihe deckt Leistungen zwischen 230-343 kW ab und ist Teil unserer f\u00fchrenden Reihe von Prozessk\u00fchlern, die ausschlie\u00dflich f\u00fcr die Fertigung entwickelt wurden. Im Gegensatz zu anderen Ger\u00e4ten auf dem Markt wurde die i-Chiller-Reihe von Grund auf mit Blick auf Prozessanwendungen entwickelt.<\/p>\n<p>Die Ger\u00e4te haben einen geringen Platzbedarf und wurden als &#8222;Plug and Play&#8220;-Ger\u00e4te konzipiert, um die Kompatibilit\u00e4t mit einer Vielzahl von Produktionslinien zu gew\u00e4hrleisten.<\/p>\n","protected":false},"excerpt":{"rendered":"<p>Unsere i-Chiller Max-Reihe deckt Leistungen zwischen 230-343 kW ab und ist Teil unserer f\u00fchrenden Reihe von Prozessk\u00fchlern, die ausschlie\u00dflich f\u00fcr die Fertigung entwickelt wurden. Im Gegensatz zu anderen Ger\u00e4ten auf dem Markt wurde die i-Chiller-Reihe von Grund auf mit Blick auf Prozessanwendungen entwickelt. Die Ger\u00e4te haben einen geringen Platzbedarf und wurden als &#8222;Plug and Play&#8220;-Ger\u00e4te &#8230; <a title=\"i-Chiller Process Max\" class=\"read-more\" href=\"https:\/\/www.icscoolenergy.com\/de\/product\/i-chiller-prozess-max\/\" aria-label=\"More on i-Chiller Process Max\">Weiterlesen<\/a><\/p>\n","protected":false},"featured_media":93524,"comment_status":"closed","ping_status":"closed","template":"","meta":{"_acf_changed":false,"inline_featured_image":false,"_editorskit_title_hidden":false,"_editorskit_reading_time":0,"_editorskit_is_block_options_detached":false,"_editorskit_block_options_position":"{}","editor_plus_copied_stylings":"{}"},"product_brand":[],"product_cat":[972],"product_tag":[],"class_list":{"0":"post-94516","1":"product","2":"type-product","3":"status-publish","4":"has-post-thumbnail","6":"product_cat-prozess-kuhlgerate","8":"first","9":"instock","10":"shipping-taxable","11":"product-type-simple"},"acf":[],"yoast_head":"<!-- This site is optimized with the Yoast SEO Premium plugin v24.5 (Yoast SEO v26.9) - https:\/\/yoast.com\/product\/yoast-seo-premium-wordpress\/ -->\n<title>i-Chiller Process Max | ICS Cool Energy<\/title>\n<meta name=\"robots\" content=\"noindex, follow\" \/>\n<meta property=\"og:locale\" content=\"de_DE\" \/>\n<meta property=\"og:type\" content=\"article\" \/>\n<meta property=\"og:title\" content=\"i-Chiller Process Max\" \/>\n<meta property=\"og:description\" content=\"Unsere i-Chiller Max-Reihe deckt Leistungen zwischen 230-343 kW ab und ist Teil unserer f\u00fchrenden Reihe von Prozessk\u00fchlern, die ausschlie\u00dflich f\u00fcr die Fertigung entwickelt wurden. Im Gegensatz zu anderen Ger\u00e4ten auf dem Markt wurde die i-Chiller-Reihe von Grund auf mit Blick auf Prozessanwendungen entwickelt. Die Ger\u00e4te haben einen geringen Platzbedarf und wurden als &#8222;Plug and Play&#8220;-Ger\u00e4te ... Weiterlesen\" \/>\n<meta property=\"og:url\" content=\"https:\/\/www.icscoolenergy.com\/de\/product\/i-chiller-prozess-max\/\" \/>\n<meta property=\"og:site_name\" content=\"German\" \/>\n<meta property=\"article:modified_time\" content=\"2024-06-13T14:37:52+00:00\" \/>\n<meta property=\"og:image\" content=\"https:\/\/www.icscoolenergy.com\/wp-content\/uploads\/sites\/4\/2024\/04\/i-chiller-process-max.png\" \/>\n\t<meta property=\"og:image:width\" content=\"560\" \/>\n\t<meta property=\"og:image:height\" content=\"420\" \/>\n\t<meta property=\"og:image:type\" content=\"image\/png\" \/>\n<meta name=\"twitter:card\" content=\"summary_large_image\" \/>\n<meta name=\"twitter:label1\" content=\"Est. reading time\" \/>\n\t<meta name=\"twitter:data1\" content=\"1 Minute\" \/>\n<script type=\"application\/ld+json\" class=\"yoast-schema-graph\">{\"@context\":\"https:\/\/schema.org\",\"@graph\":[{\"@type\":\"WebPage\",\"@id\":\"https:\/\/www.icscoolenergy.com\/de\/product\/i-chiller-prozess-max\/\",\"url\":\"https:\/\/www.icscoolenergy.com\/de\/product\/i-chiller-prozess-max\/\",\"name\":\"i-Chiller Process Max | ICS Cool Energy\",\"isPartOf\":{\"@id\":\"https:\/\/www.icscoolenergy.com\/de\/#website\"},\"primaryImageOfPage\":{\"@id\":\"https:\/\/www.icscoolenergy.com\/de\/product\/i-chiller-prozess-max\/#primaryimage\"},\"image\":{\"@id\":\"https:\/\/www.icscoolenergy.com\/de\/product\/i-chiller-prozess-max\/#primaryimage\"},\"thumbnailUrl\":\"https:\/\/www.icscoolenergy.com\/wp-content\/uploads\/sites\/4\/2024\/04\/i-chiller-process-max.png\",\"datePublished\":\"2024-04-24T09:55:55+00:00\",\"dateModified\":\"2024-06-13T14:37:52+00:00\",\"breadcrumb\":{\"@id\":\"https:\/\/www.icscoolenergy.com\/de\/product\/i-chiller-prozess-max\/#breadcrumb\"},\"inLanguage\":\"de-DE\",\"potentialAction\":[{\"@type\":\"ReadAction\",\"target\":[\"https:\/\/www.icscoolenergy.com\/de\/product\/i-chiller-prozess-max\/\"]}]},{\"@type\":\"ImageObject\",\"inLanguage\":\"de-DE\",\"@id\":\"https:\/\/www.icscoolenergy.com\/de\/product\/i-chiller-prozess-max\/#primaryimage\",\"url\":\"https:\/\/www.icscoolenergy.com\/wp-content\/uploads\/sites\/4\/2024\/04\/i-chiller-process-max.png\",\"contentUrl\":\"https:\/\/www.icscoolenergy.com\/wp-content\/uploads\/sites\/4\/2024\/04\/i-chiller-process-max.png\",\"width\":560,\"height\":420,\"caption\":\"i-chiller process-max\"},{\"@type\":\"BreadcrumbList\",\"@id\":\"https:\/\/www.icscoolenergy.com\/de\/product\/i-chiller-prozess-max\/#breadcrumb\",\"itemListElement\":[{\"@type\":\"ListItem\",\"position\":1,\"name\":\"Home\",\"item\":\"https:\/\/www.icscoolenergy.com\/de\/\"},{\"@type\":\"ListItem\",\"position\":2,\"name\":\"Shop\",\"item\":\"https:\/\/www.icscoolenergy.com\/de\/shop\/\"},{\"@type\":\"ListItem\",\"position\":3,\"name\":\"i-Chiller Process Max\"}]},{\"@type\":\"WebSite\",\"@id\":\"https:\/\/www.icscoolenergy.com\/de\/#website\",\"url\":\"https:\/\/www.icscoolenergy.com\/de\/\",\"name\":\"ICS Cool Energy\",\"description\":\"The Process Temperature Control Specialists\",\"publisher\":{\"@id\":\"https:\/\/www.icscoolenergy.com\/de\/#organization\"},\"potentialAction\":[{\"@type\":\"SearchAction\",\"target\":{\"@type\":\"EntryPoint\",\"urlTemplate\":\"https:\/\/www.icscoolenergy.com\/de\/?s={search_term_string}\"},\"query-input\":{\"@type\":\"PropertyValueSpecification\",\"valueRequired\":true,\"valueName\":\"search_term_string\"}}],\"inLanguage\":\"de-DE\"},{\"@type\":\"Organization\",\"@id\":\"https:\/\/www.icscoolenergy.com\/de\/#organization\",\"name\":\"ICS Cool Energy\",\"url\":\"https:\/\/www.icscoolenergy.com\/de\/\",\"logo\":{\"@type\":\"ImageObject\",\"inLanguage\":\"de-DE\",\"@id\":\"https:\/\/www.icscoolenergy.com\/de\/#\/schema\/logo\/image\/\",\"url\":\"https:\/\/www.icscoolenergy.com\/wp-content\/uploads\/sites\/4\/2024\/01\/ics-cool-energy-logo.svg\",\"contentUrl\":\"https:\/\/www.icscoolenergy.com\/wp-content\/uploads\/sites\/4\/2024\/01\/ics-cool-energy-logo.svg\",\"caption\":\"ICS Cool Energy\"},\"image\":{\"@id\":\"https:\/\/www.icscoolenergy.com\/de\/#\/schema\/logo\/image\/\"},\"sameAs\":[\"https:\/\/www.linkedin.com\/company\/ics-temperature-control\/\",\"https:\/\/www.youtube.com\/@ICSCoolEnergyLtd\"]}]}<\/script>\n<!-- \/ Yoast SEO Premium plugin. -->","yoast_head_json":{"title":"i-Chiller Process Max | ICS Cool Energy","robots":{"index":"noindex","follow":"follow"},"og_locale":"de_DE","og_type":"article","og_title":"i-Chiller Process Max","og_description":"Unsere i-Chiller Max-Reihe deckt Leistungen zwischen 230-343 kW ab und ist Teil unserer f\u00fchrenden Reihe von Prozessk\u00fchlern, die ausschlie\u00dflich f\u00fcr die Fertigung entwickelt wurden. Im Gegensatz zu anderen Ger\u00e4ten auf dem Markt wurde die i-Chiller-Reihe von Grund auf mit Blick auf Prozessanwendungen entwickelt. Die Ger\u00e4te haben einen geringen Platzbedarf und wurden als &#8222;Plug and Play&#8220;-Ger\u00e4te ... Weiterlesen","og_url":"https:\/\/www.icscoolenergy.com\/de\/product\/i-chiller-prozess-max\/","og_site_name":"German","article_modified_time":"2024-06-13T14:37:52+00:00","og_image":[{"width":560,"height":420,"url":"https:\/\/www.icscoolenergy.com\/wp-content\/uploads\/sites\/4\/2024\/04\/i-chiller-process-max.png","type":"image\/png"}],"twitter_card":"summary_large_image","twitter_misc":{"Est. reading time":"1 Minute"},"schema":{"@context":"https:\/\/schema.org","@graph":[{"@type":"WebPage","@id":"https:\/\/www.icscoolenergy.com\/de\/product\/i-chiller-prozess-max\/","url":"https:\/\/www.icscoolenergy.com\/de\/product\/i-chiller-prozess-max\/","name":"i-Chiller Process Max | ICS Cool Energy","isPartOf":{"@id":"https:\/\/www.icscoolenergy.com\/de\/#website"},"primaryImageOfPage":{"@id":"https:\/\/www.icscoolenergy.com\/de\/product\/i-chiller-prozess-max\/#primaryimage"},"image":{"@id":"https:\/\/www.icscoolenergy.com\/de\/product\/i-chiller-prozess-max\/#primaryimage"},"thumbnailUrl":"https:\/\/www.icscoolenergy.com\/wp-content\/uploads\/sites\/4\/2024\/04\/i-chiller-process-max.png","datePublished":"2024-04-24T09:55:55+00:00","dateModified":"2024-06-13T14:37:52+00:00","breadcrumb":{"@id":"https:\/\/www.icscoolenergy.com\/de\/product\/i-chiller-prozess-max\/#breadcrumb"},"inLanguage":"de-DE","potentialAction":[{"@type":"ReadAction","target":["https:\/\/www.icscoolenergy.com\/de\/product\/i-chiller-prozess-max\/"]}]},{"@type":"ImageObject","inLanguage":"de-DE","@id":"https:\/\/www.icscoolenergy.com\/de\/product\/i-chiller-prozess-max\/#primaryimage","url":"https:\/\/www.icscoolenergy.com\/wp-content\/uploads\/sites\/4\/2024\/04\/i-chiller-process-max.png","contentUrl":"https:\/\/www.icscoolenergy.com\/wp-content\/uploads\/sites\/4\/2024\/04\/i-chiller-process-max.png","width":560,"height":420,"caption":"i-chiller process-max"},{"@type":"BreadcrumbList","@id":"https:\/\/www.icscoolenergy.com\/de\/product\/i-chiller-prozess-max\/#breadcrumb","itemListElement":[{"@type":"ListItem","position":1,"name":"Home","item":"https:\/\/www.icscoolenergy.com\/de\/"},{"@type":"ListItem","position":2,"name":"Shop","item":"https:\/\/www.icscoolenergy.com\/de\/shop\/"},{"@type":"ListItem","position":3,"name":"i-Chiller Process Max"}]},{"@type":"WebSite","@id":"https:\/\/www.icscoolenergy.com\/de\/#website","url":"https:\/\/www.icscoolenergy.com\/de\/","name":"ICS Cool Energy","description":"The Process Temperature Control Specialists","publisher":{"@id":"https:\/\/www.icscoolenergy.com\/de\/#organization"},"potentialAction":[{"@type":"SearchAction","target":{"@type":"EntryPoint","urlTemplate":"https:\/\/www.icscoolenergy.com\/de\/?s={search_term_string}"},"query-input":{"@type":"PropertyValueSpecification","valueRequired":true,"valueName":"search_term_string"}}],"inLanguage":"de-DE"},{"@type":"Organization","@id":"https:\/\/www.icscoolenergy.com\/de\/#organization","name":"ICS Cool Energy","url":"https:\/\/www.icscoolenergy.com\/de\/","logo":{"@type":"ImageObject","inLanguage":"de-DE","@id":"https:\/\/www.icscoolenergy.com\/de\/#\/schema\/logo\/image\/","url":"https:\/\/www.icscoolenergy.com\/wp-content\/uploads\/sites\/4\/2024\/01\/ics-cool-energy-logo.svg","contentUrl":"https:\/\/www.icscoolenergy.com\/wp-content\/uploads\/sites\/4\/2024\/01\/ics-cool-energy-logo.svg","caption":"ICS Cool Energy"},"image":{"@id":"https:\/\/www.icscoolenergy.com\/de\/#\/schema\/logo\/image\/"},"sameAs":["https:\/\/www.linkedin.com\/company\/ics-temperature-control\/","https:\/\/www.youtube.com\/@ICSCoolEnergyLtd"]}]}},"_links":{"self":[{"href":"https:\/\/www.icscoolenergy.com\/de\/wp-json\/wp\/v2\/product\/94516","targetHints":{"allow":["GET"]}}],"collection":[{"href":"https:\/\/www.icscoolenergy.com\/de\/wp-json\/wp\/v2\/product"}],"about":[{"href":"https:\/\/www.icscoolenergy.com\/de\/wp-json\/wp\/v2\/types\/product"}],"replies":[{"embeddable":true,"href":"https:\/\/www.icscoolenergy.com\/de\/wp-json\/wp\/v2\/comments?post=94516"}],"wp:featuredmedia":[{"embeddable":true,"href":"https:\/\/www.icscoolenergy.com\/de\/wp-json\/wp\/v2\/media\/93524"}],"wp:attachment":[{"href":"https:\/\/www.icscoolenergy.com\/de\/wp-json\/wp\/v2\/media?parent=94516"}],"wp:term":[{"taxonomy":"product_brand","embeddable":true,"href":"https:\/\/www.icscoolenergy.com\/de\/wp-json\/wp\/v2\/product_brand?post=94516"},{"taxonomy":"product_cat","embeddable":true,"href":"https:\/\/www.icscoolenergy.com\/de\/wp-json\/wp\/v2\/product_cat?post=94516"},{"taxonomy":"product_tag","embeddable":true,"href":"https:\/\/www.icscoolenergy.com\/de\/wp-json\/wp\/v2\/product_tag?post=94516"}],"curies":[{"name":"wp","href":"https:\/\/api.w.org\/{rel}","templated":true}]}}