 
{"id":96776,"date":"2024-08-26T16:11:11","date_gmt":"2024-08-26T16:11:11","guid":{"rendered":"https:\/\/www.icscoolenergy.com\/de\/?post_type=product&#038;p=96776"},"modified":"2024-12-13T17:10:17","modified_gmt":"2024-12-13T17:10:17","slug":"idf-200","status":"publish","type":"product","link":"https:\/\/www.icscoolenergy.com\/de\/product\/idf-200\/","title":{"rendered":"IDF 200"},"content":{"rendered":"<p>Wir freuen uns, Ihnen eine leistungsstarke und fortschrittliche Reihe von indirekt befeuerten Dieselheizungen anbieten zu k\u00f6nnen, die Sie auch mieten k\u00f6nnen. Der IDF 200 hat ein kompaktes Design und ist zudem \u00e4u\u00dferst flexibel und langlebig.<\/p>\n<p>Dieses Heizger\u00e4t ist die perfekte, schnelle und benutzerfreundliche L\u00f6sung zum Beheizen von Fabriken, Werkst\u00e4tten, landwirtschaftlichen Erzeugnissen, Lagerh\u00e4usern und kann auch Geb\u00e4ude nach Hochwassersch\u00e4den mit W\u00e4rme versorgen.<\/p>\n<p>Die Heizung enth\u00e4lt einen hocheffizienten W\u00e4rmetauscher (91%) und bietet eine feste Austrittstemperatur (Delta T) von ca. 40-60\u00b0C, die eine saubere, trockene W\u00e4rme liefert.<\/p>\n<p>Da Sicherheit an erster Stelle steht, sind alle unsere indirekt befeuerten Dieselheizungen standardm\u00e4\u00dfig mit \u00dcberhitzungsschutz und Thermostatsteuerung ausgestattet.<\/p>\n<p>Das Ger\u00e4t wird auf leichten Trolleys geliefert, um die Mobilit\u00e4t zu erleichtern und die Ger\u00e4te einfach und diskret zu platzieren.<\/p>\n","protected":false},"excerpt":{"rendered":"<p>Wir freuen uns, Ihnen eine leistungsstarke und fortschrittliche Reihe von indirekt befeuerten Dieselheizungen anbieten zu k\u00f6nnen, die Sie auch mieten k\u00f6nnen. Der IDF 200 hat ein kompaktes Design und ist zudem \u00e4u\u00dferst flexibel und langlebig. Dieses Heizger\u00e4t ist die perfekte, schnelle und benutzerfreundliche L\u00f6sung zum Beheizen von Fabriken, Werkst\u00e4tten, landwirtschaftlichen Erzeugnissen, Lagerh\u00e4usern und kann auch &#8230; <a title=\"IDF 200\" class=\"read-more\" href=\"https:\/\/www.icscoolenergy.com\/de\/product\/idf-200\/\" aria-label=\"More on IDF 200\">Weiterlesen<\/a><\/p>\n","protected":false},"featured_media":91531,"comment_status":"closed","ping_status":"closed","template":"","meta":{"_acf_changed":false,"inline_featured_image":false,"_editorskit_title_hidden":false,"_editorskit_reading_time":0,"_editorskit_is_block_options_detached":false,"_editorskit_block_options_position":"{}","editor_plus_copied_stylings":"{}"},"product_brand":[],"product_cat":[1007,1000,2994,2883,2957,2809,1575,2920],"product_tag":[],"class_list":{"0":"post-96776","1":"product","2":"type-product","3":"status-publish","4":"has-post-thumbnail","6":"product_cat-heizung-krankenhaus","7":"product_cat-temporare-heizgeratevermietung","8":"product_cat-hallenheizung-mieten","9":"product_cat-heizungsvermietung-fuer-schulen","10":"product_cat-notheizung-mieten","11":"product_cat-dieselheizung-mieten","12":"product_cat-winterbauheizung-mieten","13":"product_cat-zeltheizung-mieten","15":"first","16":"instock","17":"shipping-taxable","18":"product-type-simple"},"acf":[],"yoast_head":"<!-- This site is optimized with the Yoast SEO Premium plugin v24.5 (Yoast SEO v26.9) - https:\/\/yoast.com\/product\/yoast-seo-premium-wordpress\/ -->\n<title>IDF 200 | ICS Cool Energy<\/title>\n<meta name=\"robots\" content=\"noindex, follow\" \/>\n<meta property=\"og:locale\" content=\"de_DE\" \/>\n<meta property=\"og:type\" content=\"article\" \/>\n<meta property=\"og:title\" content=\"IDF 200\" \/>\n<meta property=\"og:description\" content=\"Wir freuen uns, Ihnen eine leistungsstarke und fortschrittliche Reihe von indirekt befeuerten Dieselheizungen anbieten zu k\u00f6nnen, die Sie auch mieten k\u00f6nnen. Der IDF 200 hat ein kompaktes Design und ist zudem \u00e4u\u00dferst flexibel und langlebig. Dieses Heizger\u00e4t ist die perfekte, schnelle und benutzerfreundliche L\u00f6sung zum Beheizen von Fabriken, Werkst\u00e4tten, landwirtschaftlichen Erzeugnissen, Lagerh\u00e4usern und kann auch ... Weiterlesen\" \/>\n<meta property=\"og:url\" content=\"https:\/\/www.icscoolenergy.com\/de\/product\/idf-200\/\" \/>\n<meta property=\"og:site_name\" content=\"German\" \/>\n<meta property=\"article:modified_time\" content=\"2024-12-13T17:10:17+00:00\" \/>\n<meta property=\"og:image\" content=\"https:\/\/www.icscoolenergy.com\/wp-content\/uploads\/sites\/4\/2024\/04\/IDF-150.png\" \/>\n\t<meta property=\"og:image:width\" content=\"560\" \/>\n\t<meta property=\"og:image:height\" content=\"420\" \/>\n\t<meta property=\"og:image:type\" content=\"image\/png\" \/>\n<meta name=\"twitter:card\" content=\"summary_large_image\" \/>\n<meta name=\"twitter:label1\" content=\"Est. reading time\" \/>\n\t<meta name=\"twitter:data1\" content=\"1 Minute\" \/>\n<script type=\"application\/ld+json\" class=\"yoast-schema-graph\">{\"@context\":\"https:\/\/schema.org\",\"@graph\":[{\"@type\":\"WebPage\",\"@id\":\"https:\/\/www.icscoolenergy.com\/de\/product\/idf-200\/\",\"url\":\"https:\/\/www.icscoolenergy.com\/de\/product\/idf-200\/\",\"name\":\"IDF 200 | ICS Cool Energy\",\"isPartOf\":{\"@id\":\"https:\/\/www.icscoolenergy.com\/de\/#website\"},\"primaryImageOfPage\":{\"@id\":\"https:\/\/www.icscoolenergy.com\/de\/product\/idf-200\/#primaryimage\"},\"image\":{\"@id\":\"https:\/\/www.icscoolenergy.com\/de\/product\/idf-200\/#primaryimage\"},\"thumbnailUrl\":\"https:\/\/www.icscoolenergy.com\/wp-content\/uploads\/sites\/4\/2024\/04\/IDF-150.png\",\"datePublished\":\"2024-08-26T16:11:11+00:00\",\"dateModified\":\"2024-12-13T17:10:17+00:00\",\"breadcrumb\":{\"@id\":\"https:\/\/www.icscoolenergy.com\/de\/product\/idf-200\/#breadcrumb\"},\"inLanguage\":\"de-DE\",\"potentialAction\":[{\"@type\":\"ReadAction\",\"target\":[\"https:\/\/www.icscoolenergy.com\/de\/product\/idf-200\/\"]}]},{\"@type\":\"ImageObject\",\"inLanguage\":\"de-DE\",\"@id\":\"https:\/\/www.icscoolenergy.com\/de\/product\/idf-200\/#primaryimage\",\"url\":\"https:\/\/www.icscoolenergy.com\/wp-content\/uploads\/sites\/4\/2024\/04\/IDF-150.png\",\"contentUrl\":\"https:\/\/www.icscoolenergy.com\/wp-content\/uploads\/sites\/4\/2024\/04\/IDF-150.png\",\"width\":560,\"height\":420,\"caption\":\"150 kW Indirekt befeuerte Diesel-Heizung\"},{\"@type\":\"BreadcrumbList\",\"@id\":\"https:\/\/www.icscoolenergy.com\/de\/product\/idf-200\/#breadcrumb\",\"itemListElement\":[{\"@type\":\"ListItem\",\"position\":1,\"name\":\"Home\",\"item\":\"https:\/\/www.icscoolenergy.com\/de\/\"},{\"@type\":\"ListItem\",\"position\":2,\"name\":\"Shop\",\"item\":\"https:\/\/www.icscoolenergy.com\/de\/shop\/\"},{\"@type\":\"ListItem\",\"position\":3,\"name\":\"IDF 200\"}]},{\"@type\":\"WebSite\",\"@id\":\"https:\/\/www.icscoolenergy.com\/de\/#website\",\"url\":\"https:\/\/www.icscoolenergy.com\/de\/\",\"name\":\"ICS Cool Energy\",\"description\":\"The Process Temperature Control Specialists\",\"publisher\":{\"@id\":\"https:\/\/www.icscoolenergy.com\/de\/#organization\"},\"potentialAction\":[{\"@type\":\"SearchAction\",\"target\":{\"@type\":\"EntryPoint\",\"urlTemplate\":\"https:\/\/www.icscoolenergy.com\/de\/?s={search_term_string}\"},\"query-input\":{\"@type\":\"PropertyValueSpecification\",\"valueRequired\":true,\"valueName\":\"search_term_string\"}}],\"inLanguage\":\"de-DE\"},{\"@type\":\"Organization\",\"@id\":\"https:\/\/www.icscoolenergy.com\/de\/#organization\",\"name\":\"ICS Cool Energy\",\"url\":\"https:\/\/www.icscoolenergy.com\/de\/\",\"logo\":{\"@type\":\"ImageObject\",\"inLanguage\":\"de-DE\",\"@id\":\"https:\/\/www.icscoolenergy.com\/de\/#\/schema\/logo\/image\/\",\"url\":\"https:\/\/www.icscoolenergy.com\/wp-content\/uploads\/sites\/4\/2024\/01\/ics-cool-energy-logo.svg\",\"contentUrl\":\"https:\/\/www.icscoolenergy.com\/wp-content\/uploads\/sites\/4\/2024\/01\/ics-cool-energy-logo.svg\",\"caption\":\"ICS Cool Energy\"},\"image\":{\"@id\":\"https:\/\/www.icscoolenergy.com\/de\/#\/schema\/logo\/image\/\"},\"sameAs\":[\"https:\/\/www.linkedin.com\/company\/ics-temperature-control\/\",\"https:\/\/www.youtube.com\/@ICSCoolEnergyLtd\"]}]}<\/script>\n<!-- \/ Yoast SEO Premium plugin. -->","yoast_head_json":{"title":"IDF 200 | ICS Cool Energy","robots":{"index":"noindex","follow":"follow"},"og_locale":"de_DE","og_type":"article","og_title":"IDF 200","og_description":"Wir freuen uns, Ihnen eine leistungsstarke und fortschrittliche Reihe von indirekt befeuerten Dieselheizungen anbieten zu k\u00f6nnen, die Sie auch mieten k\u00f6nnen. Der IDF 200 hat ein kompaktes Design und ist zudem \u00e4u\u00dferst flexibel und langlebig. Dieses Heizger\u00e4t ist die perfekte, schnelle und benutzerfreundliche L\u00f6sung zum Beheizen von Fabriken, Werkst\u00e4tten, landwirtschaftlichen Erzeugnissen, Lagerh\u00e4usern und kann auch ... Weiterlesen","og_url":"https:\/\/www.icscoolenergy.com\/de\/product\/idf-200\/","og_site_name":"German","article_modified_time":"2024-12-13T17:10:17+00:00","og_image":[{"width":560,"height":420,"url":"https:\/\/www.icscoolenergy.com\/wp-content\/uploads\/sites\/4\/2024\/04\/IDF-150.png","type":"image\/png"}],"twitter_card":"summary_large_image","twitter_misc":{"Est. reading time":"1 Minute"},"schema":{"@context":"https:\/\/schema.org","@graph":[{"@type":"WebPage","@id":"https:\/\/www.icscoolenergy.com\/de\/product\/idf-200\/","url":"https:\/\/www.icscoolenergy.com\/de\/product\/idf-200\/","name":"IDF 200 | ICS Cool Energy","isPartOf":{"@id":"https:\/\/www.icscoolenergy.com\/de\/#website"},"primaryImageOfPage":{"@id":"https:\/\/www.icscoolenergy.com\/de\/product\/idf-200\/#primaryimage"},"image":{"@id":"https:\/\/www.icscoolenergy.com\/de\/product\/idf-200\/#primaryimage"},"thumbnailUrl":"https:\/\/www.icscoolenergy.com\/wp-content\/uploads\/sites\/4\/2024\/04\/IDF-150.png","datePublished":"2024-08-26T16:11:11+00:00","dateModified":"2024-12-13T17:10:17+00:00","breadcrumb":{"@id":"https:\/\/www.icscoolenergy.com\/de\/product\/idf-200\/#breadcrumb"},"inLanguage":"de-DE","potentialAction":[{"@type":"ReadAction","target":["https:\/\/www.icscoolenergy.com\/de\/product\/idf-200\/"]}]},{"@type":"ImageObject","inLanguage":"de-DE","@id":"https:\/\/www.icscoolenergy.com\/de\/product\/idf-200\/#primaryimage","url":"https:\/\/www.icscoolenergy.com\/wp-content\/uploads\/sites\/4\/2024\/04\/IDF-150.png","contentUrl":"https:\/\/www.icscoolenergy.com\/wp-content\/uploads\/sites\/4\/2024\/04\/IDF-150.png","width":560,"height":420,"caption":"150 kW Indirekt befeuerte Diesel-Heizung"},{"@type":"BreadcrumbList","@id":"https:\/\/www.icscoolenergy.com\/de\/product\/idf-200\/#breadcrumb","itemListElement":[{"@type":"ListItem","position":1,"name":"Home","item":"https:\/\/www.icscoolenergy.com\/de\/"},{"@type":"ListItem","position":2,"name":"Shop","item":"https:\/\/www.icscoolenergy.com\/de\/shop\/"},{"@type":"ListItem","position":3,"name":"IDF 200"}]},{"@type":"WebSite","@id":"https:\/\/www.icscoolenergy.com\/de\/#website","url":"https:\/\/www.icscoolenergy.com\/de\/","name":"ICS Cool Energy","description":"The Process Temperature Control Specialists","publisher":{"@id":"https:\/\/www.icscoolenergy.com\/de\/#organization"},"potentialAction":[{"@type":"SearchAction","target":{"@type":"EntryPoint","urlTemplate":"https:\/\/www.icscoolenergy.com\/de\/?s={search_term_string}"},"query-input":{"@type":"PropertyValueSpecification","valueRequired":true,"valueName":"search_term_string"}}],"inLanguage":"de-DE"},{"@type":"Organization","@id":"https:\/\/www.icscoolenergy.com\/de\/#organization","name":"ICS Cool Energy","url":"https:\/\/www.icscoolenergy.com\/de\/","logo":{"@type":"ImageObject","inLanguage":"de-DE","@id":"https:\/\/www.icscoolenergy.com\/de\/#\/schema\/logo\/image\/","url":"https:\/\/www.icscoolenergy.com\/wp-content\/uploads\/sites\/4\/2024\/01\/ics-cool-energy-logo.svg","contentUrl":"https:\/\/www.icscoolenergy.com\/wp-content\/uploads\/sites\/4\/2024\/01\/ics-cool-energy-logo.svg","caption":"ICS Cool Energy"},"image":{"@id":"https:\/\/www.icscoolenergy.com\/de\/#\/schema\/logo\/image\/"},"sameAs":["https:\/\/www.linkedin.com\/company\/ics-temperature-control\/","https:\/\/www.youtube.com\/@ICSCoolEnergyLtd"]}]}},"_links":{"self":[{"href":"https:\/\/www.icscoolenergy.com\/de\/wp-json\/wp\/v2\/product\/96776","targetHints":{"allow":["GET"]}}],"collection":[{"href":"https:\/\/www.icscoolenergy.com\/de\/wp-json\/wp\/v2\/product"}],"about":[{"href":"https:\/\/www.icscoolenergy.com\/de\/wp-json\/wp\/v2\/types\/product"}],"replies":[{"embeddable":true,"href":"https:\/\/www.icscoolenergy.com\/de\/wp-json\/wp\/v2\/comments?post=96776"}],"wp:featuredmedia":[{"embeddable":true,"href":"https:\/\/www.icscoolenergy.com\/de\/wp-json\/wp\/v2\/media\/91531"}],"wp:attachment":[{"href":"https:\/\/www.icscoolenergy.com\/de\/wp-json\/wp\/v2\/media?parent=96776"}],"wp:term":[{"taxonomy":"product_brand","embeddable":true,"href":"https:\/\/www.icscoolenergy.com\/de\/wp-json\/wp\/v2\/product_brand?post=96776"},{"taxonomy":"product_cat","embeddable":true,"href":"https:\/\/www.icscoolenergy.com\/de\/wp-json\/wp\/v2\/product_cat?post=96776"},{"taxonomy":"product_tag","embeddable":true,"href":"https:\/\/www.icscoolenergy.com\/de\/wp-json\/wp\/v2\/product_tag?post=96776"}],"curies":[{"name":"wp","href":"https:\/\/api.w.org\/{rel}","templated":true}]}}