 
{"id":121055,"date":"2024-01-08T17:28:58","date_gmt":"2024-01-08T17:28:58","guid":{"rendered":"https:\/\/www.icscoolenergy.com\/fr\/tous-les-produits\/"},"modified":"2024-06-11T13:16:49","modified_gmt":"2024-06-11T13:16:49","slug":"tous-les-produits","status":"publish","type":"page","link":"https:\/\/www.icscoolenergy.com\/fr\/tous-les-produits\/","title":{"rendered":"Tous les produits"},"content":{"rendered":"\n<div style=\"height:24px\" aria-hidden=\"true\" class=\" wp-block-spacer eplus-wrapper\"><\/div>\n\n\n\n<div class=\"wp-block-group eplus-wrapper is-nowrap is-layout-flex wp-container-core-group-is-layout-ad2f72ca wp-block-group-is-layout-flex\">\n<h1 class=\" wp-block-heading eplus-wrapper\" id=\"h-tous-les-produits\">TOUS LES PRODUITS<\/h1>\n<\/div>\n\n\n\n<p class=\" eplus-wrapper\">D\u00e9couvrez notre gamme compl\u00e8te de produits de refroidissement et de chauffage qui offrent les derni\u00e8res technologies performantes et \u00e9conomes en \u00e9nergie. Que vous louiez ou achetiez, notre \u00e9quipe interne de conception et de gestion de projet travaillera en \u00e9troite collaboration avec vous pour s\u2019assurer que votre \u00e9quipement de refroidissement, de chauffage ou de contr\u00f4le de la temp\u00e9rature est adapt\u00e9 \u00e0 l\u2019empreinte de votre site, \u00e0 vos exigences d\u2019exploitation et de production.<\/p>\n\n\n\n<div class=\"tabs\">\n    <ul class=\"tab-titles\">\n                <li class=\"tab-title\" data-tab-index=\"0\">\n            Produits de refroidissement        <\/li>\n                <li class=\"tab-title\" data-tab-index=\"1\">\n            Produits de chauffage        <\/li>\n            <\/ul>\n\n    <div class=\"tab-contents\">\n                <div class=\"tab-content\" data-tab-index=\"0\">\n            <div class=\"card-container\">\n                                                <div class=\"card\">\n                                                                                <h3 class=\"no-icon\">Refroidisseurs<\/h3>\n                                                            <p>Refroidisseur de processus haute performance leader sur le march\u00e9 pour la location, la vente et le service.<\/p>\n                                                                                <a\n                        href=\"https:\/\/www.icscoolenergy.com\/fr\/refroidisseurs-de-processus\/\">Voir les produits<\/a>\n                                    <\/div>\n                                <div class=\"card\">\n                                                                                <h3 class=\"no-icon\">Refroidissement gratuit<\/h3>\n                                                            <p>Am\u00e9liorez l\u2019efficacit\u00e9 \u00e9nerg\u00e9tique avec des unit\u00e9s de refroidissement gratuites \u00e0 louer ou \u00e0 acheter.<\/p>\n                                                                                <a\n                        href=\"https:\/\/www.icscoolenergy.com\/fr\/refroidissement-gratuites\/\">Voir les produits<\/a>\n                                    <\/div>\n                                <div class=\"card\">\n                                                                                <h3 class=\"no-icon\">Unit\u00e9s de contr\u00f4le de temp\u00e9rature<\/h3>\n                                                            <p>Les TCU \u00e0 vendre offrent une vaste gamme de performances et un contr\u00f4le de temp\u00e9rature in\u00e9gal\u00e9.<\/p>\n                                                                                <a\n                        href=\"https:\/\/www.icscoolenergy.com\/fr\/unites-de-controle-de-la-temperature\/\">Voir les produits<\/a>\n                                    <\/div>\n                                <div class=\"card\">\n                                                                                <h3 class=\"no-icon\">Location de climatisation<\/h3>\n                                                            <p>D\u00e9couvrez notre gamme de climatiseurs portables silencieux et puissants.<\/p>\n                                                                                <a\n                        href=\"https:\/\/www.icscoolenergy.com\/fr\/matiere-de-climatisation\/location-de-climatiseurs\/\">Voir les produits<\/a>\n                                    <\/div>\n                                <div class=\"card\">\n                                                                                <h3 class=\"no-icon\">Location de refroidisseur \u00e0 pompe \u00e0 chaleur<\/h3>\n                                                            <p>Nos refroidisseurs \u00e0 pompe \u00e0 chaleur r\u00e9versible sont construits selon des sp\u00e9cifications de processus critiques robustes.<\/p>\n                                                                                <a\n                        href=\"https:\/\/www.icscoolenergy.com\/fr\/vos-options-en-matiere-de-pompes-a-chaleur\/location-de-refroidisseurs-pour-pompes-a-chaleur\/\">Voir les produits<\/a>\n                                    <\/div>\n                                <div class=\"card\">\n                                                                                <h3 class=\"no-icon\">Location de ventilo-convecteur<\/h3>\n                                                            <p>Tous les ventilo-convecteurs peuvent fournir du chauffage et du refroidissement et sont \u00e9quip\u00e9s de plusieurs vitesses de ventilateur.<\/p>\n                                                                                <a\n                        href=\"https:\/\/www.icscoolenergy.com\/fr\/ventilo-convecteurs\/location-de-ventilo-convecteurs\/\">Voir les produits<\/a>\n                                    <\/div>\n                                <div class=\"card\">\n                                                                                <h3 class=\"no-icon\">Location de ventilo-convecteur basse temp\u00e9rature<\/h3>\n                                                            <p>Pour des temp\u00e9ratures allant de 10\u00b0C \u00e0 -20\u00b0C, id\u00e9al pour les applications de traitement et de stockage.<\/p>\n                                                                                <a\n                        href=\"https:\/\/www.icscoolenergy.com\/fr\/ventilo-convecteurs\/location-de-ventilo-convecteurs\/location-de-ventilo-convecteurs-a-basse-temperature\/\">Voir les produits<\/a>\n                                    <\/div>\n                                <div class=\"card\">\n                                                                                <h3 class=\"no-icon\">Location de centrale de traitement d&#039;air<\/h3>\n                                                            <p>Nos unit\u00e9s sont compactes et de grande capacit\u00e9 pour fournir un d\u00e9bit d&#039;air de 2 000 m3\/h \u00e0 40 000 m3\/h.<\/p>\n                                                                                <a\n                        href=\"https:\/\/www.icscoolenergy.com\/fr\/unite-de-traitement-dair\/location-de-centrales-de-traitement-dair\/\">Voir les produits<\/a>\n                                    <\/div>\n                                <div class=\"card\">\n                                                                                <h3 class=\"no-icon\">Location de refroidisseurs d&#039;air sec<\/h3>\n                                                            <p>Notre flotte de location offre un niveau avanc\u00e9 d\u2019\u00e9conomie d\u2019\u00e9nergie et les indices d\u2019efficacit\u00e9 les plus \u00e9lev\u00e9s disponibles.<\/p>\n                                                                                <a\n                        href=\"https:\/\/www.icscoolenergy.com\/fr\/refroidisseurs-dair-sec\/location-de-refroidisseurs-dair-sec\/\">Voir les produits<\/a>\n                                    <\/div>\n                                            <\/div>\n        <\/div>\n                <div class=\"tab-content\" data-tab-index=\"1\">\n            <div class=\"card-container\">\n                                                <div class=\"card\">\n                                                                                <h3 class=\"no-icon\">Unit\u00e9s de contr\u00f4le de temp\u00e9rature<\/h3>\n                                                            <p>Les TCU \u00e0 vendre offrent une vaste gamme de performances et un contr\u00f4le de temp\u00e9rature in\u00e9gal\u00e9.<\/p>\n                                                                                <a\n                        href=\"https:\/\/www.icscoolenergy.com\/fr\/unites-de-controle-de-la-temperature\/\">Voir les produits<\/a>\n                                    <\/div>\n                                <div class=\"card\">\n                                                                                <h3 class=\"no-icon\">Location de chaudi\u00e8re<\/h3>\n                                                            <p>Avec des options pour des chaudi\u00e8res jusqu&#039;\u00e0 2 MW sur une base temporaire, nous sommes le partenaire id\u00e9al en mati\u00e8re de chaudi\u00e8res.<\/p>\n                                                                                <a\n                        href=\"https:\/\/www.icscoolenergy.com\/fr\/chaudiere\/location-de-chaudieres\/\">Voir les produits<\/a>\n                                    <\/div>\n                                <div class=\"card\">\n                                                                                <h3 class=\"no-icon\">Location de chaudi\u00e8re \u00e9lectrique portative<\/h3>\n                                                            <p>Nos chaudi\u00e8res \u00e9lectriques ont \u00e9t\u00e9 con\u00e7ues avec la facilit\u00e9 d\u2019utilisation et d\u2019installation comme priorit\u00e9 absolue.<\/p>\n                                                                                <a\n                        href=\"https:\/\/www.icscoolenergy.com\/fr\/chaudiere\/location-de-chaudieres\/location-de-chaudieres-electriques-portables\/\">Voir les produits<\/a>\n                                    <\/div>\n                                <div class=\"card\">\n                                                                                <h3 class=\"no-icon\">Location de chauffage<\/h3>\n                                                            <p>Les radiateurs portables sont con\u00e7us pour \u00eatre install\u00e9s facilement, avec une fonctionnalit\u00e9 plug and play sur chaque unit\u00e9.<\/p>\n                                                                                <a\n                        href=\"https:\/\/www.icscoolenergy.com\/fr\/chauffage\/location-de-chauffage\/\">Voir les produits<\/a>\n                                    <\/div>\n                                <div class=\"card\">\n                                                                                <h3 class=\"no-icon\">Location de chauffage indirect au diesel<\/h3>\n                                                            <p>Parfait pour les entreprises qui cherchent \u00e0 chauffer des espaces trop grands pour des radiateurs soufflants ordinaires.<\/p>\n                                                                                <a\n                        href=\"https:\/\/www.icscoolenergy.com\/fr\/chauffage\/location-de-chauffage\/location-de-chauffages-indirects-au-diesel\/\">Voir les produits<\/a>\n                                    <\/div>\n                                <div class=\"card\">\n                                                                                <h3 class=\"no-icon\">Location de ventilo-convecteur<\/h3>\n                                                            <p>Ventilo-convecteurs de chauffage et de refroidissement pour les applications de traitement et de stockage.<\/p>\n                                                                                <a\n                        href=\"https:\/\/www.icscoolenergy.com\/fr\/ventilo-convecteurs\/location-de-ventilo-convecteurs\/\">Voir les produits<\/a>\n                                    <\/div>\n                                <div class=\"card\">\n                                                                                <h3 class=\"no-icon\">Location de refroidisseur \u00e0 pompe \u00e0 chaleur<\/h3>\n                                                            <p>Nos refroidisseurs \u00e0 pompe \u00e0 chaleur r\u00e9versible sont construits selon des sp\u00e9cifications de processus critiques robustes.<\/p>\n                                                                                <a\n                        href=\"https:\/\/www.icscoolenergy.com\/fr\/vos-options-en-matiere-de-pompes-a-chaleur\/location-de-refroidisseurs-pour-pompes-a-chaleur\/\">Voir les produits<\/a>\n                                    <\/div>\n                                            <\/div>\n        <\/div>\n            <\/div>\n<\/div>\n\n\n<script defer>\ndocument.addEventListener('DOMContentLoaded', function() {\n    var tabTitles = document.querySelectorAll('.tab-title');\n    var tabContents = document.querySelectorAll('.tab-content');\n\n    function clearActiveStates() {\n        tabTitles.forEach(function(title) {\n            title.classList.remove('active');\n        });\n        tabContents.forEach(function(content) {\n            content.classList.remove('active');\n        });\n    }\n\n    tabTitles.forEach(function(title) {\n        title.addEventListener('click', function() {\n            var tabIndex = this.getAttribute('data-tab-index');\n            clearActiveStates();\n            this.classList.add('active');\n            document.querySelector('.tab-content[data-tab-index=\"' + tabIndex + '\"]').classList\n                .add('active');\n        });\n    });\n\n    \/\/ Set the first tab and content as active by default\n    if (tabTitles.length > 0 && tabContents.length > 0) {\n        tabTitles[0].classList.add('active');\n        tabContents[0].classList.add('active');\n    }\n});\n<\/script>\n","protected":false},"excerpt":{"rendered":"<p>TOUS LES PRODUITS D\u00e9couvrez notre gamme compl\u00e8te de produits de refroidissement et de chauffage qui offrent les derni\u00e8res technologies performantes et \u00e9conomes en \u00e9nergie. Que vous louiez ou achetiez, notre \u00e9quipe interne de conception et de gestion de projet travaillera en \u00e9troite collaboration avec vous pour s\u2019assurer que votre \u00e9quipement de refroidissement, de chauffage ou &#8230; <a title=\"Tous les produits\" class=\"read-more\" href=\"https:\/\/www.icscoolenergy.com\/fr\/tous-les-produits\/\" aria-label=\"En savoir plus sur Tous les produits\">Lire la suite<\/a><\/p>\n","protected":false},"author":1,"featured_media":117992,"parent":0,"menu_order":0,"comment_status":"closed","ping_status":"closed","template":"template-1.php","meta":{"_acf_changed":false,"inline_featured_image":false,"_editorskit_title_hidden":false,"_editorskit_reading_time":0,"_editorskit_is_block_options_detached":false,"_editorskit_block_options_position":"{}","editor_plus_copied_stylings":"{}","footnotes":""},"class_list":["post-121055","page","type-page","status-publish","has-post-thumbnail"],"acf":[],"yoast_head":"<!-- This site is optimized with the Yoast SEO Premium plugin v24.5 (Yoast SEO v26.9) - https:\/\/yoast.com\/product\/yoast-seo-premium-wordpress\/ -->\n<title>Tous les produits - French<\/title>\n<meta name=\"robots\" content=\"index, follow, max-snippet:-1, max-image-preview:large, max-video-preview:-1\" \/>\n<link rel=\"canonical\" href=\"https:\/\/www.icscoolenergy.com\/fr\/tous-les-produits\/\" \/>\n<meta property=\"og:locale\" content=\"fr_FR\" \/>\n<meta property=\"og:type\" content=\"article\" \/>\n<meta property=\"og:title\" content=\"Tous les produits\" \/>\n<meta property=\"og:description\" content=\"TOUS LES PRODUITS D\u00e9couvrez notre gamme compl\u00e8te de produits de refroidissement et de chauffage qui offrent les derni\u00e8res technologies performantes et \u00e9conomes en \u00e9nergie. Que vous louiez ou achetiez, notre \u00e9quipe interne de conception et de gestion de projet travaillera en \u00e9troite collaboration avec vous pour s\u2019assurer que votre \u00e9quipement de refroidissement, de chauffage ou ... Lire la suite\" \/>\n<meta property=\"og:url\" content=\"https:\/\/www.icscoolenergy.com\/fr\/tous-les-produits\/\" \/>\n<meta property=\"og:site_name\" content=\"French\" \/>\n<meta property=\"article:modified_time\" content=\"2024-06-11T13:16:49+00:00\" \/>\n<meta property=\"og:image\" content=\"https:\/\/www.icscoolenergy.com\/wp-content\/\/uploads\/sites\/2\/2024\/04\/i-Temp-max-1.png\" \/>\n\t<meta property=\"og:image:width\" content=\"560\" \/>\n\t<meta property=\"og:image:height\" content=\"420\" \/>\n\t<meta property=\"og:image:type\" content=\"image\/png\" \/>\n<meta name=\"twitter:card\" content=\"summary_large_image\" \/>\n<meta name=\"twitter:label1\" content=\"Est. reading time\" \/>\n\t<meta name=\"twitter:data1\" content=\"1 minute\" \/>\n<script type=\"application\/ld+json\" class=\"yoast-schema-graph\">{\"@context\":\"https:\/\/schema.org\",\"@graph\":[{\"@type\":\"WebPage\",\"@id\":\"https:\/\/www.icscoolenergy.com\/fr\/tous-les-produits\/\",\"url\":\"https:\/\/www.icscoolenergy.com\/fr\/tous-les-produits\/\",\"name\":\"Tous les produits - French\",\"isPartOf\":{\"@id\":\"https:\/\/www.icscoolenergy.com\/fr\/#website\"},\"primaryImageOfPage\":{\"@id\":\"https:\/\/www.icscoolenergy.com\/fr\/tous-les-produits\/#primaryimage\"},\"image\":{\"@id\":\"https:\/\/www.icscoolenergy.com\/fr\/tous-les-produits\/#primaryimage\"},\"thumbnailUrl\":\"https:\/\/www.icscoolenergy.com\/wp-content\/uploads\/sites\/2\/2024\/04\/i-Temp-max-1.png\",\"datePublished\":\"2024-01-08T17:28:58+00:00\",\"dateModified\":\"2024-06-11T13:16:49+00:00\",\"breadcrumb\":{\"@id\":\"https:\/\/www.icscoolenergy.com\/fr\/tous-les-produits\/#breadcrumb\"},\"inLanguage\":\"fr-FR\",\"potentialAction\":[{\"@type\":\"ReadAction\",\"target\":[\"https:\/\/www.icscoolenergy.com\/fr\/tous-les-produits\/\"]}]},{\"@type\":\"ImageObject\",\"inLanguage\":\"fr-FR\",\"@id\":\"https:\/\/www.icscoolenergy.com\/fr\/tous-les-produits\/#primaryimage\",\"url\":\"https:\/\/www.icscoolenergy.com\/wp-content\/uploads\/sites\/2\/2024\/04\/i-Temp-max-1.png\",\"contentUrl\":\"https:\/\/www.icscoolenergy.com\/wp-content\/uploads\/sites\/2\/2024\/04\/i-Temp-max-1.png\",\"width\":560,\"height\":420,\"caption\":\"i-Temp max image du produit\"},{\"@type\":\"BreadcrumbList\",\"@id\":\"https:\/\/www.icscoolenergy.com\/fr\/tous-les-produits\/#breadcrumb\",\"itemListElement\":[{\"@type\":\"ListItem\",\"position\":1,\"name\":\"Home\",\"item\":\"https:\/\/www.icscoolenergy.com\/fr\/\"},{\"@type\":\"ListItem\",\"position\":2,\"name\":\"Tous les produits\"}]},{\"@type\":\"WebSite\",\"@id\":\"https:\/\/www.icscoolenergy.com\/fr\/#website\",\"url\":\"https:\/\/www.icscoolenergy.com\/fr\/\",\"name\":\"ICS Cool Energy\",\"description\":\"The Process Temperature Control Specialists\",\"publisher\":{\"@id\":\"https:\/\/www.icscoolenergy.com\/fr\/#organization\"},\"potentialAction\":[{\"@type\":\"SearchAction\",\"target\":{\"@type\":\"EntryPoint\",\"urlTemplate\":\"https:\/\/www.icscoolenergy.com\/fr\/?s={search_term_string}\"},\"query-input\":{\"@type\":\"PropertyValueSpecification\",\"valueRequired\":true,\"valueName\":\"search_term_string\"}}],\"inLanguage\":\"fr-FR\"},{\"@type\":\"Organization\",\"@id\":\"https:\/\/www.icscoolenergy.com\/fr\/#organization\",\"name\":\"ICS Cool Energy\",\"url\":\"https:\/\/www.icscoolenergy.com\/fr\/\",\"logo\":{\"@type\":\"ImageObject\",\"inLanguage\":\"fr-FR\",\"@id\":\"https:\/\/www.icscoolenergy.com\/fr\/#\/schema\/logo\/image\/\",\"url\":\"https:\/\/www.icscoolenergy.com\/wp-content\/uploads\/sites\/2\/2024\/01\/ics-cool-energy-logo.svg\",\"contentUrl\":\"https:\/\/www.icscoolenergy.com\/wp-content\/uploads\/sites\/2\/2024\/01\/ics-cool-energy-logo.svg\",\"caption\":\"ICS Cool Energy\"},\"image\":{\"@id\":\"https:\/\/www.icscoolenergy.com\/fr\/#\/schema\/logo\/image\/\"}}]}<\/script>\n<!-- \/ Yoast SEO Premium plugin. -->","yoast_head_json":{"title":"Tous les produits - French","robots":{"index":"index","follow":"follow","max-snippet":"max-snippet:-1","max-image-preview":"max-image-preview:large","max-video-preview":"max-video-preview:-1"},"canonical":"https:\/\/www.icscoolenergy.com\/fr\/tous-les-produits\/","og_locale":"fr_FR","og_type":"article","og_title":"Tous les produits","og_description":"TOUS LES PRODUITS D\u00e9couvrez notre gamme compl\u00e8te de produits de refroidissement et de chauffage qui offrent les derni\u00e8res technologies performantes et \u00e9conomes en \u00e9nergie. Que vous louiez ou achetiez, notre \u00e9quipe interne de conception et de gestion de projet travaillera en \u00e9troite collaboration avec vous pour s\u2019assurer que votre \u00e9quipement de refroidissement, de chauffage ou ... Lire la suite","og_url":"https:\/\/www.icscoolenergy.com\/fr\/tous-les-produits\/","og_site_name":"French","article_modified_time":"2024-06-11T13:16:49+00:00","og_image":[{"width":560,"height":420,"url":"https:\/\/www.icscoolenergy.com\/wp-content\/\/uploads\/sites\/2\/2024\/04\/i-Temp-max-1.png","type":"image\/png"}],"twitter_card":"summary_large_image","twitter_misc":{"Est. reading time":"1 minute"},"schema":{"@context":"https:\/\/schema.org","@graph":[{"@type":"WebPage","@id":"https:\/\/www.icscoolenergy.com\/fr\/tous-les-produits\/","url":"https:\/\/www.icscoolenergy.com\/fr\/tous-les-produits\/","name":"Tous les produits - French","isPartOf":{"@id":"https:\/\/www.icscoolenergy.com\/fr\/#website"},"primaryImageOfPage":{"@id":"https:\/\/www.icscoolenergy.com\/fr\/tous-les-produits\/#primaryimage"},"image":{"@id":"https:\/\/www.icscoolenergy.com\/fr\/tous-les-produits\/#primaryimage"},"thumbnailUrl":"https:\/\/www.icscoolenergy.com\/wp-content\/uploads\/sites\/2\/2024\/04\/i-Temp-max-1.png","datePublished":"2024-01-08T17:28:58+00:00","dateModified":"2024-06-11T13:16:49+00:00","breadcrumb":{"@id":"https:\/\/www.icscoolenergy.com\/fr\/tous-les-produits\/#breadcrumb"},"inLanguage":"fr-FR","potentialAction":[{"@type":"ReadAction","target":["https:\/\/www.icscoolenergy.com\/fr\/tous-les-produits\/"]}]},{"@type":"ImageObject","inLanguage":"fr-FR","@id":"https:\/\/www.icscoolenergy.com\/fr\/tous-les-produits\/#primaryimage","url":"https:\/\/www.icscoolenergy.com\/wp-content\/uploads\/sites\/2\/2024\/04\/i-Temp-max-1.png","contentUrl":"https:\/\/www.icscoolenergy.com\/wp-content\/uploads\/sites\/2\/2024\/04\/i-Temp-max-1.png","width":560,"height":420,"caption":"i-Temp max image du produit"},{"@type":"BreadcrumbList","@id":"https:\/\/www.icscoolenergy.com\/fr\/tous-les-produits\/#breadcrumb","itemListElement":[{"@type":"ListItem","position":1,"name":"Home","item":"https:\/\/www.icscoolenergy.com\/fr\/"},{"@type":"ListItem","position":2,"name":"Tous les produits"}]},{"@type":"WebSite","@id":"https:\/\/www.icscoolenergy.com\/fr\/#website","url":"https:\/\/www.icscoolenergy.com\/fr\/","name":"ICS Cool Energy","description":"The Process Temperature Control Specialists","publisher":{"@id":"https:\/\/www.icscoolenergy.com\/fr\/#organization"},"potentialAction":[{"@type":"SearchAction","target":{"@type":"EntryPoint","urlTemplate":"https:\/\/www.icscoolenergy.com\/fr\/?s={search_term_string}"},"query-input":{"@type":"PropertyValueSpecification","valueRequired":true,"valueName":"search_term_string"}}],"inLanguage":"fr-FR"},{"@type":"Organization","@id":"https:\/\/www.icscoolenergy.com\/fr\/#organization","name":"ICS Cool Energy","url":"https:\/\/www.icscoolenergy.com\/fr\/","logo":{"@type":"ImageObject","inLanguage":"fr-FR","@id":"https:\/\/www.icscoolenergy.com\/fr\/#\/schema\/logo\/image\/","url":"https:\/\/www.icscoolenergy.com\/wp-content\/uploads\/sites\/2\/2024\/01\/ics-cool-energy-logo.svg","contentUrl":"https:\/\/www.icscoolenergy.com\/wp-content\/uploads\/sites\/2\/2024\/01\/ics-cool-energy-logo.svg","caption":"ICS Cool Energy"},"image":{"@id":"https:\/\/www.icscoolenergy.com\/fr\/#\/schema\/logo\/image\/"}}]}},"_links":{"self":[{"href":"https:\/\/www.icscoolenergy.com\/fr\/wp-json\/wp\/v2\/pages\/121055","targetHints":{"allow":["GET"]}}],"collection":[{"href":"https:\/\/www.icscoolenergy.com\/fr\/wp-json\/wp\/v2\/pages"}],"about":[{"href":"https:\/\/www.icscoolenergy.com\/fr\/wp-json\/wp\/v2\/types\/page"}],"author":[{"embeddable":true,"href":"https:\/\/www.icscoolenergy.com\/fr\/wp-json\/wp\/v2\/users\/1"}],"replies":[{"embeddable":true,"href":"https:\/\/www.icscoolenergy.com\/fr\/wp-json\/wp\/v2\/comments?post=121055"}],"version-history":[{"count":0,"href":"https:\/\/www.icscoolenergy.com\/fr\/wp-json\/wp\/v2\/pages\/121055\/revisions"}],"wp:featuredmedia":[{"embeddable":true,"href":"https:\/\/www.icscoolenergy.com\/fr\/wp-json\/wp\/v2\/media\/117992"}],"wp:attachment":[{"href":"https:\/\/www.icscoolenergy.com\/fr\/wp-json\/wp\/v2\/media?parent=121055"}],"curies":[{"name":"wp","href":"https:\/\/api.w.org\/{rel}","templated":true}]}}