 
{"id":121074,"date":"2024-01-09T12:13:19","date_gmt":"2024-01-09T12:13:19","guid":{"rendered":"https:\/\/www.icscoolenergy.com\/fr\/entrainements-a-vitesse-variable\/"},"modified":"2024-06-11T20:32:38","modified_gmt":"2024-06-11T20:32:38","slug":"entrainements-a-vitesse-variable","status":"publish","type":"page","link":"https:\/\/www.icscoolenergy.com\/fr\/entrainements-a-vitesse-variable\/","title":{"rendered":"Entra\u00eenements \u00e0 vitesse variable"},"content":{"rendered":"\n<div class=\"mb-8 eplus-wrapper wp-block-group is-layout-flow wp-block-group-is-layout-flow\">\n<div class=\"md:relative eplus-wrapper wp-block-group is-layout-flow wp-block-group-is-layout-flow\">\n<div class=\"eplus-wrapper wp-block-cover is-light\" style=\"min-height:451px;aspect-ratio:unset;\"><span aria-hidden=\"true\" class=\"wp-block-cover__background has-background-dim-0 has-background-dim\"><\/span><img loading=\"lazy\" decoding=\"async\" width=\"2242\" height=\"946\" class=\"wp-block-cover__image-background wp-image-80165\" alt=\"\" src=\"https:\/\/www.icscoolenergy.com\/wp-content\/uploads\/2024\/04\/FreeCoolingSolutions-HERO.jpg\" data-object-fit=\"cover\" srcset=\"https:\/\/www.icscoolenergy.com\/wp-content\/uploads\/sites\/2\/2024\/04\/FreeCoolingSolutions-HERO.jpg 2242w, https:\/\/www.icscoolenergy.com\/wp-content\/uploads\/sites\/2\/2024\/04\/FreeCoolingSolutions-HERO-300x127.jpg 300w, https:\/\/www.icscoolenergy.com\/wp-content\/uploads\/sites\/2\/2024\/04\/FreeCoolingSolutions-HERO-1024x432.jpg 1024w, https:\/\/www.icscoolenergy.com\/wp-content\/uploads\/sites\/2\/2024\/04\/FreeCoolingSolutions-HERO-768x324.jpg 768w, https:\/\/www.icscoolenergy.com\/wp-content\/uploads\/sites\/2\/2024\/04\/FreeCoolingSolutions-HERO-50x21.jpg 50w, https:\/\/www.icscoolenergy.com\/wp-content\/uploads\/sites\/2\/2024\/04\/FreeCoolingSolutions-HERO-1600x675.jpg 1600w, https:\/\/www.icscoolenergy.com\/wp-content\/uploads\/sites\/2\/2024\/04\/FreeCoolingSolutions-HERO-1536x648.jpg 1536w, https:\/\/www.icscoolenergy.com\/wp-content\/uploads\/sites\/2\/2024\/04\/FreeCoolingSolutions-HERO-2048x864.jpg 2048w, https:\/\/www.icscoolenergy.com\/wp-content\/uploads\/sites\/2\/2024\/04\/FreeCoolingSolutions-HERO-600x253.jpg 600w\" sizes=\"auto, (max-width: 2242px) 100vw, 2242px\" \/><div class=\"wp-block-cover__inner-container is-layout-flow wp-block-cover-is-layout-flow\">\n<p class=\" has-text-align-center has-large-font-size eplus-wrapper\"><\/p>\n<\/div><\/div>\n\n\n\n<div class=\"rounded-tr-md sm:w-full md:w-[80%] md:h-fit md:top-[80%] relative md:-mt-[10%] z-[1] md:left-0 eplus-wrapper wp-block-group has-background is-layout-constrained wp-block-group-is-layout-constrained\" style=\"background-color:#eaeaef\">\n<h1 class=\"eplus-wrapper pt-8 wp-block-heading has-text-color has-link-color wp-elements-986a778b0789424915c8ea347d04c3a9\" id=\"h-vitesses-variables\" style=\"color:#312f5f\">VITESSES VARIABLES<\/h1>\n\n\n\n<p class=\" eplus-wrapper\">Le contr\u00f4le du d\u00e9bit d\u2019air et d\u2019eau dans les syst\u00e8mes de contr\u00f4le de la temp\u00e9rature des processus est un moyen efficace et permanent de r\u00e9pondre aux demandes en constante \u00e9volution d\u2019un syst\u00e8me et d\u2019am\u00e9liorer son efficacit\u00e9.<\/p>\n\n\n\n<p class=\" eplus-wrapper\">Nous pouvons installer un variateur de vitesse ou VSD (un syst\u00e8me \u00e9lectrique\/\u00e9lectronique qui permet un contr\u00f4le de vitesse infiniment variable des moteurs \u00e0 induction AC).<\/p>\n\n\n\n<p class=\" eplus-wrapper\">Les VSD peuvent \u00eatre install\u00e9s pour r\u00e9pondre aux diff\u00e9rentes exigences de d\u00e9bit du syst\u00e8me ou simplement pour augmenter l\u2019efficacit\u00e9 \u00e9nerg\u00e9tique. Le retour sur investissement sur un syst\u00e8me install\u00e9 peut \u00eatre aussi court que 6 mois.<\/p>\n\n\n\n<div class=\"wp-block-buttons eplus-wrapper is-layout-flex wp-block-buttons-is-layout-flex\"><div class=\" ep-custom-buttons-icon wp-block-button eplus-wrapper eplus-styles-uid-e1ee5f\"><a class=\"wp-block-button__link has-background wp-element-button\" href=\"tel:+33%20160%2066%2080%2083\" style=\"background-color:#ef4138\">Renseignez-vous maintenant: +33 160 66 80 83<\/a><\/div><\/div>\n<\/div>\n<\/div>\n\n\n\n<div style=\"height:60px\" aria-hidden=\"true\" class=\"xs:hidden md:block eplus-wrapper wp-block-spacer\"><\/div>\n<\/div>\n\n\n\n<div class=\"flex flex-row flex-wrap md:flex-nowrap sm:justify-center sm:items-center wp-block-group eplus-wrapper is-layout-constrained wp-block-group-is-layout-constrained\">\n<div class=\"w-full p-2 m-2 wp-block-group eplus-wrapper is-vertical is-layout-flex wp-container-core-group-is-layout-8cf370e7 wp-block-group-is-layout-flex\">\n<p class=\" eplus-wrapper\">En installant un variateur de vitesse (VSD) \u2013 un syst\u00e8me \u00e9lectrique\/\u00e9lectronique qui permet un contr\u00f4le de vitesse infiniment variable des moteurs \u00e0 induction AC \u2013 vous pouvez r\u00e9pondre aux diff\u00e9rentes exigences de d\u00e9bit du syst\u00e8me ou simplement augmenter l&rsquo;efficacit\u00e9 \u00e9nerg\u00e9tique.<\/p>\n\n\n\n<p class=\" eplus-wrapper\">Les technologies \u00e0 vitesse variable sont appliqu\u00e9es par les fabricants de refroidisseurs dans leurs portefeuilles de produits, mais la technologie VSD peut \u00e9galement \u00eatre install\u00e9e sur les refroidisseurs existants, ce qui en fait une excellente option pour les entreprises qui cherchent \u00e0 am\u00e9liorer l&rsquo;efficacit\u00e9 et \u00e0 r\u00e9duire la consommation d&rsquo;\u00e9nergie de leurs syst\u00e8mes de refroidissement.<\/p>\n\n\n\n<p class=\" eplus-wrapper\">La mise \u00e0 niveau de la technologie VSD sur un refroidisseur existant implique l&rsquo;installation d&rsquo;un variateur VSD entre le moteur et l&rsquo;alimentation \u00e9lectrique. Le variateur VSD ajuste la vitesse du moteur en fonction de la charge de refroidissement, r\u00e9duisant ainsi la consommation d&rsquo;\u00e9nergie et les co\u00fbts.<\/p>\n\n\n\n<p class=\" eplus-wrapper\">Le retour sur investissement d&rsquo;un syst\u00e8me VSD install\u00e9 peut \u00eatre aussi court que 4 \u00e0 6 mois.<\/p>\n\n\n\n<div style=\"height:8px\" aria-hidden=\"true\" class=\"wp-block-spacer eplus-wrapper wp-container-content-7d115344\"><\/div>\n<\/div>\n<\/div>\n\n\n\n<div style=\"height:60px\" aria-hidden=\"true\" class=\" wp-block-spacer eplus-wrapper\"><\/div>\n\n\n\n<figure class=\" wp-block-image aligncenter size-large eplus-wrapper\"><img loading=\"lazy\" decoding=\"async\" width=\"1024\" height=\"460\" src=\"https:\/\/www.icscoolenergy.com\/wp-content\/uploads\/2024\/04\/VSD-Payback-1024x460.jpg\" alt=\"\" class=\"wp-image-80185\" srcset=\"https:\/\/www.icscoolenergy.com\/wp-content\/uploads\/sites\/2\/2024\/04\/VSD-Payback-1024x460.jpg 1024w, https:\/\/www.icscoolenergy.com\/wp-content\/uploads\/sites\/2\/2024\/04\/VSD-Payback-300x135.jpg 300w, https:\/\/www.icscoolenergy.com\/wp-content\/uploads\/sites\/2\/2024\/04\/VSD-Payback-768x345.jpg 768w, https:\/\/www.icscoolenergy.com\/wp-content\/uploads\/sites\/2\/2024\/04\/VSD-Payback-50x22.jpg 50w, https:\/\/www.icscoolenergy.com\/wp-content\/uploads\/sites\/2\/2024\/04\/VSD-Payback-600x270.jpg 600w, https:\/\/www.icscoolenergy.com\/wp-content\/uploads\/sites\/2\/2024\/04\/VSD-Payback.jpg 1519w\" sizes=\"auto, (max-width: 1024px) 100vw, 1024px\" \/><\/figure>\n\n\n\n<div style=\"height:60px\" aria-hidden=\"true\" class=\"xs:hidden md:block eplus-wrapper wp-block-spacer\"><\/div>\n","protected":false},"excerpt":{"rendered":"<p>VITESSES VARIABLES Le contr\u00f4le du d\u00e9bit d\u2019air et d\u2019eau dans les syst\u00e8mes de contr\u00f4le de la temp\u00e9rature des processus est un moyen efficace et permanent de r\u00e9pondre aux demandes en constante \u00e9volution d\u2019un syst\u00e8me et d\u2019am\u00e9liorer son efficacit\u00e9. Nous pouvons installer un variateur de vitesse ou VSD (un syst\u00e8me \u00e9lectrique\/\u00e9lectronique qui permet un contr\u00f4le de &#8230; <a title=\"Entra\u00eenements \u00e0 vitesse variable\" class=\"read-more\" href=\"https:\/\/www.icscoolenergy.com\/fr\/entrainements-a-vitesse-variable\/\" aria-label=\"En savoir plus sur Entra\u00eenements \u00e0 vitesse variable\">Lire la suite<\/a><\/p>\n","protected":false},"author":1,"featured_media":0,"parent":0,"menu_order":0,"comment_status":"closed","ping_status":"closed","template":"","meta":{"_acf_changed":false,"inline_featured_image":false,"_editorskit_title_hidden":false,"_editorskit_reading_time":0,"_editorskit_is_block_options_detached":false,"_editorskit_block_options_position":"{}","editor_plus_copied_stylings":"{}","footnotes":""},"class_list":["post-121074","page","type-page","status-publish"],"acf":[],"yoast_head":"<!-- This site is optimized with the Yoast SEO Premium plugin v24.5 (Yoast SEO v26.9) - https:\/\/yoast.com\/product\/yoast-seo-premium-wordpress\/ -->\n<title>Entra\u00eenements \u00e0 vitesse variable - French<\/title>\n<meta name=\"robots\" content=\"index, follow, max-snippet:-1, max-image-preview:large, max-video-preview:-1\" \/>\n<link rel=\"canonical\" href=\"https:\/\/www.icscoolenergy.com\/fr\/entrainements-a-vitesse-variable\/\" \/>\n<meta property=\"og:locale\" content=\"fr_FR\" \/>\n<meta property=\"og:type\" content=\"article\" \/>\n<meta property=\"og:title\" content=\"Entra\u00eenements \u00e0 vitesse variable\" \/>\n<meta property=\"og:description\" content=\"VITESSES VARIABLES Le contr\u00f4le du d\u00e9bit d\u2019air et d\u2019eau dans les syst\u00e8mes de contr\u00f4le de la temp\u00e9rature des processus est un moyen efficace et permanent de r\u00e9pondre aux demandes en constante \u00e9volution d\u2019un syst\u00e8me et d\u2019am\u00e9liorer son efficacit\u00e9. Nous pouvons installer un variateur de vitesse ou VSD (un syst\u00e8me \u00e9lectrique\/\u00e9lectronique qui permet un contr\u00f4le de ... Lire la suite\" \/>\n<meta property=\"og:url\" content=\"https:\/\/www.icscoolenergy.com\/fr\/entrainements-a-vitesse-variable\/\" \/>\n<meta property=\"og:site_name\" content=\"French\" \/>\n<meta property=\"article:modified_time\" content=\"2024-06-11T20:32:38+00:00\" \/>\n<meta property=\"og:image\" content=\"https:\/\/www.icscoolenergy.com\/wp-content\/uploads\/2024\/04\/FreeCoolingSolutions-HERO.jpg\" \/>\n<meta name=\"twitter:card\" content=\"summary_large_image\" \/>\n<meta name=\"twitter:label1\" content=\"Est. reading time\" \/>\n\t<meta name=\"twitter:data1\" content=\"2 minutes\" \/>\n<script type=\"application\/ld+json\" class=\"yoast-schema-graph\">{\"@context\":\"https:\/\/schema.org\",\"@graph\":[{\"@type\":\"WebPage\",\"@id\":\"https:\/\/www.icscoolenergy.com\/fr\/entrainements-a-vitesse-variable\/\",\"url\":\"https:\/\/www.icscoolenergy.com\/fr\/entrainements-a-vitesse-variable\/\",\"name\":\"Entra\u00eenements \u00e0 vitesse variable - French\",\"isPartOf\":{\"@id\":\"https:\/\/www.icscoolenergy.com\/fr\/#website\"},\"primaryImageOfPage\":{\"@id\":\"https:\/\/www.icscoolenergy.com\/fr\/entrainements-a-vitesse-variable\/#primaryimage\"},\"image\":{\"@id\":\"https:\/\/www.icscoolenergy.com\/fr\/entrainements-a-vitesse-variable\/#primaryimage\"},\"thumbnailUrl\":\"https:\/\/www.icscoolenergy.com\/wp-content\/uploads\/2024\/04\/FreeCoolingSolutions-HERO.jpg\",\"datePublished\":\"2024-01-09T12:13:19+00:00\",\"dateModified\":\"2024-06-11T20:32:38+00:00\",\"breadcrumb\":{\"@id\":\"https:\/\/www.icscoolenergy.com\/fr\/entrainements-a-vitesse-variable\/#breadcrumb\"},\"inLanguage\":\"fr-FR\",\"potentialAction\":[{\"@type\":\"ReadAction\",\"target\":[\"https:\/\/www.icscoolenergy.com\/fr\/entrainements-a-vitesse-variable\/\"]}]},{\"@type\":\"ImageObject\",\"inLanguage\":\"fr-FR\",\"@id\":\"https:\/\/www.icscoolenergy.com\/fr\/entrainements-a-vitesse-variable\/#primaryimage\",\"url\":\"https:\/\/www.icscoolenergy.com\/wp-content\/uploads\/2024\/04\/FreeCoolingSolutions-HERO.jpg\",\"contentUrl\":\"https:\/\/www.icscoolenergy.com\/wp-content\/uploads\/2024\/04\/FreeCoolingSolutions-HERO.jpg\"},{\"@type\":\"BreadcrumbList\",\"@id\":\"https:\/\/www.icscoolenergy.com\/fr\/entrainements-a-vitesse-variable\/#breadcrumb\",\"itemListElement\":[{\"@type\":\"ListItem\",\"position\":1,\"name\":\"Home\",\"item\":\"https:\/\/www.icscoolenergy.com\/fr\/\"},{\"@type\":\"ListItem\",\"position\":2,\"name\":\"Entra\u00eenements \u00e0 vitesse variable\"}]},{\"@type\":\"WebSite\",\"@id\":\"https:\/\/www.icscoolenergy.com\/fr\/#website\",\"url\":\"https:\/\/www.icscoolenergy.com\/fr\/\",\"name\":\"ICS Cool Energy\",\"description\":\"The Process Temperature Control Specialists\",\"publisher\":{\"@id\":\"https:\/\/www.icscoolenergy.com\/fr\/#organization\"},\"potentialAction\":[{\"@type\":\"SearchAction\",\"target\":{\"@type\":\"EntryPoint\",\"urlTemplate\":\"https:\/\/www.icscoolenergy.com\/fr\/?s={search_term_string}\"},\"query-input\":{\"@type\":\"PropertyValueSpecification\",\"valueRequired\":true,\"valueName\":\"search_term_string\"}}],\"inLanguage\":\"fr-FR\"},{\"@type\":\"Organization\",\"@id\":\"https:\/\/www.icscoolenergy.com\/fr\/#organization\",\"name\":\"ICS Cool Energy\",\"url\":\"https:\/\/www.icscoolenergy.com\/fr\/\",\"logo\":{\"@type\":\"ImageObject\",\"inLanguage\":\"fr-FR\",\"@id\":\"https:\/\/www.icscoolenergy.com\/fr\/#\/schema\/logo\/image\/\",\"url\":\"https:\/\/www.icscoolenergy.com\/wp-content\/uploads\/sites\/2\/2024\/01\/ics-cool-energy-logo.svg\",\"contentUrl\":\"https:\/\/www.icscoolenergy.com\/wp-content\/uploads\/sites\/2\/2024\/01\/ics-cool-energy-logo.svg\",\"caption\":\"ICS Cool Energy\"},\"image\":{\"@id\":\"https:\/\/www.icscoolenergy.com\/fr\/#\/schema\/logo\/image\/\"}}]}<\/script>\n<!-- \/ Yoast SEO Premium plugin. -->","yoast_head_json":{"title":"Entra\u00eenements \u00e0 vitesse variable - French","robots":{"index":"index","follow":"follow","max-snippet":"max-snippet:-1","max-image-preview":"max-image-preview:large","max-video-preview":"max-video-preview:-1"},"canonical":"https:\/\/www.icscoolenergy.com\/fr\/entrainements-a-vitesse-variable\/","og_locale":"fr_FR","og_type":"article","og_title":"Entra\u00eenements \u00e0 vitesse variable","og_description":"VITESSES VARIABLES Le contr\u00f4le du d\u00e9bit d\u2019air et d\u2019eau dans les syst\u00e8mes de contr\u00f4le de la temp\u00e9rature des processus est un moyen efficace et permanent de r\u00e9pondre aux demandes en constante \u00e9volution d\u2019un syst\u00e8me et d\u2019am\u00e9liorer son efficacit\u00e9. Nous pouvons installer un variateur de vitesse ou VSD (un syst\u00e8me \u00e9lectrique\/\u00e9lectronique qui permet un contr\u00f4le de ... Lire la suite","og_url":"https:\/\/www.icscoolenergy.com\/fr\/entrainements-a-vitesse-variable\/","og_site_name":"French","article_modified_time":"2024-06-11T20:32:38+00:00","og_image":[{"url":"https:\/\/www.icscoolenergy.com\/wp-content\/uploads\/2024\/04\/FreeCoolingSolutions-HERO.jpg","type":"","width":"","height":""}],"twitter_card":"summary_large_image","twitter_misc":{"Est. reading time":"2 minutes"},"schema":{"@context":"https:\/\/schema.org","@graph":[{"@type":"WebPage","@id":"https:\/\/www.icscoolenergy.com\/fr\/entrainements-a-vitesse-variable\/","url":"https:\/\/www.icscoolenergy.com\/fr\/entrainements-a-vitesse-variable\/","name":"Entra\u00eenements \u00e0 vitesse variable - French","isPartOf":{"@id":"https:\/\/www.icscoolenergy.com\/fr\/#website"},"primaryImageOfPage":{"@id":"https:\/\/www.icscoolenergy.com\/fr\/entrainements-a-vitesse-variable\/#primaryimage"},"image":{"@id":"https:\/\/www.icscoolenergy.com\/fr\/entrainements-a-vitesse-variable\/#primaryimage"},"thumbnailUrl":"https:\/\/www.icscoolenergy.com\/wp-content\/uploads\/2024\/04\/FreeCoolingSolutions-HERO.jpg","datePublished":"2024-01-09T12:13:19+00:00","dateModified":"2024-06-11T20:32:38+00:00","breadcrumb":{"@id":"https:\/\/www.icscoolenergy.com\/fr\/entrainements-a-vitesse-variable\/#breadcrumb"},"inLanguage":"fr-FR","potentialAction":[{"@type":"ReadAction","target":["https:\/\/www.icscoolenergy.com\/fr\/entrainements-a-vitesse-variable\/"]}]},{"@type":"ImageObject","inLanguage":"fr-FR","@id":"https:\/\/www.icscoolenergy.com\/fr\/entrainements-a-vitesse-variable\/#primaryimage","url":"https:\/\/www.icscoolenergy.com\/wp-content\/uploads\/2024\/04\/FreeCoolingSolutions-HERO.jpg","contentUrl":"https:\/\/www.icscoolenergy.com\/wp-content\/uploads\/2024\/04\/FreeCoolingSolutions-HERO.jpg"},{"@type":"BreadcrumbList","@id":"https:\/\/www.icscoolenergy.com\/fr\/entrainements-a-vitesse-variable\/#breadcrumb","itemListElement":[{"@type":"ListItem","position":1,"name":"Home","item":"https:\/\/www.icscoolenergy.com\/fr\/"},{"@type":"ListItem","position":2,"name":"Entra\u00eenements \u00e0 vitesse variable"}]},{"@type":"WebSite","@id":"https:\/\/www.icscoolenergy.com\/fr\/#website","url":"https:\/\/www.icscoolenergy.com\/fr\/","name":"ICS Cool Energy","description":"The Process Temperature Control Specialists","publisher":{"@id":"https:\/\/www.icscoolenergy.com\/fr\/#organization"},"potentialAction":[{"@type":"SearchAction","target":{"@type":"EntryPoint","urlTemplate":"https:\/\/www.icscoolenergy.com\/fr\/?s={search_term_string}"},"query-input":{"@type":"PropertyValueSpecification","valueRequired":true,"valueName":"search_term_string"}}],"inLanguage":"fr-FR"},{"@type":"Organization","@id":"https:\/\/www.icscoolenergy.com\/fr\/#organization","name":"ICS Cool Energy","url":"https:\/\/www.icscoolenergy.com\/fr\/","logo":{"@type":"ImageObject","inLanguage":"fr-FR","@id":"https:\/\/www.icscoolenergy.com\/fr\/#\/schema\/logo\/image\/","url":"https:\/\/www.icscoolenergy.com\/wp-content\/uploads\/sites\/2\/2024\/01\/ics-cool-energy-logo.svg","contentUrl":"https:\/\/www.icscoolenergy.com\/wp-content\/uploads\/sites\/2\/2024\/01\/ics-cool-energy-logo.svg","caption":"ICS Cool Energy"},"image":{"@id":"https:\/\/www.icscoolenergy.com\/fr\/#\/schema\/logo\/image\/"}}]}},"_links":{"self":[{"href":"https:\/\/www.icscoolenergy.com\/fr\/wp-json\/wp\/v2\/pages\/121074","targetHints":{"allow":["GET"]}}],"collection":[{"href":"https:\/\/www.icscoolenergy.com\/fr\/wp-json\/wp\/v2\/pages"}],"about":[{"href":"https:\/\/www.icscoolenergy.com\/fr\/wp-json\/wp\/v2\/types\/page"}],"author":[{"embeddable":true,"href":"https:\/\/www.icscoolenergy.com\/fr\/wp-json\/wp\/v2\/users\/1"}],"replies":[{"embeddable":true,"href":"https:\/\/www.icscoolenergy.com\/fr\/wp-json\/wp\/v2\/comments?post=121074"}],"version-history":[{"count":0,"href":"https:\/\/www.icscoolenergy.com\/fr\/wp-json\/wp\/v2\/pages\/121074\/revisions"}],"wp:attachment":[{"href":"https:\/\/www.icscoolenergy.com\/fr\/wp-json\/wp\/v2\/media?parent=121074"}],"curies":[{"name":"wp","href":"https:\/\/api.w.org\/{rel}","templated":true}]}}