 
{"id":121078,"date":"2024-04-09T11:39:36","date_gmt":"2024-04-09T11:39:36","guid":{"rendered":"https:\/\/www.icscoolenergy.com\/fr\/a-propos-de-nous\/valeurs-fondamentales\/"},"modified":"2024-05-09T11:50:14","modified_gmt":"2024-05-09T11:50:14","slug":"valeurs-fondamentales","status":"publish","type":"page","link":"https:\/\/www.icscoolenergy.com\/fr\/a-propos-de-nous\/valeurs-fondamentales\/","title":{"rendered":"Valeurs fondamentales"},"content":{"rendered":"\n<div class=\"mb-8 eplus-wrapper wp-block-group is-layout-flow wp-block-group-is-layout-flow\">\n<div class=\"md:relative eplus-wrapper wp-block-group is-layout-flow wp-block-group-is-layout-flow\">\n<div class=\"eplus-wrapper wp-block-cover is-light\" style=\"min-height:451px;aspect-ratio:unset;\"><span aria-hidden=\"true\" class=\"wp-block-cover__background has-background-dim-0 has-background-dim\"><\/span><img loading=\"lazy\" decoding=\"async\" width=\"2000\" height=\"530\" class=\"wp-block-cover__image-background wp-image-80328\" alt=\"\" src=\"https:\/\/www.icscoolenergy.com\/fr\/wp-content\/uploads\/sites\/2\/2024\/04\/Repairs-Hero-2000x530-1.jpg\" data-object-fit=\"cover\" srcset=\"https:\/\/www.icscoolenergy.com\/wp-content\/uploads\/sites\/2\/2024\/04\/Repairs-Hero-2000x530-1.jpg 2000w, https:\/\/www.icscoolenergy.com\/wp-content\/uploads\/sites\/2\/2024\/04\/Repairs-Hero-2000x530-1-300x80.jpg 300w, https:\/\/www.icscoolenergy.com\/wp-content\/uploads\/sites\/2\/2024\/04\/Repairs-Hero-2000x530-1-1024x271.jpg 1024w, https:\/\/www.icscoolenergy.com\/wp-content\/uploads\/sites\/2\/2024\/04\/Repairs-Hero-2000x530-1-768x204.jpg 768w, https:\/\/www.icscoolenergy.com\/wp-content\/uploads\/sites\/2\/2024\/04\/Repairs-Hero-2000x530-1-50x13.jpg 50w, https:\/\/www.icscoolenergy.com\/wp-content\/uploads\/sites\/2\/2024\/04\/Repairs-Hero-2000x530-1-1600x424.jpg 1600w, https:\/\/www.icscoolenergy.com\/wp-content\/uploads\/sites\/2\/2024\/04\/Repairs-Hero-2000x530-1-1536x407.jpg 1536w, https:\/\/www.icscoolenergy.com\/wp-content\/uploads\/sites\/2\/2024\/04\/Repairs-Hero-2000x530-1-600x159.jpg 600w\" sizes=\"auto, (max-width: 2000px) 100vw, 2000px\" \/><div class=\"wp-block-cover__inner-container is-layout-flow wp-block-cover-is-layout-flow\">\n<p class=\" has-text-align-center has-large-font-size eplus-wrapper\"><\/p>\n<\/div><\/div>\n\n\n\n<div class=\"rounded-tr-md sm:w-full md:w-[80%] md:h-fit md:top-[80%] relative md:-mt-[10%] z-[1] md:left-0 eplus-wrapper wp-block-group has-background is-layout-constrained wp-block-group-is-layout-constrained\" style=\"background-color:#eaeaef\">\n<h1 class=\"eplus-wrapper pt-8 wp-block-heading has-text-color has-link-color wp-elements-0fbda7fd5abde82320ed120e87620000\" style=\"color:#312f5f\">VALEURS FONDAMENTALES<\/h1>\n\n\n\n<p class=\" eplus-wrapper\">Pourquoi nous faisons ce que nous faisons<\/p>\n<\/div>\n<\/div>\n\n\n\n<div style=\"height:60px\" aria-hidden=\"true\" class=\"xs:hidden md:block eplus-wrapper wp-block-spacer\"><\/div>\n<\/div>\n\n<div class=\"flex flex-row flex-wrap md:flex-nowrap sm:justify-center sm:items-center wp-block-group eplus-wrapper is-layout-constrained wp-block-group-is-layout-constrained\">\n<div class=\"w-full p-2 m-2 wp-block-group eplus-wrapper is-vertical is-layout-flex wp-container-core-group-is-layout-8cf370e7 wp-block-group-is-layout-flex\">\n<h2 class=\" wp-block-heading eplus-wrapper\">LE S\u00c9RIEUX DE LA RESPONSABILIT\u00c9<br\/><\/h2>\n\n\n\n<p class=\"has-text-color has-link-color eplus-wrapper wp-elements-a8a73975ab6015d3d7a8d5656b80b015\" style=\"color:#323130\">Nous prenons nos activit\u00e9s au s\u00e9rieux et cela signifie que nous devons <strong>nous comporter de mani\u00e8re responsable et \u00e9thique<\/strong> afin de prot\u00e9ger notre personnel, nos clients et le monde dans lequel nous vivons et travaillons.<\/p>\n\n\n\n<p class=\"has-text-color has-link-color eplus-wrapper wp-elements-7583c1ae56ec588d0affb5a653d0fbb4\" style=\"color:#323130\">Notre responsabilit\u00e9 s&rsquo;accompagne d&rsquo;une <strong>obligation de rendre des comptes \u00e0 tous les niveaux<\/strong> &#8211; de la gestion des d\u00e9chets \u00e0 la mise <strong>en place des solutions les plus durables et les plus \u00e9conomiques<\/strong> pour nos clients.<\/p>\n\n\n\n<p class=\"has-text-color has-link-color eplus-wrapper wp-elements-4304f47803a489cb0cd9fcd4b87bc380\" style=\"color:#323130\">En tant qu&rsquo;entreprise, nous comprenons et reconnaissons que nous repr\u00e9sentons plus que de simples produits et services, nous jouons un r\u00f4le dans la vie des gens, des communaut\u00e9s et du monde qui nous entoure.<\/p>\n\n\n\n<p class=\"has-text-color has-link-color eplus-wrapper wp-elements-6f24c8e5b485457248284125fa145cdc\" style=\"color:#323130\">Cette philosophie s&rsquo;applique \u00e0 l&rsquo;ensemble de nos activit\u00e9s, l&rsquo;honn\u00eatet\u00e9 et l&rsquo;\u00e9thique \u00e9tant au c\u0153ur de tout ce que nous faisons. C&rsquo;est la cl\u00e9 du succ\u00e8s \u00e0 court et \u00e0 long terme pour toutes nos parties prenantes.<\/p>\n\n\n\n<p class=\"has-text-color has-link-color eplus-wrapper wp-elements-ce21df444b0faa75cc55d67e1ba9264c\" style=\"color:#323130\">Nos collaborateurs sont essentiels \u00e0 notre r\u00e9ussite et c&rsquo;est l\u00e0 que nous r\u00e9alisons des <strong>investissements<\/strong> substantiels et <strong>positifs pour veiller au bien-\u00eatre de nos \u00e9quipes<\/strong> en leur proposant des formations, un environnement de travail s\u00fbr et des syst\u00e8mes de travail s\u00e9curis\u00e9s.<\/p>\n<\/div>\n<\/div>\n\n<div style=\"height:60px\" aria-hidden=\"true\" class=\" wp-block-spacer eplus-wrapper\"><\/div>\n\n<div class=\"mb-20 wp-block-group eplus-wrapper is-layout-flow wp-block-group-is-layout-flow\"><div class=\"items-center md:flex xs:grid wp-block-columns eplus-wrapper is-layout-flex wp-container-core-columns-is-layout-9d6595d7 wp-block-columns-is-layout-flex eplus-styles-uid-7efc7c\">\n<div class=\"xs:order-1 md:order-2 xs:w-full md:w-6\/12 xs:mb-12 md:mb-0 wp-block-column eplus-wrapper is-layout-flow wp-block-column-is-layout-flow\">\n<figure class=\" wp-block-image size-full eplus-wrapper\"><img loading=\"lazy\" decoding=\"async\" width=\"500\" height=\"500\" src=\"https:\/\/www.icscoolenergy.com\/fr\/wp-content\/uploads\/sites\/2\/2024\/04\/Emission-Critical.jpg\" alt=\"\" class=\"wp-image-80418\" srcset=\"https:\/\/www.icscoolenergy.com\/wp-content\/uploads\/sites\/2\/2024\/04\/Emission-Critical.jpg 500w, https:\/\/www.icscoolenergy.com\/wp-content\/uploads\/sites\/2\/2024\/04\/Emission-Critical-300x300.jpg 300w, https:\/\/www.icscoolenergy.com\/wp-content\/uploads\/sites\/2\/2024\/04\/Emission-Critical-150x150.jpg 150w, https:\/\/www.icscoolenergy.com\/wp-content\/uploads\/sites\/2\/2024\/04\/Emission-Critical-50x50.jpg 50w, https:\/\/www.icscoolenergy.com\/wp-content\/uploads\/sites\/2\/2024\/04\/Emission-Critical-100x100.jpg 100w\" sizes=\"auto, (max-width: 500px) 100vw, 500px\" \/><\/figure>\n<\/div>\n\n\n\n<div class=\"xs:order-2 md:order-1 xs:w-full md:w-6\/12 wp-block-column eplus-wrapper is-layout-flow wp-block-column-is-layout-flow\">\n<h2 class=\" wp-block-heading eplus-wrapper\">E-MISSION CRITIQUE<\/h2>\n\n\n\n<p class=\"has-text-color has-link-color eplus-wrapper wp-elements-56b06a07a882836abee3f132d8b6dc59\" style=\"color:#323130\">Nous avons mis en place des plans ambitieux pour r\u00e9duire les \u00e9missions de carbone d&rsquo;un milliard de tonnes m\u00e9triques d&rsquo;ici \u00e0 2030, en collaboration avec notre soci\u00e9t\u00e9 m\u00e8re. Ce chiffre est li\u00e9 \u00e0 l&rsquo;utilisation de nos produits \u00e0 partir de l&#8217;empreinte op\u00e9rationnelle de nos clients et \u00e9quivaudrait aux \u00e9missions annuelles de CO2 de l&rsquo;Italie, de la France et du Royaume-Uni r\u00e9unis !<\/p>\n\n\n\n<p class=\"has-text-color has-link-color eplus-wrapper wp-elements-c022ecf9b52c18429f2444cc4b0431ec\" style=\"color:#323130\">Nous allons le faire de la mani\u00e8re suivante :<\/p>\n\n\n<ul class=\"eplus-wrapper wp-block-list eplus-styles-uid-3990a8\"><li class=\" eplus-wrapper eplus-styles-uid-d57e6b\">R\u00e9frig\u00e9rants de nouvelle g\u00e9n\u00e9ration<\/li>\n\n<li class=\" eplus-wrapper eplus-styles-uid-d57e6b\">Avanc\u00e9es technologiques<\/li>\n\n<li class=\" eplus-wrapper eplus-styles-uid-d57e6b\">Suivi et maintenance<\/li>\n\n<li class=\" eplus-wrapper eplus-styles-uid-d57e6b\">L&rsquo;\u00e9mergence permanente de nouvelles initiatives<\/li><\/ul>\n\n\n<div style=\"height:16px\" aria-hidden=\"true\" class=\" wp-block-spacer eplus-wrapper\"><\/div>\n\n\n\n<div class=\"wp-block-buttons eplus-wrapper is-content-justification-left is-layout-flex wp-container-core-buttons-is-layout-fdcfc74e wp-block-buttons-is-layout-flex\"><div class=\" wp-block-button eplus-wrapper eplus-styles-uid-96c645\"><a class=\"wp-block-button__link has-white-color has-text-color has-background has-link-color wp-element-button\" href=\"\/solutions\/emisson-critique\/\" style=\"border-radius:100px;background-color:#0698e7\">En savoir plus<\/a><\/div><\/div>\n<\/div>\n<\/div><\/div>\n\n<div style=\"height:120px\" aria-hidden=\"true\" class=\" wp-block-spacer eplus-wrapper\"><\/div>\n","protected":false},"excerpt":{"rendered":"<p>VALEURS FONDAMENTALES Pourquoi nous faisons ce que nous faisons LE S\u00c9RIEUX DE LA RESPONSABILIT\u00c9 Nous prenons nos activit\u00e9s au s\u00e9rieux et cela signifie que nous devons nous comporter de mani\u00e8re responsable et \u00e9thique afin de prot\u00e9ger notre personnel, nos clients et le monde dans lequel nous vivons et travaillons. Notre responsabilit\u00e9 s&rsquo;accompagne d&rsquo;une obligation de &#8230; <a title=\"Valeurs fondamentales\" class=\"read-more\" href=\"https:\/\/www.icscoolenergy.com\/fr\/a-propos-de-nous\/valeurs-fondamentales\/\" aria-label=\"En savoir plus sur Valeurs fondamentales\">Lire la suite<\/a><\/p>\n","protected":false},"author":1,"featured_media":0,"parent":121048,"menu_order":0,"comment_status":"closed","ping_status":"closed","template":"template-1.php","meta":{"_acf_changed":false,"inline_featured_image":false,"_editorskit_title_hidden":false,"_editorskit_reading_time":0,"_editorskit_is_block_options_detached":false,"_editorskit_block_options_position":"{}","editor_plus_copied_stylings":"{}","footnotes":""},"class_list":["post-121078","page","type-page","status-publish"],"acf":[],"yoast_head":"<!-- This site is optimized with the Yoast SEO Premium plugin v24.5 (Yoast SEO v26.9) - https:\/\/yoast.com\/product\/yoast-seo-premium-wordpress\/ -->\n<title>Valeurs fondamentales - French<\/title>\n<meta name=\"robots\" content=\"index, follow, max-snippet:-1, max-image-preview:large, max-video-preview:-1\" \/>\n<link rel=\"canonical\" href=\"https:\/\/www.icscoolenergy.com\/fr\/a-propos-de-nous\/valeurs-fondamentales\/\" \/>\n<meta property=\"og:locale\" content=\"fr_FR\" \/>\n<meta property=\"og:type\" content=\"article\" \/>\n<meta property=\"og:title\" content=\"Valeurs fondamentales\" \/>\n<meta property=\"og:description\" content=\"VALEURS FONDAMENTALES Pourquoi nous faisons ce que nous faisons LE S\u00c9RIEUX DE LA RESPONSABILIT\u00c9 Nous prenons nos activit\u00e9s au s\u00e9rieux et cela signifie que nous devons nous comporter de mani\u00e8re responsable et \u00e9thique afin de prot\u00e9ger notre personnel, nos clients et le monde dans lequel nous vivons et travaillons. Notre responsabilit\u00e9 s&rsquo;accompagne d&rsquo;une obligation de ... Lire la suite\" \/>\n<meta property=\"og:url\" content=\"https:\/\/www.icscoolenergy.com\/fr\/a-propos-de-nous\/valeurs-fondamentales\/\" \/>\n<meta property=\"og:site_name\" content=\"French\" \/>\n<meta property=\"article:modified_time\" content=\"2024-05-09T11:50:14+00:00\" \/>\n<meta property=\"og:image\" content=\"https:\/\/www.icscoolenergy.com\/fr\/wp-content\/uploads\/sites\/2\/2024\/04\/Repairs-Hero-2000x530-1.jpg\" \/>\n<meta name=\"twitter:card\" content=\"summary_large_image\" \/>\n<meta name=\"twitter:label1\" content=\"Est. reading time\" \/>\n\t<meta name=\"twitter:data1\" content=\"2 minutes\" \/>\n<script type=\"application\/ld+json\" class=\"yoast-schema-graph\">{\"@context\":\"https:\/\/schema.org\",\"@graph\":[{\"@type\":\"WebPage\",\"@id\":\"https:\/\/www.icscoolenergy.com\/fr\/a-propos-de-nous\/valeurs-fondamentales\/\",\"url\":\"https:\/\/www.icscoolenergy.com\/fr\/a-propos-de-nous\/valeurs-fondamentales\/\",\"name\":\"Valeurs fondamentales - French\",\"isPartOf\":{\"@id\":\"https:\/\/www.icscoolenergy.com\/fr\/#website\"},\"primaryImageOfPage\":{\"@id\":\"https:\/\/www.icscoolenergy.com\/fr\/a-propos-de-nous\/valeurs-fondamentales\/#primaryimage\"},\"image\":{\"@id\":\"https:\/\/www.icscoolenergy.com\/fr\/a-propos-de-nous\/valeurs-fondamentales\/#primaryimage\"},\"thumbnailUrl\":\"https:\/\/www.icscoolenergy.com\/fr\/wp-content\/uploads\/sites\/2\/2024\/04\/Repairs-Hero-2000x530-1.jpg\",\"datePublished\":\"2024-04-09T11:39:36+00:00\",\"dateModified\":\"2024-05-09T11:50:14+00:00\",\"breadcrumb\":{\"@id\":\"https:\/\/www.icscoolenergy.com\/fr\/a-propos-de-nous\/valeurs-fondamentales\/#breadcrumb\"},\"inLanguage\":\"fr-FR\",\"potentialAction\":[{\"@type\":\"ReadAction\",\"target\":[\"https:\/\/www.icscoolenergy.com\/fr\/a-propos-de-nous\/valeurs-fondamentales\/\"]}]},{\"@type\":\"ImageObject\",\"inLanguage\":\"fr-FR\",\"@id\":\"https:\/\/www.icscoolenergy.com\/fr\/a-propos-de-nous\/valeurs-fondamentales\/#primaryimage\",\"url\":\"https:\/\/www.icscoolenergy.com\/wp-content\/uploads\/sites\/2\/2024\/04\/Repairs-Hero-2000x530-1.jpg\",\"contentUrl\":\"https:\/\/www.icscoolenergy.com\/wp-content\/uploads\/sites\/2\/2024\/04\/Repairs-Hero-2000x530-1.jpg\",\"width\":2000,\"height\":530},{\"@type\":\"BreadcrumbList\",\"@id\":\"https:\/\/www.icscoolenergy.com\/fr\/a-propos-de-nous\/valeurs-fondamentales\/#breadcrumb\",\"itemListElement\":[{\"@type\":\"ListItem\",\"position\":1,\"name\":\"Home\",\"item\":\"https:\/\/www.icscoolenergy.com\/fr\/\"},{\"@type\":\"ListItem\",\"position\":2,\"name\":\"A propos de nous\",\"item\":\"https:\/\/www.icscoolenergy.com\/fr\/a-propos-de-nous\/\"},{\"@type\":\"ListItem\",\"position\":3,\"name\":\"Valeurs fondamentales\"}]},{\"@type\":\"WebSite\",\"@id\":\"https:\/\/www.icscoolenergy.com\/fr\/#website\",\"url\":\"https:\/\/www.icscoolenergy.com\/fr\/\",\"name\":\"ICS Cool Energy\",\"description\":\"The Process Temperature Control Specialists\",\"publisher\":{\"@id\":\"https:\/\/www.icscoolenergy.com\/fr\/#organization\"},\"potentialAction\":[{\"@type\":\"SearchAction\",\"target\":{\"@type\":\"EntryPoint\",\"urlTemplate\":\"https:\/\/www.icscoolenergy.com\/fr\/?s={search_term_string}\"},\"query-input\":{\"@type\":\"PropertyValueSpecification\",\"valueRequired\":true,\"valueName\":\"search_term_string\"}}],\"inLanguage\":\"fr-FR\"},{\"@type\":\"Organization\",\"@id\":\"https:\/\/www.icscoolenergy.com\/fr\/#organization\",\"name\":\"ICS Cool Energy\",\"url\":\"https:\/\/www.icscoolenergy.com\/fr\/\",\"logo\":{\"@type\":\"ImageObject\",\"inLanguage\":\"fr-FR\",\"@id\":\"https:\/\/www.icscoolenergy.com\/fr\/#\/schema\/logo\/image\/\",\"url\":\"https:\/\/www.icscoolenergy.com\/wp-content\/uploads\/sites\/2\/2024\/01\/ics-cool-energy-logo.svg\",\"contentUrl\":\"https:\/\/www.icscoolenergy.com\/wp-content\/uploads\/sites\/2\/2024\/01\/ics-cool-energy-logo.svg\",\"caption\":\"ICS Cool Energy\"},\"image\":{\"@id\":\"https:\/\/www.icscoolenergy.com\/fr\/#\/schema\/logo\/image\/\"}}]}<\/script>\n<!-- \/ Yoast SEO Premium plugin. -->","yoast_head_json":{"title":"Valeurs fondamentales - French","robots":{"index":"index","follow":"follow","max-snippet":"max-snippet:-1","max-image-preview":"max-image-preview:large","max-video-preview":"max-video-preview:-1"},"canonical":"https:\/\/www.icscoolenergy.com\/fr\/a-propos-de-nous\/valeurs-fondamentales\/","og_locale":"fr_FR","og_type":"article","og_title":"Valeurs fondamentales","og_description":"VALEURS FONDAMENTALES Pourquoi nous faisons ce que nous faisons LE S\u00c9RIEUX DE LA RESPONSABILIT\u00c9 Nous prenons nos activit\u00e9s au s\u00e9rieux et cela signifie que nous devons nous comporter de mani\u00e8re responsable et \u00e9thique afin de prot\u00e9ger notre personnel, nos clients et le monde dans lequel nous vivons et travaillons. Notre responsabilit\u00e9 s&rsquo;accompagne d&rsquo;une obligation de ... Lire la suite","og_url":"https:\/\/www.icscoolenergy.com\/fr\/a-propos-de-nous\/valeurs-fondamentales\/","og_site_name":"French","article_modified_time":"2024-05-09T11:50:14+00:00","og_image":[{"url":"https:\/\/www.icscoolenergy.com\/fr\/wp-content\/uploads\/sites\/2\/2024\/04\/Repairs-Hero-2000x530-1.jpg","type":"","width":"","height":""}],"twitter_card":"summary_large_image","twitter_misc":{"Est. reading time":"2 minutes"},"schema":{"@context":"https:\/\/schema.org","@graph":[{"@type":"WebPage","@id":"https:\/\/www.icscoolenergy.com\/fr\/a-propos-de-nous\/valeurs-fondamentales\/","url":"https:\/\/www.icscoolenergy.com\/fr\/a-propos-de-nous\/valeurs-fondamentales\/","name":"Valeurs fondamentales - French","isPartOf":{"@id":"https:\/\/www.icscoolenergy.com\/fr\/#website"},"primaryImageOfPage":{"@id":"https:\/\/www.icscoolenergy.com\/fr\/a-propos-de-nous\/valeurs-fondamentales\/#primaryimage"},"image":{"@id":"https:\/\/www.icscoolenergy.com\/fr\/a-propos-de-nous\/valeurs-fondamentales\/#primaryimage"},"thumbnailUrl":"https:\/\/www.icscoolenergy.com\/fr\/wp-content\/uploads\/sites\/2\/2024\/04\/Repairs-Hero-2000x530-1.jpg","datePublished":"2024-04-09T11:39:36+00:00","dateModified":"2024-05-09T11:50:14+00:00","breadcrumb":{"@id":"https:\/\/www.icscoolenergy.com\/fr\/a-propos-de-nous\/valeurs-fondamentales\/#breadcrumb"},"inLanguage":"fr-FR","potentialAction":[{"@type":"ReadAction","target":["https:\/\/www.icscoolenergy.com\/fr\/a-propos-de-nous\/valeurs-fondamentales\/"]}]},{"@type":"ImageObject","inLanguage":"fr-FR","@id":"https:\/\/www.icscoolenergy.com\/fr\/a-propos-de-nous\/valeurs-fondamentales\/#primaryimage","url":"https:\/\/www.icscoolenergy.com\/wp-content\/uploads\/sites\/2\/2024\/04\/Repairs-Hero-2000x530-1.jpg","contentUrl":"https:\/\/www.icscoolenergy.com\/wp-content\/uploads\/sites\/2\/2024\/04\/Repairs-Hero-2000x530-1.jpg","width":2000,"height":530},{"@type":"BreadcrumbList","@id":"https:\/\/www.icscoolenergy.com\/fr\/a-propos-de-nous\/valeurs-fondamentales\/#breadcrumb","itemListElement":[{"@type":"ListItem","position":1,"name":"Home","item":"https:\/\/www.icscoolenergy.com\/fr\/"},{"@type":"ListItem","position":2,"name":"A propos de nous","item":"https:\/\/www.icscoolenergy.com\/fr\/a-propos-de-nous\/"},{"@type":"ListItem","position":3,"name":"Valeurs fondamentales"}]},{"@type":"WebSite","@id":"https:\/\/www.icscoolenergy.com\/fr\/#website","url":"https:\/\/www.icscoolenergy.com\/fr\/","name":"ICS Cool Energy","description":"The Process Temperature Control Specialists","publisher":{"@id":"https:\/\/www.icscoolenergy.com\/fr\/#organization"},"potentialAction":[{"@type":"SearchAction","target":{"@type":"EntryPoint","urlTemplate":"https:\/\/www.icscoolenergy.com\/fr\/?s={search_term_string}"},"query-input":{"@type":"PropertyValueSpecification","valueRequired":true,"valueName":"search_term_string"}}],"inLanguage":"fr-FR"},{"@type":"Organization","@id":"https:\/\/www.icscoolenergy.com\/fr\/#organization","name":"ICS Cool Energy","url":"https:\/\/www.icscoolenergy.com\/fr\/","logo":{"@type":"ImageObject","inLanguage":"fr-FR","@id":"https:\/\/www.icscoolenergy.com\/fr\/#\/schema\/logo\/image\/","url":"https:\/\/www.icscoolenergy.com\/wp-content\/uploads\/sites\/2\/2024\/01\/ics-cool-energy-logo.svg","contentUrl":"https:\/\/www.icscoolenergy.com\/wp-content\/uploads\/sites\/2\/2024\/01\/ics-cool-energy-logo.svg","caption":"ICS Cool Energy"},"image":{"@id":"https:\/\/www.icscoolenergy.com\/fr\/#\/schema\/logo\/image\/"}}]}},"_links":{"self":[{"href":"https:\/\/www.icscoolenergy.com\/fr\/wp-json\/wp\/v2\/pages\/121078","targetHints":{"allow":["GET"]}}],"collection":[{"href":"https:\/\/www.icscoolenergy.com\/fr\/wp-json\/wp\/v2\/pages"}],"about":[{"href":"https:\/\/www.icscoolenergy.com\/fr\/wp-json\/wp\/v2\/types\/page"}],"author":[{"embeddable":true,"href":"https:\/\/www.icscoolenergy.com\/fr\/wp-json\/wp\/v2\/users\/1"}],"replies":[{"embeddable":true,"href":"https:\/\/www.icscoolenergy.com\/fr\/wp-json\/wp\/v2\/comments?post=121078"}],"version-history":[{"count":0,"href":"https:\/\/www.icscoolenergy.com\/fr\/wp-json\/wp\/v2\/pages\/121078\/revisions"}],"up":[{"embeddable":true,"href":"https:\/\/www.icscoolenergy.com\/fr\/wp-json\/wp\/v2\/pages\/121048"}],"wp:attachment":[{"href":"https:\/\/www.icscoolenergy.com\/fr\/wp-json\/wp\/v2\/media?parent=121078"}],"curies":[{"name":"wp","href":"https:\/\/api.w.org\/{rel}","templated":true}]}}