 
{"id":121079,"date":"2024-04-10T14:52:07","date_gmt":"2024-04-10T14:52:07","guid":{"rendered":"https:\/\/www.icscoolenergy.com\/fr\/a-propos-de-nous\/politiques-environnementales\/"},"modified":"2024-05-09T11:50:21","modified_gmt":"2024-05-09T11:50:21","slug":"politiques-environnementales","status":"publish","type":"page","link":"https:\/\/www.icscoolenergy.com\/fr\/a-propos-de-nous\/politiques-environnementales\/","title":{"rendered":"Politiques environnementales"},"content":{"rendered":"\n<div class=\"mb-8 eplus-wrapper wp-block-group is-layout-flow wp-block-group-is-layout-flow\">\n<div class=\"md:relative eplus-wrapper wp-block-group is-layout-flow wp-block-group-is-layout-flow\">\n<div class=\"eplus-wrapper wp-block-cover is-light\" style=\"min-height:451px;aspect-ratio:unset;\"><span aria-hidden=\"true\" class=\"wp-block-cover__background has-background-dim-0 has-background-dim\"><\/span><img loading=\"lazy\" decoding=\"async\" width=\"1980\" height=\"990\" class=\"wp-block-cover__image-background wp-image-84298\" alt=\"Environmental policies\" src=\"https:\/\/www.icscoolenergy.com\/fr\/wp-content\/uploads\/sites\/2\/2024\/05\/Environmental-policies-hero.jpg\" data-object-fit=\"cover\" srcset=\"https:\/\/www.icscoolenergy.com\/wp-content\/uploads\/sites\/2\/2024\/05\/Environmental-policies-hero.jpg 1980w, https:\/\/www.icscoolenergy.com\/wp-content\/uploads\/sites\/2\/2024\/05\/Environmental-policies-hero-300x150.jpg 300w, https:\/\/www.icscoolenergy.com\/wp-content\/uploads\/sites\/2\/2024\/05\/Environmental-policies-hero-1024x512.jpg 1024w, https:\/\/www.icscoolenergy.com\/wp-content\/uploads\/sites\/2\/2024\/05\/Environmental-policies-hero-768x384.jpg 768w, https:\/\/www.icscoolenergy.com\/wp-content\/uploads\/sites\/2\/2024\/05\/Environmental-policies-hero-50x25.jpg 50w, https:\/\/www.icscoolenergy.com\/wp-content\/uploads\/sites\/2\/2024\/05\/Environmental-policies-hero-1600x800.jpg 1600w, https:\/\/www.icscoolenergy.com\/wp-content\/uploads\/sites\/2\/2024\/05\/Environmental-policies-hero-1536x768.jpg 1536w, https:\/\/www.icscoolenergy.com\/wp-content\/uploads\/sites\/2\/2024\/05\/Environmental-policies-hero-600x300.jpg 600w\" sizes=\"auto, (max-width: 1980px) 100vw, 1980px\" \/><div class=\"wp-block-cover__inner-container is-layout-flow wp-block-cover-is-layout-flow\">\n<p class=\" has-text-align-center has-large-font-size eplus-wrapper\"><\/p>\n<\/div><\/div>\n\n\n\n<div class=\"rounded-tr-md sm:w-full md:w-[80%] md:h-fit md:top-[80%] relative md:-mt-[10%] z-[1] md:left-0 eplus-wrapper wp-block-group has-background is-layout-constrained wp-block-group-is-layout-constrained\" style=\"background-color:#eaeaef\">\n<h1 class=\"eplus-wrapper pt-8 wp-block-heading has-text-color has-link-color wp-elements-ae79f7b6067c77c8c1ca218ee563e6b9\" style=\"color:#312f5f\">LES POLITIQUES ENVIRONNEMENTALES<\/h1>\n\n\n\n<p class=\" eplus-wrapper\">La durabilit\u00e9 et la responsabilit\u00e9 environnementale sont au c\u0153ur de nos activit\u00e9s, et pas seulement parce que nos clients l&rsquo;exigent.<\/p>\n\n\n\n<p class=\" eplus-wrapper\">La conformit\u00e9 aux normes ISO9001, 14001 et OHSAS18001 est la preuve de l&rsquo;engagement d&rsquo;ICS Cool Energy.<\/p>\n\n\n\n<div style=\"height:16px\" aria-hidden=\"true\" class=\" wp-block-spacer eplus-wrapper\"><\/div>\n\n\n\n<p class=\" eplus-wrapper\">Concr\u00e8tement, cela signifie :<\/p>\n\n\n<ul class=\"eplus-wrapper wp-block-list eplus-styles-uid-7f595d\">\n<li class=\" eplus-wrapper\">R\u00e9duction et r\u00e9utilisation des mat\u00e9riaux<\/li>\n\n\n\n<li class=\" eplus-wrapper\">R\u00e9cup\u00e9ration et recyclage<\/li>\n\n\n\n<li class=\" eplus-wrapper\">Respect de la l\u00e9gislation environnementale et utilisation des meilleures techniques disponibles pour \u00e9radiquer les zones \u00e0 probl\u00e8mes dans le but de pr\u00e9venir la pollution.<\/li>\n<\/ul>\n\n\n<div style=\"height:16px\" aria-hidden=\"true\" class=\" wp-block-spacer eplus-wrapper\"><\/div>\n\n\n\n<p class=\" eplus-wrapper\">Comment proc\u00e9der ?<\/p>\n\n\n\n<p class=\" eplus-wrapper\">Nous examinons et am\u00e9liorons en permanence notre utilisation des ressources, nos processus et nos \u00e9missions.<\/p>\n<\/div>\n<\/div>\n\n\n\n<div style=\"height:60px\" aria-hidden=\"true\" class=\"xs:hidden md:block eplus-wrapper wp-block-spacer\"><\/div>\n\n\n\n<div style=\"height:51px\" aria-hidden=\"true\" class=\" wp-block-spacer eplus-wrapper\"><\/div>\n<\/div>\n","protected":false},"excerpt":{"rendered":"<p>LES POLITIQUES ENVIRONNEMENTALES La durabilit\u00e9 et la responsabilit\u00e9 environnementale sont au c\u0153ur de nos activit\u00e9s, et pas seulement parce que nos clients l&rsquo;exigent. La conformit\u00e9 aux normes ISO9001, 14001 et OHSAS18001 est la preuve de l&rsquo;engagement d&rsquo;ICS Cool Energy. Concr\u00e8tement, cela signifie : Comment proc\u00e9der ? Nous examinons et am\u00e9liorons en permanence notre utilisation des &#8230; <a title=\"Politiques environnementales\" class=\"read-more\" href=\"https:\/\/www.icscoolenergy.com\/fr\/a-propos-de-nous\/politiques-environnementales\/\" aria-label=\"En savoir plus sur Politiques environnementales\">Lire la suite<\/a><\/p>\n","protected":false},"author":1,"featured_media":0,"parent":121048,"menu_order":0,"comment_status":"closed","ping_status":"closed","template":"template-1.php","meta":{"_acf_changed":false,"inline_featured_image":false,"_editorskit_title_hidden":false,"_editorskit_reading_time":0,"_editorskit_is_block_options_detached":false,"_editorskit_block_options_position":"{}","editor_plus_copied_stylings":"{}","footnotes":""},"class_list":["post-121079","page","type-page","status-publish"],"acf":[],"yoast_head":"<!-- This site is optimized with the Yoast SEO Premium plugin v24.5 (Yoast SEO v26.9) - https:\/\/yoast.com\/product\/yoast-seo-premium-wordpress\/ -->\n<title>Politiques environnementales - French<\/title>\n<meta name=\"robots\" content=\"index, follow, max-snippet:-1, max-image-preview:large, max-video-preview:-1\" \/>\n<link rel=\"canonical\" href=\"https:\/\/www.icscoolenergy.com\/fr\/a-propos-de-nous\/politiques-environnementales\/\" \/>\n<meta property=\"og:locale\" content=\"fr_FR\" \/>\n<meta property=\"og:type\" content=\"article\" \/>\n<meta property=\"og:title\" content=\"Politiques environnementales\" \/>\n<meta property=\"og:description\" content=\"LES POLITIQUES ENVIRONNEMENTALES La durabilit\u00e9 et la responsabilit\u00e9 environnementale sont au c\u0153ur de nos activit\u00e9s, et pas seulement parce que nos clients l&rsquo;exigent. La conformit\u00e9 aux normes ISO9001, 14001 et OHSAS18001 est la preuve de l&rsquo;engagement d&rsquo;ICS Cool Energy. Concr\u00e8tement, cela signifie : Comment proc\u00e9der ? Nous examinons et am\u00e9liorons en permanence notre utilisation des ... Lire la suite\" \/>\n<meta property=\"og:url\" content=\"https:\/\/www.icscoolenergy.com\/fr\/a-propos-de-nous\/politiques-environnementales\/\" \/>\n<meta property=\"og:site_name\" content=\"French\" \/>\n<meta property=\"article:modified_time\" content=\"2024-05-09T11:50:21+00:00\" \/>\n<meta property=\"og:image\" content=\"https:\/\/www.icscoolenergy.com\/fr\/wp-content\/uploads\/sites\/2\/2024\/05\/Environmental-policies-hero.jpg\" \/>\n<meta name=\"twitter:card\" content=\"summary_large_image\" \/>\n<meta name=\"twitter:label1\" content=\"Est. reading time\" \/>\n\t<meta name=\"twitter:data1\" content=\"1 minute\" \/>\n<script type=\"application\/ld+json\" class=\"yoast-schema-graph\">{\"@context\":\"https:\/\/schema.org\",\"@graph\":[{\"@type\":\"WebPage\",\"@id\":\"https:\/\/www.icscoolenergy.com\/fr\/a-propos-de-nous\/politiques-environnementales\/\",\"url\":\"https:\/\/www.icscoolenergy.com\/fr\/a-propos-de-nous\/politiques-environnementales\/\",\"name\":\"Politiques environnementales - French\",\"isPartOf\":{\"@id\":\"https:\/\/www.icscoolenergy.com\/fr\/#website\"},\"primaryImageOfPage\":{\"@id\":\"https:\/\/www.icscoolenergy.com\/fr\/a-propos-de-nous\/politiques-environnementales\/#primaryimage\"},\"image\":{\"@id\":\"https:\/\/www.icscoolenergy.com\/fr\/a-propos-de-nous\/politiques-environnementales\/#primaryimage\"},\"thumbnailUrl\":\"https:\/\/www.icscoolenergy.com\/fr\/wp-content\/uploads\/sites\/2\/2024\/05\/Environmental-policies-hero.jpg\",\"datePublished\":\"2024-04-10T14:52:07+00:00\",\"dateModified\":\"2024-05-09T11:50:21+00:00\",\"breadcrumb\":{\"@id\":\"https:\/\/www.icscoolenergy.com\/fr\/a-propos-de-nous\/politiques-environnementales\/#breadcrumb\"},\"inLanguage\":\"fr-FR\",\"potentialAction\":[{\"@type\":\"ReadAction\",\"target\":[\"https:\/\/www.icscoolenergy.com\/fr\/a-propos-de-nous\/politiques-environnementales\/\"]}]},{\"@type\":\"ImageObject\",\"inLanguage\":\"fr-FR\",\"@id\":\"https:\/\/www.icscoolenergy.com\/fr\/a-propos-de-nous\/politiques-environnementales\/#primaryimage\",\"url\":\"https:\/\/www.icscoolenergy.com\/wp-content\/uploads\/sites\/2\/2024\/05\/Environmental-policies-hero.jpg\",\"contentUrl\":\"https:\/\/www.icscoolenergy.com\/wp-content\/uploads\/sites\/2\/2024\/05\/Environmental-policies-hero.jpg\",\"width\":1980,\"height\":990,\"caption\":\"Environmental policies\"},{\"@type\":\"BreadcrumbList\",\"@id\":\"https:\/\/www.icscoolenergy.com\/fr\/a-propos-de-nous\/politiques-environnementales\/#breadcrumb\",\"itemListElement\":[{\"@type\":\"ListItem\",\"position\":1,\"name\":\"Home\",\"item\":\"https:\/\/www.icscoolenergy.com\/fr\/\"},{\"@type\":\"ListItem\",\"position\":2,\"name\":\"A propos de nous\",\"item\":\"https:\/\/www.icscoolenergy.com\/fr\/a-propos-de-nous\/\"},{\"@type\":\"ListItem\",\"position\":3,\"name\":\"Politiques environnementales\"}]},{\"@type\":\"WebSite\",\"@id\":\"https:\/\/www.icscoolenergy.com\/fr\/#website\",\"url\":\"https:\/\/www.icscoolenergy.com\/fr\/\",\"name\":\"ICS Cool Energy\",\"description\":\"The Process Temperature Control Specialists\",\"publisher\":{\"@id\":\"https:\/\/www.icscoolenergy.com\/fr\/#organization\"},\"potentialAction\":[{\"@type\":\"SearchAction\",\"target\":{\"@type\":\"EntryPoint\",\"urlTemplate\":\"https:\/\/www.icscoolenergy.com\/fr\/?s={search_term_string}\"},\"query-input\":{\"@type\":\"PropertyValueSpecification\",\"valueRequired\":true,\"valueName\":\"search_term_string\"}}],\"inLanguage\":\"fr-FR\"},{\"@type\":\"Organization\",\"@id\":\"https:\/\/www.icscoolenergy.com\/fr\/#organization\",\"name\":\"ICS Cool Energy\",\"url\":\"https:\/\/www.icscoolenergy.com\/fr\/\",\"logo\":{\"@type\":\"ImageObject\",\"inLanguage\":\"fr-FR\",\"@id\":\"https:\/\/www.icscoolenergy.com\/fr\/#\/schema\/logo\/image\/\",\"url\":\"https:\/\/www.icscoolenergy.com\/wp-content\/uploads\/sites\/2\/2024\/01\/ics-cool-energy-logo.svg\",\"contentUrl\":\"https:\/\/www.icscoolenergy.com\/wp-content\/uploads\/sites\/2\/2024\/01\/ics-cool-energy-logo.svg\",\"caption\":\"ICS Cool Energy\"},\"image\":{\"@id\":\"https:\/\/www.icscoolenergy.com\/fr\/#\/schema\/logo\/image\/\"}}]}<\/script>\n<!-- \/ Yoast SEO Premium plugin. -->","yoast_head_json":{"title":"Politiques environnementales - French","robots":{"index":"index","follow":"follow","max-snippet":"max-snippet:-1","max-image-preview":"max-image-preview:large","max-video-preview":"max-video-preview:-1"},"canonical":"https:\/\/www.icscoolenergy.com\/fr\/a-propos-de-nous\/politiques-environnementales\/","og_locale":"fr_FR","og_type":"article","og_title":"Politiques environnementales","og_description":"LES POLITIQUES ENVIRONNEMENTALES La durabilit\u00e9 et la responsabilit\u00e9 environnementale sont au c\u0153ur de nos activit\u00e9s, et pas seulement parce que nos clients l&rsquo;exigent. La conformit\u00e9 aux normes ISO9001, 14001 et OHSAS18001 est la preuve de l&rsquo;engagement d&rsquo;ICS Cool Energy. Concr\u00e8tement, cela signifie : Comment proc\u00e9der ? Nous examinons et am\u00e9liorons en permanence notre utilisation des ... Lire la suite","og_url":"https:\/\/www.icscoolenergy.com\/fr\/a-propos-de-nous\/politiques-environnementales\/","og_site_name":"French","article_modified_time":"2024-05-09T11:50:21+00:00","og_image":[{"url":"https:\/\/www.icscoolenergy.com\/fr\/wp-content\/uploads\/sites\/2\/2024\/05\/Environmental-policies-hero.jpg","type":"","width":"","height":""}],"twitter_card":"summary_large_image","twitter_misc":{"Est. reading time":"1 minute"},"schema":{"@context":"https:\/\/schema.org","@graph":[{"@type":"WebPage","@id":"https:\/\/www.icscoolenergy.com\/fr\/a-propos-de-nous\/politiques-environnementales\/","url":"https:\/\/www.icscoolenergy.com\/fr\/a-propos-de-nous\/politiques-environnementales\/","name":"Politiques environnementales - French","isPartOf":{"@id":"https:\/\/www.icscoolenergy.com\/fr\/#website"},"primaryImageOfPage":{"@id":"https:\/\/www.icscoolenergy.com\/fr\/a-propos-de-nous\/politiques-environnementales\/#primaryimage"},"image":{"@id":"https:\/\/www.icscoolenergy.com\/fr\/a-propos-de-nous\/politiques-environnementales\/#primaryimage"},"thumbnailUrl":"https:\/\/www.icscoolenergy.com\/fr\/wp-content\/uploads\/sites\/2\/2024\/05\/Environmental-policies-hero.jpg","datePublished":"2024-04-10T14:52:07+00:00","dateModified":"2024-05-09T11:50:21+00:00","breadcrumb":{"@id":"https:\/\/www.icscoolenergy.com\/fr\/a-propos-de-nous\/politiques-environnementales\/#breadcrumb"},"inLanguage":"fr-FR","potentialAction":[{"@type":"ReadAction","target":["https:\/\/www.icscoolenergy.com\/fr\/a-propos-de-nous\/politiques-environnementales\/"]}]},{"@type":"ImageObject","inLanguage":"fr-FR","@id":"https:\/\/www.icscoolenergy.com\/fr\/a-propos-de-nous\/politiques-environnementales\/#primaryimage","url":"https:\/\/www.icscoolenergy.com\/wp-content\/uploads\/sites\/2\/2024\/05\/Environmental-policies-hero.jpg","contentUrl":"https:\/\/www.icscoolenergy.com\/wp-content\/uploads\/sites\/2\/2024\/05\/Environmental-policies-hero.jpg","width":1980,"height":990,"caption":"Environmental policies"},{"@type":"BreadcrumbList","@id":"https:\/\/www.icscoolenergy.com\/fr\/a-propos-de-nous\/politiques-environnementales\/#breadcrumb","itemListElement":[{"@type":"ListItem","position":1,"name":"Home","item":"https:\/\/www.icscoolenergy.com\/fr\/"},{"@type":"ListItem","position":2,"name":"A propos de nous","item":"https:\/\/www.icscoolenergy.com\/fr\/a-propos-de-nous\/"},{"@type":"ListItem","position":3,"name":"Politiques environnementales"}]},{"@type":"WebSite","@id":"https:\/\/www.icscoolenergy.com\/fr\/#website","url":"https:\/\/www.icscoolenergy.com\/fr\/","name":"ICS Cool Energy","description":"The Process Temperature Control Specialists","publisher":{"@id":"https:\/\/www.icscoolenergy.com\/fr\/#organization"},"potentialAction":[{"@type":"SearchAction","target":{"@type":"EntryPoint","urlTemplate":"https:\/\/www.icscoolenergy.com\/fr\/?s={search_term_string}"},"query-input":{"@type":"PropertyValueSpecification","valueRequired":true,"valueName":"search_term_string"}}],"inLanguage":"fr-FR"},{"@type":"Organization","@id":"https:\/\/www.icscoolenergy.com\/fr\/#organization","name":"ICS Cool Energy","url":"https:\/\/www.icscoolenergy.com\/fr\/","logo":{"@type":"ImageObject","inLanguage":"fr-FR","@id":"https:\/\/www.icscoolenergy.com\/fr\/#\/schema\/logo\/image\/","url":"https:\/\/www.icscoolenergy.com\/wp-content\/uploads\/sites\/2\/2024\/01\/ics-cool-energy-logo.svg","contentUrl":"https:\/\/www.icscoolenergy.com\/wp-content\/uploads\/sites\/2\/2024\/01\/ics-cool-energy-logo.svg","caption":"ICS Cool Energy"},"image":{"@id":"https:\/\/www.icscoolenergy.com\/fr\/#\/schema\/logo\/image\/"}}]}},"_links":{"self":[{"href":"https:\/\/www.icscoolenergy.com\/fr\/wp-json\/wp\/v2\/pages\/121079","targetHints":{"allow":["GET"]}}],"collection":[{"href":"https:\/\/www.icscoolenergy.com\/fr\/wp-json\/wp\/v2\/pages"}],"about":[{"href":"https:\/\/www.icscoolenergy.com\/fr\/wp-json\/wp\/v2\/types\/page"}],"author":[{"embeddable":true,"href":"https:\/\/www.icscoolenergy.com\/fr\/wp-json\/wp\/v2\/users\/1"}],"replies":[{"embeddable":true,"href":"https:\/\/www.icscoolenergy.com\/fr\/wp-json\/wp\/v2\/comments?post=121079"}],"version-history":[{"count":0,"href":"https:\/\/www.icscoolenergy.com\/fr\/wp-json\/wp\/v2\/pages\/121079\/revisions"}],"up":[{"embeddable":true,"href":"https:\/\/www.icscoolenergy.com\/fr\/wp-json\/wp\/v2\/pages\/121048"}],"wp:attachment":[{"href":"https:\/\/www.icscoolenergy.com\/fr\/wp-json\/wp\/v2\/media?parent=121079"}],"curies":[{"name":"wp","href":"https:\/\/api.w.org\/{rel}","templated":true}]}}