 
{"id":121080,"date":"2024-04-18T13:38:25","date_gmt":"2024-04-18T13:38:25","guid":{"rendered":"https:\/\/www.icscoolenergy.com\/fr\/questions-frequemment-posees\/"},"modified":"2024-06-17T09:23:56","modified_gmt":"2024-06-17T09:23:56","slug":"questions-frequemment-posees","status":"publish","type":"page","link":"https:\/\/www.icscoolenergy.com\/fr\/questions-frequemment-posees\/","title":{"rendered":"Questions fr\u00e9quemment pos\u00e9es"},"content":{"rendered":"\n<div style=\"height:40px\" aria-hidden=\"true\" class=\" wp-block-spacer eplus-wrapper\"><\/div>\n\n\n\n<div class=\"wp-block-ep-toggles ep_toggles_wrapper__5076061c-125c-422a-8dff-2eee266e3364 undefined\"><div data-isaccordion=\"false\" data-open_first=\"true\" class=\"ep_toggles_wrapper \">\n<div class=\"wp-block-ep-toggle-item ep_toggle_item_wrapper__4d050374-05f1-4d3c-b3ab-b1eec56c60e7 undefined\"><div class=\"ep_toggle_item_wrapper\"><div class=\"ep_toggle_item_title\"><span>J&rsquo;ai besoin d&rsquo;aide et je ne sais pas par o\u00f9 commencer, que dois-je faire ?<\/span><span class=\"ep_toggles_icon eplusicon-plus1\" data-icon=\"eplusicon-plus1\" data-activeicon=\"eplusicon-minus1\"><\/span><\/div><div class=\"ep_toggle_item_content\">\n<p class=\" eplus-wrapper\">Le meilleur moyen de prendre contact est le t\u00e9l\u00e9phone, mais vous pouvez \u00e9galement entamer une conversation sur LiveChat ou remplir notre formulaire en ligne. Nous sommes l\u00e0 24 heures sur 24, 7 jours sur 7 et 365 jours par an pour vous aider. Appelez-nous au 0800 840 4210.<\/p>\n<\/div><\/div><\/div>\n\n\n\n<div class=\"wp-block-ep-toggle-item ep_toggle_item_wrapper__86af5904-48cf-4e0c-addd-93a29cd39970 undefined\"><div class=\"ep_toggle_item_wrapper\"><div class=\"ep_toggle_item_title\"><span>Que fait ICS Cool Energy ?<\/span><span class=\"ep_toggles_icon eplusicon-plus1\" data-icon=\"eplusicon-plus1\" data-activeicon=\"eplusicon-minus1\"><\/span><\/div><div class=\"ep_toggle_item_content\">\n<p class=\" eplus-wrapper\">Nous sommes des sp\u00e9cialistes du contr\u00f4le de la temp\u00e9rature des processus. Des entreprises de toutes tailles s&rsquo;adressent \u00e0 nous pour obtenir des \u00e9quipements de refroidissement et de chauffage performants. Offrir un service cl\u00e9 en main complet signifie que nous fabriquons, concevons, livrons, installons et entretenons nos \u00e9quipements pour nos clients.<\/p>\n<\/div><\/div><\/div>\n\n\n\n<div class=\"wp-block-ep-toggle-item ep_toggle_item_wrapper__912eddf5-6c50-458e-9c46-0733569b96e8 undefined\"><div class=\"ep_toggle_item_wrapper\"><div class=\"ep_toggle_item_title\"><span>Quels produits vendez-vous ?<\/span><span class=\"ep_toggles_icon eplusicon-plus1\" data-icon=\"eplusicon-plus1\" data-activeicon=\"eplusicon-minus1\"><\/span><\/div><div class=\"ep_toggle_item_content\">\n<p class=\" eplus-wrapper\">Notre gamme de produits comprend des refroidisseurs emball\u00e9s, des unit\u00e9s de contr\u00f4le de la temp\u00e9rature, des unit\u00e9s de refroidissement libre, des entrep\u00f4ts frigorifiques, des chaudi\u00e8res et des r\u00e9chauffeurs. Vous pouvez louer, acheter ou vous abonner \u00e0 nos produits.<\/p>\n<\/div><\/div><\/div>\n\n\n\n<div class=\"wp-block-ep-toggle-item ep_toggle_item_wrapper__ddf9a108-197b-4d6d-99a0-6adaafb6d85c undefined\"><div class=\"ep_toggle_item_wrapper\"><div class=\"ep_toggle_item_title\"><span>\u00cates-vous le fabricant ?<\/span><span class=\"ep_toggles_icon eplusicon-plus1\" data-icon=\"eplusicon-plus1\" data-activeicon=\"eplusicon-minus1\"><\/span><\/div><div class=\"ep_toggle_item_content\">\n<p class=\" eplus-wrapper\">Nous sommes fiers d&rsquo;\u00eatre le fabricant de i-Chiller et l&rsquo;une des rares entreprises \u00e0 prendre en charge l&rsquo;ensemble du processus, de la fabrication aux modifications, en passant par la livraison, l&rsquo;installation et la maintenance.<\/p>\n<\/div><\/div><\/div>\n\n\n\n<div class=\"wp-block-ep-toggle-item ep_toggle_item_wrapper__8cefd453-04bc-441e-98ae-14e68582a0cb undefined\"><div class=\"ep_toggle_item_wrapper\"><div class=\"ep_toggle_item_title\"><span>Puis-je voir vos accr\u00e9ditations ?<\/span><span class=\"ep_toggles_icon eplusicon-plus1\" data-icon=\"eplusicon-plus1\" data-activeicon=\"eplusicon-minus1\"><\/span><\/div><div class=\"ep_toggle_item_content\">\n<p class=\" eplus-wrapper\">Bien entendu, nos accr\u00e9ditations se trouvent au bas de notre site web ou si vous souhaitez obtenir des d\u00e9tails, n&rsquo;h\u00e9sitez pas \u00e0 nous contacter.<\/p>\n<\/div><\/div><\/div>\n\n\n\n<div class=\"wp-block-ep-toggle-item ep_toggle_item_wrapper__3958794f-2efc-4cf8-9dbb-1b7ee47aa5db undefined\"><div class=\"ep_toggle_item_wrapper\"><div class=\"ep_toggle_item_title\"><span>\u00c0 quelles industries ICS Cool Energy s\u2019adresse-t-elle ?<\/span><span class=\"ep_toggles_icon eplusicon-plus1\" data-icon=\"eplusicon-plus1\" data-activeicon=\"eplusicon-minus1\"><\/span><\/div><div class=\"ep_toggle_item_content\">\n<p class=\" eplus-wrapper\">Vous pouvez visiter n&rsquo;importe laquelle de nos installations et notre usine de Southampton est un excellent endroit pour voir ce que nous faisons. N&rsquo;h\u00e9sitez pas \u00e0 nous contacter et nous conviendrons d&rsquo;un rendez-vous pour une visite de l&rsquo;usine.<\/p>\n<\/div><\/div><\/div>\n\n\n\n<div class=\"wp-block-ep-toggle-item ep_toggle_item_wrapper__a822ba78-bfba-4072-8bae-6bec4ffa59ea undefined\"><div class=\"ep_toggle_item_wrapper\"><div class=\"ep_toggle_item_title\"><span>Proposez-vous une formation pour vos produits\u00a0?<\/span><span class=\"ep_toggles_icon eplusicon-plus1\" data-icon=\"eplusicon-plus1\" data-activeicon=\"eplusicon-minus1\"><\/span><\/div><div class=\"ep_toggle_item_content\">\n<p class=\" eplus-wrapper\">D\u00e9but 2024, nous avons ouvert notre centre de formation unique \u00e0 Southampton, o\u00f9 nous formons notre personnel et les clients qui souhaitent en savoir plus sur nos produits.<\/p>\n<\/div><\/div><\/div>\n<\/div><style>.eplus_styles .ep_toggles_wrapper__5076061c-125c-422a-8dff-2eee266e3364 .ep_toggles_wrapper {\n                \n                grid-template-columns: repeat(1 , 1fr) ;\n            }\n            \n\n        \n\n         \n\n        \n            .eplus_styles .ep_toggles_wrapper__5076061c-125c-422a-8dff-2eee266e3364 .ep_toggles_wrapper:hover {\n                grid-template-columns: repeat(undefined , 1fr) ;\n            }.eplus_styles .ep_toggles_wrapper__5076061c-125c-422a-8dff-2eee266e3364 .wp-block-ep-toggle-item, [data-type='ep\/toggle-item'] {\n                \n                grid-template-columns: 100% ;\n            }.eplus_styles .ep_toggles_wrapper__5076061c-125c-422a-8dff-2eee266e3364 .wp-block-ep-toggle-item, [data-type='ep\/toggle-item'] {\n                \n                justify-content: center;\n            }.eplus_styles .ep_toggles_wrapper__5076061c-125c-422a-8dff-2eee266e3364 .ep_toggles_wrapper {\n                \n                grid-gap: 15px ;\n            }.eplus_styles .ep_toggles_wrapper__5076061c-125c-422a-8dff-2eee266e3364 .ep_toggle_item_wrapper {\n                \n                box-shadow: 1px 1px 5px 0px #332f2f24;\n            }.eplus_styles .ep_toggles_wrapper__5076061c-125c-422a-8dff-2eee266e3364 .ep_toggle_item_title {\n                \n                color: #222222;\nfont-size: 16px ;\n            }\n            \n\n        \n\n         \n\n        \n            .eplus_styles .ep_toggles_wrapper__5076061c-125c-422a-8dff-2eee266e3364 .ep_toggle_item_title:hover {\n                color: #ffffff;\n            }.eplus_styles .ep_toggles_wrapper__5076061c-125c-422a-8dff-2eee266e3364 .ep_ti_open .ep_toggle_item_title {\n                \n                color: #ffffff;\n            }.eplus_styles .ep_toggles_wrapper__5076061c-125c-422a-8dff-2eee266e3364 .ep_toggle_item_title {\n                \n                background-image: linear-gradient(#ffffff, #ffffff);\n            }\n            \n\n        \n\n         \n\n        \n            .eplus_styles .ep_toggles_wrapper__5076061c-125c-422a-8dff-2eee266e3364 .ep_toggle_item_title:hover {\n                background-image: linear-gradient(#007cba, #007cba);\n            }.eplus_styles .ep_toggles_wrapper__5076061c-125c-422a-8dff-2eee266e3364 .ep_ti_open .ep_toggle_item_title {\n                \n                background-image: linear-gradient(#0698e7, #0698e7);\n            }.eplus_styles .ep_toggles_wrapper__5076061c-125c-422a-8dff-2eee266e3364 .ep_toggle_item_title {\n                \n                padding-top: 16px ;\npadding-right: 16px ;\npadding-bottom: 16px ;\npadding-left: 16px ;\n            }.eplus_styles .ep_toggles_wrapper__5076061c-125c-422a-8dff-2eee266e3364 .ep_toggle_item_content {\n                \n                background-image: linear-gradient(#ffffff, #ffffff);\n            }.eplus_styles .ep_toggles_wrapper__5076061c-125c-422a-8dff-2eee266e3364 .ep_toggle_item_content {\n                \n                padding-top: 15px ;\npadding-right: 15px ;\npadding-bottom: 15px ;\npadding-left: 15px ;\n            }<\/style><\/div>\n\n\n\n<div style=\"height:120px\" aria-hidden=\"true\" class=\" wp-block-spacer eplus-wrapper\"><\/div>\n","protected":false},"excerpt":{"rendered":"","protected":false},"author":10,"featured_media":0,"parent":0,"menu_order":0,"comment_status":"closed","ping_status":"closed","template":"template-without-hero.php","meta":{"_acf_changed":false,"inline_featured_image":false,"_editorskit_title_hidden":false,"_editorskit_reading_time":0,"_editorskit_is_block_options_detached":false,"_editorskit_block_options_position":"{}","editor_plus_copied_stylings":"{}","footnotes":""},"class_list":["post-121080","page","type-page","status-publish"],"acf":[],"yoast_head":"<!-- This site is optimized with the Yoast SEO Premium plugin v24.5 (Yoast SEO v26.9) - https:\/\/yoast.com\/product\/yoast-seo-premium-wordpress\/ -->\n<title>Questions fr\u00e9quemment pos\u00e9es - French<\/title>\n<meta name=\"robots\" content=\"index, follow, max-snippet:-1, max-image-preview:large, max-video-preview:-1\" \/>\n<link rel=\"canonical\" href=\"https:\/\/www.icscoolenergy.com\/fr\/questions-frequemment-posees\/\" \/>\n<meta property=\"og:locale\" content=\"fr_FR\" \/>\n<meta property=\"og:type\" content=\"article\" \/>\n<meta property=\"og:title\" content=\"Questions fr\u00e9quemment pos\u00e9es\" \/>\n<meta property=\"og:url\" content=\"https:\/\/www.icscoolenergy.com\/fr\/questions-frequemment-posees\/\" \/>\n<meta property=\"og:site_name\" content=\"French\" \/>\n<meta property=\"article:modified_time\" content=\"2024-06-17T09:23:56+00:00\" \/>\n<meta name=\"twitter:card\" content=\"summary_large_image\" \/>\n<meta name=\"twitter:label1\" content=\"Est. reading time\" \/>\n\t<meta name=\"twitter:data1\" content=\"2 minutes\" \/>\n<script type=\"application\/ld+json\" class=\"yoast-schema-graph\">{\"@context\":\"https:\/\/schema.org\",\"@graph\":[{\"@type\":\"WebPage\",\"@id\":\"https:\/\/www.icscoolenergy.com\/fr\/questions-frequemment-posees\/\",\"url\":\"https:\/\/www.icscoolenergy.com\/fr\/questions-frequemment-posees\/\",\"name\":\"Questions fr\u00e9quemment pos\u00e9es - French\",\"isPartOf\":{\"@id\":\"https:\/\/www.icscoolenergy.com\/fr\/#website\"},\"datePublished\":\"2024-04-18T13:38:25+00:00\",\"dateModified\":\"2024-06-17T09:23:56+00:00\",\"breadcrumb\":{\"@id\":\"https:\/\/www.icscoolenergy.com\/fr\/questions-frequemment-posees\/#breadcrumb\"},\"inLanguage\":\"fr-FR\",\"potentialAction\":[{\"@type\":\"ReadAction\",\"target\":[\"https:\/\/www.icscoolenergy.com\/fr\/questions-frequemment-posees\/\"]}]},{\"@type\":\"BreadcrumbList\",\"@id\":\"https:\/\/www.icscoolenergy.com\/fr\/questions-frequemment-posees\/#breadcrumb\",\"itemListElement\":[{\"@type\":\"ListItem\",\"position\":1,\"name\":\"Home\",\"item\":\"https:\/\/www.icscoolenergy.com\/fr\/\"},{\"@type\":\"ListItem\",\"position\":2,\"name\":\"Questions fr\u00e9quemment pos\u00e9es\"}]},{\"@type\":\"WebSite\",\"@id\":\"https:\/\/www.icscoolenergy.com\/fr\/#website\",\"url\":\"https:\/\/www.icscoolenergy.com\/fr\/\",\"name\":\"ICS Cool Energy\",\"description\":\"The Process Temperature Control Specialists\",\"publisher\":{\"@id\":\"https:\/\/www.icscoolenergy.com\/fr\/#organization\"},\"potentialAction\":[{\"@type\":\"SearchAction\",\"target\":{\"@type\":\"EntryPoint\",\"urlTemplate\":\"https:\/\/www.icscoolenergy.com\/fr\/?s={search_term_string}\"},\"query-input\":{\"@type\":\"PropertyValueSpecification\",\"valueRequired\":true,\"valueName\":\"search_term_string\"}}],\"inLanguage\":\"fr-FR\"},{\"@type\":\"Organization\",\"@id\":\"https:\/\/www.icscoolenergy.com\/fr\/#organization\",\"name\":\"ICS Cool Energy\",\"url\":\"https:\/\/www.icscoolenergy.com\/fr\/\",\"logo\":{\"@type\":\"ImageObject\",\"inLanguage\":\"fr-FR\",\"@id\":\"https:\/\/www.icscoolenergy.com\/fr\/#\/schema\/logo\/image\/\",\"url\":\"https:\/\/www.icscoolenergy.com\/wp-content\/uploads\/sites\/2\/2024\/01\/ics-cool-energy-logo.svg\",\"contentUrl\":\"https:\/\/www.icscoolenergy.com\/wp-content\/uploads\/sites\/2\/2024\/01\/ics-cool-energy-logo.svg\",\"caption\":\"ICS Cool Energy\"},\"image\":{\"@id\":\"https:\/\/www.icscoolenergy.com\/fr\/#\/schema\/logo\/image\/\"}}]}<\/script>\n<!-- \/ Yoast SEO Premium plugin. -->","yoast_head_json":{"title":"Questions fr\u00e9quemment pos\u00e9es - French","robots":{"index":"index","follow":"follow","max-snippet":"max-snippet:-1","max-image-preview":"max-image-preview:large","max-video-preview":"max-video-preview:-1"},"canonical":"https:\/\/www.icscoolenergy.com\/fr\/questions-frequemment-posees\/","og_locale":"fr_FR","og_type":"article","og_title":"Questions fr\u00e9quemment pos\u00e9es","og_url":"https:\/\/www.icscoolenergy.com\/fr\/questions-frequemment-posees\/","og_site_name":"French","article_modified_time":"2024-06-17T09:23:56+00:00","twitter_card":"summary_large_image","twitter_misc":{"Est. reading time":"2 minutes"},"schema":{"@context":"https:\/\/schema.org","@graph":[{"@type":"WebPage","@id":"https:\/\/www.icscoolenergy.com\/fr\/questions-frequemment-posees\/","url":"https:\/\/www.icscoolenergy.com\/fr\/questions-frequemment-posees\/","name":"Questions fr\u00e9quemment pos\u00e9es - French","isPartOf":{"@id":"https:\/\/www.icscoolenergy.com\/fr\/#website"},"datePublished":"2024-04-18T13:38:25+00:00","dateModified":"2024-06-17T09:23:56+00:00","breadcrumb":{"@id":"https:\/\/www.icscoolenergy.com\/fr\/questions-frequemment-posees\/#breadcrumb"},"inLanguage":"fr-FR","potentialAction":[{"@type":"ReadAction","target":["https:\/\/www.icscoolenergy.com\/fr\/questions-frequemment-posees\/"]}]},{"@type":"BreadcrumbList","@id":"https:\/\/www.icscoolenergy.com\/fr\/questions-frequemment-posees\/#breadcrumb","itemListElement":[{"@type":"ListItem","position":1,"name":"Home","item":"https:\/\/www.icscoolenergy.com\/fr\/"},{"@type":"ListItem","position":2,"name":"Questions fr\u00e9quemment pos\u00e9es"}]},{"@type":"WebSite","@id":"https:\/\/www.icscoolenergy.com\/fr\/#website","url":"https:\/\/www.icscoolenergy.com\/fr\/","name":"ICS Cool Energy","description":"The Process Temperature Control Specialists","publisher":{"@id":"https:\/\/www.icscoolenergy.com\/fr\/#organization"},"potentialAction":[{"@type":"SearchAction","target":{"@type":"EntryPoint","urlTemplate":"https:\/\/www.icscoolenergy.com\/fr\/?s={search_term_string}"},"query-input":{"@type":"PropertyValueSpecification","valueRequired":true,"valueName":"search_term_string"}}],"inLanguage":"fr-FR"},{"@type":"Organization","@id":"https:\/\/www.icscoolenergy.com\/fr\/#organization","name":"ICS Cool Energy","url":"https:\/\/www.icscoolenergy.com\/fr\/","logo":{"@type":"ImageObject","inLanguage":"fr-FR","@id":"https:\/\/www.icscoolenergy.com\/fr\/#\/schema\/logo\/image\/","url":"https:\/\/www.icscoolenergy.com\/wp-content\/uploads\/sites\/2\/2024\/01\/ics-cool-energy-logo.svg","contentUrl":"https:\/\/www.icscoolenergy.com\/wp-content\/uploads\/sites\/2\/2024\/01\/ics-cool-energy-logo.svg","caption":"ICS Cool Energy"},"image":{"@id":"https:\/\/www.icscoolenergy.com\/fr\/#\/schema\/logo\/image\/"}}]}},"_links":{"self":[{"href":"https:\/\/www.icscoolenergy.com\/fr\/wp-json\/wp\/v2\/pages\/121080","targetHints":{"allow":["GET"]}}],"collection":[{"href":"https:\/\/www.icscoolenergy.com\/fr\/wp-json\/wp\/v2\/pages"}],"about":[{"href":"https:\/\/www.icscoolenergy.com\/fr\/wp-json\/wp\/v2\/types\/page"}],"author":[{"embeddable":true,"href":"https:\/\/www.icscoolenergy.com\/fr\/wp-json\/wp\/v2\/users\/10"}],"replies":[{"embeddable":true,"href":"https:\/\/www.icscoolenergy.com\/fr\/wp-json\/wp\/v2\/comments?post=121080"}],"version-history":[{"count":0,"href":"https:\/\/www.icscoolenergy.com\/fr\/wp-json\/wp\/v2\/pages\/121080\/revisions"}],"wp:attachment":[{"href":"https:\/\/www.icscoolenergy.com\/fr\/wp-json\/wp\/v2\/media?parent=121080"}],"curies":[{"name":"wp","href":"https:\/\/api.w.org\/{rel}","templated":true}]}}