 
{"id":121087,"date":"2024-04-12T15:00:05","date_gmt":"2024-04-12T15:00:05","guid":{"rendered":"https:\/\/www.icscoolenergy.com\/fr\/a-propos-de-nous\/carrieres\/"},"modified":"2024-06-18T13:13:16","modified_gmt":"2024-06-18T13:13:16","slug":"carrieres","status":"publish","type":"page","link":"https:\/\/www.icscoolenergy.com\/fr\/a-propos-de-nous\/carrieres\/","title":{"rendered":"Carri\u00e8res"},"content":{"rendered":"\n<div class=\"md:relative eplus-wrapper wp-block-group is-layout-flow wp-block-group-is-layout-flow\">\n<div class=\"eplus-wrapper min-h-[150px] mb:min-h-[200px] sm:min-h-[250px] md:min-h-[430px] wp-block-cover\" style=\"min-height:430px;aspect-ratio:unset;\"><span aria-hidden=\"true\" class=\"wp-block-cover__background has-background-dim-0 has-background-dim\" style=\"background-color:#908e8b\"><\/span><img loading=\"lazy\" decoding=\"async\" width=\"2028\" height=\"938\" class=\"wp-block-cover__image-background wp-image-110850\" alt=\"\" src=\"https:\/\/www.icscoolenergy.com\/wp-content\/\/uploads\/sites\/2\/2024\/04\/Warehouse-Team-1-1.jpg\" data-object-fit=\"cover\" srcset=\"https:\/\/www.icscoolenergy.com\/wp-content\/uploads\/sites\/2\/2024\/04\/Warehouse-Team-1-1.jpg 2028w, https:\/\/www.icscoolenergy.com\/wp-content\/uploads\/sites\/2\/2024\/04\/Warehouse-Team-1-1-300x139.jpg 300w, https:\/\/www.icscoolenergy.com\/wp-content\/uploads\/sites\/2\/2024\/04\/Warehouse-Team-1-1-1024x474.jpg 1024w, https:\/\/www.icscoolenergy.com\/wp-content\/uploads\/sites\/2\/2024\/04\/Warehouse-Team-1-1-768x355.jpg 768w, https:\/\/www.icscoolenergy.com\/wp-content\/uploads\/sites\/2\/2024\/04\/Warehouse-Team-1-1-50x23.jpg 50w, https:\/\/www.icscoolenergy.com\/wp-content\/uploads\/sites\/2\/2024\/04\/Warehouse-Team-1-1-1600x740.jpg 1600w, https:\/\/www.icscoolenergy.com\/wp-content\/uploads\/sites\/2\/2024\/04\/Warehouse-Team-1-1-1536x710.jpg 1536w, https:\/\/www.icscoolenergy.com\/wp-content\/uploads\/sites\/2\/2024\/04\/Warehouse-Team-1-1-600x278.jpg 600w\" sizes=\"auto, (max-width: 2028px) 100vw, 2028px\" \/><div class=\"wp-block-cover__inner-container is-layout-flow wp-block-cover-is-layout-flow\">\n<p class=\" has-text-align-center has-large-font-size eplus-wrapper\"><\/p>\n<\/div><\/div>\n\n\n\n<div class=\"rounded-tr-md sm:w-full md:w-[80%] md:h-fit md:top-[80%] relative md:-mt-[10%] z-[1] md:left-0 eplus-wrapper wp-block-group has-background is-layout-constrained wp-block-group-is-layout-constrained\" style=\"background-color:#eaeaef\">\n<h1 class=\"eplus-wrapper pt-8 wp-block-heading has-text-color has-link-color wp-elements-1aaba74f3f692614f368f44f2eab5dac\" id=\"h-carrieres-chez-ics-cool-energy\" style=\"color:#312f5f\">CARRI\u00c8RES CHEZ ICS COOL ENERGY<\/h1>\n\n\n\n<p class=\"has-text-color has-link-color eplus-wrapper wp-elements-7e37f3603608cd68e24b5f6ee7ebb9b0\" style=\"color:#323130\">Nous sommes un leader sur le march\u00e9 des solutions de contr\u00f4le des processus et des temp\u00e9ratures critiques qui permettent aux entreprises de toutes tailles et de tous types de fonctionner.<\/p>\n\n\n\n<p class=\"has-text-color has-link-color eplus-wrapper wp-elements-a3abd09ab4e929c86217cf4f89765703\" style=\"color:#323130\">Notre si\u00e8ge est situ\u00e9 \u00e0 Southampton, avec des bureaux dans tout le Royaume-Uni et en Europe, et nous employons plus de 250 personnes.<\/p>\n\n\n\n<p class=\"has-text-color has-link-color eplus-wrapper wp-elements-0fcb83c0479bc282dfb82d7d3f1c6bcf\" style=\"color:#323130\">Tous les secteurs de notre entreprise sont motiv\u00e9s par la r\u00e9alisation de nos ambitieux plans de croissance. En aidant nos clients \u00e0 \u00e9conomiser de l&rsquo;\u00e9nergie et \u00e0 r\u00e9duire leurs co\u00fbts, nous parviendrons \u00e9galement \u00e0 r\u00e9soudre des probl\u00e8mes cruciaux en mati\u00e8re de d\u00e9veloppement durable.<\/p>\n\n\n\n<p class=\"has-text-color has-link-color eplus-wrapper wp-elements-a740703a8a7a134ea536aad073464f6e\" style=\"color:#323130\">Nous sommes convaincus que nous pouvons changer le monde en contribuant \u00e0 d\u00e9carboniser l&rsquo;industrie du chauffage et de la climatisation. En collaboration avec notre soci\u00e9t\u00e9 m\u00e8re, Trane Technologies, nous visons \u00e0 r\u00e9duire les \u00e9missions de carbone d&rsquo;un milliard de tonnes m\u00e9triques d&rsquo;ici 2030.<\/p>\n\n\n\n<p class=\"has-text-color has-link-color eplus-wrapper wp-elements-2a019c0bb93f018d67735be109793621\" style=\"color:#323130\">Ce qui rend tout cela possible, c&rsquo;est une \u00e9quipe de personnes passionn\u00e9es et d\u00e9vou\u00e9es.<\/p>\n\n\n\n<p class=\"has-text-color has-link-color eplus-wrapper wp-elements-f0c2d245f1d1e677b7605b7271cbddfa\" style=\"color:#323130\">Si vous souhaitez avoir un impact r\u00e9el qui soit non seulement b\u00e9n\u00e9fique pour les entreprises, mais aussi pour la plan\u00e8te, vous \u00eates au bon endroit.<\/p>\n<\/div>\n\n\n\n<p class=\" eplus-wrapper\"><\/p>\n<\/div>\n\n\n\n<div class=\"flex flex-row flex-wrap md:flex-nowrap sm:justify-center sm:items-center  wp-block-group eplus-wrapper is-layout-constrained wp-block-group-is-layout-constrained\">\n<div class=\"w-full p-2 m-2 wp-block-group eplus-wrapper is-vertical is-layout-flex wp-container-core-group-is-layout-8cf370e7 wp-block-group-is-layout-flex\">\n<h3 class=\" wp-block-heading eplus-wrapper\" id=\"h-postes-actuellement-vacants\">POSTES ACTUELLEMENT VACANTS<\/h3>\n\n\n\n<div style=\"height:8px\" aria-hidden=\"true\" class=\"wp-block-spacer eplus-wrapper wp-container-content-7d115344\"><\/div>\n\n\n\n<p class=\" eplus-wrapper\">Nous faisons partie de Trane Technologies, un innovateur mondial en mati\u00e8re de climat, et nos offres d&#8217;emploi sont h\u00e9berg\u00e9es sur le <a href=\"https:\/\/careers.tranetechnologies.com\/global\/en\/search-results?keywords=&amp;p=ChIJqZHHQhE7WgIReiWIMkOg-MQ&amp;location=United%20Kingdom\">site web de carri\u00e8re de Trane Technologies<\/a>. Veuillez noter que la politique de notre entreprise est de recruter directement et que nous ne sommes malheureusement pas en mesure d&rsquo;accepter des candidatures par l&rsquo;interm\u00e9diaire d&rsquo;agences.<\/p>\n\n\n\n<div style=\"height:16px\" aria-hidden=\"true\" class=\"wp-block-spacer eplus-wrapper wp-container-content-f9bd05ee\"><\/div>\n\n\n\n<div class=\"wp-block-buttons eplus-wrapper is-layout-flex wp-block-buttons-is-layout-flex\"><div class=\"is-style-fill wp-block-button eplus-wrapper eplus-styles-uid-6a13cb\"><a class=\"wp-block-button__link has-background wp-element-button\" href=\"https:\/\/careers.tranetechnologies.com\/global\/en\/search-results?keywords=ics&amp;s=1\" style=\"background-color:#0698e7\" target=\"_blank\" rel=\"noreferrer noopener\">Voir tous les emplois ouverts d&rsquo;ICS Cool Energy<\/a><\/div><\/div>\n<\/div>\n<\/div>\n\n\n\n<div style=\"height:120px\" aria-hidden=\"true\" class=\" wp-block-spacer eplus-wrapper\"><\/div>\n\n\n\n<div class=\"wp-block-group eplus-wrapper is-layout-flow wp-block-group-is-layout-flow\"><div class=\"items-center md:flex xs:grid wp-block-columns eplus-wrapper is-layout-flex wp-container-core-columns-is-layout-9d6595d7 wp-block-columns-is-layout-flex eplus-styles-uid-e4e680\">\n<div class=\"xs:order-2 md:order-2 xs:w-full md:w-6\/12 xs:mb-12 md:mb-0 wp-block-column eplus-wrapper is-layout-flow wp-block-column-is-layout-flow\">\n<figure class=\" wp-block-image size-full is-resized eplus-wrapper\"><img loading=\"lazy\" decoding=\"async\" width=\"500\" height=\"349\" src=\"https:\/\/www.icscoolenergy.com\/fr\/wp-content\/uploads\/sites\/2\/2024\/04\/Our-benefits-1.jpg\" alt=\"\" class=\"wp-image-81228\" style=\"width:720px\" srcset=\"https:\/\/www.icscoolenergy.com\/wp-content\/uploads\/sites\/2\/2024\/04\/Our-benefits-1.jpg 500w, https:\/\/www.icscoolenergy.com\/wp-content\/uploads\/sites\/2\/2024\/04\/Our-benefits-1-300x209.jpg 300w, https:\/\/www.icscoolenergy.com\/wp-content\/uploads\/sites\/2\/2024\/04\/Our-benefits-1-50x35.jpg 50w\" sizes=\"auto, (max-width: 500px) 100vw, 500px\" \/><\/figure>\n<\/div>\n\n\n\n<div class=\"xs:order-1 md:order-1 xs:w-full md:w-6\/12 wp-block-column eplus-wrapper is-layout-flow wp-block-column-is-layout-flow\">\n<h2 class=\" wp-block-heading eplus-wrapper\" id=\"h-notre-promesse\">NOTRE PROMESSE<\/h2>\n\n\n\n<p class=\" eplus-wrapper\">Nous nous engageons \u00e0 cr\u00e9er un lieu de travail extraordinaire o\u00f9 les personnes sont reconnues et r\u00e9compens\u00e9es. Au minimum, vous pouvez vous attendre \u00e0<\/p>\n\n\n<ul class=\"eplus-wrapper wp-block-list eplus-styles-uid-a9769c\">\n<li class=\" eplus-wrapper\">Un salaire comp\u00e9titif<\/li>\n\n\n\n<li class=\" eplus-wrapper\">Une prime bas\u00e9e sur les performances de l&rsquo;entreprise<\/li>\n\n\n\n<li class=\" eplus-wrapper\">25 jours de cong\u00e9s pay\u00e9s par an (hors jours f\u00e9ri\u00e9s) et la possibilit\u00e9 d&rsquo;acheter 5 jours suppl\u00e9mentaires<\/li>\n\n\n\n<li class=\" eplus-wrapper\">1 jour de volontariat par an<\/li>\n\n\n\n<li class=\" eplus-wrapper\">Modalit\u00e9s de travail flexibles<\/li>\n\n\n\n<li class=\" eplus-wrapper\">Assurance m\u00e9dicale priv\u00e9e<\/li>\n\n\n\n<li class=\" eplus-wrapper\">Politiques favorables \u00e0 la famille en mati\u00e8re d&rsquo;adoption et de paternit\u00e9, le cas \u00e9ch\u00e9ant, lors d&rsquo;\u00e9v\u00e9nements consacr\u00e9s au mode de vie familial<\/li>\n\n\n\n<li class=\" eplus-wrapper\">Programme de v\u00e9lo au travail<\/li>\n\n\n\n<li class=\" eplus-wrapper\">Apprentissage continu et d\u00e9veloppement personnel<\/li>\n<\/ul><\/div>\n<\/div><\/div>\n\n\n\n<div style=\"height:60px\" aria-hidden=\"true\" class=\" wp-block-spacer eplus-wrapper\"><\/div>\n\n\n\n<div class=\"mb-20 wp-block-group eplus-wrapper is-layout-flow wp-block-group-is-layout-flow\"><div class=\"is-not-stacked-on-mobile has-background xs:p-8 sm:p-12 rounded-2xl items-center lg:flex xs:grid wp-block-columns eplus-wrapper is-layout-flex wp-container-core-columns-is-layout-9d6595d7 wp-block-columns-is-layout-flex eplus-styles-uid-2b9d74\" style=\"background-color:#222143\">\n<div class=\"xs:order-1 lg:order-2 xs:w-full lg:w-6\/12 wp-block-column eplus-wrapper is-layout-flow wp-block-column-is-layout-flow\">\n<h2 class=\"wp-block-heading has-white-color has-text-color has-link-color eplus-wrapper wp-elements-9e890dafdeb1177fd5fd580b46e50088\" id=\"h-nous-sommes-impatients-de-vous-rencontrer\">NOUS SOMMES IMPATIENTS DE VOUS RENCONTRER<\/h2>\n\n\n\n<p class=\"has-white-color has-text-color has-link-color eplus-wrapper wp-elements-c0b75bf8a4514800036d01a2a33cb487\">Consultez toutes les offres d&#8217;emploi du Royaume-Uni sur le site Web de carri\u00e8re de Trane Technologies : careers.tranetechnologies.com<\/p>\n<\/div>\n\n\n\n<div class=\"xs:order-1 lg:order-2 xs:w-full lg:w-6\/12 wp-block-column eplus-wrapper is-layout-flow wp-block-column-is-layout-flow\">\n<figure class=\" wp-block-image size-full eplus-wrapper\"><img loading=\"lazy\" decoding=\"async\" width=\"919\" height=\"590\" src=\"https:\/\/www.icscoolenergy.com\/fr\/wp-content\/uploads\/sites\/2\/2024\/04\/careers-cta-banner.jpg\" alt=\"\" class=\"wp-image-81234\" srcset=\"https:\/\/www.icscoolenergy.com\/wp-content\/uploads\/sites\/2\/2024\/04\/careers-cta-banner.jpg 919w, https:\/\/www.icscoolenergy.com\/wp-content\/uploads\/sites\/2\/2024\/04\/careers-cta-banner-300x193.jpg 300w, https:\/\/www.icscoolenergy.com\/wp-content\/uploads\/sites\/2\/2024\/04\/careers-cta-banner-768x493.jpg 768w, https:\/\/www.icscoolenergy.com\/wp-content\/uploads\/sites\/2\/2024\/04\/careers-cta-banner-50x32.jpg 50w, https:\/\/www.icscoolenergy.com\/wp-content\/uploads\/sites\/2\/2024\/04\/careers-cta-banner-600x385.jpg 600w\" sizes=\"auto, (max-width: 919px) 100vw, 919px\" \/><\/figure>\n<\/div>\n<\/div><\/div>\n\n\n\n<div style=\"height:60px\" aria-hidden=\"true\" class=\" wp-block-spacer eplus-wrapper\"><\/div>\n","protected":false},"excerpt":{"rendered":"<p>CARRI\u00c8RES CHEZ ICS COOL ENERGY Nous sommes un leader sur le march\u00e9 des solutions de contr\u00f4le des processus et des temp\u00e9ratures critiques qui permettent aux entreprises de toutes tailles et de tous types de fonctionner. Notre si\u00e8ge est situ\u00e9 \u00e0 Southampton, avec des bureaux dans tout le Royaume-Uni et en Europe, et nous employons plus &#8230; <a title=\"Carri\u00e8res\" class=\"read-more\" href=\"https:\/\/www.icscoolenergy.com\/fr\/a-propos-de-nous\/carrieres\/\" aria-label=\"En savoir plus sur Carri\u00e8res\">Lire la suite<\/a><\/p>\n","protected":false},"author":1,"featured_media":0,"parent":121048,"menu_order":0,"comment_status":"closed","ping_status":"closed","template":"template-1.php","meta":{"_acf_changed":false,"inline_featured_image":false,"_editorskit_title_hidden":false,"_editorskit_reading_time":0,"_editorskit_is_block_options_detached":false,"_editorskit_block_options_position":"{}","editor_plus_copied_stylings":"{}","footnotes":""},"class_list":["post-121087","page","type-page","status-publish"],"acf":[],"yoast_head":"<!-- This site is optimized with the Yoast SEO Premium plugin v24.5 (Yoast SEO v26.9) - https:\/\/yoast.com\/product\/yoast-seo-premium-wordpress\/ -->\n<title>Carri\u00e8res - French<\/title>\n<meta name=\"robots\" content=\"index, follow, max-snippet:-1, max-image-preview:large, max-video-preview:-1\" \/>\n<link rel=\"canonical\" href=\"https:\/\/www.icscoolenergy.com\/fr\/a-propos-de-nous\/carrieres\/\" \/>\n<meta property=\"og:locale\" content=\"fr_FR\" \/>\n<meta property=\"og:type\" content=\"article\" \/>\n<meta property=\"og:title\" content=\"Carri\u00e8res\" \/>\n<meta property=\"og:description\" content=\"CARRI\u00c8RES CHEZ ICS COOL ENERGY Nous sommes un leader sur le march\u00e9 des solutions de contr\u00f4le des processus et des temp\u00e9ratures critiques qui permettent aux entreprises de toutes tailles et de tous types de fonctionner. Notre si\u00e8ge est situ\u00e9 \u00e0 Southampton, avec des bureaux dans tout le Royaume-Uni et en Europe, et nous employons plus ... Lire la suite\" \/>\n<meta property=\"og:url\" content=\"https:\/\/www.icscoolenergy.com\/fr\/a-propos-de-nous\/carrieres\/\" \/>\n<meta property=\"og:site_name\" content=\"French\" \/>\n<meta property=\"article:modified_time\" content=\"2024-06-18T13:13:16+00:00\" \/>\n<meta property=\"og:image\" content=\"https:\/\/www.icscoolenergy.com\/wp-content\/\/uploads\/sites\/2\/2024\/04\/Warehouse-Team-1-1.jpg\" \/>\n<meta name=\"twitter:card\" content=\"summary_large_image\" \/>\n<meta name=\"twitter:label1\" content=\"Est. reading time\" \/>\n\t<meta name=\"twitter:data1\" content=\"3 minutes\" \/>\n<script type=\"application\/ld+json\" class=\"yoast-schema-graph\">{\"@context\":\"https:\/\/schema.org\",\"@graph\":[{\"@type\":\"WebPage\",\"@id\":\"https:\/\/www.icscoolenergy.com\/fr\/a-propos-de-nous\/carrieres\/\",\"url\":\"https:\/\/www.icscoolenergy.com\/fr\/a-propos-de-nous\/carrieres\/\",\"name\":\"Carri\u00e8res - French\",\"isPartOf\":{\"@id\":\"https:\/\/www.icscoolenergy.com\/fr\/#website\"},\"primaryImageOfPage\":{\"@id\":\"https:\/\/www.icscoolenergy.com\/fr\/a-propos-de-nous\/carrieres\/#primaryimage\"},\"image\":{\"@id\":\"https:\/\/www.icscoolenergy.com\/fr\/a-propos-de-nous\/carrieres\/#primaryimage\"},\"thumbnailUrl\":\"https:\/\/www.icscoolenergy.com\/wp-content\/\/uploads\/sites\/2\/2024\/04\/Warehouse-Team-1-1.jpg\",\"datePublished\":\"2024-04-12T15:00:05+00:00\",\"dateModified\":\"2024-06-18T13:13:16+00:00\",\"breadcrumb\":{\"@id\":\"https:\/\/www.icscoolenergy.com\/fr\/a-propos-de-nous\/carrieres\/#breadcrumb\"},\"inLanguage\":\"fr-FR\",\"potentialAction\":[{\"@type\":\"ReadAction\",\"target\":[\"https:\/\/www.icscoolenergy.com\/fr\/a-propos-de-nous\/carrieres\/\"]}]},{\"@type\":\"ImageObject\",\"inLanguage\":\"fr-FR\",\"@id\":\"https:\/\/www.icscoolenergy.com\/fr\/a-propos-de-nous\/carrieres\/#primaryimage\",\"url\":\"https:\/\/www.icscoolenergy.com\/wp-content\/\/uploads\/sites\/2\/2024\/04\/Warehouse-Team-1-1.jpg\",\"contentUrl\":\"https:\/\/www.icscoolenergy.com\/wp-content\/\/uploads\/sites\/2\/2024\/04\/Warehouse-Team-1-1.jpg\"},{\"@type\":\"BreadcrumbList\",\"@id\":\"https:\/\/www.icscoolenergy.com\/fr\/a-propos-de-nous\/carrieres\/#breadcrumb\",\"itemListElement\":[{\"@type\":\"ListItem\",\"position\":1,\"name\":\"Home\",\"item\":\"https:\/\/www.icscoolenergy.com\/fr\/\"},{\"@type\":\"ListItem\",\"position\":2,\"name\":\"A propos de nous\",\"item\":\"https:\/\/www.icscoolenergy.com\/fr\/a-propos-de-nous\/\"},{\"@type\":\"ListItem\",\"position\":3,\"name\":\"Carri\u00e8res\"}]},{\"@type\":\"WebSite\",\"@id\":\"https:\/\/www.icscoolenergy.com\/fr\/#website\",\"url\":\"https:\/\/www.icscoolenergy.com\/fr\/\",\"name\":\"ICS Cool Energy\",\"description\":\"The Process Temperature Control Specialists\",\"publisher\":{\"@id\":\"https:\/\/www.icscoolenergy.com\/fr\/#organization\"},\"potentialAction\":[{\"@type\":\"SearchAction\",\"target\":{\"@type\":\"EntryPoint\",\"urlTemplate\":\"https:\/\/www.icscoolenergy.com\/fr\/?s={search_term_string}\"},\"query-input\":{\"@type\":\"PropertyValueSpecification\",\"valueRequired\":true,\"valueName\":\"search_term_string\"}}],\"inLanguage\":\"fr-FR\"},{\"@type\":\"Organization\",\"@id\":\"https:\/\/www.icscoolenergy.com\/fr\/#organization\",\"name\":\"ICS Cool Energy\",\"url\":\"https:\/\/www.icscoolenergy.com\/fr\/\",\"logo\":{\"@type\":\"ImageObject\",\"inLanguage\":\"fr-FR\",\"@id\":\"https:\/\/www.icscoolenergy.com\/fr\/#\/schema\/logo\/image\/\",\"url\":\"https:\/\/www.icscoolenergy.com\/wp-content\/uploads\/sites\/2\/2024\/01\/ics-cool-energy-logo.svg\",\"contentUrl\":\"https:\/\/www.icscoolenergy.com\/wp-content\/uploads\/sites\/2\/2024\/01\/ics-cool-energy-logo.svg\",\"caption\":\"ICS Cool Energy\"},\"image\":{\"@id\":\"https:\/\/www.icscoolenergy.com\/fr\/#\/schema\/logo\/image\/\"}}]}<\/script>\n<!-- \/ Yoast SEO Premium plugin. -->","yoast_head_json":{"title":"Carri\u00e8res - French","robots":{"index":"index","follow":"follow","max-snippet":"max-snippet:-1","max-image-preview":"max-image-preview:large","max-video-preview":"max-video-preview:-1"},"canonical":"https:\/\/www.icscoolenergy.com\/fr\/a-propos-de-nous\/carrieres\/","og_locale":"fr_FR","og_type":"article","og_title":"Carri\u00e8res","og_description":"CARRI\u00c8RES CHEZ ICS COOL ENERGY Nous sommes un leader sur le march\u00e9 des solutions de contr\u00f4le des processus et des temp\u00e9ratures critiques qui permettent aux entreprises de toutes tailles et de tous types de fonctionner. Notre si\u00e8ge est situ\u00e9 \u00e0 Southampton, avec des bureaux dans tout le Royaume-Uni et en Europe, et nous employons plus ... Lire la suite","og_url":"https:\/\/www.icscoolenergy.com\/fr\/a-propos-de-nous\/carrieres\/","og_site_name":"French","article_modified_time":"2024-06-18T13:13:16+00:00","og_image":[{"url":"https:\/\/www.icscoolenergy.com\/wp-content\/\/uploads\/sites\/2\/2024\/04\/Warehouse-Team-1-1.jpg","type":"","width":"","height":""}],"twitter_card":"summary_large_image","twitter_misc":{"Est. reading time":"3 minutes"},"schema":{"@context":"https:\/\/schema.org","@graph":[{"@type":"WebPage","@id":"https:\/\/www.icscoolenergy.com\/fr\/a-propos-de-nous\/carrieres\/","url":"https:\/\/www.icscoolenergy.com\/fr\/a-propos-de-nous\/carrieres\/","name":"Carri\u00e8res - French","isPartOf":{"@id":"https:\/\/www.icscoolenergy.com\/fr\/#website"},"primaryImageOfPage":{"@id":"https:\/\/www.icscoolenergy.com\/fr\/a-propos-de-nous\/carrieres\/#primaryimage"},"image":{"@id":"https:\/\/www.icscoolenergy.com\/fr\/a-propos-de-nous\/carrieres\/#primaryimage"},"thumbnailUrl":"https:\/\/www.icscoolenergy.com\/wp-content\/\/uploads\/sites\/2\/2024\/04\/Warehouse-Team-1-1.jpg","datePublished":"2024-04-12T15:00:05+00:00","dateModified":"2024-06-18T13:13:16+00:00","breadcrumb":{"@id":"https:\/\/www.icscoolenergy.com\/fr\/a-propos-de-nous\/carrieres\/#breadcrumb"},"inLanguage":"fr-FR","potentialAction":[{"@type":"ReadAction","target":["https:\/\/www.icscoolenergy.com\/fr\/a-propos-de-nous\/carrieres\/"]}]},{"@type":"ImageObject","inLanguage":"fr-FR","@id":"https:\/\/www.icscoolenergy.com\/fr\/a-propos-de-nous\/carrieres\/#primaryimage","url":"https:\/\/www.icscoolenergy.com\/wp-content\/\/uploads\/sites\/2\/2024\/04\/Warehouse-Team-1-1.jpg","contentUrl":"https:\/\/www.icscoolenergy.com\/wp-content\/\/uploads\/sites\/2\/2024\/04\/Warehouse-Team-1-1.jpg"},{"@type":"BreadcrumbList","@id":"https:\/\/www.icscoolenergy.com\/fr\/a-propos-de-nous\/carrieres\/#breadcrumb","itemListElement":[{"@type":"ListItem","position":1,"name":"Home","item":"https:\/\/www.icscoolenergy.com\/fr\/"},{"@type":"ListItem","position":2,"name":"A propos de nous","item":"https:\/\/www.icscoolenergy.com\/fr\/a-propos-de-nous\/"},{"@type":"ListItem","position":3,"name":"Carri\u00e8res"}]},{"@type":"WebSite","@id":"https:\/\/www.icscoolenergy.com\/fr\/#website","url":"https:\/\/www.icscoolenergy.com\/fr\/","name":"ICS Cool Energy","description":"The Process Temperature Control Specialists","publisher":{"@id":"https:\/\/www.icscoolenergy.com\/fr\/#organization"},"potentialAction":[{"@type":"SearchAction","target":{"@type":"EntryPoint","urlTemplate":"https:\/\/www.icscoolenergy.com\/fr\/?s={search_term_string}"},"query-input":{"@type":"PropertyValueSpecification","valueRequired":true,"valueName":"search_term_string"}}],"inLanguage":"fr-FR"},{"@type":"Organization","@id":"https:\/\/www.icscoolenergy.com\/fr\/#organization","name":"ICS Cool Energy","url":"https:\/\/www.icscoolenergy.com\/fr\/","logo":{"@type":"ImageObject","inLanguage":"fr-FR","@id":"https:\/\/www.icscoolenergy.com\/fr\/#\/schema\/logo\/image\/","url":"https:\/\/www.icscoolenergy.com\/wp-content\/uploads\/sites\/2\/2024\/01\/ics-cool-energy-logo.svg","contentUrl":"https:\/\/www.icscoolenergy.com\/wp-content\/uploads\/sites\/2\/2024\/01\/ics-cool-energy-logo.svg","caption":"ICS Cool Energy"},"image":{"@id":"https:\/\/www.icscoolenergy.com\/fr\/#\/schema\/logo\/image\/"}}]}},"_links":{"self":[{"href":"https:\/\/www.icscoolenergy.com\/fr\/wp-json\/wp\/v2\/pages\/121087","targetHints":{"allow":["GET"]}}],"collection":[{"href":"https:\/\/www.icscoolenergy.com\/fr\/wp-json\/wp\/v2\/pages"}],"about":[{"href":"https:\/\/www.icscoolenergy.com\/fr\/wp-json\/wp\/v2\/types\/page"}],"author":[{"embeddable":true,"href":"https:\/\/www.icscoolenergy.com\/fr\/wp-json\/wp\/v2\/users\/1"}],"replies":[{"embeddable":true,"href":"https:\/\/www.icscoolenergy.com\/fr\/wp-json\/wp\/v2\/comments?post=121087"}],"version-history":[{"count":0,"href":"https:\/\/www.icscoolenergy.com\/fr\/wp-json\/wp\/v2\/pages\/121087\/revisions"}],"up":[{"embeddable":true,"href":"https:\/\/www.icscoolenergy.com\/fr\/wp-json\/wp\/v2\/pages\/121048"}],"wp:attachment":[{"href":"https:\/\/www.icscoolenergy.com\/fr\/wp-json\/wp\/v2\/media?parent=121087"}],"curies":[{"name":"wp","href":"https:\/\/api.w.org\/{rel}","templated":true}]}}