 
{"id":121088,"date":"2024-04-09T13:31:15","date_gmt":"2024-04-09T13:31:15","guid":{"rendered":"https:\/\/www.icscoolenergy.com\/fr\/a-propos-de-nous\/lhistoire\/"},"modified":"2024-05-09T11:50:14","modified_gmt":"2024-05-09T11:50:14","slug":"lhistoire","status":"publish","type":"page","link":"https:\/\/www.icscoolenergy.com\/fr\/a-propos-de-nous\/lhistoire\/","title":{"rendered":"L&rsquo;histoire"},"content":{"rendered":"\n<div class=\"mb-8 eplus-wrapper wp-block-group is-layout-flow wp-block-group-is-layout-flow\">\n<div class=\"md:relative eplus-wrapper wp-block-group is-layout-flow wp-block-group-is-layout-flow\">\n<div class=\"eplus-wrapper wp-block-cover is-light\" style=\"min-height:451px;aspect-ratio:unset;\"><span aria-hidden=\"true\" class=\"wp-block-cover__background has-background-dim-0 has-background-dim\"><\/span><img loading=\"lazy\" decoding=\"async\" width=\"1980\" height=\"990\" class=\"wp-block-cover__image-background wp-image-84318\" alt=\"A brief history\" src=\"https:\/\/www.icscoolenergy.com\/fr\/wp-content\/uploads\/sites\/2\/2024\/05\/A-breif-history.jpg\" style=\"object-position:21% 85%\" data-object-fit=\"cover\" data-object-position=\"21% 85%\" srcset=\"https:\/\/www.icscoolenergy.com\/wp-content\/uploads\/sites\/2\/2024\/05\/A-breif-history.jpg 1980w, https:\/\/www.icscoolenergy.com\/wp-content\/uploads\/sites\/2\/2024\/05\/A-breif-history-300x150.jpg 300w, https:\/\/www.icscoolenergy.com\/wp-content\/uploads\/sites\/2\/2024\/05\/A-breif-history-1024x512.jpg 1024w, https:\/\/www.icscoolenergy.com\/wp-content\/uploads\/sites\/2\/2024\/05\/A-breif-history-768x384.jpg 768w, https:\/\/www.icscoolenergy.com\/wp-content\/uploads\/sites\/2\/2024\/05\/A-breif-history-50x25.jpg 50w, https:\/\/www.icscoolenergy.com\/wp-content\/uploads\/sites\/2\/2024\/05\/A-breif-history-1600x800.jpg 1600w, https:\/\/www.icscoolenergy.com\/wp-content\/uploads\/sites\/2\/2024\/05\/A-breif-history-1536x768.jpg 1536w, https:\/\/www.icscoolenergy.com\/wp-content\/uploads\/sites\/2\/2024\/05\/A-breif-history-600x300.jpg 600w\" sizes=\"auto, (max-width: 1980px) 100vw, 1980px\" \/><div class=\"wp-block-cover__inner-container is-layout-flow wp-block-cover-is-layout-flow\">\n<p class=\" has-text-align-center has-large-font-size eplus-wrapper\"><\/p>\n<\/div><\/div>\n\n\n\n<div class=\"rounded-tr-md sm:w-full md:w-[80%] md:h-fit md:top-[80%] relative md:-mt-[10%] z-[1] md:left-0 eplus-wrapper wp-block-group has-background is-layout-constrained wp-block-group-is-layout-constrained\" style=\"background-color:#eaeaef\">\n<h1 class=\"eplus-wrapper pt-8 wp-block-heading has-text-color has-link-color wp-elements-94a192e69ee4dc765e855628fcaac736\" style=\"color:#312f5f\">D\u00c9COUVREZ COMMENT LE LEADER DU CONTR\u00d4LE DE LA TEMP\u00c9RATURE A VU LE JOUR<\/h1>\n\n\n\n<p class=\" eplus-wrapper\">De la petite entreprise au leader international du contr\u00f4le de la temp\u00e9rature.<\/p>\n<\/div>\n<\/div>\n\n\n\n<div style=\"height:60px\" aria-hidden=\"true\" class=\"xs:hidden md:block eplus-wrapper wp-block-spacer\"><\/div>\n<\/div>\n\n<div class=\"flex flex-row flex-wrap md:flex-nowrap sm:justify-center sm:items-center wp-block-group eplus-wrapper is-layout-constrained wp-block-group-is-layout-constrained\">\n<div class=\"w-full p-2 m-2 wp-block-group eplus-wrapper is-vertical is-layout-flex wp-container-core-group-is-layout-8cf370e7 wp-block-group-is-layout-flex\">\n<p class=\"has-text-color has-link-color eplus-wrapper wp-elements-d18b7e947f9c6c23badd73ff01be53d5\" style=\"color:#323130\">ICS Cool Energy a \u00e9t\u00e9 cr\u00e9\u00e9e en 1989 sous le nom d&rsquo;Industrial Cooling Systems, avec des d\u00e9p\u00f4ts \u00e0 Bradford et Southampton. L&rsquo;expansion s&rsquo;est poursuivie au milieu des ann\u00e9es quatre-vingt-dix, avec l&rsquo;ouverture de nouveaux bureaux dans tout le Royaume-Uni.<\/p>\n\n\n\n<p class=\"has-text-color has-link-color eplus-wrapper wp-elements-00f082b750e2225b874edc4510eca56e\" style=\"color:#323130\">En 2003, Cool Energy, une soci\u00e9t\u00e9 sp\u00e9cialis\u00e9e dans la location de mat\u00e9riel \u00e0 temp\u00e9rature, a \u00e9t\u00e9 cr\u00e9\u00e9e. Elle a ensuite fusionn\u00e9 en 2005 avec Industrial Cooling Systems, pour former ICS Cool Energy Ltd. ICS Cool Energy s&rsquo;est d\u00e9velopp\u00e9e en Allemagne, en Suisse, au Benelux et en France et a augment\u00e9 son chiffre d&rsquo;affaires de plus de 20 % (TCAC) entre 2013 et 2018.  <\/p>\n\n\n\n<p class=\"has-text-color has-link-color eplus-wrapper wp-elements-3d7aa893ccd7154e2540f05085e96366\" style=\"color:#323130\">En janvier 2018, ICS Cool Energy Ltd a \u00e9t\u00e9 rachet\u00e9e par Ingersoll-Rand PLC, un leader mondial dans la cr\u00e9ation d&rsquo;environnements confortables, durables et efficaces.<\/p>\n\n\n\n<p class=\"has-text-color has-link-color eplus-wrapper wp-elements-a12e6822a3a98b17c990f1b26a794fc6\" style=\"color:#323130\">En 2020, <a href=\"https:\/\/www.tranetechnologies.com\/en\/index.html\">Trane Technologies<\/a> est n\u00e9e de l&rsquo;acquisition par Ingersoll-Rand de Thermo King en 1997 et de Trane en 2008. Avec un portefeuille diversifi\u00e9 d&rsquo;entreprises de premier plan dans l&rsquo;industrie, Trane Technologies vise \u00e0 cr\u00e9er un avenir durable pour notre plan\u00e8te.<\/p>\n\n\n\n<p class=\"has-text-color has-link-color eplus-wrapper wp-elements-568cab769b4ea586623357330d624cd8\" style=\"color:#323130\">Aujourd&rsquo;hui, ICS Cool Energy propose une gamme in\u00e9gal\u00e9e de solutions de contr\u00f4le de la temp\u00e9rature pour les processus critiques et de fabrication, y compris la location, la vente de biens d&rsquo;\u00e9quipement, la maintenance pr\u00e9ventive planifi\u00e9e et l&rsquo;assistance d&rsquo;urgence en cas de panne dans toutes les industries \u00e0 travers l&rsquo;Europe.<\/p>\n<\/div>\n<\/div>\n\n<div style=\"height:43px\" aria-hidden=\"true\" class=\" wp-block-spacer eplus-wrapper\"><\/div>\n\n<div class=\"flex flex-row flex-wrap md:flex-nowrap sm:justify-center sm:items-center wp-block-group eplus-wrapper is-layout-constrained wp-block-group-is-layout-constrained\">\n<div class=\"w-full p-2 m-2 wp-block-group eplus-wrapper is-vertical is-layout-flex wp-container-core-group-is-layout-8cf370e7 wp-block-group-is-layout-flex\">\n<h2 class=\" wp-block-heading eplus-wrapper\">CHRONOLOGIE DE L&rsquo;HISTOIRE<\/h2>\n\n\n\n<div style=\"height:16px\" aria-hidden=\"true\" class=\"wp-block-spacer eplus-wrapper wp-container-content-f9bd05ee\"><\/div>\n\n\n\n<figure class=\" wp-block-image size-large eplus-wrapper\"><img loading=\"lazy\" decoding=\"async\" width=\"1024\" height=\"621\" src=\"https:\/\/www.icscoolenergy.com\/fr\/wp-content\/uploads\/sites\/2\/2024\/04\/ICSCE-Timeline2020-1024x621.jpg\" alt=\"\" class=\"wp-image-80464\" srcset=\"https:\/\/www.icscoolenergy.com\/wp-content\/uploads\/sites\/2\/2024\/04\/ICSCE-Timeline2020-1024x621.jpg 1024w, https:\/\/www.icscoolenergy.com\/wp-content\/uploads\/sites\/2\/2024\/04\/ICSCE-Timeline2020-300x182.jpg 300w, https:\/\/www.icscoolenergy.com\/wp-content\/uploads\/sites\/2\/2024\/04\/ICSCE-Timeline2020-768x465.jpg 768w, https:\/\/www.icscoolenergy.com\/wp-content\/uploads\/sites\/2\/2024\/04\/ICSCE-Timeline2020-50x30.jpg 50w, https:\/\/www.icscoolenergy.com\/wp-content\/uploads\/sites\/2\/2024\/04\/ICSCE-Timeline2020-1600x970.jpg 1600w, https:\/\/www.icscoolenergy.com\/wp-content\/uploads\/sites\/2\/2024\/04\/ICSCE-Timeline2020-1536x931.jpg 1536w, https:\/\/www.icscoolenergy.com\/wp-content\/uploads\/sites\/2\/2024\/04\/ICSCE-Timeline2020-600x364.jpg 600w, https:\/\/www.icscoolenergy.com\/wp-content\/uploads\/sites\/2\/2024\/04\/ICSCE-Timeline2020.jpg 1754w\" sizes=\"auto, (max-width: 1024px) 100vw, 1024px\" \/><\/figure>\n<\/div>\n<\/div>\n\n<div style=\"height:160px\" aria-hidden=\"true\" class=\" wp-block-spacer eplus-wrapper\"><\/div>\n","protected":false},"excerpt":{"rendered":"<p>D\u00c9COUVREZ COMMENT LE LEADER DU CONTR\u00d4LE DE LA TEMP\u00c9RATURE A VU LE JOUR De la petite entreprise au leader international du contr\u00f4le de la temp\u00e9rature. ICS Cool Energy a \u00e9t\u00e9 cr\u00e9\u00e9e en 1989 sous le nom d&rsquo;Industrial Cooling Systems, avec des d\u00e9p\u00f4ts \u00e0 Bradford et Southampton. L&rsquo;expansion s&rsquo;est poursuivie au milieu des ann\u00e9es quatre-vingt-dix, avec &#8230; <a title=\"L&rsquo;histoire\" class=\"read-more\" href=\"https:\/\/www.icscoolenergy.com\/fr\/a-propos-de-nous\/lhistoire\/\" aria-label=\"En savoir plus sur L&rsquo;histoire\">Lire la suite<\/a><\/p>\n","protected":false},"author":1,"featured_media":0,"parent":121048,"menu_order":0,"comment_status":"closed","ping_status":"closed","template":"template-1.php","meta":{"_acf_changed":false,"inline_featured_image":false,"_editorskit_title_hidden":false,"_editorskit_reading_time":0,"_editorskit_is_block_options_detached":false,"_editorskit_block_options_position":"{}","editor_plus_copied_stylings":"{}","footnotes":""},"class_list":["post-121088","page","type-page","status-publish"],"acf":[],"yoast_head":"<!-- This site is optimized with the Yoast SEO Premium plugin v24.5 (Yoast SEO v26.9) - https:\/\/yoast.com\/product\/yoast-seo-premium-wordpress\/ -->\n<title>L&#039;histoire - French<\/title>\n<meta name=\"robots\" content=\"index, follow, max-snippet:-1, max-image-preview:large, max-video-preview:-1\" \/>\n<link rel=\"canonical\" href=\"https:\/\/www.icscoolenergy.com\/fr\/a-propos-de-nous\/lhistoire\/\" \/>\n<meta property=\"og:locale\" content=\"fr_FR\" \/>\n<meta property=\"og:type\" content=\"article\" \/>\n<meta property=\"og:title\" content=\"L&#039;histoire\" \/>\n<meta property=\"og:description\" content=\"D\u00c9COUVREZ COMMENT LE LEADER DU CONTR\u00d4LE DE LA TEMP\u00c9RATURE A VU LE JOUR De la petite entreprise au leader international du contr\u00f4le de la temp\u00e9rature. ICS Cool Energy a \u00e9t\u00e9 cr\u00e9\u00e9e en 1989 sous le nom d&rsquo;Industrial Cooling Systems, avec des d\u00e9p\u00f4ts \u00e0 Bradford et Southampton. L&rsquo;expansion s&rsquo;est poursuivie au milieu des ann\u00e9es quatre-vingt-dix, avec ... Lire la suite\" \/>\n<meta property=\"og:url\" content=\"https:\/\/www.icscoolenergy.com\/fr\/a-propos-de-nous\/lhistoire\/\" \/>\n<meta property=\"og:site_name\" content=\"French\" \/>\n<meta property=\"article:modified_time\" content=\"2024-05-09T11:50:14+00:00\" \/>\n<meta property=\"og:image\" content=\"https:\/\/www.icscoolenergy.com\/fr\/wp-content\/uploads\/sites\/2\/2024\/05\/A-breif-history.jpg\" \/>\n<meta name=\"twitter:card\" content=\"summary_large_image\" \/>\n<meta name=\"twitter:label1\" content=\"Est. reading time\" \/>\n\t<meta name=\"twitter:data1\" content=\"1 minute\" \/>\n<script type=\"application\/ld+json\" class=\"yoast-schema-graph\">{\"@context\":\"https:\/\/schema.org\",\"@graph\":[{\"@type\":\"WebPage\",\"@id\":\"https:\/\/www.icscoolenergy.com\/fr\/a-propos-de-nous\/lhistoire\/\",\"url\":\"https:\/\/www.icscoolenergy.com\/fr\/a-propos-de-nous\/lhistoire\/\",\"name\":\"L'histoire - French\",\"isPartOf\":{\"@id\":\"https:\/\/www.icscoolenergy.com\/fr\/#website\"},\"primaryImageOfPage\":{\"@id\":\"https:\/\/www.icscoolenergy.com\/fr\/a-propos-de-nous\/lhistoire\/#primaryimage\"},\"image\":{\"@id\":\"https:\/\/www.icscoolenergy.com\/fr\/a-propos-de-nous\/lhistoire\/#primaryimage\"},\"thumbnailUrl\":\"https:\/\/www.icscoolenergy.com\/fr\/wp-content\/uploads\/sites\/2\/2024\/05\/A-breif-history.jpg\",\"datePublished\":\"2024-04-09T13:31:15+00:00\",\"dateModified\":\"2024-05-09T11:50:14+00:00\",\"breadcrumb\":{\"@id\":\"https:\/\/www.icscoolenergy.com\/fr\/a-propos-de-nous\/lhistoire\/#breadcrumb\"},\"inLanguage\":\"fr-FR\",\"potentialAction\":[{\"@type\":\"ReadAction\",\"target\":[\"https:\/\/www.icscoolenergy.com\/fr\/a-propos-de-nous\/lhistoire\/\"]}]},{\"@type\":\"ImageObject\",\"inLanguage\":\"fr-FR\",\"@id\":\"https:\/\/www.icscoolenergy.com\/fr\/a-propos-de-nous\/lhistoire\/#primaryimage\",\"url\":\"https:\/\/www.icscoolenergy.com\/wp-content\/uploads\/sites\/2\/2024\/05\/A-breif-history.jpg\",\"contentUrl\":\"https:\/\/www.icscoolenergy.com\/wp-content\/uploads\/sites\/2\/2024\/05\/A-breif-history.jpg\",\"width\":1980,\"height\":990,\"caption\":\"A brief history\"},{\"@type\":\"BreadcrumbList\",\"@id\":\"https:\/\/www.icscoolenergy.com\/fr\/a-propos-de-nous\/lhistoire\/#breadcrumb\",\"itemListElement\":[{\"@type\":\"ListItem\",\"position\":1,\"name\":\"Home\",\"item\":\"https:\/\/www.icscoolenergy.com\/fr\/\"},{\"@type\":\"ListItem\",\"position\":2,\"name\":\"A propos de nous\",\"item\":\"https:\/\/www.icscoolenergy.com\/fr\/a-propos-de-nous\/\"},{\"@type\":\"ListItem\",\"position\":3,\"name\":\"L&rsquo;histoire\"}]},{\"@type\":\"WebSite\",\"@id\":\"https:\/\/www.icscoolenergy.com\/fr\/#website\",\"url\":\"https:\/\/www.icscoolenergy.com\/fr\/\",\"name\":\"ICS Cool Energy\",\"description\":\"The Process Temperature Control Specialists\",\"publisher\":{\"@id\":\"https:\/\/www.icscoolenergy.com\/fr\/#organization\"},\"potentialAction\":[{\"@type\":\"SearchAction\",\"target\":{\"@type\":\"EntryPoint\",\"urlTemplate\":\"https:\/\/www.icscoolenergy.com\/fr\/?s={search_term_string}\"},\"query-input\":{\"@type\":\"PropertyValueSpecification\",\"valueRequired\":true,\"valueName\":\"search_term_string\"}}],\"inLanguage\":\"fr-FR\"},{\"@type\":\"Organization\",\"@id\":\"https:\/\/www.icscoolenergy.com\/fr\/#organization\",\"name\":\"ICS Cool Energy\",\"url\":\"https:\/\/www.icscoolenergy.com\/fr\/\",\"logo\":{\"@type\":\"ImageObject\",\"inLanguage\":\"fr-FR\",\"@id\":\"https:\/\/www.icscoolenergy.com\/fr\/#\/schema\/logo\/image\/\",\"url\":\"https:\/\/www.icscoolenergy.com\/wp-content\/uploads\/sites\/2\/2024\/01\/ics-cool-energy-logo.svg\",\"contentUrl\":\"https:\/\/www.icscoolenergy.com\/wp-content\/uploads\/sites\/2\/2024\/01\/ics-cool-energy-logo.svg\",\"caption\":\"ICS Cool Energy\"},\"image\":{\"@id\":\"https:\/\/www.icscoolenergy.com\/fr\/#\/schema\/logo\/image\/\"}}]}<\/script>\n<!-- \/ Yoast SEO Premium plugin. -->","yoast_head_json":{"title":"L'histoire - French","robots":{"index":"index","follow":"follow","max-snippet":"max-snippet:-1","max-image-preview":"max-image-preview:large","max-video-preview":"max-video-preview:-1"},"canonical":"https:\/\/www.icscoolenergy.com\/fr\/a-propos-de-nous\/lhistoire\/","og_locale":"fr_FR","og_type":"article","og_title":"L'histoire","og_description":"D\u00c9COUVREZ COMMENT LE LEADER DU CONTR\u00d4LE DE LA TEMP\u00c9RATURE A VU LE JOUR De la petite entreprise au leader international du contr\u00f4le de la temp\u00e9rature. ICS Cool Energy a \u00e9t\u00e9 cr\u00e9\u00e9e en 1989 sous le nom d&rsquo;Industrial Cooling Systems, avec des d\u00e9p\u00f4ts \u00e0 Bradford et Southampton. L&rsquo;expansion s&rsquo;est poursuivie au milieu des ann\u00e9es quatre-vingt-dix, avec ... Lire la suite","og_url":"https:\/\/www.icscoolenergy.com\/fr\/a-propos-de-nous\/lhistoire\/","og_site_name":"French","article_modified_time":"2024-05-09T11:50:14+00:00","og_image":[{"url":"https:\/\/www.icscoolenergy.com\/fr\/wp-content\/uploads\/sites\/2\/2024\/05\/A-breif-history.jpg","type":"","width":"","height":""}],"twitter_card":"summary_large_image","twitter_misc":{"Est. reading time":"1 minute"},"schema":{"@context":"https:\/\/schema.org","@graph":[{"@type":"WebPage","@id":"https:\/\/www.icscoolenergy.com\/fr\/a-propos-de-nous\/lhistoire\/","url":"https:\/\/www.icscoolenergy.com\/fr\/a-propos-de-nous\/lhistoire\/","name":"L'histoire - French","isPartOf":{"@id":"https:\/\/www.icscoolenergy.com\/fr\/#website"},"primaryImageOfPage":{"@id":"https:\/\/www.icscoolenergy.com\/fr\/a-propos-de-nous\/lhistoire\/#primaryimage"},"image":{"@id":"https:\/\/www.icscoolenergy.com\/fr\/a-propos-de-nous\/lhistoire\/#primaryimage"},"thumbnailUrl":"https:\/\/www.icscoolenergy.com\/fr\/wp-content\/uploads\/sites\/2\/2024\/05\/A-breif-history.jpg","datePublished":"2024-04-09T13:31:15+00:00","dateModified":"2024-05-09T11:50:14+00:00","breadcrumb":{"@id":"https:\/\/www.icscoolenergy.com\/fr\/a-propos-de-nous\/lhistoire\/#breadcrumb"},"inLanguage":"fr-FR","potentialAction":[{"@type":"ReadAction","target":["https:\/\/www.icscoolenergy.com\/fr\/a-propos-de-nous\/lhistoire\/"]}]},{"@type":"ImageObject","inLanguage":"fr-FR","@id":"https:\/\/www.icscoolenergy.com\/fr\/a-propos-de-nous\/lhistoire\/#primaryimage","url":"https:\/\/www.icscoolenergy.com\/wp-content\/uploads\/sites\/2\/2024\/05\/A-breif-history.jpg","contentUrl":"https:\/\/www.icscoolenergy.com\/wp-content\/uploads\/sites\/2\/2024\/05\/A-breif-history.jpg","width":1980,"height":990,"caption":"A brief history"},{"@type":"BreadcrumbList","@id":"https:\/\/www.icscoolenergy.com\/fr\/a-propos-de-nous\/lhistoire\/#breadcrumb","itemListElement":[{"@type":"ListItem","position":1,"name":"Home","item":"https:\/\/www.icscoolenergy.com\/fr\/"},{"@type":"ListItem","position":2,"name":"A propos de nous","item":"https:\/\/www.icscoolenergy.com\/fr\/a-propos-de-nous\/"},{"@type":"ListItem","position":3,"name":"L&rsquo;histoire"}]},{"@type":"WebSite","@id":"https:\/\/www.icscoolenergy.com\/fr\/#website","url":"https:\/\/www.icscoolenergy.com\/fr\/","name":"ICS Cool Energy","description":"The Process Temperature Control Specialists","publisher":{"@id":"https:\/\/www.icscoolenergy.com\/fr\/#organization"},"potentialAction":[{"@type":"SearchAction","target":{"@type":"EntryPoint","urlTemplate":"https:\/\/www.icscoolenergy.com\/fr\/?s={search_term_string}"},"query-input":{"@type":"PropertyValueSpecification","valueRequired":true,"valueName":"search_term_string"}}],"inLanguage":"fr-FR"},{"@type":"Organization","@id":"https:\/\/www.icscoolenergy.com\/fr\/#organization","name":"ICS Cool Energy","url":"https:\/\/www.icscoolenergy.com\/fr\/","logo":{"@type":"ImageObject","inLanguage":"fr-FR","@id":"https:\/\/www.icscoolenergy.com\/fr\/#\/schema\/logo\/image\/","url":"https:\/\/www.icscoolenergy.com\/wp-content\/uploads\/sites\/2\/2024\/01\/ics-cool-energy-logo.svg","contentUrl":"https:\/\/www.icscoolenergy.com\/wp-content\/uploads\/sites\/2\/2024\/01\/ics-cool-energy-logo.svg","caption":"ICS Cool Energy"},"image":{"@id":"https:\/\/www.icscoolenergy.com\/fr\/#\/schema\/logo\/image\/"}}]}},"_links":{"self":[{"href":"https:\/\/www.icscoolenergy.com\/fr\/wp-json\/wp\/v2\/pages\/121088","targetHints":{"allow":["GET"]}}],"collection":[{"href":"https:\/\/www.icscoolenergy.com\/fr\/wp-json\/wp\/v2\/pages"}],"about":[{"href":"https:\/\/www.icscoolenergy.com\/fr\/wp-json\/wp\/v2\/types\/page"}],"author":[{"embeddable":true,"href":"https:\/\/www.icscoolenergy.com\/fr\/wp-json\/wp\/v2\/users\/1"}],"replies":[{"embeddable":true,"href":"https:\/\/www.icscoolenergy.com\/fr\/wp-json\/wp\/v2\/comments?post=121088"}],"version-history":[{"count":0,"href":"https:\/\/www.icscoolenergy.com\/fr\/wp-json\/wp\/v2\/pages\/121088\/revisions"}],"up":[{"embeddable":true,"href":"https:\/\/www.icscoolenergy.com\/fr\/wp-json\/wp\/v2\/pages\/121048"}],"wp:attachment":[{"href":"https:\/\/www.icscoolenergy.com\/fr\/wp-json\/wp\/v2\/media?parent=121088"}],"curies":[{"name":"wp","href":"https:\/\/api.w.org\/{rel}","templated":true}]}}