 
{"id":121089,"date":"2024-04-10T15:20:21","date_gmt":"2024-04-10T15:20:21","guid":{"rendered":"https:\/\/www.icscoolenergy.com\/fr\/vente\/"},"modified":"2024-05-09T11:50:21","modified_gmt":"2024-05-09T11:50:21","slug":"vente","status":"publish","type":"page","link":"https:\/\/www.icscoolenergy.com\/fr\/vente\/","title":{"rendered":"Vente"},"content":{"rendered":"\n<div class=\"mb-8 eplus-wrapper wp-block-group is-layout-flow wp-block-group-is-layout-flow\">\n<div class=\"md:relative eplus-wrapper wp-block-group is-layout-flow wp-block-group-is-layout-flow\">\n<div class=\"eplus-wrapper wp-block-cover is-light\" style=\"min-height:451px;aspect-ratio:unset;\"><span aria-hidden=\"true\" class=\"wp-block-cover__background has-background-dim-0 has-background-dim\"><\/span><img loading=\"lazy\" decoding=\"async\" width=\"2000\" height=\"530\" class=\"wp-block-cover__image-background wp-image-80762\" alt=\"\" src=\"https:\/\/www.icscoolenergy.com\/fr\/wp-content\/uploads\/sites\/2\/2024\/04\/ProcessChillers-Hero-2000x530-1.jpg\" data-object-fit=\"cover\" srcset=\"https:\/\/www.icscoolenergy.com\/wp-content\/uploads\/sites\/2\/2024\/04\/ProcessChillers-Hero-2000x530-1.jpg 2000w, https:\/\/www.icscoolenergy.com\/wp-content\/uploads\/sites\/2\/2024\/04\/ProcessChillers-Hero-2000x530-1-300x80.jpg 300w, https:\/\/www.icscoolenergy.com\/wp-content\/uploads\/sites\/2\/2024\/04\/ProcessChillers-Hero-2000x530-1-1024x271.jpg 1024w, https:\/\/www.icscoolenergy.com\/wp-content\/uploads\/sites\/2\/2024\/04\/ProcessChillers-Hero-2000x530-1-768x204.jpg 768w, https:\/\/www.icscoolenergy.com\/wp-content\/uploads\/sites\/2\/2024\/04\/ProcessChillers-Hero-2000x530-1-50x13.jpg 50w, https:\/\/www.icscoolenergy.com\/wp-content\/uploads\/sites\/2\/2024\/04\/ProcessChillers-Hero-2000x530-1-1600x424.jpg 1600w, https:\/\/www.icscoolenergy.com\/wp-content\/uploads\/sites\/2\/2024\/04\/ProcessChillers-Hero-2000x530-1-1536x407.jpg 1536w, https:\/\/www.icscoolenergy.com\/wp-content\/uploads\/sites\/2\/2024\/04\/ProcessChillers-Hero-2000x530-1-600x159.jpg 600w\" sizes=\"auto, (max-width: 2000px) 100vw, 2000px\" \/><div class=\"wp-block-cover__inner-container is-layout-flow wp-block-cover-is-layout-flow\">\n<p class=\" has-text-align-center has-large-font-size eplus-wrapper\"><\/p>\n<\/div><\/div>\n\n\n\n<div class=\"rounded-tr-md sm:w-full md:w-[80%] md:h-fit md:top-[80%] relative md:-mt-[10%] z-[1] md:left-0 eplus-wrapper wp-block-group has-background is-layout-constrained wp-block-group-is-layout-constrained\" style=\"background-color:#eaeaef\">\n<h1 class=\"eplus-wrapper pt-8 wp-block-heading has-text-color has-link-color wp-elements-2640da2f55054e90ac492c0273ab43f8\" style=\"color:#312f5f\">SOLUTIONS DE REFROIDISSEMENT ET DE CONTR\u00d4LE DE LA TEMP\u00c9RATURE DES PROCESSUS &#8211; DES SOLUTIONS FIABLES ET PR\u00c9CISES<\/h1>\n\n\n\n<p class=\" eplus-wrapper\">Nos <strong>ing\u00e9nieurs form\u00e9s techniquement<\/strong> travailleront en partenariat avec vous pour fournir les <strong>solutions de contr\u00f4le de la temp\u00e9rature<\/strong> les plus <strong>efficaces<\/strong> pour les exigences de votre processus, les contraintes de votre site et votre budget.<\/p>\n\n\n\n<p class=\" eplus-wrapper\">Gr\u00e2ce \u00e0 <strong>un point de contact unique<\/strong>, nous d\u00e9veloppons, fabriquons, livrons, installons, louons et entretenons des solutions de contr\u00f4le de la temp\u00e9rature de haute qualit\u00e9, \u00e9conomes en \u00e9nergie et fiables, allant de -40\u00b0C \u00e0 400\u00b0C, pour vos applications.<\/p>\n\n\n\n<p class=\" eplus-wrapper\">Nous proposons la plus large gamme de solutions de contr\u00f4le de la temp\u00e9rature rentables de l&rsquo;industrie, ce qui nous permet de vous fournir la meilleure solution pour r\u00e9pondre \u00e0 vos besoins individuels.<\/p>\n<\/div>\n<\/div>\n\n\n\n<div style=\"height:60px\" aria-hidden=\"true\" class=\"xs:hidden md:block eplus-wrapper wp-block-spacer\"><\/div>\n<\/div>\n\n<div class=\"wp-block-group eplus-wrapper is-layout-flow wp-block-group-is-layout-flow\"><div class=\"lg:flex xs:block xl:mb-12 wp-block-columns eplus-wrapper is-layout-flex wp-container-core-columns-is-layout-9d6595d7 wp-block-columns-is-layout-flex eplus-styles-uid-95bdf5\"><div class=\"pt-12 xs:px-8 sm:px-8 shadow-lg rounded-t-2xl xs:h-auto xs:mb-10 lg:mb-0 lg:h-full wp-block-column is-vertically-aligned-top has-white-background-color has-background eplus-wrapper is-layout-flow wp-block-column-is-layout-flow eplus-styles-uid-43cb0d\"><div class=\"xs:mb-0 wp-block-columns eplus-wrapper is-layout-flex wp-container-core-columns-is-layout-9d6595d7 wp-block-columns-is-layout-flex eplus-styles-uid-832268\">\n<div class=\"wp-block-column eplus-wrapper is-layout-flow wp-block-column-is-layout-flow\" style=\"flex-basis:75px\">\n<figure class=\" wp-block-image size-full is-resized eplus-wrapper\"><img loading=\"lazy\" decoding=\"async\" width=\"40\" height=\"40\" src=\"https:\/\/www.icscoolenergy.com\/fr\/wp-content\/uploads\/sites\/2\/2024\/03\/Vector.svg\" alt=\"\" class=\"wp-image-79033\" style=\"width:75px\"><\/figure>\n<\/div>\n\n\n\n<div class=\"wp-block-column eplus-wrapper is-layout-flow wp-block-column-is-layout-flow\"><h4 class=\" wp-block-heading eplus-wrapper eplus-styles-uid-be1b12\">Assurer le fonctionnement de l&rsquo;industrie<\/h4>\n\n\n<p class=\" eplus-wrapper\">Nous ferons tout ce qu&rsquo;il faut pour que votre industrie fonctionne avec des technologies de pointe.\n  une expertise et une assistance d&rsquo;urgence 24 heures sur 24, 7 jours sur 7, 365 jours par an.<\/p>\n<\/div>\n<\/div><\/div>\n\n<div class=\"pt-12 xs:px-8 sm:px-8 shadow-lg rounded-t-2xl xs:h-auto xs:mb-10 lg:mb-0 lg:h-full wp-block-column is-vertically-aligned-top has-white-background-color has-background eplus-wrapper is-layout-flow wp-block-column-is-layout-flow eplus-styles-uid-693786\"><div class=\"xs:mb-0 wp-block-columns eplus-wrapper is-layout-flex wp-container-core-columns-is-layout-9d6595d7 wp-block-columns-is-layout-flex eplus-styles-uid-14967d\">\n<div class=\"wp-block-column eplus-wrapper is-layout-flow wp-block-column-is-layout-flow\" style=\"flex-basis:75px\">\n<figure class=\" wp-block-image size-full is-resized eplus-wrapper\"><img loading=\"lazy\" decoding=\"async\" width=\"40\" height=\"40\" src=\"https:\/\/www.icscoolenergy.com\/fr\/wp-content\/uploads\/sites\/2\/2024\/03\/Vector1.svg\" alt=\"\" class=\"wp-image-79043\" style=\"width:75px\"><\/figure>\n<\/div>\n\n\n\n<div class=\"wp-block-column eplus-wrapper is-layout-flow wp-block-column-is-layout-flow\"><h4 class=\" wp-block-heading eplus-wrapper eplus-styles-uid-be1b12\">Am\u00e9lioration de l&rsquo;\u00e9nergie<\/h4>\n\n\n<p class=\" eplus-wrapper\">Nous vous aidons \u00e0 \u00e9conomiser l&rsquo;\u00e9nergie, \u00e0 r\u00e9duire les co\u00fbts et \u00e0 diminuer votre empreinte carbone.\n  avec nos solutions eMission Critical.<\/p>\n<\/div>\n<\/div><\/div>\n\n<div class=\"pt-12 xs:px-8 sm:px-8 shadow-lg rounded-t-2xl xs:h-auto xs:mb-10 lg:mb-0 lg:h-full wp-block-column is-vertically-aligned-top has-white-background-color has-background eplus-wrapper is-layout-flow wp-block-column-is-layout-flow eplus-styles-uid-ca2f15\"><div class=\"xs:mb-0 wp-block-columns eplus-wrapper is-layout-flex wp-container-core-columns-is-layout-9d6595d7 wp-block-columns-is-layout-flex eplus-styles-uid-fb5502\">\n<div class=\"wp-block-column eplus-wrapper is-layout-flow wp-block-column-is-layout-flow\" style=\"flex-basis:75px\">\n<figure class=\" wp-block-image size-full is-resized eplus-wrapper\"><img loading=\"lazy\" decoding=\"async\" width=\"41\" height=\"40\" src=\"https:\/\/www.icscoolenergy.com\/fr\/wp-content\/uploads\/sites\/2\/2024\/03\/Group-1000002029.svg\" alt=\"\" class=\"wp-image-79038\" style=\"width:75px\"><\/figure>\n<\/div>\n\n\n\n<div class=\"wp-block-column eplus-wrapper is-layout-flow wp-block-column-is-layout-flow\"><h4 class=\" wp-block-heading eplus-wrapper eplus-styles-uid-a37d52\">Plans d&rsquo;abonnement flexibles<\/h4>\n\n\n<p class=\" eplus-wrapper\">Notre abonnement Flex vous permet d&rsquo;\u00e9voluer rapidement et de b\u00e9n\u00e9ficier des derni\u00e8res technologies de refroidissement sans investissement en capital, moyennant un forfait mensuel fixe.<\/p>\n<\/div>\n<\/div><\/div><\/div><\/div>\n\n<div style=\"height:60px\" aria-hidden=\"true\" class=\" wp-block-spacer eplus-wrapper\"><\/div>\n\n<div class=\"mb-20 wp-block-group eplus-wrapper is-layout-flow wp-block-group-is-layout-flow\"><div class=\"items-center md:flex xs:grid wp-block-columns eplus-wrapper is-layout-flex wp-container-core-columns-is-layout-9d6595d7 wp-block-columns-is-layout-flex eplus-styles-uid-d85b7b\">\n<div class=\"xs:order-1 md:order-2 xs:w-full md:w-6\/12 xs:mb-12 md:mb-0 wp-block-column eplus-wrapper is-layout-flow wp-block-column-is-layout-flow\">\n<figure class=\"wp-embed-aspect-16-9 wp-has-aspect-ratio wp-block-embed is-type-video is-provider-vimeo wp-block-embed-vimeo eplus-wrapper\"><div class=\"wp-block-embed__wrapper\">\n<iframe loading=\"lazy\" title=\"ICS Cool Energy Process Temperature Control\" src=\"https:\/\/player.vimeo.com\/video\/262957144?dnt=1&amp;app_id=122963\" width=\"1200\" height=\"675\" frameborder=\"0\" allow=\"autoplay; fullscreen; picture-in-picture; clipboard-write\"><\/iframe>\n<\/div><\/figure>\n<\/div>\n\n\n\n<div class=\"xs:order-2 md:order-1 xs:w-full md:w-6\/12 wp-block-column eplus-wrapper is-layout-flow wp-block-column-is-layout-flow\">\n<h2 class=\" wp-block-heading eplus-wrapper\">NOTRE LARGE GAMME DE SOLUTIONS COMPREND<br><\/h2>\n\n\n\n<div style=\"height:16px\" aria-hidden=\"true\" class=\" wp-block-spacer eplus-wrapper\"><\/div>\n\n\n<ul class=\"eplus-wrapper wp-block-list eplus-styles-uid-efebd5\">\n<li class=\" eplus-wrapper\"><a href=\"https:\/\/www.icscoolenergy.com\/sales\/i-chiller-products\/\">Groupes d&rsquo;eau glac\u00e9e conditionn\u00e9s<\/a> de 1 \u00e0 505 kW<\/li>\n\n\n\n<li class=\" eplus-wrapper\"><a href=\"https:\/\/www.icscoolenergy.com\/sales\/process-cooling-temperature-control\/temperature-control-units\/\">R\u00e9gulateurs de temp\u00e9rature<\/a> (eau et huile) jusqu&rsquo;\u00e0 360kW (\u00e9lectrique) et 1600kW (vapeur\/eau)<\/li>\n\n\n\n<li class=\" eplus-wrapper\"><a href=\"https:\/\/www.icscoolenergy.com\/sales\/process-cooling-temperature-control\/chillers-heat-pumps\/\">Solutions de refroidissement \u00e0 haut rendement \u00e9nerg\u00e9tique<\/a> jusqu&rsquo;\u00e0 4 MW<\/li>\n\n\n\n<li class=\" eplus-wrapper\">Solutions sp\u00e9ciales de contr\u00f4le de la temp\u00e9rature des processus, y compris les refroidisseurs \u00e0 basse temp\u00e9rature class\u00e9s ATEX et les fluides sp\u00e9ciaux.<\/li>\n\n\n\n<li class=\" eplus-wrapper\">Gestion compl\u00e8te du projet, de l&rsquo;\u00e9tude du site \u00e0 la mise en service<\/li>\n\n\n\n<li class=\" eplus-wrapper\"><a href=\"https:\/\/www.icscoolenergy.com\/sales\/services\/\">Service apr\u00e8s-vente<\/a> &#8211; maintenance, assistance technique 24\/7 et <a href=\"https:\/\/www.icscoolenergy.com\/hire\/\">\n  <strong>location de chaudi\u00e8res et de refroidisseurs<\/strong>\n<\/a> Programmes d&rsquo;urgence<\/li>\n<\/ul>\n\n\n<div style=\"height:8px\" aria-hidden=\"true\" class=\" wp-block-spacer eplus-wrapper\"><\/div>\n\n\n\n<p class=\" eplus-wrapper\"><strong>Vous ne trouvez pas ce que vous cherchez ? Appelez-nous au 0800 774 7426 et nous serons ravis de vous aider.<\/strong><\/p>\n\n\n\n<div class=\"wp-block-buttons eplus-wrapper is-content-justification-left is-layout-flex wp-container-core-buttons-is-layout-fdcfc74e wp-block-buttons-is-layout-flex\"><div class=\" wp-block-button eplus-wrapper eplus-styles-uid-3fbf6a\"><a class=\"wp-block-button__link has-white-color has-text-color has-background has-link-color wp-element-button\" href=\"\/?page_id=73875\" style=\"border-radius:100px;background-color:#ef4138\">Demande de renseignements<\/a><\/div><\/div>\n<\/div>\n<\/div><\/div>\n\n<div style=\"height:60px\" aria-hidden=\"true\" class=\" wp-block-spacer eplus-wrapper\"><\/div>\n\n<div class=\"mb-20 wp-block-group eplus-wrapper is-layout-flow wp-block-group-is-layout-flow\"><div class=\"is-not-stacked-on-mobile has-background xs:p-8 sm:p-12 rounded-2xl items-center lg:flex xs:grid wp-block-columns eplus-wrapper is-layout-flex wp-container-core-columns-is-layout-9d6595d7 wp-block-columns-is-layout-flex eplus-styles-uid-386ece\" style=\"background-color:#222143\">\n<div class=\"xs:order-1 lg:order-2 xs:w-full lg:w-6\/12 wp-block-column eplus-wrapper is-layout-flow wp-block-column-is-layout-flow\">\n<h2 class=\"wp-block-heading has-white-color has-text-color has-link-color eplus-wrapper wp-elements-f656dc16057c46bb4a933d380a31b13d\">INSTALLATION ET SOLUTIONS CL\u00c9S EN MAIN<\/h2>\n\n\n\n<p class=\"has-white-color has-text-color has-link-color eplus-wrapper wp-elements-6ff84c6ecc80acacad5df27587d49f07\">Installation de refroidisseurs et gestion compl\u00e8te du projet, adapt\u00e9e \u00e0 vos activit\u00e9s.<\/p>\n\n\n\n<div class=\"wp-block-buttons eplus-wrapper is-layout-flex wp-block-buttons-is-layout-flex\"><div class=\"is-style-fill wp-block-button eplus-wrapper eplus-styles-uid-ecf431\"><a class=\"wp-block-button__link has-background wp-element-button\" href=\"\/service\/chiller-repair\" style=\"background-color:#0698e7\">En savoir plus<\/a><\/div><\/div>\n<\/div>\n\n\n\n<div class=\"xs:order-1 lg:order-2 xs:w-full lg:w-6\/12 wp-block-column eplus-wrapper is-layout-flow wp-block-column-is-layout-flow\">\n<figure class=\" wp-block-image size-full eplus-wrapper\"><img loading=\"lazy\" decoding=\"async\" width=\"1200\" height=\"530\" src=\"https:\/\/www.icscoolenergy.com\/fr\/wp-content\/uploads\/sites\/2\/2024\/04\/image012-e1642085518498-1200x530-1.jpg\" alt=\"\" class=\"wp-image-80820\" srcset=\"https:\/\/www.icscoolenergy.com\/wp-content\/uploads\/sites\/2\/2024\/04\/image012-e1642085518498-1200x530-1.jpg 1200w, https:\/\/www.icscoolenergy.com\/wp-content\/uploads\/sites\/2\/2024\/04\/image012-e1642085518498-1200x530-1-300x133.jpg 300w, https:\/\/www.icscoolenergy.com\/wp-content\/uploads\/sites\/2\/2024\/04\/image012-e1642085518498-1200x530-1-1024x452.jpg 1024w, https:\/\/www.icscoolenergy.com\/wp-content\/uploads\/sites\/2\/2024\/04\/image012-e1642085518498-1200x530-1-768x339.jpg 768w, https:\/\/www.icscoolenergy.com\/wp-content\/uploads\/sites\/2\/2024\/04\/image012-e1642085518498-1200x530-1-50x22.jpg 50w, https:\/\/www.icscoolenergy.com\/wp-content\/uploads\/sites\/2\/2024\/04\/image012-e1642085518498-1200x530-1-600x265.jpg 600w\" sizes=\"auto, (max-width: 1200px) 100vw, 1200px\" \/><\/figure>\n<\/div>\n<\/div><\/div>\n\n<div style=\"height:120px\" aria-hidden=\"true\" class=\" wp-block-spacer eplus-wrapper\"><\/div>\n","protected":false},"excerpt":{"rendered":"<p>SOLUTIONS DE REFROIDISSEMENT ET DE CONTR\u00d4LE DE LA TEMP\u00c9RATURE DES PROCESSUS &#8211; DES SOLUTIONS FIABLES ET PR\u00c9CISES Nos ing\u00e9nieurs form\u00e9s techniquement travailleront en partenariat avec vous pour fournir les solutions de contr\u00f4le de la temp\u00e9rature les plus efficaces pour les exigences de votre processus, les contraintes de votre site et votre budget. Gr\u00e2ce \u00e0 un &#8230; <a title=\"Vente\" class=\"read-more\" href=\"https:\/\/www.icscoolenergy.com\/fr\/vente\/\" aria-label=\"En savoir plus sur Vente\">Lire la suite<\/a><\/p>\n","protected":false},"author":1,"featured_media":0,"parent":0,"menu_order":0,"comment_status":"closed","ping_status":"closed","template":"template-1.php","meta":{"_acf_changed":false,"inline_featured_image":false,"_editorskit_title_hidden":false,"_editorskit_reading_time":0,"_editorskit_is_block_options_detached":false,"_editorskit_block_options_position":"{}","editor_plus_copied_stylings":"{}","footnotes":""},"class_list":["post-121089","page","type-page","status-publish"],"acf":[],"yoast_head":"<!-- This site is optimized with the Yoast SEO Premium plugin v24.5 (Yoast SEO v26.9) - https:\/\/yoast.com\/product\/yoast-seo-premium-wordpress\/ -->\n<title>Vente - French<\/title>\n<meta name=\"robots\" content=\"index, follow, max-snippet:-1, max-image-preview:large, max-video-preview:-1\" \/>\n<link rel=\"canonical\" href=\"https:\/\/www.icscoolenergy.com\/fr\/vente\/\" \/>\n<meta property=\"og:locale\" content=\"fr_FR\" \/>\n<meta property=\"og:type\" content=\"article\" \/>\n<meta property=\"og:title\" content=\"Vente\" \/>\n<meta property=\"og:description\" content=\"SOLUTIONS DE REFROIDISSEMENT ET DE CONTR\u00d4LE DE LA TEMP\u00c9RATURE DES PROCESSUS &#8211; DES SOLUTIONS FIABLES ET PR\u00c9CISES Nos ing\u00e9nieurs form\u00e9s techniquement travailleront en partenariat avec vous pour fournir les solutions de contr\u00f4le de la temp\u00e9rature les plus efficaces pour les exigences de votre processus, les contraintes de votre site et votre budget. Gr\u00e2ce \u00e0 un ... Lire la suite\" \/>\n<meta property=\"og:url\" content=\"https:\/\/www.icscoolenergy.com\/fr\/vente\/\" \/>\n<meta property=\"og:site_name\" content=\"French\" \/>\n<meta property=\"article:modified_time\" content=\"2024-05-09T11:50:21+00:00\" \/>\n<meta property=\"og:image\" content=\"https:\/\/www.icscoolenergy.com\/fr\/wp-content\/uploads\/sites\/2\/2024\/04\/ProcessChillers-Hero-2000x530-1.jpg\" \/>\n<meta name=\"twitter:card\" content=\"summary_large_image\" \/>\n<meta name=\"twitter:label1\" content=\"Est. reading time\" \/>\n\t<meta name=\"twitter:data1\" content=\"2 minutes\" \/>\n<script type=\"application\/ld+json\" class=\"yoast-schema-graph\">{\"@context\":\"https:\/\/schema.org\",\"@graph\":[{\"@type\":\"WebPage\",\"@id\":\"https:\/\/www.icscoolenergy.com\/fr\/vente\/\",\"url\":\"https:\/\/www.icscoolenergy.com\/fr\/vente\/\",\"name\":\"Vente - French\",\"isPartOf\":{\"@id\":\"https:\/\/www.icscoolenergy.com\/fr\/#website\"},\"primaryImageOfPage\":{\"@id\":\"https:\/\/www.icscoolenergy.com\/fr\/vente\/#primaryimage\"},\"image\":{\"@id\":\"https:\/\/www.icscoolenergy.com\/fr\/vente\/#primaryimage\"},\"thumbnailUrl\":\"https:\/\/www.icscoolenergy.com\/fr\/wp-content\/uploads\/sites\/2\/2024\/04\/ProcessChillers-Hero-2000x530-1.jpg\",\"datePublished\":\"2024-04-10T15:20:21+00:00\",\"dateModified\":\"2024-05-09T11:50:21+00:00\",\"breadcrumb\":{\"@id\":\"https:\/\/www.icscoolenergy.com\/fr\/vente\/#breadcrumb\"},\"inLanguage\":\"fr-FR\",\"potentialAction\":[{\"@type\":\"ReadAction\",\"target\":[\"https:\/\/www.icscoolenergy.com\/fr\/vente\/\"]}]},{\"@type\":\"ImageObject\",\"inLanguage\":\"fr-FR\",\"@id\":\"https:\/\/www.icscoolenergy.com\/fr\/vente\/#primaryimage\",\"url\":\"https:\/\/www.icscoolenergy.com\/wp-content\/uploads\/sites\/2\/2024\/04\/ProcessChillers-Hero-2000x530-1.jpg\",\"contentUrl\":\"https:\/\/www.icscoolenergy.com\/wp-content\/uploads\/sites\/2\/2024\/04\/ProcessChillers-Hero-2000x530-1.jpg\",\"width\":2000,\"height\":530},{\"@type\":\"BreadcrumbList\",\"@id\":\"https:\/\/www.icscoolenergy.com\/fr\/vente\/#breadcrumb\",\"itemListElement\":[{\"@type\":\"ListItem\",\"position\":1,\"name\":\"Home\",\"item\":\"https:\/\/www.icscoolenergy.com\/fr\/\"},{\"@type\":\"ListItem\",\"position\":2,\"name\":\"Vente\"}]},{\"@type\":\"WebSite\",\"@id\":\"https:\/\/www.icscoolenergy.com\/fr\/#website\",\"url\":\"https:\/\/www.icscoolenergy.com\/fr\/\",\"name\":\"ICS Cool Energy\",\"description\":\"The Process Temperature Control Specialists\",\"publisher\":{\"@id\":\"https:\/\/www.icscoolenergy.com\/fr\/#organization\"},\"potentialAction\":[{\"@type\":\"SearchAction\",\"target\":{\"@type\":\"EntryPoint\",\"urlTemplate\":\"https:\/\/www.icscoolenergy.com\/fr\/?s={search_term_string}\"},\"query-input\":{\"@type\":\"PropertyValueSpecification\",\"valueRequired\":true,\"valueName\":\"search_term_string\"}}],\"inLanguage\":\"fr-FR\"},{\"@type\":\"Organization\",\"@id\":\"https:\/\/www.icscoolenergy.com\/fr\/#organization\",\"name\":\"ICS Cool Energy\",\"url\":\"https:\/\/www.icscoolenergy.com\/fr\/\",\"logo\":{\"@type\":\"ImageObject\",\"inLanguage\":\"fr-FR\",\"@id\":\"https:\/\/www.icscoolenergy.com\/fr\/#\/schema\/logo\/image\/\",\"url\":\"https:\/\/www.icscoolenergy.com\/wp-content\/uploads\/sites\/2\/2024\/01\/ics-cool-energy-logo.svg\",\"contentUrl\":\"https:\/\/www.icscoolenergy.com\/wp-content\/uploads\/sites\/2\/2024\/01\/ics-cool-energy-logo.svg\",\"caption\":\"ICS Cool Energy\"},\"image\":{\"@id\":\"https:\/\/www.icscoolenergy.com\/fr\/#\/schema\/logo\/image\/\"}}]}<\/script>\n<!-- \/ Yoast SEO Premium plugin. -->","yoast_head_json":{"title":"Vente - French","robots":{"index":"index","follow":"follow","max-snippet":"max-snippet:-1","max-image-preview":"max-image-preview:large","max-video-preview":"max-video-preview:-1"},"canonical":"https:\/\/www.icscoolenergy.com\/fr\/vente\/","og_locale":"fr_FR","og_type":"article","og_title":"Vente","og_description":"SOLUTIONS DE REFROIDISSEMENT ET DE CONTR\u00d4LE DE LA TEMP\u00c9RATURE DES PROCESSUS &#8211; DES SOLUTIONS FIABLES ET PR\u00c9CISES Nos ing\u00e9nieurs form\u00e9s techniquement travailleront en partenariat avec vous pour fournir les solutions de contr\u00f4le de la temp\u00e9rature les plus efficaces pour les exigences de votre processus, les contraintes de votre site et votre budget. Gr\u00e2ce \u00e0 un ... Lire la suite","og_url":"https:\/\/www.icscoolenergy.com\/fr\/vente\/","og_site_name":"French","article_modified_time":"2024-05-09T11:50:21+00:00","og_image":[{"url":"https:\/\/www.icscoolenergy.com\/fr\/wp-content\/uploads\/sites\/2\/2024\/04\/ProcessChillers-Hero-2000x530-1.jpg","type":"","width":"","height":""}],"twitter_card":"summary_large_image","twitter_misc":{"Est. reading time":"2 minutes"},"schema":{"@context":"https:\/\/schema.org","@graph":[{"@type":"WebPage","@id":"https:\/\/www.icscoolenergy.com\/fr\/vente\/","url":"https:\/\/www.icscoolenergy.com\/fr\/vente\/","name":"Vente - French","isPartOf":{"@id":"https:\/\/www.icscoolenergy.com\/fr\/#website"},"primaryImageOfPage":{"@id":"https:\/\/www.icscoolenergy.com\/fr\/vente\/#primaryimage"},"image":{"@id":"https:\/\/www.icscoolenergy.com\/fr\/vente\/#primaryimage"},"thumbnailUrl":"https:\/\/www.icscoolenergy.com\/fr\/wp-content\/uploads\/sites\/2\/2024\/04\/ProcessChillers-Hero-2000x530-1.jpg","datePublished":"2024-04-10T15:20:21+00:00","dateModified":"2024-05-09T11:50:21+00:00","breadcrumb":{"@id":"https:\/\/www.icscoolenergy.com\/fr\/vente\/#breadcrumb"},"inLanguage":"fr-FR","potentialAction":[{"@type":"ReadAction","target":["https:\/\/www.icscoolenergy.com\/fr\/vente\/"]}]},{"@type":"ImageObject","inLanguage":"fr-FR","@id":"https:\/\/www.icscoolenergy.com\/fr\/vente\/#primaryimage","url":"https:\/\/www.icscoolenergy.com\/wp-content\/uploads\/sites\/2\/2024\/04\/ProcessChillers-Hero-2000x530-1.jpg","contentUrl":"https:\/\/www.icscoolenergy.com\/wp-content\/uploads\/sites\/2\/2024\/04\/ProcessChillers-Hero-2000x530-1.jpg","width":2000,"height":530},{"@type":"BreadcrumbList","@id":"https:\/\/www.icscoolenergy.com\/fr\/vente\/#breadcrumb","itemListElement":[{"@type":"ListItem","position":1,"name":"Home","item":"https:\/\/www.icscoolenergy.com\/fr\/"},{"@type":"ListItem","position":2,"name":"Vente"}]},{"@type":"WebSite","@id":"https:\/\/www.icscoolenergy.com\/fr\/#website","url":"https:\/\/www.icscoolenergy.com\/fr\/","name":"ICS Cool Energy","description":"The Process Temperature Control Specialists","publisher":{"@id":"https:\/\/www.icscoolenergy.com\/fr\/#organization"},"potentialAction":[{"@type":"SearchAction","target":{"@type":"EntryPoint","urlTemplate":"https:\/\/www.icscoolenergy.com\/fr\/?s={search_term_string}"},"query-input":{"@type":"PropertyValueSpecification","valueRequired":true,"valueName":"search_term_string"}}],"inLanguage":"fr-FR"},{"@type":"Organization","@id":"https:\/\/www.icscoolenergy.com\/fr\/#organization","name":"ICS Cool Energy","url":"https:\/\/www.icscoolenergy.com\/fr\/","logo":{"@type":"ImageObject","inLanguage":"fr-FR","@id":"https:\/\/www.icscoolenergy.com\/fr\/#\/schema\/logo\/image\/","url":"https:\/\/www.icscoolenergy.com\/wp-content\/uploads\/sites\/2\/2024\/01\/ics-cool-energy-logo.svg","contentUrl":"https:\/\/www.icscoolenergy.com\/wp-content\/uploads\/sites\/2\/2024\/01\/ics-cool-energy-logo.svg","caption":"ICS Cool Energy"},"image":{"@id":"https:\/\/www.icscoolenergy.com\/fr\/#\/schema\/logo\/image\/"}}]}},"_links":{"self":[{"href":"https:\/\/www.icscoolenergy.com\/fr\/wp-json\/wp\/v2\/pages\/121089","targetHints":{"allow":["GET"]}}],"collection":[{"href":"https:\/\/www.icscoolenergy.com\/fr\/wp-json\/wp\/v2\/pages"}],"about":[{"href":"https:\/\/www.icscoolenergy.com\/fr\/wp-json\/wp\/v2\/types\/page"}],"author":[{"embeddable":true,"href":"https:\/\/www.icscoolenergy.com\/fr\/wp-json\/wp\/v2\/users\/1"}],"replies":[{"embeddable":true,"href":"https:\/\/www.icscoolenergy.com\/fr\/wp-json\/wp\/v2\/comments?post=121089"}],"version-history":[{"count":0,"href":"https:\/\/www.icscoolenergy.com\/fr\/wp-json\/wp\/v2\/pages\/121089\/revisions"}],"wp:attachment":[{"href":"https:\/\/www.icscoolenergy.com\/fr\/wp-json\/wp\/v2\/media?parent=121089"}],"curies":[{"name":"wp","href":"https:\/\/api.w.org\/{rel}","templated":true}]}}