 
{"id":121091,"date":"2024-04-03T15:46:44","date_gmt":"2024-04-03T15:46:44","guid":{"rendered":"https:\/\/www.icscoolenergy.com\/fr\/service\/plans\/"},"modified":"2024-06-18T14:10:33","modified_gmt":"2024-06-18T14:10:33","slug":"plans","status":"publish","type":"page","link":"https:\/\/www.icscoolenergy.com\/fr\/service\/plans\/","title":{"rendered":"Plans"},"content":{"rendered":"\n<div class=\"md:relative eplus-wrapper wp-block-group is-layout-flow wp-block-group-is-layout-flow\">\n<div class=\"eplus-wrapper min-h-[150px] mb:min-h-[200px] sm:min-h-[250px] md:min-h-[430px] wp-block-cover\" style=\"min-height:430px;aspect-ratio:unset;\"><span aria-hidden=\"true\" class=\"wp-block-cover__background has-background-dim-0 has-background-dim\" style=\"background-color:#908e8b\"><\/span><img loading=\"lazy\" decoding=\"async\" width=\"2048\" height=\"864\" class=\"wp-block-cover__image-background wp-image-104779\" alt=\"\" src=\"https:\/\/www.icscoolenergy.com\/wp-content\/\/uploads\/sites\/2\/2024\/04\/Contingency-Assets-Hero-scaled-1.jpg\" data-object-fit=\"cover\" srcset=\"https:\/\/www.icscoolenergy.com\/wp-content\/uploads\/sites\/2\/2024\/04\/Contingency-Assets-Hero-scaled-1.jpg 2048w, https:\/\/www.icscoolenergy.com\/wp-content\/uploads\/sites\/2\/2024\/04\/Contingency-Assets-Hero-scaled-1-300x127.jpg 300w, https:\/\/www.icscoolenergy.com\/wp-content\/uploads\/sites\/2\/2024\/04\/Contingency-Assets-Hero-scaled-1-1024x432.jpg 1024w, https:\/\/www.icscoolenergy.com\/wp-content\/uploads\/sites\/2\/2024\/04\/Contingency-Assets-Hero-scaled-1-768x324.jpg 768w, https:\/\/www.icscoolenergy.com\/wp-content\/uploads\/sites\/2\/2024\/04\/Contingency-Assets-Hero-scaled-1-50x21.jpg 50w, https:\/\/www.icscoolenergy.com\/wp-content\/uploads\/sites\/2\/2024\/04\/Contingency-Assets-Hero-scaled-1-1600x675.jpg 1600w, https:\/\/www.icscoolenergy.com\/wp-content\/uploads\/sites\/2\/2024\/04\/Contingency-Assets-Hero-scaled-1-1536x648.jpg 1536w, https:\/\/www.icscoolenergy.com\/wp-content\/uploads\/sites\/2\/2024\/04\/Contingency-Assets-Hero-scaled-1-600x253.jpg 600w\" sizes=\"auto, (max-width: 2048px) 100vw, 2048px\" \/><div class=\"wp-block-cover__inner-container is-layout-flow wp-block-cover-is-layout-flow\">\n<p class=\" has-text-align-center has-large-font-size eplus-wrapper\"><\/p>\n<\/div><\/div>\n\n\n\n<div class=\"rounded-tr-md sm:w-full md:w-[80%] md:h-fit md:top-[80%] relative md:-mt-[10%] z-[1] md:left-0 eplus-wrapper wp-block-group has-background is-layout-constrained wp-block-group-is-layout-constrained\" style=\"background-color:#eaeaef\">\n<h1 class=\"eplus-wrapper pt-8 wp-block-heading has-text-color has-link-color wp-elements-be09c30c11eb9e5bcc5e563001aaf173\" id=\"h-entretien-des-refroidisseurs-et-maintenance-preventive-planifiee\" style=\"color:#312f5f\">ENTRETIEN DES REFROIDISSEURS ET MAINTENANCE PR\u00c9VENTIVE PLANIFI\u00c9E<\/h1>\n\n\n\n<p class=\" eplus-wrapper\">Un entretien r\u00e9gulier et programm\u00e9 est le moyen le plus efficace de garantir que votre installation de contr\u00f4le de la temp\u00e9rature reste op\u00e9rationnelle et efficace pendant toute sa dur\u00e9e de vie maximale.<\/p>\n\n\n\n<p class=\" eplus-wrapper\">La maintenance jouant un r\u00f4le majeur dans le fonctionnement des processus et des installations, il est essentiel qu&rsquo;elle fonctionne efficacement, non seulement pour la sant\u00e9 et la s\u00e9curit\u00e9 des employ\u00e9s, mais aussi pour maximiser les marges b\u00e9n\u00e9ficiaires de l&rsquo;entreprise.<\/p>\n<\/div>\n<\/div>\n\n\n\n<p class=\" eplus-wrapper\"><\/p>\n\n\n\n<h2 class=\" wp-block-heading eplus-wrapper\" id=\"h-plans-de-service\">PLANS DE SERVICE<\/h2>\n\n\n\n<p class=\"has-text-color has-link-color eplus-wrapper wp-elements-29e49bc114fe589155e3e25264fef67f\" style=\"color:#323130\">Nous proposons quatre options de plan de service pour assurer le bon fonctionnement de votre processus :<\/p>\n\n\n\n<figure class=\"is-style-stripes wp-block-table eplus-wrapper\"><table class=\"has-white-background-color has-background\"><tbody><tr><td><\/td><td><img decoding=\"async\" style=\"width: 140px;\" src=\"https:\/\/www.icscoolenergy.com\/wp-content\/uploads\/2024\/04\/Service-Logo_service.svg\" alt=\"\"><\/td><td><img decoding=\"async\" style=\"width: 150px;\" src=\"https:\/\/www.icscoolenergy.com\/wp-content\/uploads\/2024\/04\/Layer_1-2-1.svg\" alt=\"\"><\/td><td><img decoding=\"async\" style=\"width: 140px;\" src=\"https:\/\/www.icscoolenergy.com\/wp-content\/uploads\/2024\/04\/Service-Logo_protect.svg\" alt=\"\"><\/td><td><img decoding=\"async\" style=\"width: 150px;\" src=\"https:\/\/www.icscoolenergy.com\/wp-content\/uploads\/2024\/04\/icsprotectplusicon.svg\" alt=\"\"><\/td><\/tr><tr><td><strong><strong>Visites de maintenance \/ an<\/strong><\/strong><\/td><td>1 visite minimum<\/td><td>2 visites minimum<\/td><td>2 visites minimum<\/td><td>2 visites minimum<\/td><\/tr><tr><td><strong><strong>R\u00e9ponse \u00e0 la panne<\/strong><\/strong><\/td><td>R\u00e9ponse dans les 12 heures \/ le jour m\u00eame<\/td><td>6-8 heures<\/td><td>R\u00e9ponse dans les 12 heures \/ le jour m\u00eame<\/td><td>6-8 heures<\/td><\/tr><tr><td><strong><strong>Pi\u00e8ces couvertes<\/strong><\/strong><\/td><td>Non<\/td><td>Non<\/td><td>Oui<\/td><td>Oui<\/td><\/tr><tr><td><strong><strong>Pi\u00e8ces et main d&rsquo;\u0153uvre couvertes<\/strong><\/strong><\/td><td>Non<\/td><td>Non<\/td><td>Non<\/td><td>Oui<\/td><\/tr><tr><td><strong><strong>Nettoyage chimique du condenseur<\/strong><\/strong><\/td><td>Non<\/td><td>En option<\/td><td>Oui<\/td><td>Oui<\/td><\/tr><tr><td><strong><strong>Analyse de l&rsquo;eau<\/strong><\/strong><\/td><td>Non<\/td><td>En option<\/td><td>Oui<\/td><td>Oui<\/td><\/tr><tr><td><strong><strong>Remise sur les pi\u00e8ces<\/strong><\/strong><\/td><td>10%<\/td><td>15%<\/td><td>N\/A<\/td><td>N\/A<\/td><\/tr><tr><td><strong><strong>Location de courtoisie<\/strong><\/strong><\/td><td>Non<\/td><td>En option<\/td><td>En option<\/td><td>En option<\/td><\/tr><\/tbody><\/table><\/figure>\n\n\n\n<div class=\"wp-block-group eplus-wrapper is-layout-constrained wp-block-group-is-layout-constrained\">\n<p class=\"has-text-color has-link-color eplus-wrapper wp-elements-b0bc7b7eb9befd9fba6689e80f05a718\" style=\"color:#323130\">ICS Protect et ICS Protect+ sont nos plans de service inclusifs, dans le cadre desquels nous vous proposons de devenir votre fournisseur de solutions de service total et de prot\u00e9ger votre investissement dans l&rsquo;installation de contr\u00f4le de la temp\u00e9rature des processus, en tant que strat\u00e9gie simple de r\u00e9duction du stress pour votre entreprise.<\/p>\n\n\n\n<p class=\"has-text-color has-link-color eplus-wrapper wp-elements-c18db986071e285d60c90bb26473e7c1\" style=\"color:#323130\">Il est con\u00e7u pour assurer l&rsquo;efficacit\u00e9 op\u00e9rationnelle, prolonger la dur\u00e9e de vie de vos syst\u00e8mes et vous aider \u00e0 r\u00e9duire les co\u00fbts.<\/p>\n\n\n\n<p class=\"has-text-color has-link-color eplus-wrapper wp-elements-a8986bc06f79950b92b5fb3143d32cd2\" style=\"color:#323130\">Avec un accord ICS Protect, votre \u00e9quipement sera r\u00e9guli\u00e8rement inspect\u00e9, entretenu de mani\u00e8re pr\u00e9ventive et \u00e9talonn\u00e9 de mani\u00e8re appropri\u00e9e. Tout probl\u00e8me potentiel sera corrig\u00e9 avant que quiconque sur votre site n&rsquo;en prenne connaissance.<\/p>\n\n\n\n<p class=\"has-text-color has-link-color eplus-wrapper wp-elements-5b98edba9d24eb5b44e76335f607e3ef\" style=\"color:#323130\">Vous \u00e9liminerez ainsi le risque de <a href=\"https:\/\/www.icscoolenergy.com\/service\/chiller-repair\/\" class=\"ek-link\">r\u00e9parations<\/a> co\u00fbteuses du <a href=\"https:\/\/www.icscoolenergy.com\/service\/chiller-repair\/\" class=\"ek-link\">refroidisseur<\/a> et pourrez pr\u00e9voir vos co\u00fbts de maintenance.<\/p>\n<\/div>\n\n\n\n<div style=\"height:60px\" aria-hidden=\"true\" class=\" wp-block-spacer eplus-wrapper\"><\/div>\n\n\n\n<div class=\"wp-block-group eplus-wrapper is-layout-flow wp-block-group-is-layout-flow\"><div class=\"items-center md:flex xs:grid wp-block-columns eplus-wrapper is-layout-flex wp-container-core-columns-is-layout-9d6595d7 wp-block-columns-is-layout-flex eplus-styles-uid-0b550e\">\n<div class=\"xs:order-2 md:order-2 xs:w-full md:w-6\/12 xs:mb-12 md:mb-0 wp-block-column eplus-wrapper is-layout-flow wp-block-column-is-layout-flow\">\n<figure class=\" wp-block-image size-full is-resized eplus-wrapper\"><img loading=\"lazy\" decoding=\"async\" width=\"720\" height=\"567\" src=\"https:\/\/www.icscoolenergy.com\/fr\/wp-content\/uploads\/sites\/2\/2024\/04\/Service-support.jpg\" alt=\"Soutien au service\" class=\"wp-image-84069\" style=\"width:720px\" srcset=\"https:\/\/www.icscoolenergy.com\/wp-content\/uploads\/sites\/2\/2024\/04\/Service-support.jpg 720w, https:\/\/www.icscoolenergy.com\/wp-content\/uploads\/sites\/2\/2024\/04\/Service-support-300x236.jpg 300w, https:\/\/www.icscoolenergy.com\/wp-content\/uploads\/sites\/2\/2024\/04\/Service-support-50x39.jpg 50w, https:\/\/www.icscoolenergy.com\/wp-content\/uploads\/sites\/2\/2024\/04\/Service-support-600x473.jpg 600w\" sizes=\"auto, (max-width: 720px) 100vw, 720px\" \/><\/figure>\n<\/div>\n\n\n\n<div class=\"xs:order-1 md:order-1 xs:w-full md:w-6\/12 wp-block-column eplus-wrapper is-layout-flow wp-block-column-is-layout-flow\">\n<h3 class=\" wp-block-heading eplus-wrapper\" id=\"h-un-service-d-assistance-auquel-vous-pouvez-faire-confiance\"><strong>UN SERVICE D&rsquo;ASSISTANCE AUQUEL VOUS POUVEZ FAIRE CONFIANCE<\/strong><\/h3>\n\n\n\n<p class=\"has-text-color has-link-color eplus-wrapper wp-elements-118bd8d5e076dec4cbab4916df4ae892\" style=\"color:#323130\">Nous sommes fiers d&rsquo;avoir l&rsquo;une des offres de maintenance pr\u00e9ventive planifi\u00e9e (PPM) les plus compl\u00e8tes de l&rsquo;industrie, avec plus de 100 points de contr\u00f4le, pour toutes les marques et tous les mod\u00e8les d&rsquo;\u00e9quipement de contr\u00f4le de la temp\u00e9rature.<\/p>\n\n\n\n<p class=\"has-text-color has-link-color eplus-wrapper wp-elements-86d4bf40c54c714135d7ec19839ed896\" style=\"color:#323130\">Nous effectuons les contr\u00f4les r\u00e9glementaires habituels des gaz \u00e0 effet de serre fluor\u00e9s, mais nous allons encore plus loin pour nous assurer que votre \u00e9quipement est contr\u00f4l\u00e9 de mani\u00e8re approfondie et qu&rsquo;il b\u00e9n\u00e9ficie d&rsquo;un certificat de bonne sant\u00e9.<\/p>\n\n\n\n<p class=\"has-text-color has-link-color eplus-wrapper wp-elements-1588e77095c01ccd780c48debc8dca50\" style=\"color:#323130\">Nous contr\u00f4lons m\u00eame la qualit\u00e9 de l&rsquo;eau pour nous assurer qu&rsquo;elle reste conforme aux sp\u00e9cifications. Si nous trouvons quelque chose qui ne va pas, nous vous donnons des conseils clairs sur ce que vous devez faire pour remettre l&rsquo;\u00e9quipement en \u00e9tat de fonctionnement, afin de garantir que votre installation reste efficace et qu&rsquo;elle alimente votre processus aussi souvent que vous le faites.<\/p>\n<\/div>\n<\/div><\/div>\n\n\n\n<div style=\"height:62px\" aria-hidden=\"true\" class=\" wp-block-spacer eplus-wrapper\"><\/div>\n\n\n\n<div class=\"mb-20 wp-block-group eplus-wrapper is-layout-flow wp-block-group-is-layout-flow\"><div class=\"is-not-stacked-on-mobile xs:p-8 sm:p-12 rounded-2xl items-center md:flex xs:grid wp-block-columns has-background eplus-wrapper is-layout-flex wp-container-core-columns-is-layout-9d6595d7 wp-block-columns-is-layout-flex eplus-styles-uid-eef5a6\" style=\"background-color:#222143\">\n<div class=\"xs:order-2 md:order-1 xs:w-full md:w-6\/12 wp-block-column eplus-wrapper is-layout-flow wp-block-column-is-layout-flow\">\n<h3 class=\"wp-block-heading has-white-color has-text-color has-link-color eplus-wrapper wp-elements-74087e610413c765febf388ec71ae3fa\" id=\"h-vous-avez-deja-un-plan-de-service\">VOUS AVEZ D\u00c9J\u00c0 UN PLAN DE SERVICE ?<\/h3>\n\n\n\n<p class=\"has-white-color has-text-color has-link-color eplus-wrapper wp-elements-fd27f4944cdca59821afec310aeaf733\">Notre \u00e9quipe d&rsquo;experts en r\u00e9paration de refroidisseurs est pr\u00eate \u00e0 vous aider, vous et votre entreprise, 24 heures sur 24, 7 jours sur 7, 365 jours par an.<\/p>\n\n\n\n<div class=\"wp-block-buttons eplus-wrapper is-layout-flex wp-block-buttons-is-layout-flex\"><div class=\"is-style-fill wp-block-button eplus-wrapper eplus-styles-uid-9c27ef\"><a class=\"wp-block-button__link has-primary-background-color has-background wp-element-button\" href=\"\/?page_id=80094\">R\u00e9servez votre r\u00e9paration<\/a><\/div><\/div>\n<\/div>\n\n\n\n<div class=\"xs:order-1 md:order-2 xs:w-full md:w-6\/12 wp-block-column eplus-wrapper is-layout-flow wp-block-column-is-layout-flow\">\n<figure class=\"ek-rounded-lg wp-block-image aligncenter size-full eplus-wrapper\"><img loading=\"lazy\" decoding=\"async\" width=\"458\" height=\"227\" src=\"https:\/\/www.icscoolenergy.com\/fr\/wp-content\/uploads\/sites\/2\/2024\/03\/Mask-group.png\" alt=\"Fourgon ICS Cool Energy\" class=\"wp-image-78516\" srcset=\"https:\/\/www.icscoolenergy.com\/wp-content\/uploads\/sites\/2\/2024\/03\/Mask-group.png 458w, https:\/\/www.icscoolenergy.com\/wp-content\/uploads\/sites\/2\/2024\/03\/Mask-group-300x149.png 300w\" sizes=\"auto, (max-width: 458px) 100vw, 458px\" \/><\/figure>\n<\/div>\n<\/div><\/div>\n\n\n\n<div style=\"height:62px\" aria-hidden=\"true\" class=\" wp-block-spacer eplus-wrapper\"><\/div>\n","protected":false},"excerpt":{"rendered":"<p>ENTRETIEN DES REFROIDISSEURS ET MAINTENANCE PR\u00c9VENTIVE PLANIFI\u00c9E Un entretien r\u00e9gulier et programm\u00e9 est le moyen le plus efficace de garantir que votre installation de contr\u00f4le de la temp\u00e9rature reste op\u00e9rationnelle et efficace pendant toute sa dur\u00e9e de vie maximale. La maintenance jouant un r\u00f4le majeur dans le fonctionnement des processus et des installations, il est &#8230; <a title=\"Plans\" class=\"read-more\" href=\"https:\/\/www.icscoolenergy.com\/fr\/service\/plans\/\" aria-label=\"En savoir plus sur Plans\">Lire la suite<\/a><\/p>\n","protected":false},"author":1,"featured_media":0,"parent":121058,"menu_order":0,"comment_status":"closed","ping_status":"closed","template":"template-1.php","meta":{"_acf_changed":false,"inline_featured_image":false,"_editorskit_title_hidden":false,"_editorskit_reading_time":0,"_editorskit_is_block_options_detached":false,"_editorskit_block_options_position":"{}","editor_plus_copied_stylings":"{}","footnotes":""},"class_list":["post-121091","page","type-page","status-publish"],"acf":[],"yoast_head":"<!-- This site is optimized with the Yoast SEO Premium plugin v24.5 (Yoast SEO v26.9) - https:\/\/yoast.com\/product\/yoast-seo-premium-wordpress\/ -->\n<title>Plans - French<\/title>\n<meta name=\"robots\" content=\"index, follow, max-snippet:-1, max-image-preview:large, max-video-preview:-1\" \/>\n<link rel=\"canonical\" href=\"https:\/\/www.icscoolenergy.com\/fr\/service\/plans\/\" \/>\n<meta property=\"og:locale\" content=\"fr_FR\" \/>\n<meta property=\"og:type\" content=\"article\" \/>\n<meta property=\"og:title\" content=\"Plans\" \/>\n<meta property=\"og:description\" content=\"ENTRETIEN DES REFROIDISSEURS ET MAINTENANCE PR\u00c9VENTIVE PLANIFI\u00c9E Un entretien r\u00e9gulier et programm\u00e9 est le moyen le plus efficace de garantir que votre installation de contr\u00f4le de la temp\u00e9rature reste op\u00e9rationnelle et efficace pendant toute sa dur\u00e9e de vie maximale. La maintenance jouant un r\u00f4le majeur dans le fonctionnement des processus et des installations, il est ... Lire la suite\" \/>\n<meta property=\"og:url\" content=\"https:\/\/www.icscoolenergy.com\/fr\/service\/plans\/\" \/>\n<meta property=\"og:site_name\" content=\"French\" \/>\n<meta property=\"article:modified_time\" content=\"2024-06-18T14:10:33+00:00\" \/>\n<meta property=\"og:image\" content=\"https:\/\/www.icscoolenergy.com\/wp-content\/\/uploads\/sites\/2\/2024\/04\/Contingency-Assets-Hero-scaled-1.jpg\" \/>\n<meta name=\"twitter:card\" content=\"summary_large_image\" \/>\n<meta name=\"twitter:label1\" content=\"Est. reading time\" \/>\n\t<meta name=\"twitter:data1\" content=\"4 minutes\" \/>\n<script type=\"application\/ld+json\" class=\"yoast-schema-graph\">{\"@context\":\"https:\/\/schema.org\",\"@graph\":[{\"@type\":\"WebPage\",\"@id\":\"https:\/\/www.icscoolenergy.com\/fr\/service\/plans\/\",\"url\":\"https:\/\/www.icscoolenergy.com\/fr\/service\/plans\/\",\"name\":\"Plans - French\",\"isPartOf\":{\"@id\":\"https:\/\/www.icscoolenergy.com\/fr\/#website\"},\"primaryImageOfPage\":{\"@id\":\"https:\/\/www.icscoolenergy.com\/fr\/service\/plans\/#primaryimage\"},\"image\":{\"@id\":\"https:\/\/www.icscoolenergy.com\/fr\/service\/plans\/#primaryimage\"},\"thumbnailUrl\":\"https:\/\/www.icscoolenergy.com\/wp-content\/\/uploads\/sites\/2\/2024\/04\/Contingency-Assets-Hero-scaled-1.jpg\",\"datePublished\":\"2024-04-03T15:46:44+00:00\",\"dateModified\":\"2024-06-18T14:10:33+00:00\",\"breadcrumb\":{\"@id\":\"https:\/\/www.icscoolenergy.com\/fr\/service\/plans\/#breadcrumb\"},\"inLanguage\":\"fr-FR\",\"potentialAction\":[{\"@type\":\"ReadAction\",\"target\":[\"https:\/\/www.icscoolenergy.com\/fr\/service\/plans\/\"]}]},{\"@type\":\"ImageObject\",\"inLanguage\":\"fr-FR\",\"@id\":\"https:\/\/www.icscoolenergy.com\/fr\/service\/plans\/#primaryimage\",\"url\":\"https:\/\/www.icscoolenergy.com\/wp-content\/\/uploads\/sites\/2\/2024\/04\/Contingency-Assets-Hero-scaled-1.jpg\",\"contentUrl\":\"https:\/\/www.icscoolenergy.com\/wp-content\/\/uploads\/sites\/2\/2024\/04\/Contingency-Assets-Hero-scaled-1.jpg\"},{\"@type\":\"BreadcrumbList\",\"@id\":\"https:\/\/www.icscoolenergy.com\/fr\/service\/plans\/#breadcrumb\",\"itemListElement\":[{\"@type\":\"ListItem\",\"position\":1,\"name\":\"Home\",\"item\":\"https:\/\/www.icscoolenergy.com\/fr\/\"},{\"@type\":\"ListItem\",\"position\":2,\"name\":\"Service\",\"item\":\"https:\/\/www.icscoolenergy.com\/fr\/service\/\"},{\"@type\":\"ListItem\",\"position\":3,\"name\":\"Plans\"}]},{\"@type\":\"WebSite\",\"@id\":\"https:\/\/www.icscoolenergy.com\/fr\/#website\",\"url\":\"https:\/\/www.icscoolenergy.com\/fr\/\",\"name\":\"ICS Cool Energy\",\"description\":\"The Process Temperature Control Specialists\",\"publisher\":{\"@id\":\"https:\/\/www.icscoolenergy.com\/fr\/#organization\"},\"potentialAction\":[{\"@type\":\"SearchAction\",\"target\":{\"@type\":\"EntryPoint\",\"urlTemplate\":\"https:\/\/www.icscoolenergy.com\/fr\/?s={search_term_string}\"},\"query-input\":{\"@type\":\"PropertyValueSpecification\",\"valueRequired\":true,\"valueName\":\"search_term_string\"}}],\"inLanguage\":\"fr-FR\"},{\"@type\":\"Organization\",\"@id\":\"https:\/\/www.icscoolenergy.com\/fr\/#organization\",\"name\":\"ICS Cool Energy\",\"url\":\"https:\/\/www.icscoolenergy.com\/fr\/\",\"logo\":{\"@type\":\"ImageObject\",\"inLanguage\":\"fr-FR\",\"@id\":\"https:\/\/www.icscoolenergy.com\/fr\/#\/schema\/logo\/image\/\",\"url\":\"https:\/\/www.icscoolenergy.com\/wp-content\/uploads\/sites\/2\/2024\/01\/ics-cool-energy-logo.svg\",\"contentUrl\":\"https:\/\/www.icscoolenergy.com\/wp-content\/uploads\/sites\/2\/2024\/01\/ics-cool-energy-logo.svg\",\"caption\":\"ICS Cool Energy\"},\"image\":{\"@id\":\"https:\/\/www.icscoolenergy.com\/fr\/#\/schema\/logo\/image\/\"}}]}<\/script>\n<!-- \/ Yoast SEO Premium plugin. -->","yoast_head_json":{"title":"Plans - French","robots":{"index":"index","follow":"follow","max-snippet":"max-snippet:-1","max-image-preview":"max-image-preview:large","max-video-preview":"max-video-preview:-1"},"canonical":"https:\/\/www.icscoolenergy.com\/fr\/service\/plans\/","og_locale":"fr_FR","og_type":"article","og_title":"Plans","og_description":"ENTRETIEN DES REFROIDISSEURS ET MAINTENANCE PR\u00c9VENTIVE PLANIFI\u00c9E Un entretien r\u00e9gulier et programm\u00e9 est le moyen le plus efficace de garantir que votre installation de contr\u00f4le de la temp\u00e9rature reste op\u00e9rationnelle et efficace pendant toute sa dur\u00e9e de vie maximale. La maintenance jouant un r\u00f4le majeur dans le fonctionnement des processus et des installations, il est ... Lire la suite","og_url":"https:\/\/www.icscoolenergy.com\/fr\/service\/plans\/","og_site_name":"French","article_modified_time":"2024-06-18T14:10:33+00:00","og_image":[{"url":"https:\/\/www.icscoolenergy.com\/wp-content\/\/uploads\/sites\/2\/2024\/04\/Contingency-Assets-Hero-scaled-1.jpg","type":"","width":"","height":""}],"twitter_card":"summary_large_image","twitter_misc":{"Est. reading time":"4 minutes"},"schema":{"@context":"https:\/\/schema.org","@graph":[{"@type":"WebPage","@id":"https:\/\/www.icscoolenergy.com\/fr\/service\/plans\/","url":"https:\/\/www.icscoolenergy.com\/fr\/service\/plans\/","name":"Plans - French","isPartOf":{"@id":"https:\/\/www.icscoolenergy.com\/fr\/#website"},"primaryImageOfPage":{"@id":"https:\/\/www.icscoolenergy.com\/fr\/service\/plans\/#primaryimage"},"image":{"@id":"https:\/\/www.icscoolenergy.com\/fr\/service\/plans\/#primaryimage"},"thumbnailUrl":"https:\/\/www.icscoolenergy.com\/wp-content\/\/uploads\/sites\/2\/2024\/04\/Contingency-Assets-Hero-scaled-1.jpg","datePublished":"2024-04-03T15:46:44+00:00","dateModified":"2024-06-18T14:10:33+00:00","breadcrumb":{"@id":"https:\/\/www.icscoolenergy.com\/fr\/service\/plans\/#breadcrumb"},"inLanguage":"fr-FR","potentialAction":[{"@type":"ReadAction","target":["https:\/\/www.icscoolenergy.com\/fr\/service\/plans\/"]}]},{"@type":"ImageObject","inLanguage":"fr-FR","@id":"https:\/\/www.icscoolenergy.com\/fr\/service\/plans\/#primaryimage","url":"https:\/\/www.icscoolenergy.com\/wp-content\/\/uploads\/sites\/2\/2024\/04\/Contingency-Assets-Hero-scaled-1.jpg","contentUrl":"https:\/\/www.icscoolenergy.com\/wp-content\/\/uploads\/sites\/2\/2024\/04\/Contingency-Assets-Hero-scaled-1.jpg"},{"@type":"BreadcrumbList","@id":"https:\/\/www.icscoolenergy.com\/fr\/service\/plans\/#breadcrumb","itemListElement":[{"@type":"ListItem","position":1,"name":"Home","item":"https:\/\/www.icscoolenergy.com\/fr\/"},{"@type":"ListItem","position":2,"name":"Service","item":"https:\/\/www.icscoolenergy.com\/fr\/service\/"},{"@type":"ListItem","position":3,"name":"Plans"}]},{"@type":"WebSite","@id":"https:\/\/www.icscoolenergy.com\/fr\/#website","url":"https:\/\/www.icscoolenergy.com\/fr\/","name":"ICS Cool Energy","description":"The Process Temperature Control Specialists","publisher":{"@id":"https:\/\/www.icscoolenergy.com\/fr\/#organization"},"potentialAction":[{"@type":"SearchAction","target":{"@type":"EntryPoint","urlTemplate":"https:\/\/www.icscoolenergy.com\/fr\/?s={search_term_string}"},"query-input":{"@type":"PropertyValueSpecification","valueRequired":true,"valueName":"search_term_string"}}],"inLanguage":"fr-FR"},{"@type":"Organization","@id":"https:\/\/www.icscoolenergy.com\/fr\/#organization","name":"ICS Cool Energy","url":"https:\/\/www.icscoolenergy.com\/fr\/","logo":{"@type":"ImageObject","inLanguage":"fr-FR","@id":"https:\/\/www.icscoolenergy.com\/fr\/#\/schema\/logo\/image\/","url":"https:\/\/www.icscoolenergy.com\/wp-content\/uploads\/sites\/2\/2024\/01\/ics-cool-energy-logo.svg","contentUrl":"https:\/\/www.icscoolenergy.com\/wp-content\/uploads\/sites\/2\/2024\/01\/ics-cool-energy-logo.svg","caption":"ICS Cool Energy"},"image":{"@id":"https:\/\/www.icscoolenergy.com\/fr\/#\/schema\/logo\/image\/"}}]}},"_links":{"self":[{"href":"https:\/\/www.icscoolenergy.com\/fr\/wp-json\/wp\/v2\/pages\/121091","targetHints":{"allow":["GET"]}}],"collection":[{"href":"https:\/\/www.icscoolenergy.com\/fr\/wp-json\/wp\/v2\/pages"}],"about":[{"href":"https:\/\/www.icscoolenergy.com\/fr\/wp-json\/wp\/v2\/types\/page"}],"author":[{"embeddable":true,"href":"https:\/\/www.icscoolenergy.com\/fr\/wp-json\/wp\/v2\/users\/1"}],"replies":[{"embeddable":true,"href":"https:\/\/www.icscoolenergy.com\/fr\/wp-json\/wp\/v2\/comments?post=121091"}],"version-history":[{"count":0,"href":"https:\/\/www.icscoolenergy.com\/fr\/wp-json\/wp\/v2\/pages\/121091\/revisions"}],"up":[{"embeddable":true,"href":"https:\/\/www.icscoolenergy.com\/fr\/wp-json\/wp\/v2\/pages\/121058"}],"wp:attachment":[{"href":"https:\/\/www.icscoolenergy.com\/fr\/wp-json\/wp\/v2\/media?parent=121091"}],"curies":[{"name":"wp","href":"https:\/\/api.w.org\/{rel}","templated":true}]}}