 
{"id":121094,"date":"2024-04-09T14:34:29","date_gmt":"2024-04-09T14:34:29","guid":{"rendered":"https:\/\/www.icscoolenergy.com\/fr\/a-propos-de-nous\/conditions-dutilisation\/"},"modified":"2024-08-30T07:53:37","modified_gmt":"2024-08-30T07:53:37","slug":"conditions-dutilisation","status":"publish","type":"page","link":"https:\/\/www.icscoolenergy.com\/fr\/a-propos-de-nous\/conditions-dutilisation\/","title":{"rendered":"Conditions d&rsquo;utilisation"},"content":{"rendered":"\n<div class=\"mb-8 eplus-wrapper wp-block-group is-layout-flow wp-block-group-is-layout-flow\">\n<div style=\"height:43px\" aria-hidden=\"true\" class=\"xs:hidden md:block eplus-wrapper wp-block-spacer\"><\/div>\n<\/div>\n\n\n\n<div class=\"flex flex-row flex-wrap md:flex-nowrap sm:justify-center sm:items-center wp-block-group eplus-wrapper is-layout-constrained wp-block-group-is-layout-constrained\">\n<div class=\"w-full p-2 m-2 wp-block-group eplus-wrapper is-vertical is-layout-flex wp-container-core-group-is-layout-8cf370e7 wp-block-group-is-layout-flex\">\n<h1 class=\" wp-block-heading eplus-wrapper\" id=\"h-conditions-d-utilisation-du-site-web\">CONDITIONS D&rsquo;UTILISATION DU SITE WEB<\/h1>\n\n\n\n<div style=\"height:8px\" aria-hidden=\"true\" class=\"wp-block-spacer eplus-wrapper wp-container-content-7d115344\"><\/div>\n\n\n\n<p class=\"has-text-color has-link-color eplus-wrapper wp-elements-2239c3128e64def355055a14690bf2a1\" style=\"color:#323130\">Bienvenue sur le site web d&rsquo;ICS Cool Energy.<\/p>\n\n\n\n<p class=\"has-text-color has-link-color eplus-wrapper wp-elements-dbb8834723bfbbcc18b1985e2c73cc7c\" style=\"color:#323130\">Si vous continuez \u00e0 naviguer et \u00e0 utiliser ce site web, vous acceptez de vous conformer et d&rsquo;\u00eatre li\u00e9 aux conditions d&rsquo;utilisation suivantes, qui, avec notre politique de confidentialit\u00e9, r\u00e9gissent les relations entre ICS Cool Energy et vous en ce qui concerne ce site web. Si vous n&rsquo;\u00eates pas d&rsquo;accord avec une quelconque partie de ces conditions g\u00e9n\u00e9rales, veuillez ne pas utiliser notre site web.<\/p>\n\n\n\n<p class=\"has-text-color has-link-color eplus-wrapper wp-elements-56c7e490e5eb3721e8ee2c938e71e59b\" style=\"color:#323130\">Le terme \u00ab\u00a0ICS Cool Energy\u00a0\u00bb ou \u00ab\u00a0nous\u00a0\u00bb fait r\u00e9f\u00e9rence au propri\u00e9taire du site web dont le si\u00e8ge social est ICS House, Stephenson Road, Calmore Industrial Estate, Totton, Southampton SO40 3SA. Notre num\u00e9ro d&rsquo;enregistrement est 05509182. Le terme \u00ab\u00a0vous\u00a0\u00bb d\u00e9signe l&rsquo;utilisateur ou le spectateur de notre site web.<\/p>\n\n\n\n<p class=\"has-text-color has-link-color eplus-wrapper wp-elements-bb3eda088b0e5eaba9f5c89f59622fbd\" style=\"color:#323130\">L&rsquo;utilisation de ce site web est soumise aux conditions d&rsquo;utilisation suivantes :<\/p>\n\n\n<ul class=\"eplus-wrapper wp-block-list eplus-styles-uid-7c0093\"><li class=\" eplus-wrapper eplus-styles-uid-d57e6b\">Le contenu des pages de ce site web est destin\u00e9 \u00e0 votre information et \u00e0 votre utilisation g\u00e9n\u00e9rales uniquement. Il est susceptible d&rsquo;\u00eatre modifi\u00e9 sans pr\u00e9avis.<\/li>\n\n<li class=\" eplus-wrapper eplus-styles-uid-d57e6b\">Ce site web utilise des cookies pour surveiller les pr\u00e9f\u00e9rences de navigation. Si vous autorisez l&rsquo;utilisation de cookies, les informations personnelles peuvent \u00eatre stock\u00e9es par nous et utilis\u00e9es par nous.<\/li>\n\n<li class=\" eplus-wrapper eplus-styles-uid-d57e6b\">Nous ne fournissons aucune garantie quant \u00e0 l&rsquo;exactitude, l&rsquo;actualit\u00e9, la performance, l&rsquo;exhaustivit\u00e9 ou l&rsquo;ad\u00e9quation des informations et du mat\u00e9riel trouv\u00e9s ou propos\u00e9s sur ce site web \u00e0 des fins particuli\u00e8res. Vous reconnaissez que ces informations et documents peuvent contenir des inexactitudes ou des erreurs et nous excluons express\u00e9ment toute responsabilit\u00e9 pour de telles inexactitudes ou erreurs dans toute la mesure permise par la loi.<\/li>\n\n<li class=\" eplus-wrapper eplus-styles-uid-d57e6b\">L&rsquo;utilisation de toute information ou de tout mat\u00e9riel sur ce site web est enti\u00e8rement \u00e0 vos risques et p\u00e9rils, et nous n&rsquo;en sommes pas responsables. Il est de votre responsabilit\u00e9 de vous assurer que les produits, services ou informations disponibles sur ce site r\u00e9pondent \u00e0 vos besoins sp\u00e9cifiques.<\/li>\n\n<li class=\" eplus-wrapper eplus-styles-uid-d57e6b\">Ce site web contient du mat\u00e9riel qui nous appartient ou que nous utilisons sous licence. Ce mat\u00e9riel comprend, sans s&rsquo;y limiter, la conception, la mise en page, l&rsquo;aspect, l&rsquo;apparence et les graphiques. La reproduction est interdite si elle n&rsquo;est pas conforme \u00e0 l&rsquo;avis de droit d&rsquo;auteur, qui fait partie des pr\u00e9sentes conditions g\u00e9n\u00e9rales.<\/li>\n\n<li class=\" eplus-wrapper eplus-styles-uid-d57e6b\">Toutes les marques reproduites sur ce site web qui ne sont pas la propri\u00e9t\u00e9 de l&rsquo;op\u00e9rateur ou qui ne lui ont pas \u00e9t\u00e9 conc\u00e9d\u00e9es sous licence sont mentionn\u00e9es sur le site web.<\/li>\n\n<li class=\" eplus-wrapper eplus-styles-uid-d57e6b\">L&rsquo;utilisation non autoris\u00e9e de ce site web peut donner lieu \u00e0 une demande de dommages-int\u00e9r\u00eats et\/ou constituer une infraction p\u00e9nale.<\/li>\n\n<li class=\" eplus-wrapper eplus-styles-uid-d57e6b\">De temps \u00e0 autre, ce site web peut \u00e9galement inclure des liens vers d&rsquo;autres sites web. Ces liens sont fournis pour votre commodit\u00e9 afin d&rsquo;obtenir de plus amples informations. Ils ne signifient pas que nous approuvons le(s) site(s) web. Nous ne sommes pas responsables du contenu des sites web li\u00e9s.<\/li>\n\n<li class=\" eplus-wrapper eplus-styles-uid-d57e6b\">Votre utilisation de ce site web et tout litige d\u00e9coulant de cette utilisation sont soumis aux lois de l&rsquo;Angleterre, de l&rsquo;Irlande du Nord, de l&rsquo;\u00c9cosse et du Pays de Galles.<\/li><\/ul><\/div>\n<\/div>\n\n\n\n<div style=\"height:60px\" aria-hidden=\"true\" class=\" wp-block-spacer eplus-wrapper\"><\/div>\n\n\n\n<div class=\"px-0 pt-12 pb-8 wp-block-group eplus-wrapper is-layout-flow wp-block-group-is-layout-flow\"><div class=\"p-0 is-not-stacked-on-mbile has-background rounded-2xl items-center lg:flex xs:grid wp-block-columns eplus-wrapper is-layout-flex wp-container-core-columns-is-layout-9d6595d7 wp-block-columns-is-layout-flex eplus-styles-uid-78a65a\" style=\"background-color:#eaeaef\">\n<div class=\"wp-block-column eplus-wrapper is-layout-flow wp-block-column-is-layout-flow\">\n<h2 class=\"mb-12 wp-block-heading has-text-align-left eplus-wrapper\" id=\"h-termes-et-conditions-telechargements\">TERMES ET CONDITIONS &#8211; T\u00c9L\u00c9CHARGEMENTS<\/h2>\n\n\n\n<div class=\"gap-x-8 md:grid md:grid-rows-auto md:auto md:grid-cols-2 xs:block justify-between wp-block-group eplus-wrapper is-layout-flow wp-block-group-is-layout-flow\"><div class=\"download_div flex justify-between w-full py-6 sm:px-10 xs:px-6  rounded wp-block-file has-white-background-color has-background eplus-wrapper eplus-styles-uid-87c690\"><a id=\"wp-block-file--media-114be661-f6b3-4620-ab0b-d3a626bd490a\" href=\"https:\/\/www.icscoolenergy.com\/fr\/wp-content\/uploads\/sites\/2\/2024\/04\/Terms-Conditions-for-Goods-Services-017-formatted-for-CRM.pdf\" target=\"_blank\" rel=\"noreferrer noopener\"><strong>Conditions g\u00e9n\u00e9rales d&rsquo;utilisation des biens et services<\/strong><br>PDF (EN ANGLAIS)<\/a><a href=\"https:\/\/www.icscoolenergy.com\/fr\/wp-content\/uploads\/sites\/2\/2024\/04\/Terms-Conditions-for-Goods-Services-017-formatted-for-CRM.pdf\" class=\"wp-block-file__button wp-element-button\" download aria-describedby=\"wp-block-file--media-114be661-f6b3-4620-ab0b-d3a626bd490a\"><img decoding=\"async\" class=\"wp-image-79903\" style=\"width: 26px;\" src=\"https:\/\/icsdevelopment.wpenginepowered.com\/wp-content\/uploads\/sites\/2\/2024\/03\/Group.svg\" alt=\"\"><span class=\"eplus-icon\"><span data-style=\"{\" enabled=\"\" style=\"border-radius:0px;\" class=\"eplus-icon\"><\/span><\/span> <\/a><\/div>\n\n<div class=\"download_div flex justify-between w-full py-6 sm:px-10 xs:px-6  rounded wp-block-file has-white-background-color has-background eplus-wrapper eplus-styles-uid-87c690\"><a id=\"wp-block-file--media-114be661-f6b3-4620-ab0b-d3a626bd490a\" href=\"https:\/\/www.icscoolenergy.com\/fr\/wp-content\/uploads\/sites\/2\/2024\/04\/UK-ICS-Cool-Energy-Hire-TCs-2022-11.pdf\" target=\"_blank\" rel=\"noreferrer noopener\"><strong>Conditions de location<\/strong><br>PDF (EN ANGLAIS)<\/a><a href=\"https:\/\/www.icscoolenergy.com\/fr\/wp-content\/uploads\/sites\/2\/2024\/04\/UK-ICS-Cool-Energy-Hire-TCs-2022-11.pdf\" class=\"wp-block-file__button wp-element-button\" download aria-describedby=\"wp-block-file--media-114be661-f6b3-4620-ab0b-d3a626bd490a\"><img decoding=\"async\" class=\"wp-image-79903\" style=\"width: 26px;\" src=\"https:\/\/icsdevelopment.wpenginepowered.com\/wp-content\/uploads\/sites\/2\/2024\/03\/Group.svg\" alt=\"\"><span class=\"eplus-icon\"><span data-style=\"{\" enabled=\"\" style=\"border-radius:0px;\" class=\"eplus-icon\"><\/span><\/span> <\/a><\/div>\n\n<div class=\"download_div flex justify-between w-full py-6 sm:px-10 xs:px-6  rounded wp-block-file has-white-background-color has-background eplus-wrapper eplus-styles-uid-87c690\"><a id=\"wp-block-file--media-114be661-f6b3-4620-ab0b-d3a626bd490a\" href=\"https:\/\/www.icscoolenergy.com\/fr\/wp-content\/uploads\/sites\/2\/2024\/04\/Terms-and-Conditions-for-Purchase-of-Goods-and-Services-1.pdf\" target=\"_blank\" rel=\"noreferrer noopener\"><strong>Conditions g\u00e9n\u00e9rales d&rsquo;achat de biens et de services<\/strong><br>PDF (EN ANGLAIS)<\/a><a href=\"https:\/\/www.icscoolenergy.com\/fr\/wp-content\/uploads\/sites\/2\/2024\/04\/Terms-and-Conditions-for-Purchase-of-Goods-and-Services-1.pdf\" class=\"wp-block-file__button wp-element-button\" download aria-describedby=\"wp-block-file--media-114be661-f6b3-4620-ab0b-d3a626bd490a\"><img decoding=\"async\" class=\"wp-image-79903\" style=\"width: 26px;\" src=\"https:\/\/icsdevelopment.wpenginepowered.com\/wp-content\/uploads\/sites\/2\/2024\/03\/Group.svg\" alt=\"\"><span class=\"eplus-icon\"><span data-style=\"{\" enabled=\"\" style=\"border-radius:0px;\" class=\"eplus-icon\"><\/span><\/span> <\/a><\/div><\/div>\n<\/div>\n<\/div><\/div>\n\n\n\n<div style=\"height:120px\" aria-hidden=\"true\" class=\" wp-block-spacer eplus-wrapper\"><\/div>\n","protected":false},"excerpt":{"rendered":"<p>CONDITIONS D&rsquo;UTILISATION DU SITE WEB Bienvenue sur le site web d&rsquo;ICS Cool Energy. Si vous continuez \u00e0 naviguer et \u00e0 utiliser ce site web, vous acceptez de vous conformer et d&rsquo;\u00eatre li\u00e9 aux conditions d&rsquo;utilisation suivantes, qui, avec notre politique de confidentialit\u00e9, r\u00e9gissent les relations entre ICS Cool Energy et vous en ce qui concerne &#8230; <a title=\"Conditions d&rsquo;utilisation\" class=\"read-more\" href=\"https:\/\/www.icscoolenergy.com\/fr\/a-propos-de-nous\/conditions-dutilisation\/\" aria-label=\"En savoir plus sur Conditions d&rsquo;utilisation\">Lire la suite<\/a><\/p>\n","protected":false},"author":1,"featured_media":0,"parent":121048,"menu_order":0,"comment_status":"closed","ping_status":"closed","template":"template-1.php","meta":{"_acf_changed":false,"inline_featured_image":false,"_editorskit_title_hidden":false,"_editorskit_reading_time":0,"_editorskit_is_block_options_detached":false,"_editorskit_block_options_position":"{}","editor_plus_copied_stylings":"{}","footnotes":""},"class_list":["post-121094","page","type-page","status-publish"],"acf":[],"yoast_head":"<!-- This site is optimized with the Yoast SEO Premium plugin v24.5 (Yoast SEO v26.9) - https:\/\/yoast.com\/product\/yoast-seo-premium-wordpress\/ -->\n<title>Conditions d&#039;utilisation - French<\/title>\n<meta name=\"robots\" content=\"index, follow, max-snippet:-1, max-image-preview:large, max-video-preview:-1\" \/>\n<link rel=\"canonical\" href=\"https:\/\/www.icscoolenergy.com\/fr\/a-propos-de-nous\/conditions-dutilisation\/\" \/>\n<meta property=\"og:locale\" content=\"fr_FR\" \/>\n<meta property=\"og:type\" content=\"article\" \/>\n<meta property=\"og:title\" content=\"Conditions d&#039;utilisation\" \/>\n<meta property=\"og:description\" content=\"CONDITIONS D&rsquo;UTILISATION DU SITE WEB Bienvenue sur le site web d&rsquo;ICS Cool Energy. Si vous continuez \u00e0 naviguer et \u00e0 utiliser ce site web, vous acceptez de vous conformer et d&rsquo;\u00eatre li\u00e9 aux conditions d&rsquo;utilisation suivantes, qui, avec notre politique de confidentialit\u00e9, r\u00e9gissent les relations entre ICS Cool Energy et vous en ce qui concerne ... Lire la suite\" \/>\n<meta property=\"og:url\" content=\"https:\/\/www.icscoolenergy.com\/fr\/a-propos-de-nous\/conditions-dutilisation\/\" \/>\n<meta property=\"og:site_name\" content=\"French\" \/>\n<meta property=\"article:modified_time\" content=\"2024-08-30T07:53:37+00:00\" \/>\n<meta property=\"og:image\" content=\"https:\/\/icsdevelopment.wpenginepowered.com\/wp-content\/uploads\/sites\/2\/2024\/03\/Group.svg\" \/>\n<meta name=\"twitter:card\" content=\"summary_large_image\" \/>\n<meta name=\"twitter:label1\" content=\"Est. reading time\" \/>\n\t<meta name=\"twitter:data1\" content=\"3 minutes\" \/>\n<script type=\"application\/ld+json\" class=\"yoast-schema-graph\">{\"@context\":\"https:\/\/schema.org\",\"@graph\":[{\"@type\":\"WebPage\",\"@id\":\"https:\/\/www.icscoolenergy.com\/fr\/a-propos-de-nous\/conditions-dutilisation\/\",\"url\":\"https:\/\/www.icscoolenergy.com\/fr\/a-propos-de-nous\/conditions-dutilisation\/\",\"name\":\"Conditions d'utilisation - French\",\"isPartOf\":{\"@id\":\"https:\/\/www.icscoolenergy.com\/fr\/#website\"},\"primaryImageOfPage\":{\"@id\":\"https:\/\/www.icscoolenergy.com\/fr\/a-propos-de-nous\/conditions-dutilisation\/#primaryimage\"},\"image\":{\"@id\":\"https:\/\/www.icscoolenergy.com\/fr\/a-propos-de-nous\/conditions-dutilisation\/#primaryimage\"},\"thumbnailUrl\":\"https:\/\/icsdevelopment.wpenginepowered.com\/wp-content\/uploads\/sites\/2\/2024\/03\/Group.svg\",\"datePublished\":\"2024-04-09T14:34:29+00:00\",\"dateModified\":\"2024-08-30T07:53:37+00:00\",\"breadcrumb\":{\"@id\":\"https:\/\/www.icscoolenergy.com\/fr\/a-propos-de-nous\/conditions-dutilisation\/#breadcrumb\"},\"inLanguage\":\"fr-FR\",\"potentialAction\":[{\"@type\":\"ReadAction\",\"target\":[\"https:\/\/www.icscoolenergy.com\/fr\/a-propos-de-nous\/conditions-dutilisation\/\"]}]},{\"@type\":\"ImageObject\",\"inLanguage\":\"fr-FR\",\"@id\":\"https:\/\/www.icscoolenergy.com\/fr\/a-propos-de-nous\/conditions-dutilisation\/#primaryimage\",\"url\":\"https:\/\/icsdevelopment.wpenginepowered.com\/wp-content\/uploads\/sites\/2\/2024\/03\/Group.svg\",\"contentUrl\":\"https:\/\/icsdevelopment.wpenginepowered.com\/wp-content\/uploads\/sites\/2\/2024\/03\/Group.svg\"},{\"@type\":\"BreadcrumbList\",\"@id\":\"https:\/\/www.icscoolenergy.com\/fr\/a-propos-de-nous\/conditions-dutilisation\/#breadcrumb\",\"itemListElement\":[{\"@type\":\"ListItem\",\"position\":1,\"name\":\"Home\",\"item\":\"https:\/\/www.icscoolenergy.com\/fr\/\"},{\"@type\":\"ListItem\",\"position\":2,\"name\":\"A propos de nous\",\"item\":\"https:\/\/www.icscoolenergy.com\/fr\/a-propos-de-nous\/\"},{\"@type\":\"ListItem\",\"position\":3,\"name\":\"Conditions d&#8217;utilisation\"}]},{\"@type\":\"WebSite\",\"@id\":\"https:\/\/www.icscoolenergy.com\/fr\/#website\",\"url\":\"https:\/\/www.icscoolenergy.com\/fr\/\",\"name\":\"ICS Cool Energy\",\"description\":\"The Process Temperature Control Specialists\",\"publisher\":{\"@id\":\"https:\/\/www.icscoolenergy.com\/fr\/#organization\"},\"potentialAction\":[{\"@type\":\"SearchAction\",\"target\":{\"@type\":\"EntryPoint\",\"urlTemplate\":\"https:\/\/www.icscoolenergy.com\/fr\/?s={search_term_string}\"},\"query-input\":{\"@type\":\"PropertyValueSpecification\",\"valueRequired\":true,\"valueName\":\"search_term_string\"}}],\"inLanguage\":\"fr-FR\"},{\"@type\":\"Organization\",\"@id\":\"https:\/\/www.icscoolenergy.com\/fr\/#organization\",\"name\":\"ICS Cool Energy\",\"url\":\"https:\/\/www.icscoolenergy.com\/fr\/\",\"logo\":{\"@type\":\"ImageObject\",\"inLanguage\":\"fr-FR\",\"@id\":\"https:\/\/www.icscoolenergy.com\/fr\/#\/schema\/logo\/image\/\",\"url\":\"https:\/\/www.icscoolenergy.com\/wp-content\/uploads\/sites\/2\/2024\/01\/ics-cool-energy-logo.svg\",\"contentUrl\":\"https:\/\/www.icscoolenergy.com\/wp-content\/uploads\/sites\/2\/2024\/01\/ics-cool-energy-logo.svg\",\"caption\":\"ICS Cool Energy\"},\"image\":{\"@id\":\"https:\/\/www.icscoolenergy.com\/fr\/#\/schema\/logo\/image\/\"}}]}<\/script>\n<!-- \/ Yoast SEO Premium plugin. -->","yoast_head_json":{"title":"Conditions d'utilisation - French","robots":{"index":"index","follow":"follow","max-snippet":"max-snippet:-1","max-image-preview":"max-image-preview:large","max-video-preview":"max-video-preview:-1"},"canonical":"https:\/\/www.icscoolenergy.com\/fr\/a-propos-de-nous\/conditions-dutilisation\/","og_locale":"fr_FR","og_type":"article","og_title":"Conditions d'utilisation","og_description":"CONDITIONS D&rsquo;UTILISATION DU SITE WEB Bienvenue sur le site web d&rsquo;ICS Cool Energy. Si vous continuez \u00e0 naviguer et \u00e0 utiliser ce site web, vous acceptez de vous conformer et d&rsquo;\u00eatre li\u00e9 aux conditions d&rsquo;utilisation suivantes, qui, avec notre politique de confidentialit\u00e9, r\u00e9gissent les relations entre ICS Cool Energy et vous en ce qui concerne ... Lire la suite","og_url":"https:\/\/www.icscoolenergy.com\/fr\/a-propos-de-nous\/conditions-dutilisation\/","og_site_name":"French","article_modified_time":"2024-08-30T07:53:37+00:00","og_image":[{"url":"https:\/\/icsdevelopment.wpenginepowered.com\/wp-content\/uploads\/sites\/2\/2024\/03\/Group.svg","type":"","width":"","height":""}],"twitter_card":"summary_large_image","twitter_misc":{"Est. reading time":"3 minutes"},"schema":{"@context":"https:\/\/schema.org","@graph":[{"@type":"WebPage","@id":"https:\/\/www.icscoolenergy.com\/fr\/a-propos-de-nous\/conditions-dutilisation\/","url":"https:\/\/www.icscoolenergy.com\/fr\/a-propos-de-nous\/conditions-dutilisation\/","name":"Conditions d'utilisation - French","isPartOf":{"@id":"https:\/\/www.icscoolenergy.com\/fr\/#website"},"primaryImageOfPage":{"@id":"https:\/\/www.icscoolenergy.com\/fr\/a-propos-de-nous\/conditions-dutilisation\/#primaryimage"},"image":{"@id":"https:\/\/www.icscoolenergy.com\/fr\/a-propos-de-nous\/conditions-dutilisation\/#primaryimage"},"thumbnailUrl":"https:\/\/icsdevelopment.wpenginepowered.com\/wp-content\/uploads\/sites\/2\/2024\/03\/Group.svg","datePublished":"2024-04-09T14:34:29+00:00","dateModified":"2024-08-30T07:53:37+00:00","breadcrumb":{"@id":"https:\/\/www.icscoolenergy.com\/fr\/a-propos-de-nous\/conditions-dutilisation\/#breadcrumb"},"inLanguage":"fr-FR","potentialAction":[{"@type":"ReadAction","target":["https:\/\/www.icscoolenergy.com\/fr\/a-propos-de-nous\/conditions-dutilisation\/"]}]},{"@type":"ImageObject","inLanguage":"fr-FR","@id":"https:\/\/www.icscoolenergy.com\/fr\/a-propos-de-nous\/conditions-dutilisation\/#primaryimage","url":"https:\/\/icsdevelopment.wpenginepowered.com\/wp-content\/uploads\/sites\/2\/2024\/03\/Group.svg","contentUrl":"https:\/\/icsdevelopment.wpenginepowered.com\/wp-content\/uploads\/sites\/2\/2024\/03\/Group.svg"},{"@type":"BreadcrumbList","@id":"https:\/\/www.icscoolenergy.com\/fr\/a-propos-de-nous\/conditions-dutilisation\/#breadcrumb","itemListElement":[{"@type":"ListItem","position":1,"name":"Home","item":"https:\/\/www.icscoolenergy.com\/fr\/"},{"@type":"ListItem","position":2,"name":"A propos de nous","item":"https:\/\/www.icscoolenergy.com\/fr\/a-propos-de-nous\/"},{"@type":"ListItem","position":3,"name":"Conditions d&#8217;utilisation"}]},{"@type":"WebSite","@id":"https:\/\/www.icscoolenergy.com\/fr\/#website","url":"https:\/\/www.icscoolenergy.com\/fr\/","name":"ICS Cool Energy","description":"The Process Temperature Control Specialists","publisher":{"@id":"https:\/\/www.icscoolenergy.com\/fr\/#organization"},"potentialAction":[{"@type":"SearchAction","target":{"@type":"EntryPoint","urlTemplate":"https:\/\/www.icscoolenergy.com\/fr\/?s={search_term_string}"},"query-input":{"@type":"PropertyValueSpecification","valueRequired":true,"valueName":"search_term_string"}}],"inLanguage":"fr-FR"},{"@type":"Organization","@id":"https:\/\/www.icscoolenergy.com\/fr\/#organization","name":"ICS Cool Energy","url":"https:\/\/www.icscoolenergy.com\/fr\/","logo":{"@type":"ImageObject","inLanguage":"fr-FR","@id":"https:\/\/www.icscoolenergy.com\/fr\/#\/schema\/logo\/image\/","url":"https:\/\/www.icscoolenergy.com\/wp-content\/uploads\/sites\/2\/2024\/01\/ics-cool-energy-logo.svg","contentUrl":"https:\/\/www.icscoolenergy.com\/wp-content\/uploads\/sites\/2\/2024\/01\/ics-cool-energy-logo.svg","caption":"ICS Cool Energy"},"image":{"@id":"https:\/\/www.icscoolenergy.com\/fr\/#\/schema\/logo\/image\/"}}]}},"_links":{"self":[{"href":"https:\/\/www.icscoolenergy.com\/fr\/wp-json\/wp\/v2\/pages\/121094","targetHints":{"allow":["GET"]}}],"collection":[{"href":"https:\/\/www.icscoolenergy.com\/fr\/wp-json\/wp\/v2\/pages"}],"about":[{"href":"https:\/\/www.icscoolenergy.com\/fr\/wp-json\/wp\/v2\/types\/page"}],"author":[{"embeddable":true,"href":"https:\/\/www.icscoolenergy.com\/fr\/wp-json\/wp\/v2\/users\/1"}],"replies":[{"embeddable":true,"href":"https:\/\/www.icscoolenergy.com\/fr\/wp-json\/wp\/v2\/comments?post=121094"}],"version-history":[{"count":0,"href":"https:\/\/www.icscoolenergy.com\/fr\/wp-json\/wp\/v2\/pages\/121094\/revisions"}],"up":[{"embeddable":true,"href":"https:\/\/www.icscoolenergy.com\/fr\/wp-json\/wp\/v2\/pages\/121048"}],"wp:attachment":[{"href":"https:\/\/www.icscoolenergy.com\/fr\/wp-json\/wp\/v2\/media?parent=121094"}],"curies":[{"name":"wp","href":"https:\/\/api.w.org\/{rel}","templated":true}]}}