 
{"id":121096,"date":"2024-04-05T16:26:18","date_gmt":"2024-04-05T16:26:18","guid":{"rendered":"https:\/\/www.icscoolenergy.com\/fr\/service\/variateurs-de-vitesse\/"},"modified":"2024-06-18T14:00:44","modified_gmt":"2024-06-18T14:00:44","slug":"variateurs-de-vitesse","status":"publish","type":"page","link":"https:\/\/www.icscoolenergy.com\/fr\/service\/variateurs-de-vitesse\/","title":{"rendered":"Variateurs de vitesse"},"content":{"rendered":"\n<div class=\"md:relative eplus-wrapper wp-block-group is-layout-flow wp-block-group-is-layout-flow\">\n<div class=\"eplus-wrapper min-h-[150px] mb:min-h-[200px] sm:min-h-[250px] md:min-h-[430px] wp-block-cover is-light\" style=\"min-height:430px;aspect-ratio:unset;\"><span aria-hidden=\"true\" class=\"wp-block-cover__background has-background-dim-0 has-background-dim\" style=\"background-color:#908e8b\"><\/span><img loading=\"lazy\" decoding=\"async\" width=\"2242\" height=\"946\" class=\"wp-block-cover__image-background wp-image-106995\" alt=\"\" src=\"https:\/\/www.icscoolenergy.com\/wp-content\/\/uploads\/sites\/2\/2024\/04\/FreeCoolingSolutions-HERO.jpg\" data-object-fit=\"cover\" srcset=\"https:\/\/www.icscoolenergy.com\/wp-content\/uploads\/sites\/2\/2024\/04\/FreeCoolingSolutions-HERO.jpg 2242w, https:\/\/www.icscoolenergy.com\/wp-content\/uploads\/sites\/2\/2024\/04\/FreeCoolingSolutions-HERO-300x127.jpg 300w, https:\/\/www.icscoolenergy.com\/wp-content\/uploads\/sites\/2\/2024\/04\/FreeCoolingSolutions-HERO-1024x432.jpg 1024w, https:\/\/www.icscoolenergy.com\/wp-content\/uploads\/sites\/2\/2024\/04\/FreeCoolingSolutions-HERO-768x324.jpg 768w, https:\/\/www.icscoolenergy.com\/wp-content\/uploads\/sites\/2\/2024\/04\/FreeCoolingSolutions-HERO-50x21.jpg 50w, https:\/\/www.icscoolenergy.com\/wp-content\/uploads\/sites\/2\/2024\/04\/FreeCoolingSolutions-HERO-1600x675.jpg 1600w, https:\/\/www.icscoolenergy.com\/wp-content\/uploads\/sites\/2\/2024\/04\/FreeCoolingSolutions-HERO-1536x648.jpg 1536w, https:\/\/www.icscoolenergy.com\/wp-content\/uploads\/sites\/2\/2024\/04\/FreeCoolingSolutions-HERO-2048x864.jpg 2048w, https:\/\/www.icscoolenergy.com\/wp-content\/uploads\/sites\/2\/2024\/04\/FreeCoolingSolutions-HERO-600x253.jpg 600w\" sizes=\"auto, (max-width: 2242px) 100vw, 2242px\" \/><div class=\"wp-block-cover__inner-container is-layout-flow wp-block-cover-is-layout-flow\">\n<p class=\" has-text-align-center has-large-font-size eplus-wrapper\"><\/p>\n<\/div><\/div>\n\n\n\n<div class=\"rounded-tr-md sm:w-full md:w-[80%] md:h-fit md:top-[80%] relative md:-mt-[10%] z-[1] md:left-0 eplus-wrapper wp-block-group has-background is-layout-constrained wp-block-group-is-layout-constrained\" style=\"background-color:#eaeaef\">\n<h1 class=\"eplus-wrapper pt-8 wp-block-heading has-text-color has-link-color wp-elements-ff846f97511691a419940298e9c9c1cc\" id=\"h-variateurs-de-vitesse\" style=\"color:#312f5f\">VARIATEURS DE VITESSE<\/h1>\n\n\n\n<p class=\" eplus-wrapper\">Le contr\u00f4le des flux d&rsquo;air et d&rsquo;eau dans les syst\u00e8mes de r\u00e9gulation de la temp\u00e9rature des proc\u00e9d\u00e9s est un moyen efficace et permanent de r\u00e9pondre aux exigences en constante \u00e9volution d&rsquo;un syst\u00e8me et d&rsquo;en am\u00e9liorer l&rsquo;efficacit\u00e9.<\/p>\n\n\n\n<p class=\" eplus-wrapper\">Nous pouvons installer un variateur de vitesse ou VSD (un syst\u00e8me \u00e9lectrique\/\u00e9lectronique qui permet de faire varier \u00e0 l&rsquo;infini la vitesse des moteurs \u00e0 induction \u00e0 courant alternatif).<\/p>\n\n\n\n<p class=\" eplus-wrapper\">Les VSD peuvent \u00eatre install\u00e9s pour r\u00e9pondre \u00e0 des exigences de d\u00e9bit variables ou simplement pour am\u00e9liorer l&rsquo;efficacit\u00e9 \u00e9nerg\u00e9tique. Le retour sur investissement d&rsquo;un syst\u00e8me install\u00e9 peut \u00eatre de 6 mois seulement.<\/p>\n\n\n\n<div class=\"wp-block-buttons eplus-wrapper is-layout-flex wp-block-buttons-is-layout-flex\"><div class=\" ep-custom-buttons-icon wp-block-button eplus-wrapper eplus-styles-uid-0141ae\"><a class=\"wp-block-button__link has-background wp-element-button\" href=\"tel:08008404210\" style=\"background-color:#ef4138\">Renseignez-vous maintenant : 0800 840 4210<\/a><\/div><\/div>\n<\/div>\n<\/div>\n\n\n\n<p class=\" eplus-wrapper\"><\/p>\n\n\n\n<div class=\"flex flex-row flex-wrap md:flex-nowrap sm:justify-center sm:items-center wp-block-group eplus-wrapper is-layout-constrained wp-block-group-is-layout-constrained\">\n<div class=\"w-full p-2 m-2 wp-block-group eplus-wrapper is-vertical is-layout-flex wp-container-core-group-is-layout-8cf370e7 wp-block-group-is-layout-flex\">\n<p class=\" eplus-wrapper\">En installant un variateur de vitesse (VSD) &#8211; un syst\u00e8me \u00e9lectrique\/\u00e9lectronique qui permet de faire varier \u00e0 l&rsquo;infini la vitesse des moteurs \u00e0 induction \u00e0 courant alternatif &#8211; vous pouvez r\u00e9pondre aux exigences de d\u00e9bit variables du syst\u00e8me ou simplement accro\u00eetre l&rsquo;efficacit\u00e9 \u00e9nerg\u00e9tique.<\/p>\n\n\n<ul class=\"eplus-wrapper wp-block-list eplus-styles-uid-760ef9\">\n<li class=\" eplus-wrapper\">\n<\/ul>\n\n\n<p class=\" eplus-wrapper\">Les technologies \u00e0 vitesse variable sont appliqu\u00e9es par les fabricants de <a href=\"https:\/\/www.icscoolenergy.com\/hire\/chiller-hire\/\">refroidisseurs \u00e0<\/a> l&rsquo;ensemble de leurs gammes de produits, mais la technologie VSD peut \u00e9galement \u00eatre install\u00e9e sur des refroidisseurs existants, ce qui en fait une excellente option pour les entreprises qui cherchent \u00e0 am\u00e9liorer l&rsquo;efficacit\u00e9 et \u00e0 r\u00e9duire la consommation d&rsquo;\u00e9nergie de leurs syst\u00e8mes de refroidissement.<\/p>\n\n\n\n<p class=\" eplus-wrapper\">L&rsquo;adaptation de la technologie VSD \u00e0 un refroidisseur existant implique l&rsquo;installation d&rsquo;un variateur VSD entre le moteur et l&rsquo;alimentation \u00e9lectrique. Le variateur VSD ajuste la vitesse du moteur en fonction de la charge de refroidissement, r\u00e9duisant ainsi la consommation d&rsquo;\u00e9nergie et les co\u00fbts.<\/p>\n\n\n\n<p class=\" eplus-wrapper\">Le retour sur investissement d&rsquo;un syst\u00e8me VSD install\u00e9 peut \u00eatre de 4 \u00e0 6 mois seulement.<\/p>\n\n\n\n<div style=\"height:8px\" aria-hidden=\"true\" class=\"wp-block-spacer eplus-wrapper wp-container-content-7d115344\"><\/div>\n<\/div>\n<\/div>\n\n\n\n<div style=\"height:60px\" aria-hidden=\"true\" class=\" wp-block-spacer eplus-wrapper\"><\/div>\n\n\n\n<figure class=\" wp-block-image aligncenter size-large eplus-wrapper\"><img loading=\"lazy\" decoding=\"async\" width=\"1024\" height=\"460\" src=\"https:\/\/www.icscoolenergy.com\/fr\/wp-content\/uploads\/sites\/2\/2024\/04\/VSD-Payback-1024x460.jpg\" alt=\"\" class=\"wp-image-80185\" srcset=\"https:\/\/www.icscoolenergy.com\/wp-content\/uploads\/sites\/2\/2024\/04\/VSD-Payback-1024x460.jpg 1024w, https:\/\/www.icscoolenergy.com\/wp-content\/uploads\/sites\/2\/2024\/04\/VSD-Payback-300x135.jpg 300w, https:\/\/www.icscoolenergy.com\/wp-content\/uploads\/sites\/2\/2024\/04\/VSD-Payback-768x345.jpg 768w, https:\/\/www.icscoolenergy.com\/wp-content\/uploads\/sites\/2\/2024\/04\/VSD-Payback-50x22.jpg 50w, https:\/\/www.icscoolenergy.com\/wp-content\/uploads\/sites\/2\/2024\/04\/VSD-Payback-600x270.jpg 600w, https:\/\/www.icscoolenergy.com\/wp-content\/uploads\/sites\/2\/2024\/04\/VSD-Payback.jpg 1519w\" sizes=\"auto, (max-width: 1024px) 100vw, 1024px\" \/><\/figure>\n\n\n\n<div style=\"height:60px\" aria-hidden=\"true\" class=\" wp-block-spacer eplus-wrapper\"><\/div>\n","protected":false},"excerpt":{"rendered":"<p>VARIATEURS DE VITESSE Le contr\u00f4le des flux d&rsquo;air et d&rsquo;eau dans les syst\u00e8mes de r\u00e9gulation de la temp\u00e9rature des proc\u00e9d\u00e9s est un moyen efficace et permanent de r\u00e9pondre aux exigences en constante \u00e9volution d&rsquo;un syst\u00e8me et d&rsquo;en am\u00e9liorer l&rsquo;efficacit\u00e9. Nous pouvons installer un variateur de vitesse ou VSD (un syst\u00e8me \u00e9lectrique\/\u00e9lectronique qui permet de faire &#8230; <a title=\"Variateurs de vitesse\" class=\"read-more\" href=\"https:\/\/www.icscoolenergy.com\/fr\/service\/variateurs-de-vitesse\/\" aria-label=\"En savoir plus sur Variateurs de vitesse\">Lire la suite<\/a><\/p>\n","protected":false},"author":1,"featured_media":0,"parent":121058,"menu_order":0,"comment_status":"closed","ping_status":"closed","template":"template-1.php","meta":{"_acf_changed":false,"inline_featured_image":false,"_editorskit_title_hidden":false,"_editorskit_reading_time":0,"_editorskit_is_block_options_detached":false,"_editorskit_block_options_position":"{}","editor_plus_copied_stylings":"{}","footnotes":""},"class_list":["post-121096","page","type-page","status-publish"],"acf":[],"yoast_head":"<!-- This site is optimized with the Yoast SEO Premium plugin v24.5 (Yoast SEO v26.9) - https:\/\/yoast.com\/product\/yoast-seo-premium-wordpress\/ -->\n<title>Variateurs de vitesse - French<\/title>\n<meta name=\"robots\" content=\"index, follow, max-snippet:-1, max-image-preview:large, max-video-preview:-1\" \/>\n<link rel=\"canonical\" href=\"https:\/\/www.icscoolenergy.com\/fr\/service\/variateurs-de-vitesse\/\" \/>\n<meta property=\"og:locale\" content=\"fr_FR\" \/>\n<meta property=\"og:type\" content=\"article\" \/>\n<meta property=\"og:title\" content=\"Variateurs de vitesse\" \/>\n<meta property=\"og:description\" content=\"VARIATEURS DE VITESSE Le contr\u00f4le des flux d&rsquo;air et d&rsquo;eau dans les syst\u00e8mes de r\u00e9gulation de la temp\u00e9rature des proc\u00e9d\u00e9s est un moyen efficace et permanent de r\u00e9pondre aux exigences en constante \u00e9volution d&rsquo;un syst\u00e8me et d&rsquo;en am\u00e9liorer l&rsquo;efficacit\u00e9. Nous pouvons installer un variateur de vitesse ou VSD (un syst\u00e8me \u00e9lectrique\/\u00e9lectronique qui permet de faire ... Lire la suite\" \/>\n<meta property=\"og:url\" content=\"https:\/\/www.icscoolenergy.com\/fr\/service\/variateurs-de-vitesse\/\" \/>\n<meta property=\"og:site_name\" content=\"French\" \/>\n<meta property=\"article:modified_time\" content=\"2024-06-18T14:00:44+00:00\" \/>\n<meta property=\"og:image\" content=\"https:\/\/www.icscoolenergy.com\/wp-content\/\/uploads\/sites\/2\/2024\/04\/FreeCoolingSolutions-HERO.jpg\" \/>\n<meta name=\"twitter:card\" content=\"summary_large_image\" \/>\n<meta name=\"twitter:label1\" content=\"Est. reading time\" \/>\n\t<meta name=\"twitter:data1\" content=\"2 minutes\" \/>\n<script type=\"application\/ld+json\" class=\"yoast-schema-graph\">{\"@context\":\"https:\/\/schema.org\",\"@graph\":[{\"@type\":\"WebPage\",\"@id\":\"https:\/\/www.icscoolenergy.com\/fr\/service\/variateurs-de-vitesse\/\",\"url\":\"https:\/\/www.icscoolenergy.com\/fr\/service\/variateurs-de-vitesse\/\",\"name\":\"Variateurs de vitesse - French\",\"isPartOf\":{\"@id\":\"https:\/\/www.icscoolenergy.com\/fr\/#website\"},\"primaryImageOfPage\":{\"@id\":\"https:\/\/www.icscoolenergy.com\/fr\/service\/variateurs-de-vitesse\/#primaryimage\"},\"image\":{\"@id\":\"https:\/\/www.icscoolenergy.com\/fr\/service\/variateurs-de-vitesse\/#primaryimage\"},\"thumbnailUrl\":\"https:\/\/www.icscoolenergy.com\/wp-content\/\/uploads\/sites\/2\/2024\/04\/FreeCoolingSolutions-HERO.jpg\",\"datePublished\":\"2024-04-05T16:26:18+00:00\",\"dateModified\":\"2024-06-18T14:00:44+00:00\",\"breadcrumb\":{\"@id\":\"https:\/\/www.icscoolenergy.com\/fr\/service\/variateurs-de-vitesse\/#breadcrumb\"},\"inLanguage\":\"fr-FR\",\"potentialAction\":[{\"@type\":\"ReadAction\",\"target\":[\"https:\/\/www.icscoolenergy.com\/fr\/service\/variateurs-de-vitesse\/\"]}]},{\"@type\":\"ImageObject\",\"inLanguage\":\"fr-FR\",\"@id\":\"https:\/\/www.icscoolenergy.com\/fr\/service\/variateurs-de-vitesse\/#primaryimage\",\"url\":\"https:\/\/www.icscoolenergy.com\/wp-content\/\/uploads\/sites\/2\/2024\/04\/FreeCoolingSolutions-HERO.jpg\",\"contentUrl\":\"https:\/\/www.icscoolenergy.com\/wp-content\/\/uploads\/sites\/2\/2024\/04\/FreeCoolingSolutions-HERO.jpg\"},{\"@type\":\"BreadcrumbList\",\"@id\":\"https:\/\/www.icscoolenergy.com\/fr\/service\/variateurs-de-vitesse\/#breadcrumb\",\"itemListElement\":[{\"@type\":\"ListItem\",\"position\":1,\"name\":\"Home\",\"item\":\"https:\/\/www.icscoolenergy.com\/fr\/\"},{\"@type\":\"ListItem\",\"position\":2,\"name\":\"Service\",\"item\":\"https:\/\/www.icscoolenergy.com\/fr\/service\/\"},{\"@type\":\"ListItem\",\"position\":3,\"name\":\"Variateurs de vitesse\"}]},{\"@type\":\"WebSite\",\"@id\":\"https:\/\/www.icscoolenergy.com\/fr\/#website\",\"url\":\"https:\/\/www.icscoolenergy.com\/fr\/\",\"name\":\"ICS Cool Energy\",\"description\":\"The Process Temperature Control Specialists\",\"publisher\":{\"@id\":\"https:\/\/www.icscoolenergy.com\/fr\/#organization\"},\"potentialAction\":[{\"@type\":\"SearchAction\",\"target\":{\"@type\":\"EntryPoint\",\"urlTemplate\":\"https:\/\/www.icscoolenergy.com\/fr\/?s={search_term_string}\"},\"query-input\":{\"@type\":\"PropertyValueSpecification\",\"valueRequired\":true,\"valueName\":\"search_term_string\"}}],\"inLanguage\":\"fr-FR\"},{\"@type\":\"Organization\",\"@id\":\"https:\/\/www.icscoolenergy.com\/fr\/#organization\",\"name\":\"ICS Cool Energy\",\"url\":\"https:\/\/www.icscoolenergy.com\/fr\/\",\"logo\":{\"@type\":\"ImageObject\",\"inLanguage\":\"fr-FR\",\"@id\":\"https:\/\/www.icscoolenergy.com\/fr\/#\/schema\/logo\/image\/\",\"url\":\"https:\/\/www.icscoolenergy.com\/wp-content\/uploads\/sites\/2\/2024\/01\/ics-cool-energy-logo.svg\",\"contentUrl\":\"https:\/\/www.icscoolenergy.com\/wp-content\/uploads\/sites\/2\/2024\/01\/ics-cool-energy-logo.svg\",\"caption\":\"ICS Cool Energy\"},\"image\":{\"@id\":\"https:\/\/www.icscoolenergy.com\/fr\/#\/schema\/logo\/image\/\"}}]}<\/script>\n<!-- \/ Yoast SEO Premium plugin. -->","yoast_head_json":{"title":"Variateurs de vitesse - French","robots":{"index":"index","follow":"follow","max-snippet":"max-snippet:-1","max-image-preview":"max-image-preview:large","max-video-preview":"max-video-preview:-1"},"canonical":"https:\/\/www.icscoolenergy.com\/fr\/service\/variateurs-de-vitesse\/","og_locale":"fr_FR","og_type":"article","og_title":"Variateurs de vitesse","og_description":"VARIATEURS DE VITESSE Le contr\u00f4le des flux d&rsquo;air et d&rsquo;eau dans les syst\u00e8mes de r\u00e9gulation de la temp\u00e9rature des proc\u00e9d\u00e9s est un moyen efficace et permanent de r\u00e9pondre aux exigences en constante \u00e9volution d&rsquo;un syst\u00e8me et d&rsquo;en am\u00e9liorer l&rsquo;efficacit\u00e9. Nous pouvons installer un variateur de vitesse ou VSD (un syst\u00e8me \u00e9lectrique\/\u00e9lectronique qui permet de faire ... Lire la suite","og_url":"https:\/\/www.icscoolenergy.com\/fr\/service\/variateurs-de-vitesse\/","og_site_name":"French","article_modified_time":"2024-06-18T14:00:44+00:00","og_image":[{"url":"https:\/\/www.icscoolenergy.com\/wp-content\/\/uploads\/sites\/2\/2024\/04\/FreeCoolingSolutions-HERO.jpg","type":"","width":"","height":""}],"twitter_card":"summary_large_image","twitter_misc":{"Est. reading time":"2 minutes"},"schema":{"@context":"https:\/\/schema.org","@graph":[{"@type":"WebPage","@id":"https:\/\/www.icscoolenergy.com\/fr\/service\/variateurs-de-vitesse\/","url":"https:\/\/www.icscoolenergy.com\/fr\/service\/variateurs-de-vitesse\/","name":"Variateurs de vitesse - French","isPartOf":{"@id":"https:\/\/www.icscoolenergy.com\/fr\/#website"},"primaryImageOfPage":{"@id":"https:\/\/www.icscoolenergy.com\/fr\/service\/variateurs-de-vitesse\/#primaryimage"},"image":{"@id":"https:\/\/www.icscoolenergy.com\/fr\/service\/variateurs-de-vitesse\/#primaryimage"},"thumbnailUrl":"https:\/\/www.icscoolenergy.com\/wp-content\/\/uploads\/sites\/2\/2024\/04\/FreeCoolingSolutions-HERO.jpg","datePublished":"2024-04-05T16:26:18+00:00","dateModified":"2024-06-18T14:00:44+00:00","breadcrumb":{"@id":"https:\/\/www.icscoolenergy.com\/fr\/service\/variateurs-de-vitesse\/#breadcrumb"},"inLanguage":"fr-FR","potentialAction":[{"@type":"ReadAction","target":["https:\/\/www.icscoolenergy.com\/fr\/service\/variateurs-de-vitesse\/"]}]},{"@type":"ImageObject","inLanguage":"fr-FR","@id":"https:\/\/www.icscoolenergy.com\/fr\/service\/variateurs-de-vitesse\/#primaryimage","url":"https:\/\/www.icscoolenergy.com\/wp-content\/\/uploads\/sites\/2\/2024\/04\/FreeCoolingSolutions-HERO.jpg","contentUrl":"https:\/\/www.icscoolenergy.com\/wp-content\/\/uploads\/sites\/2\/2024\/04\/FreeCoolingSolutions-HERO.jpg"},{"@type":"BreadcrumbList","@id":"https:\/\/www.icscoolenergy.com\/fr\/service\/variateurs-de-vitesse\/#breadcrumb","itemListElement":[{"@type":"ListItem","position":1,"name":"Home","item":"https:\/\/www.icscoolenergy.com\/fr\/"},{"@type":"ListItem","position":2,"name":"Service","item":"https:\/\/www.icscoolenergy.com\/fr\/service\/"},{"@type":"ListItem","position":3,"name":"Variateurs de vitesse"}]},{"@type":"WebSite","@id":"https:\/\/www.icscoolenergy.com\/fr\/#website","url":"https:\/\/www.icscoolenergy.com\/fr\/","name":"ICS Cool Energy","description":"The Process Temperature Control Specialists","publisher":{"@id":"https:\/\/www.icscoolenergy.com\/fr\/#organization"},"potentialAction":[{"@type":"SearchAction","target":{"@type":"EntryPoint","urlTemplate":"https:\/\/www.icscoolenergy.com\/fr\/?s={search_term_string}"},"query-input":{"@type":"PropertyValueSpecification","valueRequired":true,"valueName":"search_term_string"}}],"inLanguage":"fr-FR"},{"@type":"Organization","@id":"https:\/\/www.icscoolenergy.com\/fr\/#organization","name":"ICS Cool Energy","url":"https:\/\/www.icscoolenergy.com\/fr\/","logo":{"@type":"ImageObject","inLanguage":"fr-FR","@id":"https:\/\/www.icscoolenergy.com\/fr\/#\/schema\/logo\/image\/","url":"https:\/\/www.icscoolenergy.com\/wp-content\/uploads\/sites\/2\/2024\/01\/ics-cool-energy-logo.svg","contentUrl":"https:\/\/www.icscoolenergy.com\/wp-content\/uploads\/sites\/2\/2024\/01\/ics-cool-energy-logo.svg","caption":"ICS Cool Energy"},"image":{"@id":"https:\/\/www.icscoolenergy.com\/fr\/#\/schema\/logo\/image\/"}}]}},"_links":{"self":[{"href":"https:\/\/www.icscoolenergy.com\/fr\/wp-json\/wp\/v2\/pages\/121096","targetHints":{"allow":["GET"]}}],"collection":[{"href":"https:\/\/www.icscoolenergy.com\/fr\/wp-json\/wp\/v2\/pages"}],"about":[{"href":"https:\/\/www.icscoolenergy.com\/fr\/wp-json\/wp\/v2\/types\/page"}],"author":[{"embeddable":true,"href":"https:\/\/www.icscoolenergy.com\/fr\/wp-json\/wp\/v2\/users\/1"}],"replies":[{"embeddable":true,"href":"https:\/\/www.icscoolenergy.com\/fr\/wp-json\/wp\/v2\/comments?post=121096"}],"version-history":[{"count":0,"href":"https:\/\/www.icscoolenergy.com\/fr\/wp-json\/wp\/v2\/pages\/121096\/revisions"}],"up":[{"embeddable":true,"href":"https:\/\/www.icscoolenergy.com\/fr\/wp-json\/wp\/v2\/pages\/121058"}],"wp:attachment":[{"href":"https:\/\/www.icscoolenergy.com\/fr\/wp-json\/wp\/v2\/media?parent=121096"}],"curies":[{"name":"wp","href":"https:\/\/api.w.org\/{rel}","templated":true}]}}