 
{"id":121105,"date":"2024-04-08T09:34:48","date_gmt":"2024-04-08T09:34:48","guid":{"rendered":"https:\/\/www.icscoolenergy.com\/fr\/service\/traitement-de-leau-pour-les-systemes-de-refroidissement\/"},"modified":"2024-06-18T14:04:36","modified_gmt":"2024-06-18T14:04:36","slug":"traitement-de-leau-pour-les-systemes-de-refroidissement","status":"publish","type":"page","link":"https:\/\/www.icscoolenergy.com\/fr\/service\/traitement-de-leau-pour-les-systemes-de-refroidissement\/","title":{"rendered":"Traitement de l&rsquo;eau pour les syst\u00e8mes de refroidissement"},"content":{"rendered":"\n<div class=\"md:relative eplus-wrapper wp-block-group is-layout-flow wp-block-group-is-layout-flow\">\n<div class=\"eplus-wrapper min-h-[150px] mb:min-h-[200px] sm:min-h-[250px] md:min-h-[430px] wp-block-cover is-light\" style=\"min-height:430px;aspect-ratio:unset;\"><span aria-hidden=\"true\" class=\"wp-block-cover__background has-background-dim-0 has-background-dim\" style=\"background-color:#908e8b\"><\/span><img loading=\"lazy\" decoding=\"async\" width=\"1980\" height=\"900\" class=\"wp-block-cover__image-background wp-image-119439\" alt=\"\" src=\"https:\/\/www.icscoolenergy.com\/wp-content\/\/uploads\/sites\/2\/2024\/05\/Water-Treatment.jpg\" data-object-fit=\"cover\" srcset=\"https:\/\/www.icscoolenergy.com\/wp-content\/uploads\/sites\/2\/2024\/05\/Water-Treatment.jpg 1980w, https:\/\/www.icscoolenergy.com\/wp-content\/uploads\/sites\/2\/2024\/05\/Water-Treatment-300x136.jpg 300w, https:\/\/www.icscoolenergy.com\/wp-content\/uploads\/sites\/2\/2024\/05\/Water-Treatment-1024x465.jpg 1024w, https:\/\/www.icscoolenergy.com\/wp-content\/uploads\/sites\/2\/2024\/05\/Water-Treatment-768x349.jpg 768w, https:\/\/www.icscoolenergy.com\/wp-content\/uploads\/sites\/2\/2024\/05\/Water-Treatment-50x23.jpg 50w, https:\/\/www.icscoolenergy.com\/wp-content\/uploads\/sites\/2\/2024\/05\/Water-Treatment-1600x727.jpg 1600w, https:\/\/www.icscoolenergy.com\/wp-content\/uploads\/sites\/2\/2024\/05\/Water-Treatment-1536x698.jpg 1536w, https:\/\/www.icscoolenergy.com\/wp-content\/uploads\/sites\/2\/2024\/05\/Water-Treatment-600x273.jpg 600w\" sizes=\"auto, (max-width: 1980px) 100vw, 1980px\" \/><div class=\"wp-block-cover__inner-container is-layout-flow wp-block-cover-is-layout-flow\">\n<p class=\" has-text-align-center has-large-font-size eplus-wrapper\"><\/p>\n<\/div><\/div>\n\n\n\n<div class=\"rounded-tr-md sm:w-full md:w-[80%] md:h-fit md:top-[80%] relative md:-mt-[10%] z-[1] md:left-0 eplus-wrapper wp-block-group has-background is-layout-constrained wp-block-group-is-layout-constrained\" style=\"background-color:#eaeaef\">\n<h1 class=\"eplus-wrapper pt-8 wp-block-heading has-text-color has-link-color wp-elements-b61ad1b9732cdb218fd455aa8d4780bd\" id=\"h-traitement-de-l-eau-pour-les-systemes-de-refroidissement\" style=\"color:#312f5f\">TRAITEMENT DE L&rsquo;EAU POUR LES SYST\u00c8MES DE REFROIDISSEMENT<\/h1>\n\n\n\n<p class=\" eplus-wrapper\">Prot\u00e9gez votre production contre les temps d&rsquo;arr\u00eat.<\/p>\n\n\n\n<p class=\" eplus-wrapper\">L&rsquo;eau, ou le fluide, qui circule dans un refroidisseur et dans le syst\u00e8me associ\u00e9 est souvent n\u00e9glig\u00e9e, alors qu&rsquo;elle peut \u00eatre affect\u00e9e par de nombreux facteurs tels que l&rsquo;oxyg\u00e8ne dissous, le d\u00e9s\u00e9quilibre du pH et les bact\u00e9ries ou l&rsquo;encrassement biologique.<\/p>\n\n\n\n<p class=\" eplus-wrapper\">La qualit\u00e9 de l&rsquo;eau de votre syst\u00e8me affecte la long\u00e9vit\u00e9 de votre \u00e9quipement de traitement, de vos pi\u00e8ces et de vos composants. D\u00e8s que l&rsquo;eau commence \u00e0 s&rsquo;\u00e9couler dans votre syst\u00e8me, elle en modifie les propri\u00e9t\u00e9s. Il est donc essentiel de le contr\u00f4ler r\u00e9guli\u00e8rement et de le traiter correctement.<\/p>\n<\/div>\n<\/div>\n\n\n\n<p class=\" eplus-wrapper\"><\/p>\n\n\n\n<div class=\"flex flex-row flex-wrap md:flex-nowrap sm:justify-center sm:items-center wp-block-group eplus-wrapper is-layout-constrained wp-block-group-is-layout-constrained\">\n<div class=\"w-full p-2 m-2 wp-block-group eplus-wrapper is-vertical is-layout-flex wp-container-core-group-is-layout-8cf370e7 wp-block-group-is-layout-flex\">\n<p class=\"has-text-color has-link-color eplus-wrapper wp-elements-4e9c848637c57929cac995184d9c8e92\" style=\"color:#323130\">Vous pouvez voir votre \u00e9quipement ; il se trouve devant vous, juste l\u00e0. Ce que vous ne pouvez pas voir, c&rsquo;est le fluide qui circule dans l&rsquo;\u00e9quipement.<\/p>\n\n\n\n<p class=\"has-text-color has-link-color eplus-wrapper wp-elements-d076eaf6ed62239c67970cbbd5058efb\" style=\"color:#323130\">Notre traitement de l&rsquo;eau en interne est con\u00e7u pour maintenir votre processus op\u00e9rationnel, afin que votre industrie fonctionne de mani\u00e8re efficace et fiable. Nous savons parfaitement qu&rsquo;il est compliqu\u00e9 de comprendre la composition chimique de ce qui peut ressembler \u00e0 de l&rsquo;eau.<\/p>\n\n\n\n<p class=\"has-text-color has-link-color eplus-wrapper wp-elements-91dad164937e18f58107673e8889777e\" style=\"color:#323130\">Nous vous simplifions la t\u00e2che, nous pr\u00e9levons un \u00e9chantillon et notre sp\u00e9cialiste du traitement de l&rsquo;eau vous remettra un rapport accompagn\u00e9 d&rsquo;un plan clair \u00e0 mettre en \u0153uvre pour entretenir votre \u00e9quipement ou effectuer une r\u00e9paration. Nous effectuons toutes ces op\u00e9rations en interne, qu&rsquo;il s&rsquo;agisse de glycol, d&rsquo;inhibiteur, de biocide ou d&rsquo;un rin\u00e7age complet.<\/p>\n\n\n\n<p class=\"has-text-color has-link-color eplus-wrapper wp-elements-4b7f9358bcaf64ca1fb30c037dd38816\" style=\"color:#323130\">La qualit\u00e9 de l&rsquo;eau affecte la long\u00e9vit\u00e9, l&rsquo;efficacit\u00e9 et la fiabilit\u00e9 de votre \u00e9quipement de traitement.<\/p>\n\n\n\n<p class=\"has-text-color has-link-color eplus-wrapper wp-elements-4e1ea98e2ce4a19c0da2e1a8e482ac05\" style=\"color:#323130\">Il est essentiel que le fluide de votre syst\u00e8me soit contr\u00f4l\u00e9, entretenu et trait\u00e9 r\u00e9guli\u00e8rement afin d&rsquo;\u00e9viter des probl\u00e8mes tels que la corrosion, les bact\u00e9ries et l&rsquo;encrassement du syst\u00e8me, qui conduiront en fin de compte \u00e0 une d\u00e9faillance de l&rsquo;\u00e9quipement et du syst\u00e8me de traitement, ainsi qu&rsquo;\u00e0 des inconv\u00e9nients et des d\u00e9penses.<\/p>\n\n\n\n<p class=\"has-text-color has-link-color eplus-wrapper wp-elements-f95686c36f72065ffa62e018cc58690c\" style=\"color:#323130\">La premi\u00e8re \u00e9tape pour obtenir une eau de bonne qualit\u00e9 est de mettre en \u0153uvre un plan de traitement de l&rsquo;eau. Dans le cadre de nos contrats de maintenance pr\u00e9ventive planifi\u00e9e, nous effectuons d\u00e9sormais, de mani\u00e8re standard, des pr\u00e9l\u00e8vements d&rsquo;\u00e9chantillons et des analyses en laboratoire ind\u00e9pendant.<\/p>\n\n\n\n<p class=\"has-text-color has-link-color eplus-wrapper wp-elements-1937f4a70fe3b432494bc1af89cf89b0\" style=\"color:#323130\">Un rapport facile \u00e0 lire est \u00e9mis, indiquant tous les d\u00e9fauts qui se situent en dehors des param\u00e8tres recommand\u00e9s.<\/p>\n\n\n\n<p class=\"has-text-color has-link-color eplus-wrapper wp-elements-cf0bfa0aa593e3c44bfe419532d18b5a\" style=\"color:#323130\">Un plan d&rsquo;action d\u00e9taill\u00e9 est ensuite \u00e9labor\u00e9 et peut \u00eatre mis en \u0153uvre pour vous &#8211; afin de ramener et de maintenir la qualit\u00e9 de votre eau au niveau des meilleures pratiques.<\/p>\n<\/div>\n<\/div>\n\n\n\n<div style=\"height:60px\" aria-hidden=\"true\" class=\" wp-block-spacer eplus-wrapper\"><\/div>\n\n\n\n<div class=\"wp-block-group eplus-wrapper is-layout-flow wp-block-group-is-layout-flow\"><div class=\"items-center md:flex xs:grid wp-block-columns eplus-wrapper is-layout-flex wp-container-core-columns-is-layout-9d6595d7 wp-block-columns-is-layout-flex eplus-styles-uid-64408d\">\n<div class=\"xs:order-2 md:order-1 xs:w-full md:w-6\/12 xs:mb-12 md:mb-0 wp-block-column eplus-wrapper is-layout-flow wp-block-column-is-layout-flow\">\n<figure class=\" wp-block-image size-full is-resized eplus-wrapper\"><img loading=\"lazy\" decoding=\"async\" width=\"900\" height=\"544\" src=\"https:\/\/www.icscoolenergy.com\/fr\/wp-content\/uploads\/sites\/2\/2024\/04\/Water-Treatment-For-Chillers.jpg\" alt=\"\" class=\"wp-image-80217\" style=\"width:720px\" srcset=\"https:\/\/www.icscoolenergy.com\/wp-content\/uploads\/sites\/2\/2024\/04\/Water-Treatment-For-Chillers.jpg 900w, https:\/\/www.icscoolenergy.com\/wp-content\/uploads\/sites\/2\/2024\/04\/Water-Treatment-For-Chillers-300x181.jpg 300w, https:\/\/www.icscoolenergy.com\/wp-content\/uploads\/sites\/2\/2024\/04\/Water-Treatment-For-Chillers-768x464.jpg 768w, https:\/\/www.icscoolenergy.com\/wp-content\/uploads\/sites\/2\/2024\/04\/Water-Treatment-For-Chillers-50x30.jpg 50w, https:\/\/www.icscoolenergy.com\/wp-content\/uploads\/sites\/2\/2024\/04\/Water-Treatment-For-Chillers-600x363.jpg 600w\" sizes=\"auto, (max-width: 900px) 100vw, 900px\" \/><\/figure>\n<\/div>\n\n\n\n<div class=\"xs:order-1 md:order-2 xs:w-full md:w-6\/12 wp-block-column eplus-wrapper is-layout-flow wp-block-column-is-layout-flow\">\n<h2 class=\" wp-block-heading eplus-wrapper\" id=\"h-benefices\"><strong>B\u00c9N\u00c9FICES<\/strong><\/h2>\n\n\n<ul class=\"eplus-wrapper wp-block-list eplus-styles-uid-b6d9ea\">\n<li class=\" eplus-wrapper\">Pr\u00e9venir la d\u00e9gradation du syst\u00e8me par une surveillance et un traitement r\u00e9guliers<\/li>\n\n\n\n<li class=\" eplus-wrapper\">Augmenter l&rsquo;efficacit\u00e9 du syst\u00e8me<\/li>\n\n\n<li class=\" eplus-wrapper eplus-styles-uid-d57e6b\">Augmenter la dur\u00e9e de vie de votre syst\u00e8me et de votre \u00e9quipement<\/li>\n\n\n<li class=\" eplus-wrapper\">R\u00e9duire les co\u00fbts d&rsquo;entretien et de r\u00e9paration<\/li>\n\n\n\n<li class=\" eplus-wrapper\">Prot\u00e9gez la qualit\u00e9 de votre syst\u00e8me de traitement<\/li>\n<\/ul><\/div>\n<\/div><\/div>\n\n\n\n<div style=\"height:60px\" aria-hidden=\"true\" class=\" wp-block-spacer eplus-wrapper\"><\/div>\n\n\n\n<div class=\"flex flex-row flex-wrap md:flex-nowrap sm:justify-center sm:items-center wp-block-group eplus-wrapper is-layout-constrained wp-block-group-is-layout-constrained\">\n<div class=\"w-full p-2 m-2 wp-block-group eplus-wrapper is-vertical is-layout-flex wp-container-core-group-is-layout-8cf370e7 wp-block-group-is-layout-flex\">\n<h3 class=\" wp-block-heading eplus-wrapper\" id=\"h-filtration-sur-flux-lateral\">FILTRATION SUR FLUX LAT\u00c9RAL<\/h3>\n\n\n\n<div style=\"height:8px\" aria-hidden=\"true\" class=\"wp-block-spacer eplus-wrapper wp-container-content-7d115344\"><\/div>\n\n\n\n<p class=\"has-text-color has-link-color eplus-wrapper wp-elements-5b25563d5368dec42522f230be61d4b6\" style=\"color:#323130\">Si vos syst\u00e8mes pr\u00e9sentent des signes d&rsquo;augmentation des solides en suspension, de corrosion ou d&rsquo;autres d\u00e9bris, il existe un certain nombre de dispositifs qui peuvent \u00eatre utilis\u00e9s pour \u00e9liminer cette contamination.<\/p>\n\n\n\n<p class=\"has-text-color has-link-color eplus-wrapper wp-elements-43538472d678e3d988e8fc2ffbada44d\" style=\"color:#323130\">Cela comprend les cr\u00e9pines, les filtres, les filtres magn\u00e9tiques, les s\u00e9parateurs d&rsquo;impuret\u00e9s, les s\u00e9parateurs d&rsquo;air et d&rsquo;impuret\u00e9s combin\u00e9s ainsi que la filtration des flux lat\u00e9raux que l&rsquo;on trouve couramment. Tous ces \u00e9l\u00e9ments ont un r\u00f4le \u00e0 jouer et, lorsqu&rsquo;ils sont appliqu\u00e9s correctement, ils peuvent avoir un impact positif sur le nettoyage et la protection continue des circuits ferm\u00e9s.<\/p>\n\n\n\n<p class=\"has-text-color has-link-color eplus-wrapper wp-elements-151e5b2f295cfecd4db6ee65ff8c297a\" style=\"color:#323130\">Un certain nombre de syst\u00e8mes sont dot\u00e9s d&rsquo;une filtration lat\u00e9rale d\u00e8s leur conception afin de r\u00e9soudre certains des probl\u00e8mes que nous avons soulign\u00e9s plus haut. Ce type d&rsquo;\u00e9quipement est simple, facile \u00e0 installer et son processus d&rsquo;\u00e9limination des solides est simple. Les filtres \u00e0 flux lat\u00e9ral sont con\u00e7us pour faire passer en permanence 5 \u00e0 15 % de l&rsquo;eau en circulation \u00e0 travers un bo\u00eetier de filtre, ce qui permet de filtrer le volume total du syst\u00e8me 2 \u00e0 3 fois par 24 heures.<\/p>\n\n\n\n<p class=\"has-text-color has-link-color eplus-wrapper wp-elements-a0b8599d8382947910a702c6964a4d62\" style=\"color:#323130\">Pour en savoir plus sur la <a href=\"https:\/\/www.icscoolenergy.com\/how-to-manage-suspended-solids\/\">filtration lat\u00e9rale, consultez notre blog<\/a>.<\/p>\n<\/div>\n<\/div>\n\n\n\n<div style=\"height:60px\" aria-hidden=\"true\" class=\" wp-block-spacer eplus-wrapper\"><\/div>\n","protected":false},"excerpt":{"rendered":"<p>TRAITEMENT DE L&rsquo;EAU POUR LES SYST\u00c8MES DE REFROIDISSEMENT Prot\u00e9gez votre production contre les temps d&rsquo;arr\u00eat. L&rsquo;eau, ou le fluide, qui circule dans un refroidisseur et dans le syst\u00e8me associ\u00e9 est souvent n\u00e9glig\u00e9e, alors qu&rsquo;elle peut \u00eatre affect\u00e9e par de nombreux facteurs tels que l&rsquo;oxyg\u00e8ne dissous, le d\u00e9s\u00e9quilibre du pH et les bact\u00e9ries ou l&rsquo;encrassement biologique. &#8230; <a title=\"Traitement de l&rsquo;eau pour les syst\u00e8mes de refroidissement\" class=\"read-more\" href=\"https:\/\/www.icscoolenergy.com\/fr\/service\/traitement-de-leau-pour-les-systemes-de-refroidissement\/\" aria-label=\"En savoir plus sur Traitement de l&rsquo;eau pour les syst\u00e8mes de refroidissement\">Lire la suite<\/a><\/p>\n","protected":false},"author":1,"featured_media":0,"parent":121058,"menu_order":0,"comment_status":"closed","ping_status":"closed","template":"template-1.php","meta":{"_acf_changed":false,"inline_featured_image":false,"_editorskit_title_hidden":false,"_editorskit_reading_time":0,"_editorskit_is_block_options_detached":false,"_editorskit_block_options_position":"{}","editor_plus_copied_stylings":"{}","footnotes":""},"class_list":["post-121105","page","type-page","status-publish"],"acf":[],"yoast_head":"<!-- This site is optimized with the Yoast SEO Premium plugin v24.5 (Yoast SEO v26.9) - https:\/\/yoast.com\/product\/yoast-seo-premium-wordpress\/ -->\n<title>Traitement de l&#039;eau pour les syst\u00e8mes de refroidissement - French<\/title>\n<meta name=\"robots\" content=\"index, follow, max-snippet:-1, max-image-preview:large, max-video-preview:-1\" \/>\n<link rel=\"canonical\" href=\"https:\/\/www.icscoolenergy.com\/fr\/service\/traitement-de-leau-pour-les-systemes-de-refroidissement\/\" \/>\n<meta property=\"og:locale\" content=\"fr_FR\" \/>\n<meta property=\"og:type\" content=\"article\" \/>\n<meta property=\"og:title\" content=\"Traitement de l&#039;eau pour les syst\u00e8mes de refroidissement\" \/>\n<meta property=\"og:description\" content=\"TRAITEMENT DE L&rsquo;EAU POUR LES SYST\u00c8MES DE REFROIDISSEMENT Prot\u00e9gez votre production contre les temps d&rsquo;arr\u00eat. L&rsquo;eau, ou le fluide, qui circule dans un refroidisseur et dans le syst\u00e8me associ\u00e9 est souvent n\u00e9glig\u00e9e, alors qu&rsquo;elle peut \u00eatre affect\u00e9e par de nombreux facteurs tels que l&rsquo;oxyg\u00e8ne dissous, le d\u00e9s\u00e9quilibre du pH et les bact\u00e9ries ou l&rsquo;encrassement biologique. ... Lire la suite\" \/>\n<meta property=\"og:url\" content=\"https:\/\/www.icscoolenergy.com\/fr\/service\/traitement-de-leau-pour-les-systemes-de-refroidissement\/\" \/>\n<meta property=\"og:site_name\" content=\"French\" \/>\n<meta property=\"article:modified_time\" content=\"2024-06-18T14:04:36+00:00\" \/>\n<meta property=\"og:image\" content=\"https:\/\/www.icscoolenergy.com\/wp-content\/\/uploads\/sites\/2\/2024\/05\/Water-Treatment.jpg\" \/>\n<meta name=\"twitter:card\" content=\"summary_large_image\" \/>\n<meta name=\"twitter:label1\" content=\"Est. reading time\" \/>\n\t<meta name=\"twitter:data1\" content=\"4 minutes\" \/>\n<script type=\"application\/ld+json\" class=\"yoast-schema-graph\">{\"@context\":\"https:\/\/schema.org\",\"@graph\":[{\"@type\":\"WebPage\",\"@id\":\"https:\/\/www.icscoolenergy.com\/fr\/service\/traitement-de-leau-pour-les-systemes-de-refroidissement\/\",\"url\":\"https:\/\/www.icscoolenergy.com\/fr\/service\/traitement-de-leau-pour-les-systemes-de-refroidissement\/\",\"name\":\"Traitement de l'eau pour les syst\u00e8mes de refroidissement - French\",\"isPartOf\":{\"@id\":\"https:\/\/www.icscoolenergy.com\/fr\/#website\"},\"primaryImageOfPage\":{\"@id\":\"https:\/\/www.icscoolenergy.com\/fr\/service\/traitement-de-leau-pour-les-systemes-de-refroidissement\/#primaryimage\"},\"image\":{\"@id\":\"https:\/\/www.icscoolenergy.com\/fr\/service\/traitement-de-leau-pour-les-systemes-de-refroidissement\/#primaryimage\"},\"thumbnailUrl\":\"https:\/\/www.icscoolenergy.com\/wp-content\/\/uploads\/sites\/2\/2024\/05\/Water-Treatment.jpg\",\"datePublished\":\"2024-04-08T09:34:48+00:00\",\"dateModified\":\"2024-06-18T14:04:36+00:00\",\"breadcrumb\":{\"@id\":\"https:\/\/www.icscoolenergy.com\/fr\/service\/traitement-de-leau-pour-les-systemes-de-refroidissement\/#breadcrumb\"},\"inLanguage\":\"fr-FR\",\"potentialAction\":[{\"@type\":\"ReadAction\",\"target\":[\"https:\/\/www.icscoolenergy.com\/fr\/service\/traitement-de-leau-pour-les-systemes-de-refroidissement\/\"]}]},{\"@type\":\"ImageObject\",\"inLanguage\":\"fr-FR\",\"@id\":\"https:\/\/www.icscoolenergy.com\/fr\/service\/traitement-de-leau-pour-les-systemes-de-refroidissement\/#primaryimage\",\"url\":\"https:\/\/www.icscoolenergy.com\/wp-content\/\/uploads\/sites\/2\/2024\/05\/Water-Treatment.jpg\",\"contentUrl\":\"https:\/\/www.icscoolenergy.com\/wp-content\/\/uploads\/sites\/2\/2024\/05\/Water-Treatment.jpg\"},{\"@type\":\"BreadcrumbList\",\"@id\":\"https:\/\/www.icscoolenergy.com\/fr\/service\/traitement-de-leau-pour-les-systemes-de-refroidissement\/#breadcrumb\",\"itemListElement\":[{\"@type\":\"ListItem\",\"position\":1,\"name\":\"Home\",\"item\":\"https:\/\/www.icscoolenergy.com\/fr\/\"},{\"@type\":\"ListItem\",\"position\":2,\"name\":\"Service\",\"item\":\"https:\/\/www.icscoolenergy.com\/fr\/service\/\"},{\"@type\":\"ListItem\",\"position\":3,\"name\":\"Traitement de l&#8217;eau pour les syst\u00e8mes de refroidissement\"}]},{\"@type\":\"WebSite\",\"@id\":\"https:\/\/www.icscoolenergy.com\/fr\/#website\",\"url\":\"https:\/\/www.icscoolenergy.com\/fr\/\",\"name\":\"ICS Cool Energy\",\"description\":\"The Process Temperature Control Specialists\",\"publisher\":{\"@id\":\"https:\/\/www.icscoolenergy.com\/fr\/#organization\"},\"potentialAction\":[{\"@type\":\"SearchAction\",\"target\":{\"@type\":\"EntryPoint\",\"urlTemplate\":\"https:\/\/www.icscoolenergy.com\/fr\/?s={search_term_string}\"},\"query-input\":{\"@type\":\"PropertyValueSpecification\",\"valueRequired\":true,\"valueName\":\"search_term_string\"}}],\"inLanguage\":\"fr-FR\"},{\"@type\":\"Organization\",\"@id\":\"https:\/\/www.icscoolenergy.com\/fr\/#organization\",\"name\":\"ICS Cool Energy\",\"url\":\"https:\/\/www.icscoolenergy.com\/fr\/\",\"logo\":{\"@type\":\"ImageObject\",\"inLanguage\":\"fr-FR\",\"@id\":\"https:\/\/www.icscoolenergy.com\/fr\/#\/schema\/logo\/image\/\",\"url\":\"https:\/\/www.icscoolenergy.com\/wp-content\/uploads\/sites\/2\/2024\/01\/ics-cool-energy-logo.svg\",\"contentUrl\":\"https:\/\/www.icscoolenergy.com\/wp-content\/uploads\/sites\/2\/2024\/01\/ics-cool-energy-logo.svg\",\"caption\":\"ICS Cool Energy\"},\"image\":{\"@id\":\"https:\/\/www.icscoolenergy.com\/fr\/#\/schema\/logo\/image\/\"}}]}<\/script>\n<!-- \/ Yoast SEO Premium plugin. -->","yoast_head_json":{"title":"Traitement de l'eau pour les syst\u00e8mes de refroidissement - French","robots":{"index":"index","follow":"follow","max-snippet":"max-snippet:-1","max-image-preview":"max-image-preview:large","max-video-preview":"max-video-preview:-1"},"canonical":"https:\/\/www.icscoolenergy.com\/fr\/service\/traitement-de-leau-pour-les-systemes-de-refroidissement\/","og_locale":"fr_FR","og_type":"article","og_title":"Traitement de l'eau pour les syst\u00e8mes de refroidissement","og_description":"TRAITEMENT DE L&rsquo;EAU POUR LES SYST\u00c8MES DE REFROIDISSEMENT Prot\u00e9gez votre production contre les temps d&rsquo;arr\u00eat. L&rsquo;eau, ou le fluide, qui circule dans un refroidisseur et dans le syst\u00e8me associ\u00e9 est souvent n\u00e9glig\u00e9e, alors qu&rsquo;elle peut \u00eatre affect\u00e9e par de nombreux facteurs tels que l&rsquo;oxyg\u00e8ne dissous, le d\u00e9s\u00e9quilibre du pH et les bact\u00e9ries ou l&rsquo;encrassement biologique. ... Lire la suite","og_url":"https:\/\/www.icscoolenergy.com\/fr\/service\/traitement-de-leau-pour-les-systemes-de-refroidissement\/","og_site_name":"French","article_modified_time":"2024-06-18T14:04:36+00:00","og_image":[{"url":"https:\/\/www.icscoolenergy.com\/wp-content\/\/uploads\/sites\/2\/2024\/05\/Water-Treatment.jpg","type":"","width":"","height":""}],"twitter_card":"summary_large_image","twitter_misc":{"Est. reading time":"4 minutes"},"schema":{"@context":"https:\/\/schema.org","@graph":[{"@type":"WebPage","@id":"https:\/\/www.icscoolenergy.com\/fr\/service\/traitement-de-leau-pour-les-systemes-de-refroidissement\/","url":"https:\/\/www.icscoolenergy.com\/fr\/service\/traitement-de-leau-pour-les-systemes-de-refroidissement\/","name":"Traitement de l'eau pour les syst\u00e8mes de refroidissement - French","isPartOf":{"@id":"https:\/\/www.icscoolenergy.com\/fr\/#website"},"primaryImageOfPage":{"@id":"https:\/\/www.icscoolenergy.com\/fr\/service\/traitement-de-leau-pour-les-systemes-de-refroidissement\/#primaryimage"},"image":{"@id":"https:\/\/www.icscoolenergy.com\/fr\/service\/traitement-de-leau-pour-les-systemes-de-refroidissement\/#primaryimage"},"thumbnailUrl":"https:\/\/www.icscoolenergy.com\/wp-content\/\/uploads\/sites\/2\/2024\/05\/Water-Treatment.jpg","datePublished":"2024-04-08T09:34:48+00:00","dateModified":"2024-06-18T14:04:36+00:00","breadcrumb":{"@id":"https:\/\/www.icscoolenergy.com\/fr\/service\/traitement-de-leau-pour-les-systemes-de-refroidissement\/#breadcrumb"},"inLanguage":"fr-FR","potentialAction":[{"@type":"ReadAction","target":["https:\/\/www.icscoolenergy.com\/fr\/service\/traitement-de-leau-pour-les-systemes-de-refroidissement\/"]}]},{"@type":"ImageObject","inLanguage":"fr-FR","@id":"https:\/\/www.icscoolenergy.com\/fr\/service\/traitement-de-leau-pour-les-systemes-de-refroidissement\/#primaryimage","url":"https:\/\/www.icscoolenergy.com\/wp-content\/\/uploads\/sites\/2\/2024\/05\/Water-Treatment.jpg","contentUrl":"https:\/\/www.icscoolenergy.com\/wp-content\/\/uploads\/sites\/2\/2024\/05\/Water-Treatment.jpg"},{"@type":"BreadcrumbList","@id":"https:\/\/www.icscoolenergy.com\/fr\/service\/traitement-de-leau-pour-les-systemes-de-refroidissement\/#breadcrumb","itemListElement":[{"@type":"ListItem","position":1,"name":"Home","item":"https:\/\/www.icscoolenergy.com\/fr\/"},{"@type":"ListItem","position":2,"name":"Service","item":"https:\/\/www.icscoolenergy.com\/fr\/service\/"},{"@type":"ListItem","position":3,"name":"Traitement de l&#8217;eau pour les syst\u00e8mes de refroidissement"}]},{"@type":"WebSite","@id":"https:\/\/www.icscoolenergy.com\/fr\/#website","url":"https:\/\/www.icscoolenergy.com\/fr\/","name":"ICS Cool Energy","description":"The Process Temperature Control Specialists","publisher":{"@id":"https:\/\/www.icscoolenergy.com\/fr\/#organization"},"potentialAction":[{"@type":"SearchAction","target":{"@type":"EntryPoint","urlTemplate":"https:\/\/www.icscoolenergy.com\/fr\/?s={search_term_string}"},"query-input":{"@type":"PropertyValueSpecification","valueRequired":true,"valueName":"search_term_string"}}],"inLanguage":"fr-FR"},{"@type":"Organization","@id":"https:\/\/www.icscoolenergy.com\/fr\/#organization","name":"ICS Cool Energy","url":"https:\/\/www.icscoolenergy.com\/fr\/","logo":{"@type":"ImageObject","inLanguage":"fr-FR","@id":"https:\/\/www.icscoolenergy.com\/fr\/#\/schema\/logo\/image\/","url":"https:\/\/www.icscoolenergy.com\/wp-content\/uploads\/sites\/2\/2024\/01\/ics-cool-energy-logo.svg","contentUrl":"https:\/\/www.icscoolenergy.com\/wp-content\/uploads\/sites\/2\/2024\/01\/ics-cool-energy-logo.svg","caption":"ICS Cool Energy"},"image":{"@id":"https:\/\/www.icscoolenergy.com\/fr\/#\/schema\/logo\/image\/"}}]}},"_links":{"self":[{"href":"https:\/\/www.icscoolenergy.com\/fr\/wp-json\/wp\/v2\/pages\/121105","targetHints":{"allow":["GET"]}}],"collection":[{"href":"https:\/\/www.icscoolenergy.com\/fr\/wp-json\/wp\/v2\/pages"}],"about":[{"href":"https:\/\/www.icscoolenergy.com\/fr\/wp-json\/wp\/v2\/types\/page"}],"author":[{"embeddable":true,"href":"https:\/\/www.icscoolenergy.com\/fr\/wp-json\/wp\/v2\/users\/1"}],"replies":[{"embeddable":true,"href":"https:\/\/www.icscoolenergy.com\/fr\/wp-json\/wp\/v2\/comments?post=121105"}],"version-history":[{"count":0,"href":"https:\/\/www.icscoolenergy.com\/fr\/wp-json\/wp\/v2\/pages\/121105\/revisions"}],"up":[{"embeddable":true,"href":"https:\/\/www.icscoolenergy.com\/fr\/wp-json\/wp\/v2\/pages\/121058"}],"wp:attachment":[{"href":"https:\/\/www.icscoolenergy.com\/fr\/wp-json\/wp\/v2\/media?parent=121105"}],"curies":[{"name":"wp","href":"https:\/\/api.w.org\/{rel}","templated":true}]}}