 
{"id":121112,"date":"2024-04-08T12:03:23","date_gmt":"2024-04-08T12:03:23","guid":{"rendered":"https:\/\/www.icscoolenergy.com\/fr\/service\/flowcool-glycol\/"},"modified":"2024-05-09T11:50:19","modified_gmt":"2024-05-09T11:50:19","slug":"flowcool-glycol","status":"publish","type":"page","link":"https:\/\/www.icscoolenergy.com\/fr\/service\/flowcool-glycol\/","title":{"rendered":"FlowCool Glycol"},"content":{"rendered":"\n<div class=\"mb-8 eplus-wrapper wp-block-group is-layout-flow wp-block-group-is-layout-flow\">\n<div class=\"md:relative eplus-wrapper wp-block-group is-layout-flow wp-block-group-is-layout-flow\">\n<div class=\"eplus-wrapper wp-block-cover is-light\" style=\"min-height:451px;aspect-ratio:unset;\"><span aria-hidden=\"true\" class=\"wp-block-cover__background has-background-dim-0 has-background-dim\"><\/span><img loading=\"lazy\" decoding=\"async\" width=\"1980\" height=\"845\" class=\"wp-block-cover__image-background wp-image-84150\" alt=\"Glycol Flowcool\" src=\"https:\/\/www.icscoolenergy.com\/fr\/wp-content\/uploads\/sites\/2\/2024\/05\/Glycol-Flowcool.jpg\" style=\"object-position:50% 33%\" data-object-fit=\"cover\" data-object-position=\"50% 33%\" srcset=\"https:\/\/www.icscoolenergy.com\/wp-content\/uploads\/sites\/2\/2024\/05\/Glycol-Flowcool.jpg 1980w, https:\/\/www.icscoolenergy.com\/wp-content\/uploads\/sites\/2\/2024\/05\/Glycol-Flowcool-300x128.jpg 300w, https:\/\/www.icscoolenergy.com\/wp-content\/uploads\/sites\/2\/2024\/05\/Glycol-Flowcool-1024x437.jpg 1024w, https:\/\/www.icscoolenergy.com\/wp-content\/uploads\/sites\/2\/2024\/05\/Glycol-Flowcool-768x328.jpg 768w, https:\/\/www.icscoolenergy.com\/wp-content\/uploads\/sites\/2\/2024\/05\/Glycol-Flowcool-50x21.jpg 50w, https:\/\/www.icscoolenergy.com\/wp-content\/uploads\/sites\/2\/2024\/05\/Glycol-Flowcool-1600x683.jpg 1600w, https:\/\/www.icscoolenergy.com\/wp-content\/uploads\/sites\/2\/2024\/05\/Glycol-Flowcool-1536x656.jpg 1536w, https:\/\/www.icscoolenergy.com\/wp-content\/uploads\/sites\/2\/2024\/05\/Glycol-Flowcool-600x256.jpg 600w\" sizes=\"auto, (max-width: 1980px) 100vw, 1980px\" \/><div class=\"wp-block-cover__inner-container is-layout-flow wp-block-cover-is-layout-flow\">\n<p class=\" has-text-align-center has-large-font-size eplus-wrapper\"><\/p>\n<\/div><\/div>\n\n\n\n<div class=\"rounded-tr-md sm:w-full md:w-[80%] md:h-fit md:top-[80%] relative md:-mt-[10%] z-[1] md:left-0 eplus-wrapper wp-block-group has-background is-layout-constrained wp-block-group-is-layout-constrained\" style=\"background-color:#eaeaef\">\n<h1 class=\"eplus-wrapper pt-8 wp-block-heading has-text-color has-link-color wp-elements-2fb4c3d9f1819cf672190bcb74e2bcf4\" style=\"color:#312f5f\">FLOWCOOL GLYCOL<\/h1>\n\n\n\n<p class=\" eplus-wrapper\">Le glycol est destin\u00e9 \u00e0 pr\u00e9venir le gel et les dommages aux syst\u00e8mes et \u00e9quipements qui peuvent entra\u00eener des arr\u00eats de production. C&rsquo;est l&rsquo;alternative pr\u00e9f\u00e9r\u00e9e \u00e0 l&rsquo;utilisation de l&rsquo;eau de ville dans les syst\u00e8mes de chauffage ou de refroidissement.<\/p>\n\n\n\n<p class=\" eplus-wrapper\">Nous proposons une gamme FlowCool sp\u00e9cialement formul\u00e9e de produits \u00e0 base de glycol qui incorporent des inhibiteurs organiques (tous les produits \u00e0 base de glycol n&rsquo;incluent pas d&rsquo;inhibiteurs, mais ils sont essentiels pour \u00e9viter la corrosion du syst\u00e8me). Ils sont recommand\u00e9s par l&rsquo;industrie et r\u00e9pondent \u00e0 la norme BS5117 pour l&rsquo;utilisation dans les syst\u00e8mes \u00e0 double sens.<br\/>les processus de refroidissement et de chauffage. La gamme compl\u00e8te comprend du glycol de qualit\u00e9 industrielle, adapt\u00e9 aux applications alimentaires, et du glycol biod\u00e9gradable.  <\/p>\n\n\n\n<p class=\" eplus-wrapper\">Tous ces produits sont disponibles pour une livraison le lendemain dans des conteneurs de 5 litres, 25 litres et 1 000 litres.<\/p>\n<\/div>\n<\/div>\n\n\n\n<div style=\"height:60px\" aria-hidden=\"true\" class=\"xs:hidden md:block eplus-wrapper wp-block-spacer\"><\/div>\n<\/div>\n<figure class=\"wp-embed-aspect-16-9 wp-has-aspect-ratio wp-block-embed aligncenter is-type-video is-provider-youtube wp-block-embed-youtube eplus-wrapper eplus-styles-uid-c899e1\"><div class=\"wp-block-embed__wrapper\">\n<iframe loading=\"lazy\" title=\"Uninhibited Glycol - Time lapse video\" width=\"1200\" height=\"675\" src=\"https:\/\/www.youtube.com\/embed\/Z61uUV_7OpU?feature=oembed\" frameborder=\"0\" allow=\"accelerometer; autoplay; clipboard-write; encrypted-media; gyroscope; picture-in-picture; web-share\" referrerpolicy=\"strict-origin-when-cross-origin\" allowfullscreen><\/iframe>\n<\/div><\/figure>\n<div class=\"px-0 pt-12 pb-8 wp-block-group eplus-wrapper is-layout-flow wp-block-group-is-layout-flow\"><div class=\"p-0 is-not-stacked-on-mbile has-background rounded-2xl items-center lg:flex xs:grid wp-block-columns eplus-wrapper is-layout-flex wp-container-core-columns-is-layout-9d6595d7 wp-block-columns-is-layout-flex eplus-styles-uid-d6a3b2\" style=\"background-color:#eaeaef\">\n<div class=\"wp-block-column eplus-wrapper is-layout-flow wp-block-column-is-layout-flow\">\n<h3 class=\"mb-12 wp-block-heading has-text-align-left eplus-wrapper\">T\u00c9L\u00c9CHARGEMENTS<\/h3>\n\n\n\n<div class=\"gap-x-8 md:grid md:grid-rows-auto md:auto md:grid-cols-2 xs:block justify-between wp-block-group eplus-wrapper is-layout-flow wp-block-group-is-layout-flow\"><div class=\"download_div flex justify-between w-full py-6 sm:px-10 xs:px-6  rounded wp-block-file has-white-background-color has-background eplus-wrapper eplus-styles-uid-87c690\"><a id=\"wp-block-file--media-114be661-f6b3-4620-ab0b-d3a626bd490a\" href=\"https:\/\/www.icscoolenergy.com\/fr\/wp-content\/uploads\/sites\/2\/2024\/04\/FLOWCOOL-Bio-2015.pdf\" target=\"_blank\" rel=\"noreferrer noopener\"><strong>FlowCoolBio (Glycol biod\u00e9gradable)<\/strong><br>PDF (EN ANGLAIS)<\/a><a href=\"https:\/\/www.icscoolenergy.com\/fr\/wp-content\/uploads\/sites\/2\/2024\/04\/FLOWCOOL-Bio-2015.pdf\" class=\"wp-block-file__button wp-element-button\" download=\"\" aria-describedby=\"wp-block-file--media-114be661-f6b3-4620-ab0b-d3a626bd490a\"><img decoding=\"async\" class=\"wp-image-79903\" style=\"width: 26px;\" src=\"https:\/\/icsdevelopment.wpenginepowered.com\/wp-content\/uploads\/sites\/2\/2024\/03\/Group.svg\" alt=\"\"><span class=\"eplus-icon\"><span data-style=\"{\" enabled=\"\" style=\"border-radius:0px;\" class=\"eplus-icon\"><\/span><\/span> <\/a><\/div>\n\n<div class=\"download_div flex justify-between w-full py-6 sm:px-10 xs:px-6  rounded wp-block-file has-white-background-color has-background eplus-wrapper eplus-styles-uid-87c690\"><a id=\"wp-block-file--media-114be661-f6b3-4620-ab0b-d3a626bd490a\" href=\"https:\/\/www.icscoolenergy.com\/fr\/wp-content\/uploads\/sites\/2\/2024\/04\/FLOWCOOL-IG-2015-1.pdf\" target=\"_blank\" rel=\"noreferrer noopener\"><strong>FlowCool-IG (Glycol de qualit\u00e9 industrielle)<\/strong><br>PDF (EN ANGLAIS)<\/a><a href=\"https:\/\/www.icscoolenergy.com\/fr\/wp-content\/uploads\/sites\/2\/2024\/04\/FLOWCOOL-IG-2015-1.pdf\" class=\"wp-block-file__button wp-element-button\" download=\"\" aria-describedby=\"wp-block-file--media-114be661-f6b3-4620-ab0b-d3a626bd490a\"><img decoding=\"async\" class=\"wp-image-79903\" style=\"width: 26px;\" src=\"https:\/\/icsdevelopment.wpenginepowered.com\/wp-content\/uploads\/sites\/2\/2024\/03\/Group.svg\" alt=\"\"><span class=\"eplus-icon\"><span data-style=\"{\" enabled=\"\" style=\"border-radius:0px;\" class=\"eplus-icon\"><\/span><\/span> <\/a><\/div>\n\n<div class=\"download_div flex justify-between w-full py-6 sm:px-10 xs:px-6  rounded wp-block-file has-white-background-color has-background eplus-wrapper eplus-styles-uid-87c690\"><a id=\"wp-block-file--media-114be661-f6b3-4620-ab0b-d3a626bd490a\" href=\"https:\/\/www.icscoolenergy.com\/fr\/wp-content\/uploads\/sites\/2\/2024\/04\/FLOWCOOL-PLUS-2015.pdf\" target=\"_blank\" rel=\"noreferrer noopener\"><strong>FlowCool-Plus (Mono Propyl\u00e8ne Glycol)<\/strong><br>PDF (EN ANGLAIS)<\/a><a href=\"https:\/\/www.icscoolenergy.com\/fr\/wp-content\/uploads\/sites\/2\/2024\/04\/FLOWCOOL-PLUS-2015.pdf\" class=\"wp-block-file__button wp-element-button\" download=\"\" aria-describedby=\"wp-block-file--media-114be661-f6b3-4620-ab0b-d3a626bd490a\"><img decoding=\"async\" class=\"wp-image-79903\" style=\"width: 26px;\" src=\"https:\/\/icsdevelopment.wpenginepowered.com\/wp-content\/uploads\/sites\/2\/2024\/03\/Group.svg\" alt=\"\"><span class=\"eplus-icon\"><span data-style=\"{\" enabled=\"\" style=\"border-radius:0px;\" class=\"eplus-icon\"><\/span><\/span> <\/a><\/div>\n\n<div class=\"download_div flex justify-between w-full py-6 sm:px-10 xs:px-6  rounded wp-block-file has-white-background-color has-background eplus-wrapper eplus-styles-uid-87c690\"><a id=\"wp-block-file--media-114be661-f6b3-4620-ab0b-d3a626bd490a\" href=\"https:\/\/www.icscoolenergy.com\/fr\/wp-content\/uploads\/sites\/2\/2024\/04\/FLOWCOOL-FS-2015-copy.pdf\" target=\"_blank\" rel=\"noreferrer noopener\"><strong>FlowCool-FS (Mono Propyl\u00e8ne Glycol)<\/strong><br>PDF (EN ANGLAIS)<\/a><a href=\"https:\/\/www.icscoolenergy.com\/fr\/wp-content\/uploads\/sites\/2\/2024\/04\/FLOWCOOL-FS-2015-copy.pdf\" class=\"wp-block-file__button wp-element-button\" download=\"\" aria-describedby=\"wp-block-file--media-114be661-f6b3-4620-ab0b-d3a626bd490a\"><img decoding=\"async\" class=\"wp-image-79903\" style=\"width: 26px;\" src=\"https:\/\/icsdevelopment.wpenginepowered.com\/wp-content\/uploads\/sites\/2\/2024\/03\/Group.svg\" alt=\"\"><span class=\"eplus-icon\"><span data-style=\"{\" enabled=\"\" style=\"border-radius:0px;\" class=\"eplus-icon\"><\/span><\/span> <\/a><\/div><\/div>\n<\/div>\n<\/div><\/div>\n\n<div style=\"height:100px\" aria-hidden=\"true\" class=\" wp-block-spacer eplus-wrapper\"><\/div>\n","protected":false},"excerpt":{"rendered":"<p>FLOWCOOL GLYCOL Le glycol est destin\u00e9 \u00e0 pr\u00e9venir le gel et les dommages aux syst\u00e8mes et \u00e9quipements qui peuvent entra\u00eener des arr\u00eats de production. C&rsquo;est l&rsquo;alternative pr\u00e9f\u00e9r\u00e9e \u00e0 l&rsquo;utilisation de l&rsquo;eau de ville dans les syst\u00e8mes de chauffage ou de refroidissement. Nous proposons une gamme FlowCool sp\u00e9cialement formul\u00e9e de produits \u00e0 base de glycol qui &#8230; <a title=\"FlowCool Glycol\" class=\"read-more\" href=\"https:\/\/www.icscoolenergy.com\/fr\/service\/flowcool-glycol\/\" aria-label=\"En savoir plus sur FlowCool Glycol\">Lire la suite<\/a><\/p>\n","protected":false},"author":1,"featured_media":0,"parent":121058,"menu_order":0,"comment_status":"closed","ping_status":"closed","template":"template-1.php","meta":{"_acf_changed":false,"inline_featured_image":false,"_editorskit_title_hidden":false,"_editorskit_reading_time":0,"_editorskit_is_block_options_detached":false,"_editorskit_block_options_position":"{}","editor_plus_copied_stylings":"{}","footnotes":""},"class_list":["post-121112","page","type-page","status-publish"],"acf":[],"yoast_head":"<!-- This site is optimized with the Yoast SEO Premium plugin v24.5 (Yoast SEO v26.9) - https:\/\/yoast.com\/product\/yoast-seo-premium-wordpress\/ -->\n<title>FlowCool Glycol - French<\/title>\n<meta name=\"robots\" content=\"index, follow, max-snippet:-1, max-image-preview:large, max-video-preview:-1\" \/>\n<link rel=\"canonical\" href=\"https:\/\/www.icscoolenergy.com\/fr\/service\/flowcool-glycol\/\" \/>\n<meta property=\"og:locale\" content=\"fr_FR\" \/>\n<meta property=\"og:type\" content=\"article\" \/>\n<meta property=\"og:title\" content=\"FlowCool Glycol\" \/>\n<meta property=\"og:description\" content=\"FLOWCOOL GLYCOL Le glycol est destin\u00e9 \u00e0 pr\u00e9venir le gel et les dommages aux syst\u00e8mes et \u00e9quipements qui peuvent entra\u00eener des arr\u00eats de production. C&rsquo;est l&rsquo;alternative pr\u00e9f\u00e9r\u00e9e \u00e0 l&rsquo;utilisation de l&rsquo;eau de ville dans les syst\u00e8mes de chauffage ou de refroidissement. Nous proposons une gamme FlowCool sp\u00e9cialement formul\u00e9e de produits \u00e0 base de glycol qui ... Lire la suite\" \/>\n<meta property=\"og:url\" content=\"https:\/\/www.icscoolenergy.com\/fr\/service\/flowcool-glycol\/\" \/>\n<meta property=\"og:site_name\" content=\"French\" \/>\n<meta property=\"article:modified_time\" content=\"2024-05-09T11:50:19+00:00\" \/>\n<meta property=\"og:image\" content=\"https:\/\/www.icscoolenergy.com\/fr\/wp-content\/uploads\/sites\/2\/2024\/05\/Glycol-Flowcool.jpg\" \/>\n<meta name=\"twitter:card\" content=\"summary_large_image\" \/>\n<meta name=\"twitter:label1\" content=\"Est. reading time\" \/>\n\t<meta name=\"twitter:data1\" content=\"1 minute\" \/>\n<script type=\"application\/ld+json\" class=\"yoast-schema-graph\">{\"@context\":\"https:\/\/schema.org\",\"@graph\":[{\"@type\":\"WebPage\",\"@id\":\"https:\/\/www.icscoolenergy.com\/fr\/service\/flowcool-glycol\/\",\"url\":\"https:\/\/www.icscoolenergy.com\/fr\/service\/flowcool-glycol\/\",\"name\":\"FlowCool Glycol - French\",\"isPartOf\":{\"@id\":\"https:\/\/www.icscoolenergy.com\/fr\/#website\"},\"primaryImageOfPage\":{\"@id\":\"https:\/\/www.icscoolenergy.com\/fr\/service\/flowcool-glycol\/#primaryimage\"},\"image\":{\"@id\":\"https:\/\/www.icscoolenergy.com\/fr\/service\/flowcool-glycol\/#primaryimage\"},\"thumbnailUrl\":\"https:\/\/www.icscoolenergy.com\/fr\/wp-content\/uploads\/sites\/2\/2024\/05\/Glycol-Flowcool.jpg\",\"datePublished\":\"2024-04-08T12:03:23+00:00\",\"dateModified\":\"2024-05-09T11:50:19+00:00\",\"breadcrumb\":{\"@id\":\"https:\/\/www.icscoolenergy.com\/fr\/service\/flowcool-glycol\/#breadcrumb\"},\"inLanguage\":\"fr-FR\",\"potentialAction\":[{\"@type\":\"ReadAction\",\"target\":[\"https:\/\/www.icscoolenergy.com\/fr\/service\/flowcool-glycol\/\"]}]},{\"@type\":\"ImageObject\",\"inLanguage\":\"fr-FR\",\"@id\":\"https:\/\/www.icscoolenergy.com\/fr\/service\/flowcool-glycol\/#primaryimage\",\"url\":\"https:\/\/www.icscoolenergy.com\/wp-content\/uploads\/sites\/2\/2024\/05\/Glycol-Flowcool.jpg\",\"contentUrl\":\"https:\/\/www.icscoolenergy.com\/wp-content\/uploads\/sites\/2\/2024\/05\/Glycol-Flowcool.jpg\",\"width\":1980,\"height\":845,\"caption\":\"Glycol Flowcool\"},{\"@type\":\"BreadcrumbList\",\"@id\":\"https:\/\/www.icscoolenergy.com\/fr\/service\/flowcool-glycol\/#breadcrumb\",\"itemListElement\":[{\"@type\":\"ListItem\",\"position\":1,\"name\":\"Home\",\"item\":\"https:\/\/www.icscoolenergy.com\/fr\/\"},{\"@type\":\"ListItem\",\"position\":2,\"name\":\"Service\",\"item\":\"https:\/\/www.icscoolenergy.com\/fr\/service\/\"},{\"@type\":\"ListItem\",\"position\":3,\"name\":\"FlowCool Glycol\"}]},{\"@type\":\"WebSite\",\"@id\":\"https:\/\/www.icscoolenergy.com\/fr\/#website\",\"url\":\"https:\/\/www.icscoolenergy.com\/fr\/\",\"name\":\"ICS Cool Energy\",\"description\":\"The Process Temperature Control Specialists\",\"publisher\":{\"@id\":\"https:\/\/www.icscoolenergy.com\/fr\/#organization\"},\"potentialAction\":[{\"@type\":\"SearchAction\",\"target\":{\"@type\":\"EntryPoint\",\"urlTemplate\":\"https:\/\/www.icscoolenergy.com\/fr\/?s={search_term_string}\"},\"query-input\":{\"@type\":\"PropertyValueSpecification\",\"valueRequired\":true,\"valueName\":\"search_term_string\"}}],\"inLanguage\":\"fr-FR\"},{\"@type\":\"Organization\",\"@id\":\"https:\/\/www.icscoolenergy.com\/fr\/#organization\",\"name\":\"ICS Cool Energy\",\"url\":\"https:\/\/www.icscoolenergy.com\/fr\/\",\"logo\":{\"@type\":\"ImageObject\",\"inLanguage\":\"fr-FR\",\"@id\":\"https:\/\/www.icscoolenergy.com\/fr\/#\/schema\/logo\/image\/\",\"url\":\"https:\/\/www.icscoolenergy.com\/wp-content\/uploads\/sites\/2\/2024\/01\/ics-cool-energy-logo.svg\",\"contentUrl\":\"https:\/\/www.icscoolenergy.com\/wp-content\/uploads\/sites\/2\/2024\/01\/ics-cool-energy-logo.svg\",\"caption\":\"ICS Cool Energy\"},\"image\":{\"@id\":\"https:\/\/www.icscoolenergy.com\/fr\/#\/schema\/logo\/image\/\"}}]}<\/script>\n<!-- \/ Yoast SEO Premium plugin. -->","yoast_head_json":{"title":"FlowCool Glycol - French","robots":{"index":"index","follow":"follow","max-snippet":"max-snippet:-1","max-image-preview":"max-image-preview:large","max-video-preview":"max-video-preview:-1"},"canonical":"https:\/\/www.icscoolenergy.com\/fr\/service\/flowcool-glycol\/","og_locale":"fr_FR","og_type":"article","og_title":"FlowCool Glycol","og_description":"FLOWCOOL GLYCOL Le glycol est destin\u00e9 \u00e0 pr\u00e9venir le gel et les dommages aux syst\u00e8mes et \u00e9quipements qui peuvent entra\u00eener des arr\u00eats de production. C&rsquo;est l&rsquo;alternative pr\u00e9f\u00e9r\u00e9e \u00e0 l&rsquo;utilisation de l&rsquo;eau de ville dans les syst\u00e8mes de chauffage ou de refroidissement. Nous proposons une gamme FlowCool sp\u00e9cialement formul\u00e9e de produits \u00e0 base de glycol qui ... Lire la suite","og_url":"https:\/\/www.icscoolenergy.com\/fr\/service\/flowcool-glycol\/","og_site_name":"French","article_modified_time":"2024-05-09T11:50:19+00:00","og_image":[{"url":"https:\/\/www.icscoolenergy.com\/fr\/wp-content\/uploads\/sites\/2\/2024\/05\/Glycol-Flowcool.jpg","type":"","width":"","height":""}],"twitter_card":"summary_large_image","twitter_misc":{"Est. reading time":"1 minute"},"schema":{"@context":"https:\/\/schema.org","@graph":[{"@type":"WebPage","@id":"https:\/\/www.icscoolenergy.com\/fr\/service\/flowcool-glycol\/","url":"https:\/\/www.icscoolenergy.com\/fr\/service\/flowcool-glycol\/","name":"FlowCool Glycol - French","isPartOf":{"@id":"https:\/\/www.icscoolenergy.com\/fr\/#website"},"primaryImageOfPage":{"@id":"https:\/\/www.icscoolenergy.com\/fr\/service\/flowcool-glycol\/#primaryimage"},"image":{"@id":"https:\/\/www.icscoolenergy.com\/fr\/service\/flowcool-glycol\/#primaryimage"},"thumbnailUrl":"https:\/\/www.icscoolenergy.com\/fr\/wp-content\/uploads\/sites\/2\/2024\/05\/Glycol-Flowcool.jpg","datePublished":"2024-04-08T12:03:23+00:00","dateModified":"2024-05-09T11:50:19+00:00","breadcrumb":{"@id":"https:\/\/www.icscoolenergy.com\/fr\/service\/flowcool-glycol\/#breadcrumb"},"inLanguage":"fr-FR","potentialAction":[{"@type":"ReadAction","target":["https:\/\/www.icscoolenergy.com\/fr\/service\/flowcool-glycol\/"]}]},{"@type":"ImageObject","inLanguage":"fr-FR","@id":"https:\/\/www.icscoolenergy.com\/fr\/service\/flowcool-glycol\/#primaryimage","url":"https:\/\/www.icscoolenergy.com\/wp-content\/uploads\/sites\/2\/2024\/05\/Glycol-Flowcool.jpg","contentUrl":"https:\/\/www.icscoolenergy.com\/wp-content\/uploads\/sites\/2\/2024\/05\/Glycol-Flowcool.jpg","width":1980,"height":845,"caption":"Glycol Flowcool"},{"@type":"BreadcrumbList","@id":"https:\/\/www.icscoolenergy.com\/fr\/service\/flowcool-glycol\/#breadcrumb","itemListElement":[{"@type":"ListItem","position":1,"name":"Home","item":"https:\/\/www.icscoolenergy.com\/fr\/"},{"@type":"ListItem","position":2,"name":"Service","item":"https:\/\/www.icscoolenergy.com\/fr\/service\/"},{"@type":"ListItem","position":3,"name":"FlowCool Glycol"}]},{"@type":"WebSite","@id":"https:\/\/www.icscoolenergy.com\/fr\/#website","url":"https:\/\/www.icscoolenergy.com\/fr\/","name":"ICS Cool Energy","description":"The Process Temperature Control Specialists","publisher":{"@id":"https:\/\/www.icscoolenergy.com\/fr\/#organization"},"potentialAction":[{"@type":"SearchAction","target":{"@type":"EntryPoint","urlTemplate":"https:\/\/www.icscoolenergy.com\/fr\/?s={search_term_string}"},"query-input":{"@type":"PropertyValueSpecification","valueRequired":true,"valueName":"search_term_string"}}],"inLanguage":"fr-FR"},{"@type":"Organization","@id":"https:\/\/www.icscoolenergy.com\/fr\/#organization","name":"ICS Cool Energy","url":"https:\/\/www.icscoolenergy.com\/fr\/","logo":{"@type":"ImageObject","inLanguage":"fr-FR","@id":"https:\/\/www.icscoolenergy.com\/fr\/#\/schema\/logo\/image\/","url":"https:\/\/www.icscoolenergy.com\/wp-content\/uploads\/sites\/2\/2024\/01\/ics-cool-energy-logo.svg","contentUrl":"https:\/\/www.icscoolenergy.com\/wp-content\/uploads\/sites\/2\/2024\/01\/ics-cool-energy-logo.svg","caption":"ICS Cool Energy"},"image":{"@id":"https:\/\/www.icscoolenergy.com\/fr\/#\/schema\/logo\/image\/"}}]}},"_links":{"self":[{"href":"https:\/\/www.icscoolenergy.com\/fr\/wp-json\/wp\/v2\/pages\/121112","targetHints":{"allow":["GET"]}}],"collection":[{"href":"https:\/\/www.icscoolenergy.com\/fr\/wp-json\/wp\/v2\/pages"}],"about":[{"href":"https:\/\/www.icscoolenergy.com\/fr\/wp-json\/wp\/v2\/types\/page"}],"author":[{"embeddable":true,"href":"https:\/\/www.icscoolenergy.com\/fr\/wp-json\/wp\/v2\/users\/1"}],"replies":[{"embeddable":true,"href":"https:\/\/www.icscoolenergy.com\/fr\/wp-json\/wp\/v2\/comments?post=121112"}],"version-history":[{"count":0,"href":"https:\/\/www.icscoolenergy.com\/fr\/wp-json\/wp\/v2\/pages\/121112\/revisions"}],"up":[{"embeddable":true,"href":"https:\/\/www.icscoolenergy.com\/fr\/wp-json\/wp\/v2\/pages\/121058"}],"wp:attachment":[{"href":"https:\/\/www.icscoolenergy.com\/fr\/wp-json\/wp\/v2\/media?parent=121112"}],"curies":[{"name":"wp","href":"https:\/\/api.w.org\/{rel}","templated":true}]}}