 
{"id":121145,"date":"2024-04-24T11:47:22","date_gmt":"2024-04-24T11:47:22","guid":{"rendered":"https:\/\/www.icscoolenergy.com\/fr\/service\/modifications\/"},"modified":"2024-05-09T11:51:34","modified_gmt":"2024-05-09T11:51:34","slug":"modifications","status":"publish","type":"page","link":"https:\/\/www.icscoolenergy.com\/fr\/service\/modifications\/","title":{"rendered":"Modifications"},"content":{"rendered":"\n<div class=\"mb-8 eplus-wrapper wp-block-group is-layout-flow wp-block-group-is-layout-flow\">\n<div class=\"md:relative eplus-wrapper wp-block-group is-layout-flow wp-block-group-is-layout-flow\">\n<div class=\"eplus-wrapper wp-block-cover\" style=\"min-height:451px;aspect-ratio:unset;\"><span aria-hidden=\"true\" class=\"wp-block-cover__background has-background-dim-0 has-background-dim\"><\/span><img loading=\"lazy\" decoding=\"async\" width=\"1980\" height=\"871\" class=\"wp-block-cover__image-background wp-image-84120\" alt=\"Chiller Modifications\" src=\"https:\/\/www.icscoolenergy.com\/fr\/wp-content\/uploads\/sites\/2\/2024\/04\/Chiller-Modifications-1.jpg\" data-object-fit=\"cover\" srcset=\"https:\/\/www.icscoolenergy.com\/wp-content\/uploads\/sites\/2\/2024\/04\/Chiller-Modifications-1.jpg 1980w, https:\/\/www.icscoolenergy.com\/wp-content\/uploads\/sites\/2\/2024\/04\/Chiller-Modifications-1-300x132.jpg 300w, https:\/\/www.icscoolenergy.com\/wp-content\/uploads\/sites\/2\/2024\/04\/Chiller-Modifications-1-1024x450.jpg 1024w, https:\/\/www.icscoolenergy.com\/wp-content\/uploads\/sites\/2\/2024\/04\/Chiller-Modifications-1-768x338.jpg 768w, https:\/\/www.icscoolenergy.com\/wp-content\/uploads\/sites\/2\/2024\/04\/Chiller-Modifications-1-50x22.jpg 50w, https:\/\/www.icscoolenergy.com\/wp-content\/uploads\/sites\/2\/2024\/04\/Chiller-Modifications-1-1600x704.jpg 1600w, https:\/\/www.icscoolenergy.com\/wp-content\/uploads\/sites\/2\/2024\/04\/Chiller-Modifications-1-1536x676.jpg 1536w, https:\/\/www.icscoolenergy.com\/wp-content\/uploads\/sites\/2\/2024\/04\/Chiller-Modifications-1-600x264.jpg 600w\" sizes=\"auto, (max-width: 1980px) 100vw, 1980px\" \/><div class=\"wp-block-cover__inner-container is-layout-flow wp-block-cover-is-layout-flow\">\n<p class=\" has-text-align-center has-large-font-size eplus-wrapper\"><\/p>\n<\/div><\/div>\n\n\n\n<div class=\"rounded-tr-md sm:w-full md:w-[80%] md:h-fit md:top-[80%] relative md:-mt-[10%] z-[1] md:left-0 eplus-wrapper wp-block-group has-background is-layout-constrained wp-block-group-is-layout-constrained\" style=\"background-color:#eaeaef\">\n<h1 class=\"eplus-wrapper pt-8 wp-block-heading has-text-color has-link-color wp-elements-7e534b7280c8a2910976a48ba5c4d273\" style=\"color:#312f5f\">MODIFICATIONS DU REFROIDISSEUR<\/h1>\n\n\n\n<p class=\" eplus-wrapper\">Quelle que soit l&rsquo;application, nous pouvons concevoir et construire une solution optimale pour r\u00e9pondre \u00e0 vos besoins gr\u00e2ce \u00e0 notre \u00e9quipe de modification interne.  <\/p>\n\n\n\n<p class=\" eplus-wrapper\">En tant que premier sp\u00e9cialiste britannique de la r\u00e9gulation de la temp\u00e9rature critique et de la temp\u00e9rature de process, nous poss\u00e9dons une vaste exp\u00e9rience dans la cr\u00e9ation de solutions sur mesure pour tous les march\u00e9s et applications critiques et de process.<\/p>\n\n\n\n<p class=\" eplus-wrapper\">Nous comprenons que certains processus ont des exigences sp\u00e9cifiques qui ne peuvent pas toujours \u00eatre satisfaites avec un refroidisseur de sp\u00e9cification standard. Nous pouvons enti\u00e8rement concevoir et fabriquer sur commande selon vos sp\u00e9cifications exactes, et pas seulement par le biais de modifications dans un entrep\u00f4t. Que votre application exige des mat\u00e9riaux, une capacit\u00e9, un espace ou une empreinte carbone sp\u00e9cifiques, vous pouvez compter sur nous pour la r\u00e9aliser.<\/p>\n\n\n\n<p class=\" eplus-wrapper\">Notre \u00e9quipe teste chaque refroidisseur en usine et peut proposer des tests d&rsquo;acceptation en usine (FAT) en personne ou par vid\u00e9o, des services d&rsquo;installation cl\u00e9s en main, des tests d&rsquo;acceptation sur site (SAT) et la mise en service si vous le souhaitez.<\/p>\n<\/div>\n<\/div>\n\n\n\n<div style=\"height:60px\" aria-hidden=\"true\" class=\"xs:hidden md:block eplus-wrapper wp-block-spacer\"><\/div>\n<\/div>\n\n<div class=\"wp-block-group eplus-wrapper is-layout-flow wp-block-group-is-layout-flow\"><div class=\"items-center md:flex xs:grid wp-block-columns eplus-wrapper is-layout-flex wp-container-core-columns-is-layout-9d6595d7 wp-block-columns-is-layout-flex eplus-styles-uid-e4d77e\">\n<div class=\"xs:order-2 md:order-2 xs:w-full md:w-6\/12 xs:mb-12 md:mb-0 wp-block-column eplus-wrapper is-layout-flow wp-block-column-is-layout-flow\">\n<figure class=\" wp-block-image size-full is-resized eplus-wrapper\"><img loading=\"lazy\" decoding=\"async\" width=\"600\" height=\"458\" src=\"https:\/\/www.icscoolenergy.com\/fr\/wp-content\/uploads\/sites\/2\/2024\/04\/Chiller-Modification-CTAjpg-1.jpg\" alt=\"\" class=\"wp-image-84125\" style=\"width:720px\" srcset=\"https:\/\/www.icscoolenergy.com\/wp-content\/uploads\/sites\/2\/2024\/04\/Chiller-Modification-CTAjpg-1.jpg 600w, https:\/\/www.icscoolenergy.com\/wp-content\/uploads\/sites\/2\/2024\/04\/Chiller-Modification-CTAjpg-1-300x229.jpg 300w, https:\/\/www.icscoolenergy.com\/wp-content\/uploads\/sites\/2\/2024\/04\/Chiller-Modification-CTAjpg-1-50x38.jpg 50w\" sizes=\"auto, (max-width: 600px) 100vw, 600px\" \/><\/figure>\n<\/div>\n\n\n\n<div class=\"xs:order-1 md:order-1 xs:w-full md:w-6\/12 wp-block-column eplus-wrapper is-layout-flow wp-block-column-is-layout-flow\">\n<h3 class=\" wp-block-heading eplus-wrapper\"><strong>COMPRENNENT DES MODIFICATIONS :<\/strong><\/h3>\n\n\n\n<div class=\"wp-block-group eplus-wrapper is-content-justification-left is-nowrap is-layout-flex wp-container-core-group-is-layout-f56a869c wp-block-group-is-layout-flex\">\n<figure class=\" wp-block-image size-large is-resized eplus-wrapper\"><img loading=\"lazy\" decoding=\"async\" width=\"87\" height=\"100\" src=\"https:\/\/www.icscoolenergy.com\/fr\/wp-content\/uploads\/sites\/2\/2024\/04\/Icons-2024_compliance.svg\" alt=\"\" class=\"wp-image-79453\" style=\"width:28px;height:auto\"><\/figure>\n\n\n\n<p class=\" eplus-wrapper\">Pompe (pas de pompe, 3 bar, 5 bar, 3 bar marche\/secours, 5 bar marche\/secours)<\/p>\n<\/div>\n\n\n\n<div style=\"height:8px\" aria-hidden=\"true\" class=\" wp-block-spacer eplus-wrapper\"><\/div>\n\n\n\n<div class=\"wp-block-group eplus-wrapper is-content-justification-left is-nowrap is-layout-flex wp-container-core-group-is-layout-f56a869c wp-block-group-is-layout-flex\">\n<figure class=\" wp-block-image size-large is-resized eplus-wrapper\"><img loading=\"lazy\" decoding=\"async\" width=\"87\" height=\"100\" src=\"https:\/\/www.icscoolenergy.com\/fr\/wp-content\/uploads\/sites\/2\/2024\/04\/Icons-2024_compliance.svg\" alt=\"\" class=\"wp-image-79453\" style=\"width:28px;height:auto\"><\/figure>\n\n\n\n<p class=\"has-text-align-left has-text-color has-link-color eplus-wrapper wp-elements-fee1087a30b6ed0d8c969c9d75edd2c4\" style=\"color:#323130\">R\u00e9servoir de remplissage et de purge manuel<\/p>\n<\/div>\n\n\n\n<div style=\"height:8px\" aria-hidden=\"true\" class=\" wp-block-spacer eplus-wrapper\"><\/div>\n\n\n\n<div class=\"wp-block-group eplus-wrapper is-content-justification-left is-nowrap is-layout-flex wp-container-core-group-is-layout-f56a869c wp-block-group-is-layout-flex\">\n<figure class=\" wp-block-image size-large is-resized eplus-wrapper\"><img loading=\"lazy\" decoding=\"async\" width=\"87\" height=\"100\" src=\"https:\/\/www.icscoolenergy.com\/fr\/wp-content\/uploads\/sites\/2\/2024\/04\/Icons-2024_compliance.svg\" alt=\"\" class=\"wp-image-79453\" style=\"width:28px;height:auto\"><\/figure>\n\n\n\n<p class=\"has-text-align-left has-text-color has-link-color eplus-wrapper wp-elements-9f0411f41d0f04b20d5a2eeebc621f71\" style=\"color:#323130\">By-pass manuel \/ de d\u00e9compression<\/p>\n<\/div>\n\n\n\n<div style=\"height:8px\" aria-hidden=\"true\" class=\" wp-block-spacer eplus-wrapper\"><\/div>\n\n\n\n<div class=\"wp-block-group eplus-wrapper is-content-justification-left is-nowrap is-layout-flex wp-container-core-group-is-layout-f56a869c wp-block-group-is-layout-flex\">\n<figure class=\" wp-block-image size-large is-resized eplus-wrapper\"><img loading=\"lazy\" decoding=\"async\" width=\"87\" height=\"100\" src=\"https:\/\/www.icscoolenergy.com\/fr\/wp-content\/uploads\/sites\/2\/2024\/04\/Icons-2024_compliance.svg\" alt=\"\" class=\"wp-image-79453\" style=\"width:28px;height:auto\"><\/figure>\n\n\n\n<p class=\" eplus-wrapper\">Kit anti-reflux (sol\u00e9no\u00efde et clapet anti-retour)<\/p>\n<\/div>\n\n\n\n<div style=\"height:8px\" aria-hidden=\"true\" class=\" wp-block-spacer eplus-wrapper\"><\/div>\n\n\n\n<div class=\"wp-block-group eplus-wrapper is-content-justification-left is-nowrap is-layout-flex wp-container-core-group-is-layout-f56a869c wp-block-group-is-layout-flex\">\n<figure class=\" wp-block-image size-large is-resized eplus-wrapper\"><img loading=\"lazy\" decoding=\"async\" width=\"87\" height=\"100\" src=\"https:\/\/www.icscoolenergy.com\/fr\/wp-content\/uploads\/sites\/2\/2024\/04\/Icons-2024_compliance.svg\" alt=\"\" class=\"wp-image-79453\" style=\"width:28px;height:auto\"><\/figure>\n\n\n\n<p class=\"has-text-align-left has-text-color has-link-color eplus-wrapper wp-elements-a1a8f47063a79203012c47dd65f0b4c1\" style=\"color:#323130\">Couleur du cadre adapt\u00e9e \u00e0 vos installations<\/p>\n<\/div>\n\n\n\n<div style=\"height:8px\" aria-hidden=\"true\" class=\" wp-block-spacer eplus-wrapper\"><\/div>\n<\/div>\n<\/div><\/div>\n\n<div style=\"height:80px\" aria-hidden=\"true\" class=\" wp-block-spacer eplus-wrapper\"><\/div>\n","protected":false},"excerpt":{"rendered":"<p>MODIFICATIONS DU REFROIDISSEUR Quelle que soit l&rsquo;application, nous pouvons concevoir et construire une solution optimale pour r\u00e9pondre \u00e0 vos besoins gr\u00e2ce \u00e0 notre \u00e9quipe de modification interne. En tant que premier sp\u00e9cialiste britannique de la r\u00e9gulation de la temp\u00e9rature critique et de la temp\u00e9rature de process, nous poss\u00e9dons une vaste exp\u00e9rience dans la cr\u00e9ation de &#8230; <a title=\"Modifications\" class=\"read-more\" href=\"https:\/\/www.icscoolenergy.com\/fr\/service\/modifications\/\" aria-label=\"En savoir plus sur Modifications\">Lire la suite<\/a><\/p>\n","protected":false},"author":10,"featured_media":0,"parent":121058,"menu_order":0,"comment_status":"closed","ping_status":"closed","template":"template-1.php","meta":{"_acf_changed":false,"inline_featured_image":false,"_editorskit_title_hidden":false,"_editorskit_reading_time":0,"_editorskit_is_block_options_detached":false,"_editorskit_block_options_position":"{}","editor_plus_copied_stylings":"{}","footnotes":""},"class_list":["post-121145","page","type-page","status-publish"],"acf":[],"yoast_head":"<!-- This site is optimized with the Yoast SEO Premium plugin v24.5 (Yoast SEO v26.9) - https:\/\/yoast.com\/product\/yoast-seo-premium-wordpress\/ -->\n<title>Modifications - French<\/title>\n<meta name=\"robots\" content=\"index, follow, max-snippet:-1, max-image-preview:large, max-video-preview:-1\" \/>\n<link rel=\"canonical\" href=\"https:\/\/www.icscoolenergy.com\/fr\/service\/modifications\/\" \/>\n<meta property=\"og:locale\" content=\"fr_FR\" \/>\n<meta property=\"og:type\" content=\"article\" \/>\n<meta property=\"og:title\" content=\"Modifications\" \/>\n<meta property=\"og:description\" content=\"MODIFICATIONS DU REFROIDISSEUR Quelle que soit l&rsquo;application, nous pouvons concevoir et construire une solution optimale pour r\u00e9pondre \u00e0 vos besoins gr\u00e2ce \u00e0 notre \u00e9quipe de modification interne. En tant que premier sp\u00e9cialiste britannique de la r\u00e9gulation de la temp\u00e9rature critique et de la temp\u00e9rature de process, nous poss\u00e9dons une vaste exp\u00e9rience dans la cr\u00e9ation de ... Lire la suite\" \/>\n<meta property=\"og:url\" content=\"https:\/\/www.icscoolenergy.com\/fr\/service\/modifications\/\" \/>\n<meta property=\"og:site_name\" content=\"French\" \/>\n<meta property=\"article:modified_time\" content=\"2024-05-09T11:51:34+00:00\" \/>\n<meta property=\"og:image\" content=\"https:\/\/www.icscoolenergy.com\/fr\/wp-content\/uploads\/sites\/2\/2024\/04\/Chiller-Modifications-1.jpg\" \/>\n<meta name=\"twitter:card\" content=\"summary_large_image\" \/>\n<meta name=\"twitter:label1\" content=\"Est. reading time\" \/>\n\t<meta name=\"twitter:data1\" content=\"1 minute\" \/>\n<script type=\"application\/ld+json\" class=\"yoast-schema-graph\">{\"@context\":\"https:\/\/schema.org\",\"@graph\":[{\"@type\":\"WebPage\",\"@id\":\"https:\/\/www.icscoolenergy.com\/fr\/service\/modifications\/\",\"url\":\"https:\/\/www.icscoolenergy.com\/fr\/service\/modifications\/\",\"name\":\"Modifications - French\",\"isPartOf\":{\"@id\":\"https:\/\/www.icscoolenergy.com\/fr\/#website\"},\"primaryImageOfPage\":{\"@id\":\"https:\/\/www.icscoolenergy.com\/fr\/service\/modifications\/#primaryimage\"},\"image\":{\"@id\":\"https:\/\/www.icscoolenergy.com\/fr\/service\/modifications\/#primaryimage\"},\"thumbnailUrl\":\"https:\/\/www.icscoolenergy.com\/fr\/wp-content\/uploads\/sites\/2\/2024\/04\/Chiller-Modifications-1.jpg\",\"datePublished\":\"2024-04-24T11:47:22+00:00\",\"dateModified\":\"2024-05-09T11:51:34+00:00\",\"breadcrumb\":{\"@id\":\"https:\/\/www.icscoolenergy.com\/fr\/service\/modifications\/#breadcrumb\"},\"inLanguage\":\"fr-FR\",\"potentialAction\":[{\"@type\":\"ReadAction\",\"target\":[\"https:\/\/www.icscoolenergy.com\/fr\/service\/modifications\/\"]}]},{\"@type\":\"ImageObject\",\"inLanguage\":\"fr-FR\",\"@id\":\"https:\/\/www.icscoolenergy.com\/fr\/service\/modifications\/#primaryimage\",\"url\":\"https:\/\/www.icscoolenergy.com\/wp-content\/uploads\/sites\/2\/2024\/04\/Chiller-Modifications-1.jpg\",\"contentUrl\":\"https:\/\/www.icscoolenergy.com\/wp-content\/uploads\/sites\/2\/2024\/04\/Chiller-Modifications-1.jpg\",\"width\":1980,\"height\":871,\"caption\":\"Chiller Modifications\"},{\"@type\":\"BreadcrumbList\",\"@id\":\"https:\/\/www.icscoolenergy.com\/fr\/service\/modifications\/#breadcrumb\",\"itemListElement\":[{\"@type\":\"ListItem\",\"position\":1,\"name\":\"Home\",\"item\":\"https:\/\/www.icscoolenergy.com\/fr\/\"},{\"@type\":\"ListItem\",\"position\":2,\"name\":\"Service\",\"item\":\"https:\/\/www.icscoolenergy.com\/fr\/service\/\"},{\"@type\":\"ListItem\",\"position\":3,\"name\":\"Modifications\"}]},{\"@type\":\"WebSite\",\"@id\":\"https:\/\/www.icscoolenergy.com\/fr\/#website\",\"url\":\"https:\/\/www.icscoolenergy.com\/fr\/\",\"name\":\"ICS Cool Energy\",\"description\":\"The Process Temperature Control Specialists\",\"publisher\":{\"@id\":\"https:\/\/www.icscoolenergy.com\/fr\/#organization\"},\"potentialAction\":[{\"@type\":\"SearchAction\",\"target\":{\"@type\":\"EntryPoint\",\"urlTemplate\":\"https:\/\/www.icscoolenergy.com\/fr\/?s={search_term_string}\"},\"query-input\":{\"@type\":\"PropertyValueSpecification\",\"valueRequired\":true,\"valueName\":\"search_term_string\"}}],\"inLanguage\":\"fr-FR\"},{\"@type\":\"Organization\",\"@id\":\"https:\/\/www.icscoolenergy.com\/fr\/#organization\",\"name\":\"ICS Cool Energy\",\"url\":\"https:\/\/www.icscoolenergy.com\/fr\/\",\"logo\":{\"@type\":\"ImageObject\",\"inLanguage\":\"fr-FR\",\"@id\":\"https:\/\/www.icscoolenergy.com\/fr\/#\/schema\/logo\/image\/\",\"url\":\"https:\/\/www.icscoolenergy.com\/wp-content\/uploads\/sites\/2\/2024\/01\/ics-cool-energy-logo.svg\",\"contentUrl\":\"https:\/\/www.icscoolenergy.com\/wp-content\/uploads\/sites\/2\/2024\/01\/ics-cool-energy-logo.svg\",\"caption\":\"ICS Cool Energy\"},\"image\":{\"@id\":\"https:\/\/www.icscoolenergy.com\/fr\/#\/schema\/logo\/image\/\"}}]}<\/script>\n<!-- \/ Yoast SEO Premium plugin. -->","yoast_head_json":{"title":"Modifications - French","robots":{"index":"index","follow":"follow","max-snippet":"max-snippet:-1","max-image-preview":"max-image-preview:large","max-video-preview":"max-video-preview:-1"},"canonical":"https:\/\/www.icscoolenergy.com\/fr\/service\/modifications\/","og_locale":"fr_FR","og_type":"article","og_title":"Modifications","og_description":"MODIFICATIONS DU REFROIDISSEUR Quelle que soit l&rsquo;application, nous pouvons concevoir et construire une solution optimale pour r\u00e9pondre \u00e0 vos besoins gr\u00e2ce \u00e0 notre \u00e9quipe de modification interne. En tant que premier sp\u00e9cialiste britannique de la r\u00e9gulation de la temp\u00e9rature critique et de la temp\u00e9rature de process, nous poss\u00e9dons une vaste exp\u00e9rience dans la cr\u00e9ation de ... Lire la suite","og_url":"https:\/\/www.icscoolenergy.com\/fr\/service\/modifications\/","og_site_name":"French","article_modified_time":"2024-05-09T11:51:34+00:00","og_image":[{"url":"https:\/\/www.icscoolenergy.com\/fr\/wp-content\/uploads\/sites\/2\/2024\/04\/Chiller-Modifications-1.jpg","type":"","width":"","height":""}],"twitter_card":"summary_large_image","twitter_misc":{"Est. reading time":"1 minute"},"schema":{"@context":"https:\/\/schema.org","@graph":[{"@type":"WebPage","@id":"https:\/\/www.icscoolenergy.com\/fr\/service\/modifications\/","url":"https:\/\/www.icscoolenergy.com\/fr\/service\/modifications\/","name":"Modifications - French","isPartOf":{"@id":"https:\/\/www.icscoolenergy.com\/fr\/#website"},"primaryImageOfPage":{"@id":"https:\/\/www.icscoolenergy.com\/fr\/service\/modifications\/#primaryimage"},"image":{"@id":"https:\/\/www.icscoolenergy.com\/fr\/service\/modifications\/#primaryimage"},"thumbnailUrl":"https:\/\/www.icscoolenergy.com\/fr\/wp-content\/uploads\/sites\/2\/2024\/04\/Chiller-Modifications-1.jpg","datePublished":"2024-04-24T11:47:22+00:00","dateModified":"2024-05-09T11:51:34+00:00","breadcrumb":{"@id":"https:\/\/www.icscoolenergy.com\/fr\/service\/modifications\/#breadcrumb"},"inLanguage":"fr-FR","potentialAction":[{"@type":"ReadAction","target":["https:\/\/www.icscoolenergy.com\/fr\/service\/modifications\/"]}]},{"@type":"ImageObject","inLanguage":"fr-FR","@id":"https:\/\/www.icscoolenergy.com\/fr\/service\/modifications\/#primaryimage","url":"https:\/\/www.icscoolenergy.com\/wp-content\/uploads\/sites\/2\/2024\/04\/Chiller-Modifications-1.jpg","contentUrl":"https:\/\/www.icscoolenergy.com\/wp-content\/uploads\/sites\/2\/2024\/04\/Chiller-Modifications-1.jpg","width":1980,"height":871,"caption":"Chiller Modifications"},{"@type":"BreadcrumbList","@id":"https:\/\/www.icscoolenergy.com\/fr\/service\/modifications\/#breadcrumb","itemListElement":[{"@type":"ListItem","position":1,"name":"Home","item":"https:\/\/www.icscoolenergy.com\/fr\/"},{"@type":"ListItem","position":2,"name":"Service","item":"https:\/\/www.icscoolenergy.com\/fr\/service\/"},{"@type":"ListItem","position":3,"name":"Modifications"}]},{"@type":"WebSite","@id":"https:\/\/www.icscoolenergy.com\/fr\/#website","url":"https:\/\/www.icscoolenergy.com\/fr\/","name":"ICS Cool Energy","description":"The Process Temperature Control Specialists","publisher":{"@id":"https:\/\/www.icscoolenergy.com\/fr\/#organization"},"potentialAction":[{"@type":"SearchAction","target":{"@type":"EntryPoint","urlTemplate":"https:\/\/www.icscoolenergy.com\/fr\/?s={search_term_string}"},"query-input":{"@type":"PropertyValueSpecification","valueRequired":true,"valueName":"search_term_string"}}],"inLanguage":"fr-FR"},{"@type":"Organization","@id":"https:\/\/www.icscoolenergy.com\/fr\/#organization","name":"ICS Cool Energy","url":"https:\/\/www.icscoolenergy.com\/fr\/","logo":{"@type":"ImageObject","inLanguage":"fr-FR","@id":"https:\/\/www.icscoolenergy.com\/fr\/#\/schema\/logo\/image\/","url":"https:\/\/www.icscoolenergy.com\/wp-content\/uploads\/sites\/2\/2024\/01\/ics-cool-energy-logo.svg","contentUrl":"https:\/\/www.icscoolenergy.com\/wp-content\/uploads\/sites\/2\/2024\/01\/ics-cool-energy-logo.svg","caption":"ICS Cool Energy"},"image":{"@id":"https:\/\/www.icscoolenergy.com\/fr\/#\/schema\/logo\/image\/"}}]}},"_links":{"self":[{"href":"https:\/\/www.icscoolenergy.com\/fr\/wp-json\/wp\/v2\/pages\/121145","targetHints":{"allow":["GET"]}}],"collection":[{"href":"https:\/\/www.icscoolenergy.com\/fr\/wp-json\/wp\/v2\/pages"}],"about":[{"href":"https:\/\/www.icscoolenergy.com\/fr\/wp-json\/wp\/v2\/types\/page"}],"author":[{"embeddable":true,"href":"https:\/\/www.icscoolenergy.com\/fr\/wp-json\/wp\/v2\/users\/10"}],"replies":[{"embeddable":true,"href":"https:\/\/www.icscoolenergy.com\/fr\/wp-json\/wp\/v2\/comments?post=121145"}],"version-history":[{"count":0,"href":"https:\/\/www.icscoolenergy.com\/fr\/wp-json\/wp\/v2\/pages\/121145\/revisions"}],"up":[{"embeddable":true,"href":"https:\/\/www.icscoolenergy.com\/fr\/wp-json\/wp\/v2\/pages\/121058"}],"wp:attachment":[{"href":"https:\/\/www.icscoolenergy.com\/fr\/wp-json\/wp\/v2\/media?parent=121145"}],"curies":[{"name":"wp","href":"https:\/\/api.w.org\/{rel}","templated":true}]}}