 
{"id":121526,"date":"2024-04-19T08:01:12","date_gmt":"2024-04-19T08:01:12","guid":{"rendered":"https:\/\/www.icscoolenergy.com\/fr\/non%20class\u00e9\/150-appareil-de-traitement-de-lair\/"},"modified":"2024-06-06T08:20:30","modified_gmt":"2024-06-06T08:20:30","slug":"150-appareil-de-traitement-de-lair","status":"publish","type":"product","link":"https:\/\/www.icscoolenergy.com\/fr\/150-appareil-de-traitement-de-lair\/","title":{"rendered":"150 Appareil de traitement de l&rsquo;air"},"content":{"rendered":"<p>Notre Air Handler 150 est une unit\u00e9 flexible \u00e0 un seul ventilateur capable d&rsquo;offrir un d\u00e9bit d&rsquo;air de 20 000 m\u00b3\/h.<\/p>\n<p>L&rsquo;unit\u00e9 n\u00e9cessite une source d&rsquo;eau pour le serpentin int\u00e9gr\u00e9 et dispose de raccords d&rsquo;eau \u00e0 d\u00e9gagement rapide, ainsi que d&rsquo;une connexion \u00e9lectrique triphas\u00e9e de 32 amp\u00e8res.<\/p>\n<p>Cette unit\u00e9 de traitement d&rsquo;air de 150 kW peut \u00eatre install\u00e9e \u00e0 l&rsquo;int\u00e9rieur ou \u00e0 l&rsquo;ext\u00e9rieur et dispose de 4 orifices de 500 mm pour le soufflage libre d&rsquo;air frais ou pour le raccordement de gaines flexibles afin de fournir de l&rsquo;air frais dans des zones suppl\u00e9mentaires jusqu&rsquo;\u00e0 30 m\u00e8tres.<\/p>\n<p>L&rsquo;unit\u00e9 est \u00e9galement fournie avec une pompe \u00e0 condensats, des filtres pliss\u00e9s G4 (BS EN 779) et un r\u00e9gulateur de vitesse de ventilateur variable (\u00e0 fr\u00e9quence variable).<\/p>\n","protected":false},"excerpt":{"rendered":"<p>Notre Air Handler 150 est une unit\u00e9 flexible \u00e0 un seul ventilateur capable d&rsquo;offrir un d\u00e9bit d&rsquo;air de 20 000 m\u00b3\/h. L&rsquo;unit\u00e9 n\u00e9cessite une source d&rsquo;eau pour le serpentin int\u00e9gr\u00e9 et dispose de raccords d&rsquo;eau \u00e0 d\u00e9gagement rapide, ainsi que d&rsquo;une connexion \u00e9lectrique triphas\u00e9e de 32 amp\u00e8res. Cette unit\u00e9 de traitement d&rsquo;air de 150 kW &#8230; <a title=\"150 Appareil de traitement de l&rsquo;air\" class=\"read-more\" href=\"https:\/\/www.icscoolenergy.com\/fr\/150-appareil-de-traitement-de-lair\/\" aria-label=\"En savoir plus sur 150 Appareil de traitement de l&rsquo;air\">Lire la suite<\/a><\/p>\n","protected":false},"featured_media":108718,"comment_status":"closed","ping_status":"closed","template":"","meta":{"_acf_changed":false,"inline_featured_image":false,"_editorskit_title_hidden":false,"_editorskit_reading_time":0,"_editorskit_is_block_options_detached":false,"_editorskit_block_options_position":"{}","editor_plus_copied_stylings":"{}"},"product_brand":[],"product_cat":[1077,1075],"product_tag":[],"class_list":{"0":"post-121526","1":"product","2":"type-product","3":"status-publish","4":"has-post-thumbnail","6":"product_cat-location-de-centrales-de-traitement-dair","7":"product_cat-unite-de-traitement-dair","9":"first","10":"instock","11":"shipping-taxable","12":"product-type-simple"},"acf":[],"yoast_head":"<!-- This site is optimized with the Yoast SEO Premium plugin v24.5 (Yoast SEO v26.9) - https:\/\/yoast.com\/product\/yoast-seo-premium-wordpress\/ -->\n<title>150 Appareil de traitement de l&#039;air - French<\/title>\n<meta name=\"robots\" content=\"index, follow, max-snippet:-1, max-image-preview:large, max-video-preview:-1\" \/>\n<link rel=\"canonical\" href=\"https:\/\/www.icscoolenergy.com\/fr\/150-appareil-de-traitement-de-lair\/\" \/>\n<meta property=\"og:locale\" content=\"fr_FR\" \/>\n<meta property=\"og:type\" content=\"article\" \/>\n<meta property=\"og:title\" content=\"150 Appareil de traitement de l&#039;air\" \/>\n<meta property=\"og:description\" content=\"Notre Air Handler 150 est une unit\u00e9 flexible \u00e0 un seul ventilateur capable d&rsquo;offrir un d\u00e9bit d&rsquo;air de 20 000 m\u00b3\/h. L&rsquo;unit\u00e9 n\u00e9cessite une source d&rsquo;eau pour le serpentin int\u00e9gr\u00e9 et dispose de raccords d&rsquo;eau \u00e0 d\u00e9gagement rapide, ainsi que d&rsquo;une connexion \u00e9lectrique triphas\u00e9e de 32 amp\u00e8res. Cette unit\u00e9 de traitement d&rsquo;air de 150 kW ... Lire la suite\" \/>\n<meta property=\"og:url\" content=\"https:\/\/www.icscoolenergy.com\/fr\/150-appareil-de-traitement-de-lair\/\" \/>\n<meta property=\"og:site_name\" content=\"French\" \/>\n<meta property=\"article:modified_time\" content=\"2024-06-06T08:20:30+00:00\" \/>\n<meta property=\"og:image\" content=\"https:\/\/www.icscoolenergy.com\/wp-content\/uploads\/sites\/2\/2024\/04\/AHU-150.png\" \/>\n\t<meta property=\"og:image:width\" content=\"560\" \/>\n\t<meta property=\"og:image:height\" content=\"420\" \/>\n\t<meta property=\"og:image:type\" content=\"image\/png\" \/>\n<meta name=\"twitter:card\" content=\"summary_large_image\" \/>\n<meta name=\"twitter:label1\" content=\"Est. reading time\" \/>\n\t<meta name=\"twitter:data1\" content=\"1 minute\" \/>\n<script type=\"application\/ld+json\" class=\"yoast-schema-graph\">{\"@context\":\"https:\/\/schema.org\",\"@graph\":[{\"@type\":\"WebPage\",\"@id\":\"https:\/\/www.icscoolenergy.com\/fr\/150-appareil-de-traitement-de-lair\/\",\"url\":\"https:\/\/www.icscoolenergy.com\/fr\/150-appareil-de-traitement-de-lair\/\",\"name\":\"150 Appareil de traitement de l'air - French\",\"isPartOf\":{\"@id\":\"https:\/\/www.icscoolenergy.com\/fr\/#website\"},\"primaryImageOfPage\":{\"@id\":\"https:\/\/www.icscoolenergy.com\/fr\/150-appareil-de-traitement-de-lair\/#primaryimage\"},\"image\":{\"@id\":\"https:\/\/www.icscoolenergy.com\/fr\/150-appareil-de-traitement-de-lair\/#primaryimage\"},\"thumbnailUrl\":\"https:\/\/www.icscoolenergy.com\/wp-content\/uploads\/sites\/2\/2024\/04\/AHU-150.png\",\"datePublished\":\"2024-04-19T08:01:12+00:00\",\"dateModified\":\"2024-06-06T08:20:30+00:00\",\"breadcrumb\":{\"@id\":\"https:\/\/www.icscoolenergy.com\/fr\/150-appareil-de-traitement-de-lair\/#breadcrumb\"},\"inLanguage\":\"fr-FR\",\"potentialAction\":[{\"@type\":\"ReadAction\",\"target\":[\"https:\/\/www.icscoolenergy.com\/fr\/150-appareil-de-traitement-de-lair\/\"]}]},{\"@type\":\"ImageObject\",\"inLanguage\":\"fr-FR\",\"@id\":\"https:\/\/www.icscoolenergy.com\/fr\/150-appareil-de-traitement-de-lair\/#primaryimage\",\"url\":\"https:\/\/www.icscoolenergy.com\/wp-content\/uploads\/sites\/2\/2024\/04\/AHU-150.png\",\"contentUrl\":\"https:\/\/www.icscoolenergy.com\/wp-content\/uploads\/sites\/2\/2024\/04\/AHU-150.png\",\"width\":560,\"height\":420,\"caption\":\"150 Appareil de traitement de l'air\"},{\"@type\":\"BreadcrumbList\",\"@id\":\"https:\/\/www.icscoolenergy.com\/fr\/150-appareil-de-traitement-de-lair\/#breadcrumb\",\"itemListElement\":[{\"@type\":\"ListItem\",\"position\":1,\"name\":\"Home\",\"item\":\"https:\/\/www.icscoolenergy.com\/fr\/\"},{\"@type\":\"ListItem\",\"position\":2,\"name\":\"Boutique\",\"item\":\"https:\/\/www.icscoolenergy.com\/fr\/boutique\/\"},{\"@type\":\"ListItem\",\"position\":3,\"name\":\"150 Appareil de traitement de l&rsquo;air\"}]},{\"@type\":\"WebSite\",\"@id\":\"https:\/\/www.icscoolenergy.com\/fr\/#website\",\"url\":\"https:\/\/www.icscoolenergy.com\/fr\/\",\"name\":\"ICS Cool Energy\",\"description\":\"The Process Temperature Control Specialists\",\"publisher\":{\"@id\":\"https:\/\/www.icscoolenergy.com\/fr\/#organization\"},\"potentialAction\":[{\"@type\":\"SearchAction\",\"target\":{\"@type\":\"EntryPoint\",\"urlTemplate\":\"https:\/\/www.icscoolenergy.com\/fr\/?s={search_term_string}\"},\"query-input\":{\"@type\":\"PropertyValueSpecification\",\"valueRequired\":true,\"valueName\":\"search_term_string\"}}],\"inLanguage\":\"fr-FR\"},{\"@type\":\"Organization\",\"@id\":\"https:\/\/www.icscoolenergy.com\/fr\/#organization\",\"name\":\"ICS Cool Energy\",\"url\":\"https:\/\/www.icscoolenergy.com\/fr\/\",\"logo\":{\"@type\":\"ImageObject\",\"inLanguage\":\"fr-FR\",\"@id\":\"https:\/\/www.icscoolenergy.com\/fr\/#\/schema\/logo\/image\/\",\"url\":\"https:\/\/www.icscoolenergy.com\/wp-content\/uploads\/sites\/2\/2024\/01\/ics-cool-energy-logo.svg\",\"contentUrl\":\"https:\/\/www.icscoolenergy.com\/wp-content\/uploads\/sites\/2\/2024\/01\/ics-cool-energy-logo.svg\",\"caption\":\"ICS Cool Energy\"},\"image\":{\"@id\":\"https:\/\/www.icscoolenergy.com\/fr\/#\/schema\/logo\/image\/\"}}]}<\/script>\n<!-- \/ Yoast SEO Premium plugin. -->","yoast_head_json":{"title":"150 Appareil de traitement de l'air - French","robots":{"index":"index","follow":"follow","max-snippet":"max-snippet:-1","max-image-preview":"max-image-preview:large","max-video-preview":"max-video-preview:-1"},"canonical":"https:\/\/www.icscoolenergy.com\/fr\/150-appareil-de-traitement-de-lair\/","og_locale":"fr_FR","og_type":"article","og_title":"150 Appareil de traitement de l'air","og_description":"Notre Air Handler 150 est une unit\u00e9 flexible \u00e0 un seul ventilateur capable d&rsquo;offrir un d\u00e9bit d&rsquo;air de 20 000 m\u00b3\/h. L&rsquo;unit\u00e9 n\u00e9cessite une source d&rsquo;eau pour le serpentin int\u00e9gr\u00e9 et dispose de raccords d&rsquo;eau \u00e0 d\u00e9gagement rapide, ainsi que d&rsquo;une connexion \u00e9lectrique triphas\u00e9e de 32 amp\u00e8res. Cette unit\u00e9 de traitement d&rsquo;air de 150 kW ... Lire la suite","og_url":"https:\/\/www.icscoolenergy.com\/fr\/150-appareil-de-traitement-de-lair\/","og_site_name":"French","article_modified_time":"2024-06-06T08:20:30+00:00","og_image":[{"width":560,"height":420,"url":"https:\/\/www.icscoolenergy.com\/wp-content\/uploads\/sites\/2\/2024\/04\/AHU-150.png","type":"image\/png"}],"twitter_card":"summary_large_image","twitter_misc":{"Est. reading time":"1 minute"},"schema":{"@context":"https:\/\/schema.org","@graph":[{"@type":"WebPage","@id":"https:\/\/www.icscoolenergy.com\/fr\/150-appareil-de-traitement-de-lair\/","url":"https:\/\/www.icscoolenergy.com\/fr\/150-appareil-de-traitement-de-lair\/","name":"150 Appareil de traitement de l'air - French","isPartOf":{"@id":"https:\/\/www.icscoolenergy.com\/fr\/#website"},"primaryImageOfPage":{"@id":"https:\/\/www.icscoolenergy.com\/fr\/150-appareil-de-traitement-de-lair\/#primaryimage"},"image":{"@id":"https:\/\/www.icscoolenergy.com\/fr\/150-appareil-de-traitement-de-lair\/#primaryimage"},"thumbnailUrl":"https:\/\/www.icscoolenergy.com\/wp-content\/uploads\/sites\/2\/2024\/04\/AHU-150.png","datePublished":"2024-04-19T08:01:12+00:00","dateModified":"2024-06-06T08:20:30+00:00","breadcrumb":{"@id":"https:\/\/www.icscoolenergy.com\/fr\/150-appareil-de-traitement-de-lair\/#breadcrumb"},"inLanguage":"fr-FR","potentialAction":[{"@type":"ReadAction","target":["https:\/\/www.icscoolenergy.com\/fr\/150-appareil-de-traitement-de-lair\/"]}]},{"@type":"ImageObject","inLanguage":"fr-FR","@id":"https:\/\/www.icscoolenergy.com\/fr\/150-appareil-de-traitement-de-lair\/#primaryimage","url":"https:\/\/www.icscoolenergy.com\/wp-content\/uploads\/sites\/2\/2024\/04\/AHU-150.png","contentUrl":"https:\/\/www.icscoolenergy.com\/wp-content\/uploads\/sites\/2\/2024\/04\/AHU-150.png","width":560,"height":420,"caption":"150 Appareil de traitement de l'air"},{"@type":"BreadcrumbList","@id":"https:\/\/www.icscoolenergy.com\/fr\/150-appareil-de-traitement-de-lair\/#breadcrumb","itemListElement":[{"@type":"ListItem","position":1,"name":"Home","item":"https:\/\/www.icscoolenergy.com\/fr\/"},{"@type":"ListItem","position":2,"name":"Boutique","item":"https:\/\/www.icscoolenergy.com\/fr\/boutique\/"},{"@type":"ListItem","position":3,"name":"150 Appareil de traitement de l&rsquo;air"}]},{"@type":"WebSite","@id":"https:\/\/www.icscoolenergy.com\/fr\/#website","url":"https:\/\/www.icscoolenergy.com\/fr\/","name":"ICS Cool Energy","description":"The Process Temperature Control Specialists","publisher":{"@id":"https:\/\/www.icscoolenergy.com\/fr\/#organization"},"potentialAction":[{"@type":"SearchAction","target":{"@type":"EntryPoint","urlTemplate":"https:\/\/www.icscoolenergy.com\/fr\/?s={search_term_string}"},"query-input":{"@type":"PropertyValueSpecification","valueRequired":true,"valueName":"search_term_string"}}],"inLanguage":"fr-FR"},{"@type":"Organization","@id":"https:\/\/www.icscoolenergy.com\/fr\/#organization","name":"ICS Cool Energy","url":"https:\/\/www.icscoolenergy.com\/fr\/","logo":{"@type":"ImageObject","inLanguage":"fr-FR","@id":"https:\/\/www.icscoolenergy.com\/fr\/#\/schema\/logo\/image\/","url":"https:\/\/www.icscoolenergy.com\/wp-content\/uploads\/sites\/2\/2024\/01\/ics-cool-energy-logo.svg","contentUrl":"https:\/\/www.icscoolenergy.com\/wp-content\/uploads\/sites\/2\/2024\/01\/ics-cool-energy-logo.svg","caption":"ICS Cool Energy"},"image":{"@id":"https:\/\/www.icscoolenergy.com\/fr\/#\/schema\/logo\/image\/"}}]}},"_links":{"self":[{"href":"https:\/\/www.icscoolenergy.com\/fr\/wp-json\/wp\/v2\/product\/121526","targetHints":{"allow":["GET"]}}],"collection":[{"href":"https:\/\/www.icscoolenergy.com\/fr\/wp-json\/wp\/v2\/product"}],"about":[{"href":"https:\/\/www.icscoolenergy.com\/fr\/wp-json\/wp\/v2\/types\/product"}],"replies":[{"embeddable":true,"href":"https:\/\/www.icscoolenergy.com\/fr\/wp-json\/wp\/v2\/comments?post=121526"}],"wp:featuredmedia":[{"embeddable":true,"href":"https:\/\/www.icscoolenergy.com\/fr\/wp-json\/wp\/v2\/media\/108718"}],"wp:attachment":[{"href":"https:\/\/www.icscoolenergy.com\/fr\/wp-json\/wp\/v2\/media?parent=121526"}],"wp:term":[{"taxonomy":"product_brand","embeddable":true,"href":"https:\/\/www.icscoolenergy.com\/fr\/wp-json\/wp\/v2\/product_brand?post=121526"},{"taxonomy":"product_cat","embeddable":true,"href":"https:\/\/www.icscoolenergy.com\/fr\/wp-json\/wp\/v2\/product_cat?post=121526"},{"taxonomy":"product_tag","embeddable":true,"href":"https:\/\/www.icscoolenergy.com\/fr\/wp-json\/wp\/v2\/product_tag?post=121526"}],"curies":[{"name":"wp","href":"https:\/\/api.w.org\/{rel}","templated":true}]}}