 
{"id":121534,"date":"2024-04-16T12:42:28","date_gmt":"2024-04-16T12:42:28","guid":{"rendered":"https:\/\/www.icscoolenergy.com\/fr\/non%20class\u00e9\/i-chiller-compact-n\/"},"modified":"2024-06-06T13:42:01","modified_gmt":"2024-06-06T13:42:01","slug":"i-chiller-compact-n","status":"publish","type":"product","link":"https:\/\/www.icscoolenergy.com\/fr\/i-chiller-compact-n\/","title":{"rendered":"i-Chiller Compact n"},"content":{"rendered":"<p>Les industries modernes exigent des solutions techniques qui garantissent une productivit\u00e9 globale accrue, une grande pr\u00e9cision, une qualit\u00e9 de produit \u00e9lev\u00e9e, une r\u00e9duction des co\u00fbts globaux du syst\u00e8me et une grande sensibilit\u00e9 \u00e0 l&rsquo;environnement.<\/p>\n<p>Les refroidisseurs de liquide i-Chiller Compact-n sont con\u00e7us sp\u00e9cifiquement pour l&rsquo;industrie et utilisent le r\u00e9frig\u00e9rant naturel R290, respectueux de l&rsquo;environnement. La configuration innovante de l&rsquo;\u00e9vaporateur dans le r\u00e9servoir offre des avantages uniques aux utilisateurs industriels, en maintenant un fonctionnement \u00e0 s\u00e9curit\u00e9 int\u00e9gr\u00e9e dans toutes les applications et conditions.<\/p>\n","protected":false},"excerpt":{"rendered":"<p>Les industries modernes exigent des solutions techniques qui garantissent une productivit\u00e9 globale accrue, une grande pr\u00e9cision, une qualit\u00e9 de produit \u00e9lev\u00e9e, une r\u00e9duction des co\u00fbts globaux du syst\u00e8me et une grande sensibilit\u00e9 \u00e0 l&rsquo;environnement. Les refroidisseurs de liquide i-Chiller Compact-n sont con\u00e7us sp\u00e9cifiquement pour l&rsquo;industrie et utilisent le r\u00e9frig\u00e9rant naturel R290, respectueux de l&rsquo;environnement. La &#8230; <a title=\"i-Chiller Compact n\" class=\"read-more\" href=\"https:\/\/www.icscoolenergy.com\/fr\/i-chiller-compact-n\/\" aria-label=\"En savoir plus sur i-Chiller Compact n\">Lire la suite<\/a><\/p>\n","protected":false},"featured_media":112065,"comment_status":"closed","ping_status":"closed","template":"","meta":{"_acf_changed":false,"inline_featured_image":false,"_editorskit_title_hidden":false,"_editorskit_reading_time":0,"_editorskit_is_block_options_detached":false,"_editorskit_block_options_position":"{}","editor_plus_copied_stylings":"{}"},"product_brand":[],"product_cat":[1096],"product_tag":[],"class_list":{"0":"post-121534","1":"product","2":"type-product","3":"status-publish","4":"has-post-thumbnail","6":"product_cat-ventes-de-refroidisseurs-de-processus","8":"first","9":"instock","10":"shipping-taxable","11":"product-type-simple"},"acf":[],"yoast_head":"<!-- This site is optimized with the Yoast SEO Premium plugin v24.5 (Yoast SEO v26.9) - https:\/\/yoast.com\/product\/yoast-seo-premium-wordpress\/ -->\n<title>i-Chiller Compact n - French<\/title>\n<meta name=\"robots\" content=\"index, follow, max-snippet:-1, max-image-preview:large, max-video-preview:-1\" \/>\n<link rel=\"canonical\" href=\"https:\/\/www.icscoolenergy.com\/fr\/i-chiller-compact-n\/\" \/>\n<meta property=\"og:locale\" content=\"fr_FR\" \/>\n<meta property=\"og:type\" content=\"article\" \/>\n<meta property=\"og:title\" content=\"i-Chiller Compact n\" \/>\n<meta property=\"og:description\" content=\"Les industries modernes exigent des solutions techniques qui garantissent une productivit\u00e9 globale accrue, une grande pr\u00e9cision, une qualit\u00e9 de produit \u00e9lev\u00e9e, une r\u00e9duction des co\u00fbts globaux du syst\u00e8me et une grande sensibilit\u00e9 \u00e0 l&rsquo;environnement. Les refroidisseurs de liquide i-Chiller Compact-n sont con\u00e7us sp\u00e9cifiquement pour l&rsquo;industrie et utilisent le r\u00e9frig\u00e9rant naturel R290, respectueux de l&rsquo;environnement. La ... Lire la suite\" \/>\n<meta property=\"og:url\" content=\"https:\/\/www.icscoolenergy.com\/fr\/i-chiller-compact-n\/\" \/>\n<meta property=\"og:site_name\" content=\"French\" \/>\n<meta property=\"article:modified_time\" content=\"2024-06-06T13:42:01+00:00\" \/>\n<meta property=\"og:image\" content=\"https:\/\/www.icscoolenergy.com\/wp-content\/uploads\/sites\/2\/2024\/04\/i-Chiller-Compact-Hero.png\" \/>\n\t<meta property=\"og:image:width\" content=\"560\" \/>\n\t<meta property=\"og:image:height\" content=\"420\" \/>\n\t<meta property=\"og:image:type\" content=\"image\/png\" \/>\n<meta name=\"twitter:card\" content=\"summary_large_image\" \/>\n<meta name=\"twitter:label1\" content=\"Est. reading time\" \/>\n\t<meta name=\"twitter:data1\" content=\"1 minute\" \/>\n<script type=\"application\/ld+json\" class=\"yoast-schema-graph\">{\"@context\":\"https:\/\/schema.org\",\"@graph\":[{\"@type\":\"WebPage\",\"@id\":\"https:\/\/www.icscoolenergy.com\/fr\/i-chiller-compact-n\/\",\"url\":\"https:\/\/www.icscoolenergy.com\/fr\/i-chiller-compact-n\/\",\"name\":\"i-Chiller Compact n - French\",\"isPartOf\":{\"@id\":\"https:\/\/www.icscoolenergy.com\/fr\/#website\"},\"primaryImageOfPage\":{\"@id\":\"https:\/\/www.icscoolenergy.com\/fr\/i-chiller-compact-n\/#primaryimage\"},\"image\":{\"@id\":\"https:\/\/www.icscoolenergy.com\/fr\/i-chiller-compact-n\/#primaryimage\"},\"thumbnailUrl\":\"https:\/\/www.icscoolenergy.com\/wp-content\/uploads\/sites\/2\/2024\/04\/i-Chiller-Compact-Hero.png\",\"datePublished\":\"2024-04-16T12:42:28+00:00\",\"dateModified\":\"2024-06-06T13:42:01+00:00\",\"breadcrumb\":{\"@id\":\"https:\/\/www.icscoolenergy.com\/fr\/i-chiller-compact-n\/#breadcrumb\"},\"inLanguage\":\"fr-FR\",\"potentialAction\":[{\"@type\":\"ReadAction\",\"target\":[\"https:\/\/www.icscoolenergy.com\/fr\/i-chiller-compact-n\/\"]}]},{\"@type\":\"ImageObject\",\"inLanguage\":\"fr-FR\",\"@id\":\"https:\/\/www.icscoolenergy.com\/fr\/i-chiller-compact-n\/#primaryimage\",\"url\":\"https:\/\/www.icscoolenergy.com\/wp-content\/uploads\/sites\/2\/2024\/04\/i-Chiller-Compact-Hero.png\",\"contentUrl\":\"https:\/\/www.icscoolenergy.com\/wp-content\/uploads\/sites\/2\/2024\/04\/i-Chiller-Compact-Hero.png\",\"width\":560,\"height\":420,\"caption\":\"i-Chiller Compact Hero\"},{\"@type\":\"BreadcrumbList\",\"@id\":\"https:\/\/www.icscoolenergy.com\/fr\/i-chiller-compact-n\/#breadcrumb\",\"itemListElement\":[{\"@type\":\"ListItem\",\"position\":1,\"name\":\"Home\",\"item\":\"https:\/\/www.icscoolenergy.com\/fr\/\"},{\"@type\":\"ListItem\",\"position\":2,\"name\":\"Boutique\",\"item\":\"https:\/\/www.icscoolenergy.com\/fr\/boutique\/\"},{\"@type\":\"ListItem\",\"position\":3,\"name\":\"i-Chiller Compact n\"}]},{\"@type\":\"WebSite\",\"@id\":\"https:\/\/www.icscoolenergy.com\/fr\/#website\",\"url\":\"https:\/\/www.icscoolenergy.com\/fr\/\",\"name\":\"ICS Cool Energy\",\"description\":\"The Process Temperature Control Specialists\",\"publisher\":{\"@id\":\"https:\/\/www.icscoolenergy.com\/fr\/#organization\"},\"potentialAction\":[{\"@type\":\"SearchAction\",\"target\":{\"@type\":\"EntryPoint\",\"urlTemplate\":\"https:\/\/www.icscoolenergy.com\/fr\/?s={search_term_string}\"},\"query-input\":{\"@type\":\"PropertyValueSpecification\",\"valueRequired\":true,\"valueName\":\"search_term_string\"}}],\"inLanguage\":\"fr-FR\"},{\"@type\":\"Organization\",\"@id\":\"https:\/\/www.icscoolenergy.com\/fr\/#organization\",\"name\":\"ICS Cool Energy\",\"url\":\"https:\/\/www.icscoolenergy.com\/fr\/\",\"logo\":{\"@type\":\"ImageObject\",\"inLanguage\":\"fr-FR\",\"@id\":\"https:\/\/www.icscoolenergy.com\/fr\/#\/schema\/logo\/image\/\",\"url\":\"https:\/\/www.icscoolenergy.com\/wp-content\/uploads\/sites\/2\/2024\/01\/ics-cool-energy-logo.svg\",\"contentUrl\":\"https:\/\/www.icscoolenergy.com\/wp-content\/uploads\/sites\/2\/2024\/01\/ics-cool-energy-logo.svg\",\"caption\":\"ICS Cool Energy\"},\"image\":{\"@id\":\"https:\/\/www.icscoolenergy.com\/fr\/#\/schema\/logo\/image\/\"}}]}<\/script>\n<!-- \/ Yoast SEO Premium plugin. -->","yoast_head_json":{"title":"i-Chiller Compact n - French","robots":{"index":"index","follow":"follow","max-snippet":"max-snippet:-1","max-image-preview":"max-image-preview:large","max-video-preview":"max-video-preview:-1"},"canonical":"https:\/\/www.icscoolenergy.com\/fr\/i-chiller-compact-n\/","og_locale":"fr_FR","og_type":"article","og_title":"i-Chiller Compact n","og_description":"Les industries modernes exigent des solutions techniques qui garantissent une productivit\u00e9 globale accrue, une grande pr\u00e9cision, une qualit\u00e9 de produit \u00e9lev\u00e9e, une r\u00e9duction des co\u00fbts globaux du syst\u00e8me et une grande sensibilit\u00e9 \u00e0 l&rsquo;environnement. Les refroidisseurs de liquide i-Chiller Compact-n sont con\u00e7us sp\u00e9cifiquement pour l&rsquo;industrie et utilisent le r\u00e9frig\u00e9rant naturel R290, respectueux de l&rsquo;environnement. La ... Lire la suite","og_url":"https:\/\/www.icscoolenergy.com\/fr\/i-chiller-compact-n\/","og_site_name":"French","article_modified_time":"2024-06-06T13:42:01+00:00","og_image":[{"width":560,"height":420,"url":"https:\/\/www.icscoolenergy.com\/wp-content\/uploads\/sites\/2\/2024\/04\/i-Chiller-Compact-Hero.png","type":"image\/png"}],"twitter_card":"summary_large_image","twitter_misc":{"Est. reading time":"1 minute"},"schema":{"@context":"https:\/\/schema.org","@graph":[{"@type":"WebPage","@id":"https:\/\/www.icscoolenergy.com\/fr\/i-chiller-compact-n\/","url":"https:\/\/www.icscoolenergy.com\/fr\/i-chiller-compact-n\/","name":"i-Chiller Compact n - French","isPartOf":{"@id":"https:\/\/www.icscoolenergy.com\/fr\/#website"},"primaryImageOfPage":{"@id":"https:\/\/www.icscoolenergy.com\/fr\/i-chiller-compact-n\/#primaryimage"},"image":{"@id":"https:\/\/www.icscoolenergy.com\/fr\/i-chiller-compact-n\/#primaryimage"},"thumbnailUrl":"https:\/\/www.icscoolenergy.com\/wp-content\/uploads\/sites\/2\/2024\/04\/i-Chiller-Compact-Hero.png","datePublished":"2024-04-16T12:42:28+00:00","dateModified":"2024-06-06T13:42:01+00:00","breadcrumb":{"@id":"https:\/\/www.icscoolenergy.com\/fr\/i-chiller-compact-n\/#breadcrumb"},"inLanguage":"fr-FR","potentialAction":[{"@type":"ReadAction","target":["https:\/\/www.icscoolenergy.com\/fr\/i-chiller-compact-n\/"]}]},{"@type":"ImageObject","inLanguage":"fr-FR","@id":"https:\/\/www.icscoolenergy.com\/fr\/i-chiller-compact-n\/#primaryimage","url":"https:\/\/www.icscoolenergy.com\/wp-content\/uploads\/sites\/2\/2024\/04\/i-Chiller-Compact-Hero.png","contentUrl":"https:\/\/www.icscoolenergy.com\/wp-content\/uploads\/sites\/2\/2024\/04\/i-Chiller-Compact-Hero.png","width":560,"height":420,"caption":"i-Chiller Compact Hero"},{"@type":"BreadcrumbList","@id":"https:\/\/www.icscoolenergy.com\/fr\/i-chiller-compact-n\/#breadcrumb","itemListElement":[{"@type":"ListItem","position":1,"name":"Home","item":"https:\/\/www.icscoolenergy.com\/fr\/"},{"@type":"ListItem","position":2,"name":"Boutique","item":"https:\/\/www.icscoolenergy.com\/fr\/boutique\/"},{"@type":"ListItem","position":3,"name":"i-Chiller Compact n"}]},{"@type":"WebSite","@id":"https:\/\/www.icscoolenergy.com\/fr\/#website","url":"https:\/\/www.icscoolenergy.com\/fr\/","name":"ICS Cool Energy","description":"The Process Temperature Control Specialists","publisher":{"@id":"https:\/\/www.icscoolenergy.com\/fr\/#organization"},"potentialAction":[{"@type":"SearchAction","target":{"@type":"EntryPoint","urlTemplate":"https:\/\/www.icscoolenergy.com\/fr\/?s={search_term_string}"},"query-input":{"@type":"PropertyValueSpecification","valueRequired":true,"valueName":"search_term_string"}}],"inLanguage":"fr-FR"},{"@type":"Organization","@id":"https:\/\/www.icscoolenergy.com\/fr\/#organization","name":"ICS Cool Energy","url":"https:\/\/www.icscoolenergy.com\/fr\/","logo":{"@type":"ImageObject","inLanguage":"fr-FR","@id":"https:\/\/www.icscoolenergy.com\/fr\/#\/schema\/logo\/image\/","url":"https:\/\/www.icscoolenergy.com\/wp-content\/uploads\/sites\/2\/2024\/01\/ics-cool-energy-logo.svg","contentUrl":"https:\/\/www.icscoolenergy.com\/wp-content\/uploads\/sites\/2\/2024\/01\/ics-cool-energy-logo.svg","caption":"ICS Cool Energy"},"image":{"@id":"https:\/\/www.icscoolenergy.com\/fr\/#\/schema\/logo\/image\/"}}]}},"_links":{"self":[{"href":"https:\/\/www.icscoolenergy.com\/fr\/wp-json\/wp\/v2\/product\/121534","targetHints":{"allow":["GET"]}}],"collection":[{"href":"https:\/\/www.icscoolenergy.com\/fr\/wp-json\/wp\/v2\/product"}],"about":[{"href":"https:\/\/www.icscoolenergy.com\/fr\/wp-json\/wp\/v2\/types\/product"}],"replies":[{"embeddable":true,"href":"https:\/\/www.icscoolenergy.com\/fr\/wp-json\/wp\/v2\/comments?post=121534"}],"wp:featuredmedia":[{"embeddable":true,"href":"https:\/\/www.icscoolenergy.com\/fr\/wp-json\/wp\/v2\/media\/112065"}],"wp:attachment":[{"href":"https:\/\/www.icscoolenergy.com\/fr\/wp-json\/wp\/v2\/media?parent=121534"}],"wp:term":[{"taxonomy":"product_brand","embeddable":true,"href":"https:\/\/www.icscoolenergy.com\/fr\/wp-json\/wp\/v2\/product_brand?post=121534"},{"taxonomy":"product_cat","embeddable":true,"href":"https:\/\/www.icscoolenergy.com\/fr\/wp-json\/wp\/v2\/product_cat?post=121534"},{"taxonomy":"product_tag","embeddable":true,"href":"https:\/\/www.icscoolenergy.com\/fr\/wp-json\/wp\/v2\/product_tag?post=121534"}],"curies":[{"name":"wp","href":"https:\/\/api.w.org\/{rel}","templated":true}]}}