 
{"id":121536,"date":"2024-04-18T13:10:35","date_gmt":"2024-04-18T13:10:35","guid":{"rendered":"https:\/\/www.icscoolenergy.com\/fr\/non%20class\u00e9\/dac-500-v2\/"},"modified":"2024-06-06T10:32:51","modified_gmt":"2024-06-06T10:32:51","slug":"dac-500-v2","status":"publish","type":"product","link":"https:\/\/www.icscoolenergy.com\/fr\/dac-500-v2\/","title":{"rendered":"DAC 500 V2"},"content":{"rendered":"<p>Notre Dry Air Cooler DAC 500 V2 est con\u00e7u pour r\u00e9sister aux exigences de l&rsquo;industrie de la location et fournir une solution de refroidissement rapidement install\u00e9e. Cette unit\u00e9 peut \u00eatre fournie avec une vari\u00e9t\u00e9 de connexions de fluide, sous r\u00e9serve de contraintes de pression et de temp\u00e9rature.<\/p>\n<p>Il est \u00e9quip\u00e9 d&rsquo;un connecteur triphas\u00e9 de 32 amp\u00e8res et d&rsquo;un contr\u00f4le automatique des ventilateurs \u00e0 vitesse variable pour une r\u00e9gulation efficace de la temp\u00e9rature.<\/p>\n","protected":false},"excerpt":{"rendered":"<p>Notre Dry Air Cooler DAC 500 V2 est con\u00e7u pour r\u00e9sister aux exigences de l&rsquo;industrie de la location et fournir une solution de refroidissement rapidement install\u00e9e. Cette unit\u00e9 peut \u00eatre fournie avec une vari\u00e9t\u00e9 de connexions de fluide, sous r\u00e9serve de contraintes de pression et de temp\u00e9rature. Il est \u00e9quip\u00e9 d&rsquo;un connecteur triphas\u00e9 de 32 &#8230; <a title=\"DAC 500 V2\" class=\"read-more\" href=\"https:\/\/www.icscoolenergy.com\/fr\/dac-500-v2\/\" aria-label=\"En savoir plus sur DAC 500 V2\">Lire la suite<\/a><\/p>\n","protected":false},"featured_media":110276,"comment_status":"closed","ping_status":"closed","template":"","meta":{"_acf_changed":false,"inline_featured_image":false,"_editorskit_title_hidden":false,"_editorskit_reading_time":0,"_editorskit_is_block_options_detached":false,"_editorskit_block_options_position":"{}","editor_plus_copied_stylings":"{}"},"product_brand":[],"product_cat":[1078,1076],"product_tag":[],"class_list":{"0":"post-121536","1":"product","2":"type-product","3":"status-publish","4":"has-post-thumbnail","6":"product_cat-location-de-refroidisseurs-dair-sec","7":"product_cat-refroidisseurs-dair-sec","9":"first","10":"instock","11":"shipping-taxable","12":"product-type-simple"},"acf":[],"yoast_head":"<!-- This site is optimized with the Yoast SEO Premium plugin v24.5 (Yoast SEO v26.9) - https:\/\/yoast.com\/product\/yoast-seo-premium-wordpress\/ -->\n<title>DAC 500 V2 - French<\/title>\n<meta name=\"robots\" content=\"index, follow, max-snippet:-1, max-image-preview:large, max-video-preview:-1\" \/>\n<link rel=\"canonical\" href=\"https:\/\/www.icscoolenergy.com\/fr\/dac-500-v2\/\" \/>\n<meta property=\"og:locale\" content=\"fr_FR\" \/>\n<meta property=\"og:type\" content=\"article\" \/>\n<meta property=\"og:title\" content=\"DAC 500 V2\" \/>\n<meta property=\"og:description\" content=\"Notre Dry Air Cooler DAC 500 V2 est con\u00e7u pour r\u00e9sister aux exigences de l&rsquo;industrie de la location et fournir une solution de refroidissement rapidement install\u00e9e. Cette unit\u00e9 peut \u00eatre fournie avec une vari\u00e9t\u00e9 de connexions de fluide, sous r\u00e9serve de contraintes de pression et de temp\u00e9rature. Il est \u00e9quip\u00e9 d&rsquo;un connecteur triphas\u00e9 de 32 ... Lire la suite\" \/>\n<meta property=\"og:url\" content=\"https:\/\/www.icscoolenergy.com\/fr\/dac-500-v2\/\" \/>\n<meta property=\"og:site_name\" content=\"French\" \/>\n<meta property=\"article:modified_time\" content=\"2024-06-06T10:32:51+00:00\" \/>\n<meta property=\"og:image\" content=\"https:\/\/www.icscoolenergy.com\/wp-content\/uploads\/sites\/2\/2024\/04\/DAC-500-V2.png\" \/>\n\t<meta property=\"og:image:width\" content=\"560\" \/>\n\t<meta property=\"og:image:height\" content=\"420\" \/>\n\t<meta property=\"og:image:type\" content=\"image\/png\" \/>\n<meta name=\"twitter:card\" content=\"summary_large_image\" \/>\n<meta name=\"twitter:label1\" content=\"Est. reading time\" \/>\n\t<meta name=\"twitter:data1\" content=\"1 minute\" \/>\n<script type=\"application\/ld+json\" class=\"yoast-schema-graph\">{\"@context\":\"https:\/\/schema.org\",\"@graph\":[{\"@type\":\"WebPage\",\"@id\":\"https:\/\/www.icscoolenergy.com\/fr\/dac-500-v2\/\",\"url\":\"https:\/\/www.icscoolenergy.com\/fr\/dac-500-v2\/\",\"name\":\"DAC 500 V2 - French\",\"isPartOf\":{\"@id\":\"https:\/\/www.icscoolenergy.com\/fr\/#website\"},\"primaryImageOfPage\":{\"@id\":\"https:\/\/www.icscoolenergy.com\/fr\/dac-500-v2\/#primaryimage\"},\"image\":{\"@id\":\"https:\/\/www.icscoolenergy.com\/fr\/dac-500-v2\/#primaryimage\"},\"thumbnailUrl\":\"https:\/\/www.icscoolenergy.com\/wp-content\/uploads\/sites\/2\/2024\/04\/DAC-500-V2.png\",\"datePublished\":\"2024-04-18T13:10:35+00:00\",\"dateModified\":\"2024-06-06T10:32:51+00:00\",\"breadcrumb\":{\"@id\":\"https:\/\/www.icscoolenergy.com\/fr\/dac-500-v2\/#breadcrumb\"},\"inLanguage\":\"fr-FR\",\"potentialAction\":[{\"@type\":\"ReadAction\",\"target\":[\"https:\/\/www.icscoolenergy.com\/fr\/dac-500-v2\/\"]}]},{\"@type\":\"ImageObject\",\"inLanguage\":\"fr-FR\",\"@id\":\"https:\/\/www.icscoolenergy.com\/fr\/dac-500-v2\/#primaryimage\",\"url\":\"https:\/\/www.icscoolenergy.com\/wp-content\/uploads\/sites\/2\/2024\/04\/DAC-500-V2.png\",\"contentUrl\":\"https:\/\/www.icscoolenergy.com\/wp-content\/uploads\/sites\/2\/2024\/04\/DAC-500-V2.png\",\"width\":560,\"height\":420,\"caption\":\"DAC 500 V2\"},{\"@type\":\"BreadcrumbList\",\"@id\":\"https:\/\/www.icscoolenergy.com\/fr\/dac-500-v2\/#breadcrumb\",\"itemListElement\":[{\"@type\":\"ListItem\",\"position\":1,\"name\":\"Home\",\"item\":\"https:\/\/www.icscoolenergy.com\/fr\/\"},{\"@type\":\"ListItem\",\"position\":2,\"name\":\"Boutique\",\"item\":\"https:\/\/www.icscoolenergy.com\/fr\/boutique\/\"},{\"@type\":\"ListItem\",\"position\":3,\"name\":\"DAC 500 V2\"}]},{\"@type\":\"WebSite\",\"@id\":\"https:\/\/www.icscoolenergy.com\/fr\/#website\",\"url\":\"https:\/\/www.icscoolenergy.com\/fr\/\",\"name\":\"ICS Cool Energy\",\"description\":\"The Process Temperature Control Specialists\",\"publisher\":{\"@id\":\"https:\/\/www.icscoolenergy.com\/fr\/#organization\"},\"potentialAction\":[{\"@type\":\"SearchAction\",\"target\":{\"@type\":\"EntryPoint\",\"urlTemplate\":\"https:\/\/www.icscoolenergy.com\/fr\/?s={search_term_string}\"},\"query-input\":{\"@type\":\"PropertyValueSpecification\",\"valueRequired\":true,\"valueName\":\"search_term_string\"}}],\"inLanguage\":\"fr-FR\"},{\"@type\":\"Organization\",\"@id\":\"https:\/\/www.icscoolenergy.com\/fr\/#organization\",\"name\":\"ICS Cool Energy\",\"url\":\"https:\/\/www.icscoolenergy.com\/fr\/\",\"logo\":{\"@type\":\"ImageObject\",\"inLanguage\":\"fr-FR\",\"@id\":\"https:\/\/www.icscoolenergy.com\/fr\/#\/schema\/logo\/image\/\",\"url\":\"https:\/\/www.icscoolenergy.com\/wp-content\/uploads\/sites\/2\/2024\/01\/ics-cool-energy-logo.svg\",\"contentUrl\":\"https:\/\/www.icscoolenergy.com\/wp-content\/uploads\/sites\/2\/2024\/01\/ics-cool-energy-logo.svg\",\"caption\":\"ICS Cool Energy\"},\"image\":{\"@id\":\"https:\/\/www.icscoolenergy.com\/fr\/#\/schema\/logo\/image\/\"}}]}<\/script>\n<!-- \/ Yoast SEO Premium plugin. -->","yoast_head_json":{"title":"DAC 500 V2 - French","robots":{"index":"index","follow":"follow","max-snippet":"max-snippet:-1","max-image-preview":"max-image-preview:large","max-video-preview":"max-video-preview:-1"},"canonical":"https:\/\/www.icscoolenergy.com\/fr\/dac-500-v2\/","og_locale":"fr_FR","og_type":"article","og_title":"DAC 500 V2","og_description":"Notre Dry Air Cooler DAC 500 V2 est con\u00e7u pour r\u00e9sister aux exigences de l&rsquo;industrie de la location et fournir une solution de refroidissement rapidement install\u00e9e. Cette unit\u00e9 peut \u00eatre fournie avec une vari\u00e9t\u00e9 de connexions de fluide, sous r\u00e9serve de contraintes de pression et de temp\u00e9rature. Il est \u00e9quip\u00e9 d&rsquo;un connecteur triphas\u00e9 de 32 ... Lire la suite","og_url":"https:\/\/www.icscoolenergy.com\/fr\/dac-500-v2\/","og_site_name":"French","article_modified_time":"2024-06-06T10:32:51+00:00","og_image":[{"width":560,"height":420,"url":"https:\/\/www.icscoolenergy.com\/wp-content\/uploads\/sites\/2\/2024\/04\/DAC-500-V2.png","type":"image\/png"}],"twitter_card":"summary_large_image","twitter_misc":{"Est. reading time":"1 minute"},"schema":{"@context":"https:\/\/schema.org","@graph":[{"@type":"WebPage","@id":"https:\/\/www.icscoolenergy.com\/fr\/dac-500-v2\/","url":"https:\/\/www.icscoolenergy.com\/fr\/dac-500-v2\/","name":"DAC 500 V2 - French","isPartOf":{"@id":"https:\/\/www.icscoolenergy.com\/fr\/#website"},"primaryImageOfPage":{"@id":"https:\/\/www.icscoolenergy.com\/fr\/dac-500-v2\/#primaryimage"},"image":{"@id":"https:\/\/www.icscoolenergy.com\/fr\/dac-500-v2\/#primaryimage"},"thumbnailUrl":"https:\/\/www.icscoolenergy.com\/wp-content\/uploads\/sites\/2\/2024\/04\/DAC-500-V2.png","datePublished":"2024-04-18T13:10:35+00:00","dateModified":"2024-06-06T10:32:51+00:00","breadcrumb":{"@id":"https:\/\/www.icscoolenergy.com\/fr\/dac-500-v2\/#breadcrumb"},"inLanguage":"fr-FR","potentialAction":[{"@type":"ReadAction","target":["https:\/\/www.icscoolenergy.com\/fr\/dac-500-v2\/"]}]},{"@type":"ImageObject","inLanguage":"fr-FR","@id":"https:\/\/www.icscoolenergy.com\/fr\/dac-500-v2\/#primaryimage","url":"https:\/\/www.icscoolenergy.com\/wp-content\/uploads\/sites\/2\/2024\/04\/DAC-500-V2.png","contentUrl":"https:\/\/www.icscoolenergy.com\/wp-content\/uploads\/sites\/2\/2024\/04\/DAC-500-V2.png","width":560,"height":420,"caption":"DAC 500 V2"},{"@type":"BreadcrumbList","@id":"https:\/\/www.icscoolenergy.com\/fr\/dac-500-v2\/#breadcrumb","itemListElement":[{"@type":"ListItem","position":1,"name":"Home","item":"https:\/\/www.icscoolenergy.com\/fr\/"},{"@type":"ListItem","position":2,"name":"Boutique","item":"https:\/\/www.icscoolenergy.com\/fr\/boutique\/"},{"@type":"ListItem","position":3,"name":"DAC 500 V2"}]},{"@type":"WebSite","@id":"https:\/\/www.icscoolenergy.com\/fr\/#website","url":"https:\/\/www.icscoolenergy.com\/fr\/","name":"ICS Cool Energy","description":"The Process Temperature Control Specialists","publisher":{"@id":"https:\/\/www.icscoolenergy.com\/fr\/#organization"},"potentialAction":[{"@type":"SearchAction","target":{"@type":"EntryPoint","urlTemplate":"https:\/\/www.icscoolenergy.com\/fr\/?s={search_term_string}"},"query-input":{"@type":"PropertyValueSpecification","valueRequired":true,"valueName":"search_term_string"}}],"inLanguage":"fr-FR"},{"@type":"Organization","@id":"https:\/\/www.icscoolenergy.com\/fr\/#organization","name":"ICS Cool Energy","url":"https:\/\/www.icscoolenergy.com\/fr\/","logo":{"@type":"ImageObject","inLanguage":"fr-FR","@id":"https:\/\/www.icscoolenergy.com\/fr\/#\/schema\/logo\/image\/","url":"https:\/\/www.icscoolenergy.com\/wp-content\/uploads\/sites\/2\/2024\/01\/ics-cool-energy-logo.svg","contentUrl":"https:\/\/www.icscoolenergy.com\/wp-content\/uploads\/sites\/2\/2024\/01\/ics-cool-energy-logo.svg","caption":"ICS Cool Energy"},"image":{"@id":"https:\/\/www.icscoolenergy.com\/fr\/#\/schema\/logo\/image\/"}}]}},"_links":{"self":[{"href":"https:\/\/www.icscoolenergy.com\/fr\/wp-json\/wp\/v2\/product\/121536","targetHints":{"allow":["GET"]}}],"collection":[{"href":"https:\/\/www.icscoolenergy.com\/fr\/wp-json\/wp\/v2\/product"}],"about":[{"href":"https:\/\/www.icscoolenergy.com\/fr\/wp-json\/wp\/v2\/types\/product"}],"replies":[{"embeddable":true,"href":"https:\/\/www.icscoolenergy.com\/fr\/wp-json\/wp\/v2\/comments?post=121536"}],"wp:featuredmedia":[{"embeddable":true,"href":"https:\/\/www.icscoolenergy.com\/fr\/wp-json\/wp\/v2\/media\/110276"}],"wp:attachment":[{"href":"https:\/\/www.icscoolenergy.com\/fr\/wp-json\/wp\/v2\/media?parent=121536"}],"wp:term":[{"taxonomy":"product_brand","embeddable":true,"href":"https:\/\/www.icscoolenergy.com\/fr\/wp-json\/wp\/v2\/product_brand?post=121536"},{"taxonomy":"product_cat","embeddable":true,"href":"https:\/\/www.icscoolenergy.com\/fr\/wp-json\/wp\/v2\/product_cat?post=121536"},{"taxonomy":"product_tag","embeddable":true,"href":"https:\/\/www.icscoolenergy.com\/fr\/wp-json\/wp\/v2\/product_tag?post=121536"}],"curies":[{"name":"wp","href":"https:\/\/api.w.org\/{rel}","templated":true}]}}