 
{"id":121537,"date":"2024-04-18T07:59:13","date_gmt":"2024-04-18T07:59:13","guid":{"rendered":"https:\/\/www.icscoolenergy.com\/fr\/non%20class\u00e9\/vlt-60\/"},"modified":"2024-06-06T13:32:32","modified_gmt":"2024-06-06T13:32:32","slug":"vlt-60","status":"publish","type":"product","link":"https:\/\/www.icscoolenergy.com\/fr\/vlt-60\/","title":{"rendered":"VLT 60"},"content":{"rendered":"<p>Notre refroidisseur d&rsquo;eau VLT60 est \u00e9quip\u00e9 des derniers compresseurs \u00e0 vis Frascold 50HP (2) \u00e0 \u00e9conomie d&rsquo;\u00e9nergie, offrant une large plage de temp\u00e9rature de -10\u00b0C \u00e0 -40\u00b0C \u00e0 la sortie de l&rsquo;eau et un contr\u00f4le de la capacit\u00e9 de 10 % \u00e0 100 %.<\/p>\n<p>Le refroidisseur est enti\u00e8rement compatible avec les gaz fluor\u00e9s et offre le r\u00e9frig\u00e9rant HFC R507a qui n&rsquo;appauvrit pas la couche d&rsquo;ozone. Il est fabriqu\u00e9 selon les derniers contr\u00f4les environnementaux ISO14001.<\/p>\n<p>Avec un fonctionnement peu bruyant (63dB(a)) et un encombrement r\u00e9duit, l&rsquo;unit\u00e9 VLT60 est construite en Grande-Bretagne, \u00e0 Southampton, et fabriqu\u00e9e selon les contr\u00f4les rigoureux de la norme ISO9001.<\/p>\n","protected":false},"excerpt":{"rendered":"<p>Notre refroidisseur d&rsquo;eau VLT60 est \u00e9quip\u00e9 des derniers compresseurs \u00e0 vis Frascold 50HP (2) \u00e0 \u00e9conomie d&rsquo;\u00e9nergie, offrant une large plage de temp\u00e9rature de -10\u00b0C \u00e0 -40\u00b0C \u00e0 la sortie de l&rsquo;eau et un contr\u00f4le de la capacit\u00e9 de 10 % \u00e0 100 %. Le refroidisseur est enti\u00e8rement compatible avec les gaz fluor\u00e9s et offre &#8230; <a title=\"VLT 60\" class=\"read-more\" href=\"https:\/\/www.icscoolenergy.com\/fr\/vlt-60\/\" aria-label=\"En savoir plus sur VLT 60\">Lire la suite<\/a><\/p>\n","protected":false},"featured_media":108610,"comment_status":"closed","ping_status":"closed","template":"","meta":{"_acf_changed":false,"inline_featured_image":false,"_editorskit_title_hidden":false,"_editorskit_reading_time":0,"_editorskit_is_block_options_detached":false,"_editorskit_block_options_position":"{}","editor_plus_copied_stylings":"{}"},"product_brand":[],"product_cat":[1082,1090,1079],"product_tag":[],"class_list":{"0":"post-121537","1":"product","2":"type-product","3":"status-publish","4":"has-post-thumbnail","6":"product_cat-location-de-refroidisseurs","7":"product_cat-location-de-refroidisseurs-basse-temperature","8":"product_cat-refroidisseurs-de-processus","10":"first","11":"instock","12":"shipping-taxable","13":"product-type-simple"},"acf":[],"yoast_head":"<!-- This site is optimized with the Yoast SEO Premium plugin v24.5 (Yoast SEO v26.9) - https:\/\/yoast.com\/product\/yoast-seo-premium-wordpress\/ -->\n<title>VLT 60 - French<\/title>\n<meta name=\"robots\" content=\"index, follow, max-snippet:-1, max-image-preview:large, max-video-preview:-1\" \/>\n<link rel=\"canonical\" href=\"https:\/\/www.icscoolenergy.com\/fr\/vlt-60\/\" \/>\n<meta property=\"og:locale\" content=\"fr_FR\" \/>\n<meta property=\"og:type\" content=\"article\" \/>\n<meta property=\"og:title\" content=\"VLT 60\" \/>\n<meta property=\"og:description\" content=\"Notre refroidisseur d&rsquo;eau VLT60 est \u00e9quip\u00e9 des derniers compresseurs \u00e0 vis Frascold 50HP (2) \u00e0 \u00e9conomie d&rsquo;\u00e9nergie, offrant une large plage de temp\u00e9rature de -10\u00b0C \u00e0 -40\u00b0C \u00e0 la sortie de l&rsquo;eau et un contr\u00f4le de la capacit\u00e9 de 10 % \u00e0 100 %. Le refroidisseur est enti\u00e8rement compatible avec les gaz fluor\u00e9s et offre ... Lire la suite\" \/>\n<meta property=\"og:url\" content=\"https:\/\/www.icscoolenergy.com\/fr\/vlt-60\/\" \/>\n<meta property=\"og:site_name\" content=\"French\" \/>\n<meta property=\"article:modified_time\" content=\"2024-06-06T13:32:32+00:00\" \/>\n<meta property=\"og:image\" content=\"https:\/\/www.icscoolenergy.com\/wp-content\/uploads\/sites\/2\/2024\/04\/Chiller-VLT-60.png\" \/>\n\t<meta property=\"og:image:width\" content=\"560\" \/>\n\t<meta property=\"og:image:height\" content=\"420\" \/>\n\t<meta property=\"og:image:type\" content=\"image\/png\" \/>\n<meta name=\"twitter:card\" content=\"summary_large_image\" \/>\n<meta name=\"twitter:label1\" content=\"Est. reading time\" \/>\n\t<meta name=\"twitter:data1\" content=\"1 minute\" \/>\n<script type=\"application\/ld+json\" class=\"yoast-schema-graph\">{\"@context\":\"https:\/\/schema.org\",\"@graph\":[{\"@type\":\"WebPage\",\"@id\":\"https:\/\/www.icscoolenergy.com\/fr\/vlt-60\/\",\"url\":\"https:\/\/www.icscoolenergy.com\/fr\/vlt-60\/\",\"name\":\"VLT 60 - French\",\"isPartOf\":{\"@id\":\"https:\/\/www.icscoolenergy.com\/fr\/#website\"},\"primaryImageOfPage\":{\"@id\":\"https:\/\/www.icscoolenergy.com\/fr\/vlt-60\/#primaryimage\"},\"image\":{\"@id\":\"https:\/\/www.icscoolenergy.com\/fr\/vlt-60\/#primaryimage\"},\"thumbnailUrl\":\"https:\/\/www.icscoolenergy.com\/wp-content\/uploads\/sites\/2\/2024\/04\/Chiller-VLT-60.png\",\"datePublished\":\"2024-04-18T07:59:13+00:00\",\"dateModified\":\"2024-06-06T13:32:32+00:00\",\"breadcrumb\":{\"@id\":\"https:\/\/www.icscoolenergy.com\/fr\/vlt-60\/#breadcrumb\"},\"inLanguage\":\"fr-FR\",\"potentialAction\":[{\"@type\":\"ReadAction\",\"target\":[\"https:\/\/www.icscoolenergy.com\/fr\/vlt-60\/\"]}]},{\"@type\":\"ImageObject\",\"inLanguage\":\"fr-FR\",\"@id\":\"https:\/\/www.icscoolenergy.com\/fr\/vlt-60\/#primaryimage\",\"url\":\"https:\/\/www.icscoolenergy.com\/wp-content\/uploads\/sites\/2\/2024\/04\/Chiller-VLT-60.png\",\"contentUrl\":\"https:\/\/www.icscoolenergy.com\/wp-content\/uploads\/sites\/2\/2024\/04\/Chiller-VLT-60.png\",\"width\":560,\"height\":420,\"caption\":\"Refroidisseur VLT 60\"},{\"@type\":\"BreadcrumbList\",\"@id\":\"https:\/\/www.icscoolenergy.com\/fr\/vlt-60\/#breadcrumb\",\"itemListElement\":[{\"@type\":\"ListItem\",\"position\":1,\"name\":\"Home\",\"item\":\"https:\/\/www.icscoolenergy.com\/fr\/\"},{\"@type\":\"ListItem\",\"position\":2,\"name\":\"Boutique\",\"item\":\"https:\/\/www.icscoolenergy.com\/fr\/boutique\/\"},{\"@type\":\"ListItem\",\"position\":3,\"name\":\"VLT 60\"}]},{\"@type\":\"WebSite\",\"@id\":\"https:\/\/www.icscoolenergy.com\/fr\/#website\",\"url\":\"https:\/\/www.icscoolenergy.com\/fr\/\",\"name\":\"ICS Cool Energy\",\"description\":\"The Process Temperature Control Specialists\",\"publisher\":{\"@id\":\"https:\/\/www.icscoolenergy.com\/fr\/#organization\"},\"potentialAction\":[{\"@type\":\"SearchAction\",\"target\":{\"@type\":\"EntryPoint\",\"urlTemplate\":\"https:\/\/www.icscoolenergy.com\/fr\/?s={search_term_string}\"},\"query-input\":{\"@type\":\"PropertyValueSpecification\",\"valueRequired\":true,\"valueName\":\"search_term_string\"}}],\"inLanguage\":\"fr-FR\"},{\"@type\":\"Organization\",\"@id\":\"https:\/\/www.icscoolenergy.com\/fr\/#organization\",\"name\":\"ICS Cool Energy\",\"url\":\"https:\/\/www.icscoolenergy.com\/fr\/\",\"logo\":{\"@type\":\"ImageObject\",\"inLanguage\":\"fr-FR\",\"@id\":\"https:\/\/www.icscoolenergy.com\/fr\/#\/schema\/logo\/image\/\",\"url\":\"https:\/\/www.icscoolenergy.com\/wp-content\/uploads\/sites\/2\/2024\/01\/ics-cool-energy-logo.svg\",\"contentUrl\":\"https:\/\/www.icscoolenergy.com\/wp-content\/uploads\/sites\/2\/2024\/01\/ics-cool-energy-logo.svg\",\"caption\":\"ICS Cool Energy\"},\"image\":{\"@id\":\"https:\/\/www.icscoolenergy.com\/fr\/#\/schema\/logo\/image\/\"}}]}<\/script>\n<!-- \/ Yoast SEO Premium plugin. -->","yoast_head_json":{"title":"VLT 60 - French","robots":{"index":"index","follow":"follow","max-snippet":"max-snippet:-1","max-image-preview":"max-image-preview:large","max-video-preview":"max-video-preview:-1"},"canonical":"https:\/\/www.icscoolenergy.com\/fr\/vlt-60\/","og_locale":"fr_FR","og_type":"article","og_title":"VLT 60","og_description":"Notre refroidisseur d&rsquo;eau VLT60 est \u00e9quip\u00e9 des derniers compresseurs \u00e0 vis Frascold 50HP (2) \u00e0 \u00e9conomie d&rsquo;\u00e9nergie, offrant une large plage de temp\u00e9rature de -10\u00b0C \u00e0 -40\u00b0C \u00e0 la sortie de l&rsquo;eau et un contr\u00f4le de la capacit\u00e9 de 10 % \u00e0 100 %. Le refroidisseur est enti\u00e8rement compatible avec les gaz fluor\u00e9s et offre ... Lire la suite","og_url":"https:\/\/www.icscoolenergy.com\/fr\/vlt-60\/","og_site_name":"French","article_modified_time":"2024-06-06T13:32:32+00:00","og_image":[{"width":560,"height":420,"url":"https:\/\/www.icscoolenergy.com\/wp-content\/uploads\/sites\/2\/2024\/04\/Chiller-VLT-60.png","type":"image\/png"}],"twitter_card":"summary_large_image","twitter_misc":{"Est. reading time":"1 minute"},"schema":{"@context":"https:\/\/schema.org","@graph":[{"@type":"WebPage","@id":"https:\/\/www.icscoolenergy.com\/fr\/vlt-60\/","url":"https:\/\/www.icscoolenergy.com\/fr\/vlt-60\/","name":"VLT 60 - French","isPartOf":{"@id":"https:\/\/www.icscoolenergy.com\/fr\/#website"},"primaryImageOfPage":{"@id":"https:\/\/www.icscoolenergy.com\/fr\/vlt-60\/#primaryimage"},"image":{"@id":"https:\/\/www.icscoolenergy.com\/fr\/vlt-60\/#primaryimage"},"thumbnailUrl":"https:\/\/www.icscoolenergy.com\/wp-content\/uploads\/sites\/2\/2024\/04\/Chiller-VLT-60.png","datePublished":"2024-04-18T07:59:13+00:00","dateModified":"2024-06-06T13:32:32+00:00","breadcrumb":{"@id":"https:\/\/www.icscoolenergy.com\/fr\/vlt-60\/#breadcrumb"},"inLanguage":"fr-FR","potentialAction":[{"@type":"ReadAction","target":["https:\/\/www.icscoolenergy.com\/fr\/vlt-60\/"]}]},{"@type":"ImageObject","inLanguage":"fr-FR","@id":"https:\/\/www.icscoolenergy.com\/fr\/vlt-60\/#primaryimage","url":"https:\/\/www.icscoolenergy.com\/wp-content\/uploads\/sites\/2\/2024\/04\/Chiller-VLT-60.png","contentUrl":"https:\/\/www.icscoolenergy.com\/wp-content\/uploads\/sites\/2\/2024\/04\/Chiller-VLT-60.png","width":560,"height":420,"caption":"Refroidisseur VLT 60"},{"@type":"BreadcrumbList","@id":"https:\/\/www.icscoolenergy.com\/fr\/vlt-60\/#breadcrumb","itemListElement":[{"@type":"ListItem","position":1,"name":"Home","item":"https:\/\/www.icscoolenergy.com\/fr\/"},{"@type":"ListItem","position":2,"name":"Boutique","item":"https:\/\/www.icscoolenergy.com\/fr\/boutique\/"},{"@type":"ListItem","position":3,"name":"VLT 60"}]},{"@type":"WebSite","@id":"https:\/\/www.icscoolenergy.com\/fr\/#website","url":"https:\/\/www.icscoolenergy.com\/fr\/","name":"ICS Cool Energy","description":"The Process Temperature Control Specialists","publisher":{"@id":"https:\/\/www.icscoolenergy.com\/fr\/#organization"},"potentialAction":[{"@type":"SearchAction","target":{"@type":"EntryPoint","urlTemplate":"https:\/\/www.icscoolenergy.com\/fr\/?s={search_term_string}"},"query-input":{"@type":"PropertyValueSpecification","valueRequired":true,"valueName":"search_term_string"}}],"inLanguage":"fr-FR"},{"@type":"Organization","@id":"https:\/\/www.icscoolenergy.com\/fr\/#organization","name":"ICS Cool Energy","url":"https:\/\/www.icscoolenergy.com\/fr\/","logo":{"@type":"ImageObject","inLanguage":"fr-FR","@id":"https:\/\/www.icscoolenergy.com\/fr\/#\/schema\/logo\/image\/","url":"https:\/\/www.icscoolenergy.com\/wp-content\/uploads\/sites\/2\/2024\/01\/ics-cool-energy-logo.svg","contentUrl":"https:\/\/www.icscoolenergy.com\/wp-content\/uploads\/sites\/2\/2024\/01\/ics-cool-energy-logo.svg","caption":"ICS Cool Energy"},"image":{"@id":"https:\/\/www.icscoolenergy.com\/fr\/#\/schema\/logo\/image\/"}}]}},"_links":{"self":[{"href":"https:\/\/www.icscoolenergy.com\/fr\/wp-json\/wp\/v2\/product\/121537","targetHints":{"allow":["GET"]}}],"collection":[{"href":"https:\/\/www.icscoolenergy.com\/fr\/wp-json\/wp\/v2\/product"}],"about":[{"href":"https:\/\/www.icscoolenergy.com\/fr\/wp-json\/wp\/v2\/types\/product"}],"replies":[{"embeddable":true,"href":"https:\/\/www.icscoolenergy.com\/fr\/wp-json\/wp\/v2\/comments?post=121537"}],"wp:featuredmedia":[{"embeddable":true,"href":"https:\/\/www.icscoolenergy.com\/fr\/wp-json\/wp\/v2\/media\/108610"}],"wp:attachment":[{"href":"https:\/\/www.icscoolenergy.com\/fr\/wp-json\/wp\/v2\/media?parent=121537"}],"wp:term":[{"taxonomy":"product_brand","embeddable":true,"href":"https:\/\/www.icscoolenergy.com\/fr\/wp-json\/wp\/v2\/product_brand?post=121537"},{"taxonomy":"product_cat","embeddable":true,"href":"https:\/\/www.icscoolenergy.com\/fr\/wp-json\/wp\/v2\/product_cat?post=121537"},{"taxonomy":"product_tag","embeddable":true,"href":"https:\/\/www.icscoolenergy.com\/fr\/wp-json\/wp\/v2\/product_tag?post=121537"}],"curies":[{"name":"wp","href":"https:\/\/api.w.org\/{rel}","templated":true}]}}